{"id":1662,"date":"2023-11-12T18:40:04","date_gmt":"2023-11-12T18:40:04","guid":{"rendered":"https:\/\/exceladvisor.org\/nl\/bindmiddel\/"},"modified":"2023-12-06T05:55:29","modified_gmt":"2023-12-06T05:55:29","slug":"bindmiddel","status":"publish","type":"page","link":"https:\/\/exceladvisor.org\/nl\/bindmiddel\/","title":{"rendered":"Een handleiding voor het werken met werkmappen in vba"},"content":{"rendered":"<div class=\"excel-voor-de-inhoud\" id=\"excel-2306993861\"><script type=\"text\/javascript\">\r\n\tatOptions = {\r\n\t\t'key' : 'c1158f160081d6540a8409e6925dab94',\r\n\t\t'format' : 'iframe',\r\n\t\t'height' : 250,\r\n\t\t'width' : 300,\r\n\t\t'params' : {}\r\n\t};\r\n<\/script>\r\n<script type=\"text\/javascript\" src=\"\/\/www.highperformanceformat.com\/c1158f160081d6540a8409e6925dab94\/invoke.js\"><\/script><\/div> <p>In Excel is een werkmap een van de belangrijkste Excel-objecten, en het is ook essentieel dat u begrijpt hoe u werkmappen gebruikt en ernaar verwijst bij het schrijven van VBA-codes.<\/p><p> In deze zelfstudie verkennen we alle dingen die u moet weten. Maar het eerste dat u moet begrijpen, zijn de objecten die betrokken zijn bij het werken met werkmappen in VBA.<\/p><p> Dingen om te weten:<\/p><ul><li> Bindmiddelen object<\/li><li> Binder-object<\/li><\/ul><p> Deze twee objecten klinken hetzelfde, maar er is een fundamenteel verschil tussen de twee.<\/p><h2 id=\"t-1596274639137\" class=\"wp-block-heading\"> Bindmiddelen object<\/h2><p> In VBA vertegenwoordigt het object Werkboeken de <strong><span style=\"font-family: inherit; background-color: #fff44f;\">verzameling werkmappen<\/span><\/strong> die zijn geopend in Microsoft Excel. Stel je voor dat je tien archiefkasten tegelijkertijd open hebt staan. En u wilt verwijzen naar de enige werkmap onder hen. In dit geval moet u het werkmapobject gebruiken om met de naam naar deze werkmap te verwijzen. <\/p><div class=\"wp-block-image\"><figure class=\"aligncenter is-resized\"><img loading=\"lazy\" decoding=\"async\" title=\"1-vba-werkboeken-object\" src=\"https:\/\/exceladvisor.org\/wp-content\/uploads\/2023\/08\/1-objet-de-classeurs-vba.png\" sizes=\"auto, \" srcset=\"\" alt=\"vba workbooks object\" width=\"387\" height=\"174\"><\/figure><\/div><h2 id=\"t-1596274639138\" class=\"wp-block-heading\"> Binder-object<\/h2><p> <span data-preserver-spaces=\"true\">In VBA vertegenwoordigt het werkmapobject \u00e9\u00e9n<\/span> <strong><span style=\"background-color: #fff44f;\" data-preserver-spaces=\"true\">werkmap tussen alle<\/span><\/strong> <span data-preserver-spaces=\"true\">werkmappen die momenteel in Microsoft Excel zijn geopend. De beste manier om dit te begrijpen is door na te denken over het declareren van een variabele als een binder die u wilt gebruiken om naar een bepaalde binder in code te verwijzen.<\/span> <\/p><div class=\"wp-block-image\"><figure class=\"aligncenter is-resized\"><img loading=\"lazy\" decoding=\"async\" title=\"2-staat voor \u00e9\u00e9n-werkmap\" src=\"https:\/\/exceladvisor.org\/wp-content\/uploads\/2023\/08\/2-represente-un-seul-classeur.png\" sizes=\"auto, \" srcset=\"\" alt=\"represents one single workbook\" width=\"337\" height=\"201\"><\/figure><\/div><p class=\"content-box-green\"> <strong>Handige links<\/strong> : <a href=\"https:\/\/exceladvisor.org\/nl\/voeg-een-ontwikkelaarstabblad-toe\/\">Voeg een tabblad Ontwikkelaars toe<\/a> | <a style=\"outline: none;\" href=\"https:\/\/exceladvisor.org\/nl\/eenvoudige-visuele-editor\/\">Visual Basic-editor<\/a> | <a style=\"outline: none;\" href=\"https:\/\/exceladvisor.org\/nl\/voer-een-macro-uit-2\/\">Een macro uitvoeren<\/a> | <a style=\"outline: none;\" href=\"https:\/\/exceladvisor.org\/nl\/persoonlijk-macronotitieboekje\/\">Persoonlijke macro&#8217;s-werkmap<\/a><\/p><h2 id=\"t-1596274639139\" class=\"wp-block-heading\"> Raadpleeg een werkmap in VBA<\/h2><p> Als u met werkmappen in VBA wilt werken, moet u eerst weten hoe u in een macro naar een werkmap kunt verwijzen. Het leuke is: er zijn meerdere manieren om naar een werkmap te verwijzen. En in de toekomst zullen we ze allemaal verkennen.<\/p><h3 id=\"t-1596274639140\" class=\"wp-block-heading\"> 1. Op naam<\/h3><p> De eenvoudigste manier om naar een werkmap te verwijzen is via de naam. Stel dat u de werkmap Book1.xlsx wilt activeren, in dit geval moet u de volgende code gebruiken: <\/p><div class=\"wp-block-image\"><figure class=\"aligncenter is-resized\"><img loading=\"lazy\" decoding=\"async\" title=\"3-verwijs-naar-een-werkmap-in-vba-op-naam\" src=\"https:\/\/exceladvisor.org\/wp-content\/uploads\/2023\/08\/3-faire-reference-a-un-classeur-dans-vba-par-son-nom.png\" sizes=\"auto, \" srcset=\"\" alt=\"refer to a workbook in vba by name\" width=\"426\" height=\"192\"><\/figure><\/div><p> Verwijzen naar een werkmap met de naam ervan is vrij eenvoudig, u moet de naam opgeven, en dat is alles. Maar er is <strong>\u00e9\u00e9n ding waar u op moet letten<\/strong> : als een werkmap niet wordt opgeslagen, hoeft u alleen de naam te gebruiken. En als het geregistreerd is, moet u de naam met de extensie gebruiken.<\/p><h3 id=\"t-1596274639141\" class=\"wp-block-heading\"> 2. Op nummer<\/h3><p> Wanneer u een werkmap opent, wijst Excel een indexnummer toe aan die werkmap, en u kunt dat nummer gebruiken om naar een werkmap te verwijzen. De werkmap die u als eerste hebt geopend, heeft indexnummer \u201c1\u201d, de tweede heeft \u201c2\u201d enzovoort. <\/p><div class=\"wp-block-image\"><figure class=\"aligncenter is-resized\"><img loading=\"lazy\" decoding=\"async\" title=\"4-verwijs-naar-een-werkmap-in-vba-op-nummer\" src=\"https:\/\/exceladvisor.org\/wp-content\/uploads\/2023\/08\/4-faire-reference-a-un-classeur-dans-vba-par-numero.png\" sizes=\"auto, \" srcset=\"\" alt=\"refer to a workbook in vba b number\" width=\"340\" height=\"193\"><\/figure><\/div><p> Deze methode lijkt u misschien minder re\u00ebel omdat het moeilijk is om te weten welke werkmap op welk indexnummer staat. Maar er is \u00e9\u00e9n situatie waarin deze methode erg handig is om te gebruiken, en dat is een lus door alle geopende werkmappen.<\/p><h3 id=\"t-1596274639142\" class=\"wp-block-heading\"> 3. Door dit werkboek<\/h3><p> Deze werkmap is een eigenschap waarmee u kunt verwijzen naar de werkmap waarin u code schrijft. Stel dat u de code in &#8220;Book1&#8221; schrijft en ThisWorkbook gebruikt om de werkmap op te slaan. Zelfs als u de naam van de werkmap wijzigt, hoeft u de code niet te wijzigen. <\/p><div class=\"wp-block-image\"><figure class=\"aligncenter is-resized\"><img loading=\"lazy\" decoding=\"async\" title=\"5-verwijs-naar-een-werkmap-in-vba-door-deze-werkmap\" src=\"https:\/\/exceladvisor.org\/wp-content\/uploads\/2023\/08\/5-faire-reference-a-un-classeur-dans-vba-par-thisworkbook.png\" sizes=\"auto, \" srcset=\"\" alt=\"refer to a workbook in vba by this workbook\" width=\"417\" height=\"196\"><\/figure><\/div><p> De bovenstaande code <a style=\"outline: none;\" href=\"https:\/\/exceladvisor.org\/nl\/tel-de-bladeren\/\">telt het aantal bladen<\/a> in de werkmap waarop deze code is geschreven en <a style=\"outline: none;\" href=\"https:\/\/exceladvisor.org\/nl\/vba-berichtbox\/\">geeft een berichtvenster weer<\/a> met het resultaat.<\/p><h3 id=\"t-1596274639143\" class=\"wp-block-heading\"> 4. Door ActiveWorkbook<\/h3><p> Als u naar een actieve werkmap wilt verwijzen, moet u de eigenschap &#8220;ActiveWorkbook&#8221; gebruiken. Het beste gebruik van deze eigenschap is als u zeker weet welke werkmap nu is geactiveerd. Of u heeft de werkmap waaraan u wilt werken al geactiveerd. <\/p><div class=\"wp-block-image\"><figure class=\"aligncenter is-resized\"><img loading=\"lazy\" decoding=\"async\" title=\"6 per actief bindmiddel\" src=\"https:\/\/exceladvisor.org\/wp-content\/uploads\/2023\/08\/6-par-classeur-actif.png\" sizes=\"auto, \" srcset=\"\" alt=\"by active workbook\" width=\"359\" height=\"218\"><\/figure><\/div><p> De bovenstaande code activeert eerst de werkmap &#8220;Book1&#8221; en gebruikt vervolgens de eigenschap actieve werkmap om de actieve werkmap op te slaan en te sluiten.<\/p><h2 id=\"t-1596274639145\" class=\"wp-block-heading\"> Toegang tot alle methoden en eigenschappen<\/h2><p> Wanneer u in VBA naar een object verwijst, geeft VBA u toegang tot de eigenschappen en methoden die bij dat object worden geleverd. Op dezelfde manier wordt het werkmapobject geleverd met eigenschappen en methoden. Om toegang te krijgen, moet u eerst de werkmap defini\u00ebren en vervolgens <strong><span style=\"background-color: #fff44f;\">een punt invoeren<\/span><\/strong> . <\/p><div class=\"wp-block-image\"><figure class=\"aligncenter is-resized\"><img loading=\"lazy\" decoding=\"async\" title=\"7-set-werkmap-eerst-en-voer-een-punt\" src=\"https:\/\/exceladvisor.org\/wp-content\/uploads\/2023\/08\/7-definissez-dabord-le-classeur-et-entrez-un-point.png\" sizes=\"auto, \" srcset=\"\" alt=\"define the workbook first and enter a dot\" width=\"487\" height=\"241\"><\/figure><\/div><p> Op het moment dat u een punt (.) typt, wordt de lijst met eigenschappen en methoden weergegeven. Nu moet u een vraag hebben over hoe u kunt identificeren welke een eigenschap is en welke een methode.<\/p><p> <strong>Hier is de truc.<\/strong> Als je goed kijkt, kun je voor elke naam op de lijst een bewegende groene steen en een grijze hand herkennen. Alle eigendommen hebben dus deze grijze wijzer voor de naam en de methoden hebben een bewegende groene steen.<\/p><h3 id=\"t-1596274639146\" class=\"wp-block-heading\"> Als u bijvoorbeeld een methode met een werkmap wilt gebruiken<\/h3><p> Stel je voor dat je <a href=\"https:\/\/exceladvisor.org\/nl\/sluit-de-werkmap\/\">een werkmap wilt sluiten<\/a> (wat een methode is), je moet &#8216;Sluiten&#8217; typen of selecteren in de lijst. <\/p><div class=\"wp-block-image\"><figure class=\"aligncenter is-resized\"><img loading=\"lazy\" decoding=\"async\" title=\"8-selecteer-sluiten-in-een-lijst\" src=\"https:\/\/exceladvisor.org\/wp-content\/uploads\/2023\/08\/8-selectionner-fermer-dans-une-liste.png\" sizes=\"auto, \" srcset=\"\" alt=\"select close from a list\" width=\"385\" height=\"269\"><\/figure><\/div><p> Daarna moet u beginnende haakjes invoeren, zodat IntelliSense weet welke argumenten u moet instellen. <\/p><div class=\"wp-block-image\"><figure class=\"aligncenter is-resized\"><img loading=\"lazy\" decoding=\"async\" title=\"9-enter-beginhaakjes\" src=\"https:\/\/exceladvisor.org\/wp-content\/uploads\/2023\/08\/9-entrez-les-parentheses-de-depart.png\" sizes=\"auto, \" srcset=\"\" alt=\"enter starting parentheses\" width=\"622\" height=\"267\"><\/figure><\/div><p> Met de close-methode moet je drie argumenten defini\u00ebren en zoals je kunt zien zijn al deze argumenten optioneel en kun je ze negeren als je wilt. Maar sommige methoden hebben geen argumenten (bijvoorbeeld: activeren)<\/p><h3 id=\"t-1596274639147\" class=\"wp-block-heading\"> Als u bijvoorbeeld een eigenschap met een werkmap wilt gebruiken<\/h3><p> Stel je voor dat je de bladen van de werkmap \u201cboek1\u201d wilt tellen. In dit geval moet u de eigenschap &#8216;Blad&#8217; gebruiken en vervolgens de aanvullende eigenschap count daarvan. <\/p><div class=\"wp-block-image\"><figure class=\"aligncenter is-resized\"><img loading=\"lazy\" decoding=\"async\" title=\"10-gebruik-het-blad-eigenschap\" src=\"https:\/\/exceladvisor.org\/wp-content\/uploads\/2023\/08\/10-utiliser-la-propriete-feuilles.png\" sizes=\"auto, \" srcset=\"\" alt=\"use the sheets property\" width=\"501\" height=\"307\"><\/figure><\/div><p> In de bovenstaande code stel je, zoals ik al zei, book1 in, waarna de eigenschap sheet verwijst naar alle bladen, en vervolgens de eigenschap count om ze te tellen. En wanneer u deze code uitvoert, wordt er een berichtvenster weergegeven met het resultaat.<\/p><h2 id=\"t-1596274639148\" class=\"wp-block-heading\"> De instructie &#8216;WITH&#8217; gebruiken met de werkmap<\/h2><p> In VBA is er een &#8220;With&#8221;-instructie waarmee u met een werkmap kunt werken terwijl u effici\u00ebnt een macro schrijft. Laten we het onderstaande voorbeeld bekijken waarin u drie verschillende coderegels hebt met dezelfde werkmap, d.w.z. ActiveWorkbook. <\/p><div class=\"wp-block-image\"><figure class=\"aligncenter is-resized\"><img loading=\"lazy\" decoding=\"async\" title=\"11-gebruik-met-instructie-met-map\" src=\"https:\/\/exceladvisor.org\/wp-content\/uploads\/2023\/08\/11-utilisation-avec-instruction-avec-classeur.png\" sizes=\"auto, \" srcset=\"\" alt=\"using with statement with workbook\" width=\"700\" height=\"250\"><\/figure><\/div><p> Met de instructie &#8220;WITH&#8221; kunt u slechts \u00e9\u00e9n keer naar de actieve werkmap verwijzen en alle eigenschappen en methoden gebruiken die u in de code heeft.<\/p><ul><li> Eerst moet u beginnen met de startinstructie \u201cWith ActiveWorkbook\u201d en de instructie eindigen met \u201cEnd With\u201d. <\/li><\/ul><div class=\"wp-block-image\"><figure class=\"aligncenter is-resized\"><img loading=\"lazy\" decoding=\"async\" title=\"12-start-met-de-start-instructie\" src=\"https:\/\/exceladvisor.org\/wp-content\/uploads\/2023\/08\/12-commencer-par-la-declaration-de-depart.png\" sizes=\"auto, \" srcset=\"\" alt=\"start with the starting statement\" width=\"397\" height=\"370\"><\/figure><\/div><ul><li> Daarna moet je de code tussen deze instructie schrijven die je in het bovenstaande voorbeeld hebt. <\/li><\/ul><div class=\"wp-block-image\"><figure class=\"aligncenter is-resized\"><img loading=\"lazy\" decoding=\"async\" title=\"13 schrijfcode tussen instructies\" src=\"https:\/\/exceladvisor.org\/wp-content\/uploads\/2023\/08\/13-ecrire-le-code-entre-la-declaration.png\" sizes=\"auto, \" srcset=\"\" alt=\"write the code between the statement\" width=\"731\" height=\"364\"><\/figure><\/div><p> Zoals je in de bovenstaande code kunt zien, hebben we naar die van ActiveWorkbook verwezen met behulp van de WITH-instructie en dan moeten alle eigenschappen en methoden worden gebruikt.<\/p><pre class=\"wp-block-code\"> <code class=\"language-visual-basic\" lang=\"visual-basic\">Sub vba_activeworkbook_with_statement() With ActiveWorkbook .Sheets.Add Count:=5 .Charts.Visible = False .SaveAs (\"C:UsersDellDesktopmyFolderbook2.xlsx\") End With End Sub<\/code><\/pre><p style=\"font-size: 26px;\"> <em>Laat me u een <strong><span class=\"has-inline-color\" style=\"color: #ff5757;\">eenvoudig en concreet voorbeeld<\/span><\/strong> geven, zodat u alles begrijpt. Stel je voor dat je me vraagt om naar kamer 215 te gaan om de fles water te halen, en als ik terugkom, stuur je me weer naar kamer 215 om een pen te halen, en stuur me dan opnieuw om een laptop te halen. Het punt is: alle dingen die je me vertelde te halen, bevinden zich in kamer 215. Het is dus beter als je me naar kamer 215 stuurt en zegt dat ik alle drie de dingen in \u00e9\u00e9n keer moet halen.<\/em><\/p><p class=\"content-box-green\"> <strong>Lees:<\/strong> <a style=\"outline: none;\" href=\"https:\/\/exceladvisor.org\/nl\/met\/\">Met \u2013 Eindig met<\/a><\/p><h2 id=\"t-1596274639149\" class=\"wp-block-heading\"> Declareer een variabele als een werkmap<\/h2><p> Soms moet u een variabele als binder declareren om deze verder in de code te kunnen gebruiken. Nou, het vereist niets speciaals van jou. <\/p><div class=\"wp-block-image\"><figure class=\"aligncenter is-resized\"><img loading=\"lazy\" decoding=\"async\" title=\"14-declareer-variabele-als-binder\" src=\"https:\/\/exceladvisor.org\/wp-content\/uploads\/2023\/08\/14-declarer-la-variable-comme-classeur.png\" sizes=\"auto, \" srcset=\"\" alt=\"declare variable as workbook\" width=\"381\" height=\"319\"><\/figure><\/div><ol><li> Gebruik de DIM-instructie (declare).<\/li><li> Schrijf de naam van de variabele.<\/li><li> Stel het variabeletype in op Werkmap.<\/li><\/ol><h2 id=\"t-1596274639150\" class=\"wp-block-heading\"> Omgaan met fouten<\/h2><p> Wanneer u met een of meer werkmapobjecten in VBA werkt, moet u mogelijk ook fouten afhandelen. Laten we een voorbeeld nemen van de <strong><span style=\"color: #ff5757;\">fout &#8216;Runtimefout 9: Index buiten bereik&#8217;<\/span><\/strong> . Deze fout kan om verschillende redenen optreden.<\/p><ul><li> De werkmap waarnaar u probeert te verwijzen, is niet geopend.<\/li><li> Misschien heb je de naam verkeerd gespeld.<\/li><li> De werkmap waarnaar u verwijst, is nog niet opgeslagen en u gebruikt de extensie met de naam.<\/li><li> Als u het indexnummer gebruikt om naar een werkmap te verwijzen en het gebruikte nummer groter is dan het totale aantal geopende werkmappen.<\/li><\/ul><div class=\"gb-container gb-container-4db6181c gb-container-mt\"> <a class=\"gb-button gb-button-c5897111 gb-button-text gb-button-mt-button\" href=\"https:\/\/exceladvisor.org\/nl\/vba\/\">Wat is VBA<\/a><h2 class=\"gb-headline gb-headline-665e5f6b gb-headline-text gb-headline-mt-heading\"> Gerelateerde tutorials <\/h2><div class=\"gb-grid-wrapper gb-grid-wrapper-a20baf7c gb-grid-wrapper-mt-grid\"><div class=\"gb-grid-column gb-grid-column-65ddf67e\"><div class=\"gb-container gb-container-65ddf67e\"><ul><li> <a href=\"https:\/\/exceladvisor.org\/nl\/excel-bestand-kopieren\/\">Kopieer een Excel-bestand (werkmap) met VBA<\/a><\/li><li> <a href=\"https:\/\/exceladvisor.org\/nl\/werkmap-activeren\/\">VBA Werkmap activeren (Excel-bestand)<\/a><\/li><li> <a href=\"https:\/\/exceladvisor.org\/nl\/sluit-de-werkmap\/\">VBA Werkmap sluiten (Excel-bestand)<\/a><\/li><li> <a href=\"https:\/\/exceladvisor.org\/nl\/werkmappen-combineren\/\">VBA Combineer werkmappen (Excel-bestanden)<\/a><\/li><li> <a href=\"https:\/\/exceladvisor.org\/nl\/maak-een-werkmap\/\">VBA Maak een nieuwe werkmap (Excel-bestand)<\/a><\/li><\/ul><\/div><\/div><\/div><\/div>","protected":false},"excerpt":{"rendered":"","protected":false},"author":1,"featured_media":0,"parent":0,"menu_order":0,"comment_status":"open","ping_status":"closed","template":"","meta":{"ub_ctt_via":"","footnotes":""},"class_list":["post-1662","page","type-page","status-publish","hentry"],"featured_image_src":null,"yoast_head":"<!-- This site is optimized with the Yoast SEO plugin v25.4 - https:\/\/yoast.com\/wordpress\/plugins\/seo\/ -->\n<title>VBA-werkmap - Een handleiding voor het gebruik van werkmappen in VBA<\/title>\n<meta name=\"description\" content=\"Deze zelfstudie helpt u te begrijpen hoe u met werkmappen kunt werken met behulp van VBA. Je leert over het doel van de werkboeken en de belangrijkste eigenschappen en methoden.\" \/>\n<meta name=\"robots\" content=\"index, follow, max-snippet:-1, max-image-preview:large, max-video-preview:-1\" \/>\n<link rel=\"canonical\" href=\"https:\/\/exceladvisor.org\/nl\/bindmiddel\/\" \/>\n<meta property=\"og:locale\" content=\"nl_NL\" \/>\n<meta property=\"og:type\" content=\"article\" \/>\n<meta property=\"og:title\" content=\"VBA-werkmap - Een handleiding voor het gebruik van werkmappen in VBA\" \/>\n<meta property=\"og:description\" content=\"Deze zelfstudie helpt u te begrijpen hoe u met werkmappen kunt werken met behulp van VBA. Je leert over het doel van de werkboeken en de belangrijkste eigenschappen en methoden.\" \/>\n<meta property=\"og:url\" content=\"https:\/\/exceladvisor.org\/nl\/bindmiddel\/\" \/>\n<meta property=\"og:site_name\" content=\"Excel Advisor\" \/>\n<meta property=\"article:modified_time\" content=\"2023-12-06T05:55:29+00:00\" \/>\n<meta property=\"og:image\" content=\"https:\/\/exceladvisor.org\/wp-content\/uploads\/2023\/08\/1-objet-de-classeurs-vba.png\" \/>\n<meta name=\"twitter:card\" content=\"summary_large_image\" \/>\n<meta name=\"twitter:label1\" content=\"Geschatte leestijd\" \/>\n\t<meta name=\"twitter:data1\" content=\"6 minuten\" \/>\n<script type=\"application\/ld+json\" class=\"yoast-schema-graph\">{\"@context\":\"https:\/\/schema.org\",\"@graph\":[{\"@type\":\"WebPage\",\"@id\":\"https:\/\/exceladvisor.org\/nl\/bindmiddel\/\",\"url\":\"https:\/\/exceladvisor.org\/nl\/bindmiddel\/\",\"name\":\"VBA-werkmap - Een handleiding voor het gebruik van werkmappen in VBA\",\"isPartOf\":{\"@id\":\"https:\/\/exceladvisor.org\/nl\/#website\"},\"primaryImageOfPage\":{\"@id\":\"https:\/\/exceladvisor.org\/nl\/bindmiddel\/#primaryimage\"},\"image\":{\"@id\":\"https:\/\/exceladvisor.org\/nl\/bindmiddel\/#primaryimage\"},\"thumbnailUrl\":\"https:\/\/exceladvisor.org\/wp-content\/uploads\/2023\/08\/1-objet-de-classeurs-vba.png\",\"datePublished\":\"2023-11-12T18:40:04+00:00\",\"dateModified\":\"2023-12-06T05:55:29+00:00\",\"description\":\"Deze zelfstudie helpt u te begrijpen hoe u met werkmappen kunt werken met behulp van VBA. Je leert over het doel van de werkboeken en de belangrijkste eigenschappen en methoden.\",\"breadcrumb\":{\"@id\":\"https:\/\/exceladvisor.org\/nl\/bindmiddel\/#breadcrumb\"},\"inLanguage\":\"nl-NL\",\"potentialAction\":[{\"@type\":\"ReadAction\",\"target\":[\"https:\/\/exceladvisor.org\/nl\/bindmiddel\/\"]}]},{\"@type\":\"ImageObject\",\"inLanguage\":\"nl-NL\",\"@id\":\"https:\/\/exceladvisor.org\/nl\/bindmiddel\/#primaryimage\",\"url\":\"https:\/\/exceladvisor.org\/wp-content\/uploads\/2023\/08\/1-objet-de-classeurs-vba.png\",\"contentUrl\":\"https:\/\/exceladvisor.org\/wp-content\/uploads\/2023\/08\/1-objet-de-classeurs-vba.png\"},{\"@type\":\"BreadcrumbList\",\"@id\":\"https:\/\/exceladvisor.org\/nl\/bindmiddel\/#breadcrumb\",\"itemListElement\":[{\"@type\":\"ListItem\",\"position\":1,\"name\":\"Thuis\",\"item\":\"https:\/\/exceladvisor.org\/nl\/\"},{\"@type\":\"ListItem\",\"position\":2,\"name\":\"Een handleiding voor het werken met werkmappen in vba\"}]},{\"@type\":\"WebSite\",\"@id\":\"https:\/\/exceladvisor.org\/nl\/#website\",\"url\":\"https:\/\/exceladvisor.org\/nl\/\",\"name\":\"Excel Advisor\",\"description\":\"Uw gids voor datadominantie\",\"publisher\":{\"@id\":\"https:\/\/exceladvisor.org\/nl\/#organization\"},\"potentialAction\":[{\"@type\":\"SearchAction\",\"target\":{\"@type\":\"EntryPoint\",\"urlTemplate\":\"https:\/\/exceladvisor.org\/nl\/?s={search_term_string}\"},\"query-input\":{\"@type\":\"PropertyValueSpecification\",\"valueRequired\":true,\"valueName\":\"search_term_string\"}}],\"inLanguage\":\"nl-NL\"},{\"@type\":\"Organization\",\"@id\":\"https:\/\/exceladvisor.org\/nl\/#organization\",\"name\":\"Excel Advisor\",\"url\":\"https:\/\/exceladvisor.org\/nl\/\",\"logo\":{\"@type\":\"ImageObject\",\"inLanguage\":\"nl-NL\",\"@id\":\"https:\/\/exceladvisor.org\/nl\/#\/schema\/logo\/image\/\",\"url\":\"https:\/\/exceladvisor.org\/nl\/wp-content\/uploads\/2023\/12\/exceladvisor.org_.png\",\"contentUrl\":\"https:\/\/exceladvisor.org\/nl\/wp-content\/uploads\/2023\/12\/exceladvisor.org_.png\",\"width\":105,\"height\":36,\"caption\":\"Excel Advisor\"},\"image\":{\"@id\":\"https:\/\/exceladvisor.org\/nl\/#\/schema\/logo\/image\/\"}}]}<\/script>\n<!-- \/ Yoast SEO plugin. -->","yoast_head_json":{"title":"VBA-werkmap - Een handleiding voor het gebruik van werkmappen in VBA","description":"Deze zelfstudie helpt u te begrijpen hoe u met werkmappen kunt werken met behulp van VBA. Je leert over het doel van de werkboeken en de belangrijkste eigenschappen en methoden.","robots":{"index":"index","follow":"follow","max-snippet":"max-snippet:-1","max-image-preview":"max-image-preview:large","max-video-preview":"max-video-preview:-1"},"canonical":"https:\/\/exceladvisor.org\/nl\/bindmiddel\/","og_locale":"nl_NL","og_type":"article","og_title":"VBA-werkmap - Een handleiding voor het gebruik van werkmappen in VBA","og_description":"Deze zelfstudie helpt u te begrijpen hoe u met werkmappen kunt werken met behulp van VBA. Je leert over het doel van de werkboeken en de belangrijkste eigenschappen en methoden.","og_url":"https:\/\/exceladvisor.org\/nl\/bindmiddel\/","og_site_name":"Excel Advisor","article_modified_time":"2023-12-06T05:55:29+00:00","og_image":[{"url":"https:\/\/exceladvisor.org\/wp-content\/uploads\/2023\/08\/1-objet-de-classeurs-vba.png","type":"","width":"","height":""}],"twitter_card":"summary_large_image","twitter_misc":{"Geschatte leestijd":"6 minuten"},"schema":{"@context":"https:\/\/schema.org","@graph":[{"@type":"WebPage","@id":"https:\/\/exceladvisor.org\/nl\/bindmiddel\/","url":"https:\/\/exceladvisor.org\/nl\/bindmiddel\/","name":"VBA-werkmap - Een handleiding voor het gebruik van werkmappen in VBA","isPartOf":{"@id":"https:\/\/exceladvisor.org\/nl\/#website"},"primaryImageOfPage":{"@id":"https:\/\/exceladvisor.org\/nl\/bindmiddel\/#primaryimage"},"image":{"@id":"https:\/\/exceladvisor.org\/nl\/bindmiddel\/#primaryimage"},"thumbnailUrl":"https:\/\/exceladvisor.org\/wp-content\/uploads\/2023\/08\/1-objet-de-classeurs-vba.png","datePublished":"2023-11-12T18:40:04+00:00","dateModified":"2023-12-06T05:55:29+00:00","description":"Deze zelfstudie helpt u te begrijpen hoe u met werkmappen kunt werken met behulp van VBA. Je leert over het doel van de werkboeken en de belangrijkste eigenschappen en methoden.","breadcrumb":{"@id":"https:\/\/exceladvisor.org\/nl\/bindmiddel\/#breadcrumb"},"inLanguage":"nl-NL","potentialAction":[{"@type":"ReadAction","target":["https:\/\/exceladvisor.org\/nl\/bindmiddel\/"]}]},{"@type":"ImageObject","inLanguage":"nl-NL","@id":"https:\/\/exceladvisor.org\/nl\/bindmiddel\/#primaryimage","url":"https:\/\/exceladvisor.org\/wp-content\/uploads\/2023\/08\/1-objet-de-classeurs-vba.png","contentUrl":"https:\/\/exceladvisor.org\/wp-content\/uploads\/2023\/08\/1-objet-de-classeurs-vba.png"},{"@type":"BreadcrumbList","@id":"https:\/\/exceladvisor.org\/nl\/bindmiddel\/#breadcrumb","itemListElement":[{"@type":"ListItem","position":1,"name":"Thuis","item":"https:\/\/exceladvisor.org\/nl\/"},{"@type":"ListItem","position":2,"name":"Een handleiding voor het werken met werkmappen in vba"}]},{"@type":"WebSite","@id":"https:\/\/exceladvisor.org\/nl\/#website","url":"https:\/\/exceladvisor.org\/nl\/","name":"Excel Advisor","description":"Uw gids voor datadominantie","publisher":{"@id":"https:\/\/exceladvisor.org\/nl\/#organization"},"potentialAction":[{"@type":"SearchAction","target":{"@type":"EntryPoint","urlTemplate":"https:\/\/exceladvisor.org\/nl\/?s={search_term_string}"},"query-input":{"@type":"PropertyValueSpecification","valueRequired":true,"valueName":"search_term_string"}}],"inLanguage":"nl-NL"},{"@type":"Organization","@id":"https:\/\/exceladvisor.org\/nl\/#organization","name":"Excel Advisor","url":"https:\/\/exceladvisor.org\/nl\/","logo":{"@type":"ImageObject","inLanguage":"nl-NL","@id":"https:\/\/exceladvisor.org\/nl\/#\/schema\/logo\/image\/","url":"https:\/\/exceladvisor.org\/nl\/wp-content\/uploads\/2023\/12\/exceladvisor.org_.png","contentUrl":"https:\/\/exceladvisor.org\/nl\/wp-content\/uploads\/2023\/12\/exceladvisor.org_.png","width":105,"height":36,"caption":"Excel Advisor"},"image":{"@id":"https:\/\/exceladvisor.org\/nl\/#\/schema\/logo\/image\/"}}]}},"yoast_meta":{"yoast_wpseo_title":"","yoast_wpseo_metadesc":"","yoast_wpseo_canonical":""},"_links":{"self":[{"href":"https:\/\/exceladvisor.org\/nl\/wp-json\/wp\/v2\/pages\/1662","targetHints":{"allow":["GET"]}}],"collection":[{"href":"https:\/\/exceladvisor.org\/nl\/wp-json\/wp\/v2\/pages"}],"about":[{"href":"https:\/\/exceladvisor.org\/nl\/wp-json\/wp\/v2\/types\/page"}],"author":[{"embeddable":true,"href":"https:\/\/exceladvisor.org\/nl\/wp-json\/wp\/v2\/users\/1"}],"replies":[{"embeddable":true,"href":"https:\/\/exceladvisor.org\/nl\/wp-json\/wp\/v2\/comments?post=1662"}],"version-history":[{"count":2,"href":"https:\/\/exceladvisor.org\/nl\/wp-json\/wp\/v2\/pages\/1662\/revisions"}],"predecessor-version":[{"id":2995,"href":"https:\/\/exceladvisor.org\/nl\/wp-json\/wp\/v2\/pages\/1662\/revisions\/2995"}],"wp:attachment":[{"href":"https:\/\/exceladvisor.org\/nl\/wp-json\/wp\/v2\/media?parent=1662"}],"curies":[{"name":"wp","href":"https:\/\/api.w.org\/{rel}","templated":true}]}}