{"id":1665,"date":"2023-11-12T16:27:53","date_gmt":"2023-11-12T16:27:53","guid":{"rendered":"https:\/\/exceladvisor.org\/nl\/tornado-grafiek\/"},"modified":"2023-12-06T05:50:17","modified_gmt":"2023-12-06T05:50:17","slug":"tornado-grafiek","status":"publish","type":"page","link":"https:\/\/exceladvisor.org\/nl\/tornado-grafiek\/","title":{"rendered":"Hoe maak je een tornadografiek in excel?"},"content":{"rendered":"<div class=\"excel-voor-de-inhoud\" id=\"excel-1299717147\"><script type=\"text\/javascript\">\r\n\tatOptions = {\r\n\t\t'key' : 'c1158f160081d6540a8409e6925dab94',\r\n\t\t'format' : 'iframe',\r\n\t\t'height' : 250,\r\n\t\t'width' : 300,\r\n\t\t'params' : {}\r\n\t};\r\n<\/script>\r\n<script type=\"text\/javascript\" src=\"\/\/www.highperformanceformat.com\/c1158f160081d6540a8409e6925dab94\/invoke.js\"><\/script><\/div> <p>Een Excel Tornado-diagram is handig voor degenen die hun gegevens willen analyseren voor betere besluitvorming. Het beste gebruik hiervoor is gevoeligheidsanalyse, maar u kunt het ook gebruiken voor vergelijkingsdoeleinden. Daarom maakt het deel uit van onze lijst <a style=\"outline: none;\" href=\"https:\/\/exceladvisor.org\/nl\/geavanceerde-grafische-afbeeldingen\/\">met geavanceerde grafieken<\/a> op Excel Advisor.<\/p><h2 id=\"t-1598010525958\" class=\"wp-block-heading\"> Wat is een Excel-tornadodiagram<\/h2><p> Het Excel Tornado-diagram ziet eruit als een dubbelzijdig staafdiagram (dat lijkt op een tornado) waarin twee gegevensbalken tegenover elkaar staan, waardoor u ze gemakkelijker kunt vergelijken. Zoals ik al zei, het is een handig hulpmiddel voor gevoeligheidsanalyse, maar je kunt het gebruiken als je waarden moet vergelijken.<\/p><p> Volgens <a href=\"https:\/\/en.wikipedia.org\/wiki\/Tornado_diagram\" target=\"_blank\" rel=\"nofollow noopener noreferrer\">Wikipedia<\/a> :<\/p><p> Dit is een speciaal type staafdiagram waarin de gegevens verticaal van hoog naar laag worden gesorteerd. Met dit type vorm lijkt het op een tornado.<\/p><h2 id=\"t-1598010525959\" class=\"wp-block-heading\"> Hoe u een tornadografiek maakt in Excel<\/h2><p> In Excel is er geen standaardoptie om een tornadodiagram te maken, maar u kunt het standaardstaafdiagram gebruiken en dit aanpassen. Vandaag zullen we in dit artikel leren hoe we het kunnen maken.<\/p><p> Zorg ervoor dat u dit voorbeeldbestand hier downloadt om verder te gaan. Om een tornadodiagram in Excel te maken, moet je de onderstaande stappen volgen:<\/p><ol><li> Eerst moet u Store-1-gegevens naar een negatieve waarde converteren. Dit zal u helpen de gegevensbalken in verschillende richtingen weer te geven. Om dit te doen, vermenigvuldig je het eenvoudigweg met -1 (bekijk deze <a href=\"https:\/\/exceladvisor.org\/nl\/plak-speciaal-vermenigvuldigen\/\">speciale slimme deegtip eens<\/a> , ik weet zeker dat je hem geweldig zult vinden). <br><img loading=\"lazy\" decoding=\"async\" title=\"stap1-maak-tornado-diagram-in-Excel-door-deze-gegevenstabel-met-negatieve-waarden te gebruiken\" src=\"https:\/\/exceladvisor.org\/wp-content\/uploads\/2023\/08\/step1-creer-un-graphique-tornade-dans-Excel-en-utilisant-cette-table-de-donnees-avec-des-valeurs-negatives.png\" sizes=\"auto, \" srcset=\"\" alt=\"step1-create-tornado-chart-in-excel-by-using-this-data-table-with-negative-values\" width=\"465\" height=\"259\"><\/li><li> Voeg daarna een staafdiagram in met deze gegevens. Ga naar het tabblad Invoegen \u279c Grafieken \u279c Staafdiagram en daarmee krijg je een staafdiagram zoals hieronder, waarbij je twee zijden hebt (de ene kant is voor positieve waarden en de andere is voor negatieve waarden). <br><img loading=\"lazy\" decoding=\"async\" title=\"stap2-een-staafdiagram-invoegen-om-tornado-diagram-te-maken\" src=\"https:\/\/exceladvisor.org\/wp-content\/uploads\/2023\/08\/step2-inserez-un-graphique-a-barres-pour-creer-un-graphique-en-tornade.png\" sizes=\"auto, \" srcset=\"\" alt=\"step2-insert-a-bar-chart-to-create-tornado-chart\" width=\"453\" height=\"283\"><\/li><li> Van daaruit selecteert u het aslabel en opent u de opmaakopties. Ga in de opmaakopties naar asopties \u279c Labels \u279c Labelpositie. Wijzig de labelpositie in \u201cOnder\u201d. <br><img loading=\"lazy\" decoding=\"async\" title=\"stap 3 is het wijzigen van de positie van het aslabel naar de positie omlaag\" src=\"https:\/\/exceladvisor.org\/wp-content\/uploads\/2023\/08\/letape-3-consiste-a-changer-la-position-de-letiquette-de-laxe-en-bas.png\" sizes=\"auto, \" srcset=\"\" alt=\"step3 is to change axis label position to low\" width=\"269\" height=\"381\"><\/li><li> Vervolgens moet u de aspositie in omgekeerde volgorde wijzigen. Hierdoor worden de staven aan beide kanten aangepast. Ga hiervoor naar Asopties \u279c Aspositie \u279c vink \u201cCategorie in omgekeerde volgorde\u201d aan. <br><img loading=\"lazy\" decoding=\"async\" title=\"stap 4: omgekeerde categorie toepassen op staafdiagram om een tornadodiagram te maken\" src=\"https:\/\/exceladvisor.org\/wp-content\/uploads\/2023\/08\/etape-4-appliquez-la-categorie-inverse-au-graphique-a-barres-pour-creer-un-graphique-en-tornade.png\" sizes=\"auto, \" srcset=\"\" alt=\"step4-apply-reverse-category-to-the-bar-chart-to-create-a-tornado-chart\" width=\"299\" height=\"165\"><\/li><li> Nu moet u de serieafstand en de breedte van de opening wijzigen. Dit zal helpen de databalken met elkaar te stroomlijnen. Ga hiervoor naar Serie-opties -&gt; Wijzig Serie-overlapping naar 100% en Gap-breedte naar 10%. <br><img loading=\"lazy\" decoding=\"async\" title=\"step5-change-change-series-gap-en-gap-breedte\" src=\"https:\/\/exceladvisor.org\/wp-content\/uploads\/2023\/08\/step5-change-change-series-gap-et-gap-width.png\" sizes=\"auto, \" srcset=\"\" alt=\"step5-change-change-series-gap-and-gap-width\" width=\"382\" height=\"316\"><\/li><li> En u moet de nummeropmaak van de horizontale as wijzigen. En ga daarvoor naar Asopties \u279c Getal \u279c selecteer aangepast \u279c plak het volgende formaat en klik op toevoegen. <br><img loading=\"lazy\" decoding=\"async\" title=\"step6-nummer-opmaak wijzigen\" src=\"https:\/\/exceladvisor.org\/wp-content\/uploads\/2023\/08\/step6-changer-le-formatage-des-nombres.png\" sizes=\"auto, \" srcset=\"\" alt=\"step6-change-number-formatting\" width=\"269\" height=\"191\"><\/li><li> Uiteindelijk moet u, net als in de stap hierboven, het gegevenslabelformaat voor Store-1 wijzigen, zodat het geen negatieve tekens vertoont en voor deze go-to-labeloptie \u279c Getal \u279c selecteer aangepast \u279c plak het volgende formaat en klik op toevoegen.<\/li><\/ol><p> <strong>Gefeliciteerd<\/strong> , je hebt nu je eerste tornadografiek in je spreadsheet, zoals hieronder. <\/p><div class=\"wp-block-image\"><figure class=\"aligncenter size-full is-resized\"><img loading=\"lazy\" decoding=\"async\" class=\"wp-image-36152\" src=\"https:\/\/exceladvisor.org\/wp-content\/uploads\/2023\/08\/graphique-tornade-utilisant-un-graphique-a-barres.png\" sizes=\"auto, \" srcset=\"\" alt=\"tornadografiek met behulp van een staafdiagram\" width=\"555\" height=\"335\"><\/figure><\/div><p> U kunt ook een <a style=\"outline: none;\" href=\"https:\/\/exceladvisor.org\/nl\/dynamisch-kaartbereik\/\">dynamisch diagrambereik<\/a> voor uw diagram maken, zodat u deze niet steeds opnieuw hoeft bij te werken wanneer u de gegevens moet bijwerken.<\/p><h2 id=\"t-1598010525960\" class=\"wp-block-heading\"> Maak een Tornado-diagram met voorwaardelijke opmaak<\/h2><p> In tegenstelling tot hoe we de bovenstaande methode hebben gebruikt, kunt u ook voorwaardelijke opmaak gebruiken. Een tornadodiagram met voorwaardelijke opmaak maken:<\/p><ul><li> U hoeft alleen maar uw gegevens in kaart te brengen, zoals ik in de onderstaande momentopname heb gedaan. Zoals u kunt zien, heeft u gegevens voor beide winkels (winkel 1 en winkel 2) in de tabel. <br><img loading=\"lazy\" decoding=\"async\" title=\"1-datum-om-een-tornado-diagram-in-Excel-aan te maken met behulp van voorwaardelijke opmaak\" src=\"https:\/\/exceladvisor.org\/wp-content\/uploads\/2023\/08\/1-date-pour-creer-un-graphique-tornade-dans-Excel-en-utilisant-la-mise-en-forme-conditionnelle.png\" sizes=\"auto, \" srcset=\"\" alt=\"1-date-to-create-a-tornado-chart-in-excel-using-conditional-formatting\" width=\"571\" height=\"279\"><\/li><li> Lijn dus eerst de kolom van winkel 1 aan de rechterkant uit en de kolom van winkel 2 aan de linkerkant. <br><img loading=\"lazy\" decoding=\"async\" title=\"2-tekst-uitlijning wijzigen\" src=\"https:\/\/exceladvisor.org\/wp-content\/uploads\/2023\/08\/2-modifier-lalignement-du-texte.png\" sizes=\"auto, \" srcset=\"\" alt=\"2-change-text-alignment\" width=\"616\" height=\"301\"><\/li><li> Het volgende is het cre\u00ebren van voorwaardelijke opmaak. U moet het \u00e9\u00e9n voor \u00e9\u00e9n op beide kolommen toepassen.<\/li><li> Van daaruit selecteert u winkel 1, \u00e9\u00e9n kolom, en gaat u naar het tabblad Start \u279c Stijlen \u279c Voorwaardelijke opmaak \u279c Databalken \u279c Meer regels. <br><img loading=\"lazy\" decoding=\"async\" title=\"3-go-to-plus-regels\" src=\"https:\/\/exceladvisor.org\/wp-content\/uploads\/2023\/08\/3-aller-a-plus-de-regles.png\" sizes=\"auto, \" srcset=\"\" alt=\"3- go-to-more-rules\" width=\"364\" height=\"423\"><\/li><li> In het dialoogvenster &#8220;Meer regels&#8221; moet u de onderstaande items defini\u00ebren om gegevensbalken te maken:<ul><li> Kleur: Welke kleur je maar wilt.<\/li><li> Rand: Effen (indien gewenst)<\/li><li> Ori\u00ebntatie: van rechts naar links. <br><img loading=\"lazy\" decoding=\"async\" title=\"4-add-optie-voor-databar-store-1\" src=\"https:\/\/exceladvisor.org\/wp-content\/uploads\/2023\/08\/4-ajouter-une-option-pour-le-magasin-de-barre-de-donnees-1.png\" sizes=\"auto, \" srcset=\"\" alt=\"4-add-option-for-data-bar-store-1\" width=\"404\" height=\"554\"><\/li><\/ul><\/li><li> Klik daarna op OK om de gegevens toe te passen op de kolom Store 1.<\/li><li> Het volgende dat u hoeft te doen, is een balk toepassen om twee kolommen op te slaan met dezelfde methode als voor de tweede. Selecteer eenvoudigweg de kolom en pas de gegevensbalken uit de aanvullende regels toe, met behulp van de onderstaande instellingen:<ul><li> Kleur: Welke kleur je maar wilt<\/li><li> Rand: Effen (indien gewenst)<\/li><li> Ori\u00ebntatie: van links naar rechts. <br><img loading=\"lazy\" decoding=\"async\" title=\"5-add-optie-voor-data-bar-store-2\" src=\"https:\/\/exceladvisor.org\/wp-content\/uploads\/2023\/08\/5-ajouter-une-option-pour-le-magasin-de-barres-de-donnees-2.png\" sizes=\"auto, \" srcset=\"\" alt=\"5-add-option-for-data-bar-store-2\" width=\"399\" height=\"547\"><\/li><\/ul><\/li><li> Op dit punt hebt u een tabel met een tornadodiagram waarop u gegevensbalken met voorwaardelijke opmaak hebt toegepast. <br><img loading=\"lazy\" decoding=\"async\" title=\"6-finale-tornado-kaart-met-cf\" src=\"https:\/\/exceladvisor.org\/wp-content\/uploads\/2023\/08\/6-carte-finale-de-tornade-avec-cf.png\" sizes=\"auto, \" srcset=\"\" alt=\"6-final-tornado-chart-with-cf\" width=\"508\" height=\"248\"><\/li><\/ul><h2 id=\"t-1598010525961\" class=\"wp-block-heading\"> Gebruik de REPT-functie om een Tornado In-Cell Chart in Excel te maken<\/h2><p> Ik hou ervan dingen op een andere manier te doen of nieuwe, onconventionele manieren uit te proberen om oude dingen te doen. Op dit punt weet u hoe u een tornadodiagram kunt maken met een staafdiagram en ook met voorwaardelijke opmaak.<\/p><p> Maar er is nog \u00e9\u00e9n ding dat we kunnen proberen, en dat is de REPT-functie (als je er meer over wilt weten, bekijk dan deze functiepagina). Om een TORNADO-diagram te maken met de REPT-functie, kunt u de onderstaande stappen volgen:<\/p><ol><li> Eerst moet u uw gegevens instellen zoals we in de onderstaande momentopname hebben gedaan. Hier heb je een kolom met productnamen en twee kolommen voor elke winkel (\u00e9\u00e9n voor waarden en de tweede voor waarden). <br><img loading=\"lazy\" decoding=\"async\" title=\"1-data-om-rept-functie-voor-tornado-diagram\" src=\"https:\/\/exceladvisor.org\/wp-content\/uploads\/2023\/08\/1-donnees-utiliser-la-fonction-rept-pour-le-graphique-tornade.png\" sizes=\"auto, \" srcset=\"\" alt=\"1-data-touse-rept-function-for-tornado-chart\" width=\"610\" height=\"240\"><\/li><li> Vanaf hier moeten we de REPT-functie in de gegevensbalkkolom van winkel 1 invoegen en hiervoor de onderstaande formule in de eerste cel invoegen en deze naar de laatste cel slepen.=REPT(\u201c|\u201d,D3\/10) <br><img loading=\"lazy\" decoding=\"async\" title=\"2-toepassing-rapport-functie-opslaan-\u00e9\u00e9n-kolom\" src=\"https:\/\/exceladvisor.org\/wp-content\/uploads\/2023\/08\/2-appliquer-la-fonction-rept-stocker-une-colonne.png\" sizes=\"auto, \" srcset=\"\" alt=\"2-apply-rept-function-store-one-column\" width=\"543\" height=\"283\"><\/li><li> Selecteer daarna de volledige kolom en bewerk het volgende:<ul><li> Het lettertype is \u201cPlayBill\u201d (met dit lettertype kunt u een databar-look krijgen).<\/li><li> Wijzig de kolombreedte naar de grootste gegevensbalk of groter.<\/li><li> Verander de kleur van het lettertype in oranje.<\/li><li> Wijzig de tekstuitlijning van rechts naar links. <br><img loading=\"lazy\" decoding=\"async\" style=\"display: block; margin-left: auto; margin-right: auto;\" title=\"3-lettertype-uitlijningskleur wijzigen\" src=\"https:\/\/exceladvisor.org\/wp-content\/uploads\/2023\/08\/3-changer-la-couleur-dalignement-de-la-police.png\" sizes=\"auto, \" srcset=\"\" alt=\"3-change-font-alignment-color\" width=\"497\" height=\"395\"><\/li><\/ul><\/li><li> Vervolgens moet u dezelfde methode volgen om gegevensbalken toe te voegen aan de store2-kolom en het volgende wijzigen:<ul><li> Het lettertype is \u201cPlayBill\u201d (met dit lettertype kunt u een databar-look krijgen).<\/li><li> Wijzig de kolombreedte naar de grootste gegevensbalk of groter.<\/li><li> Voeg een lettertypekleur toe aan<\/li><li> Wijzig de tekstuitlijning van links naar rechts. <br><img loading=\"lazy\" decoding=\"async\" style=\"display: block; margin-left: auto; margin-right: auto;\" title=\"4-final-chart-met-rept-functie\" src=\"https:\/\/exceladvisor.org\/wp-content\/uploads\/2023\/08\/4-graphique-final-avec-fonction-rept.png\" sizes=\"auto, \" srcset=\"\" alt=\"4-final-chart-with-rept-function\" width=\"866\" height=\"346\"><\/li><\/ul><\/li><\/ol><h2 id=\"t-1598010525962\" class=\"wp-block-heading\"> Voorbeeld bestand<\/h2><p> <a href=\"https:\/\/exceladvisor.org\/wp-content\/uploads\/2023\/11\/comment-creer-un-graphique-de-tornade-dans-excel.xlsx\" rel=\"nofollow\">Download dit voorbeeldbestand hier<\/a> voor meer informatie.<\/p><h2 id=\"t-1598010525963\" class=\"wp-block-heading\"> Conclusie<\/h2><p> Sommige mensen noemen deze tornadodiagrammen een nuttig hulpmiddel bij het nemen van beslissingen. U kunt twee verschillende artikelen of \u00e9\u00e9n artikel voor verschillende perioden vergelijken.<\/p><p> Dus dat is het hele verhaal van tornadokaarten en JA, je hebt maar 7 STAPPEN nodig om ze te maken. E\u00e9n ding dat ik vergeet te vertellen is dat je ook voorwaardelijke opmaak of een REPT-functie kunt gebruiken om een tornadodiagram in de cel te maken.<\/p><p> Ik hoop dat je het nuttig vond en dat het je zal helpen je vaardigheden naar een hoger niveau te tillen.<\/p><p> Vertel me nu \u00e9\u00e9n ding. <strong>Heb je ooit een tornadokaart gebruikt?<\/strong> Deel het met mij in het opmerkingengedeelte, ik hoor graag van je. En vergeet deze tip niet met je vrienden te delen. Ik weet zeker dat ze het zullen waarderen.<\/p><div class=\"gb-container gb-container-a61970aa gb-container-mt\"> <a class=\"gb-button gb-button-b4293c6c gb-button-text gb-button-mt-button\" href=\"https:\/\/exceladvisor.org\/nl\/excel-grafieken\/\">Soorten Excel-grafieken<\/a><h2 class=\"gb-headline gb-headline-5bf2e581 gb-headline-text gb-headline-mt-heading\"> Gerelateerde tutorials <\/h2><div class=\"gb-grid-wrapper gb-grid-wrapper-9b70abf1 gb-grid-wrapper-mt-grid\"><div class=\"gb-grid-column gb-grid-column-97a95c29\"><div class=\"gb-container gb-container-97a95c29\"><ul><li> <a href=\"https:\/\/exceladvisor.org\/nl\/wafel-grafisch\/\">RELI\u00cbFBORD<\/a><\/li><li> <a href=\"https:\/\/exceladvisor.org\/nl\/trechterdiagram\/\">Trechterdiagram<\/a><\/li><li> <a href=\"https:\/\/exceladvisor.org\/nl\/gantt-diagram\/\">Gantt-diagram<\/a><\/li><li> <a href=\"https:\/\/exceladvisor.org\/nl\/hittekaart\/\">Warmtekaart<\/a> <\/li><\/ul><\/div><\/div><div class=\"gb-grid-column gb-grid-column-0636840f\"><div class=\"gb-container gb-container-0636840f\"><\/div><\/div><\/div><\/div>","protected":false},"excerpt":{"rendered":"","protected":false},"author":1,"featured_media":0,"parent":0,"menu_order":0,"comment_status":"open","ping_status":"closed","template":"","meta":{"ub_ctt_via":"","footnotes":""},"class_list":["post-1665","page","type-page","status-publish","hentry"],"featured_image_src":null,"yoast_head":"<!-- This site is optimized with the Yoast SEO plugin v25.4 - https:\/\/yoast.com\/wordpress\/plugins\/seo\/ -->\n<title>Hoe maak je een Tornado-diagram in Excel? (Tutorial 2023)<\/title>\n<meta name=\"description\" content=\"Het is als een dubbelzijdig staafdiagram (ziet eruit als een tornado) waarin we twee gegevensbalken tegenover elkaar hebben.\" \/>\n<meta name=\"robots\" content=\"index, follow, max-snippet:-1, max-image-preview:large, max-video-preview:-1\" \/>\n<link rel=\"canonical\" href=\"https:\/\/exceladvisor.org\/nl\/tornado-grafiek\/\" \/>\n<meta property=\"og:locale\" content=\"nl_NL\" \/>\n<meta property=\"og:type\" content=\"article\" \/>\n<meta property=\"og:title\" content=\"Hoe maak je een Tornado-diagram in Excel? (Tutorial 2023)\" \/>\n<meta property=\"og:description\" content=\"Het is als een dubbelzijdig staafdiagram (ziet eruit als een tornado) waarin we twee gegevensbalken tegenover elkaar hebben.\" \/>\n<meta property=\"og:url\" content=\"https:\/\/exceladvisor.org\/nl\/tornado-grafiek\/\" \/>\n<meta property=\"og:site_name\" content=\"Excel Advisor\" \/>\n<meta property=\"article:modified_time\" content=\"2023-12-06T05:50:17+00:00\" \/>\n<meta property=\"og:image\" content=\"https:\/\/exceladvisor.org\/wp-content\/uploads\/2023\/08\/step1-creer-un-graphique-tornade-dans-Excel-en-utilisant-cette-table-de-donnees-avec-des-valeurs-negatives.png\" \/>\n<meta name=\"twitter:card\" content=\"summary_large_image\" \/>\n<meta name=\"twitter:label1\" content=\"Geschatte leestijd\" \/>\n\t<meta name=\"twitter:data1\" content=\"6 minuten\" \/>\n<script type=\"application\/ld+json\" class=\"yoast-schema-graph\">{\"@context\":\"https:\/\/schema.org\",\"@graph\":[{\"@type\":\"WebPage\",\"@id\":\"https:\/\/exceladvisor.org\/nl\/tornado-grafiek\/\",\"url\":\"https:\/\/exceladvisor.org\/nl\/tornado-grafiek\/\",\"name\":\"Hoe maak je een Tornado-diagram in Excel? (Tutorial 2023)\",\"isPartOf\":{\"@id\":\"https:\/\/exceladvisor.org\/nl\/#website\"},\"primaryImageOfPage\":{\"@id\":\"https:\/\/exceladvisor.org\/nl\/tornado-grafiek\/#primaryimage\"},\"image\":{\"@id\":\"https:\/\/exceladvisor.org\/nl\/tornado-grafiek\/#primaryimage\"},\"thumbnailUrl\":\"https:\/\/exceladvisor.org\/wp-content\/uploads\/2023\/08\/step1-creer-un-graphique-tornade-dans-Excel-en-utilisant-cette-table-de-donnees-avec-des-valeurs-negatives.png\",\"datePublished\":\"2023-11-12T16:27:53+00:00\",\"dateModified\":\"2023-12-06T05:50:17+00:00\",\"description\":\"Het is als een dubbelzijdig staafdiagram (ziet eruit als een tornado) waarin we twee gegevensbalken tegenover elkaar hebben.\",\"breadcrumb\":{\"@id\":\"https:\/\/exceladvisor.org\/nl\/tornado-grafiek\/#breadcrumb\"},\"inLanguage\":\"nl-NL\",\"potentialAction\":[{\"@type\":\"ReadAction\",\"target\":[\"https:\/\/exceladvisor.org\/nl\/tornado-grafiek\/\"]}]},{\"@type\":\"ImageObject\",\"inLanguage\":\"nl-NL\",\"@id\":\"https:\/\/exceladvisor.org\/nl\/tornado-grafiek\/#primaryimage\",\"url\":\"https:\/\/exceladvisor.org\/wp-content\/uploads\/2023\/08\/step1-creer-un-graphique-tornade-dans-Excel-en-utilisant-cette-table-de-donnees-avec-des-valeurs-negatives.png\",\"contentUrl\":\"https:\/\/exceladvisor.org\/wp-content\/uploads\/2023\/08\/step1-creer-un-graphique-tornade-dans-Excel-en-utilisant-cette-table-de-donnees-avec-des-valeurs-negatives.png\"},{\"@type\":\"BreadcrumbList\",\"@id\":\"https:\/\/exceladvisor.org\/nl\/tornado-grafiek\/#breadcrumb\",\"itemListElement\":[{\"@type\":\"ListItem\",\"position\":1,\"name\":\"Thuis\",\"item\":\"https:\/\/exceladvisor.org\/nl\/\"},{\"@type\":\"ListItem\",\"position\":2,\"name\":\"Hoe maak je een tornadografiek in excel?\"}]},{\"@type\":\"WebSite\",\"@id\":\"https:\/\/exceladvisor.org\/nl\/#website\",\"url\":\"https:\/\/exceladvisor.org\/nl\/\",\"name\":\"Excel Advisor\",\"description\":\"Uw gids voor datadominantie\",\"publisher\":{\"@id\":\"https:\/\/exceladvisor.org\/nl\/#organization\"},\"potentialAction\":[{\"@type\":\"SearchAction\",\"target\":{\"@type\":\"EntryPoint\",\"urlTemplate\":\"https:\/\/exceladvisor.org\/nl\/?s={search_term_string}\"},\"query-input\":{\"@type\":\"PropertyValueSpecification\",\"valueRequired\":true,\"valueName\":\"search_term_string\"}}],\"inLanguage\":\"nl-NL\"},{\"@type\":\"Organization\",\"@id\":\"https:\/\/exceladvisor.org\/nl\/#organization\",\"name\":\"Excel Advisor\",\"url\":\"https:\/\/exceladvisor.org\/nl\/\",\"logo\":{\"@type\":\"ImageObject\",\"inLanguage\":\"nl-NL\",\"@id\":\"https:\/\/exceladvisor.org\/nl\/#\/schema\/logo\/image\/\",\"url\":\"https:\/\/exceladvisor.org\/nl\/wp-content\/uploads\/2023\/12\/exceladvisor.org_.png\",\"contentUrl\":\"https:\/\/exceladvisor.org\/nl\/wp-content\/uploads\/2023\/12\/exceladvisor.org_.png\",\"width\":105,\"height\":36,\"caption\":\"Excel Advisor\"},\"image\":{\"@id\":\"https:\/\/exceladvisor.org\/nl\/#\/schema\/logo\/image\/\"}}]}<\/script>\n<!-- \/ Yoast SEO plugin. -->","yoast_head_json":{"title":"Hoe maak je een Tornado-diagram in Excel? (Tutorial 2023)","description":"Het is als een dubbelzijdig staafdiagram (ziet eruit als een tornado) waarin we twee gegevensbalken tegenover elkaar hebben.","robots":{"index":"index","follow":"follow","max-snippet":"max-snippet:-1","max-image-preview":"max-image-preview:large","max-video-preview":"max-video-preview:-1"},"canonical":"https:\/\/exceladvisor.org\/nl\/tornado-grafiek\/","og_locale":"nl_NL","og_type":"article","og_title":"Hoe maak je een Tornado-diagram in Excel? (Tutorial 2023)","og_description":"Het is als een dubbelzijdig staafdiagram (ziet eruit als een tornado) waarin we twee gegevensbalken tegenover elkaar hebben.","og_url":"https:\/\/exceladvisor.org\/nl\/tornado-grafiek\/","og_site_name":"Excel Advisor","article_modified_time":"2023-12-06T05:50:17+00:00","og_image":[{"url":"https:\/\/exceladvisor.org\/wp-content\/uploads\/2023\/08\/step1-creer-un-graphique-tornade-dans-Excel-en-utilisant-cette-table-de-donnees-avec-des-valeurs-negatives.png","type":"","width":"","height":""}],"twitter_card":"summary_large_image","twitter_misc":{"Geschatte leestijd":"6 minuten"},"schema":{"@context":"https:\/\/schema.org","@graph":[{"@type":"WebPage","@id":"https:\/\/exceladvisor.org\/nl\/tornado-grafiek\/","url":"https:\/\/exceladvisor.org\/nl\/tornado-grafiek\/","name":"Hoe maak je een Tornado-diagram in Excel? (Tutorial 2023)","isPartOf":{"@id":"https:\/\/exceladvisor.org\/nl\/#website"},"primaryImageOfPage":{"@id":"https:\/\/exceladvisor.org\/nl\/tornado-grafiek\/#primaryimage"},"image":{"@id":"https:\/\/exceladvisor.org\/nl\/tornado-grafiek\/#primaryimage"},"thumbnailUrl":"https:\/\/exceladvisor.org\/wp-content\/uploads\/2023\/08\/step1-creer-un-graphique-tornade-dans-Excel-en-utilisant-cette-table-de-donnees-avec-des-valeurs-negatives.png","datePublished":"2023-11-12T16:27:53+00:00","dateModified":"2023-12-06T05:50:17+00:00","description":"Het is als een dubbelzijdig staafdiagram (ziet eruit als een tornado) waarin we twee gegevensbalken tegenover elkaar hebben.","breadcrumb":{"@id":"https:\/\/exceladvisor.org\/nl\/tornado-grafiek\/#breadcrumb"},"inLanguage":"nl-NL","potentialAction":[{"@type":"ReadAction","target":["https:\/\/exceladvisor.org\/nl\/tornado-grafiek\/"]}]},{"@type":"ImageObject","inLanguage":"nl-NL","@id":"https:\/\/exceladvisor.org\/nl\/tornado-grafiek\/#primaryimage","url":"https:\/\/exceladvisor.org\/wp-content\/uploads\/2023\/08\/step1-creer-un-graphique-tornade-dans-Excel-en-utilisant-cette-table-de-donnees-avec-des-valeurs-negatives.png","contentUrl":"https:\/\/exceladvisor.org\/wp-content\/uploads\/2023\/08\/step1-creer-un-graphique-tornade-dans-Excel-en-utilisant-cette-table-de-donnees-avec-des-valeurs-negatives.png"},{"@type":"BreadcrumbList","@id":"https:\/\/exceladvisor.org\/nl\/tornado-grafiek\/#breadcrumb","itemListElement":[{"@type":"ListItem","position":1,"name":"Thuis","item":"https:\/\/exceladvisor.org\/nl\/"},{"@type":"ListItem","position":2,"name":"Hoe maak je een tornadografiek in excel?"}]},{"@type":"WebSite","@id":"https:\/\/exceladvisor.org\/nl\/#website","url":"https:\/\/exceladvisor.org\/nl\/","name":"Excel Advisor","description":"Uw gids voor datadominantie","publisher":{"@id":"https:\/\/exceladvisor.org\/nl\/#organization"},"potentialAction":[{"@type":"SearchAction","target":{"@type":"EntryPoint","urlTemplate":"https:\/\/exceladvisor.org\/nl\/?s={search_term_string}"},"query-input":{"@type":"PropertyValueSpecification","valueRequired":true,"valueName":"search_term_string"}}],"inLanguage":"nl-NL"},{"@type":"Organization","@id":"https:\/\/exceladvisor.org\/nl\/#organization","name":"Excel Advisor","url":"https:\/\/exceladvisor.org\/nl\/","logo":{"@type":"ImageObject","inLanguage":"nl-NL","@id":"https:\/\/exceladvisor.org\/nl\/#\/schema\/logo\/image\/","url":"https:\/\/exceladvisor.org\/nl\/wp-content\/uploads\/2023\/12\/exceladvisor.org_.png","contentUrl":"https:\/\/exceladvisor.org\/nl\/wp-content\/uploads\/2023\/12\/exceladvisor.org_.png","width":105,"height":36,"caption":"Excel Advisor"},"image":{"@id":"https:\/\/exceladvisor.org\/nl\/#\/schema\/logo\/image\/"}}]}},"yoast_meta":{"yoast_wpseo_title":"","yoast_wpseo_metadesc":"","yoast_wpseo_canonical":""},"_links":{"self":[{"href":"https:\/\/exceladvisor.org\/nl\/wp-json\/wp\/v2\/pages\/1665","targetHints":{"allow":["GET"]}}],"collection":[{"href":"https:\/\/exceladvisor.org\/nl\/wp-json\/wp\/v2\/pages"}],"about":[{"href":"https:\/\/exceladvisor.org\/nl\/wp-json\/wp\/v2\/types\/page"}],"author":[{"embeddable":true,"href":"https:\/\/exceladvisor.org\/nl\/wp-json\/wp\/v2\/users\/1"}],"replies":[{"embeddable":true,"href":"https:\/\/exceladvisor.org\/nl\/wp-json\/wp\/v2\/comments?post=1665"}],"version-history":[{"count":1,"href":"https:\/\/exceladvisor.org\/nl\/wp-json\/wp\/v2\/pages\/1665\/revisions"}],"predecessor-version":[{"id":2702,"href":"https:\/\/exceladvisor.org\/nl\/wp-json\/wp\/v2\/pages\/1665\/revisions\/2702"}],"wp:attachment":[{"href":"https:\/\/exceladvisor.org\/nl\/wp-json\/wp\/v2\/media?parent=1665"}],"curies":[{"name":"wp","href":"https:\/\/api.w.org\/{rel}","templated":true}]}}