{"id":1666,"date":"2023-11-12T16:00:40","date_gmt":"2023-11-12T16:00:40","guid":{"rendered":"https:\/\/exceladvisor.org\/nl\/prikbord\/"},"modified":"2023-12-06T05:50:09","modified_gmt":"2023-12-06T05:50:09","slug":"prikbord","status":"publish","type":"page","link":"https:\/\/exceladvisor.org\/nl\/prikbord\/","title":{"rendered":"Hoe maak je een kogeldiagram in excel?"},"content":{"rendered":"<div class=\"excel-voor-de-inhoud\" id=\"excel-2126566015\"><script type=\"text\/javascript\">\r\n\tatOptions = {\r\n\t\t'key' : 'c1158f160081d6540a8409e6925dab94',\r\n\t\t'format' : 'iframe',\r\n\t\t'height' : 250,\r\n\t\t'width' : 300,\r\n\t\t'params' : {}\r\n\t};\r\n<\/script>\r\n<script type=\"text\/javascript\" src=\"\/\/www.highperformanceformat.com\/c1158f160081d6540a8409e6925dab94\/invoke.js\"><\/script><\/div> <p>Het selecteren van een goed diagramtype is een van de moeilijkste taken. Terwijl ik met dit soort problemen worstelde, vond ik een grafiek met <strong><span style=\"color: #554a47; background-color: #ffff00;\">de naam Bullet Chart<\/span><\/strong> .<\/p><p> Bullet-diagram is een van die <a href=\"https:\/\/exceladvisor.org\/nl\/geavanceerde-grafische-afbeeldingen\/\">geavanceerde Excel-grafieken<\/a> waarvan u moet leren hoe u ze beter kunt plotten. Dit is een perfect diagram om te gebruiken als u \u00e9\u00e9n punt, doel versus prestatie, moet presenteren.<\/p><p> Volgens Wikipedia:<\/p><p> <span style=\"font-family: Georgia,serif;\"><em>Een kogeldiagram is een variatie op een staafdiagram ontwikkeld door <a href=\"https:\/\/www.perceptualedge.com\/\" target=\"_blank\" rel=\"noreferrer noopener nofollow\">Stephen Few<\/a> . Blijkbaar ge\u00efnspireerd door de<\/em><\/span> traditionele <a href=\"https:\/\/exceladvisor.org\/nl\/thermometer-tafel\/\"><span style=\"font-family: Georgia,serif;\"><em>thermometergrafieken<\/em><\/span><\/a> <span style=\"font-family: Georgia,serif;\"><em>en voortgangsbalken die in veel dashboards te vinden zijn, vervangt het bulletdiagram de dashboardmeters en -tellers.<\/em><\/span> <\/p><div class=\"wp-block-image\"><figure class=\"aligncenter\"><img decoding=\"async\" src=\"https:\/\/exceladvisor.org\/wp-content\/uploads\/2023\/08\/tableau-a-puces-pret-a-lemploi-dans-excel-1.png\" sizes=\"\" srcset=\"\" alt=\"kant-en-klare opsommingstekentabel in Excel\"><\/figure><\/div><p> En in het artikel van vandaag zal ik met u delen hoe u in eenvoudige stappen een opsommingsteken in Excel kunt maken.<\/p><p> Dus laten we beginnen.<\/p><h2 id=\"tab-con-1\" class=\"wp-block-heading\"> Onderdelen van een bulletdiagram<\/h2><p> Een bulletdiagram bestaat hoofdzakelijk uit drie componenten.<\/p><ol><li> <strong>Doelmarkering<\/strong> : een markering die het doel vertegenwoordigt. In het bovenstaande voorbeeld heb ik 90% als doel gebruikt. U kunt de waarde indien nodig wijzigen.<\/li><li> <strong>Succesbalk<\/strong> : Een enkele succesbalk die de werkelijke waarde weergeeft. Deze balk moet een effen kleur hebben en iets smaller zijn dan de kleurenbalken in het vergelijkingsbereik.<\/li><li> <strong>Vergelijkingsbereik<\/strong> : een vergelijkingsbereik van een kleurenthema dat op de achtergrond van de succesbalk kan worden gebruikt. Het belangrijkste idee van het gebruik van dit bereik is om een vergelijking te maken voor prestaties, zoals mijlpalen. <\/li><\/ol><div class=\"wp-block-image\"><figure class=\"aligncenter\"><img decoding=\"async\" src=\"https:\/\/exceladvisor.org\/wp-content\/uploads\/2023\/08\/comment-creer-un-tableau-a-puces-dans-les-composants-excel-1.png\" sizes=\"\" srcset=\"\" alt=\"Hoe u een tabel met opsommingstekens maakt in Excel-componenten\"><\/figure><\/div><h2 class=\"wp-block-heading\"> Stappen voor het maken van een kogeldiagram in Excel<\/h2><p> In de onderstaande tabel vindt u driedelige gegevens die u kunt gebruiken om een opsommingstekendiagram te maken. U kunt <a href=\"https:\/\/exceladvisor.org\/wp-content\/uploads\/2023\/11\/tableau-a-puces-dans-une-feuille-brute-excel.xlsx\" rel=\"nofollow\">dit bestand hier downloaden<\/a> om mee te volgen. <\/p><div class=\"wp-block-image\"><figure class=\"aligncenter\"><img decoding=\"async\" src=\"https:\/\/exceladvisor.org\/wp-content\/uploads\/2023\/08\/tableau-pour-creer-un-graphique-a-puces-dans-excel-1.png\" sizes=\"\" srcset=\"\" alt=\"tabel om een kogeldiagram in Excel te maken\"><\/figure><\/div><ol><li> De eerste vier waarden zijn voor het vergelijkingsbereik.<\/li><li> De prestatiewaarde geldt voor de prestatiebalk.<\/li><li> Het doel is voor de doelmarkering.<\/li><\/ol><p> Zoals ik hierboven al zei, hebben we drie hoofdcomponenten in een opsommingstabel. U moet het hele proces dus in verschillende delen verdelen. De stappen om een kogeldiagram in Excel te maken zijn wat lang. Maar zodra u het hele proces begrijpt, kunt u het binnen enkele seconden maken.<\/p><h3 class=\"wp-block-heading\"> Voeg een kolomdiagram in<\/h3><p> Om een bulletdiagram te maken, moet u een 2D-clusterkolomdiagram invoegen. Hier volgen de stappen daarvoor.<\/p><ol><li> Selecteer eerst uw gegevens en voeg een 2D-clusterhistogram in vanaf het tabblad Invoegen. <br><img decoding=\"async\" title=\"ga naar-invoegen-tabblad-invoegen-2d-stapelkolom-om-een-opsommingsteken-diagram-in-Excel te maken\" src=\"https:\/\/exceladvisor.org\/wp-content\/uploads\/2023\/08\/allez-dans-longlet-inserer-inserer-une-colonne-de-pile-2d-pour-creer-un-tableau-a-puces-dans-Excel-1.png\" sizes=\"\" srcset=\"\" alt=\"go to insert tab insert 2d stack column to create a bullet chart in excel\"><\/li><li> U krijgt op deze manier alle zes de gegevenswaarden in uw diagram. <br><img decoding=\"async\" title=\"voeg-een-2D-clusterkolomgrafiek-in om-een-opsommingsteken-grafiek-in-Excel te maken\" src=\"https:\/\/exceladvisor.org\/wp-content\/uploads\/2023\/08\/inserer-un-graphique-a-colonnes-de-cluster-2d-pour-creer-un-graphique-a-puces-dans-Excel-1.png\" sizes=\"\" srcset=\"\" alt=\"insert a 2d cluster column chart to create a bullet chart in excel\"><\/li><li> Daarna moet u de gegevens in de grafiek uitwisselen. Selecteer uw diagram en klik op \u2018Rij\/kolom wijzigen\u2019. <br><img decoding=\"async\" title=\"wissel-grafiekgegevens-om-een-bullet-grafiek-in-Excel te maken\" src=\"https:\/\/exceladvisor.org\/wp-content\/uploads\/2023\/08\/echanger-les-donnees-du-graphique-pour-creer-un-graphique-a-puces-dans-Excel-1.png\" sizes=\"\" srcset=\"\" alt=\"swap chart data to create a bullet chart in excel\"><\/li><li> Zorg ervoor dat de maximale aswaarden gelijk zijn aan 100%.<\/li><li> Nu heb je een tabel zoals hieronder. <br><img decoding=\"async\" title=\"wijzig het aslabel om een kogeldiagram in Excel te maken\" src=\"https:\/\/exceladvisor.org\/wp-content\/uploads\/2023\/08\/changer-letiquette-de-laxe-pour-creer-un-graphique-a-puces-dans-Excel-1.png\" sizes=\"\" srcset=\"\" alt=\"change axis label to create a bullet chart in excel\"><\/li><li> Laten we nu de volgende stap nemen en een doelmarkering maken.<\/li><\/ol><h3 class=\"wp-block-heading\"> Maak een doelmarkering<\/h3><p> Nu moet u een doelmarkering maken die eruit ziet als een kleine horizontale lijn. Hier zijn de stappen.<\/p><ol><li> Eerst moet u uw doelbalk selecteren. (Maar de grafiek is momenteel totaal in de war en het is moeilijk om de doelbalk te selecteren).<\/li><\/ol><p style=\"text-align: left; padding-left: 40px;\"> <strong data-rich-text-format-boundary=\"true\">Dit is de truc:<\/strong> selecteer uw diagram en gebruik dit vervolgkeuzemenu uit de indelingsopties om de doelwaarde te selecteren. <br><img decoding=\"async\" style=\"display: block; margin-left: auto; margin-right: auto;\" title=\"selecteer-doel-gegevensbalk-om-een-opsommingsteken-diagram-in-Excel te maken\" src=\"https:\/\/exceladvisor.org\/wp-content\/uploads\/2023\/08\/selectionnez-la-barre-de-donnees-cible-pour-creer-un-graphique-a-puces-dans-Excel-1.png\" sizes=\"\" srcset=\"\" alt=\"select target data bar to create a bullet chart in excel\"><\/p><ol><li style=\"list-style-type: none;\"><ol><li style=\"list-style-type: none;\"><ul id=\"block-fc63191a-1304-496b-a649-860e26f3572c\" class=\"block-editor-rich-text__editable block-editor-block-list__block wp-block is-selected rich-text\" tabindex=\"0\" role=\"group\" contenteditable=\"true\" aria-multiline=\"true\" aria-label=\"Block: List\" data-block=\"fc63191a-1304-496b-a649-860e26f3572c\" data-type=\"core\/list\" data-title=\"List\"><li> Ga nu naar het tabblad Ontwerp en klik op Diagramtype wijzigen. <br><img decoding=\"async\" title=\"klik op de knop voor het wijzigen van het diagramtype om een opsommingstekendiagram in Excel te maken\" src=\"https:\/\/exceladvisor.org\/wp-content\/uploads\/2023\/08\/cliquez-sur-le-bouton-de-changement-de-type-de-graphique-creer-un-graphique-a-puces-dans-Excel-1.png\" sizes=\"\" srcset=\"\" alt=\"click on change chart type button create a bullet chart in excel\"><\/li><li> Wijzig het diagramtype voor de doelwaarde in een lijndiagram met markering en controleer de bijbehorende secundaire as. <br><img decoding=\"async\" title=\"wijzig het grafiektype van de doelgegevensbalkoptie om een kogeldiagram in Excel te maken\" src=\"https:\/\/exceladvisor.org\/wp-content\/uploads\/2023\/08\/changer-le-type-de-graphique-de-loption-pour-la-barre-de-donnees-cible-pour-creer-un-graphique-a-puces-dans-Excel-1.png\" sizes=\"\" srcset=\"\" alt=\"change chart type from option for target data bar to create a bullet chart in excel\"><\/li><li> Op dit punt heb je een kleine stip in je grafiek voor het doel. <br><img decoding=\"async\" title=\"wijzig het grafiektype van de doelgegevensbalk om een opsommingstekendiagram in Excel te maken\" src=\"https:\/\/exceladvisor.org\/wp-content\/uploads\/2023\/08\/modifier-le-type-de-graphique-de-la-barre-de-donnees-cible-pour-creer-un-graphique-a-puces-dans-Excel-1.png\" sizes=\"\" srcset=\"\" alt=\"change chart type of target data bar to create a bullet chart in excel\"><\/li><\/ul><\/li><\/ol><\/li><\/ol><p> Doe vanaf hier nu de volgende dingen.<\/p><ol><li style=\"list-style-type: none;\"><ol><li style=\"list-style-type: none;\"><ol><li> Selecteer dit punt en verander de markering in een rechthoekige balk.<\/li><li> Wijzig de markeringsgrootte in 20.<\/li><li> Gebruik een effen kleur voor de vulling (zoals zwart).<\/li><li> Geen lijn voor de grens.<\/li><li> Verwijder de secundaire as. <\/li><\/ol><\/li><\/ol><\/li><\/ol><div class=\"wp-block-image\"><figure class=\"aligncenter\"><img decoding=\"async\" src=\"https:\/\/exceladvisor.org\/wp-content\/uploads\/2023\/08\/changer-le-style-du-marqueur-pour-creer-un-tableau-a-puces-dans-Excel-1.png\" sizes=\"\" srcset=\"\" alt=\"wijzig de markeringsstijl om een tabel met opsommingstekens in Excel te maken\"><\/figure><\/div><p> Op dit punt heb je een diagram zoals hierboven en dan moet je enkele wijzigingen aanbrengen om een succesbalk toe te voegen.<\/p><h3 class=\"wp-block-heading\"> Cre\u00eber een succesbalk<\/h3><p> Je moet een prestatiebalk met een effen kleur maken om het huidige succes bij het behalen van het doel weer te geven. Gebruik de onderstaande stappen.<\/p><ol><li style=\"list-style-type: none;\"><ol><li style=\"list-style-type: none;\"><ul><li> Selecteer de succesbalk op dezelfde manier als u de doelbalk hebt geselecteerd met behulp van de vervolgkeuzelijst met indelingsopties. <br><img decoding=\"async\" title=\"selecteer-prestatiebalk-om-een-bullet-diagram-in-Excel te maken\" src=\"https:\/\/exceladvisor.org\/wp-content\/uploads\/2023\/08\/selectionnez-la-barre-de-reussite-pour-creer-un-tableau-a-puces-dans-Excel-1.png\" sizes=\"\" srcset=\"\" alt=\"select achievement bar to create a bullet chart in excel\"><\/li><li> Ga nu naar seri\u00eble opties en selecteer secundaire as.<\/li><li> Wijzig de tussenruimte voorlopig in 500%. <br><img decoding=\"async\" title=\"maak-een-succesbalk-op-de-secundaire-as-om-een-opsommingsteken-diagram-in-Excel te maken\" src=\"https:\/\/exceladvisor.org\/wp-content\/uploads\/2023\/08\/creer-une-barre-de-reussite-sur-laxe-secondaire-pour-creer-un-tableau-a-puces-dans-Excel-1.png\" sizes=\"\" srcset=\"\" alt=\"make achievement bar to secondary axis to create a bullet chart in excel\"><\/li><li> En gebruik een effen kleur voor de prestatiebalk als vulling (zoals zwart of donkerblauw). <br><img decoding=\"async\" title=\"na het maken van de succesbalk-om-een-opsommingsteken-diagram-in-Excel te maken\" src=\"https:\/\/exceladvisor.org\/wp-content\/uploads\/2023\/08\/apres-avoir-cree-une-barre-de-reussite-pour-creer-un-tableau-a-puces-dans-Excel-1.png\" sizes=\"\" srcset=\"\" alt=\"after creating achievement bar to create a bullet chart in excel\"><\/li><\/ul><\/li><\/ol><\/li><\/ol><p> Uw tabel met opsommingstekens is bijna klaar. U hoeft alleen maar een kleurenthema toe te voegen voor het vergelijkingsbereik.<\/p><h3 class=\"wp-block-heading\"> Stap 4. Maak een vergelijkingsbereik<\/h3><p> Om een vergelijkingsbereik te cre\u00ebren, moet u een kleur selecteren en vier verschillende tinten ervan gebruiken. Het enige wat u hoeft te doen is ze \u00e9\u00e9n voor \u00e9\u00e9n selecteren en een kleur toepassen. Ik heb hier vier verschillende grijstinten gebruikt.<\/p><p> Indien nodig kunt u ook opmaak aan uw diagram toevoegen. E\u00e9n ding dat ik je vergeet te vertellen is dat als je er klaar mee bent, je ervoor moet zorgen dat je de kloof met het vergelijkingsbereik wijzigt naar 500% en de succesbalk naar 220%.<\/p><p> Gefeliciteerd! je kogeltafel is klaar. <\/p><div class=\"wp-block-image\"><figure class=\"aligncenter\"><img decoding=\"async\" src=\"https:\/\/exceladvisor.org\/wp-content\/uploads\/2023\/08\/tableau-a-puces-pret-a-lemploi-dans-excel-1.png\" sizes=\"\" srcset=\"\" alt=\"kant-en-klare opsommingstekentabel in Excel\"><\/figure><\/div><h2 class=\"wp-block-heading\"> Verdere informatie<\/h2><ol><li> Zorg ervoor dat de breedte van uw markering groter is dan de succesbalk. Dus als je meer prestaties hebt dan de doelmarkering, wordt deze op de juiste manier weergegeven.<\/li><li> Gebruik altijd effen kleuren voor de prestatiebalk en de doelmarkering.<\/li><li> Gebruik verschillende afzonderlijke kleurtinten voor het vergelijkingsbereik.<\/li><li> U kunt dezelfde techniek ook gebruiken om een horizontaal bulletdiagram te maken. Vervang eenvoudig het kolomdiagram door een staafdiagram. <\/li><li style=\"list-style-type: none;\"><ol><li style=\"list-style-type: none;\"><\/li><\/ol><\/li><\/ol><h2 class=\"wp-block-heading\"> Voorbeeld bestand<\/h2><p> <a style=\"outline: none;\" href=\"https:\/\/exceladvisor.org\/wp-content\/uploads\/2023\/11\/tableau-a-puces-in2-excel.xls\" rel=\"nofollow\">Download dit voorbeeldbestand hier<\/a> voor meer informatie.<\/p><div class=\"gb-container gb-container-a61970aa gb-container-mt\"> <a class=\"gb-button gb-button-b4293c6c gb-button-text gb-button-mt-button\" href=\"https:\/\/exceladvisor.org\/nl\/excel-grafieken\/\">Soorten Excel-grafieken<\/a><h2 class=\"gb-headline gb-headline-5bf2e581 gb-headline-text gb-headline-mt-heading\"> Gerelateerde tutorials <\/h2><div class=\"gb-grid-wrapper gb-grid-wrapper-9b70abf1 gb-grid-wrapper-mt-grid\"><div class=\"gb-grid-column gb-grid-column-97a95c29\"><div class=\"gb-container gb-container-97a95c29\"><ul><li> <a href=\"https:\/\/exceladvisor.org\/nl\/wafel-grafisch\/\">RELI\u00cbFBORD<\/a><\/li><li> <a href=\"https:\/\/exceladvisor.org\/nl\/trechterdiagram\/\">Trechterdiagram<\/a><\/li><li> <a href=\"https:\/\/exceladvisor.org\/nl\/gantt-diagram\/\">Gantt-diagram<\/a><\/li><li> <a href=\"https:\/\/exceladvisor.org\/nl\/tornado-grafiek\/\">Tornado-grafiek<\/a><\/li><li> <a href=\"https:\/\/exceladvisor.org\/nl\/geavanceerde-grafische-afbeeldingen\/\">Geavanceerde Excel-grafieken<\/a><\/li><li> <a href=\"https:\/\/exceladvisor.org\/nl\/pictogram\/\">Pictogram<\/a> <\/li><\/ul><\/div><\/div><div class=\"gb-grid-column gb-grid-column-0636840f\"><div class=\"gb-container gb-container-0636840f\"><\/div><\/div><\/div><\/div>","protected":false},"excerpt":{"rendered":"","protected":false},"author":1,"featured_media":0,"parent":0,"menu_order":0,"comment_status":"open","ping_status":"closed","template":"","meta":{"ub_ctt_via":"","footnotes":""},"class_list":["post-1666","page","type-page","status-publish","hentry"],"featured_image_src":null,"yoast_head":"<!-- This site is optimized with the Yoast SEO plugin v25.4 - https:\/\/yoast.com\/wordpress\/plugins\/seo\/ -->\n<title>Hoe maak je een kogeldiagram in Excel? (Tutorial 2023)<\/title>\n<meta name=\"description\" content=\"Het kiezen van het juiste type diagram is een van de moeilijkste taken. Terwijl ik met dit soort problemen worstelde, vond ik een diagram\" \/>\n<meta name=\"robots\" content=\"index, follow, max-snippet:-1, max-image-preview:large, max-video-preview:-1\" \/>\n<link rel=\"canonical\" href=\"https:\/\/exceladvisor.org\/nl\/prikbord\/\" \/>\n<meta property=\"og:locale\" content=\"nl_NL\" \/>\n<meta property=\"og:type\" content=\"article\" \/>\n<meta property=\"og:title\" content=\"Hoe maak je een kogeldiagram in Excel? (Tutorial 2023)\" \/>\n<meta property=\"og:description\" content=\"Het kiezen van het juiste type diagram is een van de moeilijkste taken. Terwijl ik met dit soort problemen worstelde, vond ik een diagram\" \/>\n<meta property=\"og:url\" content=\"https:\/\/exceladvisor.org\/nl\/prikbord\/\" \/>\n<meta property=\"og:site_name\" content=\"Excel Advisor\" \/>\n<meta property=\"article:modified_time\" content=\"2023-12-06T05:50:09+00:00\" \/>\n<meta property=\"og:image\" content=\"https:\/\/exceladvisor.org\/wp-content\/uploads\/2023\/08\/tableau-a-puces-pret-a-lemploi-dans-excel-1.png\" \/>\n<meta name=\"twitter:card\" content=\"summary_large_image\" \/>\n<meta name=\"twitter:label1\" content=\"Geschatte leestijd\" \/>\n\t<meta name=\"twitter:data1\" content=\"4 minuten\" \/>\n<script type=\"application\/ld+json\" class=\"yoast-schema-graph\">{\"@context\":\"https:\/\/schema.org\",\"@graph\":[{\"@type\":\"WebPage\",\"@id\":\"https:\/\/exceladvisor.org\/nl\/prikbord\/\",\"url\":\"https:\/\/exceladvisor.org\/nl\/prikbord\/\",\"name\":\"Hoe maak je een kogeldiagram in Excel? (Tutorial 2023)\",\"isPartOf\":{\"@id\":\"https:\/\/exceladvisor.org\/nl\/#website\"},\"primaryImageOfPage\":{\"@id\":\"https:\/\/exceladvisor.org\/nl\/prikbord\/#primaryimage\"},\"image\":{\"@id\":\"https:\/\/exceladvisor.org\/nl\/prikbord\/#primaryimage\"},\"thumbnailUrl\":\"https:\/\/exceladvisor.org\/wp-content\/uploads\/2023\/08\/tableau-a-puces-pret-a-lemploi-dans-excel-1.png\",\"datePublished\":\"2023-11-12T16:00:40+00:00\",\"dateModified\":\"2023-12-06T05:50:09+00:00\",\"description\":\"Het kiezen van het juiste type diagram is een van de moeilijkste taken. Terwijl ik met dit soort problemen worstelde, vond ik een diagram\",\"breadcrumb\":{\"@id\":\"https:\/\/exceladvisor.org\/nl\/prikbord\/#breadcrumb\"},\"inLanguage\":\"nl-NL\",\"potentialAction\":[{\"@type\":\"ReadAction\",\"target\":[\"https:\/\/exceladvisor.org\/nl\/prikbord\/\"]}]},{\"@type\":\"ImageObject\",\"inLanguage\":\"nl-NL\",\"@id\":\"https:\/\/exceladvisor.org\/nl\/prikbord\/#primaryimage\",\"url\":\"https:\/\/exceladvisor.org\/wp-content\/uploads\/2023\/08\/tableau-a-puces-pret-a-lemploi-dans-excel-1.png\",\"contentUrl\":\"https:\/\/exceladvisor.org\/wp-content\/uploads\/2023\/08\/tableau-a-puces-pret-a-lemploi-dans-excel-1.png\"},{\"@type\":\"BreadcrumbList\",\"@id\":\"https:\/\/exceladvisor.org\/nl\/prikbord\/#breadcrumb\",\"itemListElement\":[{\"@type\":\"ListItem\",\"position\":1,\"name\":\"Thuis\",\"item\":\"https:\/\/exceladvisor.org\/nl\/\"},{\"@type\":\"ListItem\",\"position\":2,\"name\":\"Hoe maak je een kogeldiagram in excel?\"}]},{\"@type\":\"WebSite\",\"@id\":\"https:\/\/exceladvisor.org\/nl\/#website\",\"url\":\"https:\/\/exceladvisor.org\/nl\/\",\"name\":\"Excel Advisor\",\"description\":\"Uw gids voor datadominantie\",\"publisher\":{\"@id\":\"https:\/\/exceladvisor.org\/nl\/#organization\"},\"potentialAction\":[{\"@type\":\"SearchAction\",\"target\":{\"@type\":\"EntryPoint\",\"urlTemplate\":\"https:\/\/exceladvisor.org\/nl\/?s={search_term_string}\"},\"query-input\":{\"@type\":\"PropertyValueSpecification\",\"valueRequired\":true,\"valueName\":\"search_term_string\"}}],\"inLanguage\":\"nl-NL\"},{\"@type\":\"Organization\",\"@id\":\"https:\/\/exceladvisor.org\/nl\/#organization\",\"name\":\"Excel Advisor\",\"url\":\"https:\/\/exceladvisor.org\/nl\/\",\"logo\":{\"@type\":\"ImageObject\",\"inLanguage\":\"nl-NL\",\"@id\":\"https:\/\/exceladvisor.org\/nl\/#\/schema\/logo\/image\/\",\"url\":\"https:\/\/exceladvisor.org\/nl\/wp-content\/uploads\/2023\/12\/exceladvisor.org_.png\",\"contentUrl\":\"https:\/\/exceladvisor.org\/nl\/wp-content\/uploads\/2023\/12\/exceladvisor.org_.png\",\"width\":105,\"height\":36,\"caption\":\"Excel Advisor\"},\"image\":{\"@id\":\"https:\/\/exceladvisor.org\/nl\/#\/schema\/logo\/image\/\"}}]}<\/script>\n<!-- \/ Yoast SEO plugin. -->","yoast_head_json":{"title":"Hoe maak je een kogeldiagram in Excel? (Tutorial 2023)","description":"Het kiezen van het juiste type diagram is een van de moeilijkste taken. Terwijl ik met dit soort problemen worstelde, vond ik een diagram","robots":{"index":"index","follow":"follow","max-snippet":"max-snippet:-1","max-image-preview":"max-image-preview:large","max-video-preview":"max-video-preview:-1"},"canonical":"https:\/\/exceladvisor.org\/nl\/prikbord\/","og_locale":"nl_NL","og_type":"article","og_title":"Hoe maak je een kogeldiagram in Excel? (Tutorial 2023)","og_description":"Het kiezen van het juiste type diagram is een van de moeilijkste taken. Terwijl ik met dit soort problemen worstelde, vond ik een diagram","og_url":"https:\/\/exceladvisor.org\/nl\/prikbord\/","og_site_name":"Excel Advisor","article_modified_time":"2023-12-06T05:50:09+00:00","og_image":[{"url":"https:\/\/exceladvisor.org\/wp-content\/uploads\/2023\/08\/tableau-a-puces-pret-a-lemploi-dans-excel-1.png","type":"","width":"","height":""}],"twitter_card":"summary_large_image","twitter_misc":{"Geschatte leestijd":"4 minuten"},"schema":{"@context":"https:\/\/schema.org","@graph":[{"@type":"WebPage","@id":"https:\/\/exceladvisor.org\/nl\/prikbord\/","url":"https:\/\/exceladvisor.org\/nl\/prikbord\/","name":"Hoe maak je een kogeldiagram in Excel? (Tutorial 2023)","isPartOf":{"@id":"https:\/\/exceladvisor.org\/nl\/#website"},"primaryImageOfPage":{"@id":"https:\/\/exceladvisor.org\/nl\/prikbord\/#primaryimage"},"image":{"@id":"https:\/\/exceladvisor.org\/nl\/prikbord\/#primaryimage"},"thumbnailUrl":"https:\/\/exceladvisor.org\/wp-content\/uploads\/2023\/08\/tableau-a-puces-pret-a-lemploi-dans-excel-1.png","datePublished":"2023-11-12T16:00:40+00:00","dateModified":"2023-12-06T05:50:09+00:00","description":"Het kiezen van het juiste type diagram is een van de moeilijkste taken. Terwijl ik met dit soort problemen worstelde, vond ik een diagram","breadcrumb":{"@id":"https:\/\/exceladvisor.org\/nl\/prikbord\/#breadcrumb"},"inLanguage":"nl-NL","potentialAction":[{"@type":"ReadAction","target":["https:\/\/exceladvisor.org\/nl\/prikbord\/"]}]},{"@type":"ImageObject","inLanguage":"nl-NL","@id":"https:\/\/exceladvisor.org\/nl\/prikbord\/#primaryimage","url":"https:\/\/exceladvisor.org\/wp-content\/uploads\/2023\/08\/tableau-a-puces-pret-a-lemploi-dans-excel-1.png","contentUrl":"https:\/\/exceladvisor.org\/wp-content\/uploads\/2023\/08\/tableau-a-puces-pret-a-lemploi-dans-excel-1.png"},{"@type":"BreadcrumbList","@id":"https:\/\/exceladvisor.org\/nl\/prikbord\/#breadcrumb","itemListElement":[{"@type":"ListItem","position":1,"name":"Thuis","item":"https:\/\/exceladvisor.org\/nl\/"},{"@type":"ListItem","position":2,"name":"Hoe maak je een kogeldiagram in excel?"}]},{"@type":"WebSite","@id":"https:\/\/exceladvisor.org\/nl\/#website","url":"https:\/\/exceladvisor.org\/nl\/","name":"Excel Advisor","description":"Uw gids voor datadominantie","publisher":{"@id":"https:\/\/exceladvisor.org\/nl\/#organization"},"potentialAction":[{"@type":"SearchAction","target":{"@type":"EntryPoint","urlTemplate":"https:\/\/exceladvisor.org\/nl\/?s={search_term_string}"},"query-input":{"@type":"PropertyValueSpecification","valueRequired":true,"valueName":"search_term_string"}}],"inLanguage":"nl-NL"},{"@type":"Organization","@id":"https:\/\/exceladvisor.org\/nl\/#organization","name":"Excel Advisor","url":"https:\/\/exceladvisor.org\/nl\/","logo":{"@type":"ImageObject","inLanguage":"nl-NL","@id":"https:\/\/exceladvisor.org\/nl\/#\/schema\/logo\/image\/","url":"https:\/\/exceladvisor.org\/nl\/wp-content\/uploads\/2023\/12\/exceladvisor.org_.png","contentUrl":"https:\/\/exceladvisor.org\/nl\/wp-content\/uploads\/2023\/12\/exceladvisor.org_.png","width":105,"height":36,"caption":"Excel Advisor"},"image":{"@id":"https:\/\/exceladvisor.org\/nl\/#\/schema\/logo\/image\/"}}]}},"yoast_meta":{"yoast_wpseo_title":"","yoast_wpseo_metadesc":"","yoast_wpseo_canonical":""},"_links":{"self":[{"href":"https:\/\/exceladvisor.org\/nl\/wp-json\/wp\/v2\/pages\/1666","targetHints":{"allow":["GET"]}}],"collection":[{"href":"https:\/\/exceladvisor.org\/nl\/wp-json\/wp\/v2\/pages"}],"about":[{"href":"https:\/\/exceladvisor.org\/nl\/wp-json\/wp\/v2\/types\/page"}],"author":[{"embeddable":true,"href":"https:\/\/exceladvisor.org\/nl\/wp-json\/wp\/v2\/users\/1"}],"replies":[{"embeddable":true,"href":"https:\/\/exceladvisor.org\/nl\/wp-json\/wp\/v2\/comments?post=1666"}],"version-history":[{"count":1,"href":"https:\/\/exceladvisor.org\/nl\/wp-json\/wp\/v2\/pages\/1666\/revisions"}],"predecessor-version":[{"id":2680,"href":"https:\/\/exceladvisor.org\/nl\/wp-json\/wp\/v2\/pages\/1666\/revisions\/2680"}],"wp:attachment":[{"href":"https:\/\/exceladvisor.org\/nl\/wp-json\/wp\/v2\/media?parent=1666"}],"curies":[{"name":"wp","href":"https:\/\/api.w.org\/{rel}","templated":true}]}}