{"id":1668,"date":"2023-11-12T15:00:24","date_gmt":"2023-11-12T15:00:24","guid":{"rendered":"https:\/\/exceladvisor.org\/nl\/som-indien-groter-dan-nul-2\/"},"modified":"2023-12-06T05:52:18","modified_gmt":"2023-12-06T05:52:18","slug":"som-indien-groter-dan-nul-2","status":"publish","type":"page","link":"https:\/\/exceladvisor.org\/nl\/som-indien-groter-dan-nul-2\/","title":{"rendered":"Hoe waarden groter dan nul toevoegen?"},"content":{"rendered":"<div class=\"excel-voor-de-inhoud\" id=\"excel-3963152612\"><script type=\"text\/javascript\">\r\n\tatOptions = {\r\n\t\t'key' : 'c1158f160081d6540a8409e6925dab94',\r\n\t\t'format' : 'iframe',\r\n\t\t'height' : 250,\r\n\t\t'width' : 300,\r\n\t\t'params' : {}\r\n\t};\r\n<\/script>\r\n<script type=\"text\/javascript\" src=\"\/\/www.highperformanceformat.com\/c1158f160081d6540a8409e6925dab94\/invoke.js\"><\/script><\/div> <p>Om waarden groter dan nul toe te voegen, kunt u de SUMIF-functie gebruiken om een voorwaarde op te geven. In SUMIF kunt u met het argument criteria een voorwaarde schrijven waarin u de operator &#8216;groter dan&#8217; kunt gebruiken en een nul (0) kunt invoeren. U kunt hetzelfde bereik gebruiken om de voorwaarden te testen en de som te berekenen. <\/p><div class=\"wp-block-image\"><figure class=\"aligncenter size-full is-resized\"><img loading=\"lazy\" decoding=\"async\" class=\"wp-image-79474\" src=\"https:\/\/exceladvisor.org\/wp-content\/uploads\/2023\/08\/1-somme-superieure-a-zero.png\" sizes=\"auto, \" srcset=\"\" alt=\"somwaarde groter dan nul\" width=\"599\" height=\"409\"><\/figure><\/div><p> Of u kunt ook twee verschillende bereiken gebruiken: \u00e9\u00e9n om de toestand te testen en \u00e9\u00e9n om de som te berekenen.<\/p><h2 class=\"wp-block-heading\"> Stappen voor het schrijven van een formule: SUMIF groter dan nul<\/h2><p> U kunt de onderstaande stappen gebruiken:<\/p><ol type=\"1\"><li> Voer eerst in een cel de SUMIF-functie in.<\/li><li> Raadpleeg daarna in het criteriabereik de kolom Dagen voorbij.<\/li><li> Gebruik vervolgens in het criteriumargument \u201c&gt;0\u201d.<\/li><li> Raadpleeg nu in sum_range de kolom Aantal.<\/li><li> Druk aan het einde op Enter om het resultaat te krijgen. <\/li><\/ol><div class=\"wp-block-image\"><figure class=\"aligncenter size-full is-resized\"><img loading=\"lazy\" decoding=\"async\" class=\"wp-image-79475\" src=\"https:\/\/exceladvisor.org\/wp-content\/uploads\/2023\/08\/2-somme-si-superieur-a-zero.png\" sizes=\"auto, \" srcset=\"\" alt=\"sumif-groter dan nul\" width=\"694\" height=\"412\"><\/figure><\/div><pre class=\"wp-block-code\"> <code class=\"language-excel-formula\" lang=\"excel-formula\">=SUMIF(B2:B11,\"&gt;0\",C2:C11)<\/code><\/pre><p> Zoals u kunt zien, retourneert het alleen de som van de waarden in de kolom Aantal, waarbij u een waarde groter dan nul heeft in de kolom Dagen afgelopen. U kunt hetzelfde resultaat zien in de <a href=\"https:\/\/exceladvisor.org\/nl\/statusbalk\/\">statusbalk<\/a> . <\/p><div class=\"wp-block-image\"><figure class=\"aligncenter size-full is-resized\"><img loading=\"lazy\" decoding=\"async\" class=\"wp-image-79476\" src=\"https:\/\/exceladvisor.org\/wp-content\/uploads\/2023\/08\/3-renvoie-la-valeur-somme.png\" sizes=\"auto, \" srcset=\"\" alt=\"retoursomwaarde\" width=\"581\" height=\"396\"><\/figure><\/div><h2 class=\"wp-block-heading\"> Een celverwijzing gebruiken om nul op te geven<\/h2><p> Wanneer u de formule schrijft, kunt u naar een cel verwijzen om daarin nul op te geven. <\/p><div class=\"wp-block-image\"><figure class=\"aligncenter size-full is-resized\"><img loading=\"lazy\" decoding=\"async\" class=\"wp-image-79477\" src=\"https:\/\/exceladvisor.org\/wp-content\/uploads\/2023\/08\/Reference-de-4-cellules-pour-specifier-zero.png\" sizes=\"auto, \" srcset=\"\" alt=\"celverwijzing om nul op te geven\" width=\"673\" height=\"374\"><\/figure><\/div><pre class=\"wp-block-code\"> <code class=\"language-excel-formula\" lang=\"excel-formula\">=SUMIF(B2:B11,\"&gt;\"&amp;D1,C2:C11)<\/code><\/pre><p> In de bovenstaande formule gebruikten we in de criteria een ampersand en verwezen vervolgens naar cel D1 waar we de nul hebben. Dit resulteert in een dynamische formule waarin u de toestand van de cel kunt wijzigen in plaats van deze vanuit de formule te wijzigen.<\/p><h2 class=\"wp-block-heading\"> Wat moet ik doen als ik SUMIFS wil gebruiken in plaats van SUMIF?<\/h2><p> Ja, je kunt het gebruiken. <\/p><div class=\"wp-block-image\"><figure class=\"aligncenter size-full is-resized\"><img loading=\"lazy\" decoding=\"async\" class=\"wp-image-79478\" src=\"https:\/\/exceladvisor.org\/wp-content\/uploads\/2023\/08\/5-sommes-superieures-a-zero.png\" sizes=\"auto, \" srcset=\"\" alt=\"sumifs-groter-dan-nul\" width=\"674\" height=\"381\"><\/figure><\/div><p> In SUMIFS moet u eerst het sum_range opgeven. Daarna moet u het criteriabereik opgeven en aan het einde moet u de criteria invoeren die u wilt testen.<\/p><pre class=\"wp-block-code\"> <code class=\"language-excel-formula\" lang=\"excel-formula\">=SUMIFS(C2:C11,B2:B11,\"&gt;0\")<\/code><\/pre><div class=\"gb-container gb-container-52dfcee1 gb-container-sample-file\"><h2 class=\"gb-headline gb-headline-e289c143 gb-headline-text gb-headline-4f7959c2\"> Haal het Excel-bestand op<\/h2> <a class=\"gb-button gb-button-e88d6bee gb-button-text gb-button-button1\" href=\"https:\/\/exceladvisor.org\/wp-content\/uploads\/2023\/08\/somme-si-superieure-a-zero.xlsx\" rel=\"nofollow\">Downloaden<\/a><\/div><div class=\"gb-container gb-container-0df56012 gb-container-mt\"> <a class=\"gb-button gb-button-f9f432f4 gb-button-text gb-button-mt-button\" href=\"https:\/\/exceladvisor.org\/nl\/formules\/\">Lijst met Excel-formules<\/a><h2 class=\"gb-headline gb-headline-233444e8 gb-headline-text gb-headline-mt-heading\"> Gerelateerde formules <\/h2><div class=\"gb-grid-wrapper gb-grid-wrapper-a16fa65c gb-grid-wrapper-mt-grid\"><div class=\"gb-grid-column gb-grid-column-50d07e0d\"><div class=\"gb-container gb-container-50d07e0d\"><ul><li> <a href=\"https:\/\/exceladvisor.org\/nl\/som-indien-groter-dan\/\">Som groter dan waarden met SUMIF<\/a><\/li><li> <a href=\"https:\/\/exceladvisor.org\/nl\/sumives-niet-gelijk\/\">Som van niet-gelijke waarden (SUMIFS) in Excel<\/a><\/li><li> <a href=\"https:\/\/exceladvisor.org\/nl\/sumif-sumifs-of-logica\/\">SUMIF\/SUMIFS met OR-logica in Excel<\/a><\/li><li> <a href=\"https:\/\/exceladvisor.org\/nl\/sumif-met-jokertekens\/\">SUMIF met jokertekens in Excel<\/a><\/li><li> <a href=\"https:\/\/exceladvisor.org\/nl\/som-van-waarden-tussen-twee-datums\/\">SUMIFS-datumbereik (som van waarden tussen twee datummatrices)<\/a> <\/li><\/ul><\/div><\/div><div class=\"gb-grid-column gb-grid-column-5b4a0cf9\"><div class=\"gb-container gb-container-5b4a0cf9\"><\/div><\/div><\/div><\/div>","protected":false},"excerpt":{"rendered":"","protected":false},"author":1,"featured_media":0,"parent":0,"menu_order":0,"comment_status":"open","ping_status":"closed","template":"","meta":{"ub_ctt_via":"","footnotes":""},"class_list":["post-1668","page","type-page","status-publish","hentry"],"featured_image_src":null,"yoast_head":"<!-- This site is optimized with the Yoast SEO plugin v25.4 - https:\/\/yoast.com\/wordpress\/plugins\/seo\/ -->\n<title>Hoe waarden groter dan nul toevoegen? Excel-adviseur<\/title>\n<meta name=\"description\" content=\"In deze tutorial leren we hoe we een Excel-formule kunnen schrijven met SUMIF om waarden groter dan nul toe te voegen. Laten we dit controleren...\" \/>\n<meta name=\"robots\" content=\"index, follow, max-snippet:-1, max-image-preview:large, max-video-preview:-1\" \/>\n<link rel=\"canonical\" href=\"https:\/\/exceladvisor.org\/nl\/som-indien-groter-dan-nul-2\/\" \/>\n<meta property=\"og:locale\" content=\"nl_NL\" \/>\n<meta property=\"og:type\" content=\"article\" \/>\n<meta property=\"og:title\" content=\"Hoe waarden groter dan nul toevoegen? Excel-adviseur\" \/>\n<meta property=\"og:description\" content=\"In deze tutorial leren we hoe we een Excel-formule kunnen schrijven met SUMIF om waarden groter dan nul toe te voegen. Laten we dit controleren...\" \/>\n<meta property=\"og:url\" content=\"https:\/\/exceladvisor.org\/nl\/som-indien-groter-dan-nul-2\/\" \/>\n<meta property=\"og:site_name\" content=\"Excel Advisor\" \/>\n<meta property=\"article:modified_time\" content=\"2023-12-06T05:52:18+00:00\" \/>\n<meta property=\"og:image\" content=\"https:\/\/exceladvisor.org\/wp-content\/uploads\/2023\/08\/1-somme-superieure-a-zero.png\" \/>\n<meta name=\"twitter:card\" content=\"summary_large_image\" \/>\n<meta name=\"twitter:label1\" content=\"Geschatte leestijd\" \/>\n\t<meta name=\"twitter:data1\" content=\"2 minuten\" \/>\n<script type=\"application\/ld+json\" class=\"yoast-schema-graph\">{\"@context\":\"https:\/\/schema.org\",\"@graph\":[{\"@type\":\"WebPage\",\"@id\":\"https:\/\/exceladvisor.org\/nl\/som-indien-groter-dan-nul-2\/\",\"url\":\"https:\/\/exceladvisor.org\/nl\/som-indien-groter-dan-nul-2\/\",\"name\":\"Hoe waarden groter dan nul toevoegen? Excel-adviseur\",\"isPartOf\":{\"@id\":\"https:\/\/exceladvisor.org\/nl\/#website\"},\"primaryImageOfPage\":{\"@id\":\"https:\/\/exceladvisor.org\/nl\/som-indien-groter-dan-nul-2\/#primaryimage\"},\"image\":{\"@id\":\"https:\/\/exceladvisor.org\/nl\/som-indien-groter-dan-nul-2\/#primaryimage\"},\"thumbnailUrl\":\"https:\/\/exceladvisor.org\/wp-content\/uploads\/2023\/08\/1-somme-superieure-a-zero.png\",\"datePublished\":\"2023-11-12T15:00:24+00:00\",\"dateModified\":\"2023-12-06T05:52:18+00:00\",\"description\":\"In deze tutorial leren we hoe we een Excel-formule kunnen schrijven met SUMIF om waarden groter dan nul toe te voegen. Laten we dit controleren...\",\"breadcrumb\":{\"@id\":\"https:\/\/exceladvisor.org\/nl\/som-indien-groter-dan-nul-2\/#breadcrumb\"},\"inLanguage\":\"nl-NL\",\"potentialAction\":[{\"@type\":\"ReadAction\",\"target\":[\"https:\/\/exceladvisor.org\/nl\/som-indien-groter-dan-nul-2\/\"]}]},{\"@type\":\"ImageObject\",\"inLanguage\":\"nl-NL\",\"@id\":\"https:\/\/exceladvisor.org\/nl\/som-indien-groter-dan-nul-2\/#primaryimage\",\"url\":\"https:\/\/exceladvisor.org\/wp-content\/uploads\/2023\/08\/1-somme-superieure-a-zero.png\",\"contentUrl\":\"https:\/\/exceladvisor.org\/wp-content\/uploads\/2023\/08\/1-somme-superieure-a-zero.png\"},{\"@type\":\"BreadcrumbList\",\"@id\":\"https:\/\/exceladvisor.org\/nl\/som-indien-groter-dan-nul-2\/#breadcrumb\",\"itemListElement\":[{\"@type\":\"ListItem\",\"position\":1,\"name\":\"Thuis\",\"item\":\"https:\/\/exceladvisor.org\/nl\/\"},{\"@type\":\"ListItem\",\"position\":2,\"name\":\"Hoe waarden groter dan nul toevoegen?\"}]},{\"@type\":\"WebSite\",\"@id\":\"https:\/\/exceladvisor.org\/nl\/#website\",\"url\":\"https:\/\/exceladvisor.org\/nl\/\",\"name\":\"Excel Advisor\",\"description\":\"Uw gids voor datadominantie\",\"publisher\":{\"@id\":\"https:\/\/exceladvisor.org\/nl\/#organization\"},\"potentialAction\":[{\"@type\":\"SearchAction\",\"target\":{\"@type\":\"EntryPoint\",\"urlTemplate\":\"https:\/\/exceladvisor.org\/nl\/?s={search_term_string}\"},\"query-input\":{\"@type\":\"PropertyValueSpecification\",\"valueRequired\":true,\"valueName\":\"search_term_string\"}}],\"inLanguage\":\"nl-NL\"},{\"@type\":\"Organization\",\"@id\":\"https:\/\/exceladvisor.org\/nl\/#organization\",\"name\":\"Excel Advisor\",\"url\":\"https:\/\/exceladvisor.org\/nl\/\",\"logo\":{\"@type\":\"ImageObject\",\"inLanguage\":\"nl-NL\",\"@id\":\"https:\/\/exceladvisor.org\/nl\/#\/schema\/logo\/image\/\",\"url\":\"https:\/\/exceladvisor.org\/nl\/wp-content\/uploads\/2023\/12\/exceladvisor.org_.png\",\"contentUrl\":\"https:\/\/exceladvisor.org\/nl\/wp-content\/uploads\/2023\/12\/exceladvisor.org_.png\",\"width\":105,\"height\":36,\"caption\":\"Excel Advisor\"},\"image\":{\"@id\":\"https:\/\/exceladvisor.org\/nl\/#\/schema\/logo\/image\/\"}}]}<\/script>\n<!-- \/ Yoast SEO plugin. -->","yoast_head_json":{"title":"Hoe waarden groter dan nul toevoegen? Excel-adviseur","description":"In deze tutorial leren we hoe we een Excel-formule kunnen schrijven met SUMIF om waarden groter dan nul toe te voegen. Laten we dit controleren...","robots":{"index":"index","follow":"follow","max-snippet":"max-snippet:-1","max-image-preview":"max-image-preview:large","max-video-preview":"max-video-preview:-1"},"canonical":"https:\/\/exceladvisor.org\/nl\/som-indien-groter-dan-nul-2\/","og_locale":"nl_NL","og_type":"article","og_title":"Hoe waarden groter dan nul toevoegen? Excel-adviseur","og_description":"In deze tutorial leren we hoe we een Excel-formule kunnen schrijven met SUMIF om waarden groter dan nul toe te voegen. Laten we dit controleren...","og_url":"https:\/\/exceladvisor.org\/nl\/som-indien-groter-dan-nul-2\/","og_site_name":"Excel Advisor","article_modified_time":"2023-12-06T05:52:18+00:00","og_image":[{"url":"https:\/\/exceladvisor.org\/wp-content\/uploads\/2023\/08\/1-somme-superieure-a-zero.png","type":"","width":"","height":""}],"twitter_card":"summary_large_image","twitter_misc":{"Geschatte leestijd":"2 minuten"},"schema":{"@context":"https:\/\/schema.org","@graph":[{"@type":"WebPage","@id":"https:\/\/exceladvisor.org\/nl\/som-indien-groter-dan-nul-2\/","url":"https:\/\/exceladvisor.org\/nl\/som-indien-groter-dan-nul-2\/","name":"Hoe waarden groter dan nul toevoegen? Excel-adviseur","isPartOf":{"@id":"https:\/\/exceladvisor.org\/nl\/#website"},"primaryImageOfPage":{"@id":"https:\/\/exceladvisor.org\/nl\/som-indien-groter-dan-nul-2\/#primaryimage"},"image":{"@id":"https:\/\/exceladvisor.org\/nl\/som-indien-groter-dan-nul-2\/#primaryimage"},"thumbnailUrl":"https:\/\/exceladvisor.org\/wp-content\/uploads\/2023\/08\/1-somme-superieure-a-zero.png","datePublished":"2023-11-12T15:00:24+00:00","dateModified":"2023-12-06T05:52:18+00:00","description":"In deze tutorial leren we hoe we een Excel-formule kunnen schrijven met SUMIF om waarden groter dan nul toe te voegen. Laten we dit controleren...","breadcrumb":{"@id":"https:\/\/exceladvisor.org\/nl\/som-indien-groter-dan-nul-2\/#breadcrumb"},"inLanguage":"nl-NL","potentialAction":[{"@type":"ReadAction","target":["https:\/\/exceladvisor.org\/nl\/som-indien-groter-dan-nul-2\/"]}]},{"@type":"ImageObject","inLanguage":"nl-NL","@id":"https:\/\/exceladvisor.org\/nl\/som-indien-groter-dan-nul-2\/#primaryimage","url":"https:\/\/exceladvisor.org\/wp-content\/uploads\/2023\/08\/1-somme-superieure-a-zero.png","contentUrl":"https:\/\/exceladvisor.org\/wp-content\/uploads\/2023\/08\/1-somme-superieure-a-zero.png"},{"@type":"BreadcrumbList","@id":"https:\/\/exceladvisor.org\/nl\/som-indien-groter-dan-nul-2\/#breadcrumb","itemListElement":[{"@type":"ListItem","position":1,"name":"Thuis","item":"https:\/\/exceladvisor.org\/nl\/"},{"@type":"ListItem","position":2,"name":"Hoe waarden groter dan nul toevoegen?"}]},{"@type":"WebSite","@id":"https:\/\/exceladvisor.org\/nl\/#website","url":"https:\/\/exceladvisor.org\/nl\/","name":"Excel Advisor","description":"Uw gids voor datadominantie","publisher":{"@id":"https:\/\/exceladvisor.org\/nl\/#organization"},"potentialAction":[{"@type":"SearchAction","target":{"@type":"EntryPoint","urlTemplate":"https:\/\/exceladvisor.org\/nl\/?s={search_term_string}"},"query-input":{"@type":"PropertyValueSpecification","valueRequired":true,"valueName":"search_term_string"}}],"inLanguage":"nl-NL"},{"@type":"Organization","@id":"https:\/\/exceladvisor.org\/nl\/#organization","name":"Excel Advisor","url":"https:\/\/exceladvisor.org\/nl\/","logo":{"@type":"ImageObject","inLanguage":"nl-NL","@id":"https:\/\/exceladvisor.org\/nl\/#\/schema\/logo\/image\/","url":"https:\/\/exceladvisor.org\/nl\/wp-content\/uploads\/2023\/12\/exceladvisor.org_.png","contentUrl":"https:\/\/exceladvisor.org\/nl\/wp-content\/uploads\/2023\/12\/exceladvisor.org_.png","width":105,"height":36,"caption":"Excel Advisor"},"image":{"@id":"https:\/\/exceladvisor.org\/nl\/#\/schema\/logo\/image\/"}}]}},"yoast_meta":{"yoast_wpseo_title":"","yoast_wpseo_metadesc":"","yoast_wpseo_canonical":""},"_links":{"self":[{"href":"https:\/\/exceladvisor.org\/nl\/wp-json\/wp\/v2\/pages\/1668","targetHints":{"allow":["GET"]}}],"collection":[{"href":"https:\/\/exceladvisor.org\/nl\/wp-json\/wp\/v2\/pages"}],"about":[{"href":"https:\/\/exceladvisor.org\/nl\/wp-json\/wp\/v2\/types\/page"}],"author":[{"embeddable":true,"href":"https:\/\/exceladvisor.org\/nl\/wp-json\/wp\/v2\/users\/1"}],"replies":[{"embeddable":true,"href":"https:\/\/exceladvisor.org\/nl\/wp-json\/wp\/v2\/comments?post=1668"}],"version-history":[{"count":1,"href":"https:\/\/exceladvisor.org\/nl\/wp-json\/wp\/v2\/pages\/1668\/revisions"}],"predecessor-version":[{"id":2892,"href":"https:\/\/exceladvisor.org\/nl\/wp-json\/wp\/v2\/pages\/1668\/revisions\/2892"}],"wp:attachment":[{"href":"https:\/\/exceladvisor.org\/nl\/wp-json\/wp\/v2\/media?parent=1668"}],"curies":[{"name":"wp","href":"https:\/\/api.w.org\/{rel}","templated":true}]}}