{"id":1694,"date":"2023-11-11T11:17:32","date_gmt":"2023-11-11T11:17:32","guid":{"rendered":"https:\/\/exceladvisor.org\/nl\/vervangen-vinden\/"},"modified":"2023-12-06T05:52:32","modified_gmt":"2023-12-06T05:52:32","slug":"vervangen-vinden","status":"publish","type":"page","link":"https:\/\/exceladvisor.org\/nl\/vervangen-vinden\/","title":{"rendered":"Hoe zoeken en vervangen in excel?"},"content":{"rendered":"<div class=\"excel-voor-de-inhoud\" id=\"excel-845067802\"><script type=\"text\/javascript\">\r\n\tatOptions = {\r\n\t\t'key' : 'c1158f160081d6540a8409e6925dab94',\r\n\t\t'format' : 'iframe',\r\n\t\t'height' : 250,\r\n\t\t'width' : 300,\r\n\t\t'params' : {}\r\n\t};\r\n<\/script>\r\n<script type=\"text\/javascript\" src=\"\/\/www.highperformanceformat.com\/c1158f160081d6540a8409e6925dab94\/invoke.js\"><\/script><\/div> <p>Als we aan veel projecten werken, is het soms moeilijk om specifieke gegevens in een spreadsheet te vinden. Het scannen van het hele document, dat honderden rijen en kolommen bevat, is onmogelijk.<\/p><p> Met deze superkrachtige en handige zoek- en vervangfunctie kunnen we elk getal, tekenreeks of speciaal teken vinden als je weet hoe je het moet gebruiken. Bovendien kunt u met de vervangingsfunctie elk woord of elke waarde met anderen wijzigen.<\/p><p> In deze zelfstudie leren of begrijpen we hoe de functie Zoeken en vervangen werkt.<\/p><h2 class=\"wp-block-heading\"> Snelkoppeling om Zoeken en vervangen te openen<\/h2><p> Om de optie Zoeken en vervangen snel te openen, kunt u de volgende sneltoetsen gebruiken.<\/p><ul><li> <strong>Zoeken:<\/strong> Ctrl+F<\/li><li> <strong>Vervangen:<\/strong> Ctrl+H<\/li><\/ul><h2 class=\"wp-block-heading\"> Gebruik de optie Zoeken in Excel<\/h2><p> Laten we een eenvoudig voorbeeld nemen om te begrijpen hoe de zoekoptie werkt.<\/p><ol><li> Ga eerst naar het tabblad <strong>Start<\/strong> en vervolgens naar de groep <strong>Bewerken<\/strong> . Klik op het vervolgkeuzemenu Zoeken en selecteren en selecteer de optie &#8216; <strong>Zoeken<\/strong> &#8216;. <br><img loading=\"lazy\" decoding=\"async\" title=\"1-huis-en-vind-optie\" src=\"https:\/\/exceladvisor.org\/wp-content\/uploads\/2023\/08\/1-option-daccueil-et-de-recherche.png\" sizes=\"auto, \" srcset=\"\" alt=\"click-home-and-select-find-option\" width=\"813\" height=\"248\"><\/li><li> Zodra u erop klikt, wordt het dialoogvenster &#8216; <strong>Zoeken en vervangen<\/strong> &#8216; in het venster geopend.<\/li><li> Nu kunt u de waarde typen in het invoervak &#8216; <strong>Zoeken<\/strong> &#8216; die u in uw spreadsheet wilt vinden.<\/li><li> Druk daarna op de knop &#8220;Enter&#8221; en u zult merken dat de cel met dezelfde waarde wordt gemarkeerd. <br><img loading=\"lazy\" decoding=\"async\" title=\"2-zoek-welke-optie-en-voer in\" src=\"https:\/\/exceladvisor.org\/wp-content\/uploads\/2023\/08\/2-trouvez-quelle-option-et-entrez.png\" sizes=\"auto, \" srcset=\"\" alt=\"fill-find-what-option-and-enter\" width=\"676\" height=\"271\"><\/li><\/ol><p> Wanneer u op de knop &#8221; <strong>Alles zoeken<\/strong> &#8221; klikt, krijgt u een lijst met cellen waarin die waarde of dat woord is gevonden. Wanneer u de knop &#8220;Volgende zoeken&#8221; gebruikt, selecteert Excel de andere cel waar de zoekwaarde in het blad voorkomt, enzovoort. <\/p><div class=\"wp-block-image\"><figure class=\"aligncenter size-full is-resized\"><img loading=\"lazy\" decoding=\"async\" class=\"wp-image-70737\" src=\"https:\/\/exceladvisor.org\/wp-content\/uploads\/2023\/08\/3-trouver-toutes-les-fonctions.png\" sizes=\"auto, \" srcset=\"\" alt=\"klik op-vind-alle-functies-voor-alle-waarden\" width=\"714\" height=\"320\"><\/figure><\/div><h2 class=\"wp-block-heading\"> Gebruik de optie Vervangen in Excel<\/h2><p> Laten we nu eens kijken hoe we de specifieke waarde of gegevens kunnen vervangen door een andere uit het werkblad. Hier zijn de volgende stappen die u moet nemen:<\/p><ol><li> Allereerst kunt u het dialoogvenster &#8220;Vervangen&#8221; openen met behulp van de <strong>sneltoetsen, bijvoorbeeld<\/strong> <strong>Ctrl + H.<\/strong> <br><img loading=\"lazy\" decoding=\"async\" title=\"4-dialoogvenster-zoeken-en-vervangen\" src=\"https:\/\/exceladvisor.org\/wp-content\/uploads\/2023\/08\/4-boite-de-dialogue-Rechercher-et-remplacer.png\" sizes=\"auto, \" srcset=\"\" alt=\"find-and-replace-dialog-box\" width=\"669\" height=\"229\"><\/li><li> Er zullen twee dialoogvensters zijn: &#8221; <strong>Zoeken naar<\/strong> &#8221; en &#8221; <strong>Vervangen door<\/strong> &#8220;. Hierin kunt u de waarde of tekst invullen waarnaar u wilt zoeken en deze vervangen.<\/li><li> <strong>Klik nu op de<\/strong> <strong>knop<\/strong> \u201c <strong>Vervangen<\/strong> \u201d en u bekijkt elke waarde die \u00e9\u00e9n voor \u00e9\u00e9n wordt vervangen. (Dit werkt als de optie &#8221; <strong>Volgende zoeken<\/strong> &#8220;.) <br><img loading=\"lazy\" decoding=\"async\" title=\"5-gebruik-vervang-optie-1\" src=\"https:\/\/exceladvisor.org\/wp-content\/uploads\/2023\/08\/5-utilisez-loption-de-remplacement-1.png\" sizes=\"auto, \" srcset=\"\" alt=\"\" width=\"742\" height=\"252\"><\/li><li> Bovendien bespaart de knop \u201c <strong>Alles vervangen<\/strong> \u201d u tijd en <strong>vervangt u alle gegevens<\/strong> <strong>met slechts \u00e9\u00e9n klik<\/strong> . <br><img loading=\"lazy\" decoding=\"async\" title=\"6-alles-vervangen-optie\" src=\"https:\/\/exceladvisor.org\/wp-content\/uploads\/2023\/08\/6-remplacer-toutes-les-options.png\" sizes=\"auto, \" srcset=\"\" alt=\"use-replace-all-option\" width=\"669\" height=\"228\"><\/li><\/ol><h2 class=\"wp-block-heading\"> Zoek en vervang door meer opties<\/h2><p> Er zijn geavanceerde opties in het dialoogvenster Zoeken en vervangen waarmee u de gegevens in het spreadsheet kunt aanpassen aan uw behoeften. Laten we het in detail bespreken:<\/p><ol><li> Gebruik eerst de <strong>sneltoetsen Ctrl+F<\/strong> om het zoekdialoogvenster te openen. Klik vervolgens op de knop &#8221; <strong>Opties<\/strong> &#8221; in het dialoogvenster.<\/li><li> Zodra u erop klikt, vindt u verschillende instellingen met verschillende specifieke voorwaarden.<\/li><li> De eerste is \u2018 <strong>Binnen<\/strong> \u2019. Wanneer u daar op het vervolgkeuzemenu klikt, heeft u de keuze om de waarde in het blad of in de hele werkmap te doorzoeken. <br><img loading=\"lazy\" decoding=\"async\" title=\"7-meer-opties-in-het-blad\" src=\"https:\/\/exceladvisor.org\/wp-content\/uploads\/2023\/08\/7-options-supplementaires-dans-la-feuille.png\" sizes=\"auto, \" srcset=\"\" alt=\"more-options-within-sheet-find-and-replace\" width=\"703\" height=\"322\"><\/li><li> Vervolgens kunt u met het \u201c <strong>zoekvak<\/strong> \u201d de gegevens afzonderlijk in rijen en kolommen vinden.<\/li><li> In het geval van de <strong>optie \u2018Zoeken in\u2019<\/strong> kunt u echter direct een cel vinden die een specifieke formule, waarden en opmerkingen bevat. <br><img loading=\"lazy\" decoding=\"async\" title=\"8 zoek- en zoekopties\" src=\"https:\/\/exceladvisor.org\/wp-content\/uploads\/2023\/08\/8-rechercher-et-regarder-dans-les-options.png\" sizes=\"auto, \" srcset=\"\" alt=\"search-and-look-in-options-find-and-replace\" width=\"692\" height=\"283\"><\/li><\/ol><p> <strong>Match case:<\/strong> u kunt deze optie aanvinken als u naar een waarde met exact hoofdlettergebruik wilt zoeken. Bijvoorbeeld: Wanneer u een waarde in hoofdletters heeft en u alleen naar waarden in hoofdletters wilt zoeken. <\/p><div class=\"wp-block-image\"><figure class=\"aligncenter size-full is-resized\"><img loading=\"lazy\" decoding=\"async\" class=\"wp-image-70962\" src=\"https:\/\/exceladvisor.org\/wp-content\/uploads\/2023\/08\/11-ajouts-de-boitiers-dallumettes.png\" sizes=\"auto, \" srcset=\"\" alt=\"match-case-toevoegingen\" width=\"764\" height=\"390\"><\/figure><\/div><p> <strong>Overeenkomen met volledige celinhoud:<\/strong> Wanneer u op deze optie klikt, kunt u exact dezelfde overeenkomst markeren die u in uw zoekopdracht heeft toegevoegd. Bovendien is het in dit geval niet mogelijk om dezelfde waarde te vinden met welk symbool of teken dan ook. <\/p><div class=\"wp-block-image\"><figure class=\"aligncenter size-full is-resized\"><img loading=\"lazy\" decoding=\"async\" class=\"wp-image-70966\" src=\"https:\/\/exceladvisor.org\/wp-content\/uploads\/2023\/08\/12-correspondent-a-des-ajouts-de-contenu-de-cellule-entiers.png\" sizes=\"auto, \" srcset=\"\" alt=\"\" width=\"798\" height=\"412\"><\/figure><\/div><div class=\"gb-container gb-container-4db6181c gb-container-mt\"> <a class=\"gb-button gb-button-c5897111 gb-button-text gb-button-mt-button\" href=\"https:\/\/exceladvisor.org\/nl\/excel-basisbeginselen\/\">Basiskennis van Microsoft Excel (componenten, onderdelen en kennisnotities)<\/a><h2 class=\"gb-headline gb-headline-665e5f6b gb-headline-text gb-headline-mt-heading\"> Gerelateerde tutorials <\/h2><div class=\"gb-grid-wrapper gb-grid-wrapper-a20baf7c gb-grid-wrapper-mt-grid\"><div class=\"gb-grid-column gb-grid-column-65ddf67e\"><div class=\"gb-container gb-container-65ddf67e\"><ul><li> <a href=\"https:\/\/exceladvisor.org\/nl\/teken-een-lijn\/\">Teken een lijn in Excel<\/a><\/li><li> <a href=\"https:\/\/exceladvisor.org\/nl\/voeg-een-knop-toe\/\">Voeg een knop toe in Excel<\/a><\/li><li> <a href=\"https:\/\/exceladvisor.org\/nl\/gedissocieerde-cellen-samenvoegen\/\">Samenvoegen \u2013 degroepeer cellen in Excel<\/a><\/li><li> <a href=\"https:\/\/exceladvisor.org\/nl\/spellingscontrole\/\">Spellingcontrole in Excel<\/a><\/li><li> <a href=\"https:\/\/exceladvisor.org\/nl\/opname\/\">Inspringing vergroten en verkleinen in Excel<\/a> <\/li><\/ul><\/div><\/div><div class=\"gb-grid-column gb-grid-column-50067b57\"><div class=\"gb-container gb-container-50067b57\"><\/div><\/div><\/div><\/div>","protected":false},"excerpt":{"rendered":"","protected":false},"author":1,"featured_media":0,"parent":0,"menu_order":0,"comment_status":"open","ping_status":"closed","template":"","meta":{"ub_ctt_via":"","footnotes":""},"class_list":["post-1694","page","type-page","status-publish","hentry"],"featured_image_src":null,"yoast_head":"<!-- This site is optimized with the Yoast SEO plugin v25.4 - https:\/\/yoast.com\/wordpress\/plugins\/seo\/ -->\n<title>Zoeken en vervangen in Excel (basis tot geavanceerd 2023)<\/title>\n<meta name=\"description\" content=\"In deze zelfstudie leren we hoe u de optie Zoeken en vervangen in Excel kunt gebruiken met alle opties die we hebben.\" \/>\n<meta name=\"robots\" content=\"index, follow, max-snippet:-1, max-image-preview:large, max-video-preview:-1\" \/>\n<link rel=\"canonical\" href=\"https:\/\/exceladvisor.org\/nl\/vervangen-vinden\/\" \/>\n<meta property=\"og:locale\" content=\"nl_NL\" \/>\n<meta property=\"og:type\" content=\"article\" \/>\n<meta property=\"og:title\" content=\"Zoeken en vervangen in Excel (basis tot geavanceerd 2023)\" \/>\n<meta property=\"og:description\" content=\"In deze zelfstudie leren we hoe u de optie Zoeken en vervangen in Excel kunt gebruiken met alle opties die we hebben.\" \/>\n<meta property=\"og:url\" content=\"https:\/\/exceladvisor.org\/nl\/vervangen-vinden\/\" \/>\n<meta property=\"og:site_name\" content=\"Excel Advisor\" \/>\n<meta property=\"article:modified_time\" content=\"2023-12-06T05:52:32+00:00\" \/>\n<meta property=\"og:image\" content=\"https:\/\/exceladvisor.org\/wp-content\/uploads\/2023\/08\/1-option-daccueil-et-de-recherche.png\" \/>\n<meta name=\"twitter:card\" content=\"summary_large_image\" \/>\n<meta name=\"twitter:label1\" content=\"Geschatte leestijd\" \/>\n\t<meta name=\"twitter:data1\" content=\"3 minuten\" \/>\n<script type=\"application\/ld+json\" class=\"yoast-schema-graph\">{\"@context\":\"https:\/\/schema.org\",\"@graph\":[{\"@type\":\"WebPage\",\"@id\":\"https:\/\/exceladvisor.org\/nl\/vervangen-vinden\/\",\"url\":\"https:\/\/exceladvisor.org\/nl\/vervangen-vinden\/\",\"name\":\"Zoeken en vervangen in Excel (basis tot geavanceerd 2023)\",\"isPartOf\":{\"@id\":\"https:\/\/exceladvisor.org\/nl\/#website\"},\"primaryImageOfPage\":{\"@id\":\"https:\/\/exceladvisor.org\/nl\/vervangen-vinden\/#primaryimage\"},\"image\":{\"@id\":\"https:\/\/exceladvisor.org\/nl\/vervangen-vinden\/#primaryimage\"},\"thumbnailUrl\":\"https:\/\/exceladvisor.org\/wp-content\/uploads\/2023\/08\/1-option-daccueil-et-de-recherche.png\",\"datePublished\":\"2023-11-11T11:17:32+00:00\",\"dateModified\":\"2023-12-06T05:52:32+00:00\",\"description\":\"In deze zelfstudie leren we hoe u de optie Zoeken en vervangen in Excel kunt gebruiken met alle opties die we hebben.\",\"breadcrumb\":{\"@id\":\"https:\/\/exceladvisor.org\/nl\/vervangen-vinden\/#breadcrumb\"},\"inLanguage\":\"nl-NL\",\"potentialAction\":[{\"@type\":\"ReadAction\",\"target\":[\"https:\/\/exceladvisor.org\/nl\/vervangen-vinden\/\"]}]},{\"@type\":\"ImageObject\",\"inLanguage\":\"nl-NL\",\"@id\":\"https:\/\/exceladvisor.org\/nl\/vervangen-vinden\/#primaryimage\",\"url\":\"https:\/\/exceladvisor.org\/wp-content\/uploads\/2023\/08\/1-option-daccueil-et-de-recherche.png\",\"contentUrl\":\"https:\/\/exceladvisor.org\/wp-content\/uploads\/2023\/08\/1-option-daccueil-et-de-recherche.png\"},{\"@type\":\"BreadcrumbList\",\"@id\":\"https:\/\/exceladvisor.org\/nl\/vervangen-vinden\/#breadcrumb\",\"itemListElement\":[{\"@type\":\"ListItem\",\"position\":1,\"name\":\"Thuis\",\"item\":\"https:\/\/exceladvisor.org\/nl\/\"},{\"@type\":\"ListItem\",\"position\":2,\"name\":\"Hoe zoeken en vervangen in excel?\"}]},{\"@type\":\"WebSite\",\"@id\":\"https:\/\/exceladvisor.org\/nl\/#website\",\"url\":\"https:\/\/exceladvisor.org\/nl\/\",\"name\":\"Excel Advisor\",\"description\":\"Uw gids voor datadominantie\",\"publisher\":{\"@id\":\"https:\/\/exceladvisor.org\/nl\/#organization\"},\"potentialAction\":[{\"@type\":\"SearchAction\",\"target\":{\"@type\":\"EntryPoint\",\"urlTemplate\":\"https:\/\/exceladvisor.org\/nl\/?s={search_term_string}\"},\"query-input\":{\"@type\":\"PropertyValueSpecification\",\"valueRequired\":true,\"valueName\":\"search_term_string\"}}],\"inLanguage\":\"nl-NL\"},{\"@type\":\"Organization\",\"@id\":\"https:\/\/exceladvisor.org\/nl\/#organization\",\"name\":\"Excel Advisor\",\"url\":\"https:\/\/exceladvisor.org\/nl\/\",\"logo\":{\"@type\":\"ImageObject\",\"inLanguage\":\"nl-NL\",\"@id\":\"https:\/\/exceladvisor.org\/nl\/#\/schema\/logo\/image\/\",\"url\":\"https:\/\/exceladvisor.org\/nl\/wp-content\/uploads\/2023\/12\/exceladvisor.org_.png\",\"contentUrl\":\"https:\/\/exceladvisor.org\/nl\/wp-content\/uploads\/2023\/12\/exceladvisor.org_.png\",\"width\":105,\"height\":36,\"caption\":\"Excel Advisor\"},\"image\":{\"@id\":\"https:\/\/exceladvisor.org\/nl\/#\/schema\/logo\/image\/\"}}]}<\/script>\n<!-- \/ Yoast SEO plugin. -->","yoast_head_json":{"title":"Zoeken en vervangen in Excel (basis tot geavanceerd 2023)","description":"In deze zelfstudie leren we hoe u de optie Zoeken en vervangen in Excel kunt gebruiken met alle opties die we hebben.","robots":{"index":"index","follow":"follow","max-snippet":"max-snippet:-1","max-image-preview":"max-image-preview:large","max-video-preview":"max-video-preview:-1"},"canonical":"https:\/\/exceladvisor.org\/nl\/vervangen-vinden\/","og_locale":"nl_NL","og_type":"article","og_title":"Zoeken en vervangen in Excel (basis tot geavanceerd 2023)","og_description":"In deze zelfstudie leren we hoe u de optie Zoeken en vervangen in Excel kunt gebruiken met alle opties die we hebben.","og_url":"https:\/\/exceladvisor.org\/nl\/vervangen-vinden\/","og_site_name":"Excel Advisor","article_modified_time":"2023-12-06T05:52:32+00:00","og_image":[{"url":"https:\/\/exceladvisor.org\/wp-content\/uploads\/2023\/08\/1-option-daccueil-et-de-recherche.png","type":"","width":"","height":""}],"twitter_card":"summary_large_image","twitter_misc":{"Geschatte leestijd":"3 minuten"},"schema":{"@context":"https:\/\/schema.org","@graph":[{"@type":"WebPage","@id":"https:\/\/exceladvisor.org\/nl\/vervangen-vinden\/","url":"https:\/\/exceladvisor.org\/nl\/vervangen-vinden\/","name":"Zoeken en vervangen in Excel (basis tot geavanceerd 2023)","isPartOf":{"@id":"https:\/\/exceladvisor.org\/nl\/#website"},"primaryImageOfPage":{"@id":"https:\/\/exceladvisor.org\/nl\/vervangen-vinden\/#primaryimage"},"image":{"@id":"https:\/\/exceladvisor.org\/nl\/vervangen-vinden\/#primaryimage"},"thumbnailUrl":"https:\/\/exceladvisor.org\/wp-content\/uploads\/2023\/08\/1-option-daccueil-et-de-recherche.png","datePublished":"2023-11-11T11:17:32+00:00","dateModified":"2023-12-06T05:52:32+00:00","description":"In deze zelfstudie leren we hoe u de optie Zoeken en vervangen in Excel kunt gebruiken met alle opties die we hebben.","breadcrumb":{"@id":"https:\/\/exceladvisor.org\/nl\/vervangen-vinden\/#breadcrumb"},"inLanguage":"nl-NL","potentialAction":[{"@type":"ReadAction","target":["https:\/\/exceladvisor.org\/nl\/vervangen-vinden\/"]}]},{"@type":"ImageObject","inLanguage":"nl-NL","@id":"https:\/\/exceladvisor.org\/nl\/vervangen-vinden\/#primaryimage","url":"https:\/\/exceladvisor.org\/wp-content\/uploads\/2023\/08\/1-option-daccueil-et-de-recherche.png","contentUrl":"https:\/\/exceladvisor.org\/wp-content\/uploads\/2023\/08\/1-option-daccueil-et-de-recherche.png"},{"@type":"BreadcrumbList","@id":"https:\/\/exceladvisor.org\/nl\/vervangen-vinden\/#breadcrumb","itemListElement":[{"@type":"ListItem","position":1,"name":"Thuis","item":"https:\/\/exceladvisor.org\/nl\/"},{"@type":"ListItem","position":2,"name":"Hoe zoeken en vervangen in excel?"}]},{"@type":"WebSite","@id":"https:\/\/exceladvisor.org\/nl\/#website","url":"https:\/\/exceladvisor.org\/nl\/","name":"Excel Advisor","description":"Uw gids voor datadominantie","publisher":{"@id":"https:\/\/exceladvisor.org\/nl\/#organization"},"potentialAction":[{"@type":"SearchAction","target":{"@type":"EntryPoint","urlTemplate":"https:\/\/exceladvisor.org\/nl\/?s={search_term_string}"},"query-input":{"@type":"PropertyValueSpecification","valueRequired":true,"valueName":"search_term_string"}}],"inLanguage":"nl-NL"},{"@type":"Organization","@id":"https:\/\/exceladvisor.org\/nl\/#organization","name":"Excel Advisor","url":"https:\/\/exceladvisor.org\/nl\/","logo":{"@type":"ImageObject","inLanguage":"nl-NL","@id":"https:\/\/exceladvisor.org\/nl\/#\/schema\/logo\/image\/","url":"https:\/\/exceladvisor.org\/nl\/wp-content\/uploads\/2023\/12\/exceladvisor.org_.png","contentUrl":"https:\/\/exceladvisor.org\/nl\/wp-content\/uploads\/2023\/12\/exceladvisor.org_.png","width":105,"height":36,"caption":"Excel Advisor"},"image":{"@id":"https:\/\/exceladvisor.org\/nl\/#\/schema\/logo\/image\/"}}]}},"yoast_meta":{"yoast_wpseo_title":"","yoast_wpseo_metadesc":"","yoast_wpseo_canonical":""},"_links":{"self":[{"href":"https:\/\/exceladvisor.org\/nl\/wp-json\/wp\/v2\/pages\/1694","targetHints":{"allow":["GET"]}}],"collection":[{"href":"https:\/\/exceladvisor.org\/nl\/wp-json\/wp\/v2\/pages"}],"about":[{"href":"https:\/\/exceladvisor.org\/nl\/wp-json\/wp\/v2\/types\/page"}],"author":[{"embeddable":true,"href":"https:\/\/exceladvisor.org\/nl\/wp-json\/wp\/v2\/users\/1"}],"replies":[{"embeddable":true,"href":"https:\/\/exceladvisor.org\/nl\/wp-json\/wp\/v2\/comments?post=1694"}],"version-history":[{"count":1,"href":"https:\/\/exceladvisor.org\/nl\/wp-json\/wp\/v2\/pages\/1694\/revisions"}],"predecessor-version":[{"id":2908,"href":"https:\/\/exceladvisor.org\/nl\/wp-json\/wp\/v2\/pages\/1694\/revisions\/2908"}],"wp:attachment":[{"href":"https:\/\/exceladvisor.org\/nl\/wp-json\/wp\/v2\/media?parent=1694"}],"curies":[{"name":"wp","href":"https:\/\/api.w.org\/{rel}","templated":true}]}}