{"id":1697,"date":"2023-11-10T19:33:35","date_gmt":"2023-11-10T19:33:35","guid":{"rendered":"https:\/\/exceladvisor.org\/nl\/gantt-diagram\/"},"modified":"2023-12-06T05:55:31","modified_gmt":"2023-12-06T05:55:31","slug":"gantt-diagram","status":"publish","type":"page","link":"https:\/\/exceladvisor.org\/nl\/gantt-diagram\/","title":{"rendered":"Excel gantt-diagramsjabloon"},"content":{"rendered":"<div class=\"excel-voor-de-inhoud\" id=\"excel-3036752612\"><script type=\"text\/javascript\">\r\n\tatOptions = {\r\n\t\t'key' : 'c1158f160081d6540a8409e6925dab94',\r\n\t\t'format' : 'iframe',\r\n\t\t'height' : 250,\r\n\t\t'width' : 300,\r\n\t\t'params' : {}\r\n\t};\r\n<\/script>\r\n<script type=\"text\/javascript\" src=\"\/\/www.highperformanceformat.com\/c1158f160081d6540a8409e6925dab94\/invoke.js\"><\/script><\/div> <p>Projectmanagers kennen het belang van tracking en meting.<\/p><p> Ze geven er altijd de voorkeur aan om de voortgang van hun project voortdurend te analyseren en dit is een van de belangrijkste dingen die hen helpt hun projecten op tijd af te ronden.<\/p><p> En voor een projectmanager is het beste hulpmiddel om een project bij te houden een Gantt-diagram.<\/p><p> <em>Ja, een Gantt-diagram.<\/em><\/p><p> <em>Een Gantt-diagram is een van de populairste diagrammen die projectmanagers over de hele wereld helpt bij hun projecten. In deze tabel kunt u de voortgang stapsgewijs volgen: begin- en einddatum van elke stap, hoeveel dagen er zijn opgenomen, dagen te laat, etc.<\/em><\/p><p> Zoals hieronder: <\/p><div class=\"wp-block-image\"><figure class=\"aligncenter\"><img decoding=\"async\" src=\"https:\/\/exceladvisor.org\/wp-content\/uploads\/2023\/08\/modele-de-diagramme-de-gantt-excel-1.png\" sizes=\"\" srcset=\"\" alt=\"Excel Gantt-diagramsjabloon\"><\/figure><\/div><p> En vandaag wil ik graag een eenvoudige en effectieve Excel Gantt-diagramsjabloon delen die u kunt gebruiken om uw project bij te houden. Laten we deze sjabloon eens verkennen. U kunt deze aan het einde van dit artikel downloaden.<\/p><h2 id=\"0-features\" class=\"wp-block-heading\"> Functies<\/h2><p> Deze sjabloon heeft unieke functies waarmee u uw projecten effici\u00ebnter kunt volgen.<\/p><h3 id=\"1-1-track-any-project-up-to-31-days\" class=\"wp-block-heading\"> 1. Volg elk project maximaal 31 dagen<\/h3><p> Je kunt een project maximaal 30 dagen volgen (deze is verlengbaar). <\/p><div class=\"wp-block-image\"><figure class=\"aligncenter\"><img decoding=\"async\" src=\"https:\/\/exceladvisor.org\/wp-content\/uploads\/2023\/08\/suivre-jusqua-31-jours-dans-le-modele-de-diagramme-de-Gantt-Excel-1.png\" sizes=\"\" srcset=\"\" alt=\"\"><\/figure><\/div><p> En als u tegenwoordig wilt uitbreiden, voegt u gewoon een nieuwe kolom aan het einde in en kopieert en plakt u de formules en opmaak van de laatste kolom naar deze nieuwe kolom. U kunt ook een <a href=\"https:\/\/exceladvisor.org\/nl\/schilder-formaat\/\">formaatschilder gebruiken om de opmaak te kopi\u00ebren<\/a> .<\/p><h3 id=\"2-2-track-up-to-10-stages-of-a-project\" class=\"wp-block-heading\"> 2. Volg maximaal 10 stappen van een project<\/h3><p> Je kunt maximaal 10 stappen volgen (deze zijn uitbreidbaar). <\/p><div class=\"wp-block-image\"><figure class=\"aligncenter\"><img decoding=\"async\" src=\"https:\/\/exceladvisor.org\/wp-content\/uploads\/2023\/08\/suivre-jusqua-10-etapes-dans-le-modele-de-diagramme-de-Gantt-Excel-1.png\" sizes=\"\" srcset=\"\" alt=\"\"><\/figure><\/div><p> Als u nieuwe stappen wilt toevoegen, voegt u eenvoudigweg een nieuwe rij aan het einde in en kopieert en plakt u de formules en opmaak van de laatste kolom naar deze nieuwe kolom.<\/p><h3 id=\"3-3-project-insights\" class=\"wp-block-heading\"> 3. Projectoverzicht<\/h3><p> Nadat u uw gegevens correct heeft ingevoerd, kunt u informatie uit die gegevens halen. Bovendien wordt de informatie onmiddellijk bijgewerkt met updates van de gegevens in het model. <\/p><div class=\"wp-block-image\"><figure class=\"aligncenter\"><img decoding=\"async\" src=\"https:\/\/exceladvisor.org\/wp-content\/uploads\/2023\/08\/idees-dans-le-modele-de-diagramme-de-gantt-excel-1.png\" sizes=\"\" srcset=\"\" alt=\"idee\u00ebn in Excel Gantt-diagramsjabloon 1\"><\/figure><\/div><p> Als er een stap in het proces zit, wordt de stapnaam weergegeven en als er geen stap in het proces zit, wordt de naam van de laatst voltooide stap weergegeven.<\/p><p> Het toont u het aantal stappen dat is voltooid op de streefdatum, na de streefdatum en v\u00f3\u00f3r de streefdatum. Als een stap v\u00f3\u00f3r de streefdatum wordt voltooid, worden de dagen die zijn geregistreerd groen gemarkeerd. <\/p><div class=\"wp-block-image\"><figure class=\"aligncenter\"><img decoding=\"async\" src=\"https:\/\/exceladvisor.org\/wp-content\/uploads\/2023\/08\/jours-verts-dans-le-modele-de-diagramme-de-gantt-excel-1.png\" sizes=\"\" srcset=\"\" alt=\"\"><\/figure><\/div><p> Als een etappe na de streefdatum wordt voltooid, worden de overtollige dagen rood gemarkeerd. <\/p><div class=\"wp-block-image\"><figure class=\"aligncenter\"><img decoding=\"async\" src=\"https:\/\/exceladvisor.org\/wp-content\/uploads\/2023\/08\/jours-rouges-dans-le-modele-de-diagramme-de-gantt-excel-1.png\" sizes=\"\" srcset=\"\" alt=\"\"><\/figure><\/div><h2 id=\"4-how-to-use-it\" class=\"wp-block-heading\"> Hoe te gebruiken<\/h2><p> Hier hebben we enkele belangrijke punten waarmee u rekening moet houden bij het gebruik van deze sjabloon. In dit Gantt-diagramsjabloon heb ik ervoor gezorgd dat ik een minimum aan details invoerde. Om uw project (stap voor stap) te volgen, hebben we de volgende vermeldingen in deze sjabloon.<\/p><h3 id=\"5-1-stage-name-manual-entry\" class=\"wp-block-heading\"> 1. Sc\u00e8nenaam (handmatige invoer)<\/h3><p> U kunt voor elke fase van uw project een specifieke naam invoeren. En het maximale aantal stappen dat u voor een project in deze sjabloon kunt gebruiken, is 10. <\/p><div class=\"wp-block-image\"><figure class=\"aligncenter\"><img decoding=\"async\" src=\"https:\/\/exceladvisor.org\/wp-content\/uploads\/2023\/08\/etapes-du-projet-dans-le-modele-de-diagramme-de-gantt-excel-1.png\" sizes=\"\" srcset=\"\" alt=\"projectstages in Excel Gantt-diagramsjabloon\"><\/figure><\/div><h3 id=\"6-2-start-date-manual-entry\" class=\"wp-block-heading\"> 2. Startdatum (handmatige invoer):<\/h3><p> Voor elke fase van het project moet u een startdatum invoeren. De startdatum van de eerste fase van het project geldt als startdatum van het project. U kunt ook de startdatum van een fase eerder opgeven dan de einddatum van de vorige fase. <\/p><div class=\"wp-block-image\"><figure class=\"aligncenter\"><img decoding=\"async\" src=\"https:\/\/exceladvisor.org\/wp-content\/uploads\/2023\/08\/date-de-debut-de-letape-dans-le-modele-de-diagramme-de-gantt-excel-1.png\" sizes=\"\" srcset=\"\" alt=\"stapstartdatum in Excel Gantt-diagramsjabloon\"><\/figure><\/div><h3 id=\"7-3-target-days-manual-entry\" class=\"wp-block-heading\"> 3. Streefdagen [Handmatige invoer]<\/h3><p> Nadat u de startdatum van de fase heeft opgegeven, moet u vervolgens de doeldagen opgeven waarop u deze fase wilt voltooien. Dit helpt bij het berekenen van de beoogde sluitingsdatum voor een bepaalde mijlpaal. <\/p><div class=\"wp-block-image\"><figure class=\"aligncenter\"><img decoding=\"async\" src=\"https:\/\/exceladvisor.org\/wp-content\/uploads\/2023\/08\/jours-cibles-detape-dans-le-modele-de-diagramme-de-gantt-excel-1.png\" sizes=\"\" srcset=\"\" alt=\"Mijlpaaldoeldagen in Excel Gantt-diagramsjabloon\"><\/figure><\/div><h3 id=\"8-4-target-end-date-auto-calculation\" class=\"wp-block-heading\"> 4. Doeleinddatum [automatische berekening]<\/h3><p> Op basis van de doeldagen voor het voltooien van een stap wordt automatisch de \u201cDoeleinddatum\u201d berekend. Dit geeft u een deadline om uw stap te voltooien. <\/p><div class=\"wp-block-image\"><figure class=\"aligncenter\"><img decoding=\"async\" src=\"https:\/\/exceladvisor.org\/wp-content\/uploads\/2023\/08\/date-de-fin-cible-dans-le-modele-de-diagramme-de-gantt-excel-1.png\" sizes=\"\" srcset=\"\" alt=\"beoogde einddatum in Excel Gantt-diagramsjabloon\"><\/figure><\/div><h3 id=\"9-5-actual-end-date-manual-entry\" class=\"wp-block-heading\"> 5. Huidige einddatum [Handmatige invoer]<\/h3><p> Zodra een stap is voltooid, kunt u de sluitingsdatum voor die stap invoeren. <\/p><div class=\"wp-block-image\"><figure class=\"aligncenter\"><img decoding=\"async\" src=\"https:\/\/exceladvisor.org\/wp-content\/uploads\/2023\/08\/date-de-fin-reelle-dans-le-modele-de-diagramme-de-gantt-excel-1.png\" sizes=\"\" srcset=\"\" alt=\"werkelijke einddatum in Excel Gantt-diagramsjabloon\"><\/figure><\/div><p> Of de werkelijke sluitingsdatum nu voor of na de streefdatum ligt, deze sjabloon houdt rekening met die dagen in de informatie om het aantal stappen weer te geven dat v\u00f3\u00f3r de streefdatum is voltooid.<\/p><h3 id=\"10-6-actual-days-taken-auto-calculation\" class=\"wp-block-heading\"> 6. Werkelijk aantal opgenomen dagen [automatische berekening]<\/h3><p> Vanaf de werkelijke einddatum berekent het programma het werkelijke aantal dagen dat nodig is om een stap te voltooien. <\/p><div class=\"wp-block-image\"><figure class=\"aligncenter\"><img decoding=\"async\" src=\"https:\/\/exceladvisor.org\/wp-content\/uploads\/2023\/08\/jours-reels-pris-dans-le-modele-de-diagramme-de-gantt-excel-1.png\" sizes=\"\" srcset=\"\" alt=\"werkelijke dagen opgenomen in Excel Gantt-diagramsjabloon\"><\/figure><\/div><h3 id=\"11-7-project-details\" class=\"wp-block-heading\"> 7. Projectdetails<\/h3><p> Voor uw project kunt u de volgende gegevens invoeren of wijzigen.<\/p><ul><li> Naam van het project.<\/li><li> Naam projectmanager en omschrijving van het project.<\/li><\/ul><p> Om de details te bewerken, klikt u op de knop \u2018Details bewerken\u2019 rechtsboven in het sjabloon. <\/p><div class=\"wp-block-image\"><figure class=\"aligncenter\"><img decoding=\"async\" src=\"https:\/\/exceladvisor.org\/wp-content\/uploads\/2023\/08\/modifier-les-details-dans-le-modele-de-diagramme-de-gantt-excel-1.png\" sizes=\"\" srcset=\"\" alt=\"bewerk details in Excel Gantt-diagramsjabloon\"><\/figure><\/div><p> Zodra u op deze knop klikt, gaat u naar het detailgedeelte waar u de details van uw project kunt bewerken of nieuwe kunt invoeren. <\/p><div class=\"wp-block-image\"><figure class=\"aligncenter\"><img decoding=\"async\" src=\"https:\/\/exceladvisor.org\/wp-content\/uploads\/2023\/08\/volet-de-details-dans-le-modele-de-diagramme-de-Gantt-Excel-1.png\" sizes=\"\" srcset=\"\" alt=\"detailvenster in Excel Gantt-diagramsjabloon\"><\/figure><\/div><p> En als u klaar bent met uw projectgegevens, klikt u op de knop Terug om terug te keren naar uw Gantt-diagramsjabloon. <\/p><div class=\"wp-block-image\"><figure class=\"aligncenter\"><img decoding=\"async\" src=\"https:\/\/exceladvisor.org\/wp-content\/uploads\/2023\/08\/bouton-de-retour-volet-dinformations-dans-le-modele-de-diagramme-de-gantt-excel-1.png\" sizes=\"\" srcset=\"\" alt=\"knop Terug in het detailvenster van de Excel Gantt-diagramsjabloon\"><\/figure><\/div><p> Zodra u de details in het gedeelte \u201cDetails\u201d wijzigt, verandert dit ook in uw hoofdsjabloon. Het mooie van deze sjabloon is \u201cGeen complexe bewerking\u201d.<\/p><h2 id=\"12-download-your-template\" class=\"wp-block-heading\"> Download uw model<\/h2><p> <a href=\"https:\/\/exceladvisor.org\/wp-content\/uploads\/2023\/11\/modele-de-diagramme-de-gantt-excel-2.xlsx\" target=\"_blank\" rel=\"noreferrer noopener nofollow\"><strong>link om te downloaden<\/strong><\/a><\/p><h2 id=\"13-conclusion\" class=\"wp-block-heading\"> Conclusie<\/h2><p> Deze Gantt-diagramsjabloon is een handig hulpmiddel als u uw project wilt volgen. Dit helpt u niet alleen bij het volgen, maar geeft u ook nuttige informatie.<\/p><p> En het beste is dat je de dagen en etappes kunt verlengen als je wilt. Ik hoop dat dit sjabloon u helpt uw financi\u00ebn te verbeteren. Vergeet niet om dit sjabloon met je vrienden te delen.<\/p><div class=\"gb-container gb-container-a61970aa gb-container-mt\"> <a class=\"gb-button gb-button-b4293c6c gb-button-text gb-button-mt-button\" href=\"https:\/\/exceladvisor.org\/nl\/excel-grafieken\/\">Soorten Excel-grafieken<\/a><h2 class=\"gb-headline gb-headline-5bf2e581 gb-headline-text gb-headline-mt-heading\"> Gerelateerde tutorials <\/h2><div class=\"gb-grid-wrapper gb-grid-wrapper-9b70abf1 gb-grid-wrapper-mt-grid\"><div class=\"gb-grid-column gb-grid-column-97a95c29\"><div class=\"gb-container gb-container-97a95c29\"><ul><li> <a href=\"https:\/\/exceladvisor.org\/nl\/wafel-grafisch\/\">RELI\u00cbFBORD<\/a><\/li><li> <a href=\"https:\/\/exceladvisor.org\/nl\/trechterdiagram\/\">Trechterdiagram<\/a><\/li><li> <a href=\"https:\/\/exceladvisor.org\/nl\/prikbord\/\">Opsommingsteken<\/a><\/li><li> <a href=\"https:\/\/exceladvisor.org\/nl\/hittekaart\/\">Warmtekaart<\/a> <\/li><\/ul><\/div><\/div><div class=\"gb-grid-column gb-grid-column-0636840f\"><div class=\"gb-container gb-container-0636840f\"><ul><li> <a href=\"https:\/\/exceladvisor.org\/nl\/tornado-grafiek\/\">Tornado-grafiek<\/a><\/li><li> <a href=\"https:\/\/exceladvisor.org\/nl\/geavanceerde-grafische-afbeeldingen\/\">Geavanceerde Excel-grafieken<\/a><\/li><li> <a href=\"https:\/\/exceladvisor.org\/nl\/pictogram\/\">Pictogram<\/a><\/li><li> <a href=\"https:\/\/exceladvisor.org\/nl\/thermometer-tafel\/\">Thermometergrafiek<\/a><\/li><\/ul><\/div><\/div><\/div><\/div>","protected":false},"excerpt":{"rendered":"","protected":false},"author":1,"featured_media":0,"parent":0,"menu_order":0,"comment_status":"open","ping_status":"closed","template":"","meta":{"ub_ctt_via":"","footnotes":""},"class_list":["post-1697","page","type-page","status-publish","hentry"],"featured_image_src":null,"yoast_head":"<!-- This site is optimized with the Yoast SEO plugin v25.4 - https:\/\/yoast.com\/wordpress\/plugins\/seo\/ -->\n<title>\u25b7 Excel Gantt-diagramsjabloon [Gratis 2023]<\/title>\n<meta name=\"description\" content=\"Ik wil graag een eenvoudige en effectieve Excel Gantt-diagramsjabloon met u delen die u kunt gebruiken om uw project bij te houden.\" \/>\n<meta name=\"robots\" content=\"index, follow, max-snippet:-1, max-image-preview:large, max-video-preview:-1\" \/>\n<link rel=\"canonical\" href=\"https:\/\/exceladvisor.org\/nl\/gantt-diagram\/\" \/>\n<meta property=\"og:locale\" content=\"nl_NL\" \/>\n<meta property=\"og:type\" content=\"article\" \/>\n<meta property=\"og:title\" content=\"\u25b7 Excel Gantt-diagramsjabloon [Gratis 2023]\" \/>\n<meta property=\"og:description\" content=\"Ik wil graag een eenvoudige en effectieve Excel Gantt-diagramsjabloon met u delen die u kunt gebruiken om uw project bij te houden.\" \/>\n<meta property=\"og:url\" content=\"https:\/\/exceladvisor.org\/nl\/gantt-diagram\/\" \/>\n<meta property=\"og:site_name\" content=\"Excel Advisor\" \/>\n<meta property=\"article:modified_time\" content=\"2023-12-06T05:55:31+00:00\" \/>\n<meta property=\"og:image\" content=\"https:\/\/exceladvisor.org\/wp-content\/uploads\/2023\/08\/modele-de-diagramme-de-gantt-excel-1.png\" \/>\n<meta name=\"twitter:card\" content=\"summary_large_image\" \/>\n<meta name=\"twitter:label1\" content=\"Geschatte leestijd\" \/>\n\t<meta name=\"twitter:data1\" content=\"4 minuten\" \/>\n<script type=\"application\/ld+json\" class=\"yoast-schema-graph\">{\"@context\":\"https:\/\/schema.org\",\"@graph\":[{\"@type\":\"WebPage\",\"@id\":\"https:\/\/exceladvisor.org\/nl\/gantt-diagram\/\",\"url\":\"https:\/\/exceladvisor.org\/nl\/gantt-diagram\/\",\"name\":\"\u25b7 Excel Gantt-diagramsjabloon [Gratis 2023]\",\"isPartOf\":{\"@id\":\"https:\/\/exceladvisor.org\/nl\/#website\"},\"primaryImageOfPage\":{\"@id\":\"https:\/\/exceladvisor.org\/nl\/gantt-diagram\/#primaryimage\"},\"image\":{\"@id\":\"https:\/\/exceladvisor.org\/nl\/gantt-diagram\/#primaryimage\"},\"thumbnailUrl\":\"https:\/\/exceladvisor.org\/wp-content\/uploads\/2023\/08\/modele-de-diagramme-de-gantt-excel-1.png\",\"datePublished\":\"2023-11-10T19:33:35+00:00\",\"dateModified\":\"2023-12-06T05:55:31+00:00\",\"description\":\"Ik wil graag een eenvoudige en effectieve Excel Gantt-diagramsjabloon met u delen die u kunt gebruiken om uw project bij te houden.\",\"breadcrumb\":{\"@id\":\"https:\/\/exceladvisor.org\/nl\/gantt-diagram\/#breadcrumb\"},\"inLanguage\":\"nl-NL\",\"potentialAction\":[{\"@type\":\"ReadAction\",\"target\":[\"https:\/\/exceladvisor.org\/nl\/gantt-diagram\/\"]}]},{\"@type\":\"ImageObject\",\"inLanguage\":\"nl-NL\",\"@id\":\"https:\/\/exceladvisor.org\/nl\/gantt-diagram\/#primaryimage\",\"url\":\"https:\/\/exceladvisor.org\/wp-content\/uploads\/2023\/08\/modele-de-diagramme-de-gantt-excel-1.png\",\"contentUrl\":\"https:\/\/exceladvisor.org\/wp-content\/uploads\/2023\/08\/modele-de-diagramme-de-gantt-excel-1.png\"},{\"@type\":\"BreadcrumbList\",\"@id\":\"https:\/\/exceladvisor.org\/nl\/gantt-diagram\/#breadcrumb\",\"itemListElement\":[{\"@type\":\"ListItem\",\"position\":1,\"name\":\"Thuis\",\"item\":\"https:\/\/exceladvisor.org\/nl\/\"},{\"@type\":\"ListItem\",\"position\":2,\"name\":\"Excel gantt-diagramsjabloon\"}]},{\"@type\":\"WebSite\",\"@id\":\"https:\/\/exceladvisor.org\/nl\/#website\",\"url\":\"https:\/\/exceladvisor.org\/nl\/\",\"name\":\"Excel Advisor\",\"description\":\"Uw gids voor datadominantie\",\"publisher\":{\"@id\":\"https:\/\/exceladvisor.org\/nl\/#organization\"},\"potentialAction\":[{\"@type\":\"SearchAction\",\"target\":{\"@type\":\"EntryPoint\",\"urlTemplate\":\"https:\/\/exceladvisor.org\/nl\/?s={search_term_string}\"},\"query-input\":{\"@type\":\"PropertyValueSpecification\",\"valueRequired\":true,\"valueName\":\"search_term_string\"}}],\"inLanguage\":\"nl-NL\"},{\"@type\":\"Organization\",\"@id\":\"https:\/\/exceladvisor.org\/nl\/#organization\",\"name\":\"Excel Advisor\",\"url\":\"https:\/\/exceladvisor.org\/nl\/\",\"logo\":{\"@type\":\"ImageObject\",\"inLanguage\":\"nl-NL\",\"@id\":\"https:\/\/exceladvisor.org\/nl\/#\/schema\/logo\/image\/\",\"url\":\"https:\/\/exceladvisor.org\/nl\/wp-content\/uploads\/2023\/12\/exceladvisor.org_.png\",\"contentUrl\":\"https:\/\/exceladvisor.org\/nl\/wp-content\/uploads\/2023\/12\/exceladvisor.org_.png\",\"width\":105,\"height\":36,\"caption\":\"Excel Advisor\"},\"image\":{\"@id\":\"https:\/\/exceladvisor.org\/nl\/#\/schema\/logo\/image\/\"}}]}<\/script>\n<!-- \/ Yoast SEO plugin. -->","yoast_head_json":{"title":"\u25b7 Excel Gantt-diagramsjabloon [Gratis 2023]","description":"Ik wil graag een eenvoudige en effectieve Excel Gantt-diagramsjabloon met u delen die u kunt gebruiken om uw project bij te houden.","robots":{"index":"index","follow":"follow","max-snippet":"max-snippet:-1","max-image-preview":"max-image-preview:large","max-video-preview":"max-video-preview:-1"},"canonical":"https:\/\/exceladvisor.org\/nl\/gantt-diagram\/","og_locale":"nl_NL","og_type":"article","og_title":"\u25b7 Excel Gantt-diagramsjabloon [Gratis 2023]","og_description":"Ik wil graag een eenvoudige en effectieve Excel Gantt-diagramsjabloon met u delen die u kunt gebruiken om uw project bij te houden.","og_url":"https:\/\/exceladvisor.org\/nl\/gantt-diagram\/","og_site_name":"Excel Advisor","article_modified_time":"2023-12-06T05:55:31+00:00","og_image":[{"url":"https:\/\/exceladvisor.org\/wp-content\/uploads\/2023\/08\/modele-de-diagramme-de-gantt-excel-1.png","type":"","width":"","height":""}],"twitter_card":"summary_large_image","twitter_misc":{"Geschatte leestijd":"4 minuten"},"schema":{"@context":"https:\/\/schema.org","@graph":[{"@type":"WebPage","@id":"https:\/\/exceladvisor.org\/nl\/gantt-diagram\/","url":"https:\/\/exceladvisor.org\/nl\/gantt-diagram\/","name":"\u25b7 Excel Gantt-diagramsjabloon [Gratis 2023]","isPartOf":{"@id":"https:\/\/exceladvisor.org\/nl\/#website"},"primaryImageOfPage":{"@id":"https:\/\/exceladvisor.org\/nl\/gantt-diagram\/#primaryimage"},"image":{"@id":"https:\/\/exceladvisor.org\/nl\/gantt-diagram\/#primaryimage"},"thumbnailUrl":"https:\/\/exceladvisor.org\/wp-content\/uploads\/2023\/08\/modele-de-diagramme-de-gantt-excel-1.png","datePublished":"2023-11-10T19:33:35+00:00","dateModified":"2023-12-06T05:55:31+00:00","description":"Ik wil graag een eenvoudige en effectieve Excel Gantt-diagramsjabloon met u delen die u kunt gebruiken om uw project bij te houden.","breadcrumb":{"@id":"https:\/\/exceladvisor.org\/nl\/gantt-diagram\/#breadcrumb"},"inLanguage":"nl-NL","potentialAction":[{"@type":"ReadAction","target":["https:\/\/exceladvisor.org\/nl\/gantt-diagram\/"]}]},{"@type":"ImageObject","inLanguage":"nl-NL","@id":"https:\/\/exceladvisor.org\/nl\/gantt-diagram\/#primaryimage","url":"https:\/\/exceladvisor.org\/wp-content\/uploads\/2023\/08\/modele-de-diagramme-de-gantt-excel-1.png","contentUrl":"https:\/\/exceladvisor.org\/wp-content\/uploads\/2023\/08\/modele-de-diagramme-de-gantt-excel-1.png"},{"@type":"BreadcrumbList","@id":"https:\/\/exceladvisor.org\/nl\/gantt-diagram\/#breadcrumb","itemListElement":[{"@type":"ListItem","position":1,"name":"Thuis","item":"https:\/\/exceladvisor.org\/nl\/"},{"@type":"ListItem","position":2,"name":"Excel gantt-diagramsjabloon"}]},{"@type":"WebSite","@id":"https:\/\/exceladvisor.org\/nl\/#website","url":"https:\/\/exceladvisor.org\/nl\/","name":"Excel Advisor","description":"Uw gids voor datadominantie","publisher":{"@id":"https:\/\/exceladvisor.org\/nl\/#organization"},"potentialAction":[{"@type":"SearchAction","target":{"@type":"EntryPoint","urlTemplate":"https:\/\/exceladvisor.org\/nl\/?s={search_term_string}"},"query-input":{"@type":"PropertyValueSpecification","valueRequired":true,"valueName":"search_term_string"}}],"inLanguage":"nl-NL"},{"@type":"Organization","@id":"https:\/\/exceladvisor.org\/nl\/#organization","name":"Excel Advisor","url":"https:\/\/exceladvisor.org\/nl\/","logo":{"@type":"ImageObject","inLanguage":"nl-NL","@id":"https:\/\/exceladvisor.org\/nl\/#\/schema\/logo\/image\/","url":"https:\/\/exceladvisor.org\/nl\/wp-content\/uploads\/2023\/12\/exceladvisor.org_.png","contentUrl":"https:\/\/exceladvisor.org\/nl\/wp-content\/uploads\/2023\/12\/exceladvisor.org_.png","width":105,"height":36,"caption":"Excel Advisor"},"image":{"@id":"https:\/\/exceladvisor.org\/nl\/#\/schema\/logo\/image\/"}}]}},"yoast_meta":{"yoast_wpseo_title":"","yoast_wpseo_metadesc":"","yoast_wpseo_canonical":""},"_links":{"self":[{"href":"https:\/\/exceladvisor.org\/nl\/wp-json\/wp\/v2\/pages\/1697","targetHints":{"allow":["GET"]}}],"collection":[{"href":"https:\/\/exceladvisor.org\/nl\/wp-json\/wp\/v2\/pages"}],"about":[{"href":"https:\/\/exceladvisor.org\/nl\/wp-json\/wp\/v2\/types\/page"}],"author":[{"embeddable":true,"href":"https:\/\/exceladvisor.org\/nl\/wp-json\/wp\/v2\/users\/1"}],"replies":[{"embeddable":true,"href":"https:\/\/exceladvisor.org\/nl\/wp-json\/wp\/v2\/comments?post=1697"}],"version-history":[{"count":2,"href":"https:\/\/exceladvisor.org\/nl\/wp-json\/wp\/v2\/pages\/1697\/revisions"}],"predecessor-version":[{"id":2997,"href":"https:\/\/exceladvisor.org\/nl\/wp-json\/wp\/v2\/pages\/1697\/revisions\/2997"}],"wp:attachment":[{"href":"https:\/\/exceladvisor.org\/nl\/wp-json\/wp\/v2\/media?parent=1697"}],"curies":[{"name":"wp","href":"https:\/\/api.w.org\/{rel}","templated":true}]}}