{"id":1702,"date":"2023-11-10T18:13:57","date_gmt":"2023-11-10T18:13:57","guid":{"rendered":"https:\/\/exceladvisor.org\/nl\/maximaal-als\/"},"modified":"2023-12-06T05:50:23","modified_gmt":"2023-12-06T05:50:23","slug":"maximaal-als","status":"publish","type":"page","link":"https:\/\/exceladvisor.org\/nl\/maximaal-als\/","title":{"rendered":"Hoe max if in excel te gebruiken?"},"content":{"rendered":"<div class=\"excel-voor-de-inhoud\" id=\"excel-3924433669\"><script type=\"text\/javascript\">\r\n\tatOptions = {\r\n\t\t'key' : 'c1158f160081d6540a8409e6925dab94',\r\n\t\t'format' : 'iframe',\r\n\t\t'height' : 250,\r\n\t\t'width' : 300,\r\n\t\t'params' : {}\r\n\t};\r\n<\/script>\r\n<script type=\"text\/javascript\" src=\"\/\/www.highperformanceformat.com\/c1158f160081d6540a8409e6925dab94\/invoke.js\"><\/script><\/div> <p>In Excel kunnen we niet zomaar de standaard MAX-functie met een voorwaarde gebruiken (tenzij u Microsoft Office 365 gebruikt).<\/p><p> Maar het punt is dat als je de maximale waarde van een bereik wilt verkrijgen met behulp van een specifieke voorwaarde, je een MAX IF-formule nodig hebt.<\/p><p> Dus wat is het punt?<\/p><p> U kunt MAX en IF combineren om een formule te maken waarmee u de maximale waarde van een bereik kunt bepalen op basis van specifieke criteria.<\/p><p> Kortom: MAXIF is een matrixformule waarmee je aan de hand van criteria de maximale waarde van een bereik kunt vinden. Maar dit is het belangrijkste: in dit artikel ga ik verschillende manieren met je delen om de MAXIF-formule te gebruiken.<\/p><h2 id=\"tab-con-1\" class=\"wp-block-heading\"> Pas de MAX IF-formule toe<\/h2><p> Laten we een voorbeeld nemen van de onderstaande gegevens waarbij u de verkoophoeveelheid per maand, per week en per datum heeft. <\/p><div class=\"wp-block-image\"><figure class=\"aligncenter\"><img decoding=\"async\" src=\"https:\/\/exceladvisor.org\/wp-content\/uploads\/2023\/08\/donnees-de-quantite-de-ventes-a-utiliser-max-si-formule-min-1.png\" sizes=\"\" srcset=\"\" alt=\"verkoophoeveelheidsgegevens om de max if-formule te gebruiken\"><\/figure><\/div><p> Uit deze gegevens moet u nu het maximale aantal verkopen voor een bepaalde maand halen. Bijvoorbeeld &#8216;Jan&#8217; en hiervoor is de formule:<\/p><pre class=\"wp-block-code\"> <code class=\"language-excel-formula\" lang=\"excel-formula\">=MAX(IF(A2:A367=\"Jan\",D2:D367))<\/code><\/pre><p> En je moet het invoeren als een matrixformule met ctrl + shift + enter. <\/p><pre class=\"wp-block-code\"> <code class=\"language-excel-formula\" lang=\"excel-formula\">{=MAX(IF(A2:A367=\"Jan\",D2:D367))}<\/code><\/pre><div class=\"wp-block-image\"><figure class=\"aligncenter\"><img decoding=\"async\" src=\"https:\/\/exceladvisor.org\/wp-content\/uploads\/2023\/08\/max-si-formule-appliquee-min-1.png\" sizes=\"\" srcset=\"\" alt=\"max als formule wordt toegepast\"><\/figure><\/div><p> Als u dit invoert, wordt er 200 geretourneerd, wat de hoogste verkoopwaarde van de maand januari op 7 januari 2016 is.<\/p><h3 class=\"wp-block-heading\"> Hoe werkt dit<\/h3><p id=\"tab-con-2\"> Om te begrijpen hoe max werkt, moet je het in drie delen verdelen. <\/p><div class=\"wp-block-image\"><figure class=\"aligncenter\"><img decoding=\"async\" src=\"https:\/\/exceladvisor.org\/wp-content\/uploads\/2023\/08\/comprendre-max-si-la-formule-dans-excel-1.png\" sizes=\"\" srcset=\"\" alt=\"begrijp de max i-formule in Excel\"><\/figure><\/div><p> Houd er rekening mee dat <strong><span style=\"color: #000000;\">u dit als een matrixformule hebt ingevoerd<\/span><\/strong> .<\/p><p> <span style=\"color: #000000;\">Eerst<\/span> hebt u een logische test gemaakt in de IF-functie om de volledige maandkolom aan de criteria te laten voldoen. En het retourneerde een array waarin de matchwaarden TRUE zijn en alle andere FALSE. <\/p><div class=\"wp-block-image\"><figure class=\"aligncenter\"><img decoding=\"async\" src=\"https:\/\/exceladvisor.org\/wp-content\/uploads\/2023\/08\/premier-tableau-avec-max-si-formule-avec-tableau-min-1.png\" sizes=\"\" srcset=\"\" alt=\"eerste array met max als formule met array\"><\/figure><\/div><p> <span style=\"color: #000000;\">Ten tweede<\/span> heeft u in de IF-functie de kolom met verkoophoeveelheid opgegeven voor TRUE-waarden en daarom werd de verkoophoeveelheid alleen voor TRUE geretourneerd. <\/p><div class=\"wp-block-image\"><figure class=\"aligncenter\"><img decoding=\"async\" src=\"https:\/\/exceladvisor.org\/wp-content\/uploads\/2023\/08\/deuxieme-tableau-de-max-si-formule-avec-tableau-min-1.png\" sizes=\"\" srcset=\"\" alt=\"tweede array van max als formule met array\"><\/figure><\/div><p> <span style=\"color: #000000;\">Ten derde<\/span> retourneert de MAX-functie eenvoudigweg het hoogste getal in deze array, wat overeenkomt met de hoogste verkoophoeveelheid voor de maand januari. Net als deze formule-hack hier, heb ik enkele andere opgesomd die je moet lezen en leren.<\/p><ol><li> <a href=\"https:\/\/exceladvisor.org\/nl\/sumif-sumifs-of-logica\/\">SUMIFOR in Excel<\/a><\/li><li> <a href=\"https:\/\/exceladvisor.org\/nl\/voorwaardelijke-rangschikking-somproductrang-if\/\">RANKIF in Excel<\/a><\/li><\/ol><h2 id=\"tab-con-3\" class=\"wp-block-heading\"> MAX IF met meerdere criteria<\/h2><p> Ik weet zeker dat je op dit punt erover nadenkt hoe we meer dan \u00e9\u00e9n voorwaarde kunnen gebruiken in Max If. En dat is slim denken.<\/p><p> In de echte datawereld is het zeer waarschijnlijk dat we meerdere criteria moeten gebruiken om de hoogste waarde te verkrijgen. Laten we doorgaan met het vorige voorbeeld.<\/p><p> Laten we zeggen dat u in plaats van de hoogste verkoopwaarde voor januari de hoogste verkoop voor week 2 van januari moet behalen.<\/p><p> Hier heb je dus twee verschillende voorwaarden: de maand is januari en de week is de 2e. En de formule zal zijn:<\/p><pre class=\"wp-block-code\"> <code class=\"language-excel-formula\" lang=\"excel-formula\">=MAX(IF(A2:A367=F5,IF(B2:B367=G5,D2:D367),))<\/code><\/pre><p> En als u het als tabel invoert: <\/p><pre class=\"wp-block-code\"> <code class=\"language-excel-formula\" lang=\"excel-formula\">{=MAX(IF(A2:A367=F5,IF(B2:B367=G5,D2:D367),))}<\/code><\/pre><div class=\"wp-block-image\"><figure class=\"aligncenter\"><img decoding=\"async\" src=\"https:\/\/exceladvisor.org\/wp-content\/uploads\/2023\/08\/plusieurs-criteres-avec-max-si-formule-min-1.png\" sizes=\"\" srcset=\"\" alt=\"meerdere criteria met max if-formule\"><\/figure><\/div><h3 id=\"tab-con-4\" class=\"wp-block-heading\"> Hoe werkt dit<\/h3><p> Hier hebben we geneste IF gebruikt om meer dan \u00e9\u00e9n logica te testen. E\u00e9n is voor de maand en de tweede is voor de week.<\/p><p> Er wordt dus alleen een tabel geretourneerd waarin u de verkoophoeveelheid hebt als de maand januari is en de week de 2e. <\/p><div class=\"wp-block-image\"><figure class=\"aligncenter\"><img decoding=\"async\" src=\"https:\/\/exceladvisor.org\/wp-content\/uploads\/2023\/08\/criteres-multiples-avec-max-si-formule-premier-tableau-min-1.png\" sizes=\"\" srcset=\"\" alt=\"verschillende criteria met max. als formule eerste tabel\"><\/figure><\/div><p> En aan het einde retourneert max de maximale waarde van deze array.<\/p><h2 id=\"tab-con-5\" class=\"wp-block-heading\"> MAX IF zonder tafel<\/h2><p> Tabellen zijn krachtig, maar niet iedereen wil ze gebruiken. En u hebt de mogelijkheid om geen array in max if te gebruiken.<\/p><p> Hiervoor kunt u de functie SUMPRODUCT gebruiken, omdat deze u kan helpen een array te gebruiken zonder de daadwerkelijke array-formule toe te passen. En de formule zal zijn:<\/p><pre class=\"wp-block-code\"> <code class=\"language-excel-formula\" lang=\"excel-formula\">=SUMPRODUCT(MAX((A2:A367=\"Jan\")*D2:D367))<\/code><\/pre><p> Wanneer u deze formule invoegt, hoeft u dus niet ctrl + shift + enter te gebruiken. <\/p><div class=\"wp-block-image\"><figure class=\"aligncenter\"><img decoding=\"async\" src=\"https:\/\/exceladvisor.org\/wp-content\/uploads\/2023\/08\/max-si-formule-sans-tableaux-utilisant-sumproduct-min-1.png\" sizes=\"\" srcset=\"\" alt=\"max if-formule zonder arrays met behulp van somproduct\"><\/figure><\/div><h3 id=\"tab-con-6\" class=\"wp-block-heading\"> Hoe werkt dit<\/h3><p> Nogmaals, we moeten deze formule in drie verschillende delen verdelen om deze te begrijpen. In het eerste deel vergeleek je de maandkolom met de criteria en deze retourneerde een array met TRUE waar de criteria overeenkwamen, anders FALSE. <\/p><div class=\"wp-block-image\"><figure class=\"aligncenter\"><img decoding=\"async\" src=\"https:\/\/exceladvisor.org\/wp-content\/uploads\/2023\/08\/comparer-mois-max-si-formule-avec-sumproduct-min-1.png\" sizes=\"\" srcset=\"\" alt=\"vergelijk max. maand als formule met somproduct\"><\/figure><\/div><p> Daarna vermenigvuldigt u deze tabel met de kolom met verkoophoeveelheid, waardoor een tabel ontstaat waarin u de verkoophoeveelheid heeft in plaats van WAAR. Uiteindelijk heeft de MAX-functie de hoogste waarde in deze array geretourneerd, wat overeenkomt met uw hoogste verkoophoeveelheid.<\/p><p> De belangrijkste rol van deze hele formule, het somproduct, is om u in staat te stellen een array te gebruiken zonder een daadwerkelijke arrayformule in te voeren.<\/p><h2 class=\"wp-block-heading\"> Conclusie<\/h2><p> Het verkrijgen van de maximale waarde op basis van criteria is wat we vaak moeten doen. En met behulp van deze techniek van de max if-formule kun je het moeiteloos doen.<\/p><p> Alle methoden die je hierboven hebt geleerd, hebben verschillende toepassingen, afhankelijk van de situatie. Ik hoop dat deze formuletip je helpt beter te worden in Excel. Maar vertel me nu \u00e9\u00e9n ding.<\/p><p> Wat vind jij echt mooi, een schilderij of zonder schilderij?<\/p><p> Deel uw mening met mij in het opmerkingengedeelte. Ik hoor graag van je, en vergeet alsjeblieft niet om dit bericht met je vrienden te delen, ik weet zeker dat ze het op prijs zullen stellen. <\/p><div class=\"gb-container gb-container-52dfcee1 gb-container-sample-file\"><h2 class=\"gb-headline gb-headline-e289c143 gb-headline-text gb-headline-4f7959c2\"> Haal het Excel-bestand op<\/h2><p> <a class=\"gb-button gb-button-e88d6bee gb-button-text gb-button-button1\" href=\"https:\/\/exceladvisor.org\/wp-content\/uploads\/2023\/08\/max-si-3.xlsx\" rel=\"nofollow\">Downloaden<\/a><\/p><\/div><div class=\"gb-container gb-container-0df56012 gb-container-mt\"> <a class=\"gb-button gb-button-f9f432f4 gb-button-text gb-button-mt-button\" href=\"https:\/\/exceladvisor.org\/nl\/formules\/\">Lijst met Excel-formules<\/a><h2 class=\"gb-headline gb-headline-233444e8 gb-headline-text gb-headline-mt-heading\"> Gerelateerde formules <\/h2><div class=\"gb-grid-wrapper gb-grid-wrapper-a16fa65c gb-grid-wrapper-mt-grid\"><div class=\"gb-grid-column gb-grid-column-50d07e0d\"><div class=\"gb-container gb-container-50d07e0d\"><ul><li> <a href=\"https:\/\/exceladvisor.org\/nl\/variatiecoefficient\/\">Bereken de variatieco\u00ebffici\u00ebnt (CV) in Excel<\/a><\/li><li> <a href=\"https:\/\/exceladvisor.org\/nl\/rapport\/\">Bereken snel de verhouding in Excel<\/a><\/li><li> <a href=\"https:\/\/exceladvisor.org\/nl\/laagste-waarde\/\">Zoek de laagste waarde uit een lijst met getallen (N)<\/a><\/li><li> <a href=\"https:\/\/exceladvisor.org\/nl\/kleinste-waarde-2\/\">Zoek de kleinste waarde in een celbereik (kleinste getal)<\/a><\/li><li> <a href=\"https:\/\/exceladvisor.org\/nl\/nde-wortel-2\/\">Bereken de n-de wortel<\/a> <\/li><\/ul><\/div><\/div><div class=\"gb-grid-column gb-grid-column-5b4a0cf9\"><div class=\"gb-container gb-container-5b4a0cf9\"><\/div><\/div><\/div><\/div>","protected":false},"excerpt":{"rendered":"","protected":false},"author":1,"featured_media":0,"parent":0,"menu_order":0,"comment_status":"open","ping_status":"closed","template":"","meta":{"ub_ctt_via":"","footnotes":""},"class_list":["post-1702","page","type-page","status-publish","hentry"],"featured_image_src":null,"yoast_head":"<!-- This site is optimized with the Yoast SEO plugin v25.4 - https:\/\/yoast.com\/wordpress\/plugins\/seo\/ -->\n<title>Hoe MAX IF in Excel te gebruiken? [Volledige gids 2023]<\/title>\n<meta name=\"description\" content=\"Er is geen specifieke functie hiervoor in Excel. Maar u kunt MAX en IF combineren om een formule te cre\u00ebren om de\" \/>\n<meta name=\"robots\" content=\"index, follow, max-snippet:-1, max-image-preview:large, max-video-preview:-1\" \/>\n<link rel=\"canonical\" href=\"https:\/\/exceladvisor.org\/nl\/maximaal-als\/\" \/>\n<meta property=\"og:locale\" content=\"nl_NL\" \/>\n<meta property=\"og:type\" content=\"article\" \/>\n<meta property=\"og:title\" content=\"Hoe MAX IF in Excel te gebruiken? [Volledige gids 2023]\" \/>\n<meta property=\"og:description\" content=\"Er is geen specifieke functie hiervoor in Excel. Maar u kunt MAX en IF combineren om een formule te cre\u00ebren om de\" \/>\n<meta property=\"og:url\" content=\"https:\/\/exceladvisor.org\/nl\/maximaal-als\/\" \/>\n<meta property=\"og:site_name\" content=\"Excel Advisor\" \/>\n<meta property=\"article:modified_time\" content=\"2023-12-06T05:50:23+00:00\" \/>\n<meta property=\"og:image\" content=\"https:\/\/exceladvisor.org\/wp-content\/uploads\/2023\/08\/donnees-de-quantite-de-ventes-a-utiliser-max-si-formule-min-1.png\" \/>\n<meta name=\"twitter:card\" content=\"summary_large_image\" \/>\n<meta name=\"twitter:label1\" content=\"Geschatte leestijd\" \/>\n\t<meta name=\"twitter:data1\" content=\"4 minuten\" \/>\n<script type=\"application\/ld+json\" class=\"yoast-schema-graph\">{\"@context\":\"https:\/\/schema.org\",\"@graph\":[{\"@type\":\"WebPage\",\"@id\":\"https:\/\/exceladvisor.org\/nl\/maximaal-als\/\",\"url\":\"https:\/\/exceladvisor.org\/nl\/maximaal-als\/\",\"name\":\"Hoe MAX IF in Excel te gebruiken? [Volledige gids 2023]\",\"isPartOf\":{\"@id\":\"https:\/\/exceladvisor.org\/nl\/#website\"},\"primaryImageOfPage\":{\"@id\":\"https:\/\/exceladvisor.org\/nl\/maximaal-als\/#primaryimage\"},\"image\":{\"@id\":\"https:\/\/exceladvisor.org\/nl\/maximaal-als\/#primaryimage\"},\"thumbnailUrl\":\"https:\/\/exceladvisor.org\/wp-content\/uploads\/2023\/08\/donnees-de-quantite-de-ventes-a-utiliser-max-si-formule-min-1.png\",\"datePublished\":\"2023-11-10T18:13:57+00:00\",\"dateModified\":\"2023-12-06T05:50:23+00:00\",\"description\":\"Er is geen specifieke functie hiervoor in Excel. Maar u kunt MAX en IF combineren om een formule te cre\u00ebren om de\",\"breadcrumb\":{\"@id\":\"https:\/\/exceladvisor.org\/nl\/maximaal-als\/#breadcrumb\"},\"inLanguage\":\"nl-NL\",\"potentialAction\":[{\"@type\":\"ReadAction\",\"target\":[\"https:\/\/exceladvisor.org\/nl\/maximaal-als\/\"]}]},{\"@type\":\"ImageObject\",\"inLanguage\":\"nl-NL\",\"@id\":\"https:\/\/exceladvisor.org\/nl\/maximaal-als\/#primaryimage\",\"url\":\"https:\/\/exceladvisor.org\/wp-content\/uploads\/2023\/08\/donnees-de-quantite-de-ventes-a-utiliser-max-si-formule-min-1.png\",\"contentUrl\":\"https:\/\/exceladvisor.org\/wp-content\/uploads\/2023\/08\/donnees-de-quantite-de-ventes-a-utiliser-max-si-formule-min-1.png\"},{\"@type\":\"BreadcrumbList\",\"@id\":\"https:\/\/exceladvisor.org\/nl\/maximaal-als\/#breadcrumb\",\"itemListElement\":[{\"@type\":\"ListItem\",\"position\":1,\"name\":\"Thuis\",\"item\":\"https:\/\/exceladvisor.org\/nl\/\"},{\"@type\":\"ListItem\",\"position\":2,\"name\":\"Hoe max if in excel te gebruiken?\"}]},{\"@type\":\"WebSite\",\"@id\":\"https:\/\/exceladvisor.org\/nl\/#website\",\"url\":\"https:\/\/exceladvisor.org\/nl\/\",\"name\":\"Excel Advisor\",\"description\":\"Uw gids voor datadominantie\",\"publisher\":{\"@id\":\"https:\/\/exceladvisor.org\/nl\/#organization\"},\"potentialAction\":[{\"@type\":\"SearchAction\",\"target\":{\"@type\":\"EntryPoint\",\"urlTemplate\":\"https:\/\/exceladvisor.org\/nl\/?s={search_term_string}\"},\"query-input\":{\"@type\":\"PropertyValueSpecification\",\"valueRequired\":true,\"valueName\":\"search_term_string\"}}],\"inLanguage\":\"nl-NL\"},{\"@type\":\"Organization\",\"@id\":\"https:\/\/exceladvisor.org\/nl\/#organization\",\"name\":\"Excel Advisor\",\"url\":\"https:\/\/exceladvisor.org\/nl\/\",\"logo\":{\"@type\":\"ImageObject\",\"inLanguage\":\"nl-NL\",\"@id\":\"https:\/\/exceladvisor.org\/nl\/#\/schema\/logo\/image\/\",\"url\":\"https:\/\/exceladvisor.org\/nl\/wp-content\/uploads\/2023\/12\/exceladvisor.org_.png\",\"contentUrl\":\"https:\/\/exceladvisor.org\/nl\/wp-content\/uploads\/2023\/12\/exceladvisor.org_.png\",\"width\":105,\"height\":36,\"caption\":\"Excel Advisor\"},\"image\":{\"@id\":\"https:\/\/exceladvisor.org\/nl\/#\/schema\/logo\/image\/\"}}]}<\/script>\n<!-- \/ Yoast SEO plugin. -->","yoast_head_json":{"title":"Hoe MAX IF in Excel te gebruiken? [Volledige gids 2023]","description":"Er is geen specifieke functie hiervoor in Excel. Maar u kunt MAX en IF combineren om een formule te cre\u00ebren om de","robots":{"index":"index","follow":"follow","max-snippet":"max-snippet:-1","max-image-preview":"max-image-preview:large","max-video-preview":"max-video-preview:-1"},"canonical":"https:\/\/exceladvisor.org\/nl\/maximaal-als\/","og_locale":"nl_NL","og_type":"article","og_title":"Hoe MAX IF in Excel te gebruiken? [Volledige gids 2023]","og_description":"Er is geen specifieke functie hiervoor in Excel. Maar u kunt MAX en IF combineren om een formule te cre\u00ebren om de","og_url":"https:\/\/exceladvisor.org\/nl\/maximaal-als\/","og_site_name":"Excel Advisor","article_modified_time":"2023-12-06T05:50:23+00:00","og_image":[{"url":"https:\/\/exceladvisor.org\/wp-content\/uploads\/2023\/08\/donnees-de-quantite-de-ventes-a-utiliser-max-si-formule-min-1.png","type":"","width":"","height":""}],"twitter_card":"summary_large_image","twitter_misc":{"Geschatte leestijd":"4 minuten"},"schema":{"@context":"https:\/\/schema.org","@graph":[{"@type":"WebPage","@id":"https:\/\/exceladvisor.org\/nl\/maximaal-als\/","url":"https:\/\/exceladvisor.org\/nl\/maximaal-als\/","name":"Hoe MAX IF in Excel te gebruiken? [Volledige gids 2023]","isPartOf":{"@id":"https:\/\/exceladvisor.org\/nl\/#website"},"primaryImageOfPage":{"@id":"https:\/\/exceladvisor.org\/nl\/maximaal-als\/#primaryimage"},"image":{"@id":"https:\/\/exceladvisor.org\/nl\/maximaal-als\/#primaryimage"},"thumbnailUrl":"https:\/\/exceladvisor.org\/wp-content\/uploads\/2023\/08\/donnees-de-quantite-de-ventes-a-utiliser-max-si-formule-min-1.png","datePublished":"2023-11-10T18:13:57+00:00","dateModified":"2023-12-06T05:50:23+00:00","description":"Er is geen specifieke functie hiervoor in Excel. Maar u kunt MAX en IF combineren om een formule te cre\u00ebren om de","breadcrumb":{"@id":"https:\/\/exceladvisor.org\/nl\/maximaal-als\/#breadcrumb"},"inLanguage":"nl-NL","potentialAction":[{"@type":"ReadAction","target":["https:\/\/exceladvisor.org\/nl\/maximaal-als\/"]}]},{"@type":"ImageObject","inLanguage":"nl-NL","@id":"https:\/\/exceladvisor.org\/nl\/maximaal-als\/#primaryimage","url":"https:\/\/exceladvisor.org\/wp-content\/uploads\/2023\/08\/donnees-de-quantite-de-ventes-a-utiliser-max-si-formule-min-1.png","contentUrl":"https:\/\/exceladvisor.org\/wp-content\/uploads\/2023\/08\/donnees-de-quantite-de-ventes-a-utiliser-max-si-formule-min-1.png"},{"@type":"BreadcrumbList","@id":"https:\/\/exceladvisor.org\/nl\/maximaal-als\/#breadcrumb","itemListElement":[{"@type":"ListItem","position":1,"name":"Thuis","item":"https:\/\/exceladvisor.org\/nl\/"},{"@type":"ListItem","position":2,"name":"Hoe max if in excel te gebruiken?"}]},{"@type":"WebSite","@id":"https:\/\/exceladvisor.org\/nl\/#website","url":"https:\/\/exceladvisor.org\/nl\/","name":"Excel Advisor","description":"Uw gids voor datadominantie","publisher":{"@id":"https:\/\/exceladvisor.org\/nl\/#organization"},"potentialAction":[{"@type":"SearchAction","target":{"@type":"EntryPoint","urlTemplate":"https:\/\/exceladvisor.org\/nl\/?s={search_term_string}"},"query-input":{"@type":"PropertyValueSpecification","valueRequired":true,"valueName":"search_term_string"}}],"inLanguage":"nl-NL"},{"@type":"Organization","@id":"https:\/\/exceladvisor.org\/nl\/#organization","name":"Excel Advisor","url":"https:\/\/exceladvisor.org\/nl\/","logo":{"@type":"ImageObject","inLanguage":"nl-NL","@id":"https:\/\/exceladvisor.org\/nl\/#\/schema\/logo\/image\/","url":"https:\/\/exceladvisor.org\/nl\/wp-content\/uploads\/2023\/12\/exceladvisor.org_.png","contentUrl":"https:\/\/exceladvisor.org\/nl\/wp-content\/uploads\/2023\/12\/exceladvisor.org_.png","width":105,"height":36,"caption":"Excel Advisor"},"image":{"@id":"https:\/\/exceladvisor.org\/nl\/#\/schema\/logo\/image\/"}}]}},"yoast_meta":{"yoast_wpseo_title":"","yoast_wpseo_metadesc":"","yoast_wpseo_canonical":""},"_links":{"self":[{"href":"https:\/\/exceladvisor.org\/nl\/wp-json\/wp\/v2\/pages\/1702","targetHints":{"allow":["GET"]}}],"collection":[{"href":"https:\/\/exceladvisor.org\/nl\/wp-json\/wp\/v2\/pages"}],"about":[{"href":"https:\/\/exceladvisor.org\/nl\/wp-json\/wp\/v2\/types\/page"}],"author":[{"embeddable":true,"href":"https:\/\/exceladvisor.org\/nl\/wp-json\/wp\/v2\/users\/1"}],"replies":[{"embeddable":true,"href":"https:\/\/exceladvisor.org\/nl\/wp-json\/wp\/v2\/comments?post=1702"}],"version-history":[{"count":1,"href":"https:\/\/exceladvisor.org\/nl\/wp-json\/wp\/v2\/pages\/1702\/revisions"}],"predecessor-version":[{"id":2718,"href":"https:\/\/exceladvisor.org\/nl\/wp-json\/wp\/v2\/pages\/1702\/revisions\/2718"}],"wp:attachment":[{"href":"https:\/\/exceladvisor.org\/nl\/wp-json\/wp\/v2\/media?parent=1702"}],"curies":[{"name":"wp","href":"https:\/\/api.w.org\/{rel}","templated":true}]}}