{"id":1713,"date":"2023-11-10T09:08:34","date_gmt":"2023-11-10T09:08:34","guid":{"rendered":"https:\/\/exceladvisor.org\/nl\/meest-voorkomende-nummers\/"},"modified":"2023-12-06T05:55:57","modified_gmt":"2023-12-06T05:55:57","slug":"meest-voorkomende-nummers","status":"publish","type":"page","link":"https:\/\/exceladvisor.org\/nl\/meest-voorkomende-nummers\/","title":{"rendered":"Haal de meest voorkomende nummer(s) van een array op"},"content":{"rendered":"<div class=\"excel-voor-de-inhoud\" id=\"excel-4242221115\"><script type=\"text\/javascript\">\r\n\tatOptions = {\r\n\t\t'key' : 'c1158f160081d6540a8409e6925dab94',\r\n\t\t'format' : 'iframe',\r\n\t\t'height' : 250,\r\n\t\t'width' : 300,\r\n\t\t'params' : {}\r\n\t};\r\n<\/script>\r\n<script type=\"text\/javascript\" src=\"\/\/www.highperformanceformat.com\/c1158f160081d6540a8409e6925dab94\/invoke.js\"><\/script><\/div> <p>Er zijn twee functies in Excel die u kunt gebruiken om de meest voorkomende nummer(s) uit een lijst met nummers te halen. De eerste is MODE en de tweede is MODE.MULT. Met de eerste functie kunt u het meest voorkomende nummer krijgen, en met de tweede kunt u er meer dan \u00e9\u00e9n krijgen. <\/p><div class=\"wp-block-image\"><figure class=\"aligncenter size-full is-resized\"><img loading=\"lazy\" decoding=\"async\" class=\"wp-image-79886\" src=\"https:\/\/exceladvisor.org\/wp-content\/uploads\/2023\/08\/1-obtenir-les-numeros-les-plus-frequents.png\" sizes=\"auto, \" srcset=\"\" alt=\"krijg de meest voorkomende nummers\" width=\"577\" height=\"418\"><\/figure><\/div><p> Laten we beide formules \u00e9\u00e9n voor \u00e9\u00e9n leren.<\/p><h2 class=\"wp-block-heading\"> Formule om het meest voorkomende nummer te verkrijgen (MODE)<\/h2><p> U kunt de onderstaande stappen gebruiken:<\/p><ol type=\"1\"><li> Voer eerst de MODE-functie in een cel in.<\/li><li> Voer daarna de beginhaakjes in.<\/li><li> Raadpleeg vervolgens het bereik waar u de lijst met nummers heeft.<\/li><li> Voer aan het einde de afsluitende haakjes in en druk op Enter om het resultaat te krijgen. <\/li><\/ol><div class=\"wp-block-image\"><figure class=\"aligncenter size-full is-resized\"><img loading=\"lazy\" decoding=\"async\" class=\"wp-image-79887\" src=\"https:\/\/exceladvisor.org\/wp-content\/uploads\/2023\/08\/2-mode-pour-obtenir-le-numero-le-plus-frequent.png\" sizes=\"auto, \" srcset=\"\" alt=\"modus-om-het-meest voorkomende-unieke-nummer te krijgen\" width=\"363\" height=\"474\"><\/figure><\/div><pre class=\"wp-block-code\"> <code class=\"language-excel-formula\" lang=\"excel-formula\">=MODE(A1:A9)<\/code><\/pre><p> MODE is een oude functie, maar is nog steeds beschikbaar voor achterwaartse compatibiliteit. Maar er zit een fout in deze functie. Als u twee getallen in een lijst heeft die evenveel voorkomen in de lijst, kan MODE u niet beide getallen in het resultaat geven. <\/p><div class=\"wp-block-image\"><figure class=\"aligncenter size-full is-resized\"><img loading=\"lazy\" decoding=\"async\" class=\"wp-image-79888\" src=\"https:\/\/exceladvisor.org\/wp-content\/uploads\/2023\/08\/3-modes-de-resultat.png\" sizes=\"auto, \" srcset=\"\" alt=\"resultaat-modus\" width=\"371\" height=\"505\"><\/figure><\/div><p> In het bovenstaande voorbeeld heb je 30 en 10; beide getallen verschijnen vier keer in de lijst, maar MODE retourneert 30 in het resultaat, niet 10 of zowel 10 als 30.<\/p><h2 class=\"wp-block-heading\"> Formule voor het verkrijgen van meerdere frequente nummers (MODE.MULT)<\/h2><p> U kunt de onderstaande stappen gebruiken:<\/p><ol type=\"1\"><li> Voer eerst de MODE.MULT-functie van Excel in een cel in.<\/li><li> Voer daarna de beginhaakjes in.<\/li><li> Raadpleeg vervolgens het celbereik waar u de lijst met getallen heeft.<\/li><li> Voer aan het einde de afsluitende haakjes in en druk op Enter om het resultaat te krijgen. <\/li><\/ol><div class=\"wp-block-image\"><figure class=\"aligncenter size-full is-resized\"><img loading=\"lazy\" decoding=\"async\" class=\"wp-image-79889\" src=\"https:\/\/exceladvisor.org\/wp-content\/uploads\/2023\/08\/4-obtenir-plusieurs-numeros-frequents.png\" sizes=\"auto, \" srcset=\"\" alt=\"krijg meerdere frequente nummers\" width=\"377\" height=\"457\"><\/figure><\/div><p> MODE.MULT is een dynamische arrayfunctie die resultaten in meerdere cellen kan retourneren. Daarom retourneert het 30 en 10 in het resultaat, omdat beide getallen evenveel in de lijst voorkomen.<\/p><pre class=\"wp-block-code\"> <code class=\"language-excel-formula\" lang=\"excel-formula\">=MODE.MULT(A1:A9)<\/code><\/pre><p> En als u het resultaat in horizontale vorm binnen een bereik wilt krijgen, kunt u de TRANSPOSE-functie gebruiken. <\/p><div class=\"wp-block-image\"><figure class=\"aligncenter size-full is-resized\"><img loading=\"lazy\" decoding=\"async\" class=\"wp-image-79890\" src=\"https:\/\/exceladvisor.org\/wp-content\/uploads\/2023\/08\/5-modes-de-transposition-multi-resultats.png\" sizes=\"auto, \" srcset=\"\" alt=\"transpose-mode.multi-resultaat\" width=\"606\" height=\"271\"><\/figure><\/div><pre class=\"wp-block-code\"> <code class=\"language-excel-formula\" lang=\"excel-formula\">=TRANSPOSE(MODE.MULT(A1:A9))<\/code><\/pre><div class=\"gb-container gb-container-52dfcee1 gb-container-sample-file\"><h2 class=\"gb-headline gb-headline-e289c143 gb-headline-text gb-headline-4f7959c2\"> Haal het Excel-bestand op<\/h2> <a class=\"gb-button gb-button-e88d6bee gb-button-text gb-button-button1\" href=\"https:\/\/exceladvisor.org\/wp-content\/uploads\/2023\/08\/numero-le-plus-frequent.xlsx\" rel=\"nofollow\">Downloaden<\/a><\/div><div class=\"gb-container gb-container-0df56012 gb-container-mt\"> <a class=\"gb-button gb-button-f9f432f4 gb-button-text gb-button-mt-button\" href=\"https:\/\/exceladvisor.org\/nl\/formules\/\">Lijst met Excel-formules<\/a><h2 class=\"gb-headline gb-headline-233444e8 gb-headline-text gb-headline-mt-heading\"> Gerelateerde formules <\/h2><div class=\"gb-grid-wrapper gb-grid-wrapper-a16fa65c gb-grid-wrapper-mt-grid\"><div class=\"gb-grid-column gb-grid-column-50d07e0d\"><div class=\"gb-container gb-container-50d07e0d\"><ul><li> <a href=\"https:\/\/exceladvisor.org\/nl\/variatiecoefficient\/\">Bereken de variatieco\u00ebffici\u00ebnt (CV) in Excel<\/a><\/li><li> <a href=\"https:\/\/exceladvisor.org\/nl\/maximaal-als\/\">MAX ALS in Excel<\/a><\/li><li> <a href=\"https:\/\/exceladvisor.org\/nl\/rapport\/\">Bereken snel de verhouding in Excel<\/a><\/li><li> <a href=\"https:\/\/exceladvisor.org\/nl\/laagste-waarde\/\">Zoek de laagste waarde uit een lijst met getallen (N)<\/a> <\/li><\/ul><\/div><\/div><div class=\"gb-grid-column gb-grid-column-5b4a0cf9\"><div class=\"gb-container gb-container-5b4a0cf9\"><\/div><\/div><\/div><\/div>","protected":false},"excerpt":{"rendered":"","protected":false},"author":1,"featured_media":0,"parent":0,"menu_order":0,"comment_status":"open","ping_status":"closed","template":"","meta":{"ub_ctt_via":"","footnotes":""},"class_list":["post-1713","page","type-page","status-publish","hentry"],"featured_image_src":null,"yoast_head":"<!-- This site is optimized with the Yoast SEO plugin v25.4 - https:\/\/yoast.com\/wordpress\/plugins\/seo\/ -->\n<title>Haal de meest voorkomende nummer(s) uit een array<\/title>\n<meta name=\"description\" content=\"In deze zelfstudie leert u hoe u een Excel-formule schrijft om het meest voorkomende getal uit de lijst met getallen te verkrijgen. Laten we dit controleren...\" \/>\n<meta name=\"robots\" content=\"index, follow, max-snippet:-1, max-image-preview:large, max-video-preview:-1\" \/>\n<link rel=\"canonical\" href=\"https:\/\/exceladvisor.org\/nl\/meest-voorkomende-nummers\/\" \/>\n<meta property=\"og:locale\" content=\"nl_NL\" \/>\n<meta property=\"og:type\" content=\"article\" \/>\n<meta property=\"og:title\" content=\"Haal de meest voorkomende nummer(s) uit een array\" \/>\n<meta property=\"og:description\" content=\"In deze zelfstudie leert u hoe u een Excel-formule schrijft om het meest voorkomende getal uit de lijst met getallen te verkrijgen. Laten we dit controleren...\" \/>\n<meta property=\"og:url\" content=\"https:\/\/exceladvisor.org\/nl\/meest-voorkomende-nummers\/\" \/>\n<meta property=\"og:site_name\" content=\"Excel Advisor\" \/>\n<meta property=\"article:modified_time\" content=\"2023-12-06T05:55:57+00:00\" \/>\n<meta property=\"og:image\" content=\"https:\/\/exceladvisor.org\/wp-content\/uploads\/2023\/08\/1-obtenir-les-numeros-les-plus-frequents.png\" \/>\n<meta name=\"twitter:card\" content=\"summary_large_image\" \/>\n<meta name=\"twitter:label1\" content=\"Geschatte leestijd\" \/>\n\t<meta name=\"twitter:data1\" content=\"2 minuten\" \/>\n<script type=\"application\/ld+json\" class=\"yoast-schema-graph\">{\"@context\":\"https:\/\/schema.org\",\"@graph\":[{\"@type\":\"WebPage\",\"@id\":\"https:\/\/exceladvisor.org\/nl\/meest-voorkomende-nummers\/\",\"url\":\"https:\/\/exceladvisor.org\/nl\/meest-voorkomende-nummers\/\",\"name\":\"Haal de meest voorkomende nummer(s) uit een array\",\"isPartOf\":{\"@id\":\"https:\/\/exceladvisor.org\/nl\/#website\"},\"primaryImageOfPage\":{\"@id\":\"https:\/\/exceladvisor.org\/nl\/meest-voorkomende-nummers\/#primaryimage\"},\"image\":{\"@id\":\"https:\/\/exceladvisor.org\/nl\/meest-voorkomende-nummers\/#primaryimage\"},\"thumbnailUrl\":\"https:\/\/exceladvisor.org\/wp-content\/uploads\/2023\/08\/1-obtenir-les-numeros-les-plus-frequents.png\",\"datePublished\":\"2023-11-10T09:08:34+00:00\",\"dateModified\":\"2023-12-06T05:55:57+00:00\",\"description\":\"In deze zelfstudie leert u hoe u een Excel-formule schrijft om het meest voorkomende getal uit de lijst met getallen te verkrijgen. Laten we dit controleren...\",\"breadcrumb\":{\"@id\":\"https:\/\/exceladvisor.org\/nl\/meest-voorkomende-nummers\/#breadcrumb\"},\"inLanguage\":\"nl-NL\",\"potentialAction\":[{\"@type\":\"ReadAction\",\"target\":[\"https:\/\/exceladvisor.org\/nl\/meest-voorkomende-nummers\/\"]}]},{\"@type\":\"ImageObject\",\"inLanguage\":\"nl-NL\",\"@id\":\"https:\/\/exceladvisor.org\/nl\/meest-voorkomende-nummers\/#primaryimage\",\"url\":\"https:\/\/exceladvisor.org\/wp-content\/uploads\/2023\/08\/1-obtenir-les-numeros-les-plus-frequents.png\",\"contentUrl\":\"https:\/\/exceladvisor.org\/wp-content\/uploads\/2023\/08\/1-obtenir-les-numeros-les-plus-frequents.png\"},{\"@type\":\"BreadcrumbList\",\"@id\":\"https:\/\/exceladvisor.org\/nl\/meest-voorkomende-nummers\/#breadcrumb\",\"itemListElement\":[{\"@type\":\"ListItem\",\"position\":1,\"name\":\"Thuis\",\"item\":\"https:\/\/exceladvisor.org\/nl\/\"},{\"@type\":\"ListItem\",\"position\":2,\"name\":\"Haal de meest voorkomende nummer(s) van een array op\"}]},{\"@type\":\"WebSite\",\"@id\":\"https:\/\/exceladvisor.org\/nl\/#website\",\"url\":\"https:\/\/exceladvisor.org\/nl\/\",\"name\":\"Excel Advisor\",\"description\":\"Uw gids voor datadominantie\",\"publisher\":{\"@id\":\"https:\/\/exceladvisor.org\/nl\/#organization\"},\"potentialAction\":[{\"@type\":\"SearchAction\",\"target\":{\"@type\":\"EntryPoint\",\"urlTemplate\":\"https:\/\/exceladvisor.org\/nl\/?s={search_term_string}\"},\"query-input\":{\"@type\":\"PropertyValueSpecification\",\"valueRequired\":true,\"valueName\":\"search_term_string\"}}],\"inLanguage\":\"nl-NL\"},{\"@type\":\"Organization\",\"@id\":\"https:\/\/exceladvisor.org\/nl\/#organization\",\"name\":\"Excel Advisor\",\"url\":\"https:\/\/exceladvisor.org\/nl\/\",\"logo\":{\"@type\":\"ImageObject\",\"inLanguage\":\"nl-NL\",\"@id\":\"https:\/\/exceladvisor.org\/nl\/#\/schema\/logo\/image\/\",\"url\":\"https:\/\/exceladvisor.org\/nl\/wp-content\/uploads\/2023\/12\/exceladvisor.org_.png\",\"contentUrl\":\"https:\/\/exceladvisor.org\/nl\/wp-content\/uploads\/2023\/12\/exceladvisor.org_.png\",\"width\":105,\"height\":36,\"caption\":\"Excel Advisor\"},\"image\":{\"@id\":\"https:\/\/exceladvisor.org\/nl\/#\/schema\/logo\/image\/\"}}]}<\/script>\n<!-- \/ Yoast SEO plugin. -->","yoast_head_json":{"title":"Haal de meest voorkomende nummer(s) uit een array","description":"In deze zelfstudie leert u hoe u een Excel-formule schrijft om het meest voorkomende getal uit de lijst met getallen te verkrijgen. Laten we dit controleren...","robots":{"index":"index","follow":"follow","max-snippet":"max-snippet:-1","max-image-preview":"max-image-preview:large","max-video-preview":"max-video-preview:-1"},"canonical":"https:\/\/exceladvisor.org\/nl\/meest-voorkomende-nummers\/","og_locale":"nl_NL","og_type":"article","og_title":"Haal de meest voorkomende nummer(s) uit een array","og_description":"In deze zelfstudie leert u hoe u een Excel-formule schrijft om het meest voorkomende getal uit de lijst met getallen te verkrijgen. Laten we dit controleren...","og_url":"https:\/\/exceladvisor.org\/nl\/meest-voorkomende-nummers\/","og_site_name":"Excel Advisor","article_modified_time":"2023-12-06T05:55:57+00:00","og_image":[{"url":"https:\/\/exceladvisor.org\/wp-content\/uploads\/2023\/08\/1-obtenir-les-numeros-les-plus-frequents.png","type":"","width":"","height":""}],"twitter_card":"summary_large_image","twitter_misc":{"Geschatte leestijd":"2 minuten"},"schema":{"@context":"https:\/\/schema.org","@graph":[{"@type":"WebPage","@id":"https:\/\/exceladvisor.org\/nl\/meest-voorkomende-nummers\/","url":"https:\/\/exceladvisor.org\/nl\/meest-voorkomende-nummers\/","name":"Haal de meest voorkomende nummer(s) uit een array","isPartOf":{"@id":"https:\/\/exceladvisor.org\/nl\/#website"},"primaryImageOfPage":{"@id":"https:\/\/exceladvisor.org\/nl\/meest-voorkomende-nummers\/#primaryimage"},"image":{"@id":"https:\/\/exceladvisor.org\/nl\/meest-voorkomende-nummers\/#primaryimage"},"thumbnailUrl":"https:\/\/exceladvisor.org\/wp-content\/uploads\/2023\/08\/1-obtenir-les-numeros-les-plus-frequents.png","datePublished":"2023-11-10T09:08:34+00:00","dateModified":"2023-12-06T05:55:57+00:00","description":"In deze zelfstudie leert u hoe u een Excel-formule schrijft om het meest voorkomende getal uit de lijst met getallen te verkrijgen. Laten we dit controleren...","breadcrumb":{"@id":"https:\/\/exceladvisor.org\/nl\/meest-voorkomende-nummers\/#breadcrumb"},"inLanguage":"nl-NL","potentialAction":[{"@type":"ReadAction","target":["https:\/\/exceladvisor.org\/nl\/meest-voorkomende-nummers\/"]}]},{"@type":"ImageObject","inLanguage":"nl-NL","@id":"https:\/\/exceladvisor.org\/nl\/meest-voorkomende-nummers\/#primaryimage","url":"https:\/\/exceladvisor.org\/wp-content\/uploads\/2023\/08\/1-obtenir-les-numeros-les-plus-frequents.png","contentUrl":"https:\/\/exceladvisor.org\/wp-content\/uploads\/2023\/08\/1-obtenir-les-numeros-les-plus-frequents.png"},{"@type":"BreadcrumbList","@id":"https:\/\/exceladvisor.org\/nl\/meest-voorkomende-nummers\/#breadcrumb","itemListElement":[{"@type":"ListItem","position":1,"name":"Thuis","item":"https:\/\/exceladvisor.org\/nl\/"},{"@type":"ListItem","position":2,"name":"Haal de meest voorkomende nummer(s) van een array op"}]},{"@type":"WebSite","@id":"https:\/\/exceladvisor.org\/nl\/#website","url":"https:\/\/exceladvisor.org\/nl\/","name":"Excel Advisor","description":"Uw gids voor datadominantie","publisher":{"@id":"https:\/\/exceladvisor.org\/nl\/#organization"},"potentialAction":[{"@type":"SearchAction","target":{"@type":"EntryPoint","urlTemplate":"https:\/\/exceladvisor.org\/nl\/?s={search_term_string}"},"query-input":{"@type":"PropertyValueSpecification","valueRequired":true,"valueName":"search_term_string"}}],"inLanguage":"nl-NL"},{"@type":"Organization","@id":"https:\/\/exceladvisor.org\/nl\/#organization","name":"Excel Advisor","url":"https:\/\/exceladvisor.org\/nl\/","logo":{"@type":"ImageObject","inLanguage":"nl-NL","@id":"https:\/\/exceladvisor.org\/nl\/#\/schema\/logo\/image\/","url":"https:\/\/exceladvisor.org\/nl\/wp-content\/uploads\/2023\/12\/exceladvisor.org_.png","contentUrl":"https:\/\/exceladvisor.org\/nl\/wp-content\/uploads\/2023\/12\/exceladvisor.org_.png","width":105,"height":36,"caption":"Excel Advisor"},"image":{"@id":"https:\/\/exceladvisor.org\/nl\/#\/schema\/logo\/image\/"}}]}},"yoast_meta":{"yoast_wpseo_title":"","yoast_wpseo_metadesc":"","yoast_wpseo_canonical":""},"_links":{"self":[{"href":"https:\/\/exceladvisor.org\/nl\/wp-json\/wp\/v2\/pages\/1713","targetHints":{"allow":["GET"]}}],"collection":[{"href":"https:\/\/exceladvisor.org\/nl\/wp-json\/wp\/v2\/pages"}],"about":[{"href":"https:\/\/exceladvisor.org\/nl\/wp-json\/wp\/v2\/types\/page"}],"author":[{"embeddable":true,"href":"https:\/\/exceladvisor.org\/nl\/wp-json\/wp\/v2\/users\/1"}],"replies":[{"embeddable":true,"href":"https:\/\/exceladvisor.org\/nl\/wp-json\/wp\/v2\/comments?post=1713"}],"version-history":[{"count":2,"href":"https:\/\/exceladvisor.org\/nl\/wp-json\/wp\/v2\/pages\/1713\/revisions"}],"predecessor-version":[{"id":3023,"href":"https:\/\/exceladvisor.org\/nl\/wp-json\/wp\/v2\/pages\/1713\/revisions\/3023"}],"wp:attachment":[{"href":"https:\/\/exceladvisor.org\/nl\/wp-json\/wp\/v2\/media?parent=1713"}],"curies":[{"name":"wp","href":"https:\/\/api.w.org\/{rel}","templated":true}]}}