{"id":1733,"date":"2023-11-08T21:16:36","date_gmt":"2023-11-08T21:16:36","guid":{"rendered":"https:\/\/exceladvisor.org\/nl\/som-indien-niet-leeg-2\/"},"modified":"2023-12-06T05:50:32","modified_gmt":"2023-12-06T05:50:32","slug":"som-indien-niet-leeg-2","status":"publish","type":"page","link":"https:\/\/exceladvisor.org\/nl\/som-indien-niet-leeg-2\/","title":{"rendered":"Hoe niet-lege cellen toevoegen?"},"content":{"rendered":"<div class=\"excel-voor-de-inhoud\" id=\"excel-2042474626\"><script type=\"text\/javascript\">\r\n\tatOptions = {\r\n\t\t'key' : 'c1158f160081d6540a8409e6925dab94',\r\n\t\t'format' : 'iframe',\r\n\t\t'height' : 250,\r\n\t\t'width' : 300,\r\n\t\t'params' : {}\r\n\t};\r\n<\/script>\r\n<script type=\"text\/javascript\" src=\"\/\/www.highperformanceformat.com\/c1158f160081d6540a8409e6925dab94\/invoke.js\"><\/script><\/div> <p>Om de waarde van niet-lege cellen op te tellen, moet u een niet-lege waarde opgeven (&#8220;&lt;&gt;&#8221; met de operator groter dan en kleiner dan) in het criteriumargument van de functie. Hiermee zoekt SUMIF alleen naar niet-lege cellen en beschouwt op basis daarvan alleen [sum_range]-waarden. Hieronder hebben wij de som van de donaties met namen berekend. <\/p><div class=\"wp-block-image\"><figure class=\"aligncenter size-full is-resized\"><img loading=\"lazy\" decoding=\"async\" class=\"wp-image-77827\" src=\"https:\/\/exceladvisor.org\/wp-content\/uploads\/2023\/08\/1-somme-si-cellules-non-vides.png\" sizes=\"auto, \" srcset=\"\" alt=\"sumif-niet-lege-cellen\" width=\"542\" height=\"431\"><\/figure><\/div><h2 class=\"wp-block-heading\"> SUMIF gebruiken voor niet-lege cellen<\/h2><ol type=\"1\"><li> Voer eerst in de cel de =SUMIF( in.<\/li><li> Nu verwijzen de bereikcriteria naar het bereik A2:A13.<\/li><li> Voer vervolgens de criteria voor niet-lege cellen in met \u201c&lt;&gt;\u201d.<\/li><li> Daarna verwijst u in het argument [sum_range] naar het bereik B2:B13.<\/li><li> Voer aan het einde de afsluitende haakjes in en druk op Enter om het resultaat te krijgen. <\/li><\/ol><div class=\"wp-block-image\"><figure class=\"aligncenter size-full is-resized\"><img loading=\"lazy\" decoding=\"async\" class=\"wp-image-77828\" src=\"https:\/\/exceladvisor.org\/wp-content\/uploads\/2023\/08\/2-utiliser-sumif-pour-les-cellules-non-vides.png\" sizes=\"auto, \" srcset=\"\" alt=\"gebruik-sumif-voor-niet-lege-cellen\" width=\"709\" height=\"201\"><\/figure><\/div><p> Wanneer u de formule invoert en op Enter drukt, wordt het donatiebedrag alleen geretourneerd voor de cellen waarin u een naam in de naamkolom heeft. <\/p><div class=\"wp-block-image\"><figure class=\"aligncenter size-full is-resized\"><img loading=\"lazy\" decoding=\"async\" class=\"wp-image-77829\" src=\"https:\/\/exceladvisor.org\/wp-content\/uploads\/2023\/08\/3-resultats-sumif-pour-les-cellules-non-vides.png\" sizes=\"auto, \" srcset=\"\" alt=\"sumif-resultaat-voor-niet-lege-cellen\" width=\"585\" height=\"446\"><\/figure><\/div><pre class=\"wp-block-code\"> <code class=\"language-excel-formula\" lang=\"excel-formula\">=SUMIF(A2:A13,\"&lt;&gt;\",B2:B13)<\/code><\/pre><h2 class=\"wp-block-heading\"> SUMPRODUCT naar SUM Niet-lege echte cellen<\/h2><p> Laten we zeggen dat je een lege cel hebt en in die cel heb je een spatie. Nu <a href=\"https:\/\/exceladvisor.org\/nl\/verwijder-extra-spaties\/\">ziet deze cel eruit als een lege cel, maar niet leeg<\/a> . <\/p><div class=\"wp-block-image\"><figure class=\"aligncenter size-full is-resized\"><img loading=\"lazy\" decoding=\"async\" class=\"wp-image-77830\" src=\"https:\/\/exceladvisor.org\/wp-content\/uploads\/2023\/08\/4-sumproduct-pour-additionner-les-cellules-non-vides-reelles.png\" sizes=\"auto, \" srcset=\"\" alt=\"som-product-naar-echte-som-niet-lege-cellen\" width=\"602\" height=\"303\"><\/figure><\/div><p> In deze situatie berekent SUMIF ook de som voor deze cel. <\/p><div class=\"wp-block-image\"><figure class=\"aligncenter size-full is-resized\"><img loading=\"lazy\" decoding=\"async\" class=\"wp-image-77831\" src=\"https:\/\/exceladvisor.org\/wp-content\/uploads\/2023\/08\/5-comptes-de-sumif.png\" sizes=\"auto, \" srcset=\"\" alt=\"sumif-tellingen\" width=\"672\" height=\"229\"><\/figure><\/div><p> Om dit probleem op te lossen, kunt u een combinatie van <a href=\"https:\/\/exceladvisor.org\/nl\/somproduct-2\/\">SUMPRODUCT<\/a> , LEN en TRIM gebruiken. Met deze combinatie kunt u een matrixformule maken. Zie het onderstaande voorbeeld. <\/p><div class=\"wp-block-image\"><figure class=\"aligncenter size-full is-resized\"><img loading=\"lazy\" decoding=\"async\" class=\"wp-image-77832\" src=\"https:\/\/exceladvisor.org\/wp-content\/uploads\/2023\/08\/Combinaison-de-garnitures-a-6-sumproduct-len.png\" sizes=\"auto, \" srcset=\"\" alt=\"somproduct-len-trim-combinatie\" width=\"697\" height=\"347\"><\/figure><\/div><pre class=\"wp-block-code\"> <code class=\"language-excel-formula\" lang=\"excel-formula\">=SUMPRODUCT(--(LEN(TRIM(A2:A13))&gt;0),B2:B13)<\/code><\/pre><p> Wanneer u deze functie invoert, worden deze lege spaties uit de cellen verwijderd met behulp van TRIM. Maar er is \u00e9\u00e9n ding dat u moet weten over SOMMEPROD. Het kan een hele tabel in \u00e9\u00e9n cel bevatten zonder de toetsen CTRL+ALT+ENTER te gebruiken.<\/p><p> Laten we deze formule nu in vijf kleine delen opsplitsen om het te begrijpen en te zien hoe deze verbazingwekkende formule werkt.<\/p><p> In het <strong>eerste deel<\/strong> gebruikten we TRIM en verwezen we naar de volledige naamkolom. TRIM neemt de kolomwaarden en verwijdert de spatie uit cellen waar u alleen spaties heeft. Dit zijn de cellen die geen waarde hebben, maar er uitzien als niet-lege cellen. <\/p><div class=\"wp-block-image\"><figure class=\"aligncenter size-full is-resized\"><img loading=\"lazy\" decoding=\"async\" class=\"wp-image-77833\" src=\"https:\/\/exceladvisor.org\/wp-content\/uploads\/2023\/08\/7-premiere-garniture-part1.png\" sizes=\"auto, \" srcset=\"\" alt=\"eerste deel\" width=\"460\" height=\"282\"><\/figure><\/div><p> In het <strong>tweede deel<\/strong> hebben we LEN die de lengte van de tekens in de naamkolom telt. Voor alle cellen waarin u geen waarden heeft, is het aantal tekens nul. <\/p><div class=\"wp-block-image\"><figure class=\"aligncenter size-full is-resized\"><img loading=\"lazy\" decoding=\"async\" class=\"wp-image-77834\" src=\"https:\/\/exceladvisor.org\/wp-content\/uploads\/2023\/08\/partie-de-8-secondes.png\" sizes=\"auto, \" srcset=\"\" alt=\"tweede deel twee\" width=\"463\" height=\"240\"><\/figure><\/div><p> Zoals u kunt zien, hebben we waarden groter dan nul voor alle niet-lege cellen.<\/p><p> In het <strong>derde deel<\/strong> hebben we een groter dan-operator gebruikt om het resultaat van LEN en TRIM te vergelijken. En het zet de telling om in WAAR en ONWAAR. Voor een getal groter dan nul, een WAAR en anders ONWAAR. <\/p><div class=\"wp-block-image\"><figure class=\"aligncenter size-full is-resized\"><img loading=\"lazy\" decoding=\"async\" class=\"wp-image-77835\" src=\"https:\/\/exceladvisor.org\/wp-content\/uploads\/2023\/08\/9-utilise-plus-grand-que-loperateur.png\" sizes=\"auto, \" srcset=\"\" alt=\"gebruikte-groter-dan-operator\" width=\"554\" height=\"130\"><\/figure><\/div><p> In het <strong>vierde deel<\/strong> hebben we een dubbel minteken dat deze waarden WAAR en ONWAAR omzet in 0 en 1. Voor WAAR een 0 en ONWAAR een 1. <\/p><div class=\"wp-block-image\"><figure class=\"aligncenter size-full is-resized\"><img loading=\"lazy\" decoding=\"async\" class=\"wp-image-77836\" src=\"https:\/\/exceladvisor.org\/wp-content\/uploads\/2023\/08\/10-double-moins-pour-convertir-vrai-et-faux.png\" sizes=\"auto, \" srcset=\"\" alt=\"dubbel-minus-om-te-converteren-waar-onwaar\" width=\"554\" height=\"134\"><\/figure><\/div><p> Daarna hebben we in het vijfde deel SUMPRODUCT met twee arrays. En als deze arrays met elkaar worden vermenigvuldigd, krijg je alleen de som voor de cellen die niet leeg zijn en geen onzichtbare ruimte hebben. <\/p><div class=\"gb-container gb-container-52dfcee1 gb-container-sample-file\"><h2 class=\"gb-headline gb-headline-e289c143 gb-headline-text gb-headline-4f7959c2\"> Haal het Excel-bestand op<\/h2><p> <a class=\"gb-button gb-button-e88d6bee gb-button-text gb-button-button1\" href=\"https:\/\/exceladvisor.org\/wp-content\/uploads\/2023\/08\/somme-si-non-vide.xlsx\" rel=\"nofollow\">Downloaden<\/a><\/p><\/div><div class=\"gb-container gb-container-0df56012 gb-container-mt\"> <a class=\"gb-button gb-button-f9f432f4 gb-button-text gb-button-mt-button\" href=\"https:\/\/exceladvisor.org\/nl\/formules\/\">Lijst met Excel-formules<\/a><h2 class=\"gb-headline gb-headline-233444e8 gb-headline-text gb-headline-mt-heading\"> Gerelateerde formules <\/h2><div class=\"gb-grid-wrapper gb-grid-wrapper-a16fa65c gb-grid-wrapper-mt-grid\"><div class=\"gb-grid-column gb-grid-column-50d07e0d\"><div class=\"gb-container gb-container-50d07e0d\"><ul><li> <a href=\"https:\/\/exceladvisor.org\/nl\/som-indien-groter-dan\/\">Som groter dan waarden met SUMIF<\/a><\/li><li> <a href=\"https:\/\/exceladvisor.org\/nl\/sumives-niet-gelijk\/\">Som van niet-gelijke waarden (SUMIFS) in Excel<\/a><\/li><li> <a href=\"https:\/\/exceladvisor.org\/nl\/sumif-sumifs-of-logica\/\">SUMIF\/SUMIFS met OR-logica in Excel<\/a><\/li><li> <a href=\"https:\/\/exceladvisor.org\/nl\/sumif-met-jokertekens\/\">SUMIF met jokertekens in Excel<\/a><\/li><li> <a href=\"https:\/\/exceladvisor.org\/nl\/som-van-waarden-tussen-twee-datums\/\">SUMIFS-datumbereik (som van waarden tussen twee datummatrices)<\/a> <\/li><\/ul><\/div><\/div><div class=\"gb-grid-column gb-grid-column-5b4a0cf9\"><div class=\"gb-container gb-container-5b4a0cf9\"><\/div><\/div><\/div><\/div>","protected":false},"excerpt":{"rendered":"","protected":false},"author":1,"featured_media":0,"parent":0,"menu_order":0,"comment_status":"open","ping_status":"closed","template":"","meta":{"ub_ctt_via":"","footnotes":""},"class_list":["post-1733","page","type-page","status-publish","hentry"],"featured_image_src":null,"yoast_head":"<!-- This site is optimized with the Yoast SEO plugin v25.4 - https:\/\/yoast.com\/wordpress\/plugins\/seo\/ -->\n<title>\u25b7 Hoe kan ik niet-lege cellen toevoegen in Excel?<\/title>\n<meta name=\"description\" content=\"In deze zelfstudie leren we hoe u SUMIF kunt gebruiken om niet-lege (niet-lege) celwaarden van een celbereik toe te voegen\" \/>\n<meta name=\"robots\" content=\"index, follow, max-snippet:-1, max-image-preview:large, max-video-preview:-1\" \/>\n<link rel=\"canonical\" href=\"https:\/\/exceladvisor.org\/nl\/som-indien-niet-leeg-2\/\" \/>\n<meta property=\"og:locale\" content=\"nl_NL\" \/>\n<meta property=\"og:type\" content=\"article\" \/>\n<meta property=\"og:title\" content=\"\u25b7 Hoe kan ik niet-lege cellen toevoegen in Excel?\" \/>\n<meta property=\"og:description\" content=\"In deze zelfstudie leren we hoe u SUMIF kunt gebruiken om niet-lege (niet-lege) celwaarden van een celbereik toe te voegen\" \/>\n<meta property=\"og:url\" content=\"https:\/\/exceladvisor.org\/nl\/som-indien-niet-leeg-2\/\" \/>\n<meta property=\"og:site_name\" content=\"Excel Advisor\" \/>\n<meta property=\"article:modified_time\" content=\"2023-12-06T05:50:32+00:00\" \/>\n<meta property=\"og:image\" content=\"https:\/\/exceladvisor.org\/wp-content\/uploads\/2023\/08\/1-somme-si-cellules-non-vides.png\" \/>\n<meta name=\"twitter:card\" content=\"summary_large_image\" \/>\n<meta name=\"twitter:label1\" content=\"Geschatte leestijd\" \/>\n\t<meta name=\"twitter:data1\" content=\"3 minuten\" \/>\n<script type=\"application\/ld+json\" class=\"yoast-schema-graph\">{\"@context\":\"https:\/\/schema.org\",\"@graph\":[{\"@type\":\"WebPage\",\"@id\":\"https:\/\/exceladvisor.org\/nl\/som-indien-niet-leeg-2\/\",\"url\":\"https:\/\/exceladvisor.org\/nl\/som-indien-niet-leeg-2\/\",\"name\":\"\u25b7 Hoe kan ik niet-lege cellen toevoegen in Excel?\",\"isPartOf\":{\"@id\":\"https:\/\/exceladvisor.org\/nl\/#website\"},\"primaryImageOfPage\":{\"@id\":\"https:\/\/exceladvisor.org\/nl\/som-indien-niet-leeg-2\/#primaryimage\"},\"image\":{\"@id\":\"https:\/\/exceladvisor.org\/nl\/som-indien-niet-leeg-2\/#primaryimage\"},\"thumbnailUrl\":\"https:\/\/exceladvisor.org\/wp-content\/uploads\/2023\/08\/1-somme-si-cellules-non-vides.png\",\"datePublished\":\"2023-11-08T21:16:36+00:00\",\"dateModified\":\"2023-12-06T05:50:32+00:00\",\"description\":\"In deze zelfstudie leren we hoe u SUMIF kunt gebruiken om niet-lege (niet-lege) celwaarden van een celbereik toe te voegen\",\"breadcrumb\":{\"@id\":\"https:\/\/exceladvisor.org\/nl\/som-indien-niet-leeg-2\/#breadcrumb\"},\"inLanguage\":\"nl-NL\",\"potentialAction\":[{\"@type\":\"ReadAction\",\"target\":[\"https:\/\/exceladvisor.org\/nl\/som-indien-niet-leeg-2\/\"]}]},{\"@type\":\"ImageObject\",\"inLanguage\":\"nl-NL\",\"@id\":\"https:\/\/exceladvisor.org\/nl\/som-indien-niet-leeg-2\/#primaryimage\",\"url\":\"https:\/\/exceladvisor.org\/wp-content\/uploads\/2023\/08\/1-somme-si-cellules-non-vides.png\",\"contentUrl\":\"https:\/\/exceladvisor.org\/wp-content\/uploads\/2023\/08\/1-somme-si-cellules-non-vides.png\"},{\"@type\":\"BreadcrumbList\",\"@id\":\"https:\/\/exceladvisor.org\/nl\/som-indien-niet-leeg-2\/#breadcrumb\",\"itemListElement\":[{\"@type\":\"ListItem\",\"position\":1,\"name\":\"Thuis\",\"item\":\"https:\/\/exceladvisor.org\/nl\/\"},{\"@type\":\"ListItem\",\"position\":2,\"name\":\"Hoe niet-lege cellen toevoegen?\"}]},{\"@type\":\"WebSite\",\"@id\":\"https:\/\/exceladvisor.org\/nl\/#website\",\"url\":\"https:\/\/exceladvisor.org\/nl\/\",\"name\":\"Excel Advisor\",\"description\":\"Uw gids voor datadominantie\",\"publisher\":{\"@id\":\"https:\/\/exceladvisor.org\/nl\/#organization\"},\"potentialAction\":[{\"@type\":\"SearchAction\",\"target\":{\"@type\":\"EntryPoint\",\"urlTemplate\":\"https:\/\/exceladvisor.org\/nl\/?s={search_term_string}\"},\"query-input\":{\"@type\":\"PropertyValueSpecification\",\"valueRequired\":true,\"valueName\":\"search_term_string\"}}],\"inLanguage\":\"nl-NL\"},{\"@type\":\"Organization\",\"@id\":\"https:\/\/exceladvisor.org\/nl\/#organization\",\"name\":\"Excel Advisor\",\"url\":\"https:\/\/exceladvisor.org\/nl\/\",\"logo\":{\"@type\":\"ImageObject\",\"inLanguage\":\"nl-NL\",\"@id\":\"https:\/\/exceladvisor.org\/nl\/#\/schema\/logo\/image\/\",\"url\":\"https:\/\/exceladvisor.org\/nl\/wp-content\/uploads\/2023\/12\/exceladvisor.org_.png\",\"contentUrl\":\"https:\/\/exceladvisor.org\/nl\/wp-content\/uploads\/2023\/12\/exceladvisor.org_.png\",\"width\":105,\"height\":36,\"caption\":\"Excel Advisor\"},\"image\":{\"@id\":\"https:\/\/exceladvisor.org\/nl\/#\/schema\/logo\/image\/\"}}]}<\/script>\n<!-- \/ Yoast SEO plugin. -->","yoast_head_json":{"title":"\u25b7 Hoe kan ik niet-lege cellen toevoegen in Excel?","description":"In deze zelfstudie leren we hoe u SUMIF kunt gebruiken om niet-lege (niet-lege) celwaarden van een celbereik toe te voegen","robots":{"index":"index","follow":"follow","max-snippet":"max-snippet:-1","max-image-preview":"max-image-preview:large","max-video-preview":"max-video-preview:-1"},"canonical":"https:\/\/exceladvisor.org\/nl\/som-indien-niet-leeg-2\/","og_locale":"nl_NL","og_type":"article","og_title":"\u25b7 Hoe kan ik niet-lege cellen toevoegen in Excel?","og_description":"In deze zelfstudie leren we hoe u SUMIF kunt gebruiken om niet-lege (niet-lege) celwaarden van een celbereik toe te voegen","og_url":"https:\/\/exceladvisor.org\/nl\/som-indien-niet-leeg-2\/","og_site_name":"Excel Advisor","article_modified_time":"2023-12-06T05:50:32+00:00","og_image":[{"url":"https:\/\/exceladvisor.org\/wp-content\/uploads\/2023\/08\/1-somme-si-cellules-non-vides.png","type":"","width":"","height":""}],"twitter_card":"summary_large_image","twitter_misc":{"Geschatte leestijd":"3 minuten"},"schema":{"@context":"https:\/\/schema.org","@graph":[{"@type":"WebPage","@id":"https:\/\/exceladvisor.org\/nl\/som-indien-niet-leeg-2\/","url":"https:\/\/exceladvisor.org\/nl\/som-indien-niet-leeg-2\/","name":"\u25b7 Hoe kan ik niet-lege cellen toevoegen in Excel?","isPartOf":{"@id":"https:\/\/exceladvisor.org\/nl\/#website"},"primaryImageOfPage":{"@id":"https:\/\/exceladvisor.org\/nl\/som-indien-niet-leeg-2\/#primaryimage"},"image":{"@id":"https:\/\/exceladvisor.org\/nl\/som-indien-niet-leeg-2\/#primaryimage"},"thumbnailUrl":"https:\/\/exceladvisor.org\/wp-content\/uploads\/2023\/08\/1-somme-si-cellules-non-vides.png","datePublished":"2023-11-08T21:16:36+00:00","dateModified":"2023-12-06T05:50:32+00:00","description":"In deze zelfstudie leren we hoe u SUMIF kunt gebruiken om niet-lege (niet-lege) celwaarden van een celbereik toe te voegen","breadcrumb":{"@id":"https:\/\/exceladvisor.org\/nl\/som-indien-niet-leeg-2\/#breadcrumb"},"inLanguage":"nl-NL","potentialAction":[{"@type":"ReadAction","target":["https:\/\/exceladvisor.org\/nl\/som-indien-niet-leeg-2\/"]}]},{"@type":"ImageObject","inLanguage":"nl-NL","@id":"https:\/\/exceladvisor.org\/nl\/som-indien-niet-leeg-2\/#primaryimage","url":"https:\/\/exceladvisor.org\/wp-content\/uploads\/2023\/08\/1-somme-si-cellules-non-vides.png","contentUrl":"https:\/\/exceladvisor.org\/wp-content\/uploads\/2023\/08\/1-somme-si-cellules-non-vides.png"},{"@type":"BreadcrumbList","@id":"https:\/\/exceladvisor.org\/nl\/som-indien-niet-leeg-2\/#breadcrumb","itemListElement":[{"@type":"ListItem","position":1,"name":"Thuis","item":"https:\/\/exceladvisor.org\/nl\/"},{"@type":"ListItem","position":2,"name":"Hoe niet-lege cellen toevoegen?"}]},{"@type":"WebSite","@id":"https:\/\/exceladvisor.org\/nl\/#website","url":"https:\/\/exceladvisor.org\/nl\/","name":"Excel Advisor","description":"Uw gids voor datadominantie","publisher":{"@id":"https:\/\/exceladvisor.org\/nl\/#organization"},"potentialAction":[{"@type":"SearchAction","target":{"@type":"EntryPoint","urlTemplate":"https:\/\/exceladvisor.org\/nl\/?s={search_term_string}"},"query-input":{"@type":"PropertyValueSpecification","valueRequired":true,"valueName":"search_term_string"}}],"inLanguage":"nl-NL"},{"@type":"Organization","@id":"https:\/\/exceladvisor.org\/nl\/#organization","name":"Excel Advisor","url":"https:\/\/exceladvisor.org\/nl\/","logo":{"@type":"ImageObject","inLanguage":"nl-NL","@id":"https:\/\/exceladvisor.org\/nl\/#\/schema\/logo\/image\/","url":"https:\/\/exceladvisor.org\/nl\/wp-content\/uploads\/2023\/12\/exceladvisor.org_.png","contentUrl":"https:\/\/exceladvisor.org\/nl\/wp-content\/uploads\/2023\/12\/exceladvisor.org_.png","width":105,"height":36,"caption":"Excel Advisor"},"image":{"@id":"https:\/\/exceladvisor.org\/nl\/#\/schema\/logo\/image\/"}}]}},"yoast_meta":{"yoast_wpseo_title":"","yoast_wpseo_metadesc":"","yoast_wpseo_canonical":""},"_links":{"self":[{"href":"https:\/\/exceladvisor.org\/nl\/wp-json\/wp\/v2\/pages\/1733","targetHints":{"allow":["GET"]}}],"collection":[{"href":"https:\/\/exceladvisor.org\/nl\/wp-json\/wp\/v2\/pages"}],"about":[{"href":"https:\/\/exceladvisor.org\/nl\/wp-json\/wp\/v2\/types\/page"}],"author":[{"embeddable":true,"href":"https:\/\/exceladvisor.org\/nl\/wp-json\/wp\/v2\/users\/1"}],"replies":[{"embeddable":true,"href":"https:\/\/exceladvisor.org\/nl\/wp-json\/wp\/v2\/comments?post=1733"}],"version-history":[{"count":1,"href":"https:\/\/exceladvisor.org\/nl\/wp-json\/wp\/v2\/pages\/1733\/revisions"}],"predecessor-version":[{"id":2746,"href":"https:\/\/exceladvisor.org\/nl\/wp-json\/wp\/v2\/pages\/1733\/revisions\/2746"}],"wp:attachment":[{"href":"https:\/\/exceladvisor.org\/nl\/wp-json\/wp\/v2\/media?parent=1733"}],"curies":[{"name":"wp","href":"https:\/\/api.w.org\/{rel}","templated":true}]}}