{"id":1740,"date":"2023-11-08T13:03:25","date_gmt":"2023-11-08T13:03:25","guid":{"rendered":"https:\/\/exceladvisor.org\/nl\/het-bijhouden-van-uitgaven\/"},"modified":"2023-12-06T05:55:40","modified_gmt":"2023-12-06T05:55:40","slug":"het-bijhouden-van-uitgaven","status":"publish","type":"page","link":"https:\/\/exceladvisor.org\/nl\/het-bijhouden-van-uitgaven\/","title":{"rendered":"Excel-sjabloon voor maandelijkse onkostentracker"},"content":{"rendered":"<div class=\"excel-voor-de-inhoud\" id=\"excel-1430294637\"><script type=\"text\/javascript\">\r\n\tatOptions = {\r\n\t\t'key' : 'c1158f160081d6540a8409e6925dab94',\r\n\t\t'format' : 'iframe',\r\n\t\t'height' : 250,\r\n\t\t'width' : 300,\r\n\t\t'params' : {}\r\n\t};\r\n<\/script>\r\n<script type=\"text\/javascript\" src=\"\/\/www.highperformanceformat.com\/c1158f160081d6540a8409e6925dab94\/invoke.js\"><\/script><\/div> <p>Het bijhouden van uw uitgaven is een van de belangrijkste dingen om succesvol te zijn. Maar soms is het erg moeilijk om ze allemaal bij te houden.<\/p><p> Elke keer dat we ons geld ergens uitgeven, vergeten we het na een paar dagen. En dan zijn we aan het eind van de maand helemaal leeg met onze uitgaven. <\/p><figure class=\"wp-block-image\"><img decoding=\"async\" src=\"https:\/\/exceladvisor.org\/wp-content\/uploads\/2023\/08\/tableau-de-bord-principal-pour-le-modele-de-suivi-des-depenses-excel-1.png\" sizes=\"\" srcset=\"\" alt=\"Excel-sjabloon voor het bijhouden van uitgaven gratis te downloaden\"><\/figure><p> Dus hier is het probleem: als Excel-gebruiker besteedt u het grootste deel van uw tijd aan het werken in Excel. RECHTS?<\/p><p> Het is het beste om een sjabloon voor het bijhouden van uitgaven in Excel te hebben, zodat we deze met slechts een paar klikken kunnen openen. En hier heb ik een onkostentracker van \u00e9\u00e9n pagina voor u.<\/p><p> Het beste is dat deze sjabloon specifiek bedoeld is voor mensen die hun uitgaven willen bijhouden, maar nog steeds moeite hebben om dit bij te houden.<\/p><p> <em><strong><span style=\"color: #ff0000;\">H\u00e9, wacht even,<\/span> net als deze sjabloon zijn hier andere sjablonen die je misschien zullen verbazen:<\/strong><\/em><\/p><ul><li> <a href=\"https:\/\/exceladvisor.org\/nl\/gantt-diagram\/\">Gantt-diagramsjabloon voor projectmanagers<\/a><\/li><li> <a href=\"https:\/\/exceladvisor.org\/nl\/samengestelde-rente\/\">Samengestelde rentecalculator<\/a><\/li><li> <a href=\"https:\/\/exceladvisor.org\/nl\/verkoopcijfers\/\">Formaat voor dagelijks verkooprapport<\/a><\/li><li> <a href=\"https:\/\/exceladvisor.org\/nl\/voorraadbeheersjabloon-excel-vba-gebruikersformulieren\/\">Kant-en-klare Excel-sjabloon voor voorraadbeheer<\/a><\/li><\/ul><h2 id=\"tab-con-1\" class=\"wp-block-heading\"> Functies<\/h2><p> Zoals ik al zei, het is een sjabloon van \u00e9\u00e9n pagina, maar het is krachtig genoeg om uw uitgaven bij te houden. Volg mij om de functies ervan te ontdekken.<\/p><h3 id=\"tab-con-2\" class=\"wp-block-heading\"> 1. Maandbudget<\/h3><p> In dit sjabloon kunt u een maandbudget invoeren dat u als referentie voor uw maandelijkse uitgaven kunt gebruiken. <\/p><div class=\"wp-block-image\"><figure class=\"aligncenter\"><img decoding=\"async\" src=\"https:\/\/exceladvisor.org\/wp-content\/uploads\/2023\/08\/section-budget-dans-le-modele-de-suivi-des-depenses-excel-1.png\" sizes=\"\" srcset=\"\" alt=\"budgetgedeelte in Excel-sjabloon voor het bijhouden van uitgaven\"><\/figure><\/div><p> In dit gedeelte ziet u het budget van de huidige maand dat u beschikbaar heeft, en daarnaast ziet u de stijging van het budget van de huidige maand in vergelijking met het budget van de vorige maand.<\/p><h3 id=\"tab-con-3\" class=\"wp-block-heading\"> 2. Lopende kosten<\/h3><p> In dit onderdeel krijgt u een overzicht van het totaalbedrag dat u voor de lopende maand aan uitgaven heeft uitgegeven. <\/p><div class=\"wp-block-image\"><figure class=\"aligncenter\"><img decoding=\"async\" src=\"https:\/\/exceladvisor.org\/wp-content\/uploads\/2023\/08\/section-des-depenses-reelles-dans-le-modele-de-suivi-des-depenses-excel-1.png\" sizes=\"\" srcset=\"\" alt=\"sectie over werkelijke uitgaven in Excel-sjabloon voor het bijhouden van uitgaven\"><\/figure><\/div><p> Het bedrag wordt onmiddellijk bijgewerkt nadat u een nieuwe onkosteninvoer heeft ingevoerd. En hieronder staat ook een klein bericht over het percentage van het budget dat u heeft verbruikt.<\/p><h3 id=\"tab-con-4\" class=\"wp-block-heading\"> 3. Onverwachte uitgaven<\/h3><p> Mocht u wel eens met onverwachte uitgaven te maken krijgen, dan kunt u deze uitgaven in dit sjabloon bijhouden. <\/p><div class=\"wp-block-image\"><figure class=\"aligncenter\"><img decoding=\"async\" src=\"https:\/\/exceladvisor.org\/wp-content\/uploads\/2023\/08\/section-des-depenses-non-planifiees-dans-le-modele-de-suivi-des-depenses-excel-1.png\" sizes=\"\" srcset=\"\" alt=\"sectie voor ongeplande uitgaven in Excel-sjabloon voor het bijhouden van uitgaven\"><\/figure><\/div><p> In deze rubriek krijgt u snel een overzicht van het percentage onverwachte uitgaven ten opzichte van uw totale uitgaven. En ook nog een berichtje over het aantal onverwachte uitgaven.<\/p><h3 id=\"tab-con-5\" class=\"wp-block-heading\"> 4. Categorie-gewijze uitgaven<\/h3><p> Ja, u kunt uw uitgaven ook in categorie\u00ebn bijhouden. <\/p><div class=\"wp-block-image\"><figure class=\"aligncenter\"><img decoding=\"async\" src=\"https:\/\/exceladvisor.org\/wp-content\/uploads\/2023\/08\/repartition-des-depenses-par-categorie-dans-le-modele-de-suivi-des-depenses-Excel-1.png\" sizes=\"\" srcset=\"\" alt=\"Uitsplitsing van uitgaven per categorie in de Excel-sjabloon voor het bijhouden van uitgaven\"><\/figure><\/div><p> In deze sectie vindt u een overzicht per categorie procentueel aandeel.<\/p><h3 id=\"tab-con-6\" class=\"wp-block-heading\"> 5. Dagelijkse uitgaven<\/h3><p> Hier kunt u het bedrag van uw dagelijkse uitgaven controleren. <\/p><div class=\"wp-block-image\"><figure class=\"aligncenter\"><img decoding=\"async\" src=\"https:\/\/exceladvisor.org\/wp-content\/uploads\/2023\/08\/depenses-mensuelles-quotidiennes-dans-le-modele-de-suivi-des-depenses-excel-1.png\" sizes=\"\" srcset=\"\" alt=\"dagelijkse maandelijkse uitgaven in Excel-sjabloon voor het bijhouden van uitgaven\"><\/figure><\/div><p> Het toont u uw dagelijkse uitgaven aan uw uitgaven. Hiermee kunt u bijhouden hoe vaak u in een maand geld uitgeeft.<\/p><h2 id=\"tab-con-7\" class=\"wp-block-heading\"> Hoe te gebruiken<\/h2><p> Volg mij om te leren hoe u deze sjabloon kunt gebruiken om uw uitgaven bij te houden:<\/p><h3 id=\"tab-con-8\" class=\"wp-block-heading\"> 1. Voer uitgaven in<\/h3><p> Het is super eenvoudig om een uitgave in te voeren. Hier zijn de stappen.<\/p><ul><li> Klik in uw hoofdmodelblad op de knop \u2018Gegevens\u2019. <\/li><\/ul><div class=\"wp-block-image\"><figure class=\"aligncenter\"><img decoding=\"async\" src=\"https:\/\/exceladvisor.org\/wp-content\/uploads\/2023\/08\/bouton-de-saisie-de-donnees-dans-le-modele-de-suivi-des-depenses-Excel-1.png\" sizes=\"\" srcset=\"\" alt=\"knop voor gegevensinvoer in Excel-sjabloon voor het bijhouden van uitgaven\"><\/figure><\/div><ul><li> U wordt doorverwezen naar het gegevensinvoerblad. <\/li><\/ul><div class=\"wp-block-image\"><figure class=\"aligncenter\"><img decoding=\"async\" src=\"https:\/\/exceladvisor.org\/wp-content\/uploads\/2023\/08\/feuille-de-saisie-de-donnees-dans-excel-feuille-de-suivi-des-depenses-1.png\" sizes=\"\" srcset=\"\" alt=\"gegevensinvoerblad in Excel-blad voor het bijhouden van uitgaven\"><\/figure><\/div><ul><li> Voer nu het volgende in het gegevensblad in.<ol><li> Exp ID [Handmatige invoer]<\/li><li> Onkostengegevens [Handmatige invoer]<\/li><li> Onkostencategorie [Dropdownlijst]<\/li><li> Beschrijving van de uitgave [Handmatige invoer]<\/li><li> Betaalmethode [Dropdown lijst]<\/li><li> Onkostentype [vervolgkeuzelijst]<\/li><li> Bedrag [Handmatige invoer]<\/li><\/ol><\/li><li> Nadat u uw onkostengegevens heeft ingevoerd, klikt u op de knop \u201cSjabloon\u201d om terug te keren naar uw hoofdsjabloon. <\/li><\/ul><div class=\"wp-block-image\"><figure class=\"aligncenter\"><img decoding=\"async\" src=\"https:\/\/exceladvisor.org\/wp-content\/uploads\/2023\/08\/bouton-de-retour-au-modele-principal-dans-le-modele-de-suivi-des-depenses-Excel-1.png\" sizes=\"\" srcset=\"\" alt=\"knop Terug naar hoofdsjabloon in de Excel-sjabloon voor het bijhouden van uitgaven\"><\/figure><\/div><p> Dit model is super eenvoudig te beheren. Wanneer u een uitgave invoert, wordt uw sjabloon automatisch bijgewerkt.<\/p><h3 id=\"tab-con-9\" class=\"wp-block-heading\"> 2. Verander maanden en jaren<\/h3><p> Stel dat u informatie over een voorgaande maand wilt controleren, dan kunt u de vervolgkeuzelijst in het hoofdgedeelte van de sjabloon gebruiken om voorgaande maanden en jaren te selecteren.<\/p><p> <strong>Vervolgkeuzelijst maand<\/strong> <\/p><div class=\"wp-block-image\"><figure class=\"aligncenter\"><img decoding=\"async\" src=\"https:\/\/exceladvisor.org\/wp-content\/uploads\/2023\/08\/selectionner-le-mois-dans-le-modele-de-suivi-des-depenses-Excel-1.png\" sizes=\"\" srcset=\"\" alt=\"selecteer de maand in de Excel-sjabloon voor het bijhouden van uitgaven\"><\/figure><\/div><p> <strong>Vervolgkeuzelijst Jaar<\/strong> <\/p><div class=\"wp-block-image\"><figure class=\"aligncenter\"><img decoding=\"async\" src=\"https:\/\/exceladvisor.org\/wp-content\/uploads\/2023\/08\/selectionnez-lannee-dans-le-modele-de-suivi-des-depenses-Excel-1.png\" sizes=\"\" srcset=\"\" alt=\"selecteer het jaar in de Excel-sjabloon voor het bijhouden van uitgaven\"><\/figure><\/div><h3 id=\"tab-con-10\" class=\"wp-block-heading\"> 3. Voeg een maandelijks doel toe<\/h3><p> Als u een maandelijks doel voor uw uitgaven heeft, kunt u dat doel in uw werkblad invoeren. Gebruik het onderstaande diagram om uw maandelijkse doel toe te voegen. <\/p><div class=\"wp-block-image\"><figure class=\"aligncenter\"><img decoding=\"async\" src=\"https:\/\/exceladvisor.org\/wp-content\/uploads\/2023\/08\/tableau-pour-entrer-le-budget-mensuel-dans-le-modele-de-suivi-des-depenses-Excel-1.png\" sizes=\"\" srcset=\"\" alt=\"tabel om het maandbudget in te voeren in de Excel-sjabloon voor het bijhouden van uitgaven\"><\/figure><\/div><h3 id=\"tab-con-11\" class=\"wp-block-heading\"> 4. Voeg een nieuwe onkostencategorie toe<\/h3><p> Ik heb in dit bestedingssjabloon een aantal algemene uitgavencategorie\u00ebn gebruikt. En als u een nieuwe categorie wilt toevoegen, werkt u deze bij in de categorietabel. <\/p><div class=\"wp-block-image\"><figure class=\"aligncenter\"><img decoding=\"async\" src=\"https:\/\/exceladvisor.org\/wp-content\/uploads\/2023\/08\/ajouter-une-nouvelle-categorie-de-depenses-dans-le-modele-de-suivi-des-depenses-Excel-1.png\" sizes=\"\" srcset=\"\" alt=\"voeg een nieuwe onkostencategorie toe in de Excel-sjabloon voor het bijhouden van onkosten\"><\/figure><\/div><p> Zodra u uw nieuwe categorie aan de tabel heeft toegevoegd, wordt deze automatisch bijgewerkt in de vervolgkeuzelijst op het gegevensinvoerblad en de categorietabel.<\/p><h3 id=\"tab-con-12\" class=\"wp-block-heading\"> 5. Voeg een nieuwe betaalmethode toe<\/h3><p> Net als bij onkostencategorie\u00ebn kunt u in de volgende tabel een nieuwe betaalmethode bijwerken. <\/p><div class=\"wp-block-image\"><figure class=\"aligncenter\"><img decoding=\"async\" src=\"https:\/\/exceladvisor.org\/wp-content\/uploads\/2023\/08\/paiement-en-mode-dans-le-modele-de-suivi-des-depenses-excel-1.png\" sizes=\"\" srcset=\"\" alt=\"betalingsmodus in Excel-sjabloon voor het bijhouden van uitgaven\"><\/figure><\/div><p> Zodra u uw nieuwe betaling aan de tabel heeft toegevoegd, wordt deze automatisch bijgewerkt in de vervolgkeuzelijst op het gegevensinvoerblad. Gebruik de knop \u201cInstellingen\u201d op uw hoofdsjabloon om toegang te krijgen tot de hierboven genoemde tabellen. <\/p><div class=\"gb-container gb-container-52dfcee1 gb-container-sample-file\"><h2 class=\"gb-headline gb-headline-e289c143 gb-headline-text gb-headline-4f7959c2\"> Haal het Excel-bestand op<\/h2> <a class=\"gb-button gb-button-e88d6bee gb-button-text gb-button-button1\" href=\"https:\/\/exceladvisor.org\/wp-content\/uploads\/2023\/11\/modele-de-suivi-des-depenses-excel-version-2023-24.xlsx\" rel=\"nofollow\">Downloaden<\/a><\/div><h2 class=\"wp-block-heading\"> Laatste woorden<\/h2><p> Deze <span style=\"color: #000000;\">onkostentracker van \u00e9\u00e9n pagina<\/span> is een handig hulpmiddel als u uw uitgaven wilt bijhouden. Dit helpt u niet alleen bij het volgen, maar geeft u ook nuttige informatie. En het mooiste is: je kunt alles bekijken wat je de afgelopen maanden hebt uitgegeven en wat je dagelijkse uitgaven zijn.<\/p><p> Ik hoop dat dit sjabloon u helpt uw financi\u00ebn te verbeteren, maar vertel me nu \u00e9\u00e9n ding. <strong>Kunnen we nog iets anders in dit model opnemen om het te verbeteren?<\/strong><\/p><p> Zorg ervoor dat u uw mening met mij deelt in het opmerkingengedeelte, ik hoor graag van u. En vergeet alsjeblieft niet om dit patroon met je vrienden te delen, ik weet zeker dat ze het leuk zullen vinden.<\/p>","protected":false},"excerpt":{"rendered":"","protected":false},"author":1,"featured_media":0,"parent":0,"menu_order":0,"comment_status":"open","ping_status":"closed","template":"","meta":{"ub_ctt_via":"","footnotes":""},"class_list":["post-1740","page","type-page","status-publish","hentry"],"featured_image_src":null,"yoast_head":"<!-- This site is optimized with the Yoast SEO plugin v25.4 - https:\/\/yoast.com\/wordpress\/plugins\/seo\/ -->\n<title>\u25b7 Excel-sjabloon voor het bijhouden van maandelijkse uitgaven (gratis 2023)<\/title>\n<meta name=\"description\" content=\"Het bijhouden van uw uitgaven is een van de belangrijkste dingen om succesvol te zijn. En als je problemen hebt met het bijhouden van je uitgaven, jongen,\" \/>\n<meta name=\"robots\" content=\"index, follow, max-snippet:-1, max-image-preview:large, max-video-preview:-1\" \/>\n<link rel=\"canonical\" href=\"https:\/\/exceladvisor.org\/nl\/het-bijhouden-van-uitgaven\/\" \/>\n<meta property=\"og:locale\" content=\"nl_NL\" \/>\n<meta property=\"og:type\" content=\"article\" \/>\n<meta property=\"og:title\" content=\"\u25b7 Excel-sjabloon voor het bijhouden van maandelijkse uitgaven (gratis 2023)\" \/>\n<meta property=\"og:description\" content=\"Het bijhouden van uw uitgaven is een van de belangrijkste dingen om succesvol te zijn. En als je problemen hebt met het bijhouden van je uitgaven, jongen,\" \/>\n<meta property=\"og:url\" content=\"https:\/\/exceladvisor.org\/nl\/het-bijhouden-van-uitgaven\/\" \/>\n<meta property=\"og:site_name\" content=\"Excel Advisor\" \/>\n<meta property=\"article:modified_time\" content=\"2023-12-06T05:55:40+00:00\" \/>\n<meta property=\"og:image\" content=\"https:\/\/exceladvisor.org\/wp-content\/uploads\/2023\/08\/tableau-de-bord-principal-pour-le-modele-de-suivi-des-depenses-excel-1.png\" \/>\n<meta name=\"twitter:card\" content=\"summary_large_image\" \/>\n<meta name=\"twitter:label1\" content=\"Geschatte leestijd\" \/>\n\t<meta name=\"twitter:data1\" content=\"4 minuten\" \/>\n<script type=\"application\/ld+json\" class=\"yoast-schema-graph\">{\"@context\":\"https:\/\/schema.org\",\"@graph\":[{\"@type\":\"WebPage\",\"@id\":\"https:\/\/exceladvisor.org\/nl\/het-bijhouden-van-uitgaven\/\",\"url\":\"https:\/\/exceladvisor.org\/nl\/het-bijhouden-van-uitgaven\/\",\"name\":\"\u25b7 Excel-sjabloon voor het bijhouden van maandelijkse uitgaven (gratis 2023)\",\"isPartOf\":{\"@id\":\"https:\/\/exceladvisor.org\/nl\/#website\"},\"primaryImageOfPage\":{\"@id\":\"https:\/\/exceladvisor.org\/nl\/het-bijhouden-van-uitgaven\/#primaryimage\"},\"image\":{\"@id\":\"https:\/\/exceladvisor.org\/nl\/het-bijhouden-van-uitgaven\/#primaryimage\"},\"thumbnailUrl\":\"https:\/\/exceladvisor.org\/wp-content\/uploads\/2023\/08\/tableau-de-bord-principal-pour-le-modele-de-suivi-des-depenses-excel-1.png\",\"datePublished\":\"2023-11-08T13:03:25+00:00\",\"dateModified\":\"2023-12-06T05:55:40+00:00\",\"description\":\"Het bijhouden van uw uitgaven is een van de belangrijkste dingen om succesvol te zijn. En als je problemen hebt met het bijhouden van je uitgaven, jongen,\",\"breadcrumb\":{\"@id\":\"https:\/\/exceladvisor.org\/nl\/het-bijhouden-van-uitgaven\/#breadcrumb\"},\"inLanguage\":\"nl-NL\",\"potentialAction\":[{\"@type\":\"ReadAction\",\"target\":[\"https:\/\/exceladvisor.org\/nl\/het-bijhouden-van-uitgaven\/\"]}]},{\"@type\":\"ImageObject\",\"inLanguage\":\"nl-NL\",\"@id\":\"https:\/\/exceladvisor.org\/nl\/het-bijhouden-van-uitgaven\/#primaryimage\",\"url\":\"https:\/\/exceladvisor.org\/wp-content\/uploads\/2023\/08\/tableau-de-bord-principal-pour-le-modele-de-suivi-des-depenses-excel-1.png\",\"contentUrl\":\"https:\/\/exceladvisor.org\/wp-content\/uploads\/2023\/08\/tableau-de-bord-principal-pour-le-modele-de-suivi-des-depenses-excel-1.png\"},{\"@type\":\"BreadcrumbList\",\"@id\":\"https:\/\/exceladvisor.org\/nl\/het-bijhouden-van-uitgaven\/#breadcrumb\",\"itemListElement\":[{\"@type\":\"ListItem\",\"position\":1,\"name\":\"Thuis\",\"item\":\"https:\/\/exceladvisor.org\/nl\/\"},{\"@type\":\"ListItem\",\"position\":2,\"name\":\"Excel-sjabloon voor maandelijkse onkostentracker\"}]},{\"@type\":\"WebSite\",\"@id\":\"https:\/\/exceladvisor.org\/nl\/#website\",\"url\":\"https:\/\/exceladvisor.org\/nl\/\",\"name\":\"Excel Advisor\",\"description\":\"Uw gids voor datadominantie\",\"publisher\":{\"@id\":\"https:\/\/exceladvisor.org\/nl\/#organization\"},\"potentialAction\":[{\"@type\":\"SearchAction\",\"target\":{\"@type\":\"EntryPoint\",\"urlTemplate\":\"https:\/\/exceladvisor.org\/nl\/?s={search_term_string}\"},\"query-input\":{\"@type\":\"PropertyValueSpecification\",\"valueRequired\":true,\"valueName\":\"search_term_string\"}}],\"inLanguage\":\"nl-NL\"},{\"@type\":\"Organization\",\"@id\":\"https:\/\/exceladvisor.org\/nl\/#organization\",\"name\":\"Excel Advisor\",\"url\":\"https:\/\/exceladvisor.org\/nl\/\",\"logo\":{\"@type\":\"ImageObject\",\"inLanguage\":\"nl-NL\",\"@id\":\"https:\/\/exceladvisor.org\/nl\/#\/schema\/logo\/image\/\",\"url\":\"https:\/\/exceladvisor.org\/nl\/wp-content\/uploads\/2023\/12\/exceladvisor.org_.png\",\"contentUrl\":\"https:\/\/exceladvisor.org\/nl\/wp-content\/uploads\/2023\/12\/exceladvisor.org_.png\",\"width\":105,\"height\":36,\"caption\":\"Excel Advisor\"},\"image\":{\"@id\":\"https:\/\/exceladvisor.org\/nl\/#\/schema\/logo\/image\/\"}}]}<\/script>\n<!-- \/ Yoast SEO plugin. -->","yoast_head_json":{"title":"\u25b7 Excel-sjabloon voor het bijhouden van maandelijkse uitgaven (gratis 2023)","description":"Het bijhouden van uw uitgaven is een van de belangrijkste dingen om succesvol te zijn. En als je problemen hebt met het bijhouden van je uitgaven, jongen,","robots":{"index":"index","follow":"follow","max-snippet":"max-snippet:-1","max-image-preview":"max-image-preview:large","max-video-preview":"max-video-preview:-1"},"canonical":"https:\/\/exceladvisor.org\/nl\/het-bijhouden-van-uitgaven\/","og_locale":"nl_NL","og_type":"article","og_title":"\u25b7 Excel-sjabloon voor het bijhouden van maandelijkse uitgaven (gratis 2023)","og_description":"Het bijhouden van uw uitgaven is een van de belangrijkste dingen om succesvol te zijn. En als je problemen hebt met het bijhouden van je uitgaven, jongen,","og_url":"https:\/\/exceladvisor.org\/nl\/het-bijhouden-van-uitgaven\/","og_site_name":"Excel Advisor","article_modified_time":"2023-12-06T05:55:40+00:00","og_image":[{"url":"https:\/\/exceladvisor.org\/wp-content\/uploads\/2023\/08\/tableau-de-bord-principal-pour-le-modele-de-suivi-des-depenses-excel-1.png","type":"","width":"","height":""}],"twitter_card":"summary_large_image","twitter_misc":{"Geschatte leestijd":"4 minuten"},"schema":{"@context":"https:\/\/schema.org","@graph":[{"@type":"WebPage","@id":"https:\/\/exceladvisor.org\/nl\/het-bijhouden-van-uitgaven\/","url":"https:\/\/exceladvisor.org\/nl\/het-bijhouden-van-uitgaven\/","name":"\u25b7 Excel-sjabloon voor het bijhouden van maandelijkse uitgaven (gratis 2023)","isPartOf":{"@id":"https:\/\/exceladvisor.org\/nl\/#website"},"primaryImageOfPage":{"@id":"https:\/\/exceladvisor.org\/nl\/het-bijhouden-van-uitgaven\/#primaryimage"},"image":{"@id":"https:\/\/exceladvisor.org\/nl\/het-bijhouden-van-uitgaven\/#primaryimage"},"thumbnailUrl":"https:\/\/exceladvisor.org\/wp-content\/uploads\/2023\/08\/tableau-de-bord-principal-pour-le-modele-de-suivi-des-depenses-excel-1.png","datePublished":"2023-11-08T13:03:25+00:00","dateModified":"2023-12-06T05:55:40+00:00","description":"Het bijhouden van uw uitgaven is een van de belangrijkste dingen om succesvol te zijn. En als je problemen hebt met het bijhouden van je uitgaven, jongen,","breadcrumb":{"@id":"https:\/\/exceladvisor.org\/nl\/het-bijhouden-van-uitgaven\/#breadcrumb"},"inLanguage":"nl-NL","potentialAction":[{"@type":"ReadAction","target":["https:\/\/exceladvisor.org\/nl\/het-bijhouden-van-uitgaven\/"]}]},{"@type":"ImageObject","inLanguage":"nl-NL","@id":"https:\/\/exceladvisor.org\/nl\/het-bijhouden-van-uitgaven\/#primaryimage","url":"https:\/\/exceladvisor.org\/wp-content\/uploads\/2023\/08\/tableau-de-bord-principal-pour-le-modele-de-suivi-des-depenses-excel-1.png","contentUrl":"https:\/\/exceladvisor.org\/wp-content\/uploads\/2023\/08\/tableau-de-bord-principal-pour-le-modele-de-suivi-des-depenses-excel-1.png"},{"@type":"BreadcrumbList","@id":"https:\/\/exceladvisor.org\/nl\/het-bijhouden-van-uitgaven\/#breadcrumb","itemListElement":[{"@type":"ListItem","position":1,"name":"Thuis","item":"https:\/\/exceladvisor.org\/nl\/"},{"@type":"ListItem","position":2,"name":"Excel-sjabloon voor maandelijkse onkostentracker"}]},{"@type":"WebSite","@id":"https:\/\/exceladvisor.org\/nl\/#website","url":"https:\/\/exceladvisor.org\/nl\/","name":"Excel Advisor","description":"Uw gids voor datadominantie","publisher":{"@id":"https:\/\/exceladvisor.org\/nl\/#organization"},"potentialAction":[{"@type":"SearchAction","target":{"@type":"EntryPoint","urlTemplate":"https:\/\/exceladvisor.org\/nl\/?s={search_term_string}"},"query-input":{"@type":"PropertyValueSpecification","valueRequired":true,"valueName":"search_term_string"}}],"inLanguage":"nl-NL"},{"@type":"Organization","@id":"https:\/\/exceladvisor.org\/nl\/#organization","name":"Excel Advisor","url":"https:\/\/exceladvisor.org\/nl\/","logo":{"@type":"ImageObject","inLanguage":"nl-NL","@id":"https:\/\/exceladvisor.org\/nl\/#\/schema\/logo\/image\/","url":"https:\/\/exceladvisor.org\/nl\/wp-content\/uploads\/2023\/12\/exceladvisor.org_.png","contentUrl":"https:\/\/exceladvisor.org\/nl\/wp-content\/uploads\/2023\/12\/exceladvisor.org_.png","width":105,"height":36,"caption":"Excel Advisor"},"image":{"@id":"https:\/\/exceladvisor.org\/nl\/#\/schema\/logo\/image\/"}}]}},"yoast_meta":{"yoast_wpseo_title":"","yoast_wpseo_metadesc":"","yoast_wpseo_canonical":""},"_links":{"self":[{"href":"https:\/\/exceladvisor.org\/nl\/wp-json\/wp\/v2\/pages\/1740","targetHints":{"allow":["GET"]}}],"collection":[{"href":"https:\/\/exceladvisor.org\/nl\/wp-json\/wp\/v2\/pages"}],"about":[{"href":"https:\/\/exceladvisor.org\/nl\/wp-json\/wp\/v2\/types\/page"}],"author":[{"embeddable":true,"href":"https:\/\/exceladvisor.org\/nl\/wp-json\/wp\/v2\/users\/1"}],"replies":[{"embeddable":true,"href":"https:\/\/exceladvisor.org\/nl\/wp-json\/wp\/v2\/comments?post=1740"}],"version-history":[{"count":2,"href":"https:\/\/exceladvisor.org\/nl\/wp-json\/wp\/v2\/pages\/1740\/revisions"}],"predecessor-version":[{"id":3006,"href":"https:\/\/exceladvisor.org\/nl\/wp-json\/wp\/v2\/pages\/1740\/revisions\/3006"}],"wp:attachment":[{"href":"https:\/\/exceladvisor.org\/nl\/wp-json\/wp\/v2\/media?parent=1740"}],"curies":[{"name":"wp","href":"https:\/\/api.w.org\/{rel}","templated":true}]}}