{"id":1745,"date":"2023-11-07T22:26:40","date_gmt":"2023-11-07T22:26:40","guid":{"rendered":"https:\/\/exceladvisor.org\/nl\/wildcards-2\/"},"modified":"2023-12-06T05:55:48","modified_gmt":"2023-12-06T05:55:48","slug":"wildcards-2","status":"publish","type":"page","link":"https:\/\/exceladvisor.org\/nl\/wildcards-2\/","title":{"rendered":"Excel-wildcards \u2013 asterisk*, vraagteken?"},"content":{"rendered":"<div class=\"excel-voor-de-inhoud\" id=\"excel-3340042896\"><script type=\"text\/javascript\">\r\n\tatOptions = {\r\n\t\t'key' : 'c1158f160081d6540a8409e6925dab94',\r\n\t\t'format' : 'iframe',\r\n\t\t'height' : 250,\r\n\t\t'width' : 300,\r\n\t\t'params' : {}\r\n\t};\r\n<\/script>\r\n<script type=\"text\/javascript\" src=\"\/\/www.highperformanceformat.com\/c1158f160081d6540a8409e6925dab94\/invoke.js\"><\/script><\/div> <p>Soms is het werken met data niet zo eenvoudig, soms worden we geconfronteerd met complexe problemen.<\/p><div class=\"gb-container gb-container-ab70ac7a\"><p> Stel dat u uit de gegevens wilt zoeken naar de tekst \u201cDelhi\u201d. Maar in deze gegevens heb je het woord \u2018New Delhi\u2019 en niet \u2018Delhi\u2019. In deze situatie kunt u niet matchen of zoeken. Hier hebt u een manier nodig waarmee u alleen de beschikbare waarde of gedeeltelijke waarde (Delhi) kunt gebruiken om de werkelijke waarde (New Delhi) te matchen of te doorzoeken.<\/p><p> Welnu, daarvoor zijn Excel-jokertekens bedoeld. Met deze jokertekens kunt u tekst met een gedeeltelijke overeenkomst zoeken\/vinden. In Excel ligt het grootste voordeel van deze tekens in de zoek- en tekstfuncties. Dit geeft u meer flexibiliteit wanneer de waarde onbekend of gedeeltelijk beschikbaar is.<\/p><\/div><p> Dus vandaag wil ik je in dit artikel vertellen wat jokertekens zijn, hoe je ze kunt gebruiken, hun typen en voorbeelden om ze met verschillende functies te gebruiken. Laten we beginnen.<\/p><h2 id=\"tab-con-3\" class=\"wp-block-heading\"> Wat zijn Excel-jokertekens<\/h2><p> Excel-jokertekens zijn speciale typen tekens die een of meer andere tekens vertegenwoordigen. Het wordt gebruikt in reguliere expressies en vervangt deze door onbekende tekens. Simpel gezegd: als u niet zeker weet welk teken u precies moet gebruiken, kunt u daar een jokerteken gebruiken.<\/p><h2 id=\"tab-con-1\" class=\"wp-block-heading\"> Excel-tekentypen met jokertekens<\/h2><p> In Excel heb je 3 verschillende wildcards <strong><span style=\"background-color: #fff44f;\">Asterisk, Vraagteken en Tilde<\/span><\/strong> . En elk van hen heeft zijn eigen betekenis en gebruik.<\/p><p> Verderop zullen we elk van deze karakters in detail bespreken, zodat je ze in verschillende situaties kunt gebruiken.<\/p><h3 id=\"tab-con-5\" class=\"wp-block-heading\"> 1. Sterretje(*)<\/h3><p> Het sterretje is een van de meest populaire jokertekens. Het kan een willekeurig aantal tekens (in volgorde) uit een tekst vinden. Als u bijvoorbeeld Pi* gebruikt, krijgt u woorden als Pivot, Image, Picnic, enz.<\/p><p> Als je het opmerkt, hebben al deze woorden aan het begin Pi en later verschillende karakters. Laten we begrijpen hoe het werkt met een voorbeeld. Hieronder vindt u gegevens waarbij u stadsnamen en hun classificatie in \u00e9\u00e9n cel heeft. <\/p><div class=\"wp-block-image\"><figure class=\"aligncenter\"><img decoding=\"async\" src=\"https:\/\/exceladvisor.org\/wp-content\/uploads\/2023\/08\/donnees-de-ville-a-utiliser-avec-des-caracteres-generiques-asterisque-dans-Excel.png\" sizes=\"\" srcset=\"\" alt=\"stadsgegevens om te gebruiken met asterisk-jokertekens in Excel1\"><\/figure><\/div><p> Vanaf hier moet je het aantal steden in elke classificatie tellen. en hiervoor kun je een asterisk gebruiken met AANTAL.ALS.<\/p><p> =AANTAL.ALS(Stad,Classificatie&amp;\u201d*\u201d) <\/p><div class=\"wp-block-image\"><figure class=\"aligncenter\"><img decoding=\"async\" src=\"https:\/\/exceladvisor.org\/wp-content\/uploads\/2023\/08\/formule-a-utiliser-avec-les-caracteres-generiques-asterisque-dans-Excel.png\" sizes=\"\" srcset=\"\" alt=\"formule voor gebruik met asterisk-jokertekens in Excel\"><\/figure><\/div><p> In deze formule hebt u de celclassificatietekst gecombineerd met een asterisk. De formule komt dus alleen overeen met de classificatietekst in de cel en het sterretje werkt net als de rest van de tekens. En uiteindelijk krijg je het aantal steden volgens de classificatie.<\/p><h3 class=\"wp-block-heading\"> 2. Vraagteken<\/h3><p> Met een vraagteken kun je \u00e9\u00e9n teken in een tekst vervangen. Simpel gezegd: het helpt u nauwkeuriger te zijn en nog steeds gebruik te maken van gedeeltelijke matching. Als u bijvoorbeeld c?amps gebruikt, worden kampioenen en chimpansees uit de gegevens geretourneerd.<\/p><h3 class=\"wp-block-heading\"> 3. Tilde (~)<\/h3><p> Het echte gebruik van een tilde is om het effect van een wildcard ongedaan te maken. Stel dat u bijvoorbeeld de exacte uitdrukking pivot* wilt vinden. Als u pivot* als tekenreeks gebruikt, krijgt u elk woord met velden aan het begin (zoals een draaitabel of draaitabel).<\/p><p> Voor specifiek de pivot*-tekenreeks moet u ~. Je kanaal zou dus pivot~* zijn. Hier zorgt ~ ervoor dat Excel het volgende teken leest zoals het is, en niet als een jokerteken.<\/p><h2 id=\"tab-con-2\" class=\"wp-block-heading\"> Wildcards met Excel-functies<\/h2><p> We kunnen gemakkelijk de drie jokertekens gebruiken voor alle <a style=\"outline: none;\" href=\"https:\/\/exceladvisor.org\/nl\/excel-functies\/\">hoofdfuncties<\/a> . Functies zoals VLOOKUP, HLOOKUP, SUMIF, SUMIFS, COUNTIF, COUNTIFS, SEARCH, FIND en <a href=\"https:\/\/exceladvisor.org\/nl\/omgekeerd-zoeken\/\">Reverse LOOKUP<\/a> .<\/p><p> U kunt deze lijst uitbreiden met alle functies die u gebruikt om een waarde te matchen, voor zoekopdrachten of om tekst te vinden. Eerder zal ik enkele voorbeelden met u delen met functies + opties zoeken en vervangen + voorwaardelijke opmaak + met getallen.<\/p><h3 class=\"wp-block-heading\"> 1. Met SOM.ALS<\/h3><p> Hieronder vindt u gegevens waar u factuurnummers en hun bedrag heeft. En we moeten de bedragen optellen waarvan de factuurnummers beginnen met &#8220;Product-A&#8221;. <\/p><div class=\"wp-block-image\"><figure class=\"aligncenter\"><img decoding=\"async\" src=\"https:\/\/exceladvisor.org\/wp-content\/uploads\/2023\/08\/donnees-pour-utiliser-des-caracteres-generiques-avec-sumif-excel.png\" sizes=\"\" srcset=\"\" alt=\"gegevens om jokertekens te gebruiken met Sumif Excel\"><\/figure><\/div><p> Om dit te doen kunnen we SUMIF met jokertekens gebruiken. En de formule zal zijn:<\/p><p> =SOM.ALS(F2:F11,\u201dProduct-A*\u201d,G2:G11) <\/p><div class=\"wp-block-image\"><figure class=\"aligncenter\"><img decoding=\"async\" src=\"https:\/\/exceladvisor.org\/wp-content\/uploads\/2023\/08\/formule-pour-utiliser-des-caracteres-generiques-avec-sumif-excel.png\" sizes=\"\" srcset=\"\" alt=\"formule om jokertekens te gebruiken met sumif excel\"><\/figure><\/div><p> In het bovenstaande voorbeeld hebben we een asterisk gebruikt met de criteria aan het einde. Zoals we hebben geleerd, kan een asterisk gedeeltelijke tekst vinden met een willekeurig aantal reekstekens.<\/p><p> En hier gebruikten we het met &#8220;Product-A&#8221;. Het komt dus overeen met waarden waarbij \u201cProduct-A\u201d aan het begin van de waarde staat.<\/p><h3 id=\"tab-con-7\" class=\"wp-block-heading\"> 2. <a href=\"https:\/\/exceladvisor.org\/nl\/jokertekens-met-vlookup\/\">Met VOOKUP<\/a><\/h3><p> Stel dat u een lijst met leerlingen heeft met hun volledige naam en cijfers. Nu wil je VLOOKUP gebruiken om markeringen te krijgen in een andere lijst waar je alleen hun voornamen hebt. <\/p><div class=\"wp-block-image\"><figure class=\"aligncenter\"><img decoding=\"async\" src=\"https:\/\/exceladvisor.org\/wp-content\/uploads\/2023\/08\/utilisation-de-caracteres-generiques-Excel-avec-des-donnees-vlookup.png\" sizes=\"\" srcset=\"\" alt=\"\"><\/figure><\/div><p> En hiervoor zal de formule zijn:<\/p><p> = <a href=\"https:\/\/exceladvisor.org\/nl\/excel-zoekfuncties\/\" target=\"_blank\" rel=\"noopener\">VERT.ZOEKEN<\/a> (voornaam&amp;\u201d*\u201d,marks_table,2,0) <\/p><div class=\"wp-block-image\"><figure class=\"aligncenter\"><img decoding=\"async\" src=\"https:\/\/exceladvisor.org\/wp-content\/uploads\/2023\/08\/utilisation-de-caracteres-generiques-Excel-avec-la-formule-vlookup.png\" sizes=\"\" srcset=\"\" alt=\"\"><\/figure><\/div><p> In het bovenstaande voorbeeld gebruikte je vlookup met een asterisk om markeringen te krijgen met alleen de voornaam.<\/p><h3 id=\"tab-con-8\" class=\"wp-block-heading\"> 3. Vinden en vervangen<\/h3><p> Het gebruik van jokertekens bij Zoeken en vervangen kan wonderen doen voor uw gegevens. <\/p><div class=\"wp-block-image\"><figure class=\"aligncenter\"><img decoding=\"async\" src=\"https:\/\/exceladvisor.org\/wp-content\/uploads\/2023\/08\/utiliser-des-caracteres-generiques-Excel-avec-les-options-de-remplacement-de-recherche.gif\" sizes=\"\" srcset=\"\" alt=\"gebruik Excel-jokertekens met zoekvervangingsopties\"><\/figure><\/div><p> In het bovenstaande voorbeeld heb je het woord \u2018Exceladvisor\u2019 met verschillende karakters ertussen.<\/p><p> En u wilt deze tekens vervangen door een enkele spatie. U kunt dit zelfs doen met de optie Vervangen, maar in dit geval moet u elk teken \u00e9\u00e9n voor \u00e9\u00e9n vervangen. Maar u kunt een vraagteken (?) gebruiken om alle andere tekens te vervangen door een spatie.<\/p><p> Zoek \u201cExcel?Advisor\u201d en wijzig dit in \u201cExcel Advisor\u201d om alle ongewenste tekens te verwijderen.<\/p><h3 id=\"tab-con-9\" class=\"wp-block-heading\"> 4. In voorwaardelijke opmaak<\/h3><p> U kunt deze jokertekens ook gebruiken bij voorwaardelijke opmaak. Stel dat u in een lijst de namen wilt markeren van steden die beginnen met de letter A.<\/p><ul><li> Selecteer eerst het eerste item in de lijst en ga vervolgens naar Start \u2192 Stijlen \u2192 Voorwaardelijke opmaak.<\/li><li> Klik nu op de optie &#8220;Nieuwe regel&#8221; en selecteer &#8220;Gebruik een formule om te bepalen welke cellen moeten worden opgemaakt.&#8221;<\/li><li> Voer in het formule-invoervak =IF(COUNTIF(E2;&#8221;A*&#8221;),TRUE,FALSE) in.<\/li><li> Stel de gewenste opmaak in die u wilt gebruiken voor het markeren. <\/li><\/ul><div class=\"wp-block-image\"><figure class=\"aligncenter\"><img decoding=\"async\" src=\"https:\/\/exceladvisor.org\/wp-content\/uploads\/2023\/08\/Caracteres-generiques-dans-Excel-8-1.png\" sizes=\"\" srcset=\"\" alt=\"\"><\/figure><\/div><ul><li> Nu heb ik voorwaardelijke opmaak gebruikt in de eerste cel van de lijst en ik moet deze op de hele lijst toepassen.<\/li><li> Selecteer de eerste cel waarop u uw opmaakregel hebt toegepast.<\/li><li> Ga naar Start \u2192 Klembord \u2192 Opmaak kopi\u00ebren\/plakken.<\/li><li> Selecteer de volledige lijst en alle namen die beginnen met de letter A worden gemarkeerd. <\/li><\/ul><div class=\"wp-block-image\"><figure class=\"aligncenter\"><img decoding=\"async\" src=\"https:\/\/exceladvisor.org\/wp-content\/uploads\/2023\/08\/Caracteres-generiques-dans-Excel-9-1.png\" sizes=\"\" srcset=\"\" alt=\"\"><\/figure><\/div><h3 id=\"tab-con-10\" class=\"wp-block-heading\"> 5. Filterwaarden<\/h3><p> Jokertekens werken als magie in filters. Stel dat u een lijst met steden heeft en dat u stadsnamen wilt filteren die beginnen met A, B, C of een andere letter. Je kunt hiervoor A* of B* of C* gebruiken. <\/p><div class=\"wp-block-image\"><figure class=\"aligncenter\"><img decoding=\"async\" src=\"https:\/\/exceladvisor.org\/wp-content\/uploads\/2023\/08\/utiliser-des-caracteres-generiques-Excel-avec-des-filtres.gif\" sizes=\"\" srcset=\"\" alt=\"gebruik Excel-wildcards met filters\"><\/figure><\/div><p> Hiermee krijgt u de exacte naam van de steden die met die letter beginnen. En als u wilt zoeken naar een teken dat eindigt met een specifieke letter, kunt u dit v\u00f3\u00f3r die letter gebruiken (*A, *B,*C, enz.).<\/p><h3 id=\"tab-con-11\" class=\"wp-block-heading\"> 6. Met cijfers<\/h3><p> U kunt deze jokertekens gebruiken bij getallen, maar u moet deze getallen wel naar tekst converteren. <\/p><div class=\"wp-block-image\"><figure class=\"aligncenter\"><img decoding=\"async\" src=\"https:\/\/exceladvisor.org\/wp-content\/uploads\/2023\/08\/utiliser-des-caracteres-generiques-dans-Excel-lorsque-vous-navez-que-des-chiffres.png\" sizes=\"\" srcset=\"\" alt=\"gebruik jokertekens in Excel als u alleen cijfers heeft\"><\/figure><\/div><p> In het bovenstaande voorbeeld hebt u de matchfunctie en de tekstfunctie gebruikt om een gedeeltelijke match uit te voeren. De tekstfunctie retourneert een array door het gehele bereik naar tekst te converteren en zoekt na deze matchfunctie naar een waarde die begint bij 98.<\/p><h2 id=\"tab-con-4\" class=\"wp-block-heading\"> Voorbeeld bestand<\/h2><p> <a style=\"outline: none;\" href=\"https:\/\/exceladvisor.org\/wp-content\/uploads\/2023\/11\/caracteres-generiques.xlsx\" rel=\"nofollow\">Download dit voorbeeldbestand hier<\/a> voor meer informatie.<\/p><h2 id=\"tab-con-12\" class=\"wp-block-heading\"> Conclusie<\/h2><p> Met jokertekens kunt u de kracht van functies verbeteren als uw gegevens niet in het juiste formaat zijn.<\/p><p> Met deze tekens kunt u een waarde vinden of matchen met behulp van gedeeltelijke matching, waardoor u met onregelmatige tekstwaarden kunt omgaan. En het beste is dat je drie verschillende karakters kunt gebruiken.<\/p><p> <strong>Heeft u deze wildcards ooit eerder gebruikt?<\/strong><\/p><p> Deel uw mening met mij in het opmerkingengedeelte, ik hoor graag van u. En vergeet deze tip niet met je vrienden te delen.<\/p><div class=\"gb-container gb-container-0df56012 gb-container-mt\"> <a class=\"gb-button gb-button-f9f432f4 gb-button-text gb-button-mt-button\" href=\"https:\/\/exceladvisor.org\/nl\/formules\/\">Lijst met Excel-formules<\/a><h2 class=\"gb-headline gb-headline-233444e8 gb-headline-text gb-headline-mt-heading\"> Gerelateerde formules <\/h2><div class=\"gb-grid-wrapper gb-grid-wrapper-a16fa65c gb-grid-wrapper-mt-grid\"><div class=\"gb-grid-column gb-grid-column-50d07e0d\"><div class=\"gb-container gb-container-50d07e0d\"><ul><li> <a href=\"https:\/\/exceladvisor.org\/nl\/referentie-3d\/\">3D-referentie in Excel<\/a><\/li><li> <a href=\"https:\/\/exceladvisor.org\/nl\/formule-verbergen\/\">Formule verbergen in Excel<\/a><\/li><li> <a href=\"https:\/\/exceladvisor.org\/nl\/r1c1\/\">R1C1-referentiestijl in Excel<\/a><\/li><\/ul><\/div><\/div><\/div><\/div>","protected":false},"excerpt":{"rendered":"","protected":false},"author":1,"featured_media":0,"parent":0,"menu_order":0,"comment_status":"open","ping_status":"closed","template":"","meta":{"ub_ctt_via":"","footnotes":""},"class_list":["post-1745","page","type-page","status-publish","hentry"],"featured_image_src":null,"yoast_head":"<!-- This site is optimized with the Yoast SEO plugin v25.4 - https:\/\/yoast.com\/wordpress\/plugins\/seo\/ -->\n<title>Excel-wildcards - Asterisk*, vraagteken?<\/title>\n<meta name=\"description\" content=\"Leer hoe u jokertekens in Excel kunt gebruiken om tekst te vinden die gedeeltelijk overeenkomt.\" \/>\n<meta name=\"robots\" content=\"index, follow, max-snippet:-1, max-image-preview:large, max-video-preview:-1\" \/>\n<link rel=\"canonical\" href=\"https:\/\/exceladvisor.org\/nl\/wildcards-2\/\" \/>\n<meta property=\"og:locale\" content=\"nl_NL\" \/>\n<meta property=\"og:type\" content=\"article\" \/>\n<meta property=\"og:title\" content=\"Excel-wildcards - Asterisk*, vraagteken?\" \/>\n<meta property=\"og:description\" content=\"Leer hoe u jokertekens in Excel kunt gebruiken om tekst te vinden die gedeeltelijk overeenkomt.\" \/>\n<meta property=\"og:url\" content=\"https:\/\/exceladvisor.org\/nl\/wildcards-2\/\" \/>\n<meta property=\"og:site_name\" content=\"Excel Advisor\" \/>\n<meta property=\"article:modified_time\" content=\"2023-12-06T05:55:48+00:00\" \/>\n<meta property=\"og:image\" content=\"https:\/\/exceladvisor.org\/wp-content\/uploads\/2023\/08\/donnees-de-ville-a-utiliser-avec-des-caracteres-generiques-asterisque-dans-Excel.png\" \/>\n<meta name=\"twitter:card\" content=\"summary_large_image\" \/>\n<meta name=\"twitter:label1\" content=\"Geschatte leestijd\" \/>\n\t<meta name=\"twitter:data1\" content=\"6 minuten\" \/>\n<script type=\"application\/ld+json\" class=\"yoast-schema-graph\">{\"@context\":\"https:\/\/schema.org\",\"@graph\":[{\"@type\":\"WebPage\",\"@id\":\"https:\/\/exceladvisor.org\/nl\/wildcards-2\/\",\"url\":\"https:\/\/exceladvisor.org\/nl\/wildcards-2\/\",\"name\":\"Excel-wildcards - Asterisk*, vraagteken?\",\"isPartOf\":{\"@id\":\"https:\/\/exceladvisor.org\/nl\/#website\"},\"primaryImageOfPage\":{\"@id\":\"https:\/\/exceladvisor.org\/nl\/wildcards-2\/#primaryimage\"},\"image\":{\"@id\":\"https:\/\/exceladvisor.org\/nl\/wildcards-2\/#primaryimage\"},\"thumbnailUrl\":\"https:\/\/exceladvisor.org\/wp-content\/uploads\/2023\/08\/donnees-de-ville-a-utiliser-avec-des-caracteres-generiques-asterisque-dans-Excel.png\",\"datePublished\":\"2023-11-07T22:26:40+00:00\",\"dateModified\":\"2023-12-06T05:55:48+00:00\",\"description\":\"Leer hoe u jokertekens in Excel kunt gebruiken om tekst te vinden die gedeeltelijk overeenkomt.\",\"breadcrumb\":{\"@id\":\"https:\/\/exceladvisor.org\/nl\/wildcards-2\/#breadcrumb\"},\"inLanguage\":\"nl-NL\",\"potentialAction\":[{\"@type\":\"ReadAction\",\"target\":[\"https:\/\/exceladvisor.org\/nl\/wildcards-2\/\"]}]},{\"@type\":\"ImageObject\",\"inLanguage\":\"nl-NL\",\"@id\":\"https:\/\/exceladvisor.org\/nl\/wildcards-2\/#primaryimage\",\"url\":\"https:\/\/exceladvisor.org\/wp-content\/uploads\/2023\/08\/donnees-de-ville-a-utiliser-avec-des-caracteres-generiques-asterisque-dans-Excel.png\",\"contentUrl\":\"https:\/\/exceladvisor.org\/wp-content\/uploads\/2023\/08\/donnees-de-ville-a-utiliser-avec-des-caracteres-generiques-asterisque-dans-Excel.png\"},{\"@type\":\"BreadcrumbList\",\"@id\":\"https:\/\/exceladvisor.org\/nl\/wildcards-2\/#breadcrumb\",\"itemListElement\":[{\"@type\":\"ListItem\",\"position\":1,\"name\":\"Thuis\",\"item\":\"https:\/\/exceladvisor.org\/nl\/\"},{\"@type\":\"ListItem\",\"position\":2,\"name\":\"Excel-wildcards \u2013 asterisk*, vraagteken?\"}]},{\"@type\":\"WebSite\",\"@id\":\"https:\/\/exceladvisor.org\/nl\/#website\",\"url\":\"https:\/\/exceladvisor.org\/nl\/\",\"name\":\"Excel Advisor\",\"description\":\"Uw gids voor datadominantie\",\"publisher\":{\"@id\":\"https:\/\/exceladvisor.org\/nl\/#organization\"},\"potentialAction\":[{\"@type\":\"SearchAction\",\"target\":{\"@type\":\"EntryPoint\",\"urlTemplate\":\"https:\/\/exceladvisor.org\/nl\/?s={search_term_string}\"},\"query-input\":{\"@type\":\"PropertyValueSpecification\",\"valueRequired\":true,\"valueName\":\"search_term_string\"}}],\"inLanguage\":\"nl-NL\"},{\"@type\":\"Organization\",\"@id\":\"https:\/\/exceladvisor.org\/nl\/#organization\",\"name\":\"Excel Advisor\",\"url\":\"https:\/\/exceladvisor.org\/nl\/\",\"logo\":{\"@type\":\"ImageObject\",\"inLanguage\":\"nl-NL\",\"@id\":\"https:\/\/exceladvisor.org\/nl\/#\/schema\/logo\/image\/\",\"url\":\"https:\/\/exceladvisor.org\/nl\/wp-content\/uploads\/2023\/12\/exceladvisor.org_.png\",\"contentUrl\":\"https:\/\/exceladvisor.org\/nl\/wp-content\/uploads\/2023\/12\/exceladvisor.org_.png\",\"width\":105,\"height\":36,\"caption\":\"Excel Advisor\"},\"image\":{\"@id\":\"https:\/\/exceladvisor.org\/nl\/#\/schema\/logo\/image\/\"}}]}<\/script>\n<!-- \/ Yoast SEO plugin. -->","yoast_head_json":{"title":"Excel-wildcards - Asterisk*, vraagteken?","description":"Leer hoe u jokertekens in Excel kunt gebruiken om tekst te vinden die gedeeltelijk overeenkomt.","robots":{"index":"index","follow":"follow","max-snippet":"max-snippet:-1","max-image-preview":"max-image-preview:large","max-video-preview":"max-video-preview:-1"},"canonical":"https:\/\/exceladvisor.org\/nl\/wildcards-2\/","og_locale":"nl_NL","og_type":"article","og_title":"Excel-wildcards - Asterisk*, vraagteken?","og_description":"Leer hoe u jokertekens in Excel kunt gebruiken om tekst te vinden die gedeeltelijk overeenkomt.","og_url":"https:\/\/exceladvisor.org\/nl\/wildcards-2\/","og_site_name":"Excel Advisor","article_modified_time":"2023-12-06T05:55:48+00:00","og_image":[{"url":"https:\/\/exceladvisor.org\/wp-content\/uploads\/2023\/08\/donnees-de-ville-a-utiliser-avec-des-caracteres-generiques-asterisque-dans-Excel.png","type":"","width":"","height":""}],"twitter_card":"summary_large_image","twitter_misc":{"Geschatte leestijd":"6 minuten"},"schema":{"@context":"https:\/\/schema.org","@graph":[{"@type":"WebPage","@id":"https:\/\/exceladvisor.org\/nl\/wildcards-2\/","url":"https:\/\/exceladvisor.org\/nl\/wildcards-2\/","name":"Excel-wildcards - Asterisk*, vraagteken?","isPartOf":{"@id":"https:\/\/exceladvisor.org\/nl\/#website"},"primaryImageOfPage":{"@id":"https:\/\/exceladvisor.org\/nl\/wildcards-2\/#primaryimage"},"image":{"@id":"https:\/\/exceladvisor.org\/nl\/wildcards-2\/#primaryimage"},"thumbnailUrl":"https:\/\/exceladvisor.org\/wp-content\/uploads\/2023\/08\/donnees-de-ville-a-utiliser-avec-des-caracteres-generiques-asterisque-dans-Excel.png","datePublished":"2023-11-07T22:26:40+00:00","dateModified":"2023-12-06T05:55:48+00:00","description":"Leer hoe u jokertekens in Excel kunt gebruiken om tekst te vinden die gedeeltelijk overeenkomt.","breadcrumb":{"@id":"https:\/\/exceladvisor.org\/nl\/wildcards-2\/#breadcrumb"},"inLanguage":"nl-NL","potentialAction":[{"@type":"ReadAction","target":["https:\/\/exceladvisor.org\/nl\/wildcards-2\/"]}]},{"@type":"ImageObject","inLanguage":"nl-NL","@id":"https:\/\/exceladvisor.org\/nl\/wildcards-2\/#primaryimage","url":"https:\/\/exceladvisor.org\/wp-content\/uploads\/2023\/08\/donnees-de-ville-a-utiliser-avec-des-caracteres-generiques-asterisque-dans-Excel.png","contentUrl":"https:\/\/exceladvisor.org\/wp-content\/uploads\/2023\/08\/donnees-de-ville-a-utiliser-avec-des-caracteres-generiques-asterisque-dans-Excel.png"},{"@type":"BreadcrumbList","@id":"https:\/\/exceladvisor.org\/nl\/wildcards-2\/#breadcrumb","itemListElement":[{"@type":"ListItem","position":1,"name":"Thuis","item":"https:\/\/exceladvisor.org\/nl\/"},{"@type":"ListItem","position":2,"name":"Excel-wildcards \u2013 asterisk*, vraagteken?"}]},{"@type":"WebSite","@id":"https:\/\/exceladvisor.org\/nl\/#website","url":"https:\/\/exceladvisor.org\/nl\/","name":"Excel Advisor","description":"Uw gids voor datadominantie","publisher":{"@id":"https:\/\/exceladvisor.org\/nl\/#organization"},"potentialAction":[{"@type":"SearchAction","target":{"@type":"EntryPoint","urlTemplate":"https:\/\/exceladvisor.org\/nl\/?s={search_term_string}"},"query-input":{"@type":"PropertyValueSpecification","valueRequired":true,"valueName":"search_term_string"}}],"inLanguage":"nl-NL"},{"@type":"Organization","@id":"https:\/\/exceladvisor.org\/nl\/#organization","name":"Excel Advisor","url":"https:\/\/exceladvisor.org\/nl\/","logo":{"@type":"ImageObject","inLanguage":"nl-NL","@id":"https:\/\/exceladvisor.org\/nl\/#\/schema\/logo\/image\/","url":"https:\/\/exceladvisor.org\/nl\/wp-content\/uploads\/2023\/12\/exceladvisor.org_.png","contentUrl":"https:\/\/exceladvisor.org\/nl\/wp-content\/uploads\/2023\/12\/exceladvisor.org_.png","width":105,"height":36,"caption":"Excel Advisor"},"image":{"@id":"https:\/\/exceladvisor.org\/nl\/#\/schema\/logo\/image\/"}}]}},"yoast_meta":{"yoast_wpseo_title":"","yoast_wpseo_metadesc":"","yoast_wpseo_canonical":""},"_links":{"self":[{"href":"https:\/\/exceladvisor.org\/nl\/wp-json\/wp\/v2\/pages\/1745","targetHints":{"allow":["GET"]}}],"collection":[{"href":"https:\/\/exceladvisor.org\/nl\/wp-json\/wp\/v2\/pages"}],"about":[{"href":"https:\/\/exceladvisor.org\/nl\/wp-json\/wp\/v2\/types\/page"}],"author":[{"embeddable":true,"href":"https:\/\/exceladvisor.org\/nl\/wp-json\/wp\/v2\/users\/1"}],"replies":[{"embeddable":true,"href":"https:\/\/exceladvisor.org\/nl\/wp-json\/wp\/v2\/comments?post=1745"}],"version-history":[{"count":2,"href":"https:\/\/exceladvisor.org\/nl\/wp-json\/wp\/v2\/pages\/1745\/revisions"}],"predecessor-version":[{"id":3014,"href":"https:\/\/exceladvisor.org\/nl\/wp-json\/wp\/v2\/pages\/1745\/revisions\/3014"}],"wp:attachment":[{"href":"https:\/\/exceladvisor.org\/nl\/wp-json\/wp\/v2\/media?parent=1745"}],"curies":[{"name":"wp","href":"https:\/\/api.w.org\/{rel}","templated":true}]}}