{"id":1769,"date":"2023-11-06T00:38:47","date_gmt":"2023-11-06T00:38:47","guid":{"rendered":"https:\/\/exceladvisor.org\/nl\/indirect-met-vlookup-2\/"},"modified":"2023-12-06T05:52:37","modified_gmt":"2023-12-06T05:52:37","slug":"indirect-met-vlookup-2","status":"publish","type":"page","link":"https:\/\/exceladvisor.org\/nl\/indirect-met-vlookup-2\/","title":{"rendered":"Indirect met vert.zoeken in excel"},"content":{"rendered":"<div class=\"excel-voor-de-inhoud\" id=\"excel-1135250683\"><script type=\"text\/javascript\">\r\n\tatOptions = {\r\n\t\t'key' : 'c1158f160081d6540a8409e6925dab94',\r\n\t\t'format' : 'iframe',\r\n\t\t'height' : 250,\r\n\t\t'width' : 300,\r\n\t\t'params' : {}\r\n\t};\r\n<\/script>\r\n<script type=\"text\/javascript\" src=\"\/\/www.highperformanceformat.com\/c1158f160081d6540a8409e6925dab94\/invoke.js\"><\/script><\/div> <p>Als u VLOOKUP wilt gebruiken en de gegevens die u wilt doorzoeken zich in verschillende bladen bevinden, kunt u deze combineren met INDIRECT. Het helpt u meerdere bereiken in \u00e9\u00e9n formule te defini\u00ebren. <\/p><div class=\"wp-block-image\"><figure class=\"aligncenter size-full is-resized\"><img loading=\"lazy\" decoding=\"async\" class=\"wp-image-85926\" src=\"https:\/\/exceladvisor.org\/wp-content\/uploads\/2023\/08\/1-indirect-avec-vlookup.png\" sizes=\"auto, \" srcset=\"\" alt=\"indirect-met-vlookup\" width=\"576\" height=\"501\"><\/figure><\/div><p> In het bovenstaande voorbeeld hebben we maandelijkse gegevens in drie verschillende spreadsheets. Maar met slechts \u00e9\u00e9n VERT.ZOEKEN + INDIRECT kunt u de hoeveelheid van alle producten van alle maanden uit meerdere bladen halen.<\/p><pre class=\"wp-block-code\"> <code class=\"language-excel-formula\" lang=\"excel-formula\">=VLOOKUP($A2,INDIRECT(\"'\"&amp;B$1&amp;\"'!\"&amp;\"A:B\"),2,FALSE)<\/code><\/pre><p> Om deze formule te begrijpen, moet je deze in twee delen verdelen:<\/p><p> In het eerste deel hebben we de functie INDIRECT, die een verwijzing naar het blad cre\u00ebert met de naam van rij 1. In het onderstaande voorbeeld verwijzen we naar het bereik A:B van Jan in het blad. <\/p><div class=\"wp-block-image\"><figure class=\"aligncenter size-full is-resized\"><img loading=\"lazy\" decoding=\"async\" class=\"wp-image-85927\" src=\"https:\/\/exceladvisor.org\/wp-content\/uploads\/2023\/08\/2-formule-divisee-en-deux-parties.png\" sizes=\"auto, \" srcset=\"\" alt=\"formule-verdeeld-in-twee-delen\" width=\"706\" height=\"379\"><\/figure><\/div><p> U moet een structuur maken in INDIRECT om te verwijzen naar het blad met de naam en het bereik waar u de gegevens heeft.<\/p><pre class=\"wp-block-code\"> <code class=\"language-excel-formula\" lang=\"excel-formula\">=INDIRECT(\"'\"&amp;B$1&amp;\"'!\"&amp;\"A:B\")<\/code><\/pre><p> Zodra u de formule naar de kolom Feb verplaatst, wordt de verwijzing in INDIRECT verplaatst naar het blad Feb. <\/p><div class=\"wp-block-image\"><figure class=\"aligncenter size-full is-resized\"><img loading=\"lazy\" decoding=\"async\" class=\"wp-image-85928\" src=\"https:\/\/exceladvisor.org\/wp-content\/uploads\/2023\/08\/3-reference-dans-les-changements-indirects.png\" sizes=\"auto, \" srcset=\"\" alt=\"verwijzing-in-indirecte-veranderingen\" width=\"642\" height=\"265\"><\/figure><\/div><p> In het tweede deel gebruikt VLOOKUP het tabelbereikadres dat wordt geretourneerd door INDIRECT en krijgt de waarden op basis van de col_index_num die in het bereik is opgegeven.<\/p><h2 class=\"wp-block-heading\"> Belangrijk punt<\/h2><p> In de bovenstaande formule heeft u de juiste structuur nodig om naar een bereik met de bladnaam te verwijzen. Als u onderstaande structuur in INDIRECT invoert:<\/p><pre class=\"wp-block-code\"> <code class=\"language-excel-formula\" lang=\"excel-formula\">\"'\"&amp;B$1&amp;\"'!\"&amp;\"A:B\"<\/code><\/pre><p> Hij zal terugkomen:<\/p><pre class=\"wp-block-code\"> <code class=\"language-excel-formula\" lang=\"excel-formula\">\"'Jan'!A:B\"<\/code><\/pre><h2 class=\"wp-block-heading\"> Alternatieve methode<\/h2><p> INDIRECT is een vluchtige functie. Het wordt bijgewerkt wanneer er een wijziging in de spreadsheet plaatsvindt. Daarom kunt u overwegen om CHOOSE te gebruiken. Met CHOOSE kunt u bijvoorbeeld drie formules schrijven met VERT.ZOEKEN. <\/p><pre class=\"wp-block-code\"> <code class=\"language-excel-formula\" lang=\"excel-formula\">=CHOOSE(B$1,VLOOKUP($A2,Jan!$A:$B,2,0),VLOOKUP($A2,Feb!$A:$B,2,0),VLOOKUP($A2,Mar!$A:$B,2,0))<\/code><\/pre><div class=\"wp-block-image\"><figure class=\"aligncenter size-full is-resized\"><img loading=\"lazy\" decoding=\"async\" class=\"wp-image-85929\" src=\"https:\/\/exceladvisor.org\/wp-content\/uploads\/2023\/08\/4-choisir-avec-vlookup.png\" sizes=\"auto, \" srcset=\"\" alt=\"kies met vlookup\" width=\"752\" height=\"211\"><\/figure><\/div><p> In deze formule hebben we, zoals ik al zei, drie VERT.ZOEKEN, en wanneer u met KIEZEN kunt beslissen om het resultaat van een van de VERT.ZOEKEN te verkrijgen <\/p><div class=\"wp-block-image\"><figure class=\"aligncenter size-full is-resized\"><img loading=\"lazy\" decoding=\"async\" class=\"wp-image-85930\" src=\"https:\/\/exceladvisor.org\/wp-content\/uploads\/2023\/08\/5-avec-choisir-obtenir-le-resultat-de-nimporte-quel-vlookup.png\" sizes=\"auto, \" srcset=\"\" alt=\"met-kies-resultaat-van-elke-vlookup\" width=\"416\" height=\"157\"><\/figure><\/div><p> In de KIES hebben we verwezen naar de B1; In regel 1 heb je indexnummers die je kunt gebruiken om de formulewaarde uit SELECT te halen.<\/p><p> Als u bijvoorbeeld 2 heeft, retourneert CHOOSE de waarde van de tweede VERT.ZOEKEN; vanaf de derde zijn er 3. <\/p><div class=\"wp-block-image\"><figure class=\"aligncenter size-full is-resized\"><img loading=\"lazy\" decoding=\"async\" class=\"wp-image-85931\" src=\"https:\/\/exceladvisor.org\/wp-content\/uploads\/2023\/08\/6-valeurs-vlookup-par-reference-choisie.png\" sizes=\"auto, \" srcset=\"\" alt=\"vlookup-waarde-door-kies-referentie\" width=\"588\" height=\"339\"><\/figure><\/div><div class=\"wp-block-group download-box is-layout-constrained\"><div class=\"wp-block-group__inner-container\"><h2 class=\"wp-block-heading\"> Download een voorbeeldbestand <\/h2><ul id=\"ub_styled_list-e2b2c5eb-d85e-4189-8f42-829e40d51a0f\" class=\"ub_styled_list\"><li class=\"ub_styled_list_item\"> <a href=\"https:\/\/exceladvisor.org\/wp-content\/uploads\/2023\/08\/indirect-avec-vlookup.xlsx\" rel=\"nofollow\">Downloaden<\/a><\/li><\/ul><\/div><\/div>","protected":false},"excerpt":{"rendered":"","protected":false},"author":1,"featured_media":0,"parent":0,"menu_order":0,"comment_status":"open","ping_status":"closed","template":"","meta":{"ub_ctt_via":"","footnotes":""},"class_list":["post-1769","page","type-page","status-publish","hentry"],"featured_image_src":null,"yoast_head":"<!-- This site is optimized with the Yoast SEO plugin v25.4 - https:\/\/yoast.com\/wordpress\/plugins\/seo\/ -->\n<title>Indirect met VERT.ZOEKEN in Excel \u2013 Excel Advisor<\/title>\n<meta name=\"description\" content=\"In deze zelfstudie leert u hoe u INDIRECT met VERT.ZOEKEN kunt gebruiken wanneer u in verschillende bladen wilt zoeken.\" \/>\n<meta name=\"robots\" content=\"index, follow, max-snippet:-1, max-image-preview:large, max-video-preview:-1\" \/>\n<link rel=\"canonical\" href=\"https:\/\/exceladvisor.org\/nl\/indirect-met-vlookup-2\/\" \/>\n<meta property=\"og:locale\" content=\"nl_NL\" \/>\n<meta property=\"og:type\" content=\"article\" \/>\n<meta property=\"og:title\" content=\"Indirect met VERT.ZOEKEN in Excel \u2013 Excel Advisor\" \/>\n<meta property=\"og:description\" content=\"In deze zelfstudie leert u hoe u INDIRECT met VERT.ZOEKEN kunt gebruiken wanneer u in verschillende bladen wilt zoeken.\" \/>\n<meta property=\"og:url\" content=\"https:\/\/exceladvisor.org\/nl\/indirect-met-vlookup-2\/\" \/>\n<meta property=\"og:site_name\" content=\"Excel Advisor\" \/>\n<meta property=\"article:modified_time\" content=\"2023-12-06T05:52:37+00:00\" \/>\n<meta property=\"og:image\" content=\"https:\/\/exceladvisor.org\/wp-content\/uploads\/2023\/08\/1-indirect-avec-vlookup.png\" \/>\n<meta name=\"twitter:card\" content=\"summary_large_image\" \/>\n<meta name=\"twitter:label1\" content=\"Geschatte leestijd\" \/>\n\t<meta name=\"twitter:data1\" content=\"2 minuten\" \/>\n<script type=\"application\/ld+json\" class=\"yoast-schema-graph\">{\"@context\":\"https:\/\/schema.org\",\"@graph\":[{\"@type\":\"WebPage\",\"@id\":\"https:\/\/exceladvisor.org\/nl\/indirect-met-vlookup-2\/\",\"url\":\"https:\/\/exceladvisor.org\/nl\/indirect-met-vlookup-2\/\",\"name\":\"Indirect met VERT.ZOEKEN in Excel \u2013 Excel Advisor\",\"isPartOf\":{\"@id\":\"https:\/\/exceladvisor.org\/nl\/#website\"},\"primaryImageOfPage\":{\"@id\":\"https:\/\/exceladvisor.org\/nl\/indirect-met-vlookup-2\/#primaryimage\"},\"image\":{\"@id\":\"https:\/\/exceladvisor.org\/nl\/indirect-met-vlookup-2\/#primaryimage\"},\"thumbnailUrl\":\"https:\/\/exceladvisor.org\/wp-content\/uploads\/2023\/08\/1-indirect-avec-vlookup.png\",\"datePublished\":\"2023-11-06T00:38:47+00:00\",\"dateModified\":\"2023-12-06T05:52:37+00:00\",\"description\":\"In deze zelfstudie leert u hoe u INDIRECT met VERT.ZOEKEN kunt gebruiken wanneer u in verschillende bladen wilt zoeken.\",\"breadcrumb\":{\"@id\":\"https:\/\/exceladvisor.org\/nl\/indirect-met-vlookup-2\/#breadcrumb\"},\"inLanguage\":\"nl-NL\",\"potentialAction\":[{\"@type\":\"ReadAction\",\"target\":[\"https:\/\/exceladvisor.org\/nl\/indirect-met-vlookup-2\/\"]}]},{\"@type\":\"ImageObject\",\"inLanguage\":\"nl-NL\",\"@id\":\"https:\/\/exceladvisor.org\/nl\/indirect-met-vlookup-2\/#primaryimage\",\"url\":\"https:\/\/exceladvisor.org\/wp-content\/uploads\/2023\/08\/1-indirect-avec-vlookup.png\",\"contentUrl\":\"https:\/\/exceladvisor.org\/wp-content\/uploads\/2023\/08\/1-indirect-avec-vlookup.png\"},{\"@type\":\"BreadcrumbList\",\"@id\":\"https:\/\/exceladvisor.org\/nl\/indirect-met-vlookup-2\/#breadcrumb\",\"itemListElement\":[{\"@type\":\"ListItem\",\"position\":1,\"name\":\"Thuis\",\"item\":\"https:\/\/exceladvisor.org\/nl\/\"},{\"@type\":\"ListItem\",\"position\":2,\"name\":\"Indirect met vert.zoeken in excel\"}]},{\"@type\":\"WebSite\",\"@id\":\"https:\/\/exceladvisor.org\/nl\/#website\",\"url\":\"https:\/\/exceladvisor.org\/nl\/\",\"name\":\"Excel Advisor\",\"description\":\"Uw gids voor datadominantie\",\"publisher\":{\"@id\":\"https:\/\/exceladvisor.org\/nl\/#organization\"},\"potentialAction\":[{\"@type\":\"SearchAction\",\"target\":{\"@type\":\"EntryPoint\",\"urlTemplate\":\"https:\/\/exceladvisor.org\/nl\/?s={search_term_string}\"},\"query-input\":{\"@type\":\"PropertyValueSpecification\",\"valueRequired\":true,\"valueName\":\"search_term_string\"}}],\"inLanguage\":\"nl-NL\"},{\"@type\":\"Organization\",\"@id\":\"https:\/\/exceladvisor.org\/nl\/#organization\",\"name\":\"Excel Advisor\",\"url\":\"https:\/\/exceladvisor.org\/nl\/\",\"logo\":{\"@type\":\"ImageObject\",\"inLanguage\":\"nl-NL\",\"@id\":\"https:\/\/exceladvisor.org\/nl\/#\/schema\/logo\/image\/\",\"url\":\"https:\/\/exceladvisor.org\/nl\/wp-content\/uploads\/2023\/12\/exceladvisor.org_.png\",\"contentUrl\":\"https:\/\/exceladvisor.org\/nl\/wp-content\/uploads\/2023\/12\/exceladvisor.org_.png\",\"width\":105,\"height\":36,\"caption\":\"Excel Advisor\"},\"image\":{\"@id\":\"https:\/\/exceladvisor.org\/nl\/#\/schema\/logo\/image\/\"}}]}<\/script>\n<!-- \/ Yoast SEO plugin. -->","yoast_head_json":{"title":"Indirect met VERT.ZOEKEN in Excel \u2013 Excel Advisor","description":"In deze zelfstudie leert u hoe u INDIRECT met VERT.ZOEKEN kunt gebruiken wanneer u in verschillende bladen wilt zoeken.","robots":{"index":"index","follow":"follow","max-snippet":"max-snippet:-1","max-image-preview":"max-image-preview:large","max-video-preview":"max-video-preview:-1"},"canonical":"https:\/\/exceladvisor.org\/nl\/indirect-met-vlookup-2\/","og_locale":"nl_NL","og_type":"article","og_title":"Indirect met VERT.ZOEKEN in Excel \u2013 Excel Advisor","og_description":"In deze zelfstudie leert u hoe u INDIRECT met VERT.ZOEKEN kunt gebruiken wanneer u in verschillende bladen wilt zoeken.","og_url":"https:\/\/exceladvisor.org\/nl\/indirect-met-vlookup-2\/","og_site_name":"Excel Advisor","article_modified_time":"2023-12-06T05:52:37+00:00","og_image":[{"url":"https:\/\/exceladvisor.org\/wp-content\/uploads\/2023\/08\/1-indirect-avec-vlookup.png","type":"","width":"","height":""}],"twitter_card":"summary_large_image","twitter_misc":{"Geschatte leestijd":"2 minuten"},"schema":{"@context":"https:\/\/schema.org","@graph":[{"@type":"WebPage","@id":"https:\/\/exceladvisor.org\/nl\/indirect-met-vlookup-2\/","url":"https:\/\/exceladvisor.org\/nl\/indirect-met-vlookup-2\/","name":"Indirect met VERT.ZOEKEN in Excel \u2013 Excel Advisor","isPartOf":{"@id":"https:\/\/exceladvisor.org\/nl\/#website"},"primaryImageOfPage":{"@id":"https:\/\/exceladvisor.org\/nl\/indirect-met-vlookup-2\/#primaryimage"},"image":{"@id":"https:\/\/exceladvisor.org\/nl\/indirect-met-vlookup-2\/#primaryimage"},"thumbnailUrl":"https:\/\/exceladvisor.org\/wp-content\/uploads\/2023\/08\/1-indirect-avec-vlookup.png","datePublished":"2023-11-06T00:38:47+00:00","dateModified":"2023-12-06T05:52:37+00:00","description":"In deze zelfstudie leert u hoe u INDIRECT met VERT.ZOEKEN kunt gebruiken wanneer u in verschillende bladen wilt zoeken.","breadcrumb":{"@id":"https:\/\/exceladvisor.org\/nl\/indirect-met-vlookup-2\/#breadcrumb"},"inLanguage":"nl-NL","potentialAction":[{"@type":"ReadAction","target":["https:\/\/exceladvisor.org\/nl\/indirect-met-vlookup-2\/"]}]},{"@type":"ImageObject","inLanguage":"nl-NL","@id":"https:\/\/exceladvisor.org\/nl\/indirect-met-vlookup-2\/#primaryimage","url":"https:\/\/exceladvisor.org\/wp-content\/uploads\/2023\/08\/1-indirect-avec-vlookup.png","contentUrl":"https:\/\/exceladvisor.org\/wp-content\/uploads\/2023\/08\/1-indirect-avec-vlookup.png"},{"@type":"BreadcrumbList","@id":"https:\/\/exceladvisor.org\/nl\/indirect-met-vlookup-2\/#breadcrumb","itemListElement":[{"@type":"ListItem","position":1,"name":"Thuis","item":"https:\/\/exceladvisor.org\/nl\/"},{"@type":"ListItem","position":2,"name":"Indirect met vert.zoeken in excel"}]},{"@type":"WebSite","@id":"https:\/\/exceladvisor.org\/nl\/#website","url":"https:\/\/exceladvisor.org\/nl\/","name":"Excel Advisor","description":"Uw gids voor datadominantie","publisher":{"@id":"https:\/\/exceladvisor.org\/nl\/#organization"},"potentialAction":[{"@type":"SearchAction","target":{"@type":"EntryPoint","urlTemplate":"https:\/\/exceladvisor.org\/nl\/?s={search_term_string}"},"query-input":{"@type":"PropertyValueSpecification","valueRequired":true,"valueName":"search_term_string"}}],"inLanguage":"nl-NL"},{"@type":"Organization","@id":"https:\/\/exceladvisor.org\/nl\/#organization","name":"Excel Advisor","url":"https:\/\/exceladvisor.org\/nl\/","logo":{"@type":"ImageObject","inLanguage":"nl-NL","@id":"https:\/\/exceladvisor.org\/nl\/#\/schema\/logo\/image\/","url":"https:\/\/exceladvisor.org\/nl\/wp-content\/uploads\/2023\/12\/exceladvisor.org_.png","contentUrl":"https:\/\/exceladvisor.org\/nl\/wp-content\/uploads\/2023\/12\/exceladvisor.org_.png","width":105,"height":36,"caption":"Excel Advisor"},"image":{"@id":"https:\/\/exceladvisor.org\/nl\/#\/schema\/logo\/image\/"}}]}},"yoast_meta":{"yoast_wpseo_title":"","yoast_wpseo_metadesc":"","yoast_wpseo_canonical":""},"_links":{"self":[{"href":"https:\/\/exceladvisor.org\/nl\/wp-json\/wp\/v2\/pages\/1769","targetHints":{"allow":["GET"]}}],"collection":[{"href":"https:\/\/exceladvisor.org\/nl\/wp-json\/wp\/v2\/pages"}],"about":[{"href":"https:\/\/exceladvisor.org\/nl\/wp-json\/wp\/v2\/types\/page"}],"author":[{"embeddable":true,"href":"https:\/\/exceladvisor.org\/nl\/wp-json\/wp\/v2\/users\/1"}],"replies":[{"embeddable":true,"href":"https:\/\/exceladvisor.org\/nl\/wp-json\/wp\/v2\/comments?post=1769"}],"version-history":[{"count":1,"href":"https:\/\/exceladvisor.org\/nl\/wp-json\/wp\/v2\/pages\/1769\/revisions"}],"predecessor-version":[{"id":2913,"href":"https:\/\/exceladvisor.org\/nl\/wp-json\/wp\/v2\/pages\/1769\/revisions\/2913"}],"wp:attachment":[{"href":"https:\/\/exceladvisor.org\/nl\/wp-json\/wp\/v2\/media?parent=1769"}],"curies":[{"name":"wp","href":"https:\/\/api.w.org\/{rel}","templated":true}]}}