{"id":1791,"date":"2023-11-04T18:36:02","date_gmt":"2023-11-04T18:36:02","guid":{"rendered":"https:\/\/exceladvisor.org\/nl\/niet-geroteerde-gegevens\/"},"modified":"2023-12-06T05:50:44","modified_gmt":"2023-12-06T05:50:44","slug":"niet-geroteerde-gegevens","status":"publish","type":"page","link":"https:\/\/exceladvisor.org\/nl\/niet-geroteerde-gegevens\/","title":{"rendered":"Hoe u gegevens in excel kunt terugdraaien met power query"},"content":{"rendered":"<div class=\"excel-voor-de-inhoud\" id=\"excel-2905482294\"><script type=\"text\/javascript\">\r\n\tatOptions = {\r\n\t\t'key' : 'c1158f160081d6540a8409e6925dab94',\r\n\t\t'format' : 'iframe',\r\n\t\t'height' : 250,\r\n\t\t'width' : 300,\r\n\t\t'params' : {}\r\n\t};\r\n<\/script>\r\n<script type=\"text\/javascript\" src=\"\/\/www.highperformanceformat.com\/c1158f160081d6540a8409e6925dab94\/invoke.js\"><\/script><\/div> <p>Gegevens in kruistabelindeling kunnen als rapport worden gebruikt omdat deze gemakkelijk te begrijpen zijn. Maar het probleem komt wanneer je het meer moet gebruiken.<\/p><p> In deze situatie moet u zich inspannen en uw kostbare tijd besteden om het herbruikbaar te maken. In het onderstaande voorbeeld ziet u de kruistabelgegevens. Om het herbruikbaar te maken, kun je het het beste loskoppelen, ja, net als deze. <\/p><div class=\"wp-block-image\"><figure class=\"aligncenter\"><img decoding=\"async\" src=\"https:\/\/exceladvisor.org\/wp-content\/uploads\/2023\/08\/1-donnees-non-pivotees-avec-power-query-min-1.png\" sizes=\"\" srcset=\"\" alt=\"\"><\/figure><\/div><p> En om te voorkomen dat de gegevens worden geroteerd, kunt u het beste POWER QUERY gebruiken. Daarom wil ik vandaag in dit artikel eenvoudige stappen met u delen om kruistabelgegevens naar een tabel te converteren met behulp van de unpivot-optie van POWER QUERY.<\/p><h2 class=\"wp-block-heading\"> Stappen om de draaiing van gegevens in Excel ongedaan te maken met Power Query<\/h2><p> Het is puur plezier om <strong><a style=\"outline: none;\" href=\"https:\/\/exceladvisor.org\/nl\/stroom-verzoek\/\">Power Query<\/a><\/strong> te gebruiken om een gegevenstabel ongedaan te maken. Je zult verbaasd zijn hoe gemakkelijk het is. Maar voordat u het gebruikt, moet u de Power Query-invoegtoepassing installeren als u Excel 2013 of 2010 gebruikt en in Excel 2016 staat deze al als &#8220;Get &amp; Transform&#8221;. Zorg ervoor dat <a href=\"https:\/\/exceladvisor.org\/wp-content\/uploads\/2023\/11\/non-pivoter-les-donnees-brutes.xlsx\" target=\"_blank\" rel=\"noreferrer noopener nofollow\">u dit voorbeeldbestand downloadt<\/a> om verder te gaan.<\/p><ul><li> Selecteer eerst uw kruistabelgegevens en navigeer naar het tabblad &#8216;Gegevens&#8217;. <\/li><\/ul><div class=\"wp-block-image\"><figure class=\"aligncenter\"><img decoding=\"async\" src=\"https:\/\/exceladvisor.org\/wp-content\/uploads\/2023\/08\/2-donnees-non-pivotees-avec-requete-de-puissance-selectionner-la-table-de-donnees-min-1.png\" sizes=\"\" srcset=\"\" alt=\"\"><\/figure><\/div><ul><li> Navigeer op het gegevenstabblad naar Ophalen en transformeren \u2192 Uit tabel. <\/li><\/ul><div class=\"wp-block-image\"><figure class=\"aligncenter\"><img decoding=\"async\" src=\"https:\/\/exceladvisor.org\/wp-content\/uploads\/2023\/08\/3-donnees-non-pivotees-avec-une-requete-de-puissance-cliquez-sur-le-tableau-min-1.png\" sizes=\"\" srcset=\"\" alt=\"\"><\/figure><\/div><ul><li> Wanneer u erop klikt, worden uw kruistabelgegevens naar een Excel-tabel geconverteerd (als dit nog niet is gebeurd).<\/li><li> En het laadt de gegevens onmiddellijk in de krachtige query-editor. <\/li><\/ul><div class=\"wp-block-image\"><figure class=\"aligncenter\"><img decoding=\"async\" src=\"https:\/\/exceladvisor.org\/wp-content\/uploads\/2023\/08\/4-donnees-non-pivotees-avec-des-donnees-de-requete-de-puissance-dans-lediteur-min-1.png\" sizes=\"\" srcset=\"\" alt=\"\"><\/figure><\/div><ul><li> Vanaf hier moeten we alle kolommen selecteren die we willen ongedaan maken.<\/li><li> Om dit te doen, selecteert u de kolom Jan, houdt u Shift ingedrukt en selecteert u de kolom Dec.<\/li><li> Klik er daarna met de rechtermuisknop op en selecteer &#8220;Kolommen ongedaan maken&#8221;. <\/li><\/ul><div class=\"wp-block-image\"><figure class=\"aligncenter\"><img decoding=\"async\" src=\"https:\/\/exceladvisor.org\/wp-content\/uploads\/2023\/08\/5-donnees-non-pivotees-avec-power-query-click-colonnes-non-pivotees-min-1.png\" sizes=\"\" srcset=\"\" alt=\"\"><\/figure><\/div><ul><li> Nu zijn de 12 kolommen niet in twee kolommen geroteerd. E\u00e9n is voor de maand en de andere is voor het bedrag. <\/li><\/ul><div class=\"wp-block-image\"><figure class=\"aligncenter\"><img decoding=\"async\" src=\"https:\/\/exceladvisor.org\/wp-content\/uploads\/2023\/08\/6-donnees-non-pivotees-avec-requete-de-puissance-effectuee-min-1.png\" sizes=\"\" srcset=\"\" alt=\"\"><\/figure><\/div><ul><li> Het laatste dat u hoeft te doen, is de kolommen hernoemen.<\/li><li> Om dit te doen, klikt u met de rechtermuisknop op de kolom en hernoemt u deze (voor beide). <\/li><\/ul><div class=\"wp-block-image\"><figure class=\"aligncenter\"><img decoding=\"async\" src=\"https:\/\/exceladvisor.org\/wp-content\/uploads\/2023\/08\/7-donnees-non-pivotees-avec-power-query-renommer-la-colonne-min-1.png\" sizes=\"\" srcset=\"\" alt=\"\"><\/figure><\/div><ul><li> Klik aan het einde op <strong>\u201cSluiten en laden\u201d<\/strong> . <\/li><\/ul><div class=\"wp-block-image\"><figure class=\"aligncenter\"><img decoding=\"async\" src=\"https:\/\/exceladvisor.org\/wp-content\/uploads\/2023\/08\/8-donnees-non-pivotees-avec-fermeture-de-requete-de-puissance-et-charge-min-1.png\" sizes=\"\" srcset=\"\" alt=\"\"><\/figure><\/div><p> Nu worden uw kruistabelgegevens omgezet in gewone gegevens en kunt u deze gebruiken om draaitabellen en alle andere zaken te maken voor verdere analyse en verkooprapportage. <\/p><div class=\"wp-block-image\"><figure class=\"aligncenter\"><img decoding=\"async\" src=\"https:\/\/exceladvisor.org\/wp-content\/uploads\/2023\/08\/9-donnees-non-pivotees-avec-power-query-nouvelles-donnees-dans-la-feuille-min-1.png\" sizes=\"\" srcset=\"\" alt=\"\"><\/figure><\/div><h2 class=\"wp-block-heading\"> Conclusie<\/h2><p> Zoals ik al zei, het gebruik van PowerQuery is leuk. Dit maakt uw draailoze werk zoveel gemakkelijker dat u geen tijd en moeite hoeft te verspillen.<\/p><p> Anders weet u, als u voor handmatige methoden kiest, niet hoe vaak u uw gegevens moet knippen en plakken. Zelfs als je VBA gebruikt, heb je tijd nodig om code te schrijven.<\/p><p> En PowerQuery is slim genoeg om de structuur van uw gegevens te begrijpen.<\/p><p> Ik hoop dat je deze methode nuttig vond.<\/p><p> <em>Vertel me nu \u00e9\u00e9n ding. Heeft u ooit geprobeerd om welk type gegevens dan ook te desori\u00ebnteren? Welke methode heb je gebruikt? En wat denk je van het vergelijken van jouw methode met powerquery? Deel uw mening met mij in het opmerkingengedeelte, ik hoor graag van u.<\/em><\/p><p> En vergeet deze tip niet met je vrienden te delen.<\/p><div class=\"gb-container gb-container-9e2850fe gb-container-mt\"> <a class=\"gb-button gb-button-71636faa gb-button-text gb-button-mt-button\" href=\"https:\/\/exceladvisor.org\/nl\/stroom-verzoek\/\">Power Query in Excel (zelfstudie)<\/a><h2 class=\"gb-headline gb-headline-c566b2ed gb-headline-text gb-headline-mt-heading\"> Gerelateerde tutorials <\/h2><div class=\"gb-grid-wrapper gb-grid-wrapper-b15ed1bf gb-grid-wrapper-mt-grid\"><div class=\"gb-grid-column gb-grid-column-6e9de105\"><div class=\"gb-container gb-container-6e9de105\"><ul><li> Voeg meerdere Excel-BESTANDEN samen in \u00c9\u00c9N NOTITIEBOEK<\/li><li> <a href=\"https:\/\/exceladvisor.org\/nl\/zoekv-2\/\">Voer VERT.ZOEKEN uit in Power Query in Excel<\/a><\/li><li> <a href=\"https:\/\/exceladvisor.org\/nl\/ketting\/\">Power Query: waarden aaneenschakelen (tekst en cijfers)<\/a><\/li><li> <a href=\"https:\/\/exceladvisor.org\/nl\/verschil-in-data\/\">Power Query: Datumverschil<\/a><\/li><\/ul><\/div><\/div><\/div><\/div>","protected":false},"excerpt":{"rendered":"","protected":false},"author":1,"featured_media":0,"parent":0,"menu_order":0,"comment_status":"open","ping_status":"closed","template":"","meta":{"ub_ctt_via":"","footnotes":""},"class_list":["post-1791","page","type-page","status-publish","hentry"],"featured_image_src":null,"yoast_head":"<!-- This site is optimized with the Yoast SEO plugin v25.4 - https:\/\/yoast.com\/wordpress\/plugins\/seo\/ -->\n<title>Hoe u gegevens kunt terugdraaien met Power Query<\/title>\n<meta name=\"description\" content=\"Power Query is de beste manier om de draaiing van gegevens in Excel ongedaan te maken. Het kost slechts een paar klikken om te converteren...\" \/>\n<meta name=\"robots\" content=\"index, follow, max-snippet:-1, max-image-preview:large, max-video-preview:-1\" \/>\n<link rel=\"canonical\" href=\"https:\/\/exceladvisor.org\/nl\/niet-geroteerde-gegevens\/\" \/>\n<meta property=\"og:locale\" content=\"nl_NL\" \/>\n<meta property=\"og:type\" content=\"article\" \/>\n<meta property=\"og:title\" content=\"Hoe u gegevens kunt terugdraaien met Power Query\" \/>\n<meta property=\"og:description\" content=\"Power Query is de beste manier om de draaiing van gegevens in Excel ongedaan te maken. Het kost slechts een paar klikken om te converteren...\" \/>\n<meta property=\"og:url\" content=\"https:\/\/exceladvisor.org\/nl\/niet-geroteerde-gegevens\/\" \/>\n<meta property=\"og:site_name\" content=\"Excel Advisor\" \/>\n<meta property=\"article:modified_time\" content=\"2023-12-06T05:50:44+00:00\" \/>\n<meta property=\"og:image\" content=\"https:\/\/exceladvisor.org\/wp-content\/uploads\/2023\/08\/1-donnees-non-pivotees-avec-power-query-min-1.png\" \/>\n<meta name=\"twitter:card\" content=\"summary_large_image\" \/>\n<meta name=\"twitter:label1\" content=\"Geschatte leestijd\" \/>\n\t<meta name=\"twitter:data1\" content=\"3 minuten\" \/>\n<script type=\"application\/ld+json\" class=\"yoast-schema-graph\">{\"@context\":\"https:\/\/schema.org\",\"@graph\":[{\"@type\":\"WebPage\",\"@id\":\"https:\/\/exceladvisor.org\/nl\/niet-geroteerde-gegevens\/\",\"url\":\"https:\/\/exceladvisor.org\/nl\/niet-geroteerde-gegevens\/\",\"name\":\"Hoe u gegevens kunt terugdraaien met Power Query\",\"isPartOf\":{\"@id\":\"https:\/\/exceladvisor.org\/nl\/#website\"},\"primaryImageOfPage\":{\"@id\":\"https:\/\/exceladvisor.org\/nl\/niet-geroteerde-gegevens\/#primaryimage\"},\"image\":{\"@id\":\"https:\/\/exceladvisor.org\/nl\/niet-geroteerde-gegevens\/#primaryimage\"},\"thumbnailUrl\":\"https:\/\/exceladvisor.org\/wp-content\/uploads\/2023\/08\/1-donnees-non-pivotees-avec-power-query-min-1.png\",\"datePublished\":\"2023-11-04T18:36:02+00:00\",\"dateModified\":\"2023-12-06T05:50:44+00:00\",\"description\":\"Power Query is de beste manier om de draaiing van gegevens in Excel ongedaan te maken. Het kost slechts een paar klikken om te converteren...\",\"breadcrumb\":{\"@id\":\"https:\/\/exceladvisor.org\/nl\/niet-geroteerde-gegevens\/#breadcrumb\"},\"inLanguage\":\"nl-NL\",\"potentialAction\":[{\"@type\":\"ReadAction\",\"target\":[\"https:\/\/exceladvisor.org\/nl\/niet-geroteerde-gegevens\/\"]}]},{\"@type\":\"ImageObject\",\"inLanguage\":\"nl-NL\",\"@id\":\"https:\/\/exceladvisor.org\/nl\/niet-geroteerde-gegevens\/#primaryimage\",\"url\":\"https:\/\/exceladvisor.org\/wp-content\/uploads\/2023\/08\/1-donnees-non-pivotees-avec-power-query-min-1.png\",\"contentUrl\":\"https:\/\/exceladvisor.org\/wp-content\/uploads\/2023\/08\/1-donnees-non-pivotees-avec-power-query-min-1.png\"},{\"@type\":\"BreadcrumbList\",\"@id\":\"https:\/\/exceladvisor.org\/nl\/niet-geroteerde-gegevens\/#breadcrumb\",\"itemListElement\":[{\"@type\":\"ListItem\",\"position\":1,\"name\":\"Thuis\",\"item\":\"https:\/\/exceladvisor.org\/nl\/\"},{\"@type\":\"ListItem\",\"position\":2,\"name\":\"Hoe u gegevens in excel kunt terugdraaien met power query\"}]},{\"@type\":\"WebSite\",\"@id\":\"https:\/\/exceladvisor.org\/nl\/#website\",\"url\":\"https:\/\/exceladvisor.org\/nl\/\",\"name\":\"Excel Advisor\",\"description\":\"Uw gids voor datadominantie\",\"publisher\":{\"@id\":\"https:\/\/exceladvisor.org\/nl\/#organization\"},\"potentialAction\":[{\"@type\":\"SearchAction\",\"target\":{\"@type\":\"EntryPoint\",\"urlTemplate\":\"https:\/\/exceladvisor.org\/nl\/?s={search_term_string}\"},\"query-input\":{\"@type\":\"PropertyValueSpecification\",\"valueRequired\":true,\"valueName\":\"search_term_string\"}}],\"inLanguage\":\"nl-NL\"},{\"@type\":\"Organization\",\"@id\":\"https:\/\/exceladvisor.org\/nl\/#organization\",\"name\":\"Excel Advisor\",\"url\":\"https:\/\/exceladvisor.org\/nl\/\",\"logo\":{\"@type\":\"ImageObject\",\"inLanguage\":\"nl-NL\",\"@id\":\"https:\/\/exceladvisor.org\/nl\/#\/schema\/logo\/image\/\",\"url\":\"https:\/\/exceladvisor.org\/nl\/wp-content\/uploads\/2023\/12\/exceladvisor.org_.png\",\"contentUrl\":\"https:\/\/exceladvisor.org\/nl\/wp-content\/uploads\/2023\/12\/exceladvisor.org_.png\",\"width\":105,\"height\":36,\"caption\":\"Excel Advisor\"},\"image\":{\"@id\":\"https:\/\/exceladvisor.org\/nl\/#\/schema\/logo\/image\/\"}}]}<\/script>\n<!-- \/ Yoast SEO plugin. -->","yoast_head_json":{"title":"Hoe u gegevens kunt terugdraaien met Power Query","description":"Power Query is de beste manier om de draaiing van gegevens in Excel ongedaan te maken. Het kost slechts een paar klikken om te converteren...","robots":{"index":"index","follow":"follow","max-snippet":"max-snippet:-1","max-image-preview":"max-image-preview:large","max-video-preview":"max-video-preview:-1"},"canonical":"https:\/\/exceladvisor.org\/nl\/niet-geroteerde-gegevens\/","og_locale":"nl_NL","og_type":"article","og_title":"Hoe u gegevens kunt terugdraaien met Power Query","og_description":"Power Query is de beste manier om de draaiing van gegevens in Excel ongedaan te maken. Het kost slechts een paar klikken om te converteren...","og_url":"https:\/\/exceladvisor.org\/nl\/niet-geroteerde-gegevens\/","og_site_name":"Excel Advisor","article_modified_time":"2023-12-06T05:50:44+00:00","og_image":[{"url":"https:\/\/exceladvisor.org\/wp-content\/uploads\/2023\/08\/1-donnees-non-pivotees-avec-power-query-min-1.png","type":"","width":"","height":""}],"twitter_card":"summary_large_image","twitter_misc":{"Geschatte leestijd":"3 minuten"},"schema":{"@context":"https:\/\/schema.org","@graph":[{"@type":"WebPage","@id":"https:\/\/exceladvisor.org\/nl\/niet-geroteerde-gegevens\/","url":"https:\/\/exceladvisor.org\/nl\/niet-geroteerde-gegevens\/","name":"Hoe u gegevens kunt terugdraaien met Power Query","isPartOf":{"@id":"https:\/\/exceladvisor.org\/nl\/#website"},"primaryImageOfPage":{"@id":"https:\/\/exceladvisor.org\/nl\/niet-geroteerde-gegevens\/#primaryimage"},"image":{"@id":"https:\/\/exceladvisor.org\/nl\/niet-geroteerde-gegevens\/#primaryimage"},"thumbnailUrl":"https:\/\/exceladvisor.org\/wp-content\/uploads\/2023\/08\/1-donnees-non-pivotees-avec-power-query-min-1.png","datePublished":"2023-11-04T18:36:02+00:00","dateModified":"2023-12-06T05:50:44+00:00","description":"Power Query is de beste manier om de draaiing van gegevens in Excel ongedaan te maken. Het kost slechts een paar klikken om te converteren...","breadcrumb":{"@id":"https:\/\/exceladvisor.org\/nl\/niet-geroteerde-gegevens\/#breadcrumb"},"inLanguage":"nl-NL","potentialAction":[{"@type":"ReadAction","target":["https:\/\/exceladvisor.org\/nl\/niet-geroteerde-gegevens\/"]}]},{"@type":"ImageObject","inLanguage":"nl-NL","@id":"https:\/\/exceladvisor.org\/nl\/niet-geroteerde-gegevens\/#primaryimage","url":"https:\/\/exceladvisor.org\/wp-content\/uploads\/2023\/08\/1-donnees-non-pivotees-avec-power-query-min-1.png","contentUrl":"https:\/\/exceladvisor.org\/wp-content\/uploads\/2023\/08\/1-donnees-non-pivotees-avec-power-query-min-1.png"},{"@type":"BreadcrumbList","@id":"https:\/\/exceladvisor.org\/nl\/niet-geroteerde-gegevens\/#breadcrumb","itemListElement":[{"@type":"ListItem","position":1,"name":"Thuis","item":"https:\/\/exceladvisor.org\/nl\/"},{"@type":"ListItem","position":2,"name":"Hoe u gegevens in excel kunt terugdraaien met power query"}]},{"@type":"WebSite","@id":"https:\/\/exceladvisor.org\/nl\/#website","url":"https:\/\/exceladvisor.org\/nl\/","name":"Excel Advisor","description":"Uw gids voor datadominantie","publisher":{"@id":"https:\/\/exceladvisor.org\/nl\/#organization"},"potentialAction":[{"@type":"SearchAction","target":{"@type":"EntryPoint","urlTemplate":"https:\/\/exceladvisor.org\/nl\/?s={search_term_string}"},"query-input":{"@type":"PropertyValueSpecification","valueRequired":true,"valueName":"search_term_string"}}],"inLanguage":"nl-NL"},{"@type":"Organization","@id":"https:\/\/exceladvisor.org\/nl\/#organization","name":"Excel Advisor","url":"https:\/\/exceladvisor.org\/nl\/","logo":{"@type":"ImageObject","inLanguage":"nl-NL","@id":"https:\/\/exceladvisor.org\/nl\/#\/schema\/logo\/image\/","url":"https:\/\/exceladvisor.org\/nl\/wp-content\/uploads\/2023\/12\/exceladvisor.org_.png","contentUrl":"https:\/\/exceladvisor.org\/nl\/wp-content\/uploads\/2023\/12\/exceladvisor.org_.png","width":105,"height":36,"caption":"Excel Advisor"},"image":{"@id":"https:\/\/exceladvisor.org\/nl\/#\/schema\/logo\/image\/"}}]}},"yoast_meta":{"yoast_wpseo_title":"","yoast_wpseo_metadesc":"","yoast_wpseo_canonical":""},"_links":{"self":[{"href":"https:\/\/exceladvisor.org\/nl\/wp-json\/wp\/v2\/pages\/1791","targetHints":{"allow":["GET"]}}],"collection":[{"href":"https:\/\/exceladvisor.org\/nl\/wp-json\/wp\/v2\/pages"}],"about":[{"href":"https:\/\/exceladvisor.org\/nl\/wp-json\/wp\/v2\/types\/page"}],"author":[{"embeddable":true,"href":"https:\/\/exceladvisor.org\/nl\/wp-json\/wp\/v2\/users\/1"}],"replies":[{"embeddable":true,"href":"https:\/\/exceladvisor.org\/nl\/wp-json\/wp\/v2\/comments?post=1791"}],"version-history":[{"count":1,"href":"https:\/\/exceladvisor.org\/nl\/wp-json\/wp\/v2\/pages\/1791\/revisions"}],"predecessor-version":[{"id":2781,"href":"https:\/\/exceladvisor.org\/nl\/wp-json\/wp\/v2\/pages\/1791\/revisions\/2781"}],"wp:attachment":[{"href":"https:\/\/exceladvisor.org\/nl\/wp-json\/wp\/v2\/media?parent=1791"}],"curies":[{"name":"wp","href":"https:\/\/api.w.org\/{rel}","templated":true}]}}