{"id":1814,"date":"2023-11-02T23:10:23","date_gmt":"2023-11-02T23:10:23","guid":{"rendered":"https:\/\/exceladvisor.org\/nl\/consolideren\/"},"modified":"2023-12-06T05:50:25","modified_gmt":"2023-12-06T05:50:25","slug":"consolideren","status":"publish","type":"page","link":"https:\/\/exceladvisor.org\/nl\/consolideren\/","title":{"rendered":"Hoe meerdere spreadsheetgegevens consolideren?"},"content":{"rendered":"<div class=\"excel-voor-de-inhoud\" id=\"excel-1768832188\"><script type=\"text\/javascript\">\r\n\tatOptions = {\r\n\t\t'key' : 'c1158f160081d6540a8409e6925dab94',\r\n\t\t'format' : 'iframe',\r\n\t\t'height' : 250,\r\n\t\t'width' : 300,\r\n\t\t'params' : {}\r\n\t};\r\n<\/script>\r\n<script type=\"text\/javascript\" src=\"\/\/www.highperformanceformat.com\/c1158f160081d6540a8409e6925dab94\/invoke.js\"><\/script><\/div> <p class=\"has-text-align-left\">Toen ik Excel voor het eerst ging gebruiken, was ik erg slecht in het consolideren van gegevens. Als je mij zou vragen om verkoopgegevens voor vier verschillende gebieden vast te leggen, zou ik daarvoor vier verschillende spreadsheets maken.<\/p><p> Ja, ik was zo slecht. Maar je leert altijd van je fouten. Heb ik gelijk?<\/p><p> En als je dezelfde fouten maakt als ik, heb ik geweldig advies voor je. Een van de beste Excel-opties die ik heb geleerd over gegevensbeheer is &#8216;gegevens uit meerdere werkbladen consolideren in \u00e9\u00e9n werkblad&#8217;.<\/p><h2 id=\"h-consolidate-data-in-excel-from-multiple-worksheets-steps\" class=\"wp-block-heading\"> Hoe meerdere spreadsheetgegevens consolideren? [Stappen]<\/h2><p> Hier heb je deze vier werkbladen ( <a href=\"https:\/\/exceladvisor.org\/wp-content\/uploads\/2023\/11\/consolider-plusieurs-feuilles-de-calcul.xlsx\" rel=\"nofollow\">DOWNLOAD dit bestand hier<\/a> ) voor vier verschillende gebieden die dezelfde structuur hebben. <\/p><div class=\"wp-block-image\"><figure class=\"aligncenter\"><img decoding=\"async\" src=\"https:\/\/exceladvisor.org\/wp-content\/uploads\/2023\/08\/consolider-les-donnees-de-plusieurs-feuilles-de-calcul-dans-une-seule-feuille-de-calcul-quatre-feuilles-avec-les-memes-donnees-1.png\" sizes=\"\" srcset=\"\" alt=\"consolideer gegevens van meerdere werkbladen in \u00e9\u00e9n werkblad van vier vellen met dezelfde gegevens\"><\/figure><\/div><p> Hier volgen de stappen die u moet volgen om de gegevens van deze meerdere tabbladen te consolideren.<\/p><ul><li> <a href=\"https:\/\/exceladvisor.org\/nl\/toevoegen\/\" data-wpil=\"url\">Voeg eerst een nieuw werkblad in<\/a> en noem het &#8220;Totaal&#8221; (of wat je maar wilt), en selecteer vervolgens cel A1 in dat werkblad. <\/li><\/ul><div class=\"wp-block-image\"><figure class=\"aligncenter\"><img decoding=\"async\" src=\"https:\/\/exceladvisor.org\/wp-content\/uploads\/2023\/08\/consolider-les-donnees-de-plusieurs-feuilles-de-calcul-dans-une-seule-feuille-de-calcul-quatre-feuilles-1.png\" sizes=\"\" srcset=\"\" alt=\"consolideer gegevens van meerdere werkbladen in \u00e9\u00e9n werkblad van vier vellen\"><\/figure><\/div><ul><li> Ga nu naar het tabblad Gegevens \u279c Gegevenshulpmiddelen \u279c Consolideren. <\/li><\/ul><div class=\"wp-block-image\"><figure class=\"aligncenter\"><img decoding=\"async\" src=\"https:\/\/exceladvisor.org\/wp-content\/uploads\/2023\/08\/consolider-les-donnees-de-plusieurs-feuilles-de-calcul-dans-une-seule-feuille-de-calcul-cliquez-sur-loption-de-consolidation-min-1.png\" sizes=\"\" srcset=\"\" alt=\"gegevens uit meerdere werkbladen consolideren in \u00e9\u00e9n werkblad, klik op consolideren\"><\/figure><\/div><ul><li> Zodra je op consolideren klikt, krijg je een venster zoals dit (volg gewoon de stappen, voorlopig zal ik dit venster uitleggen in het tweede deel van dit bericht). <\/li><\/ul><div class=\"wp-block-image\"><figure class=\"aligncenter\"><img decoding=\"async\" src=\"https:\/\/exceladvisor.org\/wp-content\/uploads\/2023\/08\/consolider-les-donnees-de-plusieurs-feuilles-de-calcul-dans-une-seule-feuille-de-calcul-fenetre-de-consolidation-min-1.png\" sizes=\"\" srcset=\"\" alt=\"consolideer gegevens van meerdere werkbladen in \u00e9\u00e9n minimaal consolidatievenster voor werkbladen\"><\/figure><\/div><ul><li> Selecteer nu met behulp van het invoervak &#8220;Referentie&#8221; de gegevens die u wilt uitbreiden vanaf het eerste blad waar u gegevens hebt (noordelijke zone). <\/li><\/ul><div class=\"wp-block-image\"><figure class=\"aligncenter\"><img decoding=\"async\" src=\"https:\/\/exceladvisor.org\/wp-content\/uploads\/2023\/08\/consolider-les-donnees-de-plusieurs-feuilles-de-calcul-dans-une-seule-feuille-de-calcul-selectionner-la-reference-1.png\" sizes=\"\" srcset=\"\" alt=\"consolideer gegevens van meerdere werkbladen in \u00e9\u00e9n werkbladselectiereferentie\"><\/figure><\/div><ul><li> Klik daarna op \u201cToevoegen\u201d. <\/li><\/ul><div class=\"wp-block-image\"><figure class=\"aligncenter\"><img decoding=\"async\" src=\"https:\/\/exceladvisor.org\/wp-content\/uploads\/2023\/08\/consolider-les-donnees-de-plusieurs-feuilles-de-calcul-dans-une-seule-feuille-de-calcul-ajouter-une-reference-pour-le-nord-1.png\" sizes=\"\" srcset=\"\" alt=\"consolideer gegevens van meerdere werkbladen in \u00e9\u00e9n werkblad en voeg referentie toe voor het noorden\"><\/figure><\/div><ul><li> Gebruik dezelfde methode om verwijzingen uit alle vier de werkbladen toe te voegen. <\/li><\/ul><div class=\"wp-block-image\"><figure class=\"aligncenter\"><img decoding=\"async\" src=\"https:\/\/exceladvisor.org\/wp-content\/uploads\/2023\/08\/consolider-les-donnees-de-plusieurs-feuilles-de-calcul-dans-une-seule-feuille-de-calcul-ajouter-une-reference-1.png\" sizes=\"\" srcset=\"\" alt=\"consolideer gegevens van meerdere werkbladen in \u00e9\u00e9n werkblad en voeg referentie toe\"><\/figure><\/div><ul><li> Vink nu onderaan het venster \u201cBovenste rij\u201d en \u201cLinkerkolom\u201d aan (aangezien we labels hebben in de eerste rij en eerste kolom). <\/li><\/ul><div class=\"wp-block-image\"><figure class=\"aligncenter\"><img decoding=\"async\" src=\"https:\/\/exceladvisor.org\/wp-content\/uploads\/2023\/08\/consolider-les-donnees-de-plusieurs-feuilles-de-calcul-dans-une-seule-feuille-de-calcul-avec-loption-de-consolidation-1.png\" sizes=\"\" srcset=\"\" alt=\"\"><\/figure><\/div><ul><li> Klik OK.<\/li><\/ul><p> Zodra u op OK klikt, krijgt u onmiddellijk een geconsolideerde gegevenstabel met dezelfde structuur. <\/p><div class=\"wp-block-image\"><figure class=\"aligncenter\"><img decoding=\"async\" src=\"https:\/\/exceladvisor.org\/wp-content\/uploads\/2023\/08\/consolider-les-donnees-de-plusieurs-feuilles-de-calcul-dans-une-seule-feuille-de-calcul-donnees-copiees-1.png\" sizes=\"\" srcset=\"\" alt=\"consolideer gegevens uit meerdere werkbladen in \u00e9\u00e9n werkblad, gekopieerde gegevens\"><\/figure><\/div><p> Voeg een tabelkop toe in cel A1 en u kunt ook <a href=\"https:\/\/exceladvisor.org\/nl\/schilder-formaat\/\" target=\"_blank\" rel=\"noopener noreferrer\">Format Painter<\/a> gebruiken om de opmaak van andere werkbladen te kopi\u00ebren. <\/p><div class=\"wp-block-image\"><figure class=\"aligncenter\"><img decoding=\"async\" src=\"https:\/\/exceladvisor.org\/wp-content\/uploads\/2023\/08\/consolider-les-donnees-de-plusieurs-feuilles-de-calcul-dans-une-seule-feuille-de-calcul-ajouter-une-mise-en-forme-1.png\" sizes=\"\" srcset=\"\" alt=\"consolideer gegevens van meerdere werkbladen in \u00e9\u00e9n werkblad en voeg opmaak toe\"><\/figure><\/div><p> Eindelijk heb je een spreadsheet met geconsolideerde gegevens.<\/p><h2 id=\"h-other-options-in-consolidate\" class=\"wp-block-heading\"> Andere opties in Consolideren<\/h2><p> Consolideren is een handig hulpmiddel om meerdere werkbladen in \u00e9\u00e9n blad te consolideren, maar we hebben daar nog veel meer dingen in. Ik zal ze je \u00e9\u00e9n voor \u00e9\u00e9n uitleggen.<\/p><ol><li> <strong><span style=\"color: #000000;\">Functie<\/span><\/strong> <span style=\"color: #000000;\">:<\/span> U kunt een functie uit dit vervolgkeuzemenu selecteren (som, aantal, gemiddelde, enz.).<\/li><li> <strong><span style=\"color: #000000;\">Referentie:<\/span><\/strong> Selecteer het gegevensbereik in de werkbladen die u wilt consolideren.<\/li><li> <strong><span style=\"color: #000000;\">Bladeren:<\/span><\/strong> Als u een werkblad wilt toevoegen dat zich in een andere werkmap bevindt, kunt u deze optie gebruiken.<\/li><li> <strong>Toevoegen en verwijderen<\/strong> : voeg geselecteerde referenties toe of verwijder ze uit de lijst met samen te voegen werkbladen.<\/li><li> <strong>Bovenste rij<\/strong> : gebruik de bovenste rij als label.<\/li><li> <strong>Linkerkolom<\/strong> : gebruik de linkerkolom als label.<\/li><li> <strong>Koppelingen naar brongegevens maken<\/strong> : Als u koppelingen voor uw brongegevens wilt maken, vinkt u deze optie aan. Dit is handig als u wijzigingen wilt aanbrengen in uw brongegevens nadat u uw geconsolideerde werkblad hebt gemaakt. <\/li><\/ol><div class=\"gb-container gb-container-3044ba66 gb-container-mt\"><p class=\"gb-headline gb-headline-b5bb6270 gb-headline-text\"> <strong><a href=\"https:\/\/exceladvisor.org\/nl\/excel-basisbeginselen\/\">Basisbeginselen van Excel<\/a><\/strong> \/ <strong><a href=\"https:\/\/exceladvisor.org\/nl\/werkblad\/\" data-wpil=\"url\">Excel-spreadsheet<\/a><\/strong><\/p><h2 class=\"gb-headline gb-headline-819d540d gb-headline-text gb-headline-mt-heading\"> Meer tutorials <\/h2><div class=\"gb-grid-wrapper gb-grid-wrapper-7f3d805a gb-grid-wrapper-mt-grid\"><div class=\"gb-grid-column gb-grid-column-7495e031\"><div class=\"gb-container gb-container-7495e031\"><ul><li> <a href=\"https:\/\/exceladvisor.org\/nl\/hernoemen\/\">Hernoem het blad in Excel<\/a><\/li><li> <a href=\"https:\/\/exceladvisor.org\/nl\/groep-1\/\">Groepswerkbladen in Excel<\/a><\/li><li> <a href=\"https:\/\/exceladvisor.org\/nl\/naast-elkaar-zien\/\">Bekijk twee bladen naast elkaar in Excel<\/a><\/li><li> <a href=\"https:\/\/exceladvisor.org\/nl\/toevoegen\/\">Voeg een spreadsheet toe in Excel<\/a> <\/li><\/ul><\/div><\/div><div class=\"gb-grid-column gb-grid-column-530ab33a\"><div class=\"gb-container gb-container-530ab33a\"><\/div><\/div><\/div><\/div>","protected":false},"excerpt":{"rendered":"","protected":false},"author":1,"featured_media":0,"parent":0,"menu_order":0,"comment_status":"open","ping_status":"closed","template":"","meta":{"ub_ctt_via":"","footnotes":""},"class_list":["post-1814","page","type-page","status-publish","hentry"],"featured_image_src":null,"yoast_head":"<!-- This site is optimized with the Yoast SEO plugin v25.4 - https:\/\/yoast.com\/wordpress\/plugins\/seo\/ -->\n<title>Hoe meerdere spreadsheetgegevens consolideren?<\/title>\n<meta name=\"description\" content=\"Een van de beste Excel-opties die ik heb geleerd over gegevensbeheer is &quot;gegevens uit meerdere werkbladen consolideren...\" \/>\n<meta name=\"robots\" content=\"index, follow, max-snippet:-1, max-image-preview:large, max-video-preview:-1\" \/>\n<link rel=\"canonical\" href=\"https:\/\/exceladvisor.org\/nl\/consolideren\/\" \/>\n<meta property=\"og:locale\" content=\"nl_NL\" \/>\n<meta property=\"og:type\" content=\"article\" \/>\n<meta property=\"og:title\" content=\"Hoe meerdere spreadsheetgegevens consolideren?\" \/>\n<meta property=\"og:description\" content=\"Een van de beste Excel-opties die ik heb geleerd over gegevensbeheer is &quot;gegevens uit meerdere werkbladen consolideren...\" \/>\n<meta property=\"og:url\" content=\"https:\/\/exceladvisor.org\/nl\/consolideren\/\" \/>\n<meta property=\"og:site_name\" content=\"Excel Advisor\" \/>\n<meta property=\"article:modified_time\" content=\"2023-12-06T05:50:25+00:00\" \/>\n<meta property=\"og:image\" content=\"https:\/\/exceladvisor.org\/wp-content\/uploads\/2023\/08\/consolider-les-donnees-de-plusieurs-feuilles-de-calcul-dans-une-seule-feuille-de-calcul-quatre-feuilles-avec-les-memes-donnees-1.png\" \/>\n<meta name=\"twitter:card\" content=\"summary_large_image\" \/>\n<meta name=\"twitter:label1\" content=\"Geschatte leestijd\" \/>\n\t<meta name=\"twitter:data1\" content=\"2 minuten\" \/>\n<script type=\"application\/ld+json\" class=\"yoast-schema-graph\">{\"@context\":\"https:\/\/schema.org\",\"@graph\":[{\"@type\":\"WebPage\",\"@id\":\"https:\/\/exceladvisor.org\/nl\/consolideren\/\",\"url\":\"https:\/\/exceladvisor.org\/nl\/consolideren\/\",\"name\":\"Hoe meerdere spreadsheetgegevens consolideren?\",\"isPartOf\":{\"@id\":\"https:\/\/exceladvisor.org\/nl\/#website\"},\"primaryImageOfPage\":{\"@id\":\"https:\/\/exceladvisor.org\/nl\/consolideren\/#primaryimage\"},\"image\":{\"@id\":\"https:\/\/exceladvisor.org\/nl\/consolideren\/#primaryimage\"},\"thumbnailUrl\":\"https:\/\/exceladvisor.org\/wp-content\/uploads\/2023\/08\/consolider-les-donnees-de-plusieurs-feuilles-de-calcul-dans-une-seule-feuille-de-calcul-quatre-feuilles-avec-les-memes-donnees-1.png\",\"datePublished\":\"2023-11-02T23:10:23+00:00\",\"dateModified\":\"2023-12-06T05:50:25+00:00\",\"description\":\"Een van de beste Excel-opties die ik heb geleerd over gegevensbeheer is &quot;gegevens uit meerdere werkbladen consolideren...\",\"breadcrumb\":{\"@id\":\"https:\/\/exceladvisor.org\/nl\/consolideren\/#breadcrumb\"},\"inLanguage\":\"nl-NL\",\"potentialAction\":[{\"@type\":\"ReadAction\",\"target\":[\"https:\/\/exceladvisor.org\/nl\/consolideren\/\"]}]},{\"@type\":\"ImageObject\",\"inLanguage\":\"nl-NL\",\"@id\":\"https:\/\/exceladvisor.org\/nl\/consolideren\/#primaryimage\",\"url\":\"https:\/\/exceladvisor.org\/wp-content\/uploads\/2023\/08\/consolider-les-donnees-de-plusieurs-feuilles-de-calcul-dans-une-seule-feuille-de-calcul-quatre-feuilles-avec-les-memes-donnees-1.png\",\"contentUrl\":\"https:\/\/exceladvisor.org\/wp-content\/uploads\/2023\/08\/consolider-les-donnees-de-plusieurs-feuilles-de-calcul-dans-une-seule-feuille-de-calcul-quatre-feuilles-avec-les-memes-donnees-1.png\"},{\"@type\":\"BreadcrumbList\",\"@id\":\"https:\/\/exceladvisor.org\/nl\/consolideren\/#breadcrumb\",\"itemListElement\":[{\"@type\":\"ListItem\",\"position\":1,\"name\":\"Thuis\",\"item\":\"https:\/\/exceladvisor.org\/nl\/\"},{\"@type\":\"ListItem\",\"position\":2,\"name\":\"Hoe meerdere spreadsheetgegevens consolideren?\"}]},{\"@type\":\"WebSite\",\"@id\":\"https:\/\/exceladvisor.org\/nl\/#website\",\"url\":\"https:\/\/exceladvisor.org\/nl\/\",\"name\":\"Excel Advisor\",\"description\":\"Uw gids voor datadominantie\",\"publisher\":{\"@id\":\"https:\/\/exceladvisor.org\/nl\/#organization\"},\"potentialAction\":[{\"@type\":\"SearchAction\",\"target\":{\"@type\":\"EntryPoint\",\"urlTemplate\":\"https:\/\/exceladvisor.org\/nl\/?s={search_term_string}\"},\"query-input\":{\"@type\":\"PropertyValueSpecification\",\"valueRequired\":true,\"valueName\":\"search_term_string\"}}],\"inLanguage\":\"nl-NL\"},{\"@type\":\"Organization\",\"@id\":\"https:\/\/exceladvisor.org\/nl\/#organization\",\"name\":\"Excel Advisor\",\"url\":\"https:\/\/exceladvisor.org\/nl\/\",\"logo\":{\"@type\":\"ImageObject\",\"inLanguage\":\"nl-NL\",\"@id\":\"https:\/\/exceladvisor.org\/nl\/#\/schema\/logo\/image\/\",\"url\":\"https:\/\/exceladvisor.org\/nl\/wp-content\/uploads\/2023\/12\/exceladvisor.org_.png\",\"contentUrl\":\"https:\/\/exceladvisor.org\/nl\/wp-content\/uploads\/2023\/12\/exceladvisor.org_.png\",\"width\":105,\"height\":36,\"caption\":\"Excel Advisor\"},\"image\":{\"@id\":\"https:\/\/exceladvisor.org\/nl\/#\/schema\/logo\/image\/\"}}]}<\/script>\n<!-- \/ Yoast SEO plugin. -->","yoast_head_json":{"title":"Hoe meerdere spreadsheetgegevens consolideren?","description":"Een van de beste Excel-opties die ik heb geleerd over gegevensbeheer is &quot;gegevens uit meerdere werkbladen consolideren...","robots":{"index":"index","follow":"follow","max-snippet":"max-snippet:-1","max-image-preview":"max-image-preview:large","max-video-preview":"max-video-preview:-1"},"canonical":"https:\/\/exceladvisor.org\/nl\/consolideren\/","og_locale":"nl_NL","og_type":"article","og_title":"Hoe meerdere spreadsheetgegevens consolideren?","og_description":"Een van de beste Excel-opties die ik heb geleerd over gegevensbeheer is &quot;gegevens uit meerdere werkbladen consolideren...","og_url":"https:\/\/exceladvisor.org\/nl\/consolideren\/","og_site_name":"Excel Advisor","article_modified_time":"2023-12-06T05:50:25+00:00","og_image":[{"url":"https:\/\/exceladvisor.org\/wp-content\/uploads\/2023\/08\/consolider-les-donnees-de-plusieurs-feuilles-de-calcul-dans-une-seule-feuille-de-calcul-quatre-feuilles-avec-les-memes-donnees-1.png","type":"","width":"","height":""}],"twitter_card":"summary_large_image","twitter_misc":{"Geschatte leestijd":"2 minuten"},"schema":{"@context":"https:\/\/schema.org","@graph":[{"@type":"WebPage","@id":"https:\/\/exceladvisor.org\/nl\/consolideren\/","url":"https:\/\/exceladvisor.org\/nl\/consolideren\/","name":"Hoe meerdere spreadsheetgegevens consolideren?","isPartOf":{"@id":"https:\/\/exceladvisor.org\/nl\/#website"},"primaryImageOfPage":{"@id":"https:\/\/exceladvisor.org\/nl\/consolideren\/#primaryimage"},"image":{"@id":"https:\/\/exceladvisor.org\/nl\/consolideren\/#primaryimage"},"thumbnailUrl":"https:\/\/exceladvisor.org\/wp-content\/uploads\/2023\/08\/consolider-les-donnees-de-plusieurs-feuilles-de-calcul-dans-une-seule-feuille-de-calcul-quatre-feuilles-avec-les-memes-donnees-1.png","datePublished":"2023-11-02T23:10:23+00:00","dateModified":"2023-12-06T05:50:25+00:00","description":"Een van de beste Excel-opties die ik heb geleerd over gegevensbeheer is &quot;gegevens uit meerdere werkbladen consolideren...","breadcrumb":{"@id":"https:\/\/exceladvisor.org\/nl\/consolideren\/#breadcrumb"},"inLanguage":"nl-NL","potentialAction":[{"@type":"ReadAction","target":["https:\/\/exceladvisor.org\/nl\/consolideren\/"]}]},{"@type":"ImageObject","inLanguage":"nl-NL","@id":"https:\/\/exceladvisor.org\/nl\/consolideren\/#primaryimage","url":"https:\/\/exceladvisor.org\/wp-content\/uploads\/2023\/08\/consolider-les-donnees-de-plusieurs-feuilles-de-calcul-dans-une-seule-feuille-de-calcul-quatre-feuilles-avec-les-memes-donnees-1.png","contentUrl":"https:\/\/exceladvisor.org\/wp-content\/uploads\/2023\/08\/consolider-les-donnees-de-plusieurs-feuilles-de-calcul-dans-une-seule-feuille-de-calcul-quatre-feuilles-avec-les-memes-donnees-1.png"},{"@type":"BreadcrumbList","@id":"https:\/\/exceladvisor.org\/nl\/consolideren\/#breadcrumb","itemListElement":[{"@type":"ListItem","position":1,"name":"Thuis","item":"https:\/\/exceladvisor.org\/nl\/"},{"@type":"ListItem","position":2,"name":"Hoe meerdere spreadsheetgegevens consolideren?"}]},{"@type":"WebSite","@id":"https:\/\/exceladvisor.org\/nl\/#website","url":"https:\/\/exceladvisor.org\/nl\/","name":"Excel Advisor","description":"Uw gids voor datadominantie","publisher":{"@id":"https:\/\/exceladvisor.org\/nl\/#organization"},"potentialAction":[{"@type":"SearchAction","target":{"@type":"EntryPoint","urlTemplate":"https:\/\/exceladvisor.org\/nl\/?s={search_term_string}"},"query-input":{"@type":"PropertyValueSpecification","valueRequired":true,"valueName":"search_term_string"}}],"inLanguage":"nl-NL"},{"@type":"Organization","@id":"https:\/\/exceladvisor.org\/nl\/#organization","name":"Excel Advisor","url":"https:\/\/exceladvisor.org\/nl\/","logo":{"@type":"ImageObject","inLanguage":"nl-NL","@id":"https:\/\/exceladvisor.org\/nl\/#\/schema\/logo\/image\/","url":"https:\/\/exceladvisor.org\/nl\/wp-content\/uploads\/2023\/12\/exceladvisor.org_.png","contentUrl":"https:\/\/exceladvisor.org\/nl\/wp-content\/uploads\/2023\/12\/exceladvisor.org_.png","width":105,"height":36,"caption":"Excel Advisor"},"image":{"@id":"https:\/\/exceladvisor.org\/nl\/#\/schema\/logo\/image\/"}}]}},"yoast_meta":{"yoast_wpseo_title":"","yoast_wpseo_metadesc":"","yoast_wpseo_canonical":""},"_links":{"self":[{"href":"https:\/\/exceladvisor.org\/nl\/wp-json\/wp\/v2\/pages\/1814","targetHints":{"allow":["GET"]}}],"collection":[{"href":"https:\/\/exceladvisor.org\/nl\/wp-json\/wp\/v2\/pages"}],"about":[{"href":"https:\/\/exceladvisor.org\/nl\/wp-json\/wp\/v2\/types\/page"}],"author":[{"embeddable":true,"href":"https:\/\/exceladvisor.org\/nl\/wp-json\/wp\/v2\/users\/1"}],"replies":[{"embeddable":true,"href":"https:\/\/exceladvisor.org\/nl\/wp-json\/wp\/v2\/comments?post=1814"}],"version-history":[{"count":1,"href":"https:\/\/exceladvisor.org\/nl\/wp-json\/wp\/v2\/pages\/1814\/revisions"}],"predecessor-version":[{"id":2724,"href":"https:\/\/exceladvisor.org\/nl\/wp-json\/wp\/v2\/pages\/1814\/revisions\/2724"}],"wp:attachment":[{"href":"https:\/\/exceladvisor.org\/nl\/wp-json\/wp\/v2\/media?parent=1814"}],"curies":[{"name":"wp","href":"https:\/\/api.w.org\/{rel}","templated":true}]}}