{"id":1829,"date":"2023-10-31T23:56:12","date_gmt":"2023-10-31T23:56:12","guid":{"rendered":"https:\/\/exceladvisor.org\/nl\/groep-1\/"},"modified":"2023-12-06T05:50:23","modified_gmt":"2023-12-06T05:50:23","slug":"groep-1","status":"publish","type":"page","link":"https:\/\/exceladvisor.org\/nl\/groep-1\/","title":{"rendered":"Hoe spreadsheets groeperen\/degroeperen?"},"content":{"rendered":"<div class=\"excel-voor-de-inhoud\" id=\"excel-3888017681\"><script type=\"text\/javascript\">\r\n\tatOptions = {\r\n\t\t'key' : 'c1158f160081d6540a8409e6925dab94',\r\n\t\t'format' : 'iframe',\r\n\t\t'height' : 250,\r\n\t\t'width' : 300,\r\n\t\t'params' : {}\r\n\t};\r\n<\/script>\r\n<script type=\"text\/javascript\" src=\"\/\/www.highperformanceformat.com\/c1158f160081d6540a8409e6925dab94\/invoke.js\"><\/script><\/div> <p>Het groeperen van werkbladen in Excel wordt vaak gebruikt als u een reeks identiek gestructureerde werkbladen hebt en u deze werkbladen tegelijkertijd wilt bewerken. Hiervoor is de beste optie om deze meerdere bladen tegelijk te bewerken het groeperen van werkbladen.<\/p><p> Door werkbladen te groeperen wanneer u iets op \u00e9\u00e9n blad bewerkt, verwijdert, toevoegt of iets doet dat tegelijkertijd op dezelfde manier gebeurt in andere gegroepeerde bladen, bespaart u veel tijd. <\/p><div class=\"wp-block-image\"><figure class=\"aligncenter size-full is-resized\"><img loading=\"lazy\" decoding=\"async\" class=\"wp-image-63503\" src=\"https:\/\/exceladvisor.org\/wp-content\/uploads\/2023\/08\/feuilles-de-groupe-exemple-excel.png\" sizes=\"auto, \" srcset=\"\" alt=\"\" width=\"548\" height=\"570\"><\/figure><\/div><p class=\"has-small-font-size\"> <em>Stel dat u een bedrijf heeft dat auto-interieuraccessoires produceert en dat de variabele kosten elke maand enigszins vari\u00ebren. In dit geval, als het formaat van uw dataset voor elke maand constant is en u na een paar maanden de totale kosten voor elke maand wilt zien, groepeert u deze bladen eenvoudigweg en zodra u de formule in een van de bladen invoert, kunt u om de totale kosten te vinden, kopieert de formule zichzelf tegelijkertijd naar alle gegroepeerde bladen, zodat u tijd bespaart door de formule \u00e9\u00e9n voor \u00e9\u00e9n in elk blad in te voeren of te kopi\u00ebren.<\/em><\/p><p> U kunt ook de optie voor groepswerkbladen gebruiken om meerdere werkbladen tegelijk te verbergen in plaats van ze \u00e9\u00e9n voor \u00e9\u00e9n te verbergen.<\/p><h2 id=\"h-steps-to-group-worksheets-in-excel\" class=\"wp-block-heading\"> Stappen om werkbladen te groeperen in Excel<\/h2><ol><li> Houd eerst de Control-toets op uw toetsenbord ingedrukt.<\/li><li> Klik daarna op de bladtabs (\u00e9\u00e9n voor \u00e9\u00e9n om te selecteren) die u wilt groeperen. <br><img loading=\"lazy\" decoding=\"async\" title=\"tabbladen\" src=\"https:\/\/exceladvisor.org\/wp-content\/uploads\/2023\/08\/3-onglets-de-feuille-de-calcul-selectionnes.png\" sizes=\"auto, \" srcset=\"\" alt=\"select-worksheet-tabs\" width=\"382\" height=\"111\"><\/li><li> Nu moet u de bedieningstoets loslaten.<\/li><li> Op dit punt worden alle geselecteerde bladen gegroepeerd. <br><img loading=\"lazy\" decoding=\"async\" title=\"png\" src=\"https:\/\/exceladvisor.org\/wp-content\/uploads\/2023\/08\/4-feuilles-groupees-2.png\" sizes=\"auto, \" srcset=\"\" alt=\"\" width=\"416\" height=\"251\"><\/li><\/ol><p class=\"mytip\"> Als de werkbladen die u wilt groeperen naast elkaar liggen, klikt u op de eerste bladtab, houdt u Shift ingedrukt en klikt u op de laatste bladtab.<\/p><h2 id=\"h-group-all-worksheets\" class=\"wp-block-heading\"> Groepeer alle spreadsheets<\/h2><ol><li> Klik eerst met de rechtermuisknop op een bladtabblad in de werkmap. <br><img decoding=\"async\" title=\"G\" src=\"https:\/\/exceladvisor.org\/wp-content\/uploads\/2023\/08\/5-onglets-de-feuille-de-calcul.png\" sizes=\"\" srcset=\"\" alt=\"worksheet-tabs\"><\/li><li> Hierna krijgt u een pop-upvenster met verschillende opties.<\/li><li> Kies nu de optie <strong>\u201cSelecteer alle bladen\u201d<\/strong> . <br><img loading=\"lazy\" decoding=\"async\" title=\"\" src=\"https:\/\/exceladvisor.org\/wp-content\/uploads\/2023\/08\/6-selectionner-toutes-les-feuilles.png\" sizes=\"auto, \" srcset=\"\" alt=\"select-all-sheets\" width=\"304\" height=\"321\"><\/li><li> Op dit punt zijn al uw bladen in de werkmap gegroepeerd. <br><img loading=\"lazy\" decoding=\"async\" title=\"bladeren\" src=\"https:\/\/exceladvisor.org\/wp-content\/uploads\/2023\/08\/7-toutes-les-feuilles-de-travail-groupees.png\" sizes=\"auto, \" srcset=\"\" alt=\"all-grouped-worksheets\" width=\"447\" height=\"228\"><\/li><\/ol><h2 id=\"h-ungroup-worksheets\" class=\"wp-block-heading\"> Degroepeer spreadsheets<\/h2><ol><li> Klik eerst met de rechtermuisknop op een bladtabblad in de groep. <br><img decoding=\"async\" title=\"tabbladen\" src=\"https:\/\/exceladvisor.org\/wp-content\/uploads\/2023\/08\/8-onglets-de-feuille-de-calcul-selectionnes.png\" sizes=\"\" srcset=\"\" alt=\"select-worksheet-tabs\"><\/li><li> Hierna krijgt u een pop-upvenster met verschillende opties.<\/li><li> Kies nu de optie <strong>&#8220;Bladgroepen opheffen&#8221;<\/strong> . <br><img loading=\"lazy\" decoding=\"async\" title=\"G\" src=\"https:\/\/exceladvisor.org\/wp-content\/uploads\/2023\/08\/9-feuilles-de-degroupage.png\" sizes=\"auto, \" srcset=\"\" alt=\"ungroup-sheets\" width=\"295\" height=\"329\"><\/li><li> Ten slotte wordt uw werkmap gedegroepeerd. <br><img loading=\"lazy\" decoding=\"async\" title=\"bieten\" src=\"https:\/\/exceladvisor.org\/wp-content\/uploads\/2023\/08\/10-feuilles-de-travail-non-groupees.png\" sizes=\"auto, \" srcset=\"\" alt=\"ungrouped-worksheets\" width=\"457\" height=\"236\"><\/li><\/ol><p class=\"mytip\"> U kunt ook eenvoudig op een bladtabblad buiten de groep klikken, waarna de gegroepeerde tabbladen worden gedegroepeerd.<\/p><h2 id=\"h-how-to-find-if-worksheets-are-grouped-in-excel\" class=\"wp-block-heading\"> Hoe u kunt achterhalen of werkbladen zijn gegroepeerd in Excel<\/h2><ol type=\"1\"><li> Als de bladen in deze werkmap zijn gegroepeerd, vindt u altijd het woord &#8220;Groep&#8221; in de bestandsnaam.<\/li><li> U vindt de achtergrondkleur van alle tabbladen wit gegroepeerd, tenzij niemand de tabbladkleur van een werkbladtabblad heeft gewijzigd. <\/li><\/ol><div class=\"gb-container gb-container-3044ba66 gb-container-mt\"><p class=\"gb-headline gb-headline-b5bb6270 gb-headline-text\"> <strong><a href=\"https:\/\/exceladvisor.org\/nl\/excel-basisbeginselen\/\">Basisbeginselen van Excel<\/a><\/strong> \/ <strong><a href=\"https:\/\/exceladvisor.org\/nl\/werkblad\/\" data-wpil=\"url\">Excel-spreadsheet<\/a><\/strong><\/p><h2 class=\"gb-headline gb-headline-819d540d gb-headline-text gb-headline-mt-heading\"> Meer tutorials <\/h2><div class=\"gb-grid-wrapper gb-grid-wrapper-7f3d805a gb-grid-wrapper-mt-grid\"><div class=\"gb-grid-column gb-grid-column-7495e031\"><div class=\"gb-container gb-container-7495e031\"><ul><li> <a href=\"https:\/\/exceladvisor.org\/nl\/consolideren\/\">Consolideer gegevens uit meerdere spreadsheets<\/a><\/li><li> <a href=\"https:\/\/exceladvisor.org\/nl\/hernoemen\/\">Hernoem het blad in Excel<\/a><\/li><li> <a href=\"https:\/\/exceladvisor.org\/nl\/naast-elkaar-zien\/\">Bekijk twee bladen naast elkaar in Excel<\/a><\/li><li> <a href=\"https:\/\/exceladvisor.org\/nl\/toevoegen\/\">Voeg een spreadsheet toe in Excel<\/a><\/li><li> <a href=\"https:\/\/exceladvisor.org\/nl\/verander-de-kleur-van-het-tabblad\/\">Tabbladkleur wijzigen in Excel (werkbladtabblad)<\/a><\/li><\/ul><\/div><\/div><\/div><\/div>","protected":false},"excerpt":{"rendered":"","protected":false},"author":1,"featured_media":0,"parent":0,"menu_order":0,"comment_status":"open","ping_status":"closed","template":"","meta":{"ub_ctt_via":"","footnotes":""},"class_list":["post-1829","page","type-page","status-publish","hentry"],"featured_image_src":null,"yoast_head":"<!-- This site is optimized with the Yoast SEO plugin v25.4 - https:\/\/yoast.com\/wordpress\/plugins\/seo\/ -->\n<title>Hoe werkbladen groeperen en degroeperen in Excel?<\/title>\n<meta name=\"description\" content=\"Het groeperen van werkbladen in Excel wordt vaak gebruikt als u een reeks werkbladen hebt gestructureerd in een...\" \/>\n<meta name=\"robots\" content=\"index, follow, max-snippet:-1, max-image-preview:large, max-video-preview:-1\" \/>\n<link rel=\"canonical\" href=\"https:\/\/exceladvisor.org\/nl\/groep-1\/\" \/>\n<meta property=\"og:locale\" content=\"nl_NL\" \/>\n<meta property=\"og:type\" content=\"article\" \/>\n<meta property=\"og:title\" content=\"Hoe werkbladen groeperen en degroeperen in Excel?\" \/>\n<meta property=\"og:description\" content=\"Het groeperen van werkbladen in Excel wordt vaak gebruikt als u een reeks werkbladen hebt gestructureerd in een...\" \/>\n<meta property=\"og:url\" content=\"https:\/\/exceladvisor.org\/nl\/groep-1\/\" \/>\n<meta property=\"og:site_name\" content=\"Excel Advisor\" \/>\n<meta property=\"article:modified_time\" content=\"2023-12-06T05:50:23+00:00\" \/>\n<meta property=\"og:image\" content=\"https:\/\/exceladvisor.org\/wp-content\/uploads\/2023\/08\/feuilles-de-groupe-exemple-excel.png\" \/>\n<meta name=\"twitter:card\" content=\"summary_large_image\" \/>\n<meta name=\"twitter:label1\" content=\"Geschatte leestijd\" \/>\n\t<meta name=\"twitter:data1\" content=\"2 minuten\" \/>\n<script type=\"application\/ld+json\" class=\"yoast-schema-graph\">{\"@context\":\"https:\/\/schema.org\",\"@graph\":[{\"@type\":\"WebPage\",\"@id\":\"https:\/\/exceladvisor.org\/nl\/groep-1\/\",\"url\":\"https:\/\/exceladvisor.org\/nl\/groep-1\/\",\"name\":\"Hoe werkbladen groeperen en degroeperen in Excel?\",\"isPartOf\":{\"@id\":\"https:\/\/exceladvisor.org\/nl\/#website\"},\"primaryImageOfPage\":{\"@id\":\"https:\/\/exceladvisor.org\/nl\/groep-1\/#primaryimage\"},\"image\":{\"@id\":\"https:\/\/exceladvisor.org\/nl\/groep-1\/#primaryimage\"},\"thumbnailUrl\":\"https:\/\/exceladvisor.org\/wp-content\/uploads\/2023\/08\/feuilles-de-groupe-exemple-excel.png\",\"datePublished\":\"2023-10-31T23:56:12+00:00\",\"dateModified\":\"2023-12-06T05:50:23+00:00\",\"description\":\"Het groeperen van werkbladen in Excel wordt vaak gebruikt als u een reeks werkbladen hebt gestructureerd in een...\",\"breadcrumb\":{\"@id\":\"https:\/\/exceladvisor.org\/nl\/groep-1\/#breadcrumb\"},\"inLanguage\":\"nl-NL\",\"potentialAction\":[{\"@type\":\"ReadAction\",\"target\":[\"https:\/\/exceladvisor.org\/nl\/groep-1\/\"]}]},{\"@type\":\"ImageObject\",\"inLanguage\":\"nl-NL\",\"@id\":\"https:\/\/exceladvisor.org\/nl\/groep-1\/#primaryimage\",\"url\":\"https:\/\/exceladvisor.org\/wp-content\/uploads\/2023\/08\/feuilles-de-groupe-exemple-excel.png\",\"contentUrl\":\"https:\/\/exceladvisor.org\/wp-content\/uploads\/2023\/08\/feuilles-de-groupe-exemple-excel.png\"},{\"@type\":\"BreadcrumbList\",\"@id\":\"https:\/\/exceladvisor.org\/nl\/groep-1\/#breadcrumb\",\"itemListElement\":[{\"@type\":\"ListItem\",\"position\":1,\"name\":\"Thuis\",\"item\":\"https:\/\/exceladvisor.org\/nl\/\"},{\"@type\":\"ListItem\",\"position\":2,\"name\":\"Hoe spreadsheets groeperen\/degroeperen?\"}]},{\"@type\":\"WebSite\",\"@id\":\"https:\/\/exceladvisor.org\/nl\/#website\",\"url\":\"https:\/\/exceladvisor.org\/nl\/\",\"name\":\"Excel Advisor\",\"description\":\"Uw gids voor datadominantie\",\"publisher\":{\"@id\":\"https:\/\/exceladvisor.org\/nl\/#organization\"},\"potentialAction\":[{\"@type\":\"SearchAction\",\"target\":{\"@type\":\"EntryPoint\",\"urlTemplate\":\"https:\/\/exceladvisor.org\/nl\/?s={search_term_string}\"},\"query-input\":{\"@type\":\"PropertyValueSpecification\",\"valueRequired\":true,\"valueName\":\"search_term_string\"}}],\"inLanguage\":\"nl-NL\"},{\"@type\":\"Organization\",\"@id\":\"https:\/\/exceladvisor.org\/nl\/#organization\",\"name\":\"Excel Advisor\",\"url\":\"https:\/\/exceladvisor.org\/nl\/\",\"logo\":{\"@type\":\"ImageObject\",\"inLanguage\":\"nl-NL\",\"@id\":\"https:\/\/exceladvisor.org\/nl\/#\/schema\/logo\/image\/\",\"url\":\"https:\/\/exceladvisor.org\/nl\/wp-content\/uploads\/2023\/12\/exceladvisor.org_.png\",\"contentUrl\":\"https:\/\/exceladvisor.org\/nl\/wp-content\/uploads\/2023\/12\/exceladvisor.org_.png\",\"width\":105,\"height\":36,\"caption\":\"Excel Advisor\"},\"image\":{\"@id\":\"https:\/\/exceladvisor.org\/nl\/#\/schema\/logo\/image\/\"}}]}<\/script>\n<!-- \/ Yoast SEO plugin. -->","yoast_head_json":{"title":"Hoe werkbladen groeperen en degroeperen in Excel?","description":"Het groeperen van werkbladen in Excel wordt vaak gebruikt als u een reeks werkbladen hebt gestructureerd in een...","robots":{"index":"index","follow":"follow","max-snippet":"max-snippet:-1","max-image-preview":"max-image-preview:large","max-video-preview":"max-video-preview:-1"},"canonical":"https:\/\/exceladvisor.org\/nl\/groep-1\/","og_locale":"nl_NL","og_type":"article","og_title":"Hoe werkbladen groeperen en degroeperen in Excel?","og_description":"Het groeperen van werkbladen in Excel wordt vaak gebruikt als u een reeks werkbladen hebt gestructureerd in een...","og_url":"https:\/\/exceladvisor.org\/nl\/groep-1\/","og_site_name":"Excel Advisor","article_modified_time":"2023-12-06T05:50:23+00:00","og_image":[{"url":"https:\/\/exceladvisor.org\/wp-content\/uploads\/2023\/08\/feuilles-de-groupe-exemple-excel.png","type":"","width":"","height":""}],"twitter_card":"summary_large_image","twitter_misc":{"Geschatte leestijd":"2 minuten"},"schema":{"@context":"https:\/\/schema.org","@graph":[{"@type":"WebPage","@id":"https:\/\/exceladvisor.org\/nl\/groep-1\/","url":"https:\/\/exceladvisor.org\/nl\/groep-1\/","name":"Hoe werkbladen groeperen en degroeperen in Excel?","isPartOf":{"@id":"https:\/\/exceladvisor.org\/nl\/#website"},"primaryImageOfPage":{"@id":"https:\/\/exceladvisor.org\/nl\/groep-1\/#primaryimage"},"image":{"@id":"https:\/\/exceladvisor.org\/nl\/groep-1\/#primaryimage"},"thumbnailUrl":"https:\/\/exceladvisor.org\/wp-content\/uploads\/2023\/08\/feuilles-de-groupe-exemple-excel.png","datePublished":"2023-10-31T23:56:12+00:00","dateModified":"2023-12-06T05:50:23+00:00","description":"Het groeperen van werkbladen in Excel wordt vaak gebruikt als u een reeks werkbladen hebt gestructureerd in een...","breadcrumb":{"@id":"https:\/\/exceladvisor.org\/nl\/groep-1\/#breadcrumb"},"inLanguage":"nl-NL","potentialAction":[{"@type":"ReadAction","target":["https:\/\/exceladvisor.org\/nl\/groep-1\/"]}]},{"@type":"ImageObject","inLanguage":"nl-NL","@id":"https:\/\/exceladvisor.org\/nl\/groep-1\/#primaryimage","url":"https:\/\/exceladvisor.org\/wp-content\/uploads\/2023\/08\/feuilles-de-groupe-exemple-excel.png","contentUrl":"https:\/\/exceladvisor.org\/wp-content\/uploads\/2023\/08\/feuilles-de-groupe-exemple-excel.png"},{"@type":"BreadcrumbList","@id":"https:\/\/exceladvisor.org\/nl\/groep-1\/#breadcrumb","itemListElement":[{"@type":"ListItem","position":1,"name":"Thuis","item":"https:\/\/exceladvisor.org\/nl\/"},{"@type":"ListItem","position":2,"name":"Hoe spreadsheets groeperen\/degroeperen?"}]},{"@type":"WebSite","@id":"https:\/\/exceladvisor.org\/nl\/#website","url":"https:\/\/exceladvisor.org\/nl\/","name":"Excel Advisor","description":"Uw gids voor datadominantie","publisher":{"@id":"https:\/\/exceladvisor.org\/nl\/#organization"},"potentialAction":[{"@type":"SearchAction","target":{"@type":"EntryPoint","urlTemplate":"https:\/\/exceladvisor.org\/nl\/?s={search_term_string}"},"query-input":{"@type":"PropertyValueSpecification","valueRequired":true,"valueName":"search_term_string"}}],"inLanguage":"nl-NL"},{"@type":"Organization","@id":"https:\/\/exceladvisor.org\/nl\/#organization","name":"Excel Advisor","url":"https:\/\/exceladvisor.org\/nl\/","logo":{"@type":"ImageObject","inLanguage":"nl-NL","@id":"https:\/\/exceladvisor.org\/nl\/#\/schema\/logo\/image\/","url":"https:\/\/exceladvisor.org\/nl\/wp-content\/uploads\/2023\/12\/exceladvisor.org_.png","contentUrl":"https:\/\/exceladvisor.org\/nl\/wp-content\/uploads\/2023\/12\/exceladvisor.org_.png","width":105,"height":36,"caption":"Excel Advisor"},"image":{"@id":"https:\/\/exceladvisor.org\/nl\/#\/schema\/logo\/image\/"}}]}},"yoast_meta":{"yoast_wpseo_title":"","yoast_wpseo_metadesc":"","yoast_wpseo_canonical":""},"_links":{"self":[{"href":"https:\/\/exceladvisor.org\/nl\/wp-json\/wp\/v2\/pages\/1829","targetHints":{"allow":["GET"]}}],"collection":[{"href":"https:\/\/exceladvisor.org\/nl\/wp-json\/wp\/v2\/pages"}],"about":[{"href":"https:\/\/exceladvisor.org\/nl\/wp-json\/wp\/v2\/types\/page"}],"author":[{"embeddable":true,"href":"https:\/\/exceladvisor.org\/nl\/wp-json\/wp\/v2\/users\/1"}],"replies":[{"embeddable":true,"href":"https:\/\/exceladvisor.org\/nl\/wp-json\/wp\/v2\/comments?post=1829"}],"version-history":[{"count":1,"href":"https:\/\/exceladvisor.org\/nl\/wp-json\/wp\/v2\/pages\/1829\/revisions"}],"predecessor-version":[{"id":2719,"href":"https:\/\/exceladvisor.org\/nl\/wp-json\/wp\/v2\/pages\/1829\/revisions\/2719"}],"wp:attachment":[{"href":"https:\/\/exceladvisor.org\/nl\/wp-json\/wp\/v2\/media?parent=1829"}],"curies":[{"name":"wp","href":"https:\/\/api.w.org\/{rel}","templated":true}]}}