{"id":1834,"date":"2023-10-31T22:33:40","date_gmt":"2023-10-31T22:33:40","guid":{"rendered":"https:\/\/exceladvisor.org\/nl\/dollarteken\/"},"modified":"2023-12-06T05:51:34","modified_gmt":"2023-12-06T05:51:34","slug":"dollarteken","status":"publish","type":"page","link":"https:\/\/exceladvisor.org\/nl\/dollarteken\/","title":{"rendered":"Hoe voeg ik een dollarteken toe in excel?"},"content":{"rendered":"<div class=\"excel-voor-de-inhoud\" id=\"excel-1310420982\"><script type=\"text\/javascript\">\r\n\tatOptions = {\r\n\t\t'key' : 'c1158f160081d6540a8409e6925dab94',\r\n\t\t'format' : 'iframe',\r\n\t\t'height' : 250,\r\n\t\t'width' : 300,\r\n\t\t'params' : {}\r\n\t};\r\n<\/script>\r\n<script type=\"text\/javascript\" src=\"\/\/www.highperformanceformat.com\/c1158f160081d6540a8409e6925dab94\/invoke.js\"><\/script><\/div> <p>In Excel voegen gebruikers het dollarteken $ toe aan het begin van de waarde, waarmee de waarde wordt weergegeven als een geldwaarde. Je kunt standaard numerieke waarden ook omzetten naar valutawaarden door het $-teken ervoor te plaatsen.<\/p><p> Er zijn verschillende manieren om het $Dollar-teken in Excel toe te voegen, zoals het handmatig toevoegen van het $-teken in cellen of het wijzigen van de celopmaak in valuta- of boekhoudformaat. <\/p><div class=\"wp-block-image\"><figure class=\"aligncenter size-full\"><img loading=\"lazy\" decoding=\"async\" class=\"wp-image-80373\" src=\"https:\/\/exceladvisor.org\/wp-content\/uploads\/2023\/08\/1-ajouter-un-signe.png\" sizes=\"auto, \" srcset=\"\" alt=\"add-$-teken\" width=\"315\" height=\"227\"><\/figure><\/div><p> In deze zelfstudie ziet u hoe u op verschillende manieren het $Dollar-teken in cellen kunt toevoegen.<\/p><h2 class=\"wp-block-heading\"> Voeg het dollarteken toe door het $-teken te typen<\/h2><ol><li> Ga eerst naar de cel en dubbelklik in de cel of druk op de toetsen \u201cFn+F2\u201d om de cel in de bewerkingsmodus te zetten.<\/li><li> Verplaats daarna de cursor naar links v\u00f3\u00f3r de waarde en druk tegelijkertijd op de toetsen &#8220;Shift + $&#8221;, en het $-teken wordt v\u00f3\u00f3r de waarde toegevoegd. <br><img loading=\"lazy\" decoding=\"async\" title=\"2 toetsenbordtoetsen om een teken toe te voegen\" src=\"https:\/\/exceladvisor.org\/wp-content\/uploads\/2023\/08\/2-touches-de-clavier-pour-ajouter-un-signe.png\" sizes=\"auto, \" srcset=\"\" alt=\"keyboard-keys-to-add-$-sign\" width=\"746\" height=\"294\"><\/li><li> Zodra het $-teken aan de cel is toegevoegd, gebruikt u <a href=\"https:\/\/exceladvisor.org\/nl\/schilder-formaat\/\">Opmaak kopi\u00ebren\/<\/a> plakken om de opmaak in de rest van de cellen te kopi\u00ebren en te plakken, zodat daar automatisch het $-teken wordt toegevoegd. <br><img loading=\"lazy\" decoding=\"async\" title=\"3-kopieer-plak-min-waarden.gif\" src=\"https:\/\/exceladvisor.org\/wp-content\/uploads\/2023\/08\/3-valeurs-copier-coller-min.gif\" sizes=\"auto, \" srcset=\"\" alt=\"copy-paste-values\" width=\"241\" height=\"302\"><\/li><\/ol><h2 class=\"wp-block-heading\"> Voeg een dollarteken toe met behulp van de samenvoegfunctie<\/h2><p> U kunt de functie CONCATENATE gebruiken om het $-teken aan de celwaarden toe te voegen door de onderstaande stappen te volgen:<\/p><ol><li> Ga eerst naar de cel en schrijf de formule &#8220;Aaneenschakeling&#8221;.<\/li><li> In de formule zoals weergegeven in de onderstaande afbeelding, voert u na de geopende haakjes het dollarteken \u201c$\u201d in en voert u een komma in. Selecteer vervolgens de celverwijzing (B2) waar u de waarde heeft, sluit vervolgens de haakjes en druk op Enter. <br><img loading=\"lazy\" decoding=\"async\" title=\"4-samengevoegd-om-toe te voegen-teken\" src=\"https:\/\/exceladvisor.org\/wp-content\/uploads\/2023\/08\/4-concatener-pour-ajouter-un-signe.png\" sizes=\"auto, \" srcset=\"\" alt=\"concatenate-to-add-$-sign\" width=\"597\" height=\"236\"><\/li><li> Beweeg daarna over de rechterbenedenhoek van de cel en dubbelklik met de rechtermuisknop om de formule naar de rest van de cellen te kopi\u00ebren. <br><img loading=\"lazy\" decoding=\"async\" title=\"5-vul-handle-naar-kopieerformaat-min.gif\" src=\"https:\/\/exceladvisor.org\/wp-content\/uploads\/2023\/08\/5-poignee-de-remplissage-pour-copier-le-format-min.gif\" sizes=\"auto, \" srcset=\"\" alt=\"fill-handle-to-copy-format\" width=\"415\" height=\"215\"><\/li><li> Kopieer het celbereik met formule en plak speciaal in de cellen waar je een $-teken met waarden wilt hebben en converteer ze vervolgens naar numerieke waarden zoals hieronder in de afbeelding weergegeven. <br><img loading=\"lazy\" decoding=\"async\" title=\"6-plak-speciaal-en-convert-naar-min-getal-formaat.gif\" src=\"https:\/\/exceladvisor.org\/wp-content\/uploads\/2023\/08\/6-coller-special-et-convertir-au-format-numerique-min.gif\" sizes=\"auto, \" srcset=\"\" alt=\"paste-special-and-convert-to-number-format\" width=\"418\" height=\"205\"><\/li><\/ol><h2 class=\"wp-block-heading\"> Voeg een dollarteken toe met behulp van de tekstfunctie<\/h2><p> U kunt ook de tekstfunctie gebruiken om $sign-in-cellen toe te voegen door de onderstaande stappen te volgen:<\/p><ol><li> Ga eerst naar de lege cel en schrijf de formule &#8220;TEKST&#8221;.<\/li><li> In de formule, zoals weergegeven in de onderstaande afbeelding, selecteert u na de open haakjes de celverwijzing (B2) waar u de waarde hebt waarmee u het $-teken wilt toevoegen en voert u een komma in. Schrijf vervolgens de \u201c$ 00\u201d als tekstwaarde-indeling, sluit de haakjes en druk op Enter. <br><img loading=\"lazy\" decoding=\"async\" title=\"7-tekst-om-toe te voegen-teken\" src=\"https:\/\/exceladvisor.org\/wp-content\/uploads\/2023\/08\/7-texte-pour-ajouter-un-signe.png\" sizes=\"auto, \" srcset=\"\" alt=\"text-to-add-$-sign\" width=\"474\" height=\"222\"><\/li><li> Beweeg daarna over de rechterbenedenhoek van de cel en dubbelklik met de rechtermuisknop om de formule naar de rest van de cellen te kopi\u00ebren.<\/li><li> Kopieer het celbereik met formule en plak speciaal in de cellen waar je een $-teken met waarden wilt hebben en converteer ze vervolgens naar numerieke waarden zoals hieronder in de afbeelding weergegeven. <br><img loading=\"lazy\" decoding=\"async\" title=\"8-plak-speciaal-en-nummerformaat-min.gif\" src=\"https:\/\/exceladvisor.org\/wp-content\/uploads\/2023\/08\/8-pates-speciales-et-format-numerique-min.gif\" sizes=\"auto, \" srcset=\"\" alt=\"paste-special-and-number-format\" width=\"427\" height=\"209\"><\/li><\/ol><h2 class=\"wp-block-heading\"> Voeg een dollarteken toe door de celopmaak om te zetten in een geld- of boekhoudformaat<\/h2><ol><li> Selecteer eerst het celbereik en ga naar het tabblad \u201cHome\u201d.<\/li><li> Klik daarna op de vervolgkeuzepijl &#8220;Formaat&#8221; onder de groep &#8220;Nummer&#8221; en kies de optie &#8220;Valuta&#8221; of &#8220;Boekhouding&#8221; in het menu.<\/li><li> Zodra u een van de twee formaten kiest, wordt er een $-teken toegevoegd in de cellen v\u00f3\u00f3r de waarden. <\/li><\/ol><div class=\"wp-block-image\"><figure class=\"aligncenter size-full is-resized\"><img loading=\"lazy\" decoding=\"async\" class=\"wp-image-80381\" src=\"https:\/\/exceladvisor.org\/wp-content\/uploads\/2023\/08\/9-formats-monetaires-et-comptables.png\" sizes=\"auto, \" srcset=\"\" alt=\"valuta- en boekhoudformaten\" width=\"620\" height=\"351\"><\/figure><\/div><p> Het enige verschil tussen <a href=\"https:\/\/exceladvisor.org\/nl\/formaat-van-het-boekhoudnummer\/\">de valutanotatie en de boekhoudkundige notatie<\/a> is dat bij de valutanotatie het $-teken aan het begin van de waarde wordt geplaatst. In boekhoudkundig formaat wordt het $-teken helemaal links geplaatst, of, zeg maar, aan het begin van de cel. <\/p><div class=\"wp-block-image\"><figure class=\"aligncenter size-full is-resized\"><img loading=\"lazy\" decoding=\"async\" class=\"wp-image-80382\" src=\"https:\/\/exceladvisor.org\/wp-content\/uploads\/2023\/08\/10-devise-vs-format-comptable.png\" sizes=\"auto, \" srcset=\"\" alt=\"valuta-vs-boekhoudformaat\" width=\"461\" height=\"263\"><\/figure><\/div><h2 class=\"wp-block-heading\"> Snelkoppeling om valutaformaat toe te passen om dollarteken toe te voegen<\/h2><p> U kunt celopmaak converteren naar valutaopmaak met behulp van de <a href=\"https:\/\/exceladvisor.org\/nl\/valuta-formaat\/\"><strong>sneltoets naar Valutanotatie<\/strong><\/a> :<\/p><p> <kbd>Ctrl<\/kbd> + <kbd>Shift<\/kbd> + <kbd>$<\/kbd><\/p><div class=\"gb-container gb-container-4db6181c gb-container-mt\"> <a class=\"gb-button gb-button-c5897111 gb-button-text gb-button-mt-button\" href=\"https:\/\/exceladvisor.org\/nl\/excel-basisbeginselen\/\">Basiskennis van Microsoft Excel (componenten, onderdelen en kennisnotities)<\/a><h2 class=\"gb-headline gb-headline-665e5f6b gb-headline-text gb-headline-mt-heading\"> Gerelateerde tutorials <\/h2><div class=\"gb-grid-wrapper gb-grid-wrapper-a20baf7c gb-grid-wrapper-mt-grid\"><div class=\"gb-grid-column gb-grid-column-65ddf67e\"><div class=\"gb-container gb-container-65ddf67e\"><ul><li> <a href=\"https:\/\/exceladvisor.org\/nl\/gedissocieerde-cellen-samenvoegen\/\">Samenvoegen \u2013 degroepeer cellen in Excel<\/a><\/li><li> <a href=\"https:\/\/exceladvisor.org\/nl\/spellingscontrole\/\">Spellingcontrole in Excel<\/a><\/li><li> <a href=\"https:\/\/exceladvisor.org\/nl\/opname\/\">Inspringing vergroten en verkleinen in Excel<\/a><\/li><li> <a href=\"https:\/\/exceladvisor.org\/nl\/tekst-draaien\/\">Tekst roteren in Excel (tekstrichting)<\/a> <\/li><\/ul><\/div><\/div><div class=\"gb-grid-column gb-grid-column-50067b57\"><div class=\"gb-container gb-container-50067b57\"><\/div><\/div><\/div><\/div>","protected":false},"excerpt":{"rendered":"","protected":false},"author":1,"featured_media":0,"parent":0,"menu_order":0,"comment_status":"open","ping_status":"closed","template":"","meta":{"ub_ctt_via":"","footnotes":""},"class_list":["post-1834","page","type-page","status-publish","hentry"],"featured_image_src":null,"yoast_head":"<!-- This site is optimized with the Yoast SEO plugin v25.4 - https:\/\/yoast.com\/wordpress\/plugins\/seo\/ -->\n<title>\u25b7 Hoe dollarteken toevoegen in Excel? (Tutorial 2023)<\/title>\n<meta name=\"description\" content=\"Dit is een eenvoudige Microsoft Excel-tutorial voor het toevoegen van een dollarteken aan een cel. In deze tutorial leer je hoe je...\" \/>\n<meta name=\"robots\" content=\"index, follow, max-snippet:-1, max-image-preview:large, max-video-preview:-1\" \/>\n<link rel=\"canonical\" href=\"https:\/\/exceladvisor.org\/nl\/dollarteken\/\" \/>\n<meta property=\"og:locale\" content=\"nl_NL\" \/>\n<meta property=\"og:type\" content=\"article\" \/>\n<meta property=\"og:title\" content=\"\u25b7 Hoe dollarteken toevoegen in Excel? (Tutorial 2023)\" \/>\n<meta property=\"og:description\" content=\"Dit is een eenvoudige Microsoft Excel-tutorial voor het toevoegen van een dollarteken aan een cel. In deze tutorial leer je hoe je...\" \/>\n<meta property=\"og:url\" content=\"https:\/\/exceladvisor.org\/nl\/dollarteken\/\" \/>\n<meta property=\"og:site_name\" content=\"Excel Advisor\" \/>\n<meta property=\"article:modified_time\" content=\"2023-12-06T05:51:34+00:00\" \/>\n<meta property=\"og:image\" content=\"https:\/\/exceladvisor.org\/wp-content\/uploads\/2023\/08\/1-ajouter-un-signe.png\" \/>\n<meta name=\"twitter:card\" content=\"summary_large_image\" \/>\n<meta name=\"twitter:label1\" content=\"Geschatte leestijd\" \/>\n\t<meta name=\"twitter:data1\" content=\"3 minuten\" \/>\n<script type=\"application\/ld+json\" class=\"yoast-schema-graph\">{\"@context\":\"https:\/\/schema.org\",\"@graph\":[{\"@type\":\"WebPage\",\"@id\":\"https:\/\/exceladvisor.org\/nl\/dollarteken\/\",\"url\":\"https:\/\/exceladvisor.org\/nl\/dollarteken\/\",\"name\":\"\u25b7 Hoe dollarteken toevoegen in Excel? (Tutorial 2023)\",\"isPartOf\":{\"@id\":\"https:\/\/exceladvisor.org\/nl\/#website\"},\"primaryImageOfPage\":{\"@id\":\"https:\/\/exceladvisor.org\/nl\/dollarteken\/#primaryimage\"},\"image\":{\"@id\":\"https:\/\/exceladvisor.org\/nl\/dollarteken\/#primaryimage\"},\"thumbnailUrl\":\"https:\/\/exceladvisor.org\/wp-content\/uploads\/2023\/08\/1-ajouter-un-signe.png\",\"datePublished\":\"2023-10-31T22:33:40+00:00\",\"dateModified\":\"2023-12-06T05:51:34+00:00\",\"description\":\"Dit is een eenvoudige Microsoft Excel-tutorial voor het toevoegen van een dollarteken aan een cel. In deze tutorial leer je hoe je...\",\"breadcrumb\":{\"@id\":\"https:\/\/exceladvisor.org\/nl\/dollarteken\/#breadcrumb\"},\"inLanguage\":\"nl-NL\",\"potentialAction\":[{\"@type\":\"ReadAction\",\"target\":[\"https:\/\/exceladvisor.org\/nl\/dollarteken\/\"]}]},{\"@type\":\"ImageObject\",\"inLanguage\":\"nl-NL\",\"@id\":\"https:\/\/exceladvisor.org\/nl\/dollarteken\/#primaryimage\",\"url\":\"https:\/\/exceladvisor.org\/wp-content\/uploads\/2023\/08\/1-ajouter-un-signe.png\",\"contentUrl\":\"https:\/\/exceladvisor.org\/wp-content\/uploads\/2023\/08\/1-ajouter-un-signe.png\"},{\"@type\":\"BreadcrumbList\",\"@id\":\"https:\/\/exceladvisor.org\/nl\/dollarteken\/#breadcrumb\",\"itemListElement\":[{\"@type\":\"ListItem\",\"position\":1,\"name\":\"Thuis\",\"item\":\"https:\/\/exceladvisor.org\/nl\/\"},{\"@type\":\"ListItem\",\"position\":2,\"name\":\"Hoe voeg ik een dollarteken toe in excel?\"}]},{\"@type\":\"WebSite\",\"@id\":\"https:\/\/exceladvisor.org\/nl\/#website\",\"url\":\"https:\/\/exceladvisor.org\/nl\/\",\"name\":\"Excel Advisor\",\"description\":\"Uw gids voor datadominantie\",\"publisher\":{\"@id\":\"https:\/\/exceladvisor.org\/nl\/#organization\"},\"potentialAction\":[{\"@type\":\"SearchAction\",\"target\":{\"@type\":\"EntryPoint\",\"urlTemplate\":\"https:\/\/exceladvisor.org\/nl\/?s={search_term_string}\"},\"query-input\":{\"@type\":\"PropertyValueSpecification\",\"valueRequired\":true,\"valueName\":\"search_term_string\"}}],\"inLanguage\":\"nl-NL\"},{\"@type\":\"Organization\",\"@id\":\"https:\/\/exceladvisor.org\/nl\/#organization\",\"name\":\"Excel Advisor\",\"url\":\"https:\/\/exceladvisor.org\/nl\/\",\"logo\":{\"@type\":\"ImageObject\",\"inLanguage\":\"nl-NL\",\"@id\":\"https:\/\/exceladvisor.org\/nl\/#\/schema\/logo\/image\/\",\"url\":\"https:\/\/exceladvisor.org\/nl\/wp-content\/uploads\/2023\/12\/exceladvisor.org_.png\",\"contentUrl\":\"https:\/\/exceladvisor.org\/nl\/wp-content\/uploads\/2023\/12\/exceladvisor.org_.png\",\"width\":105,\"height\":36,\"caption\":\"Excel Advisor\"},\"image\":{\"@id\":\"https:\/\/exceladvisor.org\/nl\/#\/schema\/logo\/image\/\"}}]}<\/script>\n<!-- \/ Yoast SEO plugin. -->","yoast_head_json":{"title":"\u25b7 Hoe dollarteken toevoegen in Excel? (Tutorial 2023)","description":"Dit is een eenvoudige Microsoft Excel-tutorial voor het toevoegen van een dollarteken aan een cel. In deze tutorial leer je hoe je...","robots":{"index":"index","follow":"follow","max-snippet":"max-snippet:-1","max-image-preview":"max-image-preview:large","max-video-preview":"max-video-preview:-1"},"canonical":"https:\/\/exceladvisor.org\/nl\/dollarteken\/","og_locale":"nl_NL","og_type":"article","og_title":"\u25b7 Hoe dollarteken toevoegen in Excel? (Tutorial 2023)","og_description":"Dit is een eenvoudige Microsoft Excel-tutorial voor het toevoegen van een dollarteken aan een cel. In deze tutorial leer je hoe je...","og_url":"https:\/\/exceladvisor.org\/nl\/dollarteken\/","og_site_name":"Excel Advisor","article_modified_time":"2023-12-06T05:51:34+00:00","og_image":[{"url":"https:\/\/exceladvisor.org\/wp-content\/uploads\/2023\/08\/1-ajouter-un-signe.png","type":"","width":"","height":""}],"twitter_card":"summary_large_image","twitter_misc":{"Geschatte leestijd":"3 minuten"},"schema":{"@context":"https:\/\/schema.org","@graph":[{"@type":"WebPage","@id":"https:\/\/exceladvisor.org\/nl\/dollarteken\/","url":"https:\/\/exceladvisor.org\/nl\/dollarteken\/","name":"\u25b7 Hoe dollarteken toevoegen in Excel? (Tutorial 2023)","isPartOf":{"@id":"https:\/\/exceladvisor.org\/nl\/#website"},"primaryImageOfPage":{"@id":"https:\/\/exceladvisor.org\/nl\/dollarteken\/#primaryimage"},"image":{"@id":"https:\/\/exceladvisor.org\/nl\/dollarteken\/#primaryimage"},"thumbnailUrl":"https:\/\/exceladvisor.org\/wp-content\/uploads\/2023\/08\/1-ajouter-un-signe.png","datePublished":"2023-10-31T22:33:40+00:00","dateModified":"2023-12-06T05:51:34+00:00","description":"Dit is een eenvoudige Microsoft Excel-tutorial voor het toevoegen van een dollarteken aan een cel. In deze tutorial leer je hoe je...","breadcrumb":{"@id":"https:\/\/exceladvisor.org\/nl\/dollarteken\/#breadcrumb"},"inLanguage":"nl-NL","potentialAction":[{"@type":"ReadAction","target":["https:\/\/exceladvisor.org\/nl\/dollarteken\/"]}]},{"@type":"ImageObject","inLanguage":"nl-NL","@id":"https:\/\/exceladvisor.org\/nl\/dollarteken\/#primaryimage","url":"https:\/\/exceladvisor.org\/wp-content\/uploads\/2023\/08\/1-ajouter-un-signe.png","contentUrl":"https:\/\/exceladvisor.org\/wp-content\/uploads\/2023\/08\/1-ajouter-un-signe.png"},{"@type":"BreadcrumbList","@id":"https:\/\/exceladvisor.org\/nl\/dollarteken\/#breadcrumb","itemListElement":[{"@type":"ListItem","position":1,"name":"Thuis","item":"https:\/\/exceladvisor.org\/nl\/"},{"@type":"ListItem","position":2,"name":"Hoe voeg ik een dollarteken toe in excel?"}]},{"@type":"WebSite","@id":"https:\/\/exceladvisor.org\/nl\/#website","url":"https:\/\/exceladvisor.org\/nl\/","name":"Excel Advisor","description":"Uw gids voor datadominantie","publisher":{"@id":"https:\/\/exceladvisor.org\/nl\/#organization"},"potentialAction":[{"@type":"SearchAction","target":{"@type":"EntryPoint","urlTemplate":"https:\/\/exceladvisor.org\/nl\/?s={search_term_string}"},"query-input":{"@type":"PropertyValueSpecification","valueRequired":true,"valueName":"search_term_string"}}],"inLanguage":"nl-NL"},{"@type":"Organization","@id":"https:\/\/exceladvisor.org\/nl\/#organization","name":"Excel Advisor","url":"https:\/\/exceladvisor.org\/nl\/","logo":{"@type":"ImageObject","inLanguage":"nl-NL","@id":"https:\/\/exceladvisor.org\/nl\/#\/schema\/logo\/image\/","url":"https:\/\/exceladvisor.org\/nl\/wp-content\/uploads\/2023\/12\/exceladvisor.org_.png","contentUrl":"https:\/\/exceladvisor.org\/nl\/wp-content\/uploads\/2023\/12\/exceladvisor.org_.png","width":105,"height":36,"caption":"Excel Advisor"},"image":{"@id":"https:\/\/exceladvisor.org\/nl\/#\/schema\/logo\/image\/"}}]}},"yoast_meta":{"yoast_wpseo_title":"","yoast_wpseo_metadesc":"","yoast_wpseo_canonical":""},"_links":{"self":[{"href":"https:\/\/exceladvisor.org\/nl\/wp-json\/wp\/v2\/pages\/1834","targetHints":{"allow":["GET"]}}],"collection":[{"href":"https:\/\/exceladvisor.org\/nl\/wp-json\/wp\/v2\/pages"}],"about":[{"href":"https:\/\/exceladvisor.org\/nl\/wp-json\/wp\/v2\/types\/page"}],"author":[{"embeddable":true,"href":"https:\/\/exceladvisor.org\/nl\/wp-json\/wp\/v2\/users\/1"}],"replies":[{"embeddable":true,"href":"https:\/\/exceladvisor.org\/nl\/wp-json\/wp\/v2\/comments?post=1834"}],"version-history":[{"count":1,"href":"https:\/\/exceladvisor.org\/nl\/wp-json\/wp\/v2\/pages\/1834\/revisions"}],"predecessor-version":[{"id":2846,"href":"https:\/\/exceladvisor.org\/nl\/wp-json\/wp\/v2\/pages\/1834\/revisions\/2846"}],"wp:attachment":[{"href":"https:\/\/exceladvisor.org\/nl\/wp-json\/wp\/v2\/media?parent=1834"}],"curies":[{"name":"wp","href":"https:\/\/api.w.org\/{rel}","templated":true}]}}