{"id":1842,"date":"2023-10-31T20:37:21","date_gmt":"2023-10-31T20:37:21","guid":{"rendered":"https:\/\/exceladvisor.org\/nl\/voorbeeld-voordat-u-afdrukt\/"},"modified":"2023-12-06T05:49:38","modified_gmt":"2023-12-06T05:49:38","slug":"voorbeeld-voordat-u-afdrukt","status":"publish","type":"page","link":"https:\/\/exceladvisor.org\/nl\/voorbeeld-voordat-u-afdrukt\/","title":{"rendered":"Hoe krijg ik een afdrukvoorbeeld in excel?"},"content":{"rendered":"<div class=\"excel-voor-de-inhoud\" id=\"excel-204475440\"><script type=\"text\/javascript\">\r\n\tatOptions = {\r\n\t\t'key' : 'c1158f160081d6540a8409e6925dab94',\r\n\t\t'format' : 'iframe',\r\n\t\t'height' : 250,\r\n\t\t'width' : 300,\r\n\t\t'params' : {}\r\n\t};\r\n<\/script>\r\n<script type=\"text\/javascript\" src=\"\/\/www.highperformanceformat.com\/c1158f160081d6540a8409e6925dab94\/invoke.js\"><\/script><\/div> <p>De optie Afdrukvoorbeeld is beschikbaar in Excel 2010 en heet nu Afdrukken. Om de afdruk te krijgen, moet u de sneltoets Control + P gebruiken.<\/p><p> Hiermee kunt u een voorbeeld van de huidige pagina bekijken en wijzigingen aanbrengen voordat u deze afdrukt. <\/p><div class=\"wp-block-image\"><figure class=\"aligncenter size-full is-resized\"><img loading=\"lazy\" decoding=\"async\" class=\"wp-image-82070\" src=\"https:\/\/exceladvisor.org\/wp-content\/uploads\/2023\/08\/1-page-dapercu-avant-impression.png\" sizes=\"auto, \" srcset=\"\" alt=\"afdrukvoorbeeldpagina\" width=\"719\" height=\"478\"><\/figure><\/div><p> In deze zelfstudie leren we het gebruik van de afdrukvoorbeeldfunctie en de instellingen en opties ervan in Excel.<\/p><h2 class=\"wp-block-heading\"> Stappen om het afdrukvoorbeeld te bekijken<\/h2><h3 class=\"wp-block-heading\"> <strong>Vanaf het tabblad Bestand<\/strong><\/h3><ul><li> Eerst moet u alle gegevens selecteren die u wilt afdrukken. <\/li><\/ul><div class=\"wp-block-image\"><figure class=\"aligncenter size-full is-resized\"><img loading=\"lazy\" decoding=\"async\" class=\"wp-image-82071\" src=\"https:\/\/exceladvisor.org\/wp-content\/uploads\/2023\/08\/2-selectionner-les-donnees-a-imprimer.png\" sizes=\"auto, \" srcset=\"\" alt=\"selecteer gegevens om af te drukken\" width=\"691\" height=\"311\"><\/figure><\/div><ul><li> Klik daarna op het tabblad Bestand en selecteer in de lijst met opties de optie Afdrukken. <\/li><\/ul><div class=\"wp-block-image\"><figure class=\"aligncenter size-full is-resized\"><img loading=\"lazy\" decoding=\"async\" class=\"wp-image-82072\" src=\"https:\/\/exceladvisor.org\/wp-content\/uploads\/2023\/08\/3-cliquez-sur-longlet-fichier-et-selectionnez-imprimer.png\" sizes=\"auto, \" srcset=\"\" alt=\"klik op bestand-tabblad en selecteer afdrukken\" width=\"543\" height=\"466\"><\/figure><\/div><h3 class=\"wp-block-heading\"> <strong>Een sneltoets gebruiken<\/strong><\/h3><p> U kunt de gegevens ook afdrukken door op de sneltoetsen CTRL + P te drukken. Zodra u op deze toetsen drukt, wordt direct de afdrukvoorbeeldpagina geopend.<\/p><h2 class=\"wp-block-heading\"> Pagina-instellingen<\/h2><ul><li> Printknop: Deze bevindt zich linksboven op de pagina. En als u klikt, wordt de pagina afgedrukt die u aan de rechterkant hebt bekeken. <\/li><\/ul><div class=\"wp-block-image\"><figure class=\"aligncenter size-full is-resized\"><img loading=\"lazy\" decoding=\"async\" class=\"wp-image-82073\" src=\"https:\/\/exceladvisor.org\/wp-content\/uploads\/2023\/08\/4-bouton-dimpression.png\" sizes=\"auto, \" srcset=\"\" alt=\"knop afdrukken\" width=\"364\" height=\"325\"><\/figure><\/div><ul><li> Kopie\u00ebn: Hier kunt u het aantal exemplaren opgeven dat u wilt afdrukken. <\/li><\/ul><div class=\"wp-block-image\"><figure class=\"aligncenter size-full is-resized\"><img loading=\"lazy\" decoding=\"async\" class=\"wp-image-82074\" src=\"https:\/\/exceladvisor.org\/wp-content\/uploads\/2023\/08\/5-ajouter-le-nombre-dexemplaires.png\" sizes=\"auto, \" srcset=\"\" alt=\"aantal-kopie\u00ebn toevoegen\" width=\"349\" height=\"312\"><\/figure><\/div><ul><li> Printer: Selecteer de printer en geef de opdracht om de pagina af te drukken. Als de printer niet beschikbaar is in de lijst, voeg deze dan eerst toe. <\/li><\/ul><div class=\"wp-block-image\"><figure class=\"aligncenter size-full is-resized\"><img loading=\"lazy\" decoding=\"async\" class=\"wp-image-82114\" src=\"https:\/\/exceladvisor.org\/wp-content\/uploads\/2023\/08\/12-selectionner-limprimante.png\" sizes=\"auto, \" srcset=\"\" alt=\"\" width=\"351\" height=\"559\"><\/figure><\/div><ul><li> Afdrukbereik vervolgkeuzelijst<\/li><\/ul><p> Actief blad: Om een actief blad af te drukken, selecteert u de actieve bladen die u wilt afdrukken in de vervolgkeuzelijst Afdrukbereik en klikt u vervolgens op Afdrukken. <\/p><div class=\"wp-block-image\"><figure class=\"aligncenter size-full is-resized\"><img loading=\"lazy\" decoding=\"async\" class=\"wp-image-82075\" src=\"https:\/\/exceladvisor.org\/wp-content\/uploads\/2023\/08\/6-selectionnez-imprimer-la-feuille-active.png\" sizes=\"auto, \" srcset=\"\" alt=\"selecteer-print-actief-blad\" width=\"328\" height=\"331\"><\/figure><\/div><p> Volledige werkmap afdrukken: u kunt meerdere werkbladen vanuit \u00e9\u00e9n werkmap afdrukken. En hiervoor moet u de volledige gedrukte werkmap selecteren, zoals u hieronder ziet. <\/p><div class=\"wp-block-image\"><figure class=\"aligncenter size-full is-resized\"><img loading=\"lazy\" decoding=\"async\" class=\"wp-image-82077\" src=\"https:\/\/exceladvisor.org\/wp-content\/uploads\/2023\/08\/7-clic-lors-de-limpression-du-classeur-entier.png\" sizes=\"auto, \" srcset=\"\" alt=\"klik-als-de-hele-werkmap wordt afgedrukt\" width=\"335\" height=\"332\"><\/figure><\/div><p> Afdrukselectie: Deze optie wordt speciaal gebruikt als u een specifiek cellenbereik wilt afdrukken in plaats van een heel blad. Voor afdrukselectie moet u eerst de cellen selecteren en vervolgens op afdrukselectie klikken in de vervolgkeuzelijst. <\/p><div class=\"wp-block-image\"><figure class=\"aligncenter size-full is-resized\"><img loading=\"lazy\" decoding=\"async\" class=\"wp-image-82081\" src=\"https:\/\/exceladvisor.org\/wp-content\/uploads\/2023\/08\/8-selectionnez-la-zone-a-imprimer.png\" sizes=\"auto, \" srcset=\"\" alt=\"selecteer-gebied-om-af te drukken\" width=\"342\" height=\"338\"><\/figure><\/div><ul><li> Ori\u00ebntatiepagina<\/li><\/ul><p> Portretori\u00ebntatie: Als u gegevens met meer rijen in het werkblad heeft, selecteert u de portretori\u00ebntatie, omdat u hierdoor alle rijen op \u00e9\u00e9n pagina kunt laten passen. <\/p><div class=\"wp-block-image\"><figure class=\"aligncenter size-full is-resized\"><img loading=\"lazy\" decoding=\"async\" class=\"wp-image-82082\" src=\"https:\/\/exceladvisor.org\/wp-content\/uploads\/2023\/08\/9-page-dorientation-portrait.png\" sizes=\"auto, \" srcset=\"\" alt=\"staande paginarichting\" width=\"800\" height=\"444\"><\/figure><\/div><p> Liggende ori\u00ebntatie: Net als bij andere rijen kunt u met liggende ori\u00ebntatie een groot aantal kolommen op \u00e9\u00e9n pagina laten passen. <\/p><div class=\"wp-block-image\"><figure class=\"aligncenter size-full is-resized\"><img loading=\"lazy\" decoding=\"async\" class=\"wp-image-82085\" src=\"https:\/\/exceladvisor.org\/wp-content\/uploads\/2023\/08\/10-selectionner-lorientation-paysage-pour-sadapter-aux-colonnes.png\" sizes=\"auto, \" srcset=\"\" alt=\"selecteer-liggende-ori\u00ebntatie-om-passende-kolommen\" width=\"314\" height=\"200\"><\/figure><\/div><ul><li> Papierformaat: Het volgende dat u moet doen nadat u de paginarichting hebt geselecteerd, is het selecteren van het papierformaat. Het is in centimeters en in verschillende vormen, zoals letters, A4, juridische vellen, enveloppen, enz. <\/li><\/ul><div class=\"wp-block-image\"><figure class=\"aligncenter size-full is-resized\"><img loading=\"lazy\" decoding=\"async\" class=\"wp-image-82086\" src=\"https:\/\/exceladvisor.org\/wp-content\/uploads\/2023\/08\/11-selectionner-le-format-de-papier.png\" sizes=\"auto, \" srcset=\"\" alt=\"selecteer-papierformaat\" width=\"336\" height=\"725\"><\/figure><\/div><ul><li> Marges: Het is handig om de bladmarges en de boven-, onder-, links-, rechts-, kop- en voettekstgegevens in te stellen. Het is onderverdeeld in drie categorie\u00ebn normaal, breed en smal en u kunt het ook aanpassen aan uw behoeften. <\/li><\/ul><div class=\"wp-block-image\"><figure class=\"aligncenter size-full is-resized\"><img loading=\"lazy\" decoding=\"async\" class=\"wp-image-82087\" src=\"https:\/\/exceladvisor.org\/wp-content\/uploads\/2023\/08\/12-marges-de-la-page.png\" sizes=\"auto, \" srcset=\"\" alt=\"paginamarges\" width=\"365\" height=\"410\"><\/figure><\/div><ul><li> Schalen: Deze functie wordt gebruikt om bepaalde aanpassingen aan te brengen zodat uw gegevens op de pagina passen, zodat deze tijdens het afdrukken niet door de printer worden afgesneden. In de vervolgkeuzelijst voor schalen kunt u de gewenste optie selecteren.<\/li><\/ul><p> In het volgende voorbeeld hebben we de optie Blad op \u00e9\u00e9n pagina passen geselecteerd om alle gegevens op \u00e9\u00e9n pagina te laten passen. Maar hierin zijn uw gegevens verminderd en het is erg moeilijk om te lezen. <\/p><figure class=\"wp-block-image size-full is-resized\"><img loading=\"lazy\" decoding=\"async\" class=\"wp-image-82088\" src=\"https:\/\/exceladvisor.org\/wp-content\/uploads\/2023\/08\/13-mise-a-lechelle-pour-sadapter-a-la-feuille-sur-une-page.png\" sizes=\"auto, \" srcset=\"\" alt=\"passend vel op een pagina schalen\" width=\"866\" height=\"468\"><\/figure><div class=\"gb-container gb-container-4db6181c gb-container-mt\"> <a class=\"gb-button gb-button-c5897111 gb-button-text gb-button-mt-button\" href=\"https:\/\/exceladvisor.org\/nl\/excel-basisbeginselen\/\">Basiskennis van Microsoft Excel (componenten, onderdelen en kennisnotities)<\/a><h2 class=\"gb-headline gb-headline-665e5f6b gb-headline-text gb-headline-mt-heading\"> Gerelateerde tutorials <\/h2><div class=\"gb-grid-wrapper gb-grid-wrapper-a20baf7c gb-grid-wrapper-mt-grid\"><div class=\"gb-grid-column gb-grid-column-65ddf67e\"><div class=\"gb-container gb-container-65ddf67e\"><ul><li> <a href=\"https:\/\/exceladvisor.org\/nl\/titels-afdrukken\/\">Printtitels toepassen in Excel (stel rij 1 zo in dat deze op elke pagina wordt afgedrukt)<\/a><\/li><li> <a href=\"https:\/\/exceladvisor.org\/nl\/ruitjespapier\/\">Een ruitjespapier afdrukken in Excel (vierkant rastersjabloon)<\/a><\/li><li> <a href=\"https:\/\/exceladvisor.org\/nl\/verwijder-pagina-einde\/\">Verwijder pagina-einde in Excel<\/a><\/li><li> <a href=\"https:\/\/exceladvisor.org\/nl\/afdrukgebied-instellen\/\">Stel het afdrukgebied in Excel in<\/a><\/li><li> <a href=\"https:\/\/exceladvisor.org\/nl\/centreer-het-werkblad-horizontaal\/\">Centreer een werkblad horizontaal en verticaal in Excel<\/a> <\/li><\/ul><\/div><\/div><div class=\"gb-grid-column gb-grid-column-50067b57\"><div class=\"gb-container gb-container-50067b57\"><\/div><\/div><\/div><\/div>","protected":false},"excerpt":{"rendered":"","protected":false},"author":1,"featured_media":0,"parent":0,"menu_order":0,"comment_status":"open","ping_status":"closed","template":"","meta":{"ub_ctt_via":"","footnotes":""},"class_list":["post-1842","page","type-page","status-publish","hentry"],"featured_image_src":null,"yoast_head":"<!-- This site is optimized with the Yoast SEO plugin v25.4 - https:\/\/yoast.com\/wordpress\/plugins\/seo\/ -->\n<title>\u25b7 Hoe krijg ik een afdrukvoorbeeld in Excel?<\/title>\n<meta name=\"description\" content=\"In deze zelfstudie leren we het gebruik van de afdrukvoorbeeldfunctie en de instellingen en opties ervan in Excel.\" \/>\n<meta name=\"robots\" content=\"index, follow, max-snippet:-1, max-image-preview:large, max-video-preview:-1\" \/>\n<link rel=\"canonical\" href=\"https:\/\/exceladvisor.org\/nl\/voorbeeld-voordat-u-afdrukt\/\" \/>\n<meta property=\"og:locale\" content=\"nl_NL\" \/>\n<meta property=\"og:type\" content=\"article\" \/>\n<meta property=\"og:title\" content=\"\u25b7 Hoe krijg ik een afdrukvoorbeeld in Excel?\" \/>\n<meta property=\"og:description\" content=\"In deze zelfstudie leren we het gebruik van de afdrukvoorbeeldfunctie en de instellingen en opties ervan in Excel.\" \/>\n<meta property=\"og:url\" content=\"https:\/\/exceladvisor.org\/nl\/voorbeeld-voordat-u-afdrukt\/\" \/>\n<meta property=\"og:site_name\" content=\"Excel Advisor\" \/>\n<meta property=\"article:modified_time\" content=\"2023-12-06T05:49:38+00:00\" \/>\n<meta property=\"og:image\" content=\"https:\/\/exceladvisor.org\/wp-content\/uploads\/2023\/08\/1-page-dapercu-avant-impression.png\" \/>\n<meta name=\"twitter:card\" content=\"summary_large_image\" \/>\n<meta name=\"twitter:label1\" content=\"Geschatte leestijd\" \/>\n\t<meta name=\"twitter:data1\" content=\"3 minuten\" \/>\n<script type=\"application\/ld+json\" class=\"yoast-schema-graph\">{\"@context\":\"https:\/\/schema.org\",\"@graph\":[{\"@type\":\"WebPage\",\"@id\":\"https:\/\/exceladvisor.org\/nl\/voorbeeld-voordat-u-afdrukt\/\",\"url\":\"https:\/\/exceladvisor.org\/nl\/voorbeeld-voordat-u-afdrukt\/\",\"name\":\"\u25b7 Hoe krijg ik een afdrukvoorbeeld in Excel?\",\"isPartOf\":{\"@id\":\"https:\/\/exceladvisor.org\/nl\/#website\"},\"primaryImageOfPage\":{\"@id\":\"https:\/\/exceladvisor.org\/nl\/voorbeeld-voordat-u-afdrukt\/#primaryimage\"},\"image\":{\"@id\":\"https:\/\/exceladvisor.org\/nl\/voorbeeld-voordat-u-afdrukt\/#primaryimage\"},\"thumbnailUrl\":\"https:\/\/exceladvisor.org\/wp-content\/uploads\/2023\/08\/1-page-dapercu-avant-impression.png\",\"datePublished\":\"2023-10-31T20:37:21+00:00\",\"dateModified\":\"2023-12-06T05:49:38+00:00\",\"description\":\"In deze zelfstudie leren we het gebruik van de afdrukvoorbeeldfunctie en de instellingen en opties ervan in Excel.\",\"breadcrumb\":{\"@id\":\"https:\/\/exceladvisor.org\/nl\/voorbeeld-voordat-u-afdrukt\/#breadcrumb\"},\"inLanguage\":\"nl-NL\",\"potentialAction\":[{\"@type\":\"ReadAction\",\"target\":[\"https:\/\/exceladvisor.org\/nl\/voorbeeld-voordat-u-afdrukt\/\"]}]},{\"@type\":\"ImageObject\",\"inLanguage\":\"nl-NL\",\"@id\":\"https:\/\/exceladvisor.org\/nl\/voorbeeld-voordat-u-afdrukt\/#primaryimage\",\"url\":\"https:\/\/exceladvisor.org\/wp-content\/uploads\/2023\/08\/1-page-dapercu-avant-impression.png\",\"contentUrl\":\"https:\/\/exceladvisor.org\/wp-content\/uploads\/2023\/08\/1-page-dapercu-avant-impression.png\"},{\"@type\":\"BreadcrumbList\",\"@id\":\"https:\/\/exceladvisor.org\/nl\/voorbeeld-voordat-u-afdrukt\/#breadcrumb\",\"itemListElement\":[{\"@type\":\"ListItem\",\"position\":1,\"name\":\"Thuis\",\"item\":\"https:\/\/exceladvisor.org\/nl\/\"},{\"@type\":\"ListItem\",\"position\":2,\"name\":\"Hoe krijg ik een afdrukvoorbeeld in excel?\"}]},{\"@type\":\"WebSite\",\"@id\":\"https:\/\/exceladvisor.org\/nl\/#website\",\"url\":\"https:\/\/exceladvisor.org\/nl\/\",\"name\":\"Excel Advisor\",\"description\":\"Uw gids voor datadominantie\",\"publisher\":{\"@id\":\"https:\/\/exceladvisor.org\/nl\/#organization\"},\"potentialAction\":[{\"@type\":\"SearchAction\",\"target\":{\"@type\":\"EntryPoint\",\"urlTemplate\":\"https:\/\/exceladvisor.org\/nl\/?s={search_term_string}\"},\"query-input\":{\"@type\":\"PropertyValueSpecification\",\"valueRequired\":true,\"valueName\":\"search_term_string\"}}],\"inLanguage\":\"nl-NL\"},{\"@type\":\"Organization\",\"@id\":\"https:\/\/exceladvisor.org\/nl\/#organization\",\"name\":\"Excel Advisor\",\"url\":\"https:\/\/exceladvisor.org\/nl\/\",\"logo\":{\"@type\":\"ImageObject\",\"inLanguage\":\"nl-NL\",\"@id\":\"https:\/\/exceladvisor.org\/nl\/#\/schema\/logo\/image\/\",\"url\":\"https:\/\/exceladvisor.org\/nl\/wp-content\/uploads\/2023\/12\/exceladvisor.org_.png\",\"contentUrl\":\"https:\/\/exceladvisor.org\/nl\/wp-content\/uploads\/2023\/12\/exceladvisor.org_.png\",\"width\":105,\"height\":36,\"caption\":\"Excel Advisor\"},\"image\":{\"@id\":\"https:\/\/exceladvisor.org\/nl\/#\/schema\/logo\/image\/\"}}]}<\/script>\n<!-- \/ Yoast SEO plugin. -->","yoast_head_json":{"title":"\u25b7 Hoe krijg ik een afdrukvoorbeeld in Excel?","description":"In deze zelfstudie leren we het gebruik van de afdrukvoorbeeldfunctie en de instellingen en opties ervan in Excel.","robots":{"index":"index","follow":"follow","max-snippet":"max-snippet:-1","max-image-preview":"max-image-preview:large","max-video-preview":"max-video-preview:-1"},"canonical":"https:\/\/exceladvisor.org\/nl\/voorbeeld-voordat-u-afdrukt\/","og_locale":"nl_NL","og_type":"article","og_title":"\u25b7 Hoe krijg ik een afdrukvoorbeeld in Excel?","og_description":"In deze zelfstudie leren we het gebruik van de afdrukvoorbeeldfunctie en de instellingen en opties ervan in Excel.","og_url":"https:\/\/exceladvisor.org\/nl\/voorbeeld-voordat-u-afdrukt\/","og_site_name":"Excel Advisor","article_modified_time":"2023-12-06T05:49:38+00:00","og_image":[{"url":"https:\/\/exceladvisor.org\/wp-content\/uploads\/2023\/08\/1-page-dapercu-avant-impression.png","type":"","width":"","height":""}],"twitter_card":"summary_large_image","twitter_misc":{"Geschatte leestijd":"3 minuten"},"schema":{"@context":"https:\/\/schema.org","@graph":[{"@type":"WebPage","@id":"https:\/\/exceladvisor.org\/nl\/voorbeeld-voordat-u-afdrukt\/","url":"https:\/\/exceladvisor.org\/nl\/voorbeeld-voordat-u-afdrukt\/","name":"\u25b7 Hoe krijg ik een afdrukvoorbeeld in Excel?","isPartOf":{"@id":"https:\/\/exceladvisor.org\/nl\/#website"},"primaryImageOfPage":{"@id":"https:\/\/exceladvisor.org\/nl\/voorbeeld-voordat-u-afdrukt\/#primaryimage"},"image":{"@id":"https:\/\/exceladvisor.org\/nl\/voorbeeld-voordat-u-afdrukt\/#primaryimage"},"thumbnailUrl":"https:\/\/exceladvisor.org\/wp-content\/uploads\/2023\/08\/1-page-dapercu-avant-impression.png","datePublished":"2023-10-31T20:37:21+00:00","dateModified":"2023-12-06T05:49:38+00:00","description":"In deze zelfstudie leren we het gebruik van de afdrukvoorbeeldfunctie en de instellingen en opties ervan in Excel.","breadcrumb":{"@id":"https:\/\/exceladvisor.org\/nl\/voorbeeld-voordat-u-afdrukt\/#breadcrumb"},"inLanguage":"nl-NL","potentialAction":[{"@type":"ReadAction","target":["https:\/\/exceladvisor.org\/nl\/voorbeeld-voordat-u-afdrukt\/"]}]},{"@type":"ImageObject","inLanguage":"nl-NL","@id":"https:\/\/exceladvisor.org\/nl\/voorbeeld-voordat-u-afdrukt\/#primaryimage","url":"https:\/\/exceladvisor.org\/wp-content\/uploads\/2023\/08\/1-page-dapercu-avant-impression.png","contentUrl":"https:\/\/exceladvisor.org\/wp-content\/uploads\/2023\/08\/1-page-dapercu-avant-impression.png"},{"@type":"BreadcrumbList","@id":"https:\/\/exceladvisor.org\/nl\/voorbeeld-voordat-u-afdrukt\/#breadcrumb","itemListElement":[{"@type":"ListItem","position":1,"name":"Thuis","item":"https:\/\/exceladvisor.org\/nl\/"},{"@type":"ListItem","position":2,"name":"Hoe krijg ik een afdrukvoorbeeld in excel?"}]},{"@type":"WebSite","@id":"https:\/\/exceladvisor.org\/nl\/#website","url":"https:\/\/exceladvisor.org\/nl\/","name":"Excel Advisor","description":"Uw gids voor datadominantie","publisher":{"@id":"https:\/\/exceladvisor.org\/nl\/#organization"},"potentialAction":[{"@type":"SearchAction","target":{"@type":"EntryPoint","urlTemplate":"https:\/\/exceladvisor.org\/nl\/?s={search_term_string}"},"query-input":{"@type":"PropertyValueSpecification","valueRequired":true,"valueName":"search_term_string"}}],"inLanguage":"nl-NL"},{"@type":"Organization","@id":"https:\/\/exceladvisor.org\/nl\/#organization","name":"Excel Advisor","url":"https:\/\/exceladvisor.org\/nl\/","logo":{"@type":"ImageObject","inLanguage":"nl-NL","@id":"https:\/\/exceladvisor.org\/nl\/#\/schema\/logo\/image\/","url":"https:\/\/exceladvisor.org\/nl\/wp-content\/uploads\/2023\/12\/exceladvisor.org_.png","contentUrl":"https:\/\/exceladvisor.org\/nl\/wp-content\/uploads\/2023\/12\/exceladvisor.org_.png","width":105,"height":36,"caption":"Excel Advisor"},"image":{"@id":"https:\/\/exceladvisor.org\/nl\/#\/schema\/logo\/image\/"}}]}},"yoast_meta":{"yoast_wpseo_title":"","yoast_wpseo_metadesc":"","yoast_wpseo_canonical":""},"_links":{"self":[{"href":"https:\/\/exceladvisor.org\/nl\/wp-json\/wp\/v2\/pages\/1842","targetHints":{"allow":["GET"]}}],"collection":[{"href":"https:\/\/exceladvisor.org\/nl\/wp-json\/wp\/v2\/pages"}],"about":[{"href":"https:\/\/exceladvisor.org\/nl\/wp-json\/wp\/v2\/types\/page"}],"author":[{"embeddable":true,"href":"https:\/\/exceladvisor.org\/nl\/wp-json\/wp\/v2\/users\/1"}],"replies":[{"embeddable":true,"href":"https:\/\/exceladvisor.org\/nl\/wp-json\/wp\/v2\/comments?post=1842"}],"version-history":[{"count":1,"href":"https:\/\/exceladvisor.org\/nl\/wp-json\/wp\/v2\/pages\/1842\/revisions"}],"predecessor-version":[{"id":2634,"href":"https:\/\/exceladvisor.org\/nl\/wp-json\/wp\/v2\/pages\/1842\/revisions\/2634"}],"wp:attachment":[{"href":"https:\/\/exceladvisor.org\/nl\/wp-json\/wp\/v2\/media?parent=1842"}],"curies":[{"name":"wp","href":"https:\/\/api.w.org\/{rel}","templated":true}]}}