{"id":1843,"date":"2023-10-31T18:49:50","date_gmt":"2023-10-31T18:49:50","guid":{"rendered":"https:\/\/exceladvisor.org\/nl\/voeg-een-kolom-toe\/"},"modified":"2023-12-06T05:51:38","modified_gmt":"2023-12-06T05:51:38","slug":"voeg-een-kolom-toe","status":"publish","type":"page","link":"https:\/\/exceladvisor.org\/nl\/voeg-een-kolom-toe\/","title":{"rendered":"Hoe voeg ik een kolom toe in excel?"},"content":{"rendered":"<div class=\"excel-voor-de-inhoud\" id=\"excel-1983934194\"><script type=\"text\/javascript\">\r\n\tatOptions = {\r\n\t\t'key' : 'c1158f160081d6540a8409e6925dab94',\r\n\t\t'format' : 'iframe',\r\n\t\t'height' : 250,\r\n\t\t'width' : 300,\r\n\t\t'params' : {}\r\n\t};\r\n<\/script>\r\n<script type=\"text\/javascript\" src=\"\/\/www.highperformanceformat.com\/c1158f160081d6540a8409e6925dab94\/invoke.js\"><\/script><\/div> <p>Wanneer u in Excel werkt, is het toevoegen of verwijderen van kolommen een veel voorkomende taak, en er zijn verschillende manieren om kolommen toe te voegen of in te voegen in Excel-werkbladen.<\/p><p> U kunt een van de manieren kiezen om de kolommen toe te voegen of in te voegen, afhankelijk van uw voorkeuren.<\/p><h2 id=\"steps-to-insert-a-single-column\" class=\"wp-block-heading\"> Stappen voor het invoegen van \u00e9\u00e9n kolom<\/h2><ol><li> Klik eerst met de rechtermuisknop op een cel in de kolom.<\/li><li> Hierna krijgt u een pop-upvenster met verschillende opties.<\/li><li> Klik nu op de optie <strong>&#8220;Invoegen&#8221;<\/strong> . <br><img loading=\"lazy\" decoding=\"async\" title=\"\" src=\"https:\/\/exceladvisor.org\/wp-content\/uploads\/2023\/08\/1-option-dinsertion.png\" sizes=\"auto, \" srcset=\"\" alt=\"insert-option\" width=\"599\" height=\"201\"><\/li><li> Klik daarna met de rechtermuisknop en u krijgt een pop-upvenster met verschillende opties.<\/li><li> Selecteer nu de optie <strong>&#8220;Gehele kolom&#8221;<\/strong> en klik op OK. <br><img loading=\"lazy\" decoding=\"async\" title=\"uh\" src=\"https:\/\/exceladvisor.org\/wp-content\/uploads\/2023\/08\/2-selectionner-la-colonne-entiere.png\" sizes=\"auto, \" srcset=\"\" alt=\"select-entire-column\" width=\"192\" height=\"183\"><\/li><li> Op dit punt is de kolom links van de geselecteerde cel ingevoegd. <br><img loading=\"lazy\" decoding=\"async\" title=\"min\" src=\"https:\/\/exceladvisor.org\/wp-content\/uploads\/2023\/08\/3-nouvelle-colonne-inseree.png\" sizes=\"auto, \" srcset=\"\" alt=\"new-inserted-column\" width=\"705\" height=\"162\"><\/li><\/ol><p class=\"qt-tip\"> <strong>Tip<\/strong> : U kunt alle enkele of meerdere kolommen selecteren door de letters van de kolomkop te selecteren, met de rechtermuisknop te klikken en vervolgens <strong>&#8220;Invoegen&#8221;<\/strong> te selecteren in de pop-upoptie. Het aantal ingevoegde kolommen is altijd afhankelijk van het aantal kolommen dat u heeft geselecteerd. <\/p><div class=\"wp-block-image\"><figure class=\"aligncenter size-full is-resized\"><img loading=\"lazy\" decoding=\"async\" class=\"wp-image-63688\" src=\"https:\/\/exceladvisor.org\/wp-content\/uploads\/2023\/08\/4-inserer-plusieurs-colonnes-simples.gif\" sizes=\"auto, \" srcset=\"\" alt=\"voeg-enkele-meerdere-kolommen in\" width=\"635\" height=\"223\"><\/figure><\/div><p> U kunt de kolom ook invoegen vanaf het lint op het tabblad &#8216;Start&#8217;.<\/p><ol><li> Zorg er eerst voor dat u zich op het <strong>tabblad &#8216;Start&#8217;<\/strong> bevindt en klik vervolgens op een cel in de kolom. <br><img loading=\"lazy\" decoding=\"async\" title=\"5-thuistabblad\" src=\"https:\/\/exceladvisor.org\/wp-content\/uploads\/2023\/08\/5-onglet-daccueil.png\" sizes=\"auto, \" srcset=\"\" alt=\"home-tab-sheet\" width=\"554\" height=\"297\"><\/li><li> Hier vindt u het pictogram <strong>\u201cInvoegen\u201d<\/strong> in de groep <strong>\u201ccellen\u201d<\/strong> van het lint. <br><img loading=\"lazy\" decoding=\"async\" title=\"6-cellen-groep-in-lint-tabblad\" src=\"https:\/\/exceladvisor.org\/wp-content\/uploads\/2023\/08\/Groupe-de-6-cellules-dans-longlet-du-ruban.png\" sizes=\"auto, \" srcset=\"\" alt=\"cells-group-in-ribbon-tab\" width=\"1081\" height=\"110\"><\/li><li> Klik nu op het pictogram <strong>&#8220;Invoegen&#8221;<\/strong> en selecteer <strong>&#8220;Bladkolom invoegen&#8221;<\/strong> in het weergegeven vervolgkeuzemenu. <br><img loading=\"lazy\" decoding=\"async\" title=\"7 invoegkolommen\" src=\"https:\/\/exceladvisor.org\/wp-content\/uploads\/2023\/08\/7-colonnes-de-feuille-dinsertion.png\" sizes=\"auto, \" srcset=\"\" alt=\"insert-sheet-columns\" width=\"173\" height=\"186\"><\/li><li> Op dit punt is de kolom links van de geselecteerde kolomcel ingevoegd. <br><img loading=\"lazy\" decoding=\"async\" title=\"8-nieuwe-kolom-ingevoegd\" src=\"https:\/\/exceladvisor.org\/wp-content\/uploads\/2023\/08\/8-nouvelle-colonne-inseree.png\" sizes=\"auto, \" srcset=\"\" alt=\"new-inserted-column\" width=\"657\" height=\"151\"><\/li><\/ol><h2 id=\"add-multiple-columns\" class=\"wp-block-heading\"> Voeg meerdere kolommen toe<\/h2><ul><li> Als u meerdere kolommen wilt toevoegen, moet u eerst meerdere cellen selecteren in plaats van \u00e9\u00e9n enkele cel. <br><img loading=\"lazy\" decoding=\"async\" title=\"de ells\" src=\"https:\/\/exceladvisor.org\/wp-content\/uploads\/2023\/08\/9-selectionner-plusieurs-cellules.png\" sizes=\"auto, \" srcset=\"\" alt=\"select-multiple-cells\" width=\"603\" height=\"164\"><\/li><li> Klik daarna met de rechtermuisknop en u krijgt een pop-upvenster met verschillende opties.<\/li><li> Klik nu op de optie <strong>&#8220;Invoegen&#8221;<\/strong> . <br><img loading=\"lazy\" decoding=\"async\" title=\"G\" src=\"https:\/\/exceladvisor.org\/wp-content\/uploads\/2023\/08\/10-options-dinsertion.png\" sizes=\"auto, \" srcset=\"\" alt=\"insert-option\" width=\"557\" height=\"187\"><\/li><li> Zodra u op de optie <strong>\u201cInvoegen\u201d<\/strong> klikt, krijgt u opnieuw een pop-upoptie.<\/li><li> Selecteer nu de optie <strong>&#8220;Gehele kolom&#8221;<\/strong> en klik op OK. <br><img decoding=\"async\" title=\"licht\" src=\"https:\/\/exceladvisor.org\/wp-content\/uploads\/2023\/08\/11-selectionner-la-colonne-entiere.png\" sizes=\"\" srcset=\"\" alt=\"select-entire-column\"><\/li><li> Op dit punt zijn er drie kolommen links van de geselecteerde cellen ingevoegd, omdat er drie cellen waren geselecteerd. <br><img loading=\"lazy\" decoding=\"async\" title=\"d-kolommen\" src=\"https:\/\/exceladvisor.org\/wp-content\/uploads\/2023\/08\/12-colonnes-inserees-multiples.png\" sizes=\"auto, \" srcset=\"\" alt=\"multiple-inserted-columns\" width=\"917\" height=\"162\"><\/li><li> Om meerdere \u201cniet-aangrenzende\u201d kolommen toe te voegen, moet u eerst de cellen \u00e9\u00e9n voor \u00e9\u00e9n selecteren door de CTRL-toets op het toetsenbord ingedrukt te houden. <br><img loading=\"lazy\" decoding=\"async\" title=\"ls\" src=\"https:\/\/exceladvisor.org\/wp-content\/uploads\/2023\/08\/13-cellules-non-adjacentes.png\" sizes=\"auto, \" srcset=\"\" alt=\"non-adjacent-cells\" width=\"613\" height=\"167\"><\/li><li> Nadat u de cellen heeft geselecteerd, laat u de CTRL-toets los<\/li><li> Klik daarna met de rechtermuisknop en klik op de optie <strong>&#8220;Invoegen&#8221;<\/strong> in de pop-upopties. <br><img loading=\"lazy\" decoding=\"async\" title=\"ion\" src=\"https:\/\/exceladvisor.org\/wp-content\/uploads\/2023\/08\/Option-dinsertion-en-14-clics.png\" sizes=\"auto, \" srcset=\"\" alt=\"click-insert-option\" width=\"586\" height=\"196\"><\/li><li> Selecteer nu de optie <strong>&#8220;Gehele kolom&#8221;<\/strong> en klik op OK.<\/li><li> Op dit punt zijn &#8220;niet-aangrenzende&#8221; kolommen links van uw geselecteerde cellen ingevoegd. <br><img loading=\"lazy\" decoding=\"async\" title=\"Ehm\" src=\"https:\/\/exceladvisor.org\/wp-content\/uploads\/2023\/08\/16-colonnes-non-adjacentes.png\" sizes=\"auto, \" srcset=\"\" alt=\"non-adjacent-columns\" width=\"863\" height=\"170\"><\/li><\/ul><h2 id=\"insert-a-column-in-excel-table\" class=\"wp-block-heading\"> Voeg een kolom in een Excel-tabel in<\/h2><p> Wanneer u uw gegevensset converteert naar een tabelbereik, verliest de methode voor het invoegen van kolommen een deel van zijn functionaliteit.<\/p><p> U kunt bijvoorbeeld niet-aangrenzende kolommen niet allemaal tegelijk invoegen, zoals u dat in een normale gegevensset zou doen, door de niet-aangrenzende kolommen te selecteren om kolommen aan de linkerkant in te voegen.<\/p><p> Als u in het tabelbereik meerdere niet-aangrenzende kolommen wilt invoegen, moet u dit \u00e9\u00e9n voor \u00e9\u00e9n doen.<\/p><ul><li> Klik eerst op een cel in de kolom en klik met de rechtermuisknop.<\/li><li> Klik nu op de optie <strong>&#8220;Invoegen&#8221;<\/strong> in het pop-upvenster en selecteer vervolgens &#8220;Tabelkolommen aan de linkerkant&#8221;. <br><img loading=\"lazy\" decoding=\"async\" title=\"-links\" src=\"https:\/\/exceladvisor.org\/wp-content\/uploads\/2023\/08\/17-colonnes-de-tableau-a-gauche.png\" sizes=\"auto, \" srcset=\"\" alt=\"table-columns-to-the-left\" width=\"688\" height=\"197\"><\/li><li> Op dit punt is de kolom links van de geselecteerde cel ingevoegd. <br><img loading=\"lazy\" decoding=\"async\" title=\"Op de foto\" src=\"https:\/\/exceladvisor.org\/wp-content\/uploads\/2023\/08\/18-colonne-inseree-dans-le-tableau.png\" sizes=\"auto, \" srcset=\"\" alt=\"inserted-column-in-table\" width=\"690\" height=\"192\"><\/li><li> Als u meerdere aangrenzende cellen wilt invoegen, moet u eerst meerdere aangrenzende kolommen selecteren.<\/li><li> Klik nu op de optie <strong>&#8220;Invoegen&#8221;<\/strong> in het pop-upvenster en selecteer vervolgens &#8220;Tabelkolommen aan de linkerkant&#8221;. <br><img loading=\"lazy\" decoding=\"async\" title=\"kolommen-aan-de-links\" src=\"https:\/\/exceladvisor.org\/wp-content\/uploads\/2023\/08\/19-colonnes-de-tableau-multiples-a-gauche.png\" sizes=\"auto, \" srcset=\"\" alt=\"multiple-table-columns-to-the-left\" width=\"814\" height=\"207\"><\/li><li> Op dit punt zijn er twee kolommen links van de geselecteerde cellen ingevoegd. <br><img loading=\"lazy\" decoding=\"async\" title=\"d-kolommen\" src=\"https:\/\/exceladvisor.org\/wp-content\/uploads\/2023\/08\/20-colonnes-inserees-multiples.png\" sizes=\"auto, \" srcset=\"\" alt=\"multiple-inserted-columns\" width=\"818\" height=\"197\"><\/li><\/ul><h2 id=\"add-a-column-using-a-keyword-shortcut\" class=\"wp-block-heading\"> Voeg een kolom toe met behulp van een sneltoets voor trefwoorden<\/h2><ul><li> Klik eerst op de cel links waarvan u de kolom wilt invoegen. <br><img loading=\"lazy\" decoding=\"async\" title=\"I\" src=\"https:\/\/exceladvisor.org\/wp-content\/uploads\/2023\/08\/21-cliquez-sur-la-cellule.png\" sizes=\"auto, \" srcset=\"\" alt=\"click-on-the-cell\" width=\"619\" height=\"168\"><\/li><li> Druk daarna op de CTRL+SHIFT++(plus)-knop op uw toetsenbord en u krijgt een pop-upvenster.<\/li><li> Selecteer nu de optie <strong>&#8220;Gehele kolom&#8221;<\/strong> en klik op OK. <br><img decoding=\"async\" title=\"lumen-optie\" src=\"https:\/\/exceladvisor.org\/wp-content\/uploads\/2023\/08\/22-selectionner-loption-de-colonne-entiere.png\" sizes=\"\" srcset=\"\" alt=\"select-entire-column-option\"><\/li><li> Op dit punt is de kolom links van de geselecteerde kolomcel ingevoegd. <br><img loading=\"lazy\" decoding=\"async\" title=\"ted\" src=\"https:\/\/exceladvisor.org\/wp-content\/uploads\/2023\/08\/23-nouvelle-colonne-inseree.png\" sizes=\"auto, \" srcset=\"\" alt=\"new-column-inserted\" width=\"741\" height=\"170\"><\/li><\/ul><p> Mijn favoriete snelkoppelingsmethode voor het invoegen van de kolom(men) is het selecteren van de gehele kolom met een sneltoets links waarvan u de kolom wilt invoegen.<\/p><ul><li> Om dit te doen, klikt u eerst op een willekeurige cel in de kolom en drukt u op CTRL + SPACE op het toetsenbord. U zult zien dat uw hele kolom nu is geselecteerd. <br><img loading=\"lazy\" decoding=\"async\" title=\"licht\" src=\"https:\/\/exceladvisor.org\/wp-content\/uploads\/2023\/08\/24-selectionner-la-colonne-entiere.png\" sizes=\"auto, \" srcset=\"\" alt=\"select-entire-column\" width=\"598\" height=\"208\"><\/li><li> Laat nu CTRL + SPATIEBALK los, houd SHIFT + CTRL ingedrukt en druk op + (plusteken) op het toetsenbord.<\/li><li> Op dit punt is de kolom links van de geselecteerde cel ingevoegd. <br><img loading=\"lazy\" decoding=\"async\" title=\"niet\" src=\"https:\/\/exceladvisor.org\/wp-content\/uploads\/2023\/08\/25-inserer-une-nouvelle-colonne.png\" sizes=\"auto, \" srcset=\"\" alt=\"insert-new-column\" width=\"712\" height=\"213\"><\/li><\/ul><p class=\"qt-tip\"> <strong>Tip:<\/strong> U kunt meerdere keren op + (plusteken) drukken om meerdere kolommen in te voegen terwijl u SHIFT+Control ingedrukt houdt.<\/p><div class=\"gb-container gb-container-4db6181c gb-container-mt\"> <a class=\"gb-button gb-button-c5897111 gb-button-text gb-button-mt-button\" href=\"https:\/\/exceladvisor.org\/nl\/excel-basisbeginselen\/\">Basiskennis van Microsoft Excel (componenten, onderdelen en kennisnotities)<\/a><h2 class=\"gb-headline gb-headline-665e5f6b gb-headline-text gb-headline-mt-heading\"> Gerelateerde tutorials <\/h2><div class=\"gb-grid-wrapper gb-grid-wrapper-a20baf7c gb-grid-wrapper-mt-grid\"><div class=\"gb-grid-column gb-grid-column-65ddf67e\"><div class=\"gb-container gb-container-65ddf67e\"><ul><li> <a href=\"https:\/\/exceladvisor.org\/nl\/toevoegen-hyperlinks-verwijderen\/\">Hyperlinks toevoegen en verwijderen in Excel<\/a><\/li><li> <a href=\"https:\/\/exceladvisor.org\/nl\/voeg-een-watermerk-toe\/\">Voeg een watermerk toe in Excel<\/a><\/li><li> <a href=\"https:\/\/exceladvisor.org\/nl\/verwijder-verborgen-rijkolommen\/\">Verwijder verborgen rijen in Excel<\/a><\/li><li> <a href=\"https:\/\/exceladvisor.org\/nl\/deselecteer-cellen\/\">Deselecteer cellen in Excel<\/a> <\/li><\/ul><\/div><\/div><div class=\"gb-grid-column gb-grid-column-50067b57\"><div class=\"gb-container gb-container-50067b57\"><ul><li> <a href=\"https:\/\/exceladvisor.org\/nl\/lijnen-verwijderen\/\">Verwijder een rij of meerdere rijen in Excel<\/a><\/li><li> <a href=\"https:\/\/exceladvisor.org\/nl\/kolom-kopieren\/\">Kopieer en plak een kolom in Excel<\/a><\/li><li> <a href=\"https:\/\/exceladvisor.org\/nl\/rij-kolom-verplaatsen\/\">Verplaats een rij en kolom in Excel<\/a><\/li><li> <a href=\"https:\/\/exceladvisor.org\/nl\/kolombreedte\/\">Hoe u de kolombreedte in Excel kunt wijzigen<\/a><\/li><\/ul><\/div><\/div><\/div><\/div>","protected":false},"excerpt":{"rendered":"","protected":false},"author":1,"featured_media":0,"parent":0,"menu_order":0,"comment_status":"open","ping_status":"closed","template":"","meta":{"ub_ctt_via":"","footnotes":""},"class_list":["post-1843","page","type-page","status-publish","hentry"],"featured_image_src":null,"yoast_head":"<!-- This site is optimized with the Yoast SEO plugin v25.4 - https:\/\/yoast.com\/wordpress\/plugins\/seo\/ -->\n<title>\u25b7 Hoe voeg ik een kolom toe in Excel? (Tutorial 2023)<\/title>\n<meta name=\"description\" content=\"In deze zelfstudie leert u hoe u enkele en meerdere kolommen toevoegt in Excel. En we zullen ook alles leren kennen\" \/>\n<meta name=\"robots\" content=\"index, follow, max-snippet:-1, max-image-preview:large, max-video-preview:-1\" \/>\n<link rel=\"canonical\" href=\"https:\/\/exceladvisor.org\/nl\/voeg-een-kolom-toe\/\" \/>\n<meta property=\"og:locale\" content=\"nl_NL\" \/>\n<meta property=\"og:type\" content=\"article\" \/>\n<meta property=\"og:title\" content=\"\u25b7 Hoe voeg ik een kolom toe in Excel? (Tutorial 2023)\" \/>\n<meta property=\"og:description\" content=\"In deze zelfstudie leert u hoe u enkele en meerdere kolommen toevoegt in Excel. En we zullen ook alles leren kennen\" \/>\n<meta property=\"og:url\" content=\"https:\/\/exceladvisor.org\/nl\/voeg-een-kolom-toe\/\" \/>\n<meta property=\"og:site_name\" content=\"Excel Advisor\" \/>\n<meta property=\"article:modified_time\" content=\"2023-12-06T05:51:38+00:00\" \/>\n<meta property=\"og:image\" content=\"https:\/\/exceladvisor.org\/wp-content\/uploads\/2023\/08\/1-option-dinsertion.png\" \/>\n<meta name=\"twitter:card\" content=\"summary_large_image\" \/>\n<meta name=\"twitter:label1\" content=\"Geschatte leestijd\" \/>\n\t<meta name=\"twitter:data1\" content=\"4 minuten\" \/>\n<script type=\"application\/ld+json\" class=\"yoast-schema-graph\">{\"@context\":\"https:\/\/schema.org\",\"@graph\":[{\"@type\":\"WebPage\",\"@id\":\"https:\/\/exceladvisor.org\/nl\/voeg-een-kolom-toe\/\",\"url\":\"https:\/\/exceladvisor.org\/nl\/voeg-een-kolom-toe\/\",\"name\":\"\u25b7 Hoe voeg ik een kolom toe in Excel? (Tutorial 2023)\",\"isPartOf\":{\"@id\":\"https:\/\/exceladvisor.org\/nl\/#website\"},\"primaryImageOfPage\":{\"@id\":\"https:\/\/exceladvisor.org\/nl\/voeg-een-kolom-toe\/#primaryimage\"},\"image\":{\"@id\":\"https:\/\/exceladvisor.org\/nl\/voeg-een-kolom-toe\/#primaryimage\"},\"thumbnailUrl\":\"https:\/\/exceladvisor.org\/wp-content\/uploads\/2023\/08\/1-option-dinsertion.png\",\"datePublished\":\"2023-10-31T18:49:50+00:00\",\"dateModified\":\"2023-12-06T05:51:38+00:00\",\"description\":\"In deze zelfstudie leert u hoe u enkele en meerdere kolommen toevoegt in Excel. En we zullen ook alles leren kennen\",\"breadcrumb\":{\"@id\":\"https:\/\/exceladvisor.org\/nl\/voeg-een-kolom-toe\/#breadcrumb\"},\"inLanguage\":\"nl-NL\",\"potentialAction\":[{\"@type\":\"ReadAction\",\"target\":[\"https:\/\/exceladvisor.org\/nl\/voeg-een-kolom-toe\/\"]}]},{\"@type\":\"ImageObject\",\"inLanguage\":\"nl-NL\",\"@id\":\"https:\/\/exceladvisor.org\/nl\/voeg-een-kolom-toe\/#primaryimage\",\"url\":\"https:\/\/exceladvisor.org\/wp-content\/uploads\/2023\/08\/1-option-dinsertion.png\",\"contentUrl\":\"https:\/\/exceladvisor.org\/wp-content\/uploads\/2023\/08\/1-option-dinsertion.png\"},{\"@type\":\"BreadcrumbList\",\"@id\":\"https:\/\/exceladvisor.org\/nl\/voeg-een-kolom-toe\/#breadcrumb\",\"itemListElement\":[{\"@type\":\"ListItem\",\"position\":1,\"name\":\"Thuis\",\"item\":\"https:\/\/exceladvisor.org\/nl\/\"},{\"@type\":\"ListItem\",\"position\":2,\"name\":\"Hoe voeg ik een kolom toe in excel?\"}]},{\"@type\":\"WebSite\",\"@id\":\"https:\/\/exceladvisor.org\/nl\/#website\",\"url\":\"https:\/\/exceladvisor.org\/nl\/\",\"name\":\"Excel Advisor\",\"description\":\"Uw gids voor datadominantie\",\"publisher\":{\"@id\":\"https:\/\/exceladvisor.org\/nl\/#organization\"},\"potentialAction\":[{\"@type\":\"SearchAction\",\"target\":{\"@type\":\"EntryPoint\",\"urlTemplate\":\"https:\/\/exceladvisor.org\/nl\/?s={search_term_string}\"},\"query-input\":{\"@type\":\"PropertyValueSpecification\",\"valueRequired\":true,\"valueName\":\"search_term_string\"}}],\"inLanguage\":\"nl-NL\"},{\"@type\":\"Organization\",\"@id\":\"https:\/\/exceladvisor.org\/nl\/#organization\",\"name\":\"Excel Advisor\",\"url\":\"https:\/\/exceladvisor.org\/nl\/\",\"logo\":{\"@type\":\"ImageObject\",\"inLanguage\":\"nl-NL\",\"@id\":\"https:\/\/exceladvisor.org\/nl\/#\/schema\/logo\/image\/\",\"url\":\"https:\/\/exceladvisor.org\/nl\/wp-content\/uploads\/2023\/12\/exceladvisor.org_.png\",\"contentUrl\":\"https:\/\/exceladvisor.org\/nl\/wp-content\/uploads\/2023\/12\/exceladvisor.org_.png\",\"width\":105,\"height\":36,\"caption\":\"Excel Advisor\"},\"image\":{\"@id\":\"https:\/\/exceladvisor.org\/nl\/#\/schema\/logo\/image\/\"}}]}<\/script>\n<!-- \/ Yoast SEO plugin. -->","yoast_head_json":{"title":"\u25b7 Hoe voeg ik een kolom toe in Excel? (Tutorial 2023)","description":"In deze zelfstudie leert u hoe u enkele en meerdere kolommen toevoegt in Excel. En we zullen ook alles leren kennen","robots":{"index":"index","follow":"follow","max-snippet":"max-snippet:-1","max-image-preview":"max-image-preview:large","max-video-preview":"max-video-preview:-1"},"canonical":"https:\/\/exceladvisor.org\/nl\/voeg-een-kolom-toe\/","og_locale":"nl_NL","og_type":"article","og_title":"\u25b7 Hoe voeg ik een kolom toe in Excel? (Tutorial 2023)","og_description":"In deze zelfstudie leert u hoe u enkele en meerdere kolommen toevoegt in Excel. En we zullen ook alles leren kennen","og_url":"https:\/\/exceladvisor.org\/nl\/voeg-een-kolom-toe\/","og_site_name":"Excel Advisor","article_modified_time":"2023-12-06T05:51:38+00:00","og_image":[{"url":"https:\/\/exceladvisor.org\/wp-content\/uploads\/2023\/08\/1-option-dinsertion.png","type":"","width":"","height":""}],"twitter_card":"summary_large_image","twitter_misc":{"Geschatte leestijd":"4 minuten"},"schema":{"@context":"https:\/\/schema.org","@graph":[{"@type":"WebPage","@id":"https:\/\/exceladvisor.org\/nl\/voeg-een-kolom-toe\/","url":"https:\/\/exceladvisor.org\/nl\/voeg-een-kolom-toe\/","name":"\u25b7 Hoe voeg ik een kolom toe in Excel? (Tutorial 2023)","isPartOf":{"@id":"https:\/\/exceladvisor.org\/nl\/#website"},"primaryImageOfPage":{"@id":"https:\/\/exceladvisor.org\/nl\/voeg-een-kolom-toe\/#primaryimage"},"image":{"@id":"https:\/\/exceladvisor.org\/nl\/voeg-een-kolom-toe\/#primaryimage"},"thumbnailUrl":"https:\/\/exceladvisor.org\/wp-content\/uploads\/2023\/08\/1-option-dinsertion.png","datePublished":"2023-10-31T18:49:50+00:00","dateModified":"2023-12-06T05:51:38+00:00","description":"In deze zelfstudie leert u hoe u enkele en meerdere kolommen toevoegt in Excel. En we zullen ook alles leren kennen","breadcrumb":{"@id":"https:\/\/exceladvisor.org\/nl\/voeg-een-kolom-toe\/#breadcrumb"},"inLanguage":"nl-NL","potentialAction":[{"@type":"ReadAction","target":["https:\/\/exceladvisor.org\/nl\/voeg-een-kolom-toe\/"]}]},{"@type":"ImageObject","inLanguage":"nl-NL","@id":"https:\/\/exceladvisor.org\/nl\/voeg-een-kolom-toe\/#primaryimage","url":"https:\/\/exceladvisor.org\/wp-content\/uploads\/2023\/08\/1-option-dinsertion.png","contentUrl":"https:\/\/exceladvisor.org\/wp-content\/uploads\/2023\/08\/1-option-dinsertion.png"},{"@type":"BreadcrumbList","@id":"https:\/\/exceladvisor.org\/nl\/voeg-een-kolom-toe\/#breadcrumb","itemListElement":[{"@type":"ListItem","position":1,"name":"Thuis","item":"https:\/\/exceladvisor.org\/nl\/"},{"@type":"ListItem","position":2,"name":"Hoe voeg ik een kolom toe in excel?"}]},{"@type":"WebSite","@id":"https:\/\/exceladvisor.org\/nl\/#website","url":"https:\/\/exceladvisor.org\/nl\/","name":"Excel Advisor","description":"Uw gids voor datadominantie","publisher":{"@id":"https:\/\/exceladvisor.org\/nl\/#organization"},"potentialAction":[{"@type":"SearchAction","target":{"@type":"EntryPoint","urlTemplate":"https:\/\/exceladvisor.org\/nl\/?s={search_term_string}"},"query-input":{"@type":"PropertyValueSpecification","valueRequired":true,"valueName":"search_term_string"}}],"inLanguage":"nl-NL"},{"@type":"Organization","@id":"https:\/\/exceladvisor.org\/nl\/#organization","name":"Excel Advisor","url":"https:\/\/exceladvisor.org\/nl\/","logo":{"@type":"ImageObject","inLanguage":"nl-NL","@id":"https:\/\/exceladvisor.org\/nl\/#\/schema\/logo\/image\/","url":"https:\/\/exceladvisor.org\/nl\/wp-content\/uploads\/2023\/12\/exceladvisor.org_.png","contentUrl":"https:\/\/exceladvisor.org\/nl\/wp-content\/uploads\/2023\/12\/exceladvisor.org_.png","width":105,"height":36,"caption":"Excel Advisor"},"image":{"@id":"https:\/\/exceladvisor.org\/nl\/#\/schema\/logo\/image\/"}}]}},"yoast_meta":{"yoast_wpseo_title":"","yoast_wpseo_metadesc":"","yoast_wpseo_canonical":""},"_links":{"self":[{"href":"https:\/\/exceladvisor.org\/nl\/wp-json\/wp\/v2\/pages\/1843","targetHints":{"allow":["GET"]}}],"collection":[{"href":"https:\/\/exceladvisor.org\/nl\/wp-json\/wp\/v2\/pages"}],"about":[{"href":"https:\/\/exceladvisor.org\/nl\/wp-json\/wp\/v2\/types\/page"}],"author":[{"embeddable":true,"href":"https:\/\/exceladvisor.org\/nl\/wp-json\/wp\/v2\/users\/1"}],"replies":[{"embeddable":true,"href":"https:\/\/exceladvisor.org\/nl\/wp-json\/wp\/v2\/comments?post=1843"}],"version-history":[{"count":1,"href":"https:\/\/exceladvisor.org\/nl\/wp-json\/wp\/v2\/pages\/1843\/revisions"}],"predecessor-version":[{"id":2850,"href":"https:\/\/exceladvisor.org\/nl\/wp-json\/wp\/v2\/pages\/1843\/revisions\/2850"}],"wp:attachment":[{"href":"https:\/\/exceladvisor.org\/nl\/wp-json\/wp\/v2\/media?parent=1843"}],"curies":[{"name":"wp","href":"https:\/\/api.w.org\/{rel}","templated":true}]}}