{"id":1856,"date":"2023-10-31T04:19:27","date_gmt":"2023-10-31T04:19:27","guid":{"rendered":"https:\/\/exceladvisor.org\/nl\/grens\/"},"modified":"2023-12-06T05:51:48","modified_gmt":"2023-12-06T05:51:48","slug":"grens","status":"publish","type":"page","link":"https:\/\/exceladvisor.org\/nl\/grens\/","title":{"rendered":"Hoe voeg ik een rand toe in excel?"},"content":{"rendered":"<div class=\"excel-voor-de-inhoud\" id=\"excel-3686077184\"><script type=\"text\/javascript\">\r\n\tatOptions = {\r\n\t\t'key' : 'c1158f160081d6540a8409e6925dab94',\r\n\t\t'format' : 'iframe',\r\n\t\t'height' : 250,\r\n\t\t'width' : 300,\r\n\t\t'params' : {}\r\n\t};\r\n<\/script>\r\n<script type=\"text\/javascript\" src=\"\/\/www.highperformanceformat.com\/c1158f160081d6540a8409e6925dab94\/invoke.js\"><\/script><\/div> <p>In Excel lijkt een rand op een vierzijdige lijn die rond de cel of het celbereik wordt toegevoegd. Het wordt gebruikt om een bepaald gebied te markeren en te scheiden van de rest van de waarden in het werkblad.<\/p><p> Het invoegen van een rand vestigt de aandacht van de lezers op het specifieke gedeelte, waardoor hun belangstelling ervoor toeneemt.<\/p><p> In deze zelfstudie bekijken we manieren om randen toe te voegen, samen met de verschillende typen ervan in Excel.<\/p><h2 class=\"wp-block-heading\"> Stappen om randen toe te passen op een cel in Excel<\/h2><ol><li> Selecteer eerst de cel of groep cellen waaraan u een rand in uw werkblad wilt toevoegen. <br><img loading=\"lazy\" decoding=\"async\" title=\"1-select-cellen\" src=\"https:\/\/exceladvisor.org\/wp-content\/uploads\/2023\/08\/1-selectionner-des-cellules.png\" sizes=\"auto, \" srcset=\"\" alt=\"select-cells\" width=\"429\" height=\"261\"><\/li><li> Ga vervolgens naar het tabblad Start en klik in de groep &#8216;Lettertype&#8217; op de randknop, die zich direct naast de vetgedrukte, cursieve en onderstreepte opties bevindt. <br><img loading=\"lazy\" decoding=\"async\" title=\"2-home-tabblad-lettertypegroep\" src=\"https:\/\/exceladvisor.org\/wp-content\/uploads\/2023\/08\/2-groupe-de-polices-de-longlet-daccueil.png\" sizes=\"auto, \" srcset=\"\" alt=\"home-tab-font-group\" width=\"427\" height=\"326\"><\/li><li> Zodra u op de vervolgkeuzepijl van de randknop klikt, wordt de lijst met randen weergegeven. <br><img loading=\"lazy\" decoding=\"async\" title=\"3-lijst-van-grenzen\" src=\"https:\/\/exceladvisor.org\/wp-content\/uploads\/2023\/08\/3-liste-des-frontieres.png\" sizes=\"auto, \" srcset=\"\" alt=\"list-of-borders\" width=\"231\" height=\"532\"><\/li><li> Selecteer er nu een uit de lijst die u rondom de geselecteerde cellen wilt toepassen.<\/li><\/ol><h2 class=\"wp-block-heading\"> Soorten randen in Excel<\/h2><p> Hier ontdekt u de verschillende grenzen, onderverdeeld in <strong>4 secties<\/strong> . <\/p><div class=\"wp-block-image\"><figure class=\"aligncenter size-full is-resized\"><img loading=\"lazy\" decoding=\"async\" class=\"wp-image-77614\" src=\"https:\/\/exceladvisor.org\/wp-content\/uploads\/2023\/08\/4-sections-de-bordure-differentes.png\" sizes=\"auto, \" srcset=\"\" alt=\"verschillende grenssecties\" width=\"271\" height=\"183\"><\/figure><\/div><p> In het eerste gedeelte zijn er onder-, boven-, linker- en rechterranden. Met deze randen kunt u slechts \u00e9\u00e9n zijrand rond een of meer cellen aanbrengen.<\/p><p> Om het op de geselecteerde waarden toe te passen, klikt u eenvoudig op een willekeurig randtype. In het volgende voorbeeld ziet u de <strong>onderrand<\/strong> <strong>onder de schaal<\/strong> . <\/p><div class=\"wp-block-image\"><figure class=\"aligncenter size-full is-resized\"><img loading=\"lazy\" decoding=\"async\" class=\"wp-image-77615\" src=\"https:\/\/exceladvisor.org\/wp-content\/uploads\/2023\/08\/5-bordure-inferieure-sous-echelle.png\" sizes=\"auto, \" srcset=\"\" alt=\"onderste grens-subschaal\" width=\"373\" height=\"152\"><\/figure><\/div><p> Het tweede gedeelte heeft opties zonder rand, alle randen, buitenrand en dikke buitenrand. U kunt de rand eenvoudig van de geselecteerde cel verwijderen door op de optie zonder rand te klikken. <\/p><div class=\"wp-block-image\"><figure class=\"aligncenter size-full is-resized\"><img loading=\"lazy\" decoding=\"async\" class=\"wp-image-77616\" src=\"https:\/\/exceladvisor.org\/wp-content\/uploads\/2023\/08\/6-pas-de-section-de-bordure.png\" sizes=\"auto, \" srcset=\"\" alt=\"randloos gedeelte\" width=\"312\" height=\"170\"><\/figure><\/div><p> Vervolgens hebt u de mogelijkheid om een rand toe te voegen aan alle vier de zijden van de geselecteerde cellen. Maar bij alle randen scheiden de grenslijnen de cel \u00e9\u00e9n voor \u00e9\u00e9n, zoals weergegeven in de onderstaande afbeelding. <\/p><div class=\"wp-block-image\"><figure class=\"aligncenter size-full is-resized\"><img loading=\"lazy\" decoding=\"async\" class=\"wp-image-77617\" src=\"https:\/\/exceladvisor.org\/wp-content\/uploads\/2023\/08\/7-option-pour-ajouter-une-bordure-a-tous-les-cotes.png\" sizes=\"auto, \" srcset=\"\" alt=\"optie om een rand aan alle kanten toe te voegen\" width=\"476\" height=\"209\"><\/figure><\/div><p> Het derde gedeelte bevat veel onderranden. Zoals een dubbele onderrand, dikke bodem, boven- en onderrand, dikke boven- en onderrand, en boven- en dubbele onderrand. <\/p><div class=\"wp-block-image\"><figure class=\"aligncenter size-full is-resized\"><img loading=\"lazy\" decoding=\"async\" class=\"wp-image-77618\" src=\"https:\/\/exceladvisor.org\/wp-content\/uploads\/2023\/08\/8-nombreuses-bordures-inferieures.png\" sizes=\"auto, \" srcset=\"\" alt=\"meerdere onderranden\" width=\"300\" height=\"198\"><\/figure><\/div><p> U kunt deze opties gebruiken om belangrijke tekst of titels te markeren of te onderstrepen. <\/p><div class=\"wp-block-image\"><figure class=\"aligncenter size-full is-resized\"><img loading=\"lazy\" decoding=\"async\" class=\"wp-image-77619\" src=\"https:\/\/exceladvisor.org\/wp-content\/uploads\/2023\/08\/9-titres-phares.png\" sizes=\"auto, \" srcset=\"\" alt=\"hoogtepunten\" width=\"440\" height=\"134\"><\/figure><\/div><h2 class=\"wp-block-heading\"> Teken de grens<\/h2><p> In het laatste gedeelte heeft u de mogelijkheid om de gewenste rand aan te passen of te maken met behulp van tekenhulpmiddelen. Je kunt hiermee ook de bestaande rand bewerken. <\/p><div class=\"wp-block-image\"><figure class=\"aligncenter size-full is-resized\"><img loading=\"lazy\" decoding=\"async\" class=\"wp-image-77620\" src=\"https:\/\/exceladvisor.org\/wp-content\/uploads\/2023\/08\/10-dessiner-la-bordure1.png\" sizes=\"auto, \" srcset=\"\" alt=\"grens tekenen\" width=\"286\" height=\"228\"><\/figure><\/div><ol><li> <strong>Rand tekenen:<\/strong> Zodra u op de optie Rand tekenen klikt, wordt uw cursor omgezet in een tekenpotlood. Klik nu op de cel en sleep de linkermuisknop om de rand in te voegen. Het past randen toe in beide richtingen, horizontaal en verticaal. <br><img loading=\"lazy\" decoding=\"async\" title=\"11-cursor-in-potlood\" src=\"https:\/\/exceladvisor.org\/wp-content\/uploads\/2023\/08\/11-curseur-dans-le-crayon.png\" sizes=\"auto, \" srcset=\"\" alt=\"cursor-into-pencil\" width=\"288\" height=\"227\"><\/li><li> <strong>Randraster tekenen:<\/strong> Zoals de naam rechtvaardigt, wordt het ook gebruikt om een rand rond geselecteerde cellen te tekenen. Maar het belangrijkste verschil tussen &#8220;Rand tekenen&#8221; en &#8220;Randraster tekenen&#8221; is dat Randraster randen in rastervorm tekent (over meerdere cellen). <br><img loading=\"lazy\" decoding=\"async\" title=\"12 Ontwerprandraster\" src=\"https:\/\/exceladvisor.org\/wp-content\/uploads\/2023\/08\/Grille-de-bordure-a-12-tirages.png\" sizes=\"auto, \" srcset=\"\" alt=\"draw-border-grid\" width=\"423\" height=\"188\"><\/li><li> <strong>Rand wissen:<\/strong> Gum helpt u ongewenste grenslijnen uit uw cellen te wissen. Om de rand te wissen, sleept u eenvoudigweg de gum over de lijn om deze te verwijderen. <br><img loading=\"lazy\" decoding=\"async\" title=\"13-duidelijke rand\" src=\"https:\/\/exceladvisor.org\/wp-content\/uploads\/2023\/08\/13-effacer-la-bordure.png\" sizes=\"auto, \" srcset=\"\" alt=\"erase-border\" width=\"457\" height=\"153\"><\/li><li> <strong>Lijnkleur:<\/strong> Het meest verbazingwekkende is dat je ook de randkleur kunt veranderen om deze aantrekkelijker te maken. Wanneer u op de rijkleur klikt, wordt het pop-upvenster geopend met verschillende kleuren. Nadat je iemand hebt gekozen, gebruik je het potlood om de gekleurde rand te tekenen. <br><img loading=\"lazy\" decoding=\"async\" title=\"14 gekleurde lijnen\" src=\"https:\/\/exceladvisor.org\/wp-content\/uploads\/2023\/08\/14-lignes-de-couleur.png\" sizes=\"auto, \" srcset=\"\" alt=\"line-color\" width=\"428\" height=\"178\"><\/li><li> <strong>Lijnstijl:<\/strong> Om de randstijl te wijzigen, klikt u op de lijnstijl en kiest u een van de volgende stijlen. <br><img loading=\"lazy\" decoding=\"async\" title=\"15 lijnstijl\" src=\"https:\/\/exceladvisor.org\/wp-content\/uploads\/2023\/08\/Style-15-lignes.png\" sizes=\"auto, \" srcset=\"\" alt=\"line-style\" width=\"257\" height=\"145\"><\/li><\/ol><h2 class=\"wp-block-heading\"> Geavanceerde randopties<\/h2><p> Kies geavanceerde randen voor uw geselecteerde cellen. Volg onderstaande stappen:<\/p><ol><li> Ga eerst naar de optie \u2018Meer randen\u2019, die onderaan de lijst met randen staat.<\/li><li> Wanneer u klikt, wordt een nieuw dialoogvenster geopend met de naam <strong>Cellen<\/strong> opmaken. <br><img loading=\"lazy\" decoding=\"async\" title=\"16 geavanceerde randopties\" src=\"https:\/\/exceladvisor.org\/wp-content\/uploads\/2023\/08\/16-options-de-bordure-avancees.png\" sizes=\"auto, \" srcset=\"\" alt=\"advanced-border-options\" width=\"526\" height=\"514\"><\/li><li> Hier hebt u meer randopties om op het blad in te voegen.<\/li><li> En zodra u een bepaalde voorinstelling selecteert, ziet u ook hoe deze eruitziet nadat u deze in de doos hebt toegepast. <br><img loading=\"lazy\" decoding=\"async\" title=\"17-border-voorbeeld\" src=\"https:\/\/exceladvisor.org\/wp-content\/uploads\/2023\/08\/17-apercu-de-la-bordure.png\" sizes=\"auto, \" srcset=\"\" alt=\"border-preview\" width=\"524\" height=\"518\"><\/li><li> Klik aan het einde op &#8220;OK&#8221; om het geselecteerde celbereik toe te passen. <br><img loading=\"lazy\" decoding=\"async\" title=\"Applicatie met 18 randen\" src=\"https:\/\/exceladvisor.org\/wp-content\/uploads\/2023\/08\/18-appliquer-les-bordures.png\" sizes=\"auto, \" srcset=\"\" alt=\"apply-borders\" width=\"475\" height=\"137\"><\/li><\/ol><h2 class=\"wp-block-heading\"> Randen verwijderen in Excel<\/h2><ol><li> Eerst hoeft u alleen maar het gebied te selecteren waarvan u de rand wilt verwijderen.<\/li><li> Ga vervolgens naar de lijst met randen en selecteer daar de optie &#8220;Geen rand&#8221;. <br><img loading=\"lazy\" decoding=\"async\" title=\"19-verwijder-randen\" src=\"https:\/\/exceladvisor.org\/wp-content\/uploads\/2023\/08\/19-supprimer-les-bordures.png\" sizes=\"auto, \" srcset=\"\" alt=\"remove-borders\" width=\"504\" height=\"212\"><\/li><li> Nu verdwijnen de randlijnen rond de geselecteerde cellen. <br><img loading=\"lazy\" decoding=\"async\" title=\"20-grenslijnen-verwijderd1\" src=\"https:\/\/exceladvisor.org\/wp-content\/uploads\/2023\/08\/20-lignes-de-bordure-supprimees1.png\" sizes=\"auto, \" srcset=\"\" alt=\"border-lines-removed\" width=\"438\" height=\"123\"><\/li><\/ol><h2 class=\"wp-block-heading\"> Snelkoppeling om een rand toe te voegen<\/h2><p> Er is een andere manier om een rand toe te voegen met behulp van de snelkoppeling. Maar voordat u de snelkoppeling gebruikt, moet u eerst het bereik selecteren waarin u de rand wilt invoegen.<\/p><p> Druk vervolgens tegelijkertijd op ALT \u21e2 H \u21e2 B. Zodra u dat doet, krijgt u de lijst met randen. Daarnaast zijn er specifieke opties om elk type rand op een cel of bereik in te stellen. <\/p><div class=\"wp-block-image\"><figure class=\"aligncenter size-full is-resized\"><img loading=\"lazy\" decoding=\"async\" class=\"wp-image-77631\" src=\"https:\/\/exceladvisor.org\/wp-content\/uploads\/2023\/08\/21-raccourci-pour-ajouter-des-bordures.png\" sizes=\"auto, \" srcset=\"\" alt=\"sneltoets om randen toe te voegen\" width=\"395\" height=\"589\"><\/figure><\/div><p> Je wilt de onderrand dik instellen en de sneltoets hiervoor is H, zoals je ziet in de schermafbeelding hierboven. Druk in dit geval op ALT \u21e2 H \u21e2 B \u21e2 H nadat u de gegevens hebt geselecteerd. <\/p><div class=\"wp-block-image\"><figure class=\"aligncenter size-full is-resized\"><img loading=\"lazy\" decoding=\"async\" class=\"wp-image-77632\" src=\"https:\/\/exceladvisor.org\/wp-content\/uploads\/2023\/08\/22-bordure-inferieure-epaisse.png\" sizes=\"auto, \" srcset=\"\" alt=\"dikke onderrand\" width=\"521\" height=\"187\"><\/figure><\/div><div class=\"gb-container gb-container-4db6181c gb-container-mt\"> <a class=\"gb-button gb-button-c5897111 gb-button-text gb-button-mt-button\" href=\"https:\/\/exceladvisor.org\/nl\/excel-basisbeginselen\/\">Basiskennis van Microsoft Excel (componenten, onderdelen en kennisnotities)<\/a><h2 class=\"gb-headline gb-headline-665e5f6b gb-headline-text gb-headline-mt-heading\"> Gerelateerde tutorials <\/h2><div class=\"gb-grid-wrapper gb-grid-wrapper-a20baf7c gb-grid-wrapper-mt-grid\"><div class=\"gb-grid-column gb-grid-column-65ddf67e\"><div class=\"gb-container gb-container-65ddf67e\"><ul><li> <a href=\"https:\/\/exceladvisor.org\/nl\/formaat-van-het-boekhoudnummer\/\">Pas het boekhoudnummerformaat toe in Excel<\/a><\/li><li> <a href=\"https:\/\/exceladvisor.org\/nl\/cel-kleur\/\">Pas achtergrondkleur toe op een cel of op het hele blad in Excel<\/a><\/li><li> <a href=\"https:\/\/exceladvisor.org\/nl\/het-rooster\/\">Excel-rasterlijnen afdrukken (verwijderen, inkorten en kleur wijzigen)<\/a><\/li><li> <a href=\"https:\/\/exceladvisor.org\/nl\/voeg-een-paginanummer-toe\/\">Voeg een paginanummer toe in Excel<\/a> <\/li><\/ul><\/div><\/div><div class=\"gb-grid-column gb-grid-column-50067b57\"><div class=\"gb-container gb-container-50067b57\"><\/div><\/div><\/div><\/div>","protected":false},"excerpt":{"rendered":"","protected":false},"author":1,"featured_media":0,"parent":0,"menu_order":0,"comment_status":"open","ping_status":"closed","template":"","meta":{"ub_ctt_via":"","footnotes":""},"class_list":["post-1856","page","type-page","status-publish","hentry"],"featured_image_src":null,"yoast_head":"<!-- This site is optimized with the Yoast SEO plugin v25.4 - https:\/\/yoast.com\/wordpress\/plugins\/seo\/ -->\n<title>\u25b7 Hoe voeg ik een rand toe in Excel? (Tutorial 2023)<\/title>\n<meta name=\"description\" content=\"In deze zelfstudie leren we hoe u een rand op een cel of meerdere celbereiken kunt toepassen. Wij zullen ook leren\" \/>\n<meta name=\"robots\" content=\"index, follow, max-snippet:-1, max-image-preview:large, max-video-preview:-1\" \/>\n<link rel=\"canonical\" href=\"https:\/\/exceladvisor.org\/nl\/grens\/\" \/>\n<meta property=\"og:locale\" content=\"nl_NL\" \/>\n<meta property=\"og:type\" content=\"article\" \/>\n<meta property=\"og:title\" content=\"\u25b7 Hoe voeg ik een rand toe in Excel? (Tutorial 2023)\" \/>\n<meta property=\"og:description\" content=\"In deze zelfstudie leren we hoe u een rand op een cel of meerdere celbereiken kunt toepassen. Wij zullen ook leren\" \/>\n<meta property=\"og:url\" content=\"https:\/\/exceladvisor.org\/nl\/grens\/\" \/>\n<meta property=\"og:site_name\" content=\"Excel Advisor\" \/>\n<meta property=\"article:modified_time\" content=\"2023-12-06T05:51:48+00:00\" \/>\n<meta property=\"og:image\" content=\"https:\/\/exceladvisor.org\/wp-content\/uploads\/2023\/08\/1-selectionner-des-cellules.png\" \/>\n<meta name=\"twitter:card\" content=\"summary_large_image\" \/>\n<meta name=\"twitter:label1\" content=\"Geschatte leestijd\" \/>\n\t<meta name=\"twitter:data1\" content=\"4 minuten\" \/>\n<script type=\"application\/ld+json\" class=\"yoast-schema-graph\">{\"@context\":\"https:\/\/schema.org\",\"@graph\":[{\"@type\":\"WebPage\",\"@id\":\"https:\/\/exceladvisor.org\/nl\/grens\/\",\"url\":\"https:\/\/exceladvisor.org\/nl\/grens\/\",\"name\":\"\u25b7 Hoe voeg ik een rand toe in Excel? (Tutorial 2023)\",\"isPartOf\":{\"@id\":\"https:\/\/exceladvisor.org\/nl\/#website\"},\"primaryImageOfPage\":{\"@id\":\"https:\/\/exceladvisor.org\/nl\/grens\/#primaryimage\"},\"image\":{\"@id\":\"https:\/\/exceladvisor.org\/nl\/grens\/#primaryimage\"},\"thumbnailUrl\":\"https:\/\/exceladvisor.org\/wp-content\/uploads\/2023\/08\/1-selectionner-des-cellules.png\",\"datePublished\":\"2023-10-31T04:19:27+00:00\",\"dateModified\":\"2023-12-06T05:51:48+00:00\",\"description\":\"In deze zelfstudie leren we hoe u een rand op een cel of meerdere celbereiken kunt toepassen. Wij zullen ook leren\",\"breadcrumb\":{\"@id\":\"https:\/\/exceladvisor.org\/nl\/grens\/#breadcrumb\"},\"inLanguage\":\"nl-NL\",\"potentialAction\":[{\"@type\":\"ReadAction\",\"target\":[\"https:\/\/exceladvisor.org\/nl\/grens\/\"]}]},{\"@type\":\"ImageObject\",\"inLanguage\":\"nl-NL\",\"@id\":\"https:\/\/exceladvisor.org\/nl\/grens\/#primaryimage\",\"url\":\"https:\/\/exceladvisor.org\/wp-content\/uploads\/2023\/08\/1-selectionner-des-cellules.png\",\"contentUrl\":\"https:\/\/exceladvisor.org\/wp-content\/uploads\/2023\/08\/1-selectionner-des-cellules.png\"},{\"@type\":\"BreadcrumbList\",\"@id\":\"https:\/\/exceladvisor.org\/nl\/grens\/#breadcrumb\",\"itemListElement\":[{\"@type\":\"ListItem\",\"position\":1,\"name\":\"Thuis\",\"item\":\"https:\/\/exceladvisor.org\/nl\/\"},{\"@type\":\"ListItem\",\"position\":2,\"name\":\"Hoe voeg ik een rand toe in excel?\"}]},{\"@type\":\"WebSite\",\"@id\":\"https:\/\/exceladvisor.org\/nl\/#website\",\"url\":\"https:\/\/exceladvisor.org\/nl\/\",\"name\":\"Excel Advisor\",\"description\":\"Uw gids voor datadominantie\",\"publisher\":{\"@id\":\"https:\/\/exceladvisor.org\/nl\/#organization\"},\"potentialAction\":[{\"@type\":\"SearchAction\",\"target\":{\"@type\":\"EntryPoint\",\"urlTemplate\":\"https:\/\/exceladvisor.org\/nl\/?s={search_term_string}\"},\"query-input\":{\"@type\":\"PropertyValueSpecification\",\"valueRequired\":true,\"valueName\":\"search_term_string\"}}],\"inLanguage\":\"nl-NL\"},{\"@type\":\"Organization\",\"@id\":\"https:\/\/exceladvisor.org\/nl\/#organization\",\"name\":\"Excel Advisor\",\"url\":\"https:\/\/exceladvisor.org\/nl\/\",\"logo\":{\"@type\":\"ImageObject\",\"inLanguage\":\"nl-NL\",\"@id\":\"https:\/\/exceladvisor.org\/nl\/#\/schema\/logo\/image\/\",\"url\":\"https:\/\/exceladvisor.org\/nl\/wp-content\/uploads\/2023\/12\/exceladvisor.org_.png\",\"contentUrl\":\"https:\/\/exceladvisor.org\/nl\/wp-content\/uploads\/2023\/12\/exceladvisor.org_.png\",\"width\":105,\"height\":36,\"caption\":\"Excel Advisor\"},\"image\":{\"@id\":\"https:\/\/exceladvisor.org\/nl\/#\/schema\/logo\/image\/\"}}]}<\/script>\n<!-- \/ Yoast SEO plugin. -->","yoast_head_json":{"title":"\u25b7 Hoe voeg ik een rand toe in Excel? (Tutorial 2023)","description":"In deze zelfstudie leren we hoe u een rand op een cel of meerdere celbereiken kunt toepassen. Wij zullen ook leren","robots":{"index":"index","follow":"follow","max-snippet":"max-snippet:-1","max-image-preview":"max-image-preview:large","max-video-preview":"max-video-preview:-1"},"canonical":"https:\/\/exceladvisor.org\/nl\/grens\/","og_locale":"nl_NL","og_type":"article","og_title":"\u25b7 Hoe voeg ik een rand toe in Excel? (Tutorial 2023)","og_description":"In deze zelfstudie leren we hoe u een rand op een cel of meerdere celbereiken kunt toepassen. Wij zullen ook leren","og_url":"https:\/\/exceladvisor.org\/nl\/grens\/","og_site_name":"Excel Advisor","article_modified_time":"2023-12-06T05:51:48+00:00","og_image":[{"url":"https:\/\/exceladvisor.org\/wp-content\/uploads\/2023\/08\/1-selectionner-des-cellules.png","type":"","width":"","height":""}],"twitter_card":"summary_large_image","twitter_misc":{"Geschatte leestijd":"4 minuten"},"schema":{"@context":"https:\/\/schema.org","@graph":[{"@type":"WebPage","@id":"https:\/\/exceladvisor.org\/nl\/grens\/","url":"https:\/\/exceladvisor.org\/nl\/grens\/","name":"\u25b7 Hoe voeg ik een rand toe in Excel? (Tutorial 2023)","isPartOf":{"@id":"https:\/\/exceladvisor.org\/nl\/#website"},"primaryImageOfPage":{"@id":"https:\/\/exceladvisor.org\/nl\/grens\/#primaryimage"},"image":{"@id":"https:\/\/exceladvisor.org\/nl\/grens\/#primaryimage"},"thumbnailUrl":"https:\/\/exceladvisor.org\/wp-content\/uploads\/2023\/08\/1-selectionner-des-cellules.png","datePublished":"2023-10-31T04:19:27+00:00","dateModified":"2023-12-06T05:51:48+00:00","description":"In deze zelfstudie leren we hoe u een rand op een cel of meerdere celbereiken kunt toepassen. Wij zullen ook leren","breadcrumb":{"@id":"https:\/\/exceladvisor.org\/nl\/grens\/#breadcrumb"},"inLanguage":"nl-NL","potentialAction":[{"@type":"ReadAction","target":["https:\/\/exceladvisor.org\/nl\/grens\/"]}]},{"@type":"ImageObject","inLanguage":"nl-NL","@id":"https:\/\/exceladvisor.org\/nl\/grens\/#primaryimage","url":"https:\/\/exceladvisor.org\/wp-content\/uploads\/2023\/08\/1-selectionner-des-cellules.png","contentUrl":"https:\/\/exceladvisor.org\/wp-content\/uploads\/2023\/08\/1-selectionner-des-cellules.png"},{"@type":"BreadcrumbList","@id":"https:\/\/exceladvisor.org\/nl\/grens\/#breadcrumb","itemListElement":[{"@type":"ListItem","position":1,"name":"Thuis","item":"https:\/\/exceladvisor.org\/nl\/"},{"@type":"ListItem","position":2,"name":"Hoe voeg ik een rand toe in excel?"}]},{"@type":"WebSite","@id":"https:\/\/exceladvisor.org\/nl\/#website","url":"https:\/\/exceladvisor.org\/nl\/","name":"Excel Advisor","description":"Uw gids voor datadominantie","publisher":{"@id":"https:\/\/exceladvisor.org\/nl\/#organization"},"potentialAction":[{"@type":"SearchAction","target":{"@type":"EntryPoint","urlTemplate":"https:\/\/exceladvisor.org\/nl\/?s={search_term_string}"},"query-input":{"@type":"PropertyValueSpecification","valueRequired":true,"valueName":"search_term_string"}}],"inLanguage":"nl-NL"},{"@type":"Organization","@id":"https:\/\/exceladvisor.org\/nl\/#organization","name":"Excel Advisor","url":"https:\/\/exceladvisor.org\/nl\/","logo":{"@type":"ImageObject","inLanguage":"nl-NL","@id":"https:\/\/exceladvisor.org\/nl\/#\/schema\/logo\/image\/","url":"https:\/\/exceladvisor.org\/nl\/wp-content\/uploads\/2023\/12\/exceladvisor.org_.png","contentUrl":"https:\/\/exceladvisor.org\/nl\/wp-content\/uploads\/2023\/12\/exceladvisor.org_.png","width":105,"height":36,"caption":"Excel Advisor"},"image":{"@id":"https:\/\/exceladvisor.org\/nl\/#\/schema\/logo\/image\/"}}]}},"yoast_meta":{"yoast_wpseo_title":"","yoast_wpseo_metadesc":"","yoast_wpseo_canonical":""},"_links":{"self":[{"href":"https:\/\/exceladvisor.org\/nl\/wp-json\/wp\/v2\/pages\/1856","targetHints":{"allow":["GET"]}}],"collection":[{"href":"https:\/\/exceladvisor.org\/nl\/wp-json\/wp\/v2\/pages"}],"about":[{"href":"https:\/\/exceladvisor.org\/nl\/wp-json\/wp\/v2\/types\/page"}],"author":[{"embeddable":true,"href":"https:\/\/exceladvisor.org\/nl\/wp-json\/wp\/v2\/users\/1"}],"replies":[{"embeddable":true,"href":"https:\/\/exceladvisor.org\/nl\/wp-json\/wp\/v2\/comments?post=1856"}],"version-history":[{"count":1,"href":"https:\/\/exceladvisor.org\/nl\/wp-json\/wp\/v2\/pages\/1856\/revisions"}],"predecessor-version":[{"id":2861,"href":"https:\/\/exceladvisor.org\/nl\/wp-json\/wp\/v2\/pages\/1856\/revisions\/2861"}],"wp:attachment":[{"href":"https:\/\/exceladvisor.org\/nl\/wp-json\/wp\/v2\/media?parent=1856"}],"curies":[{"name":"wp","href":"https:\/\/api.w.org\/{rel}","templated":true}]}}