{"id":1861,"date":"2023-10-30T22:32:19","date_gmt":"2023-10-30T22:32:19","guid":{"rendered":"https:\/\/exceladvisor.org\/nl\/combineer-datum-en-tijd\/"},"modified":"2023-12-06T05:57:00","modified_gmt":"2023-12-06T05:57:00","slug":"combineer-datum-en-tijd","status":"publish","type":"page","link":"https:\/\/exceladvisor.org\/nl\/combineer-datum-en-tijd\/","title":{"rendered":"Hoe datum en tijd combineren in excel?"},"content":{"rendered":"<div class=\"excel-voor-de-inhoud\" id=\"excel-3680900433\"><script type=\"text\/javascript\">\r\n\tatOptions = {\r\n\t\t'key' : 'c1158f160081d6540a8409e6925dab94',\r\n\t\t'format' : 'iframe',\r\n\t\t'height' : 250,\r\n\t\t'width' : 300,\r\n\t\t'params' : {}\r\n\t};\r\n<\/script>\r\n<script type=\"text\/javascript\" src=\"\/\/www.highperformanceformat.com\/c1158f160081d6540a8409e6925dab94\/invoke.js\"><\/script><\/div> <p>Excel slaat een datum op als een getal en de tijd als decimaal. U kunt desgewenst de datum en tijd combineren en beide in \u00e9\u00e9n cel weergeven. <\/p><div class=\"wp-block-image\"><figure class=\"aligncenter size-full is-resized\"><img loading=\"lazy\" decoding=\"async\" class=\"wp-image-74859\" src=\"https:\/\/exceladvisor.org\/wp-content\/uploads\/2023\/08\/1-combiner-date-et-heure.png\" sizes=\"auto, \" srcset=\"\" alt=\"combineer-datum-en-tijd\" width=\"700\" height=\"150\"><\/figure><\/div><p> In deze zelfstudie leert u twee eenvoudig te volgen methoden:<\/p><ul><li> Gebruik Ampersand om gegevens en tijd te combineren.<\/li><li> Gebruik de TEXT-functie om de twee aan elkaar te koppelen.<\/li><\/ul><h2 class=\"wp-block-heading\"> Toegevoegd om datum en tijd in \u00e9\u00e9n cel te combineren<\/h2><p> Zoals ik al zei, is een datum in Excel een geheel getal en is de tijd een decimaal getal. Wanneer u beide in \u00e9\u00e9n cel combineert, worden ze een re\u00ebel getal en daarna hoeft u alleen maar de datum- en tijdnotatie op de cel toe te passen. <\/p><div class=\"wp-block-image\"><figure class=\"aligncenter size-full is-resized\"><img loading=\"lazy\" decoding=\"async\" class=\"wp-image-74860\" src=\"https:\/\/exceladvisor.org\/wp-content\/uploads\/2023\/08\/2-combiner-la-date-et-lheure-dans-une-cellule.png\" sizes=\"auto, \" srcset=\"\" alt=\"combineer-datum-en-tijd-in-\u00e9\u00e9n-cel\" width=\"623\" height=\"173\"><\/figure><\/div><ol type=\"1\"><li> Bewerk eerst de cel en voer daarin \u201c=\u201d in.<\/li><li> Raadpleeg daarna de cel met de datum (A2).<\/li><li> Voer vervolgens het toevoegingsteken in.<\/li><li> Kijk nu naar de cel met de tijd (B2).<\/li><li> Druk aan het einde op Enter om de gecombineerde datum en tijd op te halen. <\/li><\/ol><div class=\"wp-block-image\"><figure class=\"aligncenter size-full is-resized\"><img loading=\"lazy\" decoding=\"async\" class=\"wp-image-74861\" src=\"https:\/\/exceladvisor.org\/wp-content\/uploads\/2023\/08\/3-valeur-de-date-et-dheure-dans-une-cellule.png\" sizes=\"auto, \" srcset=\"\" alt=\"datum-tijd-waarde-in-een-cel\" width=\"728\" height=\"276\"><\/figure><\/div><p> Op het moment dat u op Enter drukt, krijgt u een datum- en tijdwaarde in de cel, net zoals in het bovenstaande voorbeeld. U kunt zien dat u een aangepast formaat heeft in de vervolgkeuzelijst met opmaak.<\/p><p> Dit komt omdat u de datum en tijd in \u00e9\u00e9n cel hebt gecombineerd en Excel daarvoor aangepaste opmaak heeft toegepast. En als u het dialoogvenster met de opmaakopties opent, kunt u zien dat er aangepaste opmaak is. <\/p><div class=\"wp-block-image\"><figure class=\"aligncenter size-full is-resized\"><img loading=\"lazy\" decoding=\"async\" class=\"wp-image-74862\" src=\"https:\/\/exceladvisor.org\/wp-content\/uploads\/2023\/08\/4-formatage-personnalise.png\" sizes=\"auto, \" srcset=\"\" alt=\"aangepaste opmaak\" width=\"717\" height=\"355\"><\/figure><\/div><h2 class=\"wp-block-heading\"> TEXT-functie om datum en tijd samen te voegen<\/h2><p> Om de datum en tijd te combineren, moet u de tekstfunctie twee keer gebruiken met de CONCAT:<\/p><ol><li> In het eerste deel moet u naar de cel met de datum verwijzen en het gewenste formaat opgeven.<\/li><li> En in het tweede deel moet je naar de tijd verwijzen en het gewenste formaat opgeven.<\/li><li> In het derde deel moet je CONCAT gebruiken om de twee te combineren met een spatie ertussen. <\/li><\/ol><div class=\"wp-block-image\"><figure class=\"aligncenter size-full is-resized\"><img loading=\"lazy\" decoding=\"async\" class=\"wp-image-74863\" src=\"https:\/\/exceladvisor.org\/wp-content\/uploads\/2023\/08\/5-fonction-de-texte-pour-combiner-la-date-et-lheure.png\" sizes=\"auto, \" srcset=\"\" alt=\"tekstfunctie om datum en tijd te combineren\" width=\"677\" height=\"312\"><\/figure><\/div><pre class=\"wp-block-code\"> <code class=\"language-excel-formula\" lang=\"excel-formula\">=TEXT(A2,\"DD-MMM-YYYY\")&amp;\" \"&amp;TEXT(B2,\"HH:MM:SS\")<\/code><\/pre><div class=\"wp-block-image\"><figure class=\"aligncenter size-full is-resized\"><img loading=\"lazy\" decoding=\"async\" class=\"wp-image-74864\" src=\"https:\/\/exceladvisor.org\/wp-content\/uploads\/2023\/08\/6-fonction-de-texte-avec-concat.png\" sizes=\"auto, \" srcset=\"\" alt=\"tekst-functie-met-concat\" width=\"577\" height=\"141\"><\/figure><\/div><p> Wanneer u CONCAT gebruikt, moet u de waarden opgeven in de argumenten die u wilt <a href=\"https:\/\/exceladvisor.org\/nl\/een-reeks-cellen-aaneenschakelen\/\">combineren<\/a> . En je hebt de drie waarden die je hier moet combineren.<\/p><ol type=\"1\"><li> De eerste tekstfunctie is om de datum op te halen en een formaat toe te passen.<\/li><li> Een ruimte ertussen<\/li><li> De tweede tekstfunctie is om de tijdswaarde op te halen en een formaat toe te passen.<\/li><\/ol><p> En als u een ander formaat voor de datum en tijd wilt, kunt u dit vanuit de functie wijzigen. <\/p><div class=\"wp-block-image\"><figure class=\"aligncenter size-full is-resized\"><img loading=\"lazy\" decoding=\"async\" class=\"wp-image-74865\" src=\"https:\/\/exceladvisor.org\/wp-content\/uploads\/2023\/08\/7-appliquer-le-texte-et-la-fonction-concat-ensemble.png\" sizes=\"auto, \" srcset=\"\" alt=\"pas-tekst-en-concat-functie-samen toe\" width=\"616\" height=\"150\"><\/figure><\/div><div class=\"gb-container gb-container-52dfcee1 gb-container-sample-file\"><h2 class=\"gb-headline gb-headline-e289c143 gb-headline-text gb-headline-4f7959c2\"> Haal het Excel-bestand op<\/h2> <a class=\"gb-button gb-button-e88d6bee gb-button-text gb-button-button1\" href=\"https:\/\/exceladvisor.org\/wp-content\/uploads\/2023\/11\/combiner-date-et-heure.xlsx\" rel=\"nofollow\">Downloaden<\/a><\/div><div class=\"gb-container gb-container-0df56012 gb-container-mt\"> <a class=\"gb-button gb-button-f9f432f4 gb-button-text gb-button-mt-button\" href=\"https:\/\/exceladvisor.org\/nl\/formules\/\">Lijst met Excel-formules<\/a><h2 class=\"gb-headline gb-headline-233444e8 gb-headline-text gb-headline-mt-heading\"> Gerelateerde formules <\/h2><div class=\"gb-grid-wrapper gb-grid-wrapper-a16fa65c gb-grid-wrapper-mt-grid\"><div class=\"gb-grid-column gb-grid-column-50d07e0d\"><div class=\"gb-container gb-container-50d07e0d\"><ul><li> <a href=\"https:\/\/exceladvisor.org\/nl\/vergelijk-twee-data\/\">Vergelijk twee datums in Excel<\/a><\/li><li> <a href=\"https:\/\/exceladvisor.org\/nl\/converteer-datum-naar-getal\/\">Converteer datum naar getal in Excel<\/a><\/li><li> <a href=\"https:\/\/exceladvisor.org\/nl\/tekst-tot-nu-toe\/\">Converteer tekst naar datum in Excel<\/a><\/li><li> <a href=\"https:\/\/exceladvisor.org\/nl\/datumbereik\/\">Maak een datumbereik in Excel<\/a><\/li><li> <a href=\"https:\/\/exceladvisor.org\/nl\/aangepaste-datumformaten\/\">Aangepaste datumformaten in Excel<\/a><\/li><li> <a href=\"https:\/\/exceladvisor.org\/nl\/datum-als\/\">DATEDIF-functie in Excel<\/a> <\/li><\/ul><\/div><\/div><div class=\"gb-grid-column gb-grid-column-5b4a0cf9\"><div class=\"gb-container gb-container-5b4a0cf9\"><\/div><\/div><\/div><\/div>","protected":false},"excerpt":{"rendered":"","protected":false},"author":1,"featured_media":0,"parent":0,"menu_order":0,"comment_status":"open","ping_status":"closed","template":"","meta":{"ub_ctt_via":"","footnotes":""},"class_list":["post-1861","page","type-page","status-publish","hentry"],"featured_image_src":null,"yoast_head":"<!-- This site is optimized with the Yoast SEO plugin v25.4 - https:\/\/yoast.com\/wordpress\/plugins\/seo\/ -->\n<title>Hoe datum en tijd combineren in Excel in 2023?<\/title>\n<meta name=\"description\" content=\"In deze formeel-tutorial leren we twee verschillende manieren om datum en tijd in \u00e9\u00e9n cel te combineren.\" \/>\n<meta name=\"robots\" content=\"index, follow, max-snippet:-1, max-image-preview:large, max-video-preview:-1\" \/>\n<link rel=\"canonical\" href=\"https:\/\/exceladvisor.org\/nl\/combineer-datum-en-tijd\/\" \/>\n<meta property=\"og:locale\" content=\"nl_NL\" \/>\n<meta property=\"og:type\" content=\"article\" \/>\n<meta property=\"og:title\" content=\"Hoe datum en tijd combineren in Excel in 2023?\" \/>\n<meta property=\"og:description\" content=\"In deze formeel-tutorial leren we twee verschillende manieren om datum en tijd in \u00e9\u00e9n cel te combineren.\" \/>\n<meta property=\"og:url\" content=\"https:\/\/exceladvisor.org\/nl\/combineer-datum-en-tijd\/\" \/>\n<meta property=\"og:site_name\" content=\"Excel Advisor\" \/>\n<meta property=\"article:modified_time\" content=\"2023-12-06T05:57:00+00:00\" \/>\n<meta property=\"og:image\" content=\"https:\/\/exceladvisor.org\/wp-content\/uploads\/2023\/08\/1-combiner-date-et-heure.png\" \/>\n<meta name=\"twitter:card\" content=\"summary_large_image\" \/>\n<meta name=\"twitter:label1\" content=\"Geschatte leestijd\" \/>\n\t<meta name=\"twitter:data1\" content=\"2 minuten\" \/>\n<script type=\"application\/ld+json\" class=\"yoast-schema-graph\">{\"@context\":\"https:\/\/schema.org\",\"@graph\":[{\"@type\":\"WebPage\",\"@id\":\"https:\/\/exceladvisor.org\/nl\/combineer-datum-en-tijd\/\",\"url\":\"https:\/\/exceladvisor.org\/nl\/combineer-datum-en-tijd\/\",\"name\":\"Hoe datum en tijd combineren in Excel in 2023?\",\"isPartOf\":{\"@id\":\"https:\/\/exceladvisor.org\/nl\/#website\"},\"primaryImageOfPage\":{\"@id\":\"https:\/\/exceladvisor.org\/nl\/combineer-datum-en-tijd\/#primaryimage\"},\"image\":{\"@id\":\"https:\/\/exceladvisor.org\/nl\/combineer-datum-en-tijd\/#primaryimage\"},\"thumbnailUrl\":\"https:\/\/exceladvisor.org\/wp-content\/uploads\/2023\/08\/1-combiner-date-et-heure.png\",\"datePublished\":\"2023-10-30T22:32:19+00:00\",\"dateModified\":\"2023-12-06T05:57:00+00:00\",\"description\":\"In deze formeel-tutorial leren we twee verschillende manieren om datum en tijd in \u00e9\u00e9n cel te combineren.\",\"breadcrumb\":{\"@id\":\"https:\/\/exceladvisor.org\/nl\/combineer-datum-en-tijd\/#breadcrumb\"},\"inLanguage\":\"nl-NL\",\"potentialAction\":[{\"@type\":\"ReadAction\",\"target\":[\"https:\/\/exceladvisor.org\/nl\/combineer-datum-en-tijd\/\"]}]},{\"@type\":\"ImageObject\",\"inLanguage\":\"nl-NL\",\"@id\":\"https:\/\/exceladvisor.org\/nl\/combineer-datum-en-tijd\/#primaryimage\",\"url\":\"https:\/\/exceladvisor.org\/wp-content\/uploads\/2023\/08\/1-combiner-date-et-heure.png\",\"contentUrl\":\"https:\/\/exceladvisor.org\/wp-content\/uploads\/2023\/08\/1-combiner-date-et-heure.png\"},{\"@type\":\"BreadcrumbList\",\"@id\":\"https:\/\/exceladvisor.org\/nl\/combineer-datum-en-tijd\/#breadcrumb\",\"itemListElement\":[{\"@type\":\"ListItem\",\"position\":1,\"name\":\"Thuis\",\"item\":\"https:\/\/exceladvisor.org\/nl\/\"},{\"@type\":\"ListItem\",\"position\":2,\"name\":\"Hoe datum en tijd combineren in excel?\"}]},{\"@type\":\"WebSite\",\"@id\":\"https:\/\/exceladvisor.org\/nl\/#website\",\"url\":\"https:\/\/exceladvisor.org\/nl\/\",\"name\":\"Excel Advisor\",\"description\":\"Uw gids voor datadominantie\",\"publisher\":{\"@id\":\"https:\/\/exceladvisor.org\/nl\/#organization\"},\"potentialAction\":[{\"@type\":\"SearchAction\",\"target\":{\"@type\":\"EntryPoint\",\"urlTemplate\":\"https:\/\/exceladvisor.org\/nl\/?s={search_term_string}\"},\"query-input\":{\"@type\":\"PropertyValueSpecification\",\"valueRequired\":true,\"valueName\":\"search_term_string\"}}],\"inLanguage\":\"nl-NL\"},{\"@type\":\"Organization\",\"@id\":\"https:\/\/exceladvisor.org\/nl\/#organization\",\"name\":\"Excel Advisor\",\"url\":\"https:\/\/exceladvisor.org\/nl\/\",\"logo\":{\"@type\":\"ImageObject\",\"inLanguage\":\"nl-NL\",\"@id\":\"https:\/\/exceladvisor.org\/nl\/#\/schema\/logo\/image\/\",\"url\":\"https:\/\/exceladvisor.org\/nl\/wp-content\/uploads\/2023\/12\/exceladvisor.org_.png\",\"contentUrl\":\"https:\/\/exceladvisor.org\/nl\/wp-content\/uploads\/2023\/12\/exceladvisor.org_.png\",\"width\":105,\"height\":36,\"caption\":\"Excel Advisor\"},\"image\":{\"@id\":\"https:\/\/exceladvisor.org\/nl\/#\/schema\/logo\/image\/\"}}]}<\/script>\n<!-- \/ Yoast SEO plugin. -->","yoast_head_json":{"title":"Hoe datum en tijd combineren in Excel in 2023?","description":"In deze formeel-tutorial leren we twee verschillende manieren om datum en tijd in \u00e9\u00e9n cel te combineren.","robots":{"index":"index","follow":"follow","max-snippet":"max-snippet:-1","max-image-preview":"max-image-preview:large","max-video-preview":"max-video-preview:-1"},"canonical":"https:\/\/exceladvisor.org\/nl\/combineer-datum-en-tijd\/","og_locale":"nl_NL","og_type":"article","og_title":"Hoe datum en tijd combineren in Excel in 2023?","og_description":"In deze formeel-tutorial leren we twee verschillende manieren om datum en tijd in \u00e9\u00e9n cel te combineren.","og_url":"https:\/\/exceladvisor.org\/nl\/combineer-datum-en-tijd\/","og_site_name":"Excel Advisor","article_modified_time":"2023-12-06T05:57:00+00:00","og_image":[{"url":"https:\/\/exceladvisor.org\/wp-content\/uploads\/2023\/08\/1-combiner-date-et-heure.png","type":"","width":"","height":""}],"twitter_card":"summary_large_image","twitter_misc":{"Geschatte leestijd":"2 minuten"},"schema":{"@context":"https:\/\/schema.org","@graph":[{"@type":"WebPage","@id":"https:\/\/exceladvisor.org\/nl\/combineer-datum-en-tijd\/","url":"https:\/\/exceladvisor.org\/nl\/combineer-datum-en-tijd\/","name":"Hoe datum en tijd combineren in Excel in 2023?","isPartOf":{"@id":"https:\/\/exceladvisor.org\/nl\/#website"},"primaryImageOfPage":{"@id":"https:\/\/exceladvisor.org\/nl\/combineer-datum-en-tijd\/#primaryimage"},"image":{"@id":"https:\/\/exceladvisor.org\/nl\/combineer-datum-en-tijd\/#primaryimage"},"thumbnailUrl":"https:\/\/exceladvisor.org\/wp-content\/uploads\/2023\/08\/1-combiner-date-et-heure.png","datePublished":"2023-10-30T22:32:19+00:00","dateModified":"2023-12-06T05:57:00+00:00","description":"In deze formeel-tutorial leren we twee verschillende manieren om datum en tijd in \u00e9\u00e9n cel te combineren.","breadcrumb":{"@id":"https:\/\/exceladvisor.org\/nl\/combineer-datum-en-tijd\/#breadcrumb"},"inLanguage":"nl-NL","potentialAction":[{"@type":"ReadAction","target":["https:\/\/exceladvisor.org\/nl\/combineer-datum-en-tijd\/"]}]},{"@type":"ImageObject","inLanguage":"nl-NL","@id":"https:\/\/exceladvisor.org\/nl\/combineer-datum-en-tijd\/#primaryimage","url":"https:\/\/exceladvisor.org\/wp-content\/uploads\/2023\/08\/1-combiner-date-et-heure.png","contentUrl":"https:\/\/exceladvisor.org\/wp-content\/uploads\/2023\/08\/1-combiner-date-et-heure.png"},{"@type":"BreadcrumbList","@id":"https:\/\/exceladvisor.org\/nl\/combineer-datum-en-tijd\/#breadcrumb","itemListElement":[{"@type":"ListItem","position":1,"name":"Thuis","item":"https:\/\/exceladvisor.org\/nl\/"},{"@type":"ListItem","position":2,"name":"Hoe datum en tijd combineren in excel?"}]},{"@type":"WebSite","@id":"https:\/\/exceladvisor.org\/nl\/#website","url":"https:\/\/exceladvisor.org\/nl\/","name":"Excel Advisor","description":"Uw gids voor datadominantie","publisher":{"@id":"https:\/\/exceladvisor.org\/nl\/#organization"},"potentialAction":[{"@type":"SearchAction","target":{"@type":"EntryPoint","urlTemplate":"https:\/\/exceladvisor.org\/nl\/?s={search_term_string}"},"query-input":{"@type":"PropertyValueSpecification","valueRequired":true,"valueName":"search_term_string"}}],"inLanguage":"nl-NL"},{"@type":"Organization","@id":"https:\/\/exceladvisor.org\/nl\/#organization","name":"Excel Advisor","url":"https:\/\/exceladvisor.org\/nl\/","logo":{"@type":"ImageObject","inLanguage":"nl-NL","@id":"https:\/\/exceladvisor.org\/nl\/#\/schema\/logo\/image\/","url":"https:\/\/exceladvisor.org\/nl\/wp-content\/uploads\/2023\/12\/exceladvisor.org_.png","contentUrl":"https:\/\/exceladvisor.org\/nl\/wp-content\/uploads\/2023\/12\/exceladvisor.org_.png","width":105,"height":36,"caption":"Excel Advisor"},"image":{"@id":"https:\/\/exceladvisor.org\/nl\/#\/schema\/logo\/image\/"}}]}},"yoast_meta":{"yoast_wpseo_title":"","yoast_wpseo_metadesc":"","yoast_wpseo_canonical":""},"_links":{"self":[{"href":"https:\/\/exceladvisor.org\/nl\/wp-json\/wp\/v2\/pages\/1861","targetHints":{"allow":["GET"]}}],"collection":[{"href":"https:\/\/exceladvisor.org\/nl\/wp-json\/wp\/v2\/pages"}],"about":[{"href":"https:\/\/exceladvisor.org\/nl\/wp-json\/wp\/v2\/types\/page"}],"author":[{"embeddable":true,"href":"https:\/\/exceladvisor.org\/nl\/wp-json\/wp\/v2\/users\/1"}],"replies":[{"embeddable":true,"href":"https:\/\/exceladvisor.org\/nl\/wp-json\/wp\/v2\/comments?post=1861"}],"version-history":[{"count":1,"href":"https:\/\/exceladvisor.org\/nl\/wp-json\/wp\/v2\/pages\/1861\/revisions"}],"predecessor-version":[{"id":2354,"href":"https:\/\/exceladvisor.org\/nl\/wp-json\/wp\/v2\/pages\/1861\/revisions\/2354"}],"wp:attachment":[{"href":"https:\/\/exceladvisor.org\/nl\/wp-json\/wp\/v2\/media?parent=1861"}],"curies":[{"name":"wp","href":"https:\/\/api.w.org\/{rel}","templated":true}]}}