{"id":1865,"date":"2023-10-30T17:07:44","date_gmt":"2023-10-30T17:07:44","guid":{"rendered":"https:\/\/exceladvisor.org\/nl\/kopieren\/"},"modified":"2023-12-06T05:52:15","modified_gmt":"2023-12-06T05:52:15","slug":"kopieren","status":"publish","type":"page","link":"https:\/\/exceladvisor.org\/nl\/kopieren\/","title":{"rendered":"Hoe voorwaardelijke opmaak in excel kopi\u00ebren?"},"content":{"rendered":"<div class=\"excel-voor-de-inhoud\" id=\"excel-3194977524\"><script type=\"text\/javascript\">\r\n\tatOptions = {\r\n\t\t'key' : 'c1158f160081d6540a8409e6925dab94',\r\n\t\t'format' : 'iframe',\r\n\t\t'height' : 250,\r\n\t\t'width' : 300,\r\n\t\t'params' : {}\r\n\t};\r\n<\/script>\r\n<script type=\"text\/javascript\" src=\"\/\/www.highperformanceformat.com\/c1158f160081d6540a8409e6925dab94\/invoke.js\"><\/script><\/div> <p>In Excel is de eenvoudigste manier om de opmaakschilder te gebruiken bij het kopi\u00ebren en plakken van dezelfde voorwaardelijke opmaak in een andere cel of een ander celbereik.<\/p><p> Maar afgezien daarvan zijn er nog twee andere manieren die u kunt gebruiken, en in deze tutorial zullen we al deze methoden bekijken voor meer informatie. <\/p><div class=\"wp-block-image\"><figure class=\"aligncenter size-full is-resized\"><img loading=\"lazy\" decoding=\"async\" class=\"wp-image-90510\" src=\"https:\/\/exceladvisor.org\/wp-content\/uploads\/2023\/08\/1-copie-mise-en-forme-conditionnelle.png\" sizes=\"auto, \" srcset=\"\" alt=\"voorwaardelijke opmaak bij kopi\u00ebren\" width=\"428\" height=\"319\"><\/figure><\/div><p> In het bovenstaande voorbeeld hebben we gegevensbalken toegepast op de hoeveelheidskolom, en nu moeten we deze kopi\u00ebren en in de hoeveelheidskolom plakken.<\/p><h2 class=\"wp-block-heading\"> Kopieer voorwaardelijke opmaak met Format Painter<\/h2><ol><li> Selecteer eerst het bereik waaruit u de voorwaardelijke opmaak wilt kopi\u00ebren. <br><img loading=\"lazy\" decoding=\"async\" title=\"2-select-bereik\" src=\"https:\/\/exceladvisor.org\/wp-content\/uploads\/2023\/08\/2-selectionner-la-gamme-2.png\" sizes=\"auto, \" srcset=\"\" alt=\"2-select-the-range\" width=\"428\" height=\"344\"><\/li><li> Ga vervolgens naar het tabblad Start en klik op het pictogram Format Painter. <br><img loading=\"lazy\" decoding=\"async\" title=\"3 klikken op het formaatschilderpictogram\" src=\"https:\/\/exceladvisor.org\/wp-content\/uploads\/2023\/08\/3-cliquez-sur-licone-du-peintre-de-format.png\" sizes=\"auto, \" srcset=\"\" alt=\"3-click-on-format-painter-icon\" width=\"466\" height=\"297\"><\/li><li> Uw cursor verandert in een penseel zodra u op de knop Opmaak kopi\u00ebren\/plakken klikt. <br><img loading=\"lazy\" decoding=\"async\" title=\"4-cursor-veranderd-naar-penseel\" src=\"https:\/\/exceladvisor.org\/wp-content\/uploads\/2023\/08\/4-curseur-change-en-pinceau.png\" sizes=\"auto, \" srcset=\"\" alt=\"4-cursor-changed-to-paint-brush\" width=\"508\" height=\"273\"><\/li><li> Selecteer nu het bereik waarin u de voorwaardelijke opmaak wilt plakken. <br><img loading=\"lazy\" decoding=\"async\" title=\"5-selecteer-bereik-om-te-plakken-voorwaardelijke opmaak\" src=\"https:\/\/exceladvisor.org\/wp-content\/uploads\/2023\/08\/5-selectionnez-la-plage-pour-coller-la-mise-en-forme-conditionnelle.png\" sizes=\"auto, \" srcset=\"\" alt=\"5-select-range-to-paste-conditional-formatting\" width=\"416\" height=\"312\"><\/li><\/ol><p> Ja, dat is het.<\/p><p class=\"qt-tip\"> <strong>Opmerking:<\/strong> Als u de voorwaardelijke opmaak in meerdere secties wilt plakken, kunt u dubbelklikken op Opmaak kopi\u00ebren\/plakken en vervolgens meerdere bereiken selecteren om de voorwaardelijke opmaak toe te passen die u hebt gekopieerd.<\/p><h2 class=\"wp-block-heading\"> Kopieer formaten (plakken speciaal) om voorwaardelijke opmaak te kopi\u00ebren<\/h2><p> Met de optie Plakken speciaal kunt u alleen formaten van de ene plaats naar de andere kopi\u00ebren en plakken. Nadat u het bereik hebt geselecteerd waaruit u de voorwaardelijke opmaak wilt kopi\u00ebren, gebruikt u de kopieeroptie of de sneltoets Ctrl + C om te kopi\u00ebren. <\/p><div class=\"wp-block-image\"><figure class=\"aligncenter size-full is-resized\"><img loading=\"lazy\" decoding=\"async\" class=\"wp-image-90515\" src=\"https:\/\/exceladvisor.org\/wp-content\/uploads\/2023\/08\/6-formats-de-copie.png\" sizes=\"auto, \" srcset=\"\" alt=\"kopieer formaten\" width=\"546\" height=\"315\"><\/figure><\/div><p> Selecteer vervolgens het bereik waarin u de voorwaardelijke opmaak wilt plakken. Open daarna de optie Plakken speciaal (klik met de rechtermuisknop&gt; Plakken speciaal) en klik op formaten. <\/p><div class=\"wp-block-image\"><figure class=\"aligncenter size-full is-resized\"><img loading=\"lazy\" decoding=\"async\" class=\"wp-image-90516\" src=\"https:\/\/exceladvisor.org\/wp-content\/uploads\/2023\/08\/7-ouvrir-loption-de-pate-speciale.png\" sizes=\"auto, \" srcset=\"\" alt=\"open speciale pasta-optie\" width=\"638\" height=\"333\"><\/figure><\/div><p> Klik aan het einde op OK. En zodra u op OK klikt, wordt de voorwaardelijke opmaak (die u hebt gekopieerd) toegepast op het geselecteerde bereik. <\/p><div class=\"wp-block-image\"><figure class=\"aligncenter size-full is-resized\"><img loading=\"lazy\" decoding=\"async\" class=\"wp-image-90517\" src=\"https:\/\/exceladvisor.org\/wp-content\/uploads\/2023\/08\/8-mises-en-forme-conditionnelles-appliquees-a-la-plage-selectionnee.png\" sizes=\"auto, \" srcset=\"\" alt=\"voorwaardelijke opmaak toegepast op het geselecteerde bereik\" width=\"494\" height=\"174\"><\/figure><\/div><h2 class=\"wp-block-heading\"> Maak een dubbele voorwaardelijke opmaakregel.<\/h2><p> Als u naar Voorwaardelijke opmaak &gt; Regels beheren gaat, ziet u een lijst met alle voorwaardelijke opmaak die u in de werkmap heeft.<\/p><p> Nadat u het hebt geopend, selecteert u &#8216;Deze werkmap&#8217; in de vervolgkeuzelijst &#8216;Opmaakregels weergeven voor&#8217;. <\/p><div class=\"wp-block-image\"><figure class=\"aligncenter size-full is-resized\"><img loading=\"lazy\" decoding=\"async\" class=\"wp-image-90518\" src=\"https:\/\/exceladvisor.org\/wp-content\/uploads\/2023\/08\/9-choisissez-ce-classeur-dans-afficher-les-regles-de-mise-en-forme-pour.png\" sizes=\"auto, \" srcset=\"\" alt=\"kies-deze-werkmap-in-show-opmaakregels-voor\" width=\"543\" height=\"227\"><\/figure><\/div><p> Het toont u alle regels in de werkmap voor voorwaardelijke opmaak. En dan moet je de opmaak selecteren die je kunt kopi\u00ebren en op Dupliceren klikken. <\/p><div class=\"wp-block-image\"><figure class=\"aligncenter size-full is-resized\"><img loading=\"lazy\" decoding=\"async\" class=\"wp-image-90519\" src=\"https:\/\/exceladvisor.org\/wp-content\/uploads\/2023\/08\/10-clic-sur-dupliquer.png\" sizes=\"auto, \" srcset=\"\" alt=\"klik op dupliceren\" width=\"644\" height=\"248\"><\/figure><\/div><p> Zodra u dat heeft gedaan, wijzigt u het bereikadres in &#8216;Van toepassing op&#8217;. <\/p><div class=\"wp-block-image\"><figure class=\"aligncenter size-full is-resized\"><img loading=\"lazy\" decoding=\"async\" class=\"wp-image-90521\" src=\"https:\/\/exceladvisor.org\/wp-content\/uploads\/2023\/08\/11-changer-ladresse-de-sapplique-a.png\" sizes=\"auto, \" srcset=\"\" alt=\"wijzig-adres-van-van-toepassing-naar\" width=\"782\" height=\"209\"><\/figure><\/div><p> Ik heb het bereikadres gewijzigd van B2:B13 in C2:C13 om dezelfde voorwaardelijke opmaak toe te passen op C2:C13. En klik aan het einde op OK.<\/p><h2 class=\"wp-block-heading\"> Een probleem waarmee u te maken kunt krijgen<\/h2><p> Het kopi\u00ebren van voorwaardelijke opmaak is een eenvoudige taak. Maar er kunnen enkele problemen optreden bij het gebruik van aangepaste formules om een voorwaardelijke opmaakregel te defini\u00ebren.<\/p><p> Laat me je een voorbeeld geven. In het onderstaande voorbeeld hebben we voorwaardelijke opmaak met behulp van een aangepaste functie. Als cel A1 bij het opmaken een waarde heeft, heeft cel B1 een groene <a href=\"https:\/\/exceladvisor.org\/nl\/cel-kleur\/\">celkleur<\/a> . <\/p><div class=\"wp-block-image\"><figure class=\"aligncenter size-full is-resized\"><img loading=\"lazy\" decoding=\"async\" class=\"wp-image-90522\" src=\"https:\/\/exceladvisor.org\/wp-content\/uploads\/2023\/08\/12-mise-en-forme-conditionnelle-a-laide-dune-fonction-personnalisee.png\" sizes=\"auto, \" srcset=\"\" alt=\"voorwaardelijke opmaak met behulp van een aangepaste functie\" width=\"486\" height=\"207\"><\/figure><\/div><p> Dit is de regel die we hebben toegepast (tabblad Start &gt; Voorwaardelijke opmaak &gt; Regels beheren &gt; Regel bewerken) <\/p><div class=\"wp-block-image\"><figure class=\"aligncenter size-full is-resized\"><img loading=\"lazy\" decoding=\"async\" class=\"wp-image-90523\" src=\"https:\/\/exceladvisor.org\/wp-content\/uploads\/2023\/08\/13-gerer-les-regles-modifier-la-regle.png\" sizes=\"auto, \" srcset=\"\" alt=\"beheer-regels-bewerk-regel\" width=\"688\" height=\"378\"><\/figure><\/div><p> Als u nu deze voorwaardelijke opmaak kopieert en in cel B3 plakt. Zoals u kunt zien, is cel B3 in het onderstaande voorbeeld groen, zelfs als cel A3 geen waarde heeft. <\/p><div class=\"wp-block-image\"><figure class=\"aligncenter size-full is-resized\"><img loading=\"lazy\" decoding=\"async\" class=\"wp-image-90524\" src=\"https:\/\/exceladvisor.org\/wp-content\/uploads\/2023\/08\/14-Copier-et-coller-la-mise-en-forme-conditionnelle.png\" sizes=\"auto, \" srcset=\"\" alt=\"kopi\u00ebren-plakken-voorwaardelijke opmaak\" width=\"576\" height=\"260\"><\/figure><\/div><p> Wanneer u deze voorwaardelijke opmaak kopieert en plakt, verandert Excel de referentiecel niet, omdat de verwijzing absoluut is. <\/p><div class=\"wp-block-image\"><figure class=\"aligncenter size-full is-resized\"><img loading=\"lazy\" decoding=\"async\" class=\"wp-image-90525\" src=\"https:\/\/exceladvisor.org\/wp-content\/uploads\/2023\/08\/15-la-cellule-de-reference-est-absolue.png\" sizes=\"auto, \" srcset=\"\" alt=\"referentiecel-is-absoluut\" width=\"692\" height=\"225\"><\/figure><\/div><p> U kunt hierboven zien dat de referentiecel in beide regels A1 is. Dus ja, dat is het probleem. Om dit probleem op te lossen, is de beste manier om Relatieve Verwijzing te gebruiken, waarmee u de voorwaardelijke opmaak naar een nieuw bereik of nieuwe cel kunt kopi\u00ebren en plakken en de verwijzing in de formule kunt wijzigen. <\/p><div class=\"wp-block-image\"><figure class=\"aligncenter size-full is-resized\"><img loading=\"lazy\" decoding=\"async\" class=\"wp-image-90526\" src=\"https:\/\/exceladvisor.org\/wp-content\/uploads\/2023\/08\/16-cellule-de-reference-est-la-meme-dans-les-deux-regles.png\" sizes=\"auto, \" srcset=\"\" alt=\"de-referentiecel-is-hetzelfde-in-beide-regels\" width=\"398\" height=\"230\"><\/figure><\/div><h2 class=\"wp-block-heading\"> Wat moet ik doen als ik een voorwaardelijke opmaakregel naar een ander werkblad wil kopi\u00ebren?<\/h2><p> U kunt dezelfde methoden en stappen hierboven gebruiken om het van de ene cel naar de andere of een celbereik te kopi\u00ebren. Nadat u het hebt gekopieerd, kunt u het in een ander spreadsheet plakken.<\/p><div class=\"gb-container gb-container-6076ba72 gb-container-mt\"> <a class=\"gb-button gb-button-76e6a499 gb-button-text gb-button-mt-button\" href=\"https:\/\/exceladvisor.org\/nl\/excel-basisbeginselen\/\">Leer de basisprincipes van Excel<\/a><h2 class=\"gb-headline gb-headline-a9e9e206 gb-headline-text gb-headline-mt-heading\"> Meer informatie over <a href=\"https:\/\/exceladvisor.org\/nl\/conditionele-opmaak\/\">voorwaardelijke opmaak<\/a> <\/h2><div class=\"gb-grid-wrapper gb-grid-wrapper-790317cb gb-grid-wrapper-mt-grid\"><div class=\"gb-grid-column gb-grid-column-a9845ede\"><div class=\"gb-container gb-container-a9845ede\"><ul><li> <a href=\"https:\/\/exceladvisor.org\/nl\/voorwaardelijke-opmaak-toepassen\/\">Voorwaardelijke opmaak toepassen op een draaitabel<\/a><\/li><li> <a href=\"https:\/\/exceladvisor.org\/nl\/terugtrekken\/\">Voorwaardelijke opmaak verwijderen<\/a><\/li><li> <a href=\"https:\/\/exceladvisor.org\/nl\/lege-cellen\/\">Voorwaardelijke opmaak toepassen op lege cellen in Excel<\/a><\/li><li> <a href=\"https:\/\/exceladvisor.org\/nl\/kolommen-vergelijken\/\">Vergelijk twee kolommen met voorwaardelijke opmaak<\/a><\/li><li> <a href=\"https:\/\/exceladvisor.org\/nl\/een-andere-cel\/\">Pas voorwaardelijke opmaak toe op basis van een andere cel<\/a><\/li><\/ul><\/div><\/div><\/div><\/div>","protected":false},"excerpt":{"rendered":"","protected":false},"author":1,"featured_media":0,"parent":0,"menu_order":0,"comment_status":"open","ping_status":"closed","template":"","meta":{"ub_ctt_via":"","footnotes":""},"class_list":["post-1865","page","type-page","status-publish","hentry"],"featured_image_src":null,"yoast_head":"<!-- This site is optimized with the Yoast SEO plugin v25.4 - https:\/\/yoast.com\/wordpress\/plugins\/seo\/ -->\n<title>\u25b7 Hoe voorwaardelijke opmaak kopi\u00ebren in Excel?<\/title>\n<meta name=\"description\" content=\"In deze zelfstudie leert u hoe u voorwaardelijke opmaak van het ene bereik naar het andere in Excel kunt kopi\u00ebren. Laten we dit controleren...\" \/>\n<meta name=\"robots\" content=\"index, follow, max-snippet:-1, max-image-preview:large, max-video-preview:-1\" \/>\n<link rel=\"canonical\" href=\"https:\/\/exceladvisor.org\/nl\/kopieren\/\" \/>\n<meta property=\"og:locale\" content=\"nl_NL\" \/>\n<meta property=\"og:type\" content=\"article\" \/>\n<meta property=\"og:title\" content=\"\u25b7 Hoe voorwaardelijke opmaak kopi\u00ebren in Excel?\" \/>\n<meta property=\"og:description\" content=\"In deze zelfstudie leert u hoe u voorwaardelijke opmaak van het ene bereik naar het andere in Excel kunt kopi\u00ebren. Laten we dit controleren...\" \/>\n<meta property=\"og:url\" content=\"https:\/\/exceladvisor.org\/nl\/kopieren\/\" \/>\n<meta property=\"og:site_name\" content=\"Excel Advisor\" \/>\n<meta property=\"article:modified_time\" content=\"2023-12-06T05:52:15+00:00\" \/>\n<meta property=\"og:image\" content=\"https:\/\/exceladvisor.org\/wp-content\/uploads\/2023\/08\/1-copie-mise-en-forme-conditionnelle.png\" \/>\n<meta name=\"twitter:card\" content=\"summary_large_image\" \/>\n<meta name=\"twitter:label1\" content=\"Geschatte leestijd\" \/>\n\t<meta name=\"twitter:data1\" content=\"3 minuten\" \/>\n<script type=\"application\/ld+json\" class=\"yoast-schema-graph\">{\"@context\":\"https:\/\/schema.org\",\"@graph\":[{\"@type\":\"WebPage\",\"@id\":\"https:\/\/exceladvisor.org\/nl\/kopieren\/\",\"url\":\"https:\/\/exceladvisor.org\/nl\/kopieren\/\",\"name\":\"\u25b7 Hoe voorwaardelijke opmaak kopi\u00ebren in Excel?\",\"isPartOf\":{\"@id\":\"https:\/\/exceladvisor.org\/nl\/#website\"},\"primaryImageOfPage\":{\"@id\":\"https:\/\/exceladvisor.org\/nl\/kopieren\/#primaryimage\"},\"image\":{\"@id\":\"https:\/\/exceladvisor.org\/nl\/kopieren\/#primaryimage\"},\"thumbnailUrl\":\"https:\/\/exceladvisor.org\/wp-content\/uploads\/2023\/08\/1-copie-mise-en-forme-conditionnelle.png\",\"datePublished\":\"2023-10-30T17:07:44+00:00\",\"dateModified\":\"2023-12-06T05:52:15+00:00\",\"description\":\"In deze zelfstudie leert u hoe u voorwaardelijke opmaak van het ene bereik naar het andere in Excel kunt kopi\u00ebren. Laten we dit controleren...\",\"breadcrumb\":{\"@id\":\"https:\/\/exceladvisor.org\/nl\/kopieren\/#breadcrumb\"},\"inLanguage\":\"nl-NL\",\"potentialAction\":[{\"@type\":\"ReadAction\",\"target\":[\"https:\/\/exceladvisor.org\/nl\/kopieren\/\"]}]},{\"@type\":\"ImageObject\",\"inLanguage\":\"nl-NL\",\"@id\":\"https:\/\/exceladvisor.org\/nl\/kopieren\/#primaryimage\",\"url\":\"https:\/\/exceladvisor.org\/wp-content\/uploads\/2023\/08\/1-copie-mise-en-forme-conditionnelle.png\",\"contentUrl\":\"https:\/\/exceladvisor.org\/wp-content\/uploads\/2023\/08\/1-copie-mise-en-forme-conditionnelle.png\"},{\"@type\":\"BreadcrumbList\",\"@id\":\"https:\/\/exceladvisor.org\/nl\/kopieren\/#breadcrumb\",\"itemListElement\":[{\"@type\":\"ListItem\",\"position\":1,\"name\":\"Thuis\",\"item\":\"https:\/\/exceladvisor.org\/nl\/\"},{\"@type\":\"ListItem\",\"position\":2,\"name\":\"Hoe voorwaardelijke opmaak in excel kopi\u00ebren?\"}]},{\"@type\":\"WebSite\",\"@id\":\"https:\/\/exceladvisor.org\/nl\/#website\",\"url\":\"https:\/\/exceladvisor.org\/nl\/\",\"name\":\"Excel Advisor\",\"description\":\"Uw gids voor datadominantie\",\"publisher\":{\"@id\":\"https:\/\/exceladvisor.org\/nl\/#organization\"},\"potentialAction\":[{\"@type\":\"SearchAction\",\"target\":{\"@type\":\"EntryPoint\",\"urlTemplate\":\"https:\/\/exceladvisor.org\/nl\/?s={search_term_string}\"},\"query-input\":{\"@type\":\"PropertyValueSpecification\",\"valueRequired\":true,\"valueName\":\"search_term_string\"}}],\"inLanguage\":\"nl-NL\"},{\"@type\":\"Organization\",\"@id\":\"https:\/\/exceladvisor.org\/nl\/#organization\",\"name\":\"Excel Advisor\",\"url\":\"https:\/\/exceladvisor.org\/nl\/\",\"logo\":{\"@type\":\"ImageObject\",\"inLanguage\":\"nl-NL\",\"@id\":\"https:\/\/exceladvisor.org\/nl\/#\/schema\/logo\/image\/\",\"url\":\"https:\/\/exceladvisor.org\/nl\/wp-content\/uploads\/2023\/12\/exceladvisor.org_.png\",\"contentUrl\":\"https:\/\/exceladvisor.org\/nl\/wp-content\/uploads\/2023\/12\/exceladvisor.org_.png\",\"width\":105,\"height\":36,\"caption\":\"Excel Advisor\"},\"image\":{\"@id\":\"https:\/\/exceladvisor.org\/nl\/#\/schema\/logo\/image\/\"}}]}<\/script>\n<!-- \/ Yoast SEO plugin. -->","yoast_head_json":{"title":"\u25b7 Hoe voorwaardelijke opmaak kopi\u00ebren in Excel?","description":"In deze zelfstudie leert u hoe u voorwaardelijke opmaak van het ene bereik naar het andere in Excel kunt kopi\u00ebren. Laten we dit controleren...","robots":{"index":"index","follow":"follow","max-snippet":"max-snippet:-1","max-image-preview":"max-image-preview:large","max-video-preview":"max-video-preview:-1"},"canonical":"https:\/\/exceladvisor.org\/nl\/kopieren\/","og_locale":"nl_NL","og_type":"article","og_title":"\u25b7 Hoe voorwaardelijke opmaak kopi\u00ebren in Excel?","og_description":"In deze zelfstudie leert u hoe u voorwaardelijke opmaak van het ene bereik naar het andere in Excel kunt kopi\u00ebren. Laten we dit controleren...","og_url":"https:\/\/exceladvisor.org\/nl\/kopieren\/","og_site_name":"Excel Advisor","article_modified_time":"2023-12-06T05:52:15+00:00","og_image":[{"url":"https:\/\/exceladvisor.org\/wp-content\/uploads\/2023\/08\/1-copie-mise-en-forme-conditionnelle.png","type":"","width":"","height":""}],"twitter_card":"summary_large_image","twitter_misc":{"Geschatte leestijd":"3 minuten"},"schema":{"@context":"https:\/\/schema.org","@graph":[{"@type":"WebPage","@id":"https:\/\/exceladvisor.org\/nl\/kopieren\/","url":"https:\/\/exceladvisor.org\/nl\/kopieren\/","name":"\u25b7 Hoe voorwaardelijke opmaak kopi\u00ebren in Excel?","isPartOf":{"@id":"https:\/\/exceladvisor.org\/nl\/#website"},"primaryImageOfPage":{"@id":"https:\/\/exceladvisor.org\/nl\/kopieren\/#primaryimage"},"image":{"@id":"https:\/\/exceladvisor.org\/nl\/kopieren\/#primaryimage"},"thumbnailUrl":"https:\/\/exceladvisor.org\/wp-content\/uploads\/2023\/08\/1-copie-mise-en-forme-conditionnelle.png","datePublished":"2023-10-30T17:07:44+00:00","dateModified":"2023-12-06T05:52:15+00:00","description":"In deze zelfstudie leert u hoe u voorwaardelijke opmaak van het ene bereik naar het andere in Excel kunt kopi\u00ebren. Laten we dit controleren...","breadcrumb":{"@id":"https:\/\/exceladvisor.org\/nl\/kopieren\/#breadcrumb"},"inLanguage":"nl-NL","potentialAction":[{"@type":"ReadAction","target":["https:\/\/exceladvisor.org\/nl\/kopieren\/"]}]},{"@type":"ImageObject","inLanguage":"nl-NL","@id":"https:\/\/exceladvisor.org\/nl\/kopieren\/#primaryimage","url":"https:\/\/exceladvisor.org\/wp-content\/uploads\/2023\/08\/1-copie-mise-en-forme-conditionnelle.png","contentUrl":"https:\/\/exceladvisor.org\/wp-content\/uploads\/2023\/08\/1-copie-mise-en-forme-conditionnelle.png"},{"@type":"BreadcrumbList","@id":"https:\/\/exceladvisor.org\/nl\/kopieren\/#breadcrumb","itemListElement":[{"@type":"ListItem","position":1,"name":"Thuis","item":"https:\/\/exceladvisor.org\/nl\/"},{"@type":"ListItem","position":2,"name":"Hoe voorwaardelijke opmaak in excel kopi\u00ebren?"}]},{"@type":"WebSite","@id":"https:\/\/exceladvisor.org\/nl\/#website","url":"https:\/\/exceladvisor.org\/nl\/","name":"Excel Advisor","description":"Uw gids voor datadominantie","publisher":{"@id":"https:\/\/exceladvisor.org\/nl\/#organization"},"potentialAction":[{"@type":"SearchAction","target":{"@type":"EntryPoint","urlTemplate":"https:\/\/exceladvisor.org\/nl\/?s={search_term_string}"},"query-input":{"@type":"PropertyValueSpecification","valueRequired":true,"valueName":"search_term_string"}}],"inLanguage":"nl-NL"},{"@type":"Organization","@id":"https:\/\/exceladvisor.org\/nl\/#organization","name":"Excel Advisor","url":"https:\/\/exceladvisor.org\/nl\/","logo":{"@type":"ImageObject","inLanguage":"nl-NL","@id":"https:\/\/exceladvisor.org\/nl\/#\/schema\/logo\/image\/","url":"https:\/\/exceladvisor.org\/nl\/wp-content\/uploads\/2023\/12\/exceladvisor.org_.png","contentUrl":"https:\/\/exceladvisor.org\/nl\/wp-content\/uploads\/2023\/12\/exceladvisor.org_.png","width":105,"height":36,"caption":"Excel Advisor"},"image":{"@id":"https:\/\/exceladvisor.org\/nl\/#\/schema\/logo\/image\/"}}]}},"yoast_meta":{"yoast_wpseo_title":"","yoast_wpseo_metadesc":"","yoast_wpseo_canonical":""},"_links":{"self":[{"href":"https:\/\/exceladvisor.org\/nl\/wp-json\/wp\/v2\/pages\/1865","targetHints":{"allow":["GET"]}}],"collection":[{"href":"https:\/\/exceladvisor.org\/nl\/wp-json\/wp\/v2\/pages"}],"about":[{"href":"https:\/\/exceladvisor.org\/nl\/wp-json\/wp\/v2\/types\/page"}],"author":[{"embeddable":true,"href":"https:\/\/exceladvisor.org\/nl\/wp-json\/wp\/v2\/users\/1"}],"replies":[{"embeddable":true,"href":"https:\/\/exceladvisor.org\/nl\/wp-json\/wp\/v2\/comments?post=1865"}],"version-history":[{"count":1,"href":"https:\/\/exceladvisor.org\/nl\/wp-json\/wp\/v2\/pages\/1865\/revisions"}],"predecessor-version":[{"id":2889,"href":"https:\/\/exceladvisor.org\/nl\/wp-json\/wp\/v2\/pages\/1865\/revisions\/2889"}],"wp:attachment":[{"href":"https:\/\/exceladvisor.org\/nl\/wp-json\/wp\/v2\/media?parent=1865"}],"curies":[{"name":"wp","href":"https:\/\/api.w.org\/{rel}","templated":true}]}}