{"id":1870,"date":"2023-10-30T13:25:43","date_gmt":"2023-10-30T13:25:43","guid":{"rendered":"https:\/\/exceladvisor.org\/nl\/tel-de-woorden\/"},"modified":"2023-12-06T05:52:31","modified_gmt":"2023-12-06T05:52:31","slug":"tel-de-woorden","status":"publish","type":"page","link":"https:\/\/exceladvisor.org\/nl\/tel-de-woorden\/","title":{"rendered":"Hoe woorden tellen in excel?"},"content":{"rendered":"<div class=\"excel-voor-de-inhoud\" id=\"excel-2893528132\"><script type=\"text\/javascript\">\r\n\tatOptions = {\r\n\t\t'key' : 'c1158f160081d6540a8409e6925dab94',\r\n\t\t'format' : 'iframe',\r\n\t\t'height' : 250,\r\n\t\t'width' : 300,\r\n\t\t'params' : {}\r\n\t};\r\n<\/script>\r\n<script type=\"text\/javascript\" src=\"\/\/www.highperformanceformat.com\/c1158f160081d6540a8409e6925dab94\/invoke.js\"><\/script><\/div> <p>Er is \u00e9\u00e9n optie waarvan ik altijd zou willen dat Excel die had, en dat is het tellen van het aantal woorden in een cel. Als u in MS Word werkt, is er een ingebouwde optie in de statusbalk die u laat zien hoeveel woorden er in het blad staan. <\/p><div class=\"wp-block-image\"><figure class=\"aligncenter\"><img decoding=\"async\" src=\"https:\/\/exceladvisor.org\/wp-content\/uploads\/2023\/08\/il-y-a-une-option-dans-word-pour-compter-les-mots-mais-pas-dans-excel.png\" sizes=\"\" srcset=\"\" alt=\"er is een optie in Word om woorden te tellen, maar niet in Excel\"><\/figure><\/div><p> Maar als het om Excel gaat, bestaat er niet zo&#8217;n optie om woorden te tellen. U kunt het <a style=\"outline: none;\" href=\"https:\/\/exceladvisor.org\/nl\/tel-cellen-met-tekst\/\">aantal cellen tellen dat tekst bevat,<\/a> maar geen echte woorden.<\/p><p> Zoals u weet, <a style=\"outline: none;\" href=\"https:\/\/exceladvisor.org\/nl\/excel-functies\/\">hebben we in Excel functies<\/a> en kunt u ze gebruiken om bijna alles te berekenen. U kunt een formule maken die de woorden in een cel kan tellen.<\/p><p> Vandaag leert u in dit artikel hoe u woorden in Excel kunt tellen vanuit een enkele cel, een celbereik of zelfs het hele werkblad. En ik zal je ook laten zien hoe je een specifiek woord uit een reeks cellen kunt tellen.<\/p><h2 id=\"0-1-count-words-from-a-single-cell\" class=\"wp-block-heading\"> 1. Tel woorden in een enkele cel<\/h2><p> Om de woorden in een cel te tellen, moet u <span style=\"color: #000000;\">de LEN-functie combineren<\/span> met de <span style=\"color: #000000;\">SUBSTITUTE-functie<\/span> . En de formule zal zijn (de tekst staat in cel A1): <\/p><pre class=\"wp-block-code\"> <code class=\"language-excel-formula\" lang=\"excel-formula\">=LEN(A1)-LEN(SUBSTITUTE(A1,\" \",\"\"))+1<\/code><\/pre><div class=\"wp-block-image\"><figure class=\"aligncenter\"><img decoding=\"async\" src=\"https:\/\/exceladvisor.org\/wp-content\/uploads\/2023\/08\/formule-pour-compter-le-mot-dans-Excel-en-utilisant-le-substitut-len.png\" sizes=\"\" srcset=\"\" alt=\"formule om woorden in Excel te tellen met behulp van len-vervanger\"><\/figure><\/div><p> Wanneer u met deze formule naar een cel verwijst, wordt in het resultaat 7 geretourneerd. En ja, je hebt in totaal 7 woorden in de cel.<\/p><h3 id=\"1-how-it-works\" class=\"wp-block-heading\"> Hoe het werkt<\/h3><p> Voordat we op deze formule ingaan, denk eens zo na. Als je in een normale zin acht woorden hebt, heb je zeker zeven spaties in die woorden. RECHTS?<\/p><p> Dit betekent dat je altijd \u00e9\u00e9n woord meer hebt dan spaties. Het idee is simpel: als je woorden wilt tellen, tel dan de spaties en voeg er \u00e9\u00e9n toe. Om deze formule te begrijpen, moet je deze in drie delen verdelen. <\/p><div class=\"wp-block-image\"><figure class=\"aligncenter\"><img decoding=\"async\" src=\"https:\/\/exceladvisor.org\/wp-content\/uploads\/2023\/08\/comment-fonctionne-la-formule-pour-compter-le-mot-dans-Excel-en-utilisant-le-substitut-len.png\" sizes=\"\" srcset=\"\" alt=\"hoe werkt de formule om woorden in Excel te tellen met behulp van len-vervanger\"><\/figure><\/div><p> In het eerste deel gebruikte je de LEN-functie om het aantal tekens in cel A1 te tellen. En in het tweede en derde deel combineerde je SUBSTITUTE met LEN om <a href=\"https:\/\/exceladvisor.org\/nl\/verwijder-extra-spaties\/\">de spaties uit de cel te verwijderen<\/a> en vervolgens de tekens te tellen. Op dit punt heb je een vergelijking als deze. <\/p><div class=\"wp-block-image\"><figure class=\"aligncenter\"><img decoding=\"async\" src=\"https:\/\/exceladvisor.org\/wp-content\/uploads\/2023\/08\/equation-de-formule-pour-compter-les-mots-dans-excel.png\" sizes=\"\" srcset=\"\" alt=\"formulevergelijking om woorden in Excel te tellen\"><\/figure><\/div><p> Het totale aantal tekens met spaties en het totale aantal tekens zonder spaties. En als je de twee getallen van elkaar aftrekt, krijg je het aantal spaties en aan het einde moet je er \u00e9\u00e9n bij optellen. Het retourneert 7 in het resultaat, wat het totale aantal woorden in de cel is.<\/p><p class=\"has-text-align-left qt-tip\"> <strong>Belangrijk<\/strong> : wanneer u de bovenstaande formule gebruikt, retourneert deze 1, zelfs als de cel leeg is. Het is dus beter om deze in te wikkelen met de functie ALS om dit probleem te voorkomen. <\/p><pre class=\"wp-block-code\"> <code class=\"language-excel-formula\" lang=\"excel-formula\">=IF(ISBLANK(A2),0,LEN(A2)-LEN(SUBSTITUTE(A2,\" \",\"\"))+1)<\/code><\/pre><p class=\"has-text-align-center\"><img loading=\"lazy\" decoding=\"async\" src=\"https:\/\/exceladvisor.org\/wp-content\/uploads\/2023\/08\/compter-les-mots-dans-Excel-utiliser-si-lorsque-la-cellule-est-vide.png\" sizes=\"auto, \" srcset=\"\" alt=\"tel woorden in Excel, gebruik als de cel leeg is\" width=\"646\" height=\"130\" data-attachment-id=\"14725\"><\/p><p> Deze formule controleert eerst de cel en retourneert alleen het aantal woorden als er een waarde in de cel staat.<\/p><h2 id=\"2-2-using-a-udf\" class=\"wp-block-heading\"> 2. Gebruik een UDF<\/h2><p> Naast de bovenstaande formules heb ik een stukje code geschreven om hiervoor een UDF te maken . Met deze code kunt u een aangepaste functie maken die eenvoudigweg het aantal woorden retourneert. Kortom, je hoeft geen functies te combineren.<\/p><pre class=\"wp-block-code\"> <code class=\"language-visual-basic line-numbers\" lang=\"visual-basic\">Function MyWordCount(rng As Range) As Integer MyWordCount = UBound(Split(rng.Value, \" \"), 1) + 1 End Function<\/code><\/pre><p> Laat me je vertellen hoe je het moet gebruiken.<\/p><ol><li> Voer deze code eerst in de VBA-editor in. <br><img decoding=\"async\" title=\"voeg-udf-code-aan-vbe-te-tel-woorden-in-excel-cel toe\" src=\"https:\/\/exceladvisor.org\/wp-content\/uploads\/2023\/08\/ajouter-le-code-udf-a-vbe-pour-compter-les-mots-dans-la-cellule-excel.png\" sizes=\"\" srcset=\"\" alt=\"add udf code to vbe to count words in excel cell\"><\/li><li> En ga dan terug naar uw spreadsheet en voer \u201c=MyWordCount(\u201d in en verwijs naar de cel waar u een waarde hebt.<\/li><\/ol><p> En het zal het aantal woorden retourneren. <\/p><div class=\"wp-block-image\"><figure class=\"aligncenter\"><img decoding=\"async\" src=\"https:\/\/exceladvisor.org\/wp-content\/uploads\/2023\/08\/udf-pour-compter-le-mot-dans-excel-en-utilisant-le-substitut-len.png\" sizes=\"\" srcset=\"\" alt=\"udf om woorden in Excel te tellen met behulp van len-vervanger\"><\/figure><\/div><p> <em>Gerelateerd: <a href=\"https:\/\/exceladvisor.org\/nl\/excel-formulebalk\/\">Formulebalk in Excel<\/a><\/em><\/p><h2 id=\"3-3-count-words-from-a-range-of-cells\" class=\"wp-block-heading\"> 3. Tel woorden in een celbereik<\/h2><p> Laten we nu naar het volgende niveau gaan. En hier moet je woorden tellen uit een reeks cellen in plaats van uit \u00e9\u00e9n cel. Het <strong><span style=\"color: #000000;\">goede nieuws is dat<\/span><\/strong> je gewoon dezelfde formule hoeft te gebruiken (slechts een simpele wijziging) die je hierboven hebt gebruikt. En de formule zal zijn: <\/p><pre class=\"wp-block-code\"> <code class=\"language-excel-formula\" lang=\"excel-formula\">=SUMPRODUCT(LEN(A1:A11)-LEN(SUBSTITUTE(A1:A11,\" \",\"\"))+1)<\/code><\/pre><p class=\"has-text-align-center\"><img loading=\"lazy\" decoding=\"async\" src=\"https:\/\/exceladvisor.org\/wp-content\/uploads\/2023\/08\/formule-pour-compter-le-mot-dans-Excel-a-partir-de-la-plage-de-lignes-de-colonne.png\" sizes=\"auto, \" srcset=\"\" alt=\"formule om woorden in Excel te tellen vanuit het kolomrijbereik\" width=\"683\" height=\"367\" data-attachment-id=\"14729\"><\/p><p> In de bovenstaande formule is A1:A11 het celbereik en wanneer u de formule invoert, wordt in het resultaat 77 geretourneerd.<\/p><h3 id=\"4-how-it-works\" class=\"wp-block-heading\"> Hoe het werkt<\/h3><p> Deze formule werkt hetzelfde als de eerste methode, maar is slechts een kleine stap vooruit. Het enige verschil is dat je het in SUMPRODUCT hebt verpakt en naar het hele bereik hebt verwezen in plaats van naar slechts \u00e9\u00e9n cel. <\/p><div class=\"wp-block-image\"><figure class=\"aligncenter is-resized\"><img loading=\"lazy\" decoding=\"async\" src=\"https:\/\/exceladvisor.org\/wp-content\/uploads\/2023\/08\/comment-sumproduct-fonctionne-pour-compter-le-mot-dans-excel.png\" sizes=\"auto, \" srcset=\"\" alt=\"hoe somproduct werkt om woorden in Excel te tellen\" width=\"532\" height=\"26\"><\/figure><\/div><p> Wist u dat SUMPRODUCT tabellen kan accepteren? Dus wanneer u het gebruikt, retourneert het een array waarin u voor elke cel een aantal woorden hebt. En aan het einde worden deze cijfers bij elkaar opgeteld en wordt het aantal woorden in de kolom vermeld.<\/p><h2 id=\"5-4-word-count-from-entire-worksheet-\" class=\"wp-block-heading\"> 4. Aantal woorden van het hele werkblad<\/h2><p> Deze code is een van de nuttige macrocodes die ik in mijn werk gebruik en kan u helpen alle woorden in een werkblad te tellen.<\/p><pre class=\"wp-block-code\"> <code class=\"language-visual-basic line-numbers\" lang=\"visual-basic\">Sub Word_Count_Worksheet() Dim WordCnt As Long Dim rng As Range Dim S As String Dim N As Long For Each rng In ActiveSheet.UsedRange.Cells S = Application.WorksheetFunction.Trim(rng.Text) N = 0 If S &lt;&gt; vbNullString Then N = Len(S) \u2013 Len(Replace(S, \" \", \"\")) + 1 End If WordCnt = WordCnt + N Next rng MsgBox \"There are total \" &amp; Format(WordCnt, \"#,##0\") &amp; \" words in the active worksheet\" End Sub<\/code><\/pre><p> Wanneer u het uitvoert, <a href=\"https:\/\/exceladvisor.org\/nl\/vba-berichtbox\/\" target=\"\" rel=\"noopener noreferrer\" data-tcb-events=\"\">wordt er een berichtvenster weergegeven<\/a> met het aantal woorden dat u in het actieve werkblad heeft. <\/p><div class=\"wp-block-image\"><figure class=\"aligncenter\"><img decoding=\"async\" src=\"https:\/\/exceladvisor.org\/wp-content\/uploads\/2023\/08\/code-vba-pour-compter-les-mots-dans-excel-en-utilisant-vba.png\" sizes=\"\" srcset=\"\" alt=\"vba-code om woorden in Excel te tellen met behulp van vba\"><\/figure><\/div><p> <em>Gerelateerd: <a href=\"https:\/\/exceladvisor.org\/nl\/vba\/\">Wat is VBA in Excel<\/a><\/em><\/p><h2 id=\"6-5-count-a-specific-wordtext-string-from-a-range\" class=\"wp-block-heading\"> 5. Tel een specifiek woord\/tekstreeks uit een bereik<\/h2><p> Hier heb je een andere situatie. Stel dat u een specifiek woord in een celbereik moet tellen of wilt controleren hoe vaak een waarde in een kolom voorkomt.<\/p><p> Laten we dit voorbeeld nemen: Hieronder heb je een bereik van vier cellen en vanuit dit bereik moet je het aantal <strong><span style=\"color: #000000;\">keren tellen dat het woord &#8220;Maandag&#8221; voorkomt<\/span><\/strong> .<\/p><p> Hiervoor is de formule: <\/p><pre class=\"wp-block-code\"> <code class=\"language-excel-formula\" lang=\"excel-formula\">=SUMPRODUCT((LEN(D6:D9)-LEN(SUBSTITUTE(D6:D9,\"Monday\",\"\")))\/LEN(\"Monday\"))<\/code><\/pre><div class=\"wp-block-image\"><figure class=\"aligncenter\"><img decoding=\"async\" src=\"https:\/\/exceladvisor.org\/wp-content\/uploads\/2023\/08\/compter-les-mots-dans-Excel-specifique-avec-la-formule-sumproduct.png\" sizes=\"\" srcset=\"\" alt=\"tel woorden in Excel-specifiek met de somproductformule\"><\/figure><\/div><p> En wanneer u het typt, wordt er weer afgeteld naar het woord &#8216;maandag&#8217;. Het is 4.<\/p><p class=\"qt-tip\"> <strong>Belangrijk:<\/strong> Het retourneert het aantal woorden (woordfrequentie) uit het bereik <span style=\"color: #000000;\">en niet het aantal cellen<\/span> dat dat woord bevat. Maandag is er vier keer in drie cellen.<\/p><h3 id=\"7-how-it-works\" class=\"wp-block-heading\"> Hoe het werkt<\/h3><p> Om deze functie te begrijpen, moet je deze opnieuw in vier delen verdelen. In het eerste deel retourneert de LEN-functie een array met het aantal tekens in de cellen. <\/p><div class=\"wp-block-image\"><figure class=\"aligncenter\"><img decoding=\"async\" src=\"https:\/\/exceladvisor.org\/wp-content\/uploads\/2023\/08\/utiliser-la-formule-sumproduct-pour-compter-un-mot-specifique-a-partir-dune-plage-1.png\" sizes=\"\" srcset=\"\" alt=\"gebruik de somproductformule om een specifiek woord uit een bereik te tellen 1\"><\/figure><\/div><p> Het tweede deel retourneert een reeks celtekentellingen door het woord &#8216;maandag&#8217; te verwijderen. <\/p><div class=\"wp-block-image\"><figure class=\"aligncenter\"><img decoding=\"async\" src=\"https:\/\/exceladvisor.org\/wp-content\/uploads\/2023\/08\/utiliser-la-formule-sumproduct-pour-compter-un-mot-specifique-a-partir-dune-plage-2.png\" sizes=\"\" srcset=\"\" alt=\"gebruik de somproductformule om een specifiek woord uit een bereik te tellen 2\"><\/figure><\/div><p> In het derde deel retourneert de LEN-functie de lengte in tekens van het trefwoord &#8220;Maandag&#8221;. <\/p><div class=\"wp-block-image\"><figure class=\"aligncenter\"><img decoding=\"async\" src=\"https:\/\/exceladvisor.org\/wp-content\/uploads\/2023\/08\/utiliser-la-formule-sumproduct-pour-compter-un-mot-specifique-a-partir-dune-plage-3.png\" sizes=\"\" srcset=\"\" alt=\"gebruik de somproductformule om een specifiek woord uit een bereik te tellen 3\"><\/figure><\/div><p> Trek daarna het eerste deel af van het tweede deel en deel het vervolgens met het derde deel. Het retourneert een array met het aantal woorden &#8220;maandag&#8221; van elke cel. <\/p><div class=\"wp-block-image\"><figure class=\"aligncenter\"><img decoding=\"async\" src=\"https:\/\/exceladvisor.org\/wp-content\/uploads\/2023\/08\/utiliser-la-formule-sumproduct-pour-compter-un-mot-specifique-a-partir-dune-plage-4.png\" sizes=\"\" srcset=\"\" alt=\"gebruik de somproductformule om een specifiek woord uit een bereik te tellen 4\"><\/figure><\/div><p> In het vierde deel retourneert SOMPRODUCT de som van deze array en geeft het aantal \u201cmaandagen\u201d in het bereik. <\/p><div class=\"gb-container gb-container-52dfcee1 gb-container-sample-file\"><h2 class=\"gb-headline gb-headline-e289c143 gb-headline-text gb-headline-4f7959c2\"> Haal het Excel-bestand op<\/h2><p> <a class=\"gb-button gb-button-e88d6bee gb-button-text gb-button-button1\" href=\"https:\/\/exceladvisor.org\/wp-content\/uploads\/2023\/08\/compter-les-mots-2.zip\" rel=\"nofollow\">Downloaden<\/a><\/p><\/div><h2 id=\"9-conclusion\" class=\"wp-block-heading\"> Conclusie<\/h2><p> Wanneer u tekst in een cel of celbereik typt, kunt u deze methoden gebruiken om het aantal woorden te controleren. Ik zou willen dat Excel op een dag in de toekomst deze optie krijgt om woorden te tellen. Maar voorlopig heb je al deze geweldige methoden.<\/p><p> Welke methode vind jij het leukst? Zorg ervoor dat u uw mening met mij deelt in het opmerkingengedeelte, ik hoor graag van u. En <strong><span style=\"color: #ea493f;\">vergeet alsjeblieft niet om dit bericht met je vrienden te delen<\/span><\/strong> , ik weet zeker dat ze ervan zullen genieten.<\/p><div class=\"gb-container gb-container-0df56012 gb-container-mt\"> <a class=\"gb-button gb-button-f9f432f4 gb-button-text gb-button-mt-button\" href=\"https:\/\/exceladvisor.org\/nl\/formules\/\">Lijst met Excel-formules<\/a><h2 class=\"gb-headline gb-headline-233444e8 gb-headline-text gb-headline-mt-heading\"> Gerelateerde formules <\/h2><div class=\"gb-grid-wrapper gb-grid-wrapper-a16fa65c gb-grid-wrapper-mt-grid\"><div class=\"gb-grid-column gb-grid-column-50d07e0d\"><div class=\"gb-container gb-container-50d07e0d\"><ul><li> <a href=\"https:\/\/exceladvisor.org\/nl\/tel-cellen-met-tekst\/\">Tel cellen met tekst in Excel<\/a><\/li><li> <a href=\"https:\/\/exceladvisor.org\/nl\/specifieke-karakters-tellen\/\">Tel specifieke tekens in Excel<\/a><\/li><li> <a href=\"https:\/\/exceladvisor.org\/nl\/tel-het-totale-aantal-cellen\/\">Tel het totale aantal cellen in een bereik in Excel<\/a><\/li><li> <a href=\"https:\/\/exceladvisor.org\/nl\/unieke-waarden-tellen-1\/\">Tel unieke waarden in Excel<\/a><\/li><li> <a href=\"https:\/\/exceladvisor.org\/nl\/tellen-tegen-tellen\/\">COUNT versus COUNTA<\/a> <\/li><\/ul><\/div><\/div><div class=\"gb-grid-column gb-grid-column-5b4a0cf9\"><div class=\"gb-container gb-container-5b4a0cf9\"><\/div><\/div><\/div><\/div>","protected":false},"excerpt":{"rendered":"","protected":false},"author":1,"featured_media":0,"parent":0,"menu_order":0,"comment_status":"open","ping_status":"closed","template":"","meta":{"ub_ctt_via":"","footnotes":""},"class_list":["post-1870","page","type-page","status-publish","hentry"],"featured_image_src":null,"yoast_head":"<!-- This site is optimized with the Yoast SEO plugin v25.4 - https:\/\/yoast.com\/wordpress\/plugins\/seo\/ -->\n<title>\u25b7Hoe woorden tellen in Excel? (Tutorial 2023)<\/title>\n<meta name=\"description\" content=\"Ik zou willen dat Excel op een dag in de toekomst deze optie krijgt om woorden te tellen. Maar voorlopig heb je al deze methoden\" \/>\n<meta name=\"robots\" content=\"index, follow, max-snippet:-1, max-image-preview:large, max-video-preview:-1\" \/>\n<link rel=\"canonical\" href=\"https:\/\/exceladvisor.org\/nl\/tel-de-woorden\/\" \/>\n<meta property=\"og:locale\" content=\"nl_NL\" \/>\n<meta property=\"og:type\" content=\"article\" \/>\n<meta property=\"og:title\" content=\"\u25b7Hoe woorden tellen in Excel? (Tutorial 2023)\" \/>\n<meta property=\"og:description\" content=\"Ik zou willen dat Excel op een dag in de toekomst deze optie krijgt om woorden te tellen. Maar voorlopig heb je al deze methoden\" \/>\n<meta property=\"og:url\" content=\"https:\/\/exceladvisor.org\/nl\/tel-de-woorden\/\" \/>\n<meta property=\"og:site_name\" content=\"Excel Advisor\" \/>\n<meta property=\"article:modified_time\" content=\"2023-12-06T05:52:31+00:00\" \/>\n<meta property=\"og:image\" content=\"https:\/\/exceladvisor.org\/wp-content\/uploads\/2023\/08\/il-y-a-une-option-dans-word-pour-compter-les-mots-mais-pas-dans-excel.png\" \/>\n<meta name=\"twitter:card\" content=\"summary_large_image\" \/>\n<meta name=\"twitter:label1\" content=\"Geschatte leestijd\" \/>\n\t<meta name=\"twitter:data1\" content=\"6 minuten\" \/>\n<script type=\"application\/ld+json\" class=\"yoast-schema-graph\">{\"@context\":\"https:\/\/schema.org\",\"@graph\":[{\"@type\":\"WebPage\",\"@id\":\"https:\/\/exceladvisor.org\/nl\/tel-de-woorden\/\",\"url\":\"https:\/\/exceladvisor.org\/nl\/tel-de-woorden\/\",\"name\":\"\u25b7Hoe woorden tellen in Excel? (Tutorial 2023)\",\"isPartOf\":{\"@id\":\"https:\/\/exceladvisor.org\/nl\/#website\"},\"primaryImageOfPage\":{\"@id\":\"https:\/\/exceladvisor.org\/nl\/tel-de-woorden\/#primaryimage\"},\"image\":{\"@id\":\"https:\/\/exceladvisor.org\/nl\/tel-de-woorden\/#primaryimage\"},\"thumbnailUrl\":\"https:\/\/exceladvisor.org\/wp-content\/uploads\/2023\/08\/il-y-a-une-option-dans-word-pour-compter-les-mots-mais-pas-dans-excel.png\",\"datePublished\":\"2023-10-30T13:25:43+00:00\",\"dateModified\":\"2023-12-06T05:52:31+00:00\",\"description\":\"Ik zou willen dat Excel op een dag in de toekomst deze optie krijgt om woorden te tellen. Maar voorlopig heb je al deze methoden\",\"breadcrumb\":{\"@id\":\"https:\/\/exceladvisor.org\/nl\/tel-de-woorden\/#breadcrumb\"},\"inLanguage\":\"nl-NL\",\"potentialAction\":[{\"@type\":\"ReadAction\",\"target\":[\"https:\/\/exceladvisor.org\/nl\/tel-de-woorden\/\"]}]},{\"@type\":\"ImageObject\",\"inLanguage\":\"nl-NL\",\"@id\":\"https:\/\/exceladvisor.org\/nl\/tel-de-woorden\/#primaryimage\",\"url\":\"https:\/\/exceladvisor.org\/wp-content\/uploads\/2023\/08\/il-y-a-une-option-dans-word-pour-compter-les-mots-mais-pas-dans-excel.png\",\"contentUrl\":\"https:\/\/exceladvisor.org\/wp-content\/uploads\/2023\/08\/il-y-a-une-option-dans-word-pour-compter-les-mots-mais-pas-dans-excel.png\"},{\"@type\":\"BreadcrumbList\",\"@id\":\"https:\/\/exceladvisor.org\/nl\/tel-de-woorden\/#breadcrumb\",\"itemListElement\":[{\"@type\":\"ListItem\",\"position\":1,\"name\":\"Thuis\",\"item\":\"https:\/\/exceladvisor.org\/nl\/\"},{\"@type\":\"ListItem\",\"position\":2,\"name\":\"Hoe woorden tellen in excel?\"}]},{\"@type\":\"WebSite\",\"@id\":\"https:\/\/exceladvisor.org\/nl\/#website\",\"url\":\"https:\/\/exceladvisor.org\/nl\/\",\"name\":\"Excel Advisor\",\"description\":\"Uw gids voor datadominantie\",\"publisher\":{\"@id\":\"https:\/\/exceladvisor.org\/nl\/#organization\"},\"potentialAction\":[{\"@type\":\"SearchAction\",\"target\":{\"@type\":\"EntryPoint\",\"urlTemplate\":\"https:\/\/exceladvisor.org\/nl\/?s={search_term_string}\"},\"query-input\":{\"@type\":\"PropertyValueSpecification\",\"valueRequired\":true,\"valueName\":\"search_term_string\"}}],\"inLanguage\":\"nl-NL\"},{\"@type\":\"Organization\",\"@id\":\"https:\/\/exceladvisor.org\/nl\/#organization\",\"name\":\"Excel Advisor\",\"url\":\"https:\/\/exceladvisor.org\/nl\/\",\"logo\":{\"@type\":\"ImageObject\",\"inLanguage\":\"nl-NL\",\"@id\":\"https:\/\/exceladvisor.org\/nl\/#\/schema\/logo\/image\/\",\"url\":\"https:\/\/exceladvisor.org\/nl\/wp-content\/uploads\/2023\/12\/exceladvisor.org_.png\",\"contentUrl\":\"https:\/\/exceladvisor.org\/nl\/wp-content\/uploads\/2023\/12\/exceladvisor.org_.png\",\"width\":105,\"height\":36,\"caption\":\"Excel Advisor\"},\"image\":{\"@id\":\"https:\/\/exceladvisor.org\/nl\/#\/schema\/logo\/image\/\"}}]}<\/script>\n<!-- \/ Yoast SEO plugin. -->","yoast_head_json":{"title":"\u25b7Hoe woorden tellen in Excel? (Tutorial 2023)","description":"Ik zou willen dat Excel op een dag in de toekomst deze optie krijgt om woorden te tellen. Maar voorlopig heb je al deze methoden","robots":{"index":"index","follow":"follow","max-snippet":"max-snippet:-1","max-image-preview":"max-image-preview:large","max-video-preview":"max-video-preview:-1"},"canonical":"https:\/\/exceladvisor.org\/nl\/tel-de-woorden\/","og_locale":"nl_NL","og_type":"article","og_title":"\u25b7Hoe woorden tellen in Excel? (Tutorial 2023)","og_description":"Ik zou willen dat Excel op een dag in de toekomst deze optie krijgt om woorden te tellen. Maar voorlopig heb je al deze methoden","og_url":"https:\/\/exceladvisor.org\/nl\/tel-de-woorden\/","og_site_name":"Excel Advisor","article_modified_time":"2023-12-06T05:52:31+00:00","og_image":[{"url":"https:\/\/exceladvisor.org\/wp-content\/uploads\/2023\/08\/il-y-a-une-option-dans-word-pour-compter-les-mots-mais-pas-dans-excel.png","type":"","width":"","height":""}],"twitter_card":"summary_large_image","twitter_misc":{"Geschatte leestijd":"6 minuten"},"schema":{"@context":"https:\/\/schema.org","@graph":[{"@type":"WebPage","@id":"https:\/\/exceladvisor.org\/nl\/tel-de-woorden\/","url":"https:\/\/exceladvisor.org\/nl\/tel-de-woorden\/","name":"\u25b7Hoe woorden tellen in Excel? (Tutorial 2023)","isPartOf":{"@id":"https:\/\/exceladvisor.org\/nl\/#website"},"primaryImageOfPage":{"@id":"https:\/\/exceladvisor.org\/nl\/tel-de-woorden\/#primaryimage"},"image":{"@id":"https:\/\/exceladvisor.org\/nl\/tel-de-woorden\/#primaryimage"},"thumbnailUrl":"https:\/\/exceladvisor.org\/wp-content\/uploads\/2023\/08\/il-y-a-une-option-dans-word-pour-compter-les-mots-mais-pas-dans-excel.png","datePublished":"2023-10-30T13:25:43+00:00","dateModified":"2023-12-06T05:52:31+00:00","description":"Ik zou willen dat Excel op een dag in de toekomst deze optie krijgt om woorden te tellen. Maar voorlopig heb je al deze methoden","breadcrumb":{"@id":"https:\/\/exceladvisor.org\/nl\/tel-de-woorden\/#breadcrumb"},"inLanguage":"nl-NL","potentialAction":[{"@type":"ReadAction","target":["https:\/\/exceladvisor.org\/nl\/tel-de-woorden\/"]}]},{"@type":"ImageObject","inLanguage":"nl-NL","@id":"https:\/\/exceladvisor.org\/nl\/tel-de-woorden\/#primaryimage","url":"https:\/\/exceladvisor.org\/wp-content\/uploads\/2023\/08\/il-y-a-une-option-dans-word-pour-compter-les-mots-mais-pas-dans-excel.png","contentUrl":"https:\/\/exceladvisor.org\/wp-content\/uploads\/2023\/08\/il-y-a-une-option-dans-word-pour-compter-les-mots-mais-pas-dans-excel.png"},{"@type":"BreadcrumbList","@id":"https:\/\/exceladvisor.org\/nl\/tel-de-woorden\/#breadcrumb","itemListElement":[{"@type":"ListItem","position":1,"name":"Thuis","item":"https:\/\/exceladvisor.org\/nl\/"},{"@type":"ListItem","position":2,"name":"Hoe woorden tellen in excel?"}]},{"@type":"WebSite","@id":"https:\/\/exceladvisor.org\/nl\/#website","url":"https:\/\/exceladvisor.org\/nl\/","name":"Excel Advisor","description":"Uw gids voor datadominantie","publisher":{"@id":"https:\/\/exceladvisor.org\/nl\/#organization"},"potentialAction":[{"@type":"SearchAction","target":{"@type":"EntryPoint","urlTemplate":"https:\/\/exceladvisor.org\/nl\/?s={search_term_string}"},"query-input":{"@type":"PropertyValueSpecification","valueRequired":true,"valueName":"search_term_string"}}],"inLanguage":"nl-NL"},{"@type":"Organization","@id":"https:\/\/exceladvisor.org\/nl\/#organization","name":"Excel Advisor","url":"https:\/\/exceladvisor.org\/nl\/","logo":{"@type":"ImageObject","inLanguage":"nl-NL","@id":"https:\/\/exceladvisor.org\/nl\/#\/schema\/logo\/image\/","url":"https:\/\/exceladvisor.org\/nl\/wp-content\/uploads\/2023\/12\/exceladvisor.org_.png","contentUrl":"https:\/\/exceladvisor.org\/nl\/wp-content\/uploads\/2023\/12\/exceladvisor.org_.png","width":105,"height":36,"caption":"Excel Advisor"},"image":{"@id":"https:\/\/exceladvisor.org\/nl\/#\/schema\/logo\/image\/"}}]}},"yoast_meta":{"yoast_wpseo_title":"","yoast_wpseo_metadesc":"","yoast_wpseo_canonical":""},"_links":{"self":[{"href":"https:\/\/exceladvisor.org\/nl\/wp-json\/wp\/v2\/pages\/1870","targetHints":{"allow":["GET"]}}],"collection":[{"href":"https:\/\/exceladvisor.org\/nl\/wp-json\/wp\/v2\/pages"}],"about":[{"href":"https:\/\/exceladvisor.org\/nl\/wp-json\/wp\/v2\/types\/page"}],"author":[{"embeddable":true,"href":"https:\/\/exceladvisor.org\/nl\/wp-json\/wp\/v2\/users\/1"}],"replies":[{"embeddable":true,"href":"https:\/\/exceladvisor.org\/nl\/wp-json\/wp\/v2\/comments?post=1870"}],"version-history":[{"count":1,"href":"https:\/\/exceladvisor.org\/nl\/wp-json\/wp\/v2\/pages\/1870\/revisions"}],"predecessor-version":[{"id":2907,"href":"https:\/\/exceladvisor.org\/nl\/wp-json\/wp\/v2\/pages\/1870\/revisions\/2907"}],"wp:attachment":[{"href":"https:\/\/exceladvisor.org\/nl\/wp-json\/wp\/v2\/media?parent=1870"}],"curies":[{"name":"wp","href":"https:\/\/api.w.org\/{rel}","templated":true}]}}