{"id":1874,"date":"2023-10-30T11:47:21","date_gmt":"2023-10-30T11:47:21","guid":{"rendered":"https:\/\/exceladvisor.org\/nl\/kolom-kopieren\/"},"modified":"2023-12-06T05:49:28","modified_gmt":"2023-12-06T05:49:28","slug":"kolom-kopieren","status":"publish","type":"page","link":"https:\/\/exceladvisor.org\/nl\/kolom-kopieren\/","title":{"rendered":"Hoe kopieer en plak je een kolom in excel?"},"content":{"rendered":"<div class=\"excel-voor-de-inhoud\" id=\"excel-2481122844\"><script type=\"text\/javascript\">\r\n\tatOptions = {\r\n\t\t'key' : 'c1158f160081d6540a8409e6925dab94',\r\n\t\t'format' : 'iframe',\r\n\t\t'height' : 250,\r\n\t\t'width' : 300,\r\n\t\t'params' : {}\r\n\t};\r\n<\/script>\r\n<script type=\"text\/javascript\" src=\"\/\/www.highperformanceformat.com\/c1158f160081d6540a8409e6925dab94\/invoke.js\"><\/script><\/div> <p>Het kopi\u00ebren van gegevens is een veel voorkomende taak in ons dagelijks leven als we in Excel of een andere tekstverwerkingssoftware werken. Meestal moeten we een enkele cel van de ene plaats naar de andere kopi\u00ebren, of soms zelfs naar een ander werkblad. Het is heel eenvoudig om te doen.<\/p><p> Maar als het gaat om het kopi\u00ebren van meerdere doorlopende cellen en niet-aangrenzende cellen, bevinden we ons allemaal in grote problemen.<\/p><p> In deze zelfstudie leren we methoden om enkele of meerdere kolommen te kopi\u00ebren (continu en niet-continu). Laten we het nu stap voor stap doornemen.<\/p><h2 class=\"wp-block-heading\"> Stappen voor het kopi\u00ebren en plakken van \u00e9\u00e9n kolom<\/h2><ol><li> Selecteer eerst de volledige kolom, vanaf de <strong>kolomkopletter<\/strong> tot de bovenkant van de kolom die u wilt kopi\u00ebren.<\/li><li> Druk vervolgens op de rechtermuisknop en selecteer de optie \u201c <strong>Kopi\u00ebren<\/strong> \u201d in het dialoogvenster. <br><img loading=\"lazy\" decoding=\"async\" title=\"1-kopieer-plak-enkele-kolom\" src=\"https:\/\/exceladvisor.org\/wp-content\/uploads\/2023\/08\/1-copier-coller-une-seule-colonne.png\" sizes=\"auto, \" srcset=\"\" alt=\"copy-paste-single-column\" width=\"428\" height=\"408\"><\/li><li> Selecteer daarna het celbereik van die specifieke kolom waarin u uw gegevens wilt &#8216; <strong>plakken<\/strong> &#8216;.<\/li><li> Zodra u het bereik hebt geselecteerd, klikt u met de rechtermuisknop en kiest u de optie Plakken. <br><img loading=\"lazy\" decoding=\"async\" title=\"2-pasta-monokolom\" src=\"https:\/\/exceladvisor.org\/wp-content\/uploads\/2023\/08\/2-coller-une-seule-colonne.png\" sizes=\"auto, \" srcset=\"\" alt=\"paste-single-column\" width=\"417\" height=\"221\"><\/li><\/ol><h2 class=\"wp-block-heading\"> De kolom kopi\u00ebren met behulp van een sneltoets<\/h2><p> Hier is een eenvoudigere manier om de gegevens te kopi\u00ebren en te plakken met behulp van de sneltoets in plaats van dit handmatig te doen.<\/p><ol><li> Klik eerst op een cel in de kolom die u wilt kopi\u00ebren.<\/li><li> Van daaruit selecteert u de hele kolom door de sneltoets ingedrukt te houden, namelijk ( <strong>Control + spatiebalk<\/strong> ).<\/li><li> Vervolgens kunt u de geselecteerde kolom kopi\u00ebren door <strong>op Control + C<\/strong> op het toetsenbord te drukken.<\/li><li> Nu zul je zien dat deze kolom is gemarkeerd en plak deze vervolgens met <strong>Ctrl + V.<\/strong><\/li><\/ol><p> Gerelateerd \u279c <a href=\"https:\/\/exceladvisor.org\/nl\/toetsenbord-sneltoetsen\/\">Sneltoetsen voor Excel (PDF Cheatsheet)<\/a><\/p><h2 class=\"wp-block-heading\"> Kopieer en plak meerdere aangrenzende kolommen<\/h2><p> Als u meerdere kolommen tegelijk uit het spreadsheet wilt kopi\u00ebren, kunt u dat doen. Hieronder staan de stappen.<\/p><ol><li> Selecteer meerdere kolommen achter elkaar met de <strong>linkermuisknop<\/strong> bij de kolomkop.<\/li><li> Klik vervolgens met de rechtermuisknop op de geselecteerde kolommen.<\/li><li> Klik op de optie &#8220;Kopi\u00ebren&#8221; in het dialoogvenster om de volledige gegevens te selecteren. <br><img loading=\"lazy\" decoding=\"async\" title=\"3-kopie-meerdere-aangrenzende-regels-1\" src=\"https:\/\/exceladvisor.org\/wp-content\/uploads\/2023\/08\/3-copier-plusieurs-lignes-adjacentes-1.png\" sizes=\"auto, \" srcset=\"\" alt=\"\" width=\"414\" height=\"322\"><\/li><li> Nu zul je zien dat deze kolom is gemarkeerd en plak deze vervolgens met <strong>Ctrl + V.<\/strong> <br><img loading=\"lazy\" decoding=\"async\" title=\"4-pasta-meerdere-aangrenzende-kolommen\" src=\"https:\/\/exceladvisor.org\/wp-content\/uploads\/2023\/08\/4-coller-plusieurs-colonnes-adjacentes.png\" sizes=\"auto, \" srcset=\"\" alt=\"paste-multiple-adjacent-columns\" width=\"417\" height=\"179\"><\/li><\/ol><p class=\"qt-tip\"> <strong>Belangrijke opmerking<\/strong> : zorg ervoor dat u voldoende lege kolommen heeft waarin u uw gegevens wilt plakken. Als u al iets in dat celbereik hebt, wordt het overschreven.<\/p><h2 class=\"wp-block-heading\"> Kopieer meerdere niet-aangrenzende kolommen<\/h2><p> De eenvoudigste manier om meerdere niet-aangrenzende kolommen te kopi\u00ebren is door de CTRL-toets te gebruiken. Laten we in fasen te werk gaan.<\/p><ol><li> Selecteer in uw spreadsheet de eerste kolom door op de kop ervan te klikken.<\/li><li> Daarna <strong>Control<\/strong> -klikt u \u00e9\u00e9n voor \u00e9\u00e9n op de volgende kolommen die u wilt markeren.<\/li><li> Klik vervolgens met de rechtermuisknop op een van de geselecteerde kolommen en kies &#8220;Kopi\u00ebren&#8221; in het dialoogvenster. <br><img loading=\"lazy\" decoding=\"async\" title=\"5-kopie\u00ebn-meerdere-niet-doorlopende-regels\" src=\"https:\/\/exceladvisor.org\/wp-content\/uploads\/2023\/08\/5-copier-plusieurs-lignes-non-continues.png\" sizes=\"auto, \" srcset=\"\" alt=\"copy-multiple-non-continuous-rows\" width=\"419\" height=\"296\"><\/li><li> Nu zult u zien dat alle geselecteerde kolommen op het blad zijn gemarkeerd.<\/li><li> Selecteer aan het einde de doelcel waarin u uw gegevens wilt plakken en door op <strong>Ctrl + V<\/strong> te drukken, kunt u deze plakken. <br><img loading=\"lazy\" decoding=\"async\" title=\"6-deeg-meerdere-niet-doorlopende-lijnen\" src=\"https:\/\/exceladvisor.org\/wp-content\/uploads\/2023\/08\/6-coller-plusieurs-lignes-non-continues.png\" sizes=\"auto, \" srcset=\"\" alt=\"paste-multiple-non-continuous-rows\" width=\"408\" height=\"176\"><\/li><\/ol><h2 class=\"wp-block-heading\"> Kopieer en plak de kolom vanaf het lint<\/h2><p> Interessant is dat je ook waarden vanaf het lint kunt kopi\u00ebren en plakken. Laten we het in de volgende stappen doen:<\/p><ol><li> Selecteer eerst alle kolommen die u wilt kopi\u00ebren.<\/li><li> Ga vervolgens naar het tabblad Start en Klembord&gt; kies Kopi\u00ebren of gebruik (Ctrl + C) vanaf het toetsenbord om de kolommen te kopi\u00ebren. <br><img loading=\"lazy\" decoding=\"async\" title=\"7 kopieerlinten\" src=\"https:\/\/exceladvisor.org\/wp-content\/uploads\/2023\/08\/7-copie-a-travers-le-ruban.png\" sizes=\"auto, \" srcset=\"\" alt=\"copy-rows-through-ribbon\" width=\"409\" height=\"504\"><\/li><li> Selecteer de specifieke cel waarin u uw gegevens wilt plakken.<\/li><li> En klik vervolgens op de pasta vanaf het lint of u kunt de snelkoppeling gebruiken (Ctrl + V). <br><img loading=\"lazy\" decoding=\"async\" title=\"Optie 8 pasta door het lint\" src=\"https:\/\/exceladvisor.org\/wp-content\/uploads\/2023\/08\/8-options-de-collage-a-travers-le-ruban.png\" sizes=\"auto, \" srcset=\"\" alt=\"use-paste-option-through-ribbon\" width=\"407\" height=\"319\"><\/li><\/ol><p> Hier zijn dus de manieren waarop u kolommen in Excel kunt kopi\u00ebren en plakken.<\/p><p> Als u bovendien meerdere niet-aangrenzende kolommen wilt kopi\u00ebren, kunt u daarvoor de derde methode gebruiken.<\/p><p> Daarnaast helpt de bovenstaande kopieer- en plaksnelkoppeling u om uw gegevens zo snel mogelijk samen te stellen.<\/p><div class=\"gb-container gb-container-4db6181c gb-container-mt\"> <a class=\"gb-button gb-button-c5897111 gb-button-text gb-button-mt-button\" href=\"https:\/\/exceladvisor.org\/nl\/excel-basisbeginselen\/\">Basiskennis van Microsoft Excel (componenten, onderdelen en kennisnotities)<\/a><h2 class=\"gb-headline gb-headline-665e5f6b gb-headline-text gb-headline-mt-heading\"> Gerelateerde tutorials <\/h2><div class=\"gb-grid-wrapper gb-grid-wrapper-a20baf7c gb-grid-wrapper-mt-grid\"><div class=\"gb-grid-column gb-grid-column-65ddf67e\"><div class=\"gb-container gb-container-65ddf67e\"><ul><li> <a href=\"https:\/\/exceladvisor.org\/nl\/toevoegen-hyperlinks-verwijderen\/\">Hyperlinks toevoegen en verwijderen in Excel<\/a><\/li><li> <a href=\"https:\/\/exceladvisor.org\/nl\/voeg-een-watermerk-toe\/\">Voeg een watermerk toe in Excel<\/a><\/li><li> <a href=\"https:\/\/exceladvisor.org\/nl\/verwijder-verborgen-rijkolommen\/\">Verwijder verborgen rijen in Excel<\/a><\/li><li> <a href=\"https:\/\/exceladvisor.org\/nl\/deselecteer-cellen\/\">Deselecteer cellen in Excel<\/a> <\/li><\/ul><\/div><\/div><div class=\"gb-grid-column gb-grid-column-50067b57\"><div class=\"gb-container gb-container-50067b57\"><ul><li> <a href=\"https:\/\/exceladvisor.org\/nl\/lijnen-tonen\/\">Toon rijen in Excel<\/a><\/li><li> <a href=\"https:\/\/exceladvisor.org\/nl\/bereik\/\">Bereik in Excel<\/a><\/li><li> <a href=\"https:\/\/exceladvisor.org\/nl\/selecteer-het-bereik\/\">Selecteer bereik in Excel<\/a><\/li><li> <a href=\"https:\/\/exceladvisor.org\/nl\/actieve-cel\/\">Activeer cel in Excel<\/a><\/li><\/ul><\/div><\/div><\/div><\/div>","protected":false},"excerpt":{"rendered":"","protected":false},"author":1,"featured_media":0,"parent":0,"menu_order":0,"comment_status":"open","ping_status":"closed","template":"","meta":{"ub_ctt_via":"","footnotes":""},"class_list":["post-1874","page","type-page","status-publish","hentry"],"featured_image_src":null,"yoast_head":"<!-- This site is optimized with the Yoast SEO plugin v25.4 - https:\/\/yoast.com\/wordpress\/plugins\/seo\/ -->\n<title>\u25b7 Hoe kopieer en plak je een kolom in Excel?<\/title>\n<meta name=\"description\" content=\"In deze formule-tutorial leren we hoe u een enkele kolom en meerdere kolommen kunt kopi\u00ebren en plakken met behulp van methoden\" \/>\n<meta name=\"robots\" content=\"index, follow, max-snippet:-1, max-image-preview:large, max-video-preview:-1\" \/>\n<link rel=\"canonical\" href=\"https:\/\/exceladvisor.org\/nl\/kolom-kopieren\/\" \/>\n<meta property=\"og:locale\" content=\"nl_NL\" \/>\n<meta property=\"og:type\" content=\"article\" \/>\n<meta property=\"og:title\" content=\"\u25b7 Hoe kopieer en plak je een kolom in Excel?\" \/>\n<meta property=\"og:description\" content=\"In deze formule-tutorial leren we hoe u een enkele kolom en meerdere kolommen kunt kopi\u00ebren en plakken met behulp van methoden\" \/>\n<meta property=\"og:url\" content=\"https:\/\/exceladvisor.org\/nl\/kolom-kopieren\/\" \/>\n<meta property=\"og:site_name\" content=\"Excel Advisor\" \/>\n<meta property=\"article:modified_time\" content=\"2023-12-06T05:49:28+00:00\" \/>\n<meta property=\"og:image\" content=\"https:\/\/exceladvisor.org\/wp-content\/uploads\/2023\/08\/1-copier-coller-une-seule-colonne.png\" \/>\n<meta name=\"twitter:card\" content=\"summary_large_image\" \/>\n<meta name=\"twitter:label1\" content=\"Geschatte leestijd\" \/>\n\t<meta name=\"twitter:data1\" content=\"3 minuten\" \/>\n<script type=\"application\/ld+json\" class=\"yoast-schema-graph\">{\"@context\":\"https:\/\/schema.org\",\"@graph\":[{\"@type\":\"WebPage\",\"@id\":\"https:\/\/exceladvisor.org\/nl\/kolom-kopieren\/\",\"url\":\"https:\/\/exceladvisor.org\/nl\/kolom-kopieren\/\",\"name\":\"\u25b7 Hoe kopieer en plak je een kolom in Excel?\",\"isPartOf\":{\"@id\":\"https:\/\/exceladvisor.org\/nl\/#website\"},\"primaryImageOfPage\":{\"@id\":\"https:\/\/exceladvisor.org\/nl\/kolom-kopieren\/#primaryimage\"},\"image\":{\"@id\":\"https:\/\/exceladvisor.org\/nl\/kolom-kopieren\/#primaryimage\"},\"thumbnailUrl\":\"https:\/\/exceladvisor.org\/wp-content\/uploads\/2023\/08\/1-copier-coller-une-seule-colonne.png\",\"datePublished\":\"2023-10-30T11:47:21+00:00\",\"dateModified\":\"2023-12-06T05:49:28+00:00\",\"description\":\"In deze formule-tutorial leren we hoe u een enkele kolom en meerdere kolommen kunt kopi\u00ebren en plakken met behulp van methoden\",\"breadcrumb\":{\"@id\":\"https:\/\/exceladvisor.org\/nl\/kolom-kopieren\/#breadcrumb\"},\"inLanguage\":\"nl-NL\",\"potentialAction\":[{\"@type\":\"ReadAction\",\"target\":[\"https:\/\/exceladvisor.org\/nl\/kolom-kopieren\/\"]}]},{\"@type\":\"ImageObject\",\"inLanguage\":\"nl-NL\",\"@id\":\"https:\/\/exceladvisor.org\/nl\/kolom-kopieren\/#primaryimage\",\"url\":\"https:\/\/exceladvisor.org\/wp-content\/uploads\/2023\/08\/1-copier-coller-une-seule-colonne.png\",\"contentUrl\":\"https:\/\/exceladvisor.org\/wp-content\/uploads\/2023\/08\/1-copier-coller-une-seule-colonne.png\"},{\"@type\":\"BreadcrumbList\",\"@id\":\"https:\/\/exceladvisor.org\/nl\/kolom-kopieren\/#breadcrumb\",\"itemListElement\":[{\"@type\":\"ListItem\",\"position\":1,\"name\":\"Thuis\",\"item\":\"https:\/\/exceladvisor.org\/nl\/\"},{\"@type\":\"ListItem\",\"position\":2,\"name\":\"Hoe kopieer en plak je een kolom in excel?\"}]},{\"@type\":\"WebSite\",\"@id\":\"https:\/\/exceladvisor.org\/nl\/#website\",\"url\":\"https:\/\/exceladvisor.org\/nl\/\",\"name\":\"Excel Advisor\",\"description\":\"Uw gids voor datadominantie\",\"publisher\":{\"@id\":\"https:\/\/exceladvisor.org\/nl\/#organization\"},\"potentialAction\":[{\"@type\":\"SearchAction\",\"target\":{\"@type\":\"EntryPoint\",\"urlTemplate\":\"https:\/\/exceladvisor.org\/nl\/?s={search_term_string}\"},\"query-input\":{\"@type\":\"PropertyValueSpecification\",\"valueRequired\":true,\"valueName\":\"search_term_string\"}}],\"inLanguage\":\"nl-NL\"},{\"@type\":\"Organization\",\"@id\":\"https:\/\/exceladvisor.org\/nl\/#organization\",\"name\":\"Excel Advisor\",\"url\":\"https:\/\/exceladvisor.org\/nl\/\",\"logo\":{\"@type\":\"ImageObject\",\"inLanguage\":\"nl-NL\",\"@id\":\"https:\/\/exceladvisor.org\/nl\/#\/schema\/logo\/image\/\",\"url\":\"https:\/\/exceladvisor.org\/nl\/wp-content\/uploads\/2023\/12\/exceladvisor.org_.png\",\"contentUrl\":\"https:\/\/exceladvisor.org\/nl\/wp-content\/uploads\/2023\/12\/exceladvisor.org_.png\",\"width\":105,\"height\":36,\"caption\":\"Excel Advisor\"},\"image\":{\"@id\":\"https:\/\/exceladvisor.org\/nl\/#\/schema\/logo\/image\/\"}}]}<\/script>\n<!-- \/ Yoast SEO plugin. -->","yoast_head_json":{"title":"\u25b7 Hoe kopieer en plak je een kolom in Excel?","description":"In deze formule-tutorial leren we hoe u een enkele kolom en meerdere kolommen kunt kopi\u00ebren en plakken met behulp van methoden","robots":{"index":"index","follow":"follow","max-snippet":"max-snippet:-1","max-image-preview":"max-image-preview:large","max-video-preview":"max-video-preview:-1"},"canonical":"https:\/\/exceladvisor.org\/nl\/kolom-kopieren\/","og_locale":"nl_NL","og_type":"article","og_title":"\u25b7 Hoe kopieer en plak je een kolom in Excel?","og_description":"In deze formule-tutorial leren we hoe u een enkele kolom en meerdere kolommen kunt kopi\u00ebren en plakken met behulp van methoden","og_url":"https:\/\/exceladvisor.org\/nl\/kolom-kopieren\/","og_site_name":"Excel Advisor","article_modified_time":"2023-12-06T05:49:28+00:00","og_image":[{"url":"https:\/\/exceladvisor.org\/wp-content\/uploads\/2023\/08\/1-copier-coller-une-seule-colonne.png","type":"","width":"","height":""}],"twitter_card":"summary_large_image","twitter_misc":{"Geschatte leestijd":"3 minuten"},"schema":{"@context":"https:\/\/schema.org","@graph":[{"@type":"WebPage","@id":"https:\/\/exceladvisor.org\/nl\/kolom-kopieren\/","url":"https:\/\/exceladvisor.org\/nl\/kolom-kopieren\/","name":"\u25b7 Hoe kopieer en plak je een kolom in Excel?","isPartOf":{"@id":"https:\/\/exceladvisor.org\/nl\/#website"},"primaryImageOfPage":{"@id":"https:\/\/exceladvisor.org\/nl\/kolom-kopieren\/#primaryimage"},"image":{"@id":"https:\/\/exceladvisor.org\/nl\/kolom-kopieren\/#primaryimage"},"thumbnailUrl":"https:\/\/exceladvisor.org\/wp-content\/uploads\/2023\/08\/1-copier-coller-une-seule-colonne.png","datePublished":"2023-10-30T11:47:21+00:00","dateModified":"2023-12-06T05:49:28+00:00","description":"In deze formule-tutorial leren we hoe u een enkele kolom en meerdere kolommen kunt kopi\u00ebren en plakken met behulp van methoden","breadcrumb":{"@id":"https:\/\/exceladvisor.org\/nl\/kolom-kopieren\/#breadcrumb"},"inLanguage":"nl-NL","potentialAction":[{"@type":"ReadAction","target":["https:\/\/exceladvisor.org\/nl\/kolom-kopieren\/"]}]},{"@type":"ImageObject","inLanguage":"nl-NL","@id":"https:\/\/exceladvisor.org\/nl\/kolom-kopieren\/#primaryimage","url":"https:\/\/exceladvisor.org\/wp-content\/uploads\/2023\/08\/1-copier-coller-une-seule-colonne.png","contentUrl":"https:\/\/exceladvisor.org\/wp-content\/uploads\/2023\/08\/1-copier-coller-une-seule-colonne.png"},{"@type":"BreadcrumbList","@id":"https:\/\/exceladvisor.org\/nl\/kolom-kopieren\/#breadcrumb","itemListElement":[{"@type":"ListItem","position":1,"name":"Thuis","item":"https:\/\/exceladvisor.org\/nl\/"},{"@type":"ListItem","position":2,"name":"Hoe kopieer en plak je een kolom in excel?"}]},{"@type":"WebSite","@id":"https:\/\/exceladvisor.org\/nl\/#website","url":"https:\/\/exceladvisor.org\/nl\/","name":"Excel Advisor","description":"Uw gids voor datadominantie","publisher":{"@id":"https:\/\/exceladvisor.org\/nl\/#organization"},"potentialAction":[{"@type":"SearchAction","target":{"@type":"EntryPoint","urlTemplate":"https:\/\/exceladvisor.org\/nl\/?s={search_term_string}"},"query-input":{"@type":"PropertyValueSpecification","valueRequired":true,"valueName":"search_term_string"}}],"inLanguage":"nl-NL"},{"@type":"Organization","@id":"https:\/\/exceladvisor.org\/nl\/#organization","name":"Excel Advisor","url":"https:\/\/exceladvisor.org\/nl\/","logo":{"@type":"ImageObject","inLanguage":"nl-NL","@id":"https:\/\/exceladvisor.org\/nl\/#\/schema\/logo\/image\/","url":"https:\/\/exceladvisor.org\/nl\/wp-content\/uploads\/2023\/12\/exceladvisor.org_.png","contentUrl":"https:\/\/exceladvisor.org\/nl\/wp-content\/uploads\/2023\/12\/exceladvisor.org_.png","width":105,"height":36,"caption":"Excel Advisor"},"image":{"@id":"https:\/\/exceladvisor.org\/nl\/#\/schema\/logo\/image\/"}}]}},"yoast_meta":{"yoast_wpseo_title":"","yoast_wpseo_metadesc":"","yoast_wpseo_canonical":""},"_links":{"self":[{"href":"https:\/\/exceladvisor.org\/nl\/wp-json\/wp\/v2\/pages\/1874","targetHints":{"allow":["GET"]}}],"collection":[{"href":"https:\/\/exceladvisor.org\/nl\/wp-json\/wp\/v2\/pages"}],"about":[{"href":"https:\/\/exceladvisor.org\/nl\/wp-json\/wp\/v2\/types\/page"}],"author":[{"embeddable":true,"href":"https:\/\/exceladvisor.org\/nl\/wp-json\/wp\/v2\/users\/1"}],"replies":[{"embeddable":true,"href":"https:\/\/exceladvisor.org\/nl\/wp-json\/wp\/v2\/comments?post=1874"}],"version-history":[{"count":1,"href":"https:\/\/exceladvisor.org\/nl\/wp-json\/wp\/v2\/pages\/1874\/revisions"}],"predecessor-version":[{"id":2620,"href":"https:\/\/exceladvisor.org\/nl\/wp-json\/wp\/v2\/pages\/1874\/revisions\/2620"}],"wp:attachment":[{"href":"https:\/\/exceladvisor.org\/nl\/wp-json\/wp\/v2\/media?parent=1874"}],"curies":[{"name":"wp","href":"https:\/\/api.w.org\/{rel}","templated":true}]}}