{"id":1878,"date":"2023-10-30T10:32:57","date_gmt":"2023-10-30T10:32:57","guid":{"rendered":"https:\/\/exceladvisor.org\/nl\/alinea-in-een-cel\/"},"modified":"2023-12-06T05:49:56","modified_gmt":"2023-12-06T05:49:56","slug":"alinea-in-een-cel","status":"publish","type":"page","link":"https:\/\/exceladvisor.org\/nl\/alinea-in-een-cel\/","title":{"rendered":"Hoe maak je een alinea in een cel in excel?"},"content":{"rendered":"<div class=\"excel-voor-de-inhoud\" id=\"excel-2138603708\"><script type=\"text\/javascript\">\r\n\tatOptions = {\r\n\t\t'key' : 'c1158f160081d6540a8409e6925dab94',\r\n\t\t'format' : 'iframe',\r\n\t\t'height' : 250,\r\n\t\t'width' : 300,\r\n\t\t'params' : {}\r\n\t};\r\n<\/script>\r\n<script type=\"text\/javascript\" src=\"\/\/www.highperformanceformat.com\/c1158f160081d6540a8409e6925dab94\/invoke.js\"><\/script><\/div> <p>In Excel hebben we cellen voor het invoeren en opslaan van gegevens, en een cel is 96 pixels breed en 24 pixels hoog, en je kunt er maar \u00e9\u00e9n of twee woorden aan toevoegen.<\/p><p> Maar soms moet u een hele alinea aan het werkblad in Excel toevoegen. Hiervoor zijn er een paar opties die u kunt gebruiken. <\/p><div class=\"wp-block-image\"><figure class=\"aligncenter size-full is-resized\"><img loading=\"lazy\" decoding=\"async\" class=\"wp-image-72435\" src=\"https:\/\/exceladvisor.org\/wp-content\/uploads\/2023\/08\/1-cellule-dans-excel.png\" sizes=\"auto, \" srcset=\"\" alt=\"cel in Excel\" width=\"463\" height=\"244\"><\/figure><\/div><p> In deze tutorial leren we al deze opties.<\/p><h2 class=\"wp-block-heading\"> Stappen om tekst te verdraaien om een alinea in een enkele cel in Excel toe te voegen<\/h2><ol><li> Selecteer eerst de cel waarin u de alinea wilt invoeren en bewerk deze. <br><img loading=\"lazy\" decoding=\"async\" title=\"2-selectiecel\" src=\"https:\/\/exceladvisor.org\/wp-content\/uploads\/2023\/08\/2-selectionner-la-cellule.png\" sizes=\"auto, \" srcset=\"\" alt=\"select-the-cell\" width=\"435\" height=\"174\"><\/li><li> Plak of typ nu de alineatekst die u wilt toevoegen, en het ziet er als volgt uit waar uw tekst de cel overloopt. <br><img loading=\"lazy\" decoding=\"async\" title=\"3-plakken-of-type-paragraaf-tekst\" src=\"https:\/\/exceladvisor.org\/wp-content\/uploads\/2023\/08\/3-coller-ou-taper-le-texte-du-paragraphe.png\" sizes=\"auto, \" srcset=\"\" alt=\"paste-or-type-paragraph-text\" width=\"477\" height=\"272\"><\/li><li> Vervolgens moet u de celbreedte en -hoogte wijzigen, zodat alle tekst in \u00e9\u00e9n cel past. <br><img loading=\"lazy\" decoding=\"async\" title=\"4-verandering celgrootte\" src=\"https:\/\/exceladvisor.org\/wp-content\/uploads\/2023\/08\/4-changer-la-taille-de-la-cellule.png\" sizes=\"auto, \" srcset=\"\" alt=\"change-the-cell-size\" width=\"522\" height=\"298\"><\/li><li> Ga vervolgens naar het tabblad Start, de uitlijningsgroep, en klik op de knop Tekstomloop om alle tekst in de cel terug te laten lopen. <br><img loading=\"lazy\" decoding=\"async\" title=\"5-klik-tekstomloopknop\" src=\"https:\/\/exceladvisor.org\/wp-content\/uploads\/2023\/08\/Bouton-dhabillage-de-texte-en-5-clics.png\" sizes=\"auto, \" srcset=\"\" alt=\"click-wrap-text-button\" width=\"531\" height=\"274\"><\/li><\/ol><p> Op deze manier kun je een lange zin tekst als alinea in de cel maken. En als je de breedte en hoogte van de cel verandert, verandert daarmee ook de alinea in de cel.<\/p><h2 class=\"wp-block-heading\"> Typ een alinea met een regeleinde<\/h2><p> Als u een volledige alinea in een cel wilt typen, kunt u een regeleinde gebruiken om naar de nieuwe regel in de cel te gaan. Als u klaar bent met een rij, gebruikt u de sneltoets <strong>Alt + Enter<\/strong> om een <a href=\"https:\/\/exceladvisor.org\/nl\/nieuwe-regel-in-cel\/\">nieuwe rij in de cel<\/a> in te voegen. <\/p><div class=\"wp-block-image\"><figure class=\"aligncenter size-full is-resized\"><img loading=\"lazy\" decoding=\"async\" class=\"wp-image-72440\" src=\"https:\/\/exceladvisor.org\/wp-content\/uploads\/2023\/08\/6-utiliser-un-saut-de-ligne-dans-la-cellule.png\" sizes=\"auto, \" srcset=\"\" alt=\"gebruik-regel-break-in-cel\" width=\"627\" height=\"150\"><\/figure><\/div><p> Met deze <a href=\"https:\/\/exceladvisor.org\/nl\/toetsenbord-sneltoetsen\/\">sneltoets<\/a> kunt u zoveel regeleinden in de cel maken. En als u meerdere alinea&#8217;s wilt toevoegen, werkt deze methode het beste. <\/p><div class=\"wp-block-image\"><figure class=\"aligncenter size-full is-resized\"><img loading=\"lazy\" decoding=\"async\" class=\"wp-image-72441\" src=\"https:\/\/exceladvisor.org\/wp-content\/uploads\/2023\/08\/7-creer-de-nombreux-sauts-de-ligne.png\" sizes=\"auto, \" srcset=\"\" alt=\"maak meerdere regeleinden\" width=\"591\" height=\"299\"><\/figure><\/div><p> Na elke alinea moet u twee keer op de sneltoets drukken: \u00e9\u00e9n keer voor de regelafstand en \u00e9\u00e9n keer om naar de nieuwe regel te gaan.<\/p><h2 class=\"wp-block-heading\"> Gebruik een tekstvak om een alinea toe te voegen in Excel<\/h2><p> In Excel <a href=\"https:\/\/exceladvisor.org\/nl\/tekst-zone\/\">kunt u een tekstvak invoegen<\/a> en vervolgens de alineatekst eraan toevoegen.<\/p><ol><li> Ga eerst naar het tabblad Invoegen, klik vervolgens op Tekst, trek het naar beneden en klik op Tekstvak. <br><img loading=\"lazy\" decoding=\"async\" title=\"8 tekstvakken om een paragraaf toe te voegen\" src=\"https:\/\/exceladvisor.org\/wp-content\/uploads\/2023\/08\/8-zone-de-texte-pour-ajouter-un-paragraphe.png\" sizes=\"auto, \" srcset=\"\" alt=\"text-box-to-add-paragraph\" width=\"400\" height=\"315\"><\/li><li> Vervolgens moet u het tekstvak in het spreadsheet invoegen.<\/li><li> Bewerk nu het tekstvak en plak of typ de tekst erin. <br><img loading=\"lazy\" decoding=\"async\" title=\"9-bewerk-tekstvak\" src=\"https:\/\/exceladvisor.org\/wp-content\/uploads\/2023\/08\/9-modifier-la-zone-de-texte.png\" sizes=\"auto, \" srcset=\"\" alt=\"edit-text-box\" width=\"769\" height=\"237\"><\/li><li> Pas aan het einde de breedte van het tekstvak aan.<\/li><\/ol><h2 class=\"wp-block-heading\"> Maak een alinea met Fill Justify<\/h2><p> Stel dat u een waarde in meerdere cellen heeft en u wilt \u00e9\u00e9n alinea maken, dan kunt u daarvoor <a href=\"https:\/\/exceladvisor.org\/nl\/volledig-rechtvaardigen\/\">opvulmotivatie<\/a> gebruiken. Vul Uitvullen en <a href=\"https:\/\/exceladvisor.org\/nl\/een-reeks-cellen-aaneenschakelen\/\">combineer waarden uit meerdere cellen<\/a> . In het volgende voorbeeld hebben we een waarde in drie cellen A1, A2 en A3. <\/p><div class=\"wp-block-image\"><figure class=\"aligncenter size-full is-resized\"><img loading=\"lazy\" decoding=\"async\" class=\"wp-image-72444\" src=\"https:\/\/exceladvisor.org\/wp-content\/uploads\/2023\/08\/10-paragraphe-en-utilisant-le-remplissage-justifie.png\" sizes=\"auto, \" srcset=\"\" alt=\"paragraaf-met-invullen-uitvullen\" width=\"621\" height=\"164\"><\/figure><\/div><p> Om nu een alinea van deze waarden in cel A1 te maken, moet u eerst de kolombreedte voldoende maken, zodat alle drie de waarden in \u00e9\u00e9n cel worden gecombineerd. Ik heb de breedte gewijzigd naar 2125 pixels.<\/p><ol><li> Selecteer alle drie de cellen.<\/li><li> Ga naar het tabblad Start.<\/li><li> Klik op het vervolgkeuzemenu Vulling.<\/li><li> Selecteer de optie Uitvullen. <\/li><\/ol><div class=\"wp-block-image\"><figure class=\"aligncenter size-full is-resized\"><img loading=\"lazy\" decoding=\"async\" class=\"alignnone  wp-image-13016\" src=\"https:\/\/exceladvisor.org\/wp-content\/uploads\/2023\/11\/justify-excel.png\" alt=\"rechtvaardigen-excel\" width=\"427\" height=\"347\" srcset=\"https:\/\/exceladvisor.org\/wp-content\/uploads\/2023\/11\/justify-excel.png 675w, https:\/\/exceladvisor.org\/wp-content\/uploads\/2023\/11\/justify-excel-300x244.png 300w\" sizes=\"auto, (max-width: 427px) 100vw, 427px\"><\/figure><\/div><p> Nu heb je alle waarden in de enkele cel en klik nu op de optie Tekstomloop en verander de hoogte en breedte van de cel om er een alinea van te maken. <\/p><div class=\"wp-block-image\"><figure class=\"aligncenter size-full is-resized\"><img loading=\"lazy\" decoding=\"async\" class=\"wp-image-72446\" src=\"https:\/\/exceladvisor.org\/wp-content\/uploads\/2023\/08\/12-envelopper-le-texte-et-definir-la-taille-de-la-cellule.png\" sizes=\"auto, \" srcset=\"\" alt=\"wrap-tekst-en-stel-celgrootte in\" width=\"609\" height=\"203\"><\/figure><\/div><div class=\"gb-container gb-container-4db6181c gb-container-mt\"> <a class=\"gb-button gb-button-c5897111 gb-button-text gb-button-mt-button\" href=\"https:\/\/exceladvisor.org\/nl\/excel-basisbeginselen\/\">Basiskennis van Microsoft Excel (componenten, onderdelen en kennisnotities)<\/a><h2 class=\"gb-headline gb-headline-665e5f6b gb-headline-text gb-headline-mt-heading\"> Gerelateerde tutorials <\/h2><div class=\"gb-grid-wrapper gb-grid-wrapper-a20baf7c gb-grid-wrapper-mt-grid\"><div class=\"gb-grid-column gb-grid-column-65ddf67e\"><div class=\"gb-container gb-container-65ddf67e\"><ul><li> <a href=\"https:\/\/exceladvisor.org\/nl\/toevoegen-hyperlinks-verwijderen\/\">Hyperlinks toevoegen en verwijderen in Excel<\/a><\/li><li> <a href=\"https:\/\/exceladvisor.org\/nl\/voeg-een-watermerk-toe\/\">Voeg een watermerk toe in Excel<\/a><\/li><li> <a href=\"https:\/\/exceladvisor.org\/nl\/verwijder-verborgen-rijkolommen\/\">Verwijder verborgen rijen in Excel<\/a><\/li><li> <a href=\"https:\/\/exceladvisor.org\/nl\/deselecteer-cellen\/\">Deselecteer cellen in Excel<\/a> <\/li><\/ul><\/div><\/div><div class=\"gb-grid-column gb-grid-column-50067b57\"><div class=\"gb-container gb-container-50067b57\"><ul><li> <a href=\"https:\/\/exceladvisor.org\/nl\/lijnen-verwijderen\/\">Verwijder een rij of meerdere rijen in Excel<\/a><\/li><li> <a href=\"https:\/\/exceladvisor.org\/nl\/kolom-kopieren\/\">Kopieer en plak een kolom in Excel<\/a><\/li><li> <a href=\"https:\/\/exceladvisor.org\/nl\/rij-kolom-verplaatsen\/\">Verplaats een rij en kolom in Excel<\/a><\/li><li> <a href=\"https:\/\/exceladvisor.org\/nl\/kolombreedte\/\">Hoe u de kolombreedte in Excel kunt wijzigen<\/a><\/li><\/ul><\/div><\/div><\/div><\/div>","protected":false},"excerpt":{"rendered":"","protected":false},"author":1,"featured_media":0,"parent":0,"menu_order":0,"comment_status":"open","ping_status":"closed","template":"","meta":{"ub_ctt_via":"","footnotes":""},"class_list":["post-1878","page","type-page","status-publish","hentry"],"featured_image_src":null,"yoast_head":"<!-- This site is optimized with the Yoast SEO plugin v25.4 - https:\/\/yoast.com\/wordpress\/plugins\/seo\/ -->\n<title>Hoe maak je een alinea in een cel in Excel?<\/title>\n<meta name=\"description\" content=\"In deze zelfstudie leren we hoe u een alinea in een cel in Excel kunt maken. We zullen verschillende manieren en methoden overwegen\" \/>\n<meta name=\"robots\" content=\"index, follow, max-snippet:-1, max-image-preview:large, max-video-preview:-1\" \/>\n<link rel=\"canonical\" href=\"https:\/\/exceladvisor.org\/nl\/alinea-in-een-cel\/\" \/>\n<meta property=\"og:locale\" content=\"nl_NL\" \/>\n<meta property=\"og:type\" content=\"article\" \/>\n<meta property=\"og:title\" content=\"Hoe maak je een alinea in een cel in Excel?\" \/>\n<meta property=\"og:description\" content=\"In deze zelfstudie leren we hoe u een alinea in een cel in Excel kunt maken. We zullen verschillende manieren en methoden overwegen\" \/>\n<meta property=\"og:url\" content=\"https:\/\/exceladvisor.org\/nl\/alinea-in-een-cel\/\" \/>\n<meta property=\"og:site_name\" content=\"Excel Advisor\" \/>\n<meta property=\"article:modified_time\" content=\"2023-12-06T05:49:56+00:00\" \/>\n<meta property=\"og:image\" content=\"https:\/\/exceladvisor.org\/wp-content\/uploads\/2023\/08\/1-cellule-dans-excel.png\" \/>\n<meta name=\"twitter:card\" content=\"summary_large_image\" \/>\n<meta name=\"twitter:label1\" content=\"Geschatte leestijd\" \/>\n\t<meta name=\"twitter:data1\" content=\"3 minuten\" \/>\n<script type=\"application\/ld+json\" class=\"yoast-schema-graph\">{\"@context\":\"https:\/\/schema.org\",\"@graph\":[{\"@type\":\"WebPage\",\"@id\":\"https:\/\/exceladvisor.org\/nl\/alinea-in-een-cel\/\",\"url\":\"https:\/\/exceladvisor.org\/nl\/alinea-in-een-cel\/\",\"name\":\"Hoe maak je een alinea in een cel in Excel?\",\"isPartOf\":{\"@id\":\"https:\/\/exceladvisor.org\/nl\/#website\"},\"primaryImageOfPage\":{\"@id\":\"https:\/\/exceladvisor.org\/nl\/alinea-in-een-cel\/#primaryimage\"},\"image\":{\"@id\":\"https:\/\/exceladvisor.org\/nl\/alinea-in-een-cel\/#primaryimage\"},\"thumbnailUrl\":\"https:\/\/exceladvisor.org\/wp-content\/uploads\/2023\/08\/1-cellule-dans-excel.png\",\"datePublished\":\"2023-10-30T10:32:57+00:00\",\"dateModified\":\"2023-12-06T05:49:56+00:00\",\"description\":\"In deze zelfstudie leren we hoe u een alinea in een cel in Excel kunt maken. We zullen verschillende manieren en methoden overwegen\",\"breadcrumb\":{\"@id\":\"https:\/\/exceladvisor.org\/nl\/alinea-in-een-cel\/#breadcrumb\"},\"inLanguage\":\"nl-NL\",\"potentialAction\":[{\"@type\":\"ReadAction\",\"target\":[\"https:\/\/exceladvisor.org\/nl\/alinea-in-een-cel\/\"]}]},{\"@type\":\"ImageObject\",\"inLanguage\":\"nl-NL\",\"@id\":\"https:\/\/exceladvisor.org\/nl\/alinea-in-een-cel\/#primaryimage\",\"url\":\"https:\/\/exceladvisor.org\/wp-content\/uploads\/2023\/08\/1-cellule-dans-excel.png\",\"contentUrl\":\"https:\/\/exceladvisor.org\/wp-content\/uploads\/2023\/08\/1-cellule-dans-excel.png\"},{\"@type\":\"BreadcrumbList\",\"@id\":\"https:\/\/exceladvisor.org\/nl\/alinea-in-een-cel\/#breadcrumb\",\"itemListElement\":[{\"@type\":\"ListItem\",\"position\":1,\"name\":\"Thuis\",\"item\":\"https:\/\/exceladvisor.org\/nl\/\"},{\"@type\":\"ListItem\",\"position\":2,\"name\":\"Hoe maak je een alinea in een cel in excel?\"}]},{\"@type\":\"WebSite\",\"@id\":\"https:\/\/exceladvisor.org\/nl\/#website\",\"url\":\"https:\/\/exceladvisor.org\/nl\/\",\"name\":\"Excel Advisor\",\"description\":\"Uw gids voor datadominantie\",\"publisher\":{\"@id\":\"https:\/\/exceladvisor.org\/nl\/#organization\"},\"potentialAction\":[{\"@type\":\"SearchAction\",\"target\":{\"@type\":\"EntryPoint\",\"urlTemplate\":\"https:\/\/exceladvisor.org\/nl\/?s={search_term_string}\"},\"query-input\":{\"@type\":\"PropertyValueSpecification\",\"valueRequired\":true,\"valueName\":\"search_term_string\"}}],\"inLanguage\":\"nl-NL\"},{\"@type\":\"Organization\",\"@id\":\"https:\/\/exceladvisor.org\/nl\/#organization\",\"name\":\"Excel Advisor\",\"url\":\"https:\/\/exceladvisor.org\/nl\/\",\"logo\":{\"@type\":\"ImageObject\",\"inLanguage\":\"nl-NL\",\"@id\":\"https:\/\/exceladvisor.org\/nl\/#\/schema\/logo\/image\/\",\"url\":\"https:\/\/exceladvisor.org\/nl\/wp-content\/uploads\/2023\/12\/exceladvisor.org_.png\",\"contentUrl\":\"https:\/\/exceladvisor.org\/nl\/wp-content\/uploads\/2023\/12\/exceladvisor.org_.png\",\"width\":105,\"height\":36,\"caption\":\"Excel Advisor\"},\"image\":{\"@id\":\"https:\/\/exceladvisor.org\/nl\/#\/schema\/logo\/image\/\"}}]}<\/script>\n<!-- \/ Yoast SEO plugin. -->","yoast_head_json":{"title":"Hoe maak je een alinea in een cel in Excel?","description":"In deze zelfstudie leren we hoe u een alinea in een cel in Excel kunt maken. We zullen verschillende manieren en methoden overwegen","robots":{"index":"index","follow":"follow","max-snippet":"max-snippet:-1","max-image-preview":"max-image-preview:large","max-video-preview":"max-video-preview:-1"},"canonical":"https:\/\/exceladvisor.org\/nl\/alinea-in-een-cel\/","og_locale":"nl_NL","og_type":"article","og_title":"Hoe maak je een alinea in een cel in Excel?","og_description":"In deze zelfstudie leren we hoe u een alinea in een cel in Excel kunt maken. We zullen verschillende manieren en methoden overwegen","og_url":"https:\/\/exceladvisor.org\/nl\/alinea-in-een-cel\/","og_site_name":"Excel Advisor","article_modified_time":"2023-12-06T05:49:56+00:00","og_image":[{"url":"https:\/\/exceladvisor.org\/wp-content\/uploads\/2023\/08\/1-cellule-dans-excel.png","type":"","width":"","height":""}],"twitter_card":"summary_large_image","twitter_misc":{"Geschatte leestijd":"3 minuten"},"schema":{"@context":"https:\/\/schema.org","@graph":[{"@type":"WebPage","@id":"https:\/\/exceladvisor.org\/nl\/alinea-in-een-cel\/","url":"https:\/\/exceladvisor.org\/nl\/alinea-in-een-cel\/","name":"Hoe maak je een alinea in een cel in Excel?","isPartOf":{"@id":"https:\/\/exceladvisor.org\/nl\/#website"},"primaryImageOfPage":{"@id":"https:\/\/exceladvisor.org\/nl\/alinea-in-een-cel\/#primaryimage"},"image":{"@id":"https:\/\/exceladvisor.org\/nl\/alinea-in-een-cel\/#primaryimage"},"thumbnailUrl":"https:\/\/exceladvisor.org\/wp-content\/uploads\/2023\/08\/1-cellule-dans-excel.png","datePublished":"2023-10-30T10:32:57+00:00","dateModified":"2023-12-06T05:49:56+00:00","description":"In deze zelfstudie leren we hoe u een alinea in een cel in Excel kunt maken. We zullen verschillende manieren en methoden overwegen","breadcrumb":{"@id":"https:\/\/exceladvisor.org\/nl\/alinea-in-een-cel\/#breadcrumb"},"inLanguage":"nl-NL","potentialAction":[{"@type":"ReadAction","target":["https:\/\/exceladvisor.org\/nl\/alinea-in-een-cel\/"]}]},{"@type":"ImageObject","inLanguage":"nl-NL","@id":"https:\/\/exceladvisor.org\/nl\/alinea-in-een-cel\/#primaryimage","url":"https:\/\/exceladvisor.org\/wp-content\/uploads\/2023\/08\/1-cellule-dans-excel.png","contentUrl":"https:\/\/exceladvisor.org\/wp-content\/uploads\/2023\/08\/1-cellule-dans-excel.png"},{"@type":"BreadcrumbList","@id":"https:\/\/exceladvisor.org\/nl\/alinea-in-een-cel\/#breadcrumb","itemListElement":[{"@type":"ListItem","position":1,"name":"Thuis","item":"https:\/\/exceladvisor.org\/nl\/"},{"@type":"ListItem","position":2,"name":"Hoe maak je een alinea in een cel in excel?"}]},{"@type":"WebSite","@id":"https:\/\/exceladvisor.org\/nl\/#website","url":"https:\/\/exceladvisor.org\/nl\/","name":"Excel Advisor","description":"Uw gids voor datadominantie","publisher":{"@id":"https:\/\/exceladvisor.org\/nl\/#organization"},"potentialAction":[{"@type":"SearchAction","target":{"@type":"EntryPoint","urlTemplate":"https:\/\/exceladvisor.org\/nl\/?s={search_term_string}"},"query-input":{"@type":"PropertyValueSpecification","valueRequired":true,"valueName":"search_term_string"}}],"inLanguage":"nl-NL"},{"@type":"Organization","@id":"https:\/\/exceladvisor.org\/nl\/#organization","name":"Excel Advisor","url":"https:\/\/exceladvisor.org\/nl\/","logo":{"@type":"ImageObject","inLanguage":"nl-NL","@id":"https:\/\/exceladvisor.org\/nl\/#\/schema\/logo\/image\/","url":"https:\/\/exceladvisor.org\/nl\/wp-content\/uploads\/2023\/12\/exceladvisor.org_.png","contentUrl":"https:\/\/exceladvisor.org\/nl\/wp-content\/uploads\/2023\/12\/exceladvisor.org_.png","width":105,"height":36,"caption":"Excel Advisor"},"image":{"@id":"https:\/\/exceladvisor.org\/nl\/#\/schema\/logo\/image\/"}}]}},"yoast_meta":{"yoast_wpseo_title":"","yoast_wpseo_metadesc":"","yoast_wpseo_canonical":""},"_links":{"self":[{"href":"https:\/\/exceladvisor.org\/nl\/wp-json\/wp\/v2\/pages\/1878","targetHints":{"allow":["GET"]}}],"collection":[{"href":"https:\/\/exceladvisor.org\/nl\/wp-json\/wp\/v2\/pages"}],"about":[{"href":"https:\/\/exceladvisor.org\/nl\/wp-json\/wp\/v2\/types\/page"}],"author":[{"embeddable":true,"href":"https:\/\/exceladvisor.org\/nl\/wp-json\/wp\/v2\/users\/1"}],"replies":[{"embeddable":true,"href":"https:\/\/exceladvisor.org\/nl\/wp-json\/wp\/v2\/comments?post=1878"}],"version-history":[{"count":1,"href":"https:\/\/exceladvisor.org\/nl\/wp-json\/wp\/v2\/pages\/1878\/revisions"}],"predecessor-version":[{"id":2660,"href":"https:\/\/exceladvisor.org\/nl\/wp-json\/wp\/v2\/pages\/1878\/revisions\/2660"}],"wp:attachment":[{"href":"https:\/\/exceladvisor.org\/nl\/wp-json\/wp\/v2\/media?parent=1878"}],"curies":[{"name":"wp","href":"https:\/\/api.w.org\/{rel}","templated":true}]}}