{"id":1883,"date":"2023-10-30T09:21:02","date_gmt":"2023-10-30T09:21:02","guid":{"rendered":"https:\/\/exceladvisor.org\/nl\/cellen-samenvoegen-zonder-gegevensverlies\/"},"modified":"2023-12-06T05:56:38","modified_gmt":"2023-12-06T05:56:38","slug":"cellen-samenvoegen-zonder-gegevensverlies","status":"publish","type":"page","link":"https:\/\/exceladvisor.org\/nl\/cellen-samenvoegen-zonder-gegevensverlies\/","title":{"rendered":"Hoe cellen samenvoegen zonder gegevens te verliezen?"},"content":{"rendered":"<div class=\"excel-voor-de-inhoud\" id=\"excel-1165977143\"><script type=\"text\/javascript\">\r\n\tatOptions = {\r\n\t\t'key' : 'c1158f160081d6540a8409e6925dab94',\r\n\t\t'format' : 'iframe',\r\n\t\t'height' : 250,\r\n\t\t'width' : 300,\r\n\t\t'params' : {}\r\n\t};\r\n<\/script>\r\n<script type=\"text\/javascript\" src=\"\/\/www.highperformanceformat.com\/c1158f160081d6540a8409e6925dab94\/invoke.js\"><\/script><\/div> <p>Wanneer u met gegevens in Excel werkt, moet u soms meerdere cellen samenvoegen tot \u00e9\u00e9n. Maar hier is het probleem dat wanneer u dit doet, u alleen de waarde van de cel linksboven kunt krijgen van alle cellen die u tot \u00e9\u00e9n cel wilt samenvoegen. <\/p><div class=\"wp-block-image\"><figure class=\"aligncenter size-full is-resized\"><img loading=\"lazy\" decoding=\"async\" class=\"wp-image-72452\" src=\"https:\/\/exceladvisor.org\/wp-content\/uploads\/2023\/08\/1-fusionner-des-cellules.png\" sizes=\"auto, \" srcset=\"\" alt=\"cellen samenvoegen\" width=\"533\" height=\"285\"><\/figure><\/div><p> Om dit probleem op te lossen, zijn er een paar methoden die u kunt gebruiken om cellen samen te voegen zonder gegevens te verliezen, wat betekent dat gegevens uit meerdere cellen in \u00e9\u00e9n worden samengevoegd.<\/p><h2 class=\"wp-block-heading\"> Vul uitvullen om cellen met verloren gegevens samen te voegen (haal waarden in \u00e9\u00e9n cel op uit meerdere cellen)<\/h2><p> Als je waarden uit meerdere cellen wilt samenvoegen, je wilt dit een keer doen, en deze waarden staan in verticale volgorde, dan <a href=\"https:\/\/exceladvisor.org\/nl\/volledig-rechtvaardigen\/\">is het gebruik van opvuluitvulling de beste manier<\/a> . <\/p><div class=\"wp-block-image\"><figure class=\"aligncenter size-full is-resized\"><img loading=\"lazy\" decoding=\"async\" class=\"wp-image-72453\" src=\"https:\/\/exceladvisor.org\/wp-content\/uploads\/2023\/08\/2-remplir-justifier-pour-fusionner-des-cellules.png\" sizes=\"auto, \" srcset=\"\" alt=\"cellen vullen-uitvullen-om-samen te voegen\" width=\"329\" height=\"311\"><\/figure><\/div><p> In het bovenstaande voorbeeld hebben we waarden in het bereik A1:A5, en nu hoeft u deze waarden alleen in cel A1 samen te voegen.<\/p><ol><li> Eerst moet u ervoor zorgen dat uw kolom breed genoeg is, zodat er voldoende ruimte is in cel A1 als u alle vijf de waarden combineert. <br><img loading=\"lazy\" decoding=\"async\" title=\"3-set-kolombreedte\" src=\"https:\/\/exceladvisor.org\/wp-content\/uploads\/2023\/08\/3-definir-la-largeur-de-la-colonne.png\" sizes=\"auto, \" srcset=\"\" alt=\"set-the-column-width\" width=\"455\" height=\"352\"><\/li><li> Vanaf hier moet u naar het tabblad Start navigeren. <br><img loading=\"lazy\" decoding=\"async\" title=\"4-thuistabblad\" src=\"https:\/\/exceladvisor.org\/wp-content\/uploads\/2023\/08\/4-onglet-daccueil.png\" sizes=\"auto, \" srcset=\"\" alt=\"home-tab\" width=\"343\" height=\"226\"><\/li><li> Nu moet je vanaf het tabblad Start naar de bewerkingsgroep gaan en vervolgens op het vervolgkeuzemenu Invullen klikken. <br><img loading=\"lazy\" decoding=\"async\" title=\"5-groepsmontage\" src=\"https:\/\/exceladvisor.org\/wp-content\/uploads\/2023\/08\/5-groupe-dedition.png\" sizes=\"auto, \" srcset=\"\" alt=\"editing-group\" width=\"447\" height=\"322\"><\/li><li> Vervolgens moet u in de vervolgkeuzelijst voor het invullen op de optie &#8220;Uitvullen&#8221; klikken. <br><img loading=\"lazy\" decoding=\"async\" title=\"Uitvullingsoptie in 6 klikken\" src=\"https:\/\/exceladvisor.org\/wp-content\/uploads\/2023\/08\/Option-de-justification-en-6-clics.png\" sizes=\"auto, \" srcset=\"\" alt=\"click-justify-option\" width=\"444\" height=\"464\"><\/li><\/ol><p> Op het moment dat u op \u201cUitvullen\u201d klikt, worden de waarden van alle cellen samengevoegd tot \u00e9\u00e9n cel, namelijk A1. <\/p><div class=\"wp-block-image\"><figure class=\"aligncenter size-full is-resized\"><img loading=\"lazy\" decoding=\"async\" class=\"wp-image-72458\" src=\"https:\/\/exceladvisor.org\/wp-content\/uploads\/2023\/08\/7-valeurs-fusionnees-en-utilisant-justifier.png\" sizes=\"auto, \" srcset=\"\" alt=\"waarden-samengevoegd-met-rechtvaardigen\" width=\"466\" height=\"382\"><\/figure><\/div><p> Zoals ik eerder al zei, moet je ervoor zorgen dat de <strong><mark class=\"has-inline-color\" style=\"background-color: #fdde6c;\">breedte van de kolom voldoende is<\/mark><\/strong> , zodat alle waarden in \u00e9\u00e9n cel kunnen worden samengevoegd. Anders wordt de rest van de waarden opgesplitst in de tweede cel. <\/p><div class=\"wp-block-image\"><figure class=\"aligncenter size-full is-resized\"><img loading=\"lazy\" decoding=\"async\" class=\"wp-image-72459\" src=\"https:\/\/exceladvisor.org\/wp-content\/uploads\/2023\/08\/8-valeurs-deplacees-vers-la-deuxieme-cellule.png\" sizes=\"auto, \" srcset=\"\" alt=\"waarden-verplaatst-naar-de-tweede-cel\" width=\"414\" height=\"391\"><\/figure><\/div><h2 class=\"wp-block-heading\"> Formules voor het samenvoegen van cellen met verloren gegevens (CONCATENATE en TEXTJOIN)<\/h2><p> Als u cellen in realtime wilt samenvoegen en ook geen gegevens wilt verliezen. De beste manier is om <a href=\"https:\/\/exceladvisor.org\/nl\/een-reeks-cellen-aaneenschakelen\/\">een formule te gebruiken<\/a> . En in Excel hebben we twee verschillende functies om deze formules te maken.<\/p><p> Van deze twee is TEXTJOIN mijn favoriet, het is een nieuwe functie en gemakkelijk te gebruiken vergeleken met CONCATENATE. <\/p><div class=\"wp-block-image\"><figure class=\"aligncenter size-full is-resized\"><img loading=\"lazy\" decoding=\"async\" class=\"wp-image-72460\" src=\"https:\/\/exceladvisor.org\/wp-content\/uploads\/2023\/08\/9-textjoin-pour-fusionner-les-valeurs-des-cellules.png\" sizes=\"auto, \" srcset=\"\" alt=\"textjoin-to-merge-cell-waarden\" width=\"469\" height=\"433\"><\/figure><\/div><pre class=\"wp-block-code\"> <code class=\"language-excel-formula line-numbers\" lang=\"excel-formula\">=TEXTJOIN(\" \",TRUE,A1:A5)<\/code><\/pre><p> TEXTJOIN heeft drie argumenten die u moet defini\u00ebren:<\/p><ul><li> <strong>scheidingsteken<\/strong> : u kunt een scheidingsteken gebruiken dat u wilt toevoegen tussen de waarden die u wilt samenvoegen tot \u00e9\u00e9n cel.<\/li><li> <strong>negeer_empty<\/strong> : WAAR of ONWAAR om te defini\u00ebren of u lege cellen wel of niet wilt negeren.<\/li><li> <strong>range_array<\/strong> : Een bereik\/array waaruit u waarden wilt samenvoegen.<\/li><\/ul><p> En op dezelfde manier kunt u CONCATENATE gebruiken om een formule te maken om waarden in \u00e9\u00e9n cel samen te voegen. <\/p><div class=\"wp-block-image\"><figure class=\"aligncenter size-full is-resized\"><img loading=\"lazy\" decoding=\"async\" class=\"wp-image-72461\" src=\"https:\/\/exceladvisor.org\/wp-content\/uploads\/2023\/08\/10-concatener-pour-fusionner-les-valeurs-des-cellules.png\" sizes=\"auto, \" srcset=\"\" alt=\"celwaarden samenvoegen om ze samen te voegen\" width=\"580\" height=\"349\"><\/figure><\/div><p class=\"formula\"> =SAMENVOEGEN(A1,\u201d \u201c,A2,\u201d \u201c,A3,\u201d \u201c,A4,\u201d \u201c,A5)<\/p><h2 class=\"wp-block-heading\"> VBA-code om waarden in een cel samen te voegen zonder gegevens te verliezen<\/h2><p> U kunt VBA-code gebruiken om meerdere cellen samen te voegen zonder gegevens te verliezen. Hieronder hebben wij een code die u kunt gebruiken.<\/p><pre class=\"wp-block-code\"> <code class=\"language-visual-basic\" lang=\"visual-basic\">Sub vba_merge_with_values() Dim val As String Dim rng As Range Set rng = Selection For Each Cell In rng val = val &amp; \" \" &amp; Cell.Value Next Cell With rng .Merge .Value = Trim(val) .WrapText = True .HorizontalAlignment = xlCenter .VerticalAlignment = xlCenter End With End Sub<\/code><\/pre><p> Om deze code te gebruiken, moet u het bereik selecteren dat u wilt samenvoegen en vervolgens <a href=\"https:\/\/exceladvisor.org\/nl\/voer-een-macro-uit-2\/\">deze code uitvoeren<\/a> . <\/p><div class=\"wp-block-image\"><figure class=\"aligncenter size-full is-resized\"><img loading=\"lazy\" decoding=\"async\" class=\"wp-image-72462\" src=\"https:\/\/exceladvisor.org\/wp-content\/uploads\/2023\/08\/11-code-vba-pour-fusionner-les-valeurs.png\" sizes=\"auto, \" srcset=\"\" alt=\"vba-code-to-merge-waarden\" width=\"608\" height=\"588\"><\/figure><\/div><p> Deze code neemt waarden uit alle cellen \u00e9\u00e9n voor \u00e9\u00e9n en voegt vervolgens al deze cellen samen en voegt vervolgens die gecombineerde waarde toe aan de samengevoegde cel, zoals u in het bovenstaande voorbeeld kunt zien <em>(er is \u00e9\u00e9n ding dat u moet weten bij het uitvoeren van een code die u niet kunt gebruik de optie ongedaan maken)<\/em> .<\/p><div class=\"gb-container gb-container-4db6181c gb-container-mt\"> <a class=\"gb-button gb-button-c5897111 gb-button-text gb-button-mt-button\" href=\"https:\/\/exceladvisor.org\/nl\/excel-vooruitgang\/\">Geavanceerde Excel-zelfstudies<\/a><h2 class=\"gb-headline gb-headline-665e5f6b gb-headline-text gb-headline-mt-heading\"> Gerelateerde tutorials <\/h2><div class=\"gb-grid-wrapper gb-grid-wrapper-a20baf7c gb-grid-wrapper-mt-grid\"><div class=\"gb-grid-column gb-grid-column-65ddf67e\"><div class=\"gb-container gb-container-65ddf67e\"><ul><li> <a href=\"https:\/\/exceladvisor.org\/nl\/snelle-analysetool\/\">Snelle analysetool in Excel<\/a><\/li><li> <a href=\"https:\/\/exceladvisor.org\/nl\/meerdere-filters-toepassen\/\">Pas meerdere filters toe op kolommen<\/a><\/li><li> <a href=\"https:\/\/exceladvisor.org\/nl\/markeer-de-bovenste-en-onderste-waarden\/\">Markeer de bovenste en onderste N-waarden in Excel<\/a><\/li><li> <a href=\"https:\/\/exceladvisor.org\/nl\/selectievakje\/\">Voeg een selectievakje in Excel in<\/a><\/li><li> <a href=\"https:\/\/exceladvisor.org\/nl\/plak-speciaal-vermenigvuldigen\/\">Vermenigvuldig in Excel met Plakken speciaal<\/a><\/li><\/ul><\/div><\/div><\/div><\/div>","protected":false},"excerpt":{"rendered":"","protected":false},"author":1,"featured_media":0,"parent":0,"menu_order":0,"comment_status":"open","ping_status":"closed","template":"","meta":{"ub_ctt_via":"","footnotes":""},"class_list":["post-1883","page","type-page","status-publish","hentry"],"featured_image_src":null,"yoast_head":"<!-- This site is optimized with the Yoast SEO plugin v25.4 - https:\/\/yoast.com\/wordpress\/plugins\/seo\/ -->\n<title>\u25b7 Hoe cellen samenvoegen zonder gegevens te verliezen?<\/title>\n<meta name=\"description\" content=\"In deze zelfstudie leren we hoe u meerdere cellen tot \u00e9\u00e9n kunt samenvoegen zonder gegevens te verliezen...\" \/>\n<meta name=\"robots\" content=\"index, follow, max-snippet:-1, max-image-preview:large, max-video-preview:-1\" \/>\n<link rel=\"canonical\" href=\"https:\/\/exceladvisor.org\/nl\/cellen-samenvoegen-zonder-gegevensverlies\/\" \/>\n<meta property=\"og:locale\" content=\"nl_NL\" \/>\n<meta property=\"og:type\" content=\"article\" \/>\n<meta property=\"og:title\" content=\"\u25b7 Hoe cellen samenvoegen zonder gegevens te verliezen?\" \/>\n<meta property=\"og:description\" content=\"In deze zelfstudie leren we hoe u meerdere cellen tot \u00e9\u00e9n kunt samenvoegen zonder gegevens te verliezen...\" \/>\n<meta property=\"og:url\" content=\"https:\/\/exceladvisor.org\/nl\/cellen-samenvoegen-zonder-gegevensverlies\/\" \/>\n<meta property=\"og:site_name\" content=\"Excel Advisor\" \/>\n<meta property=\"article:modified_time\" content=\"2023-12-06T05:56:38+00:00\" \/>\n<meta property=\"og:image\" content=\"https:\/\/exceladvisor.org\/wp-content\/uploads\/2023\/08\/1-fusionner-des-cellules.png\" \/>\n<meta name=\"twitter:card\" content=\"summary_large_image\" \/>\n<meta name=\"twitter:label1\" content=\"Geschatte leestijd\" \/>\n\t<meta name=\"twitter:data1\" content=\"3 minuten\" \/>\n<script type=\"application\/ld+json\" class=\"yoast-schema-graph\">{\"@context\":\"https:\/\/schema.org\",\"@graph\":[{\"@type\":\"WebPage\",\"@id\":\"https:\/\/exceladvisor.org\/nl\/cellen-samenvoegen-zonder-gegevensverlies\/\",\"url\":\"https:\/\/exceladvisor.org\/nl\/cellen-samenvoegen-zonder-gegevensverlies\/\",\"name\":\"\u25b7 Hoe cellen samenvoegen zonder gegevens te verliezen?\",\"isPartOf\":{\"@id\":\"https:\/\/exceladvisor.org\/nl\/#website\"},\"primaryImageOfPage\":{\"@id\":\"https:\/\/exceladvisor.org\/nl\/cellen-samenvoegen-zonder-gegevensverlies\/#primaryimage\"},\"image\":{\"@id\":\"https:\/\/exceladvisor.org\/nl\/cellen-samenvoegen-zonder-gegevensverlies\/#primaryimage\"},\"thumbnailUrl\":\"https:\/\/exceladvisor.org\/wp-content\/uploads\/2023\/08\/1-fusionner-des-cellules.png\",\"datePublished\":\"2023-10-30T09:21:02+00:00\",\"dateModified\":\"2023-12-06T05:56:38+00:00\",\"description\":\"In deze zelfstudie leren we hoe u meerdere cellen tot \u00e9\u00e9n kunt samenvoegen zonder gegevens te verliezen...\",\"breadcrumb\":{\"@id\":\"https:\/\/exceladvisor.org\/nl\/cellen-samenvoegen-zonder-gegevensverlies\/#breadcrumb\"},\"inLanguage\":\"nl-NL\",\"potentialAction\":[{\"@type\":\"ReadAction\",\"target\":[\"https:\/\/exceladvisor.org\/nl\/cellen-samenvoegen-zonder-gegevensverlies\/\"]}]},{\"@type\":\"ImageObject\",\"inLanguage\":\"nl-NL\",\"@id\":\"https:\/\/exceladvisor.org\/nl\/cellen-samenvoegen-zonder-gegevensverlies\/#primaryimage\",\"url\":\"https:\/\/exceladvisor.org\/wp-content\/uploads\/2023\/08\/1-fusionner-des-cellules.png\",\"contentUrl\":\"https:\/\/exceladvisor.org\/wp-content\/uploads\/2023\/08\/1-fusionner-des-cellules.png\"},{\"@type\":\"BreadcrumbList\",\"@id\":\"https:\/\/exceladvisor.org\/nl\/cellen-samenvoegen-zonder-gegevensverlies\/#breadcrumb\",\"itemListElement\":[{\"@type\":\"ListItem\",\"position\":1,\"name\":\"Thuis\",\"item\":\"https:\/\/exceladvisor.org\/nl\/\"},{\"@type\":\"ListItem\",\"position\":2,\"name\":\"Hoe cellen samenvoegen zonder gegevens te verliezen?\"}]},{\"@type\":\"WebSite\",\"@id\":\"https:\/\/exceladvisor.org\/nl\/#website\",\"url\":\"https:\/\/exceladvisor.org\/nl\/\",\"name\":\"Excel Advisor\",\"description\":\"Uw gids voor datadominantie\",\"publisher\":{\"@id\":\"https:\/\/exceladvisor.org\/nl\/#organization\"},\"potentialAction\":[{\"@type\":\"SearchAction\",\"target\":{\"@type\":\"EntryPoint\",\"urlTemplate\":\"https:\/\/exceladvisor.org\/nl\/?s={search_term_string}\"},\"query-input\":{\"@type\":\"PropertyValueSpecification\",\"valueRequired\":true,\"valueName\":\"search_term_string\"}}],\"inLanguage\":\"nl-NL\"},{\"@type\":\"Organization\",\"@id\":\"https:\/\/exceladvisor.org\/nl\/#organization\",\"name\":\"Excel Advisor\",\"url\":\"https:\/\/exceladvisor.org\/nl\/\",\"logo\":{\"@type\":\"ImageObject\",\"inLanguage\":\"nl-NL\",\"@id\":\"https:\/\/exceladvisor.org\/nl\/#\/schema\/logo\/image\/\",\"url\":\"https:\/\/exceladvisor.org\/nl\/wp-content\/uploads\/2023\/12\/exceladvisor.org_.png\",\"contentUrl\":\"https:\/\/exceladvisor.org\/nl\/wp-content\/uploads\/2023\/12\/exceladvisor.org_.png\",\"width\":105,\"height\":36,\"caption\":\"Excel Advisor\"},\"image\":{\"@id\":\"https:\/\/exceladvisor.org\/nl\/#\/schema\/logo\/image\/\"}}]}<\/script>\n<!-- \/ Yoast SEO plugin. -->","yoast_head_json":{"title":"\u25b7 Hoe cellen samenvoegen zonder gegevens te verliezen?","description":"In deze zelfstudie leren we hoe u meerdere cellen tot \u00e9\u00e9n kunt samenvoegen zonder gegevens te verliezen...","robots":{"index":"index","follow":"follow","max-snippet":"max-snippet:-1","max-image-preview":"max-image-preview:large","max-video-preview":"max-video-preview:-1"},"canonical":"https:\/\/exceladvisor.org\/nl\/cellen-samenvoegen-zonder-gegevensverlies\/","og_locale":"nl_NL","og_type":"article","og_title":"\u25b7 Hoe cellen samenvoegen zonder gegevens te verliezen?","og_description":"In deze zelfstudie leren we hoe u meerdere cellen tot \u00e9\u00e9n kunt samenvoegen zonder gegevens te verliezen...","og_url":"https:\/\/exceladvisor.org\/nl\/cellen-samenvoegen-zonder-gegevensverlies\/","og_site_name":"Excel Advisor","article_modified_time":"2023-12-06T05:56:38+00:00","og_image":[{"url":"https:\/\/exceladvisor.org\/wp-content\/uploads\/2023\/08\/1-fusionner-des-cellules.png","type":"","width":"","height":""}],"twitter_card":"summary_large_image","twitter_misc":{"Geschatte leestijd":"3 minuten"},"schema":{"@context":"https:\/\/schema.org","@graph":[{"@type":"WebPage","@id":"https:\/\/exceladvisor.org\/nl\/cellen-samenvoegen-zonder-gegevensverlies\/","url":"https:\/\/exceladvisor.org\/nl\/cellen-samenvoegen-zonder-gegevensverlies\/","name":"\u25b7 Hoe cellen samenvoegen zonder gegevens te verliezen?","isPartOf":{"@id":"https:\/\/exceladvisor.org\/nl\/#website"},"primaryImageOfPage":{"@id":"https:\/\/exceladvisor.org\/nl\/cellen-samenvoegen-zonder-gegevensverlies\/#primaryimage"},"image":{"@id":"https:\/\/exceladvisor.org\/nl\/cellen-samenvoegen-zonder-gegevensverlies\/#primaryimage"},"thumbnailUrl":"https:\/\/exceladvisor.org\/wp-content\/uploads\/2023\/08\/1-fusionner-des-cellules.png","datePublished":"2023-10-30T09:21:02+00:00","dateModified":"2023-12-06T05:56:38+00:00","description":"In deze zelfstudie leren we hoe u meerdere cellen tot \u00e9\u00e9n kunt samenvoegen zonder gegevens te verliezen...","breadcrumb":{"@id":"https:\/\/exceladvisor.org\/nl\/cellen-samenvoegen-zonder-gegevensverlies\/#breadcrumb"},"inLanguage":"nl-NL","potentialAction":[{"@type":"ReadAction","target":["https:\/\/exceladvisor.org\/nl\/cellen-samenvoegen-zonder-gegevensverlies\/"]}]},{"@type":"ImageObject","inLanguage":"nl-NL","@id":"https:\/\/exceladvisor.org\/nl\/cellen-samenvoegen-zonder-gegevensverlies\/#primaryimage","url":"https:\/\/exceladvisor.org\/wp-content\/uploads\/2023\/08\/1-fusionner-des-cellules.png","contentUrl":"https:\/\/exceladvisor.org\/wp-content\/uploads\/2023\/08\/1-fusionner-des-cellules.png"},{"@type":"BreadcrumbList","@id":"https:\/\/exceladvisor.org\/nl\/cellen-samenvoegen-zonder-gegevensverlies\/#breadcrumb","itemListElement":[{"@type":"ListItem","position":1,"name":"Thuis","item":"https:\/\/exceladvisor.org\/nl\/"},{"@type":"ListItem","position":2,"name":"Hoe cellen samenvoegen zonder gegevens te verliezen?"}]},{"@type":"WebSite","@id":"https:\/\/exceladvisor.org\/nl\/#website","url":"https:\/\/exceladvisor.org\/nl\/","name":"Excel Advisor","description":"Uw gids voor datadominantie","publisher":{"@id":"https:\/\/exceladvisor.org\/nl\/#organization"},"potentialAction":[{"@type":"SearchAction","target":{"@type":"EntryPoint","urlTemplate":"https:\/\/exceladvisor.org\/nl\/?s={search_term_string}"},"query-input":{"@type":"PropertyValueSpecification","valueRequired":true,"valueName":"search_term_string"}}],"inLanguage":"nl-NL"},{"@type":"Organization","@id":"https:\/\/exceladvisor.org\/nl\/#organization","name":"Excel Advisor","url":"https:\/\/exceladvisor.org\/nl\/","logo":{"@type":"ImageObject","inLanguage":"nl-NL","@id":"https:\/\/exceladvisor.org\/nl\/#\/schema\/logo\/image\/","url":"https:\/\/exceladvisor.org\/nl\/wp-content\/uploads\/2023\/12\/exceladvisor.org_.png","contentUrl":"https:\/\/exceladvisor.org\/nl\/wp-content\/uploads\/2023\/12\/exceladvisor.org_.png","width":105,"height":36,"caption":"Excel Advisor"},"image":{"@id":"https:\/\/exceladvisor.org\/nl\/#\/schema\/logo\/image\/"}}]}},"yoast_meta":{"yoast_wpseo_title":"","yoast_wpseo_metadesc":"","yoast_wpseo_canonical":""},"_links":{"self":[{"href":"https:\/\/exceladvisor.org\/nl\/wp-json\/wp\/v2\/pages\/1883","targetHints":{"allow":["GET"]}}],"collection":[{"href":"https:\/\/exceladvisor.org\/nl\/wp-json\/wp\/v2\/pages"}],"about":[{"href":"https:\/\/exceladvisor.org\/nl\/wp-json\/wp\/v2\/types\/page"}],"author":[{"embeddable":true,"href":"https:\/\/exceladvisor.org\/nl\/wp-json\/wp\/v2\/users\/1"}],"replies":[{"embeddable":true,"href":"https:\/\/exceladvisor.org\/nl\/wp-json\/wp\/v2\/comments?post=1883"}],"version-history":[{"count":2,"href":"https:\/\/exceladvisor.org\/nl\/wp-json\/wp\/v2\/pages\/1883\/revisions"}],"predecessor-version":[{"id":3065,"href":"https:\/\/exceladvisor.org\/nl\/wp-json\/wp\/v2\/pages\/1883\/revisions\/3065"}],"wp:attachment":[{"href":"https:\/\/exceladvisor.org\/nl\/wp-json\/wp\/v2\/media?parent=1883"}],"curies":[{"name":"wp","href":"https:\/\/api.w.org\/{rel}","templated":true}]}}