{"id":1888,"date":"2023-10-30T06:00:23","date_gmt":"2023-10-30T06:00:23","guid":{"rendered":"https:\/\/exceladvisor.org\/nl\/kopieer-opmaak\/"},"modified":"2023-12-06T05:50:40","modified_gmt":"2023-12-06T05:50:40","slug":"kopieer-opmaak","status":"publish","type":"page","link":"https:\/\/exceladvisor.org\/nl\/kopieer-opmaak\/","title":{"rendered":"Hoe opmaak in excel kopi\u00ebren?"},"content":{"rendered":"<div class=\"excel-voor-de-inhoud\" id=\"excel-2881091778\"><script type=\"text\/javascript\">\r\n\tatOptions = {\r\n\t\t'key' : 'c1158f160081d6540a8409e6925dab94',\r\n\t\t'format' : 'iframe',\r\n\t\t'height' : 250,\r\n\t\t'width' : 300,\r\n\t\t'params' : {}\r\n\t};\r\n<\/script>\r\n<script type=\"text\/javascript\" src=\"\/\/www.highperformanceformat.com\/c1158f160081d6540a8409e6925dab94\/invoke.js\"><\/script><\/div> <p>Om de opmaak van een cel of een bereik van meerdere cellen te kopi\u00ebren, moet u deze eerst selecteren en vervolgens kopi\u00ebren. Selecteer daarna de cel of het bereik waarin u de opmaak wilt plakken. Hier kunt u de optie Plakken speciaal gebruiken om alleen de opmaak te plakken en de rest te laten staan. <\/p><div class=\"wp-block-image\"><figure class=\"aligncenter size-full is-resized\"><img loading=\"lazy\" decoding=\"async\" class=\"wp-image-77671\" src=\"https:\/\/exceladvisor.org\/wp-content\/uploads\/2023\/08\/1-copie-mise-en-forme-sous-excel.png\" sizes=\"auto, \" srcset=\"\" alt=\"kopieer-opmaak-in-excel\" width=\"762\" height=\"483\"><\/figure><\/div><p> In deze zelfstudie leren we verschillende manieren om alleen de opmaak van een cel of een celbereik in Excel te kopi\u00ebren en te plakken.<\/p><h2 class=\"wp-block-heading\"> Kopieer de celopmaak in Excel met Plakken speciaal<\/h2><ol><li> Selecteer eerst de cel of het bereik en druk op Ctrl + C om de cel te kopi\u00ebren. <br><img loading=\"lazy\" decoding=\"async\" title=\"2-kopieerformaat-met-plakken-speciaal\" src=\"https:\/\/exceladvisor.org\/wp-content\/uploads\/2023\/08\/2-formatage-de-copie-avec-collage-special.png\" sizes=\"auto, \" srcset=\"\" alt=\"copy-formatting-using-paste-special\" width=\"292\" height=\"209\"><\/li><li> Selecteer daarna de cellen waarin u de opmaak wilt plakken. <br><img loading=\"lazy\" decoding=\"async\" title=\"3-selecteer-cellen-om-te-plakken-opmaak\" src=\"https:\/\/exceladvisor.org\/wp-content\/uploads\/2023\/08\/3-selectionnez-les-cellules-pour-coller-la-mise-en-forme.png\" sizes=\"auto, \" srcset=\"\" alt=\"select-cells-to-paste-formatting\" width=\"275\" height=\"284\"><\/li><li> Ga nu naar het tabblad Start en open vanaf daar de plakoptie, of gebruik de sneltoets Alt + H + S om de speciale pasta te openen. <br><img loading=\"lazy\" decoding=\"async\" title=\"Speciale optie 4 open pasta\" src=\"https:\/\/exceladvisor.org\/wp-content\/uploads\/2023\/08\/4-option-speciale-pate-ouverte.png\" sizes=\"auto, \" srcset=\"\" alt=\"open-paste-special-option\" width=\"299\" height=\"422\"><\/li><li> Selecteer vervolgens het formaat en klik op OK om alleen de formaten te plakken. <br><img loading=\"lazy\" decoding=\"async\" title=\"Slechts 5 formaten om uit te kiezen\" src=\"https:\/\/exceladvisor.org\/wp-content\/uploads\/2023\/08\/5-choisir-les-formats-uniquement.png\" sizes=\"auto, \" srcset=\"\" alt=\"choose-formats-only\" width=\"614\" height=\"393\"><\/li><\/ol><p> En zodra u op OK klikt, krijgt u de opmaak van de geselecteerde cel. Op deze manier kunt u snel de opmaak van een cel of celbereik kopi\u00ebren en plakken.<\/p><h2 class=\"wp-block-heading\"> Kopieer de celopmaak met Format Painter<\/h2><p> Hieronder ziet u cel A1 met een <a href=\"https:\/\/exceladvisor.org\/nl\/formaat-van-het-boekhoudnummer\/\">waarde- en boekhoudnummernotatie<\/a> . En nu moet je dezelfde opmaak krijgen voor cel B1. <\/p><div class=\"wp-block-image\"><figure class=\"aligncenter size-full is-resized\"><img loading=\"lazy\" decoding=\"async\" class=\"wp-image-77677\" src=\"https:\/\/exceladvisor.org\/wp-content\/uploads\/2023\/08\/6-Copier-la-mise-en-forme-des-cellules-a-laide-de-Format-Painter.png\" sizes=\"auto, \" srcset=\"\" alt=\"celopmaak kopi\u00ebren met behulp van format-painter\" width=\"386\" height=\"170\"><\/figure><\/div><ol><li> Selecteer cel A1. <br><img loading=\"lazy\" decoding=\"async\" title=\"7-select-cel\" src=\"https:\/\/exceladvisor.org\/wp-content\/uploads\/2023\/08\/7-selectionnez-la-cellule.png\" sizes=\"auto, \" srcset=\"\" alt=\"select-the-cell\" width=\"391\" height=\"171\"><\/li><li> Ga naar het tabblad Start en klik op de knop Format Painter. <br><img loading=\"lazy\" decoding=\"async\" title=\"8-klik-format-painter-knop\" src=\"https:\/\/exceladvisor.org\/wp-content\/uploads\/2023\/08\/Bouton-peintre-de-format-en-8-clics.png\" sizes=\"auto, \" srcset=\"\" alt=\"click-format-painter-button\" width=\"397\" height=\"318\"><\/li><li> Hierdoor wordt de muiscursor in een penseel omgezet. <br><img loading=\"lazy\" decoding=\"async\" title=\"9-muis-cursor-naar-borstel\" src=\"https:\/\/exceladvisor.org\/wp-content\/uploads\/2023\/08\/9-curseur-de-la-souris-au-pinceau.png\" sizes=\"auto, \" srcset=\"\" alt=\"mouse-cursor-to-paintbrush\" width=\"353\" height=\"381\"><\/li><li> Terwijl er geen andere cellen of opties zijn geselecteerd, klikt u op cel B1. Het past onmiddellijk celopmaak toe op cel B1. <br><img loading=\"lazy\" decoding=\"async\" title=\"10-selecteer-cel-om-te-plakken\" src=\"https:\/\/exceladvisor.org\/wp-content\/uploads\/2023\/08\/10-selectionner-la-cellule-a-coller.png\" sizes=\"auto, \" srcset=\"\" alt=\"select-the-cell-to-paste\" width=\"387\" height=\"114\"><\/li><\/ol><h2 class=\"wp-block-heading\"> Sneltoets om de opmaak te kopi\u00ebren en toe te passen<\/h2><p> U kunt ook een sneltoets gebruiken om de opmaak te kopi\u00ebren en te plakken.<\/p><ul><li> Selecteer de cel en druk op de sneltoets Ctrl + C.<\/li><li> Selecteer de cel waarop u de opmaak wilt toepassen en druk op Alt \u21e2 H \u21e2 V \u21e2 R.<\/li><\/ul><h2 class=\"wp-block-heading\"> Gebruik het slepen-en-neerzetten-menu om het celformaat te kopi\u00ebren<\/h2><ol><li> Selecteer cel A1 of waar u de opmaak ook heeft. <br><img loading=\"lazy\" decoding=\"async\" title=\"11-kopieer-celopmaak met behulp van slepen\" src=\"https:\/\/exceladvisor.org\/wp-content\/uploads\/2023\/08\/11-copier-la-mise-en-forme-des-cellules-par-glisser-deposer.png\" sizes=\"auto, \" srcset=\"\" alt=\"copy-cell-formatting-using-drag-drop\" width=\"366\" height=\"149\"><\/li><li> Beweeg uw muis over de celrand en houd de rechtermuisknop ingedrukt. <br><img loading=\"lazy\" decoding=\"async\" title=\"12-punts muis op celgrens\" src=\"https:\/\/exceladvisor.org\/wp-content\/uploads\/2023\/08\/12-pointez-la-souris-sur-la-bordure-de-la-cellule.png\" sizes=\"auto, \" srcset=\"\" alt=\"hover-mouse-on-the-cell-border\" width=\"362\" height=\"148\"><\/li><li> Zet het neer in de cel waar u de opmaak wilt plakken. <br><img loading=\"lazy\" decoding=\"async\" title=\"13-slepen-waar-plakken-opmaak\" src=\"https:\/\/exceladvisor.org\/wp-content\/uploads\/2023\/08\/13-faites-glisser-ou-coller-la-mise-en-forme.png\" sizes=\"auto, \" srcset=\"\" alt=\"drag-where-to-paste-formatting\" width=\"425\" height=\"140\"><\/li><li> Laat de knop los om het menu te openen. <br><img loading=\"lazy\" decoding=\"async\" title=\"14 ontgrendelingsknoppen voor menu\" src=\"https:\/\/exceladvisor.org\/wp-content\/uploads\/2023\/08\/14-bouton-de-deverrouillage-pour-le-menu.png\" sizes=\"auto, \" srcset=\"\" alt=\"release-button-for-menu\" width=\"514\" height=\"344\"><\/li><li> Selecteer de optie \u2018Hier kopi\u00ebren als alleen formaten\u2019. <br><img loading=\"lazy\" decoding=\"async\" title=\"15-alleen-kopi\u00ebren-als-formaten\" src=\"https:\/\/exceladvisor.org\/wp-content\/uploads\/2023\/08\/15-copies-en-tant-que-formats-uniquement.png\" sizes=\"auto, \" srcset=\"\" alt=\"copy-as-formats-only\" width=\"421\" height=\"114\"><\/li><\/ol><h2 class=\"wp-block-heading\"> Kopieeropmaak met vulgreep<\/h2><p> Als je een cel opmaak hebt en die opmaak in de cellen naar beneden wilt kopi\u00ebren en plakken, kun je daarvoor de vulgreep gebruiken.<\/p><ol><li> Selecteer cel A1 en beweeg uw muis over de rechter benedenhoek van de cel. <br><img loading=\"lazy\" decoding=\"async\" title=\"Opmaak voor 16 kopie\u00ebn met vulgreep\" src=\"https:\/\/exceladvisor.org\/wp-content\/uploads\/2023\/08\/Formatage-de-16-copies-avec-poignee-de-remplissage.png\" sizes=\"auto, \" srcset=\"\" alt=\"copy-formatting-with-fill-handle\" width=\"329\" height=\"130\"><\/li><li> Houd de linkermuisknop ingedrukt en sleep deze naar cel A2. <br><img loading=\"lazy\" decoding=\"async\" title=\"17 Houd de muis ingedrukt en sleep\" src=\"https:\/\/exceladvisor.org\/wp-content\/uploads\/2023\/08\/17-maintenez-la-souris-enfoncee-et-faites-glisser.png\" sizes=\"auto, \" srcset=\"\" alt=\"hold-mouse-and-drag\" width=\"340\" height=\"168\"><\/li><li> U krijgt de opties voor automatisch aanvullen onderaan de cel. <br><img loading=\"lazy\" decoding=\"async\" title=\"18 opties voor automatisch aanvullen\" src=\"https:\/\/exceladvisor.org\/wp-content\/uploads\/2023\/08\/18-options-de-remplissage-automatique.png\" sizes=\"auto, \" srcset=\"\" alt=\"autofill-options\" width=\"338\" height=\"174\"><\/li><li> Klik op het vervolgkeuzemenu en selecteer &#8216;Alleen opmaak vullen&#8217;. <br><img loading=\"lazy\" decoding=\"async\" title=\"19 kies alleen opvulopmaak\" src=\"https:\/\/exceladvisor.org\/wp-content\/uploads\/2023\/08\/19-choisir-le-formatage-de-remplissage-uniquement.png\" sizes=\"auto, \" srcset=\"\" alt=\"choose-fill-formatting-only\" width=\"390\" height=\"245\"><\/li><\/ol><p> Als u de vervolgkeuzelijst Automatisch aanvullen niet ziet, gaat u naar het tabblad Bestand \u21e2 <a href=\"https:\/\/exceladvisor.org\/nl\/opties\/\">Excel-opties<\/a> \u21e2 Geavanceerd \u21e2 Bewerkingsopties \u21e2 <a href=\"https:\/\/exceladvisor.org\/nl\/vulgreep\/\">Vulhandgreep<\/a> inschakelen . En als u het nog steeds niet ziet, ga dan naar het tabblad Bestand \u21e2 Excel-opties \u21e2 Knippen, kopi\u00ebren en plakken \u21e2 Knop Plakopties tonen wanneer de inhoud is geplakt.<\/p><div class=\"gb-container gb-container-4db6181c gb-container-mt\"> <a class=\"gb-button gb-button-c5897111 gb-button-text gb-button-mt-button\" href=\"https:\/\/exceladvisor.org\/nl\/excel-basisbeginselen\/\">Basiskennis van Microsoft Excel (componenten, onderdelen en kennisnotities)<\/a><h2 class=\"gb-headline gb-headline-665e5f6b gb-headline-text gb-headline-mt-heading\"> Gerelateerde tutorials <\/h2><div class=\"gb-grid-wrapper gb-grid-wrapper-a20baf7c gb-grid-wrapper-mt-grid\"><div class=\"gb-grid-column gb-grid-column-65ddf67e\"><div class=\"gb-container gb-container-65ddf67e\"><ul><li> <a href=\"https:\/\/exceladvisor.org\/nl\/formaat-van-het-boekhoudnummer\/\">Pas het boekhoudnummerformaat toe in Excel<\/a><\/li><li> <a href=\"https:\/\/exceladvisor.org\/nl\/cel-kleur\/\">Pas achtergrondkleur toe op een cel of op het hele blad in Excel<\/a><\/li><li> <a href=\"https:\/\/exceladvisor.org\/nl\/het-rooster\/\">Excel-rasterlijnen afdrukken (verwijderen, inkorten en kleur wijzigen)<\/a><\/li><li> <a href=\"https:\/\/exceladvisor.org\/nl\/voeg-een-paginanummer-toe\/\">Voeg een paginanummer toe in Excel<\/a><\/li><li> <a href=\"https:\/\/exceladvisor.org\/nl\/kommastijl-toepassen\/\">Pas kommastijl toe in Excel<\/a><\/li><\/ul><\/div><\/div><\/div><\/div>","protected":false},"excerpt":{"rendered":"","protected":false},"author":1,"featured_media":0,"parent":0,"menu_order":0,"comment_status":"open","ping_status":"closed","template":"","meta":{"ub_ctt_via":"","footnotes":""},"class_list":["post-1888","page","type-page","status-publish","hentry"],"featured_image_src":null,"yoast_head":"<!-- This site is optimized with the Yoast SEO plugin v25.4 - https:\/\/yoast.com\/wordpress\/plugins\/seo\/ -->\n<title>Hoe opmaak in Excel kopi\u00ebren? (Tutorial 2023)<\/title>\n<meta name=\"description\" content=\"In deze zelfstudie leren we hoe u de opmaak in Excel kunt kopi\u00ebren. Excel heeft verschillende manieren om de opmaak snel te kopi\u00ebren\" \/>\n<meta name=\"robots\" content=\"index, follow, max-snippet:-1, max-image-preview:large, max-video-preview:-1\" \/>\n<link rel=\"canonical\" href=\"https:\/\/exceladvisor.org\/nl\/kopieer-opmaak\/\" \/>\n<meta property=\"og:locale\" content=\"nl_NL\" \/>\n<meta property=\"og:type\" content=\"article\" \/>\n<meta property=\"og:title\" content=\"Hoe opmaak in Excel kopi\u00ebren? (Tutorial 2023)\" \/>\n<meta property=\"og:description\" content=\"In deze zelfstudie leren we hoe u de opmaak in Excel kunt kopi\u00ebren. Excel heeft verschillende manieren om de opmaak snel te kopi\u00ebren\" \/>\n<meta property=\"og:url\" content=\"https:\/\/exceladvisor.org\/nl\/kopieer-opmaak\/\" \/>\n<meta property=\"og:site_name\" content=\"Excel Advisor\" \/>\n<meta property=\"article:modified_time\" content=\"2023-12-06T05:50:40+00:00\" \/>\n<meta property=\"og:image\" content=\"https:\/\/exceladvisor.org\/wp-content\/uploads\/2023\/08\/1-copie-mise-en-forme-sous-excel.png\" \/>\n<meta name=\"twitter:card\" content=\"summary_large_image\" \/>\n<meta name=\"twitter:label1\" content=\"Geschatte leestijd\" \/>\n\t<meta name=\"twitter:data1\" content=\"3 minuten\" \/>\n<script type=\"application\/ld+json\" class=\"yoast-schema-graph\">{\"@context\":\"https:\/\/schema.org\",\"@graph\":[{\"@type\":\"WebPage\",\"@id\":\"https:\/\/exceladvisor.org\/nl\/kopieer-opmaak\/\",\"url\":\"https:\/\/exceladvisor.org\/nl\/kopieer-opmaak\/\",\"name\":\"Hoe opmaak in Excel kopi\u00ebren? (Tutorial 2023)\",\"isPartOf\":{\"@id\":\"https:\/\/exceladvisor.org\/nl\/#website\"},\"primaryImageOfPage\":{\"@id\":\"https:\/\/exceladvisor.org\/nl\/kopieer-opmaak\/#primaryimage\"},\"image\":{\"@id\":\"https:\/\/exceladvisor.org\/nl\/kopieer-opmaak\/#primaryimage\"},\"thumbnailUrl\":\"https:\/\/exceladvisor.org\/wp-content\/uploads\/2023\/08\/1-copie-mise-en-forme-sous-excel.png\",\"datePublished\":\"2023-10-30T06:00:23+00:00\",\"dateModified\":\"2023-12-06T05:50:40+00:00\",\"description\":\"In deze zelfstudie leren we hoe u de opmaak in Excel kunt kopi\u00ebren. Excel heeft verschillende manieren om de opmaak snel te kopi\u00ebren\",\"breadcrumb\":{\"@id\":\"https:\/\/exceladvisor.org\/nl\/kopieer-opmaak\/#breadcrumb\"},\"inLanguage\":\"nl-NL\",\"potentialAction\":[{\"@type\":\"ReadAction\",\"target\":[\"https:\/\/exceladvisor.org\/nl\/kopieer-opmaak\/\"]}]},{\"@type\":\"ImageObject\",\"inLanguage\":\"nl-NL\",\"@id\":\"https:\/\/exceladvisor.org\/nl\/kopieer-opmaak\/#primaryimage\",\"url\":\"https:\/\/exceladvisor.org\/wp-content\/uploads\/2023\/08\/1-copie-mise-en-forme-sous-excel.png\",\"contentUrl\":\"https:\/\/exceladvisor.org\/wp-content\/uploads\/2023\/08\/1-copie-mise-en-forme-sous-excel.png\"},{\"@type\":\"BreadcrumbList\",\"@id\":\"https:\/\/exceladvisor.org\/nl\/kopieer-opmaak\/#breadcrumb\",\"itemListElement\":[{\"@type\":\"ListItem\",\"position\":1,\"name\":\"Thuis\",\"item\":\"https:\/\/exceladvisor.org\/nl\/\"},{\"@type\":\"ListItem\",\"position\":2,\"name\":\"Hoe opmaak in excel kopi\u00ebren?\"}]},{\"@type\":\"WebSite\",\"@id\":\"https:\/\/exceladvisor.org\/nl\/#website\",\"url\":\"https:\/\/exceladvisor.org\/nl\/\",\"name\":\"Excel Advisor\",\"description\":\"Uw gids voor datadominantie\",\"publisher\":{\"@id\":\"https:\/\/exceladvisor.org\/nl\/#organization\"},\"potentialAction\":[{\"@type\":\"SearchAction\",\"target\":{\"@type\":\"EntryPoint\",\"urlTemplate\":\"https:\/\/exceladvisor.org\/nl\/?s={search_term_string}\"},\"query-input\":{\"@type\":\"PropertyValueSpecification\",\"valueRequired\":true,\"valueName\":\"search_term_string\"}}],\"inLanguage\":\"nl-NL\"},{\"@type\":\"Organization\",\"@id\":\"https:\/\/exceladvisor.org\/nl\/#organization\",\"name\":\"Excel Advisor\",\"url\":\"https:\/\/exceladvisor.org\/nl\/\",\"logo\":{\"@type\":\"ImageObject\",\"inLanguage\":\"nl-NL\",\"@id\":\"https:\/\/exceladvisor.org\/nl\/#\/schema\/logo\/image\/\",\"url\":\"https:\/\/exceladvisor.org\/nl\/wp-content\/uploads\/2023\/12\/exceladvisor.org_.png\",\"contentUrl\":\"https:\/\/exceladvisor.org\/nl\/wp-content\/uploads\/2023\/12\/exceladvisor.org_.png\",\"width\":105,\"height\":36,\"caption\":\"Excel Advisor\"},\"image\":{\"@id\":\"https:\/\/exceladvisor.org\/nl\/#\/schema\/logo\/image\/\"}}]}<\/script>\n<!-- \/ Yoast SEO plugin. -->","yoast_head_json":{"title":"Hoe opmaak in Excel kopi\u00ebren? (Tutorial 2023)","description":"In deze zelfstudie leren we hoe u de opmaak in Excel kunt kopi\u00ebren. Excel heeft verschillende manieren om de opmaak snel te kopi\u00ebren","robots":{"index":"index","follow":"follow","max-snippet":"max-snippet:-1","max-image-preview":"max-image-preview:large","max-video-preview":"max-video-preview:-1"},"canonical":"https:\/\/exceladvisor.org\/nl\/kopieer-opmaak\/","og_locale":"nl_NL","og_type":"article","og_title":"Hoe opmaak in Excel kopi\u00ebren? (Tutorial 2023)","og_description":"In deze zelfstudie leren we hoe u de opmaak in Excel kunt kopi\u00ebren. Excel heeft verschillende manieren om de opmaak snel te kopi\u00ebren","og_url":"https:\/\/exceladvisor.org\/nl\/kopieer-opmaak\/","og_site_name":"Excel Advisor","article_modified_time":"2023-12-06T05:50:40+00:00","og_image":[{"url":"https:\/\/exceladvisor.org\/wp-content\/uploads\/2023\/08\/1-copie-mise-en-forme-sous-excel.png","type":"","width":"","height":""}],"twitter_card":"summary_large_image","twitter_misc":{"Geschatte leestijd":"3 minuten"},"schema":{"@context":"https:\/\/schema.org","@graph":[{"@type":"WebPage","@id":"https:\/\/exceladvisor.org\/nl\/kopieer-opmaak\/","url":"https:\/\/exceladvisor.org\/nl\/kopieer-opmaak\/","name":"Hoe opmaak in Excel kopi\u00ebren? (Tutorial 2023)","isPartOf":{"@id":"https:\/\/exceladvisor.org\/nl\/#website"},"primaryImageOfPage":{"@id":"https:\/\/exceladvisor.org\/nl\/kopieer-opmaak\/#primaryimage"},"image":{"@id":"https:\/\/exceladvisor.org\/nl\/kopieer-opmaak\/#primaryimage"},"thumbnailUrl":"https:\/\/exceladvisor.org\/wp-content\/uploads\/2023\/08\/1-copie-mise-en-forme-sous-excel.png","datePublished":"2023-10-30T06:00:23+00:00","dateModified":"2023-12-06T05:50:40+00:00","description":"In deze zelfstudie leren we hoe u de opmaak in Excel kunt kopi\u00ebren. Excel heeft verschillende manieren om de opmaak snel te kopi\u00ebren","breadcrumb":{"@id":"https:\/\/exceladvisor.org\/nl\/kopieer-opmaak\/#breadcrumb"},"inLanguage":"nl-NL","potentialAction":[{"@type":"ReadAction","target":["https:\/\/exceladvisor.org\/nl\/kopieer-opmaak\/"]}]},{"@type":"ImageObject","inLanguage":"nl-NL","@id":"https:\/\/exceladvisor.org\/nl\/kopieer-opmaak\/#primaryimage","url":"https:\/\/exceladvisor.org\/wp-content\/uploads\/2023\/08\/1-copie-mise-en-forme-sous-excel.png","contentUrl":"https:\/\/exceladvisor.org\/wp-content\/uploads\/2023\/08\/1-copie-mise-en-forme-sous-excel.png"},{"@type":"BreadcrumbList","@id":"https:\/\/exceladvisor.org\/nl\/kopieer-opmaak\/#breadcrumb","itemListElement":[{"@type":"ListItem","position":1,"name":"Thuis","item":"https:\/\/exceladvisor.org\/nl\/"},{"@type":"ListItem","position":2,"name":"Hoe opmaak in excel kopi\u00ebren?"}]},{"@type":"WebSite","@id":"https:\/\/exceladvisor.org\/nl\/#website","url":"https:\/\/exceladvisor.org\/nl\/","name":"Excel Advisor","description":"Uw gids voor datadominantie","publisher":{"@id":"https:\/\/exceladvisor.org\/nl\/#organization"},"potentialAction":[{"@type":"SearchAction","target":{"@type":"EntryPoint","urlTemplate":"https:\/\/exceladvisor.org\/nl\/?s={search_term_string}"},"query-input":{"@type":"PropertyValueSpecification","valueRequired":true,"valueName":"search_term_string"}}],"inLanguage":"nl-NL"},{"@type":"Organization","@id":"https:\/\/exceladvisor.org\/nl\/#organization","name":"Excel Advisor","url":"https:\/\/exceladvisor.org\/nl\/","logo":{"@type":"ImageObject","inLanguage":"nl-NL","@id":"https:\/\/exceladvisor.org\/nl\/#\/schema\/logo\/image\/","url":"https:\/\/exceladvisor.org\/nl\/wp-content\/uploads\/2023\/12\/exceladvisor.org_.png","contentUrl":"https:\/\/exceladvisor.org\/nl\/wp-content\/uploads\/2023\/12\/exceladvisor.org_.png","width":105,"height":36,"caption":"Excel Advisor"},"image":{"@id":"https:\/\/exceladvisor.org\/nl\/#\/schema\/logo\/image\/"}}]}},"yoast_meta":{"yoast_wpseo_title":"","yoast_wpseo_metadesc":"","yoast_wpseo_canonical":""},"_links":{"self":[{"href":"https:\/\/exceladvisor.org\/nl\/wp-json\/wp\/v2\/pages\/1888","targetHints":{"allow":["GET"]}}],"collection":[{"href":"https:\/\/exceladvisor.org\/nl\/wp-json\/wp\/v2\/pages"}],"about":[{"href":"https:\/\/exceladvisor.org\/nl\/wp-json\/wp\/v2\/types\/page"}],"author":[{"embeddable":true,"href":"https:\/\/exceladvisor.org\/nl\/wp-json\/wp\/v2\/users\/1"}],"replies":[{"embeddable":true,"href":"https:\/\/exceladvisor.org\/nl\/wp-json\/wp\/v2\/comments?post=1888"}],"version-history":[{"count":1,"href":"https:\/\/exceladvisor.org\/nl\/wp-json\/wp\/v2\/pages\/1888\/revisions"}],"predecessor-version":[{"id":2768,"href":"https:\/\/exceladvisor.org\/nl\/wp-json\/wp\/v2\/pages\/1888\/revisions\/2768"}],"wp:attachment":[{"href":"https:\/\/exceladvisor.org\/nl\/wp-json\/wp\/v2\/media?parent=1888"}],"curies":[{"name":"wp","href":"https:\/\/api.w.org\/{rel}","templated":true}]}}