{"id":1893,"date":"2023-10-29T17:51:23","date_gmt":"2023-10-29T17:51:23","guid":{"rendered":"https:\/\/exceladvisor.org\/nl\/een-nieuw-blad-toevoegen-1\/"},"modified":"2023-12-06T05:50:11","modified_gmt":"2023-12-06T05:50:11","slug":"een-nieuw-blad-toevoegen-1","status":"publish","type":"page","link":"https:\/\/exceladvisor.org\/nl\/een-nieuw-blad-toevoegen-1\/","title":{"rendered":"Hoe maak je een nieuw blad met vba-code?"},"content":{"rendered":"<div class=\"excel-voor-de-inhoud\" id=\"excel-1775819524\"><script type=\"text\/javascript\">\r\n\tatOptions = {\r\n\t\t'key' : 'c1158f160081d6540a8409e6925dab94',\r\n\t\t'format' : 'iframe',\r\n\t\t'height' : 250,\r\n\t\t'width' : 300,\r\n\t\t'params' : {}\r\n\t};\r\n<\/script>\r\n<script type=\"text\/javascript\" src=\"\/\/www.highperformanceformat.com\/c1158f160081d6540a8409e6925dab94\/invoke.js\"><\/script><\/div> <p>Zodra u VBA begint te leren, is een van de coolste dingen die u kunt doen het schrijven van VBA-code om een nieuw werkblad in een werkmap in te voegen.<\/p><p> Wel, er is al een sneltoets om een nieuw werkblad in te voegen of je kunt ook de normale optie gebruiken, maar het voordeel van het gebruik van VBA-code is dat je met \u00e9\u00e9n klik meerdere werkbladen kunt toevoegen en ook kunt defini\u00ebren waar je wilt toevoegen Het.<\/p><p> Hiervoor moet u de methode Sheets.Add gebruiken, en in dit artikel leren we hoe u deze kunt gebruiken om een of meer werkbladen aan een werkmap toe te voegen.<\/p><h2 class=\"wp-block-heading\"> Spreadsheets.Add-methode<\/h2><pre class=\"wp-block-code\"> <code class=\"language-visual-basic\" lang=\"visual-basic\">Sheets.Add ([Before], [After], [Count], [Type])<\/code><\/pre><ul><li> Voor: om een nieuw blad v\u00f3\u00f3r een blad toe te voegen.<\/li><li> Na: Om het nieuwe blad v\u00f3\u00f3r een blad toe te voegen.<\/li><li> Aantal: aantal toe te voegen vellen.<\/li><li> Type: Type blad dat u wilt toevoegen ( <a href=\"https:\/\/docs.microsoft.com\/en-us\/office\/vba\/api\/excel.xlsheettype\" target=\"_blank\" rel=\"noreferrer noopener\" aria-label=\"LINK (opens in a new tab)\">LINK<\/a> )<\/li><\/ul><h2 class=\"wp-block-heading\"> Schrijf VBA-code om een nieuw blad aan een werkmap toe te voegen<\/h2><p> Open de Visual Basic-editor en volg deze stappen.<\/p><ul><li> Eerst moet u de Spreadsheets.Add-methode invoeren.<\/li><li> Vervolgens moet u defini\u00ebren waar u het nieuwe blad wilt toevoegen (voor of na).<\/li><li> Het volgende is het invoeren van het aantal werkbladen.<\/li><li> Uiteindelijk het type vel. <\/li><\/ul><div class=\"wp-block-image\"><figure class=\"aligncenter size-large is-resized\"><img loading=\"lazy\" decoding=\"async\" class=\"wp-image-47897\" src=\"https:\/\/exceladvisor.org\/wp-content\/uploads\/2023\/08\/ajouter-des-feuilles-ajouter-une-methode-vba.png\" sizes=\"auto, \" srcset=\"\" alt=\"add-sheets-add-vba-methode\" width=\"597\" height=\"161\"><\/figure><\/div><h2 class=\"wp-block-heading\"> Verschillende manieren om nieuwe werkbladen aan een werkmap toe te voegen met behulp van VBA-code<\/h2><p> Hieronder vindt u verschillende manieren om een nieuw blad aan een werkmap toe te voegen:<\/p><h3 class=\"wp-block-heading\"> 1. Voeg een enkel vel toe<\/h3><p> Om \u00e9\u00e9n blad toe te voegen, kunt u de onderstaande code gebruiken, waarbij u geen argumenten heeft opgegeven.<\/p><pre class=\"wp-block-code\"> <code class=\"language-visual-basic\" lang=\"visual-basic\">Sub SheetAddExample1() ActiveWorkbook.Sheets.Add End Sub<\/code><\/pre><p> Deze code vertelt Excel om een blad toe te voegen aan de actieve werkmap, maar aangezien u geen argumenten heeft, worden de standaardwaarden gebruikt en wordt een werkblad (xlWorksheet) toegevoegd v\u00f3\u00f3r het actieve blad.<\/p><p> Hier is een andere manier om dit te schrijven, zie de onderstaande code.<\/p><pre class=\"wp-block-code\"> <code class=\"language-visual-basic\" lang=\"visual-basic\">Sub SheetAddExample2() Sheets.Add End Sub<\/code><\/pre><p> Omdat u zich al in de actieve werkmap bevindt, kunt u ook de onderstaande code gebruiken. Hij doet hetzelfde.<\/p><h3 class=\"wp-block-heading\"> 2. Voeg meerdere bladen toe<\/h3><p> Om meerdere bladen tegelijk toe te voegen, stelt u eenvoudigweg het COUNT-argument in met het aantal bladen dat u wilt toevoegen.<\/p><pre class=\"wp-block-code\"> <code class=\"language-visual-basic\" lang=\"visual-basic\">Sub AddSheets3() Sheets.Add Count:=5 End Sub<\/code><\/pre><p> Het aantal bladen dat u instelt is nu 5, dus wanneer u deze code uitvoert, worden de vijf nieuwe bladen onmiddellijk aan de werkmap toegevoegd.<\/p><h3 class=\"wp-block-heading\"> 3. Voeg een blad met een naam toe<\/h3><p> Als u het blad een andere naam wilt geven nadat u het hebt toegevoegd, kunt u de volgende code gebruiken:<\/p><pre class=\"wp-block-code\"> <code class=\"language-visual-basic\" lang=\"visual-basic\">Sub AddNewSheetswithNameExample1() Sheets.Add.Name = \"myNewSHeet\" End Sub<\/code><\/pre><p> In de bovenstaande code hebben we het object name ( <a href=\"https:\/\/docs.microsoft.com\/en-us\/office\/vba\/api\/excel.names\">LINK<\/a> ) gebruikt waarmee u de naam van een blad kunt opgeven.<\/p><h3 class=\"wp-block-heading\"> 4. Voeg een blad toe met een naam uit een cel<\/h3><p> U kunt ook de waarde uit een cel halen die u als bladnaam wilt gebruiken.<\/p><pre class=\"wp-block-code\"> <code class=\"language-visual-basic\" lang=\"visual-basic\">Sub AddNewSheetswithNameExample2() Sheets.Add.Name = Range(\"A1\") End Sub<\/code><\/pre><p> In de bovenstaande code wordt cel A1 gebruikt om de naam van het nieuwe blad op te halen.<\/p><h3 class=\"wp-block-heading\"> 5. Voeg een blad toe na\/voor een specifiek blad<\/h3><p> Omdat deze argumenten al aanwezig zijn in Spreadsheets.Add, kunt u het blad opgeven om ervoor of erna een nieuw blad toe te voegen.<\/p><pre class=\"wp-block-code\"> <code class=\"language-visual-basic\" lang=\"visual-basic\">Sub AddSheetsExample5() Sheets.Add Before:=Worksheets(\"mySheet\") Sheets.Add After:=Worksheets(\"mySheet\") End Sub<\/code><\/pre><p> In de bovenstaande code heb je nu twee regels code die je voor en na een argument in de Sheet.Add-methode hebt gebruikt. Dus wanneer u deze code uitvoert, worden er twee bladen toegevoegd, \u00e9\u00e9n v\u00f3\u00f3r en \u00e9\u00e9n na &#8220;mySheet&#8221;.<\/p><h3 class=\"wp-block-heading\"> 6. Voeg aan het begin een nieuw blad toe<\/h3><p> Met behulp van het argument &#8216;v\u00f3\u00f3r gebruik&#8217; kunt u ook een blad toevoegen aan het begin van de bladen in de werkmap.<\/p><p> Wat we dus eigenlijk gaan doen is het bladnummer opgeven in plaats van de bladnaam.<\/p><pre class=\"wp-block-code\"> <code class=\"language-visual-basic\" lang=\"visual-basic\">Sub AddSheetsExample6() Sheets.Add Before:=Sheets(1) End Sub<\/code><\/pre><p> In de bovenstaande code heb je bladnummer (1) gebruikt, dat VBA vertelt het blad toe te voegen v\u00f3\u00f3r het blad dat op de eerste positie in alle werkbladen staat. Op deze manier wordt het nieuwe blad altijd aan het begin toegevoegd.<\/p><h3 class=\"wp-block-heading\"> 7. Voeg aan het einde een nieuw blad toe (na het laatste blad)<\/h3><p> Als u aan het einde een nieuw blad wilt toevoegen, moet u de code op een andere manier schrijven. Hiervoor moet u dus weten hoeveel bladen er in de werkmap staan, zodat u aan het einde een nieuw blad kunt toevoegen.<\/p><pre class=\"wp-block-code\"> <code class=\"language-visual-basic line-numbers\" lang=\"visual-basic\">Sub AddSheetsExample8() Sheets.Add After:=Sheets(Sheets.Count) End Sub<\/code><\/pre><p> In de bovenstaande code retourneert Sheet.Count het aantal bladen dat u in de werkmap heeft, en aangezien u het argument after instelt, wordt het nieuwe blad toegevoegd na het laatste blad in de werkmap.<\/p><h3 class=\"wp-block-heading\"> 8. Voeg meerdere bladen toe en gebruik bereiknamen<\/h3><p> De volgende code telt regels in het bereik A1:A7. Daarna wordt het herhaald om bladen toe te voegen op basis van het aantal bereik en worden de bereikwaarden gebruikt om het blad een naam te geven bij het toevoegen ervan.<\/p><pre class=\"wp-block-code\"> <code class=\"language-visual-basic\" lang=\"visual-basic\">Sub AddSheetsExample9() Dim sheets_count As Integer Dim sheet_name As String Dim i As Integer sheet_count = Range(\"A1:A7\").Rows.Count For i = 1 To sheet_count sheet_name = Sheets(\"mySheet\").Range(\"A1:A7\").Cells(i, 1).Value Worksheets.Add().Name = sheet_name Next i End Sub<\/code><\/pre><p> Maar met de bovenstaande code is het mogelijk dat de naam van het blad dat u wilt toevoegen al bestaat of dat u een lege cel in het naambereik heeft.<\/p><p> In dit geval moet u een code schrijven die kan controleren of het blad met dezelfde naam al bestaat of niet en of de cel waaruit u de bladnaam wilt halen leeg is of niet.<\/p><p> Als alleen aan beide voorwaarden wordt voldaan, moet een nieuw blad worden toegevoegd. Laat ik het in twee stappen uiteenzetten:<\/p><p> <strong>Allereerst<\/strong> moet u een door de gebruiker gedefinieerde Excel-functie schrijven om te controleren of een blad met dezelfde naam al bestaat of niet.<\/p><pre class=\"wp-block-code\"> <code class=\"language-visual-basic\" lang=\"visual-basic\">Function SheetCheck(sheet_name As String) As Boolean Dim ws As Worksheet SheetCheck = False For Each ws In ThisWorkbook.Worksheets If ws.Name = sheet_name Then SheetCheck = True End If Next End Function<\/code><\/pre><p> Ten tweede moet je wat code schrijven met deze functie en deze code moet ook controleren of de naamcel leeg is of niet.<\/p><pre class=\"wp-block-code\"> <code class=\"language-visual-basic\" lang=\"visual-basic\">Sub AddMultipleSheet2() Dim sheets_count As Integer Dim sheet_name As String Dim i As Integer sheet_count = Range(\"A1:A7\").Rows.Count For i = 1 To sheet_count sheet_name = Sheets(\"mySheet\").Range(\"A1:A10\").Cells(i, 1).Value If SheetCheck(sheet_name) = False And sheet_name &lt;&gt; \"\" Then Worksheets.Add().Name = sheet_name End If Next i End Sub<\/code><\/pre><p> Nu heb je in de bovenstaande code <a href=\"https:\/\/exceladvisor.org\/nl\/als-2\/\" target=\"_blank\" rel=\"noreferrer noopener\" aria-label=\"VBA IF Statement (opens in a new tab)\">de VBA IF-instructie<\/a> gebruikt en in deze instructie heb je een bladcontrolefunctie die de bladnaam controleert en dan heb je een voorwaarde om te controleren of de naamcel een lege waarde heeft.<\/p><p> <strong><a href=\"https:\/\/exceladvisor.org\/wp-content\/uploads\/2023\/11\/add-sheet-using-vba.zip\" target=\"_blank\" rel=\"noreferrer noopener nofollow\" aria-label=\"Sample File (opens in a new tab)\">Voorbeeld bestand<\/a><\/strong><\/p><div class=\"gb-container gb-container-4db6181c gb-container-mt\"> <a class=\"gb-button gb-button-c5897111 gb-button-text gb-button-mt-button\" href=\"https:\/\/exceladvisor.org\/nl\/vba\/\">Wat is VBA<\/a><h2 class=\"gb-headline gb-headline-665e5f6b gb-headline-text gb-headline-mt-heading\"> Gerelateerde tutorials <\/h2><div class=\"gb-grid-wrapper gb-grid-wrapper-a20baf7c gb-grid-wrapper-mt-grid\"><div class=\"gb-grid-column gb-grid-column-65ddf67e\"><div class=\"gb-container gb-container-65ddf67e\"><ul><li> <a href=\"https:\/\/exceladvisor.org\/nl\/duidelijk-blad\/\">WIS een heel blad met VBA in Excel<\/a><\/li><li> <a href=\"https:\/\/exceladvisor.org\/nl\/kopieer-blad\/\">Kopieer en verplaats een blad in Excel met VBA<\/a><\/li><li> <a href=\"https:\/\/exceladvisor.org\/nl\/tel-de-bladeren\/\">COUNT Spreadsheets met VBA in Excel<\/a> <\/li><\/ul><\/div><\/div><div class=\"gb-grid-column gb-grid-column-50067b57\"><div class=\"gb-container gb-container-50067b57\"><ul><li> <a href=\"https:\/\/exceladvisor.org\/nl\/werkblad-1\/\">VBA-werkbladobject<\/a><\/li><li> <a href=\"https:\/\/exceladvisor.org\/nl\/blad-activeren\/\">Activeer een blad met VBA<\/a><\/li><li> <a href=\"https:\/\/exceladvisor.org\/nl\/het-controleblad-bestaat\/\">VBA Controleer of er een blad bestaat<\/a><\/li><\/ul><\/div><\/div><\/div><\/div>","protected":false},"excerpt":{"rendered":"","protected":false},"author":1,"featured_media":0,"parent":0,"menu_order":0,"comment_status":"open","ping_status":"closed","template":"","meta":{"ub_ctt_via":"","footnotes":""},"class_list":["post-1893","page","type-page","status-publish","hentry"],"featured_image_src":null,"yoast_head":"<!-- This site is optimized with the Yoast SEO plugin v25.4 - https:\/\/yoast.com\/wordpress\/plugins\/seo\/ -->\n<title>Hoe maak je een nieuw blad met VBA-code?<\/title>\n<meta name=\"description\" content=\"Er is een specifieke methode genaamd SHEETS.ADD. Deze methode lijkt in principe op een functie die we gebruiken\" \/>\n<meta name=\"robots\" content=\"index, follow, max-snippet:-1, max-image-preview:large, max-video-preview:-1\" \/>\n<link rel=\"canonical\" href=\"https:\/\/exceladvisor.org\/nl\/een-nieuw-blad-toevoegen-1\/\" \/>\n<meta property=\"og:locale\" content=\"nl_NL\" \/>\n<meta property=\"og:type\" content=\"article\" \/>\n<meta property=\"og:title\" content=\"Hoe maak je een nieuw blad met VBA-code?\" \/>\n<meta property=\"og:description\" content=\"Er is een specifieke methode genaamd SHEETS.ADD. Deze methode lijkt in principe op een functie die we gebruiken\" \/>\n<meta property=\"og:url\" content=\"https:\/\/exceladvisor.org\/nl\/een-nieuw-blad-toevoegen-1\/\" \/>\n<meta property=\"og:site_name\" content=\"Excel Advisor\" \/>\n<meta property=\"article:modified_time\" content=\"2023-12-06T05:50:11+00:00\" \/>\n<meta property=\"og:image\" content=\"https:\/\/exceladvisor.org\/wp-content\/uploads\/2023\/08\/ajouter-des-feuilles-ajouter-une-methode-vba.png\" \/>\n<meta name=\"twitter:card\" content=\"summary_large_image\" \/>\n<meta name=\"twitter:label1\" content=\"Geschatte leestijd\" \/>\n\t<meta name=\"twitter:data1\" content=\"6 minuten\" \/>\n<script type=\"application\/ld+json\" class=\"yoast-schema-graph\">{\"@context\":\"https:\/\/schema.org\",\"@graph\":[{\"@type\":\"WebPage\",\"@id\":\"https:\/\/exceladvisor.org\/nl\/een-nieuw-blad-toevoegen-1\/\",\"url\":\"https:\/\/exceladvisor.org\/nl\/een-nieuw-blad-toevoegen-1\/\",\"name\":\"Hoe maak je een nieuw blad met VBA-code?\",\"isPartOf\":{\"@id\":\"https:\/\/exceladvisor.org\/nl\/#website\"},\"primaryImageOfPage\":{\"@id\":\"https:\/\/exceladvisor.org\/nl\/een-nieuw-blad-toevoegen-1\/#primaryimage\"},\"image\":{\"@id\":\"https:\/\/exceladvisor.org\/nl\/een-nieuw-blad-toevoegen-1\/#primaryimage\"},\"thumbnailUrl\":\"https:\/\/exceladvisor.org\/wp-content\/uploads\/2023\/08\/ajouter-des-feuilles-ajouter-une-methode-vba.png\",\"datePublished\":\"2023-10-29T17:51:23+00:00\",\"dateModified\":\"2023-12-06T05:50:11+00:00\",\"description\":\"Er is een specifieke methode genaamd SHEETS.ADD. Deze methode lijkt in principe op een functie die we gebruiken\",\"breadcrumb\":{\"@id\":\"https:\/\/exceladvisor.org\/nl\/een-nieuw-blad-toevoegen-1\/#breadcrumb\"},\"inLanguage\":\"nl-NL\",\"potentialAction\":[{\"@type\":\"ReadAction\",\"target\":[\"https:\/\/exceladvisor.org\/nl\/een-nieuw-blad-toevoegen-1\/\"]}]},{\"@type\":\"ImageObject\",\"inLanguage\":\"nl-NL\",\"@id\":\"https:\/\/exceladvisor.org\/nl\/een-nieuw-blad-toevoegen-1\/#primaryimage\",\"url\":\"https:\/\/exceladvisor.org\/wp-content\/uploads\/2023\/08\/ajouter-des-feuilles-ajouter-une-methode-vba.png\",\"contentUrl\":\"https:\/\/exceladvisor.org\/wp-content\/uploads\/2023\/08\/ajouter-des-feuilles-ajouter-une-methode-vba.png\"},{\"@type\":\"BreadcrumbList\",\"@id\":\"https:\/\/exceladvisor.org\/nl\/een-nieuw-blad-toevoegen-1\/#breadcrumb\",\"itemListElement\":[{\"@type\":\"ListItem\",\"position\":1,\"name\":\"Thuis\",\"item\":\"https:\/\/exceladvisor.org\/nl\/\"},{\"@type\":\"ListItem\",\"position\":2,\"name\":\"Hoe maak je een nieuw blad met vba-code?\"}]},{\"@type\":\"WebSite\",\"@id\":\"https:\/\/exceladvisor.org\/nl\/#website\",\"url\":\"https:\/\/exceladvisor.org\/nl\/\",\"name\":\"Excel Advisor\",\"description\":\"Uw gids voor datadominantie\",\"publisher\":{\"@id\":\"https:\/\/exceladvisor.org\/nl\/#organization\"},\"potentialAction\":[{\"@type\":\"SearchAction\",\"target\":{\"@type\":\"EntryPoint\",\"urlTemplate\":\"https:\/\/exceladvisor.org\/nl\/?s={search_term_string}\"},\"query-input\":{\"@type\":\"PropertyValueSpecification\",\"valueRequired\":true,\"valueName\":\"search_term_string\"}}],\"inLanguage\":\"nl-NL\"},{\"@type\":\"Organization\",\"@id\":\"https:\/\/exceladvisor.org\/nl\/#organization\",\"name\":\"Excel Advisor\",\"url\":\"https:\/\/exceladvisor.org\/nl\/\",\"logo\":{\"@type\":\"ImageObject\",\"inLanguage\":\"nl-NL\",\"@id\":\"https:\/\/exceladvisor.org\/nl\/#\/schema\/logo\/image\/\",\"url\":\"https:\/\/exceladvisor.org\/nl\/wp-content\/uploads\/2023\/12\/exceladvisor.org_.png\",\"contentUrl\":\"https:\/\/exceladvisor.org\/nl\/wp-content\/uploads\/2023\/12\/exceladvisor.org_.png\",\"width\":105,\"height\":36,\"caption\":\"Excel Advisor\"},\"image\":{\"@id\":\"https:\/\/exceladvisor.org\/nl\/#\/schema\/logo\/image\/\"}}]}<\/script>\n<!-- \/ Yoast SEO plugin. -->","yoast_head_json":{"title":"Hoe maak je een nieuw blad met VBA-code?","description":"Er is een specifieke methode genaamd SHEETS.ADD. Deze methode lijkt in principe op een functie die we gebruiken","robots":{"index":"index","follow":"follow","max-snippet":"max-snippet:-1","max-image-preview":"max-image-preview:large","max-video-preview":"max-video-preview:-1"},"canonical":"https:\/\/exceladvisor.org\/nl\/een-nieuw-blad-toevoegen-1\/","og_locale":"nl_NL","og_type":"article","og_title":"Hoe maak je een nieuw blad met VBA-code?","og_description":"Er is een specifieke methode genaamd SHEETS.ADD. Deze methode lijkt in principe op een functie die we gebruiken","og_url":"https:\/\/exceladvisor.org\/nl\/een-nieuw-blad-toevoegen-1\/","og_site_name":"Excel Advisor","article_modified_time":"2023-12-06T05:50:11+00:00","og_image":[{"url":"https:\/\/exceladvisor.org\/wp-content\/uploads\/2023\/08\/ajouter-des-feuilles-ajouter-une-methode-vba.png","type":"","width":"","height":""}],"twitter_card":"summary_large_image","twitter_misc":{"Geschatte leestijd":"6 minuten"},"schema":{"@context":"https:\/\/schema.org","@graph":[{"@type":"WebPage","@id":"https:\/\/exceladvisor.org\/nl\/een-nieuw-blad-toevoegen-1\/","url":"https:\/\/exceladvisor.org\/nl\/een-nieuw-blad-toevoegen-1\/","name":"Hoe maak je een nieuw blad met VBA-code?","isPartOf":{"@id":"https:\/\/exceladvisor.org\/nl\/#website"},"primaryImageOfPage":{"@id":"https:\/\/exceladvisor.org\/nl\/een-nieuw-blad-toevoegen-1\/#primaryimage"},"image":{"@id":"https:\/\/exceladvisor.org\/nl\/een-nieuw-blad-toevoegen-1\/#primaryimage"},"thumbnailUrl":"https:\/\/exceladvisor.org\/wp-content\/uploads\/2023\/08\/ajouter-des-feuilles-ajouter-une-methode-vba.png","datePublished":"2023-10-29T17:51:23+00:00","dateModified":"2023-12-06T05:50:11+00:00","description":"Er is een specifieke methode genaamd SHEETS.ADD. Deze methode lijkt in principe op een functie die we gebruiken","breadcrumb":{"@id":"https:\/\/exceladvisor.org\/nl\/een-nieuw-blad-toevoegen-1\/#breadcrumb"},"inLanguage":"nl-NL","potentialAction":[{"@type":"ReadAction","target":["https:\/\/exceladvisor.org\/nl\/een-nieuw-blad-toevoegen-1\/"]}]},{"@type":"ImageObject","inLanguage":"nl-NL","@id":"https:\/\/exceladvisor.org\/nl\/een-nieuw-blad-toevoegen-1\/#primaryimage","url":"https:\/\/exceladvisor.org\/wp-content\/uploads\/2023\/08\/ajouter-des-feuilles-ajouter-une-methode-vba.png","contentUrl":"https:\/\/exceladvisor.org\/wp-content\/uploads\/2023\/08\/ajouter-des-feuilles-ajouter-une-methode-vba.png"},{"@type":"BreadcrumbList","@id":"https:\/\/exceladvisor.org\/nl\/een-nieuw-blad-toevoegen-1\/#breadcrumb","itemListElement":[{"@type":"ListItem","position":1,"name":"Thuis","item":"https:\/\/exceladvisor.org\/nl\/"},{"@type":"ListItem","position":2,"name":"Hoe maak je een nieuw blad met vba-code?"}]},{"@type":"WebSite","@id":"https:\/\/exceladvisor.org\/nl\/#website","url":"https:\/\/exceladvisor.org\/nl\/","name":"Excel Advisor","description":"Uw gids voor datadominantie","publisher":{"@id":"https:\/\/exceladvisor.org\/nl\/#organization"},"potentialAction":[{"@type":"SearchAction","target":{"@type":"EntryPoint","urlTemplate":"https:\/\/exceladvisor.org\/nl\/?s={search_term_string}"},"query-input":{"@type":"PropertyValueSpecification","valueRequired":true,"valueName":"search_term_string"}}],"inLanguage":"nl-NL"},{"@type":"Organization","@id":"https:\/\/exceladvisor.org\/nl\/#organization","name":"Excel Advisor","url":"https:\/\/exceladvisor.org\/nl\/","logo":{"@type":"ImageObject","inLanguage":"nl-NL","@id":"https:\/\/exceladvisor.org\/nl\/#\/schema\/logo\/image\/","url":"https:\/\/exceladvisor.org\/nl\/wp-content\/uploads\/2023\/12\/exceladvisor.org_.png","contentUrl":"https:\/\/exceladvisor.org\/nl\/wp-content\/uploads\/2023\/12\/exceladvisor.org_.png","width":105,"height":36,"caption":"Excel Advisor"},"image":{"@id":"https:\/\/exceladvisor.org\/nl\/#\/schema\/logo\/image\/"}}]}},"yoast_meta":{"yoast_wpseo_title":"","yoast_wpseo_metadesc":"","yoast_wpseo_canonical":""},"_links":{"self":[{"href":"https:\/\/exceladvisor.org\/nl\/wp-json\/wp\/v2\/pages\/1893","targetHints":{"allow":["GET"]}}],"collection":[{"href":"https:\/\/exceladvisor.org\/nl\/wp-json\/wp\/v2\/pages"}],"about":[{"href":"https:\/\/exceladvisor.org\/nl\/wp-json\/wp\/v2\/types\/page"}],"author":[{"embeddable":true,"href":"https:\/\/exceladvisor.org\/nl\/wp-json\/wp\/v2\/users\/1"}],"replies":[{"embeddable":true,"href":"https:\/\/exceladvisor.org\/nl\/wp-json\/wp\/v2\/comments?post=1893"}],"version-history":[{"count":1,"href":"https:\/\/exceladvisor.org\/nl\/wp-json\/wp\/v2\/pages\/1893\/revisions"}],"predecessor-version":[{"id":2686,"href":"https:\/\/exceladvisor.org\/nl\/wp-json\/wp\/v2\/pages\/1893\/revisions\/2686"}],"wp:attachment":[{"href":"https:\/\/exceladvisor.org\/nl\/wp-json\/wp\/v2\/media?parent=1893"}],"curies":[{"name":"wp","href":"https:\/\/api.w.org\/{rel}","templated":true}]}}