{"id":1900,"date":"2023-10-29T07:29:55","date_gmt":"2023-10-29T07:29:55","guid":{"rendered":"https:\/\/exceladvisor.org\/nl\/niet-opgeslagen-bestanden-herstellen\/"},"modified":"2023-12-06T05:50:33","modified_gmt":"2023-12-06T05:50:33","slug":"niet-opgeslagen-bestanden-herstellen","status":"publish","type":"page","link":"https:\/\/exceladvisor.org\/nl\/niet-opgeslagen-bestanden-herstellen\/","title":{"rendered":"Hoe niet-opgeslagen excel-bestanden herstellen?"},"content":{"rendered":"<div class=\"excel-voor-de-inhoud\" id=\"excel-3558329724\"><script type=\"text\/javascript\">\r\n\tatOptions = {\r\n\t\t'key' : 'c1158f160081d6540a8409e6925dab94',\r\n\t\t'format' : 'iframe',\r\n\t\t'height' : 250,\r\n\t\t'width' : 300,\r\n\t\t'params' : {}\r\n\t};\r\n<\/script>\r\n<script type=\"text\/javascript\" src=\"\/\/www.highperformanceformat.com\/c1158f160081d6540a8409e6925dab94\/invoke.js\"><\/script><\/div> <p>Er zijn een paar dingen die ik haat met mijn ziel en een kapotte Microsoft Excel is een van die dingen.<\/p><p> Stel je voor: je bent bezig met een belangrijk rapport en ineens crasht de applicatie en krijg je de melding \u2018Excel reageert niet\u2019 of \u2018Excel werkt niet meer\u2019.<\/p><p> Nou, het is geweldig als je je werkmap hebt opgeslagen, maar als je dat niet doet, is het bijna alsof de wereld gaat vergaan. Feit is dat u en wij dit soort dingen niet kunnen vermijden, omdat het allemaal afhangt van de prestaties van het systeem.<\/p><p> Maar het goede nieuws is: in Excel kunnen we enkele opties en functies gebruiken om een niet-opgeslagen bestand te herstellen en ons werk terug te krijgen.<\/p><p> Vandaag wil ik in dit artikel deze <span style=\"font-family: inherit;\">eenvoudige stappen met u delen om niet-opgeslagen Excel-bestanden en alle belangrijke punten die daarmee verband houden te herstellen<\/span> .<\/p><h2 id=\"t-1597937604944\" class=\"wp-block-heading\"> Schakel de optie voor automatisch opslaan in\/configureer om bestanden te herstellen<\/h2><p> In Excel is er een \u201cAutoSave\u201d-functie waarmee bestanden [tijdelijk] kunnen worden opgeslagen, zelfs als u ze nog niet hebt opgeslagen. Om het te configureren:<\/p><ul><li> Ga eerst naar het tabblad Bestand en klik op opties. <\/li><\/ul><div class=\"wp-block-image\"><figure class=\"aligncenter\"><img decoding=\"async\" src=\"https:\/\/exceladvisor.org\/wp-content\/uploads\/2023\/08\/pour-activer-lenregistrement-automatique-cliquez-sur-les-options-de-longlet-fichier-pour-recuperer-les-fichiers-non-enregistres-apres-cela-1.png\" sizes=\"\" srcset=\"\" alt=\"Om automatisch opslaan in te schakelen, klikt u op de opties op het tabblad Bestand om daarna niet-opgeslagen bestanden te herstellen\"><\/figure><\/div><ul><li> Klik nu in het optievenster op het tabblad Opslaan. <\/li><\/ul><div class=\"wp-block-image\"><figure class=\"aligncenter\"><img decoding=\"async\" src=\"https:\/\/exceladvisor.org\/wp-content\/uploads\/2023\/08\/pour-activer-lenregistrement-automatique-cliquez-sur-longlet-Enregistrer-pour-recuperer-les-fichiers-non-enregistres-apres-cela-1.png\" sizes=\"\" srcset=\"\" alt=\"Om automatisch opslaan in te schakelen, klikt u op het tabblad Opslaan om daarna niet-opgeslagen bestanden te herstellen\"><\/figure><\/div><ul><li> Hier heeft u deze drie opties die u kunt configureren volgens uw behoeften. <\/li><\/ul><div class=\"wp-block-image\"><figure class=\"aligncenter\"><img decoding=\"async\" src=\"https:\/\/exceladvisor.org\/wp-content\/uploads\/2023\/08\/pour-activer-lenregistrement-automatique-remplissez-les-trois-options-pour-recuperer-les-fichiers-non-enregistres-apres-cela-1.png\" sizes=\"\" srcset=\"\" alt=\"Om automatisch opslaan in te schakelen, voltooit u alle drie de opties om daarna niet-opgeslagen bestanden te herstellen\"><\/figure><\/div><ol><li> <strong>Bestanden in dit formaat opslaan<\/strong> : u kunt het werkmapformaat kiezen waarin u uw bestand met niet-opgeslagen werk wilt opslaan.<\/li><li> <strong>Optie voor automatisch herstel elke keer opslaan<\/strong> : u kunt de duur in minuten instellen voordat uw bestand automatisch wordt opgeslagen.<\/li><li> <strong>Laatste AutoHerstel behouden<\/strong> : de nieuwste versie als ik sluit zonder op te slaan: er worden back-upversies van een bestand gemaakt.<\/li><\/ol><p class=\"qt-tip\"> <strong>Belangrijke opmerking:<\/strong> zorg ervoor dat de duur kort is, zodat er meer versies kunnen worden opgeslagen.<\/p><p> Daarnaast is er ook een \u201cAutoRecover\u201d-optie waarmee u de laatste niet-opgeslagen versie van een bestand (die \u00e9\u00e9n keer is opgeslagen) kunt herstellen. <\/p><div class=\"wp-block-image\"><figure class=\"aligncenter\"><img decoding=\"async\" src=\"https:\/\/exceladvisor.org\/wp-content\/uploads\/2023\/08\/volet-de-recuperation-automatique-pour-les-fichiers-non-enregistres-1.png\" sizes=\"\" srcset=\"\" alt=\"autoherstelpaneel voor niet-opgeslagen bestanden\"><\/figure><\/div><p> Het goede nieuws is dat deze opties standaard zijn ingeschakeld en niet-opgeslagen werkmappen permanent op uw systeem opslaan.<\/p><p class=\"qt-tip\"> <strong>Opmerking:<\/strong> Terwijl ik een tijdje met Excel werkte, heb ik gemerkt dat er drie verschillende scenario&#8217;s kunnen zijn waarin u uw Excel-bestanden moet herstellen.<\/p><h2 id=\"t-1597937604946\" class=\"wp-block-heading\"> (Niet-opgeslagen Excel-bestandsherstel) Wilt u uw niet-opgeslagen bestand met gegevens herstellen<\/h2><p> Het eerste geval is wanneer u aan een bestand werkt dat nog nergens is opgeslagen, net voordat u het opslaat, Excel crasht of u sluit het zonder het op te slaan. Hier zijn de stappen om een bestand te herstellen dat u nog niet heeft opgeslagen.<\/p><ul><li> Ga eerst naar het tabblad Bestand en klik op &#8220;Openen&#8221;. <\/li><\/ul><div class=\"wp-block-image\"><figure class=\"aligncenter\"><img decoding=\"async\" src=\"https:\/\/exceladvisor.org\/wp-content\/uploads\/2023\/08\/cliquez-sur-ouvrir-pour-recuperer-le-dossier-des-fichiers-non-enregistres-1.png\" sizes=\"\" srcset=\"\" alt=\"klik op openen om de map met niet-opgeslagen bestanden te herstellen\"><\/figure><\/div><ul><li> Klik nu op &#8220;Recente werkmappen&#8221;. <\/li><\/ul><div class=\"wp-block-image\"><figure class=\"aligncenter\"><img decoding=\"async\" src=\"https:\/\/exceladvisor.org\/wp-content\/uploads\/2023\/08\/cliquez-sur-recent-pour-ouvrir-le-dossier-des-fichiers-non-enregistres-1.png\" sizes=\"\" srcset=\"\" alt=\"klik op recent om de map met niet-opgeslagen bestanden te openen\"><\/figure><\/div><ul><li> Blader daarna naar het einde en klik op &#8220;Niet-opgeslagen werkmappen herstellen&#8221;. <\/li><\/ul><div class=\"wp-block-image\"><figure class=\"aligncenter\"><img decoding=\"async\" src=\"https:\/\/exceladvisor.org\/wp-content\/uploads\/2023\/08\/cliquez-sur-le-bouton-recuperer-le-classeur-non-enregistre-pour-ouvrir-le-dossier-1.png\" sizes=\"\" srcset=\"\" alt=\"Klik op de knop Niet-opgeslagen werkmap herstellen om de map te openen\"><\/figure><\/div><ul><li> Zodra u erop klikt, wordt er een geopend dialoogvenster weergegeven en zoekt u het in ( <span style=\"color: #0000ee; font-size: 15px;\"><code>C:Users\/UserName\/AppData\/Local\/Microsoft\/Office\/UnsavedFiles<\/code><\/span> ) waar Excel een kopie van alle niet-opgeslagen werkmappen heeft opgeslagen. <\/li><\/ul><div class=\"wp-block-image\"><figure class=\"aligncenter\"><img decoding=\"async\" src=\"https:\/\/exceladvisor.org\/wp-content\/uploads\/2023\/08\/selectionnez-le-fichier-dans-le-dossier-que-vous-souhaitez-ouvrir-1.png\" sizes=\"\" srcset=\"\" alt=\"selecteer het bestand in de map die u wilt openen\"><\/figure><\/div><ul><li> Selecteer de werkmap die u wilt openen en klik op OK.<\/li><li> Zodra u een werkmap opent, wordt er een waarschuwingsbericht weergegeven waarin u dit bestand moet opslaan voordat u het gebruikt of er wijzigingen in aanbrengt. <\/li><\/ul><div class=\"wp-block-image\"><figure class=\"aligncenter\"><img decoding=\"async\" src=\"https:\/\/exceladvisor.org\/wp-content\/uploads\/2023\/08\/enregistrer-en-tant-que-fichier-que-vous-souhaitez-ouvrir-le-fichier-non-enregistre-1.png\" sizes=\"\" srcset=\"\" alt=\"opslaan als bestand waarvan u het niet-opgeslagen bestand wilt openen\"><\/figure><\/div><p class=\"qt-tip\"> <strong>Snelle opmerking:<\/strong> bestanden die door Excel als back-up worden opgeslagen, hebben de indeling &#8220;xlsb&#8221;. Zorg er daarom voor dat u bij het opslaan het juiste formaat gebruikt.<\/p><h2 id=\"t-1597937604947\" class=\"wp-block-heading\"> (Herstel van niet-opgeslagen Excel-bestanden) Vergeten bestanden op te slaan of Excel crashte<\/h2><p> Dit is wat ons allemaal overkomt. We werken aan een bestand dat al ergens is opgeslagen. En na het updaten vergeten we het op te slaan, anders crasht Excel. In dit geval gaat alles wat u hebt bijgewerkt verloren.<\/p><p> Doel\u2026Doel\u2026Doel\u2026<\/p><p> Met de autorecover-optie kunt u het bestand herstellen met alle bijgewerkte gegevens. Hier is het punt eenvoudig: wanneer u Excel opnieuw opent, wordt het &#8220;Documentherstelvenster&#8221; weergegeven met de lijst met alle niet-opgeslagen versies van de bestanden. <\/p><div class=\"wp-block-image\"><figure class=\"aligncenter\"><img decoding=\"async\" src=\"https:\/\/exceladvisor.org\/wp-content\/uploads\/2023\/08\/volet-de-recuperation-automatique-pour-les-fichiers-non-enregistres-1.png\" sizes=\"\" srcset=\"\" alt=\"autoherstelpaneel voor niet-opgeslagen bestanden\"><\/figure><\/div><p> U kunt op het bestand klikken dat u wilt openen en zodra u het opent, opslaan.<\/p><h2 id=\"t-1597937604948\" class=\"wp-block-heading\"> (Niet-opgeslagen Excel-bestandsherstel) Haal de vorige versie van een werkmap op<\/h2><p> Als u Excel 2010 of hoger gebruikt, kunt u ook de vorige versie van een werkmap herstellen. Dit kan handig zijn als u een fout heeft gemaakt in uw werk die niet ongedaan kan worden gemaakt. Hier zijn de stappen om dit te doen:<\/p><ul><li> Klik eerst op het tabblad &#8220;Bestand&#8221; en ga naar de categorie &#8220;Info&#8221;. <\/li><\/ul><div class=\"wp-block-image\"><figure class=\"aligncenter\"><img decoding=\"async\" src=\"https:\/\/exceladvisor.org\/wp-content\/uploads\/2023\/08\/cliquez-sur-info-pour-obtenir-la-version-dun-classeur-1.png\" sizes=\"\" srcset=\"\" alt=\"klik op de informatie om de versie van een werkmap te bekijken\"><\/figure><\/div><ul><li> Hier vindt u een lijst met alle versies van de werkmap die u kunt herstellen. <\/li><\/ul><div class=\"wp-block-image\"><figure class=\"aligncenter\"><img decoding=\"async\" src=\"https:\/\/exceladvisor.org\/wp-content\/uploads\/2023\/08\/cliquez-sur-lune-des-versions-enregistrees-pour-louvrir-1.png\" sizes=\"\" srcset=\"\" alt=\"klik op een van de opgeslagen versies om deze te openen\"><\/figure><\/div><ul><li> Wanneer u op een versie klikt, opent Excel die versie met de huidige versie, zodat u de twee kunt vergelijken.<\/li><\/ul><p> De back-upoptie AutoSave werkt hier ook achter. Stel dat u 10 minuten hebt opgegeven bij de optie Automatisch opslaan en dat Excel elke 10 minuten een versie van uw bestand opslaat.<\/p><h2 id=\"t-1597937604949\" class=\"wp-block-heading\"> 3.1 Herstel vorige versie van een Excel-bestand van OneDrive<\/h2><p> Als je net als ik cloudopslag gebruikt om bestanden op te slaan, kun je ook de vorige versie van een bestand herstellen. In <a href=\"https:\/\/onedrive.live.com\/\" target=\"_blank\" rel=\"noreferrer noopener\">OneDrive<\/a> is er een optie om een lijst op te halen van de oude versie van een Excel-werkmap. Volg deze eenvoudige stappen die u kunt gebruiken:<\/p><ul><li> Open OneDrive en open vervolgens de map waarin uw bestand is opgeslagen. <\/li><\/ul><div class=\"wp-block-image\"><figure class=\"aligncenter\"><img decoding=\"async\" src=\"https:\/\/exceladvisor.org\/wp-content\/uploads\/2023\/08\/dossier-ouvert-dans-un-lecteur-pour-obtenir-les-anciennes-versions-dun-fichier-1.png\" sizes=\"\" srcset=\"\" alt=\"map geopend op een station om oudere versies van een bestand op te halen\"><\/figure><\/div><ul><li> Selecteer daarna dit bestand en klik met de rechtermuisknop.<\/li><li> Klik nu op \u201cGeschiedenis weergeven\u201d om dit bestand op een ander tabblad te openen. <\/li><\/ul><div class=\"wp-block-image\"><figure class=\"aligncenter\"><img decoding=\"async\" src=\"https:\/\/exceladvisor.org\/wp-content\/uploads\/2023\/08\/cliquez-sur-lhistorique-des-versions-pour-ouvrir-ce-classeur-1.png\" sizes=\"\" srcset=\"\" alt=\"klik op versiegeschiedenis om deze werkmap te openen\"><\/figure><\/div><ul><li> Hier aan de linkerkant van het venster vindt u een lijst met versies die u kunt openen door erop te klikken. <\/li><\/ul><div class=\"wp-block-image\"><figure class=\"aligncenter\"><img decoding=\"async\" src=\"https:\/\/exceladvisor.org\/wp-content\/uploads\/2023\/08\/une-liste-des-anciennes-versions-de-fichiers-enregistrees-sur-un-lecteur-que-vous-pouvez-recuperer-1.png\" sizes=\"\" srcset=\"\" alt=\"een lijst met oude versies van bestanden die op een schijf zijn opgeslagen en die u kunt herstellen\"><\/figure><\/div><div class=\"wp-block-group more-box has-base-background-color has-background is-layout-flow\"><div class=\"wp-block-group__inner-container\"><h2 id=\"t-1597937604950\" class=\"wp-block-heading\"> Bonustip: herstel corrupte Excel-bestanden<\/h2><p> <a href=\"https:\/\/www.stellarinfo.com\/repair-excel-file.php\" target=\"_blank\" rel=\"noreferrer noopener nofollow\">Stellar Phoenix Excel Repair<\/a> is een van de meest betrouwbare software om MS Excel-bestanden te repareren en alle componenten te herstellen, inclusief tabellen, grafieken, grafiekbladen, celcommentaar, afbeeldingen, formules, sortering en filters.<\/p><ol><li> Lost fouten op die optreden in MS Excel-bestanden.<\/li><li> Er is een batchreparatieoptie beschikbaar waarbij de software meerdere Excel-bestanden tegelijkertijd repareert.<\/li><li> Verkrijgbaar in SOHO- en Tech-versies. De SOHO-versie is toepasbaar op \u00e9\u00e9n systeem en de Technician-versie ondersteunt meerdere systemen op \u00e9\u00e9n locatie.<\/li><li> Ondersteunt alle versies van MS Excel, inclusief de nieuwste versie 2016 en oudere versies.<\/li><li> Ondersteunt alle Windows-besturingssystemen, inclusief Windows 10, 8.1, 8, 7, Vista en XP.<\/li><\/ol><\/div><\/div><div class=\"gb-container gb-container-4db6181c gb-container-mt\"> <a class=\"gb-button gb-button-c5897111 gb-button-text gb-button-mt-button\" href=\"https:\/\/exceladvisor.org\/nl\/excel-vooruitgang\/\">Geavanceerde Excel-zelfstudies<\/a><h2 class=\"gb-headline gb-headline-665e5f6b gb-headline-text gb-headline-mt-heading\"> Gerelateerde tutorials <\/h2><div class=\"gb-grid-wrapper gb-grid-wrapper-a20baf7c gb-grid-wrapper-mt-grid\"><div class=\"gb-grid-column gb-grid-column-65ddf67e\"><div class=\"gb-container gb-container-65ddf67e\"><ul><li> <a href=\"https:\/\/exceladvisor.org\/nl\/herstel-corrupt-excel-bestand\/\">Reparatie beschadigd Excel-bestand<\/a><\/li><li> <a href=\"https:\/\/exceladvisor.org\/nl\/xlsx-naar-csv\/\">Excel-bestand (werkmap) opslaan in CSV-formaat (XLSX NAAR CSV)<\/a><\/li><li> <a href=\"https:\/\/exceladvisor.org\/nl\/verberg-toon-werkmap\/\">Een werkmap verbergen en weergeven in Excel<\/a> <\/li><\/ul><\/div><\/div><div class=\"gb-grid-column gb-grid-column-50067b57\"><div class=\"gb-container gb-container-50067b57\"><ul><li> <a href=\"https:\/\/exceladvisor.org\/nl\/werkboek-kopieren\/\">Maak een kopie van de Excel-werkmap (bestand)<\/a><\/li><li> <a href=\"https:\/\/exceladvisor.org\/nl\/tekstbestand-openen\/\">Open een tekstbestand in Excel (.TXT)<\/a><\/li><li> <a href=\"https:\/\/exceladvisor.org\/nl\/excel-bestand-mac-opslaan\/\">Bewaar een Excel-bestand op Mac (werkmap)<\/a><\/li><\/ul><\/div><\/div><\/div><\/div>","protected":false},"excerpt":{"rendered":"","protected":false},"author":1,"featured_media":0,"parent":0,"menu_order":0,"comment_status":"open","ping_status":"closed","template":"","meta":{"ub_ctt_via":"","footnotes":""},"class_list":["post-1900","page","type-page","status-publish","hentry"],"featured_image_src":null,"yoast_head":"<!-- This site is optimized with the Yoast SEO plugin v25.4 - https:\/\/yoast.com\/wordpress\/plugins\/seo\/ -->\n<title>\u25b7 Hoe niet-opgeslagen Excel-bestanden herstellen?<\/title>\n<meta name=\"description\" content=\"Denk zo, je werkt aan een belangrijk rapport en plotseling crasht de applicatie en ontvang je een bericht...\" \/>\n<meta name=\"robots\" content=\"index, follow, max-snippet:-1, max-image-preview:large, max-video-preview:-1\" \/>\n<link rel=\"canonical\" href=\"https:\/\/exceladvisor.org\/nl\/niet-opgeslagen-bestanden-herstellen\/\" \/>\n<meta property=\"og:locale\" content=\"nl_NL\" \/>\n<meta property=\"og:type\" content=\"article\" \/>\n<meta property=\"og:title\" content=\"\u25b7 Hoe niet-opgeslagen Excel-bestanden herstellen?\" \/>\n<meta property=\"og:description\" content=\"Denk zo, je werkt aan een belangrijk rapport en plotseling crasht de applicatie en ontvang je een bericht...\" \/>\n<meta property=\"og:url\" content=\"https:\/\/exceladvisor.org\/nl\/niet-opgeslagen-bestanden-herstellen\/\" \/>\n<meta property=\"og:site_name\" content=\"Excel Advisor\" \/>\n<meta property=\"article:modified_time\" content=\"2023-12-06T05:50:33+00:00\" \/>\n<meta property=\"og:image\" content=\"https:\/\/exceladvisor.org\/wp-content\/uploads\/2023\/08\/pour-activer-lenregistrement-automatique-cliquez-sur-les-options-de-longlet-fichier-pour-recuperer-les-fichiers-non-enregistres-apres-cela-1.png\" \/>\n<meta name=\"twitter:card\" content=\"summary_large_image\" \/>\n<meta name=\"twitter:label1\" content=\"Geschatte leestijd\" \/>\n\t<meta name=\"twitter:data1\" content=\"5 minuten\" \/>\n<script type=\"application\/ld+json\" class=\"yoast-schema-graph\">{\"@context\":\"https:\/\/schema.org\",\"@graph\":[{\"@type\":\"WebPage\",\"@id\":\"https:\/\/exceladvisor.org\/nl\/niet-opgeslagen-bestanden-herstellen\/\",\"url\":\"https:\/\/exceladvisor.org\/nl\/niet-opgeslagen-bestanden-herstellen\/\",\"name\":\"\u25b7 Hoe niet-opgeslagen Excel-bestanden herstellen?\",\"isPartOf\":{\"@id\":\"https:\/\/exceladvisor.org\/nl\/#website\"},\"primaryImageOfPage\":{\"@id\":\"https:\/\/exceladvisor.org\/nl\/niet-opgeslagen-bestanden-herstellen\/#primaryimage\"},\"image\":{\"@id\":\"https:\/\/exceladvisor.org\/nl\/niet-opgeslagen-bestanden-herstellen\/#primaryimage\"},\"thumbnailUrl\":\"https:\/\/exceladvisor.org\/wp-content\/uploads\/2023\/08\/pour-activer-lenregistrement-automatique-cliquez-sur-les-options-de-longlet-fichier-pour-recuperer-les-fichiers-non-enregistres-apres-cela-1.png\",\"datePublished\":\"2023-10-29T07:29:55+00:00\",\"dateModified\":\"2023-12-06T05:50:33+00:00\",\"description\":\"Denk zo, je werkt aan een belangrijk rapport en plotseling crasht de applicatie en ontvang je een bericht...\",\"breadcrumb\":{\"@id\":\"https:\/\/exceladvisor.org\/nl\/niet-opgeslagen-bestanden-herstellen\/#breadcrumb\"},\"inLanguage\":\"nl-NL\",\"potentialAction\":[{\"@type\":\"ReadAction\",\"target\":[\"https:\/\/exceladvisor.org\/nl\/niet-opgeslagen-bestanden-herstellen\/\"]}]},{\"@type\":\"ImageObject\",\"inLanguage\":\"nl-NL\",\"@id\":\"https:\/\/exceladvisor.org\/nl\/niet-opgeslagen-bestanden-herstellen\/#primaryimage\",\"url\":\"https:\/\/exceladvisor.org\/wp-content\/uploads\/2023\/08\/pour-activer-lenregistrement-automatique-cliquez-sur-les-options-de-longlet-fichier-pour-recuperer-les-fichiers-non-enregistres-apres-cela-1.png\",\"contentUrl\":\"https:\/\/exceladvisor.org\/wp-content\/uploads\/2023\/08\/pour-activer-lenregistrement-automatique-cliquez-sur-les-options-de-longlet-fichier-pour-recuperer-les-fichiers-non-enregistres-apres-cela-1.png\"},{\"@type\":\"BreadcrumbList\",\"@id\":\"https:\/\/exceladvisor.org\/nl\/niet-opgeslagen-bestanden-herstellen\/#breadcrumb\",\"itemListElement\":[{\"@type\":\"ListItem\",\"position\":1,\"name\":\"Thuis\",\"item\":\"https:\/\/exceladvisor.org\/nl\/\"},{\"@type\":\"ListItem\",\"position\":2,\"name\":\"Hoe niet-opgeslagen excel-bestanden herstellen?\"}]},{\"@type\":\"WebSite\",\"@id\":\"https:\/\/exceladvisor.org\/nl\/#website\",\"url\":\"https:\/\/exceladvisor.org\/nl\/\",\"name\":\"Excel Advisor\",\"description\":\"Uw gids voor datadominantie\",\"publisher\":{\"@id\":\"https:\/\/exceladvisor.org\/nl\/#organization\"},\"potentialAction\":[{\"@type\":\"SearchAction\",\"target\":{\"@type\":\"EntryPoint\",\"urlTemplate\":\"https:\/\/exceladvisor.org\/nl\/?s={search_term_string}\"},\"query-input\":{\"@type\":\"PropertyValueSpecification\",\"valueRequired\":true,\"valueName\":\"search_term_string\"}}],\"inLanguage\":\"nl-NL\"},{\"@type\":\"Organization\",\"@id\":\"https:\/\/exceladvisor.org\/nl\/#organization\",\"name\":\"Excel Advisor\",\"url\":\"https:\/\/exceladvisor.org\/nl\/\",\"logo\":{\"@type\":\"ImageObject\",\"inLanguage\":\"nl-NL\",\"@id\":\"https:\/\/exceladvisor.org\/nl\/#\/schema\/logo\/image\/\",\"url\":\"https:\/\/exceladvisor.org\/nl\/wp-content\/uploads\/2023\/12\/exceladvisor.org_.png\",\"contentUrl\":\"https:\/\/exceladvisor.org\/nl\/wp-content\/uploads\/2023\/12\/exceladvisor.org_.png\",\"width\":105,\"height\":36,\"caption\":\"Excel Advisor\"},\"image\":{\"@id\":\"https:\/\/exceladvisor.org\/nl\/#\/schema\/logo\/image\/\"}}]}<\/script>\n<!-- \/ Yoast SEO plugin. -->","yoast_head_json":{"title":"\u25b7 Hoe niet-opgeslagen Excel-bestanden herstellen?","description":"Denk zo, je werkt aan een belangrijk rapport en plotseling crasht de applicatie en ontvang je een bericht...","robots":{"index":"index","follow":"follow","max-snippet":"max-snippet:-1","max-image-preview":"max-image-preview:large","max-video-preview":"max-video-preview:-1"},"canonical":"https:\/\/exceladvisor.org\/nl\/niet-opgeslagen-bestanden-herstellen\/","og_locale":"nl_NL","og_type":"article","og_title":"\u25b7 Hoe niet-opgeslagen Excel-bestanden herstellen?","og_description":"Denk zo, je werkt aan een belangrijk rapport en plotseling crasht de applicatie en ontvang je een bericht...","og_url":"https:\/\/exceladvisor.org\/nl\/niet-opgeslagen-bestanden-herstellen\/","og_site_name":"Excel Advisor","article_modified_time":"2023-12-06T05:50:33+00:00","og_image":[{"url":"https:\/\/exceladvisor.org\/wp-content\/uploads\/2023\/08\/pour-activer-lenregistrement-automatique-cliquez-sur-les-options-de-longlet-fichier-pour-recuperer-les-fichiers-non-enregistres-apres-cela-1.png","type":"","width":"","height":""}],"twitter_card":"summary_large_image","twitter_misc":{"Geschatte leestijd":"5 minuten"},"schema":{"@context":"https:\/\/schema.org","@graph":[{"@type":"WebPage","@id":"https:\/\/exceladvisor.org\/nl\/niet-opgeslagen-bestanden-herstellen\/","url":"https:\/\/exceladvisor.org\/nl\/niet-opgeslagen-bestanden-herstellen\/","name":"\u25b7 Hoe niet-opgeslagen Excel-bestanden herstellen?","isPartOf":{"@id":"https:\/\/exceladvisor.org\/nl\/#website"},"primaryImageOfPage":{"@id":"https:\/\/exceladvisor.org\/nl\/niet-opgeslagen-bestanden-herstellen\/#primaryimage"},"image":{"@id":"https:\/\/exceladvisor.org\/nl\/niet-opgeslagen-bestanden-herstellen\/#primaryimage"},"thumbnailUrl":"https:\/\/exceladvisor.org\/wp-content\/uploads\/2023\/08\/pour-activer-lenregistrement-automatique-cliquez-sur-les-options-de-longlet-fichier-pour-recuperer-les-fichiers-non-enregistres-apres-cela-1.png","datePublished":"2023-10-29T07:29:55+00:00","dateModified":"2023-12-06T05:50:33+00:00","description":"Denk zo, je werkt aan een belangrijk rapport en plotseling crasht de applicatie en ontvang je een bericht...","breadcrumb":{"@id":"https:\/\/exceladvisor.org\/nl\/niet-opgeslagen-bestanden-herstellen\/#breadcrumb"},"inLanguage":"nl-NL","potentialAction":[{"@type":"ReadAction","target":["https:\/\/exceladvisor.org\/nl\/niet-opgeslagen-bestanden-herstellen\/"]}]},{"@type":"ImageObject","inLanguage":"nl-NL","@id":"https:\/\/exceladvisor.org\/nl\/niet-opgeslagen-bestanden-herstellen\/#primaryimage","url":"https:\/\/exceladvisor.org\/wp-content\/uploads\/2023\/08\/pour-activer-lenregistrement-automatique-cliquez-sur-les-options-de-longlet-fichier-pour-recuperer-les-fichiers-non-enregistres-apres-cela-1.png","contentUrl":"https:\/\/exceladvisor.org\/wp-content\/uploads\/2023\/08\/pour-activer-lenregistrement-automatique-cliquez-sur-les-options-de-longlet-fichier-pour-recuperer-les-fichiers-non-enregistres-apres-cela-1.png"},{"@type":"BreadcrumbList","@id":"https:\/\/exceladvisor.org\/nl\/niet-opgeslagen-bestanden-herstellen\/#breadcrumb","itemListElement":[{"@type":"ListItem","position":1,"name":"Thuis","item":"https:\/\/exceladvisor.org\/nl\/"},{"@type":"ListItem","position":2,"name":"Hoe niet-opgeslagen excel-bestanden herstellen?"}]},{"@type":"WebSite","@id":"https:\/\/exceladvisor.org\/nl\/#website","url":"https:\/\/exceladvisor.org\/nl\/","name":"Excel Advisor","description":"Uw gids voor datadominantie","publisher":{"@id":"https:\/\/exceladvisor.org\/nl\/#organization"},"potentialAction":[{"@type":"SearchAction","target":{"@type":"EntryPoint","urlTemplate":"https:\/\/exceladvisor.org\/nl\/?s={search_term_string}"},"query-input":{"@type":"PropertyValueSpecification","valueRequired":true,"valueName":"search_term_string"}}],"inLanguage":"nl-NL"},{"@type":"Organization","@id":"https:\/\/exceladvisor.org\/nl\/#organization","name":"Excel Advisor","url":"https:\/\/exceladvisor.org\/nl\/","logo":{"@type":"ImageObject","inLanguage":"nl-NL","@id":"https:\/\/exceladvisor.org\/nl\/#\/schema\/logo\/image\/","url":"https:\/\/exceladvisor.org\/nl\/wp-content\/uploads\/2023\/12\/exceladvisor.org_.png","contentUrl":"https:\/\/exceladvisor.org\/nl\/wp-content\/uploads\/2023\/12\/exceladvisor.org_.png","width":105,"height":36,"caption":"Excel Advisor"},"image":{"@id":"https:\/\/exceladvisor.org\/nl\/#\/schema\/logo\/image\/"}}]}},"yoast_meta":{"yoast_wpseo_title":"","yoast_wpseo_metadesc":"","yoast_wpseo_canonical":""},"_links":{"self":[{"href":"https:\/\/exceladvisor.org\/nl\/wp-json\/wp\/v2\/pages\/1900","targetHints":{"allow":["GET"]}}],"collection":[{"href":"https:\/\/exceladvisor.org\/nl\/wp-json\/wp\/v2\/pages"}],"about":[{"href":"https:\/\/exceladvisor.org\/nl\/wp-json\/wp\/v2\/types\/page"}],"author":[{"embeddable":true,"href":"https:\/\/exceladvisor.org\/nl\/wp-json\/wp\/v2\/users\/1"}],"replies":[{"embeddable":true,"href":"https:\/\/exceladvisor.org\/nl\/wp-json\/wp\/v2\/comments?post=1900"}],"version-history":[{"count":1,"href":"https:\/\/exceladvisor.org\/nl\/wp-json\/wp\/v2\/pages\/1900\/revisions"}],"predecessor-version":[{"id":2748,"href":"https:\/\/exceladvisor.org\/nl\/wp-json\/wp\/v2\/pages\/1900\/revisions\/2748"}],"wp:attachment":[{"href":"https:\/\/exceladvisor.org\/nl\/wp-json\/wp\/v2\/media?parent=1900"}],"curies":[{"name":"wp","href":"https:\/\/api.w.org\/{rel}","templated":true}]}}