{"id":1906,"date":"2023-10-29T06:05:26","date_gmt":"2023-10-29T06:05:26","guid":{"rendered":"https:\/\/exceladvisor.org\/nl\/excel-standaard-op-mac\/"},"modified":"2023-12-06T05:49:55","modified_gmt":"2023-12-06T05:49:55","slug":"excel-standaard-op-mac","status":"publish","type":"page","link":"https:\/\/exceladvisor.org\/nl\/excel-standaard-op-mac\/","title":{"rendered":"Hoe maak ik excel standaard op mac?"},"content":{"rendered":"<div class=\"excel-voor-de-inhoud\" id=\"excel-205383603\"><script type=\"text\/javascript\">\r\n\tatOptions = {\r\n\t\t'key' : 'c1158f160081d6540a8409e6925dab94',\r\n\t\t'format' : 'iframe',\r\n\t\t'height' : 250,\r\n\t\t'width' : 300,\r\n\t\t'params' : {}\r\n\t};\r\n<\/script>\r\n<script type=\"text\/javascript\" src=\"\/\/www.highperformanceformat.com\/c1158f160081d6540a8409e6925dab94\/invoke.js\"><\/script><\/div> <p>Als Microsoft Excel op de Mac is ge\u00efnstalleerd, hoeft u dit niet als standaard in te stellen, omdat dit de standaardtoepassing is voor het openen van spreadsheetbestanden in xlsx-indeling. Maar als u nog steeds problemen ondervindt bij het openen van deze bestanden met Excel, heb ik in deze komende tutorial eenvoudige stappen gedeeld om Excel als standaard in te stellen op Mac.<\/p><h2 class=\"wp-block-heading\"> Stappen om Excel standaard te maken op Mac<\/h2><ol><li> Zorg er eerst voor dat u een Excel-werkmap in xlsx-indeling hebt. <br><img loading=\"lazy\" decoding=\"async\" title=\"1-excel-naar-xlsx\" src=\"https:\/\/exceladvisor.org\/wp-content\/uploads\/2023\/08\/1-excel-en-xlsx.png\" sizes=\"auto, \" srcset=\"\" alt=\"excel-in-xlsx\" width=\"261\" height=\"240\"><\/li><li> Klik er daarna met de rechtermuisknop op en klik op de optie &#8220;Info ophalen&#8221;. <br><img loading=\"lazy\" decoding=\"async\" title=\"2-get-info-optie\" src=\"https:\/\/exceladvisor.org\/wp-content\/uploads\/2023\/08\/2-obtenir-loption-dinformations.png\" sizes=\"auto, \" srcset=\"\" alt=\"get-info-option\" width=\"333\" height=\"348\"><\/li><li> Ga vervolgens in het dialoogvenster &#8220;Info&#8221; naar het vervolgkeuzemenu &#8220;Openen&#8221; en selecteer Microsoft Excel in het vervolgkeuzemenu. <br><img loading=\"lazy\" decoding=\"async\" title=\"3-select-microsoft-excel\" src=\"https:\/\/exceladvisor.org\/wp-content\/uploads\/2023\/08\/3-selectionnez-microsoft-excel.png\" sizes=\"auto, \" srcset=\"\" alt=\"select-microsoft-excel\" width=\"333\" height=\"440\"><\/li><li> Vanaf daar klikt u op de knop &#8220;Alles wijzigen&#8221; om deze instelling op alle bestanden toe te passen. <br><img loading=\"lazy\" decoding=\"async\" title=\"4-klik-knop-alles-wijzigen\" src=\"https:\/\/exceladvisor.org\/wp-content\/uploads\/2023\/08\/4-cliquez-sur-le-bouton-tout-modifier.png\" sizes=\"auto, \" srcset=\"\" alt=\"click-change-all-button\" width=\"362\" height=\"155\"><\/li><li> Klik nu op \u201cDoorgaan\u201d om te solliciteren. <br><img loading=\"lazy\" decoding=\"async\" title=\"5-klik-doorgaan\" src=\"https:\/\/exceladvisor.org\/wp-content\/uploads\/2023\/08\/5-clic-continuer.png\" sizes=\"auto, \" srcset=\"\" alt=\"click-continue\" width=\"282\" height=\"278\"><\/li><li> Sluit aan het einde het dialoogvenster &#8220;Info&#8221;.<\/li><\/ol><p> Wanneer u nu een bestand met dezelfde extensiebestanden opent, wordt het geopend met Microsoft Excel.<\/p><h2 class=\"wp-block-heading\"> Excel standaard voor andere formaten<\/h2><p> Als u andere formaten heeft, zoals (CSV, XLSB en andere) en Excel wilt gebruiken, gebruik dan deze bestanden. <\/p><div class=\"wp-block-image\"><figure class=\"aligncenter size-full is-resized\"><img loading=\"lazy\" decoding=\"async\" class=\"wp-image-74932\" src=\"https:\/\/exceladvisor.org\/wp-content\/uploads\/2023\/08\/6-excel-dans-differents-formats.png\" sizes=\"auto, \" srcset=\"\" alt=\"excel-in-verschillende-formaten\" width=\"229\" height=\"278\"><\/figure><\/div><p> Volg gewoon de stappen die we eerder in dit artikel hebben gebruikt. Dit betekent dat u de standaardtoepassing voor elk van deze formaten \u00e9\u00e9n voor \u00e9\u00e9n moet wijzigen. Maar als u Excel op uw Mac hebt ge\u00efnstalleerd, hoeft u dit niet te doen; uw Mac doet dit automatisch voor u.<\/p><h2 class=\"wp-block-heading\"> Open een getallenbestand met Excel<\/h2><p> Mac heeft Numbers als standaardprogramma voor spreadsheets. <\/p><div class=\"wp-block-image\"><figure class=\"aligncenter size-full is-resized\"><img loading=\"lazy\" decoding=\"async\" class=\"wp-image-74933\" src=\"https:\/\/exceladvisor.org\/wp-content\/uploads\/2023\/08\/7-applications-de-tableur-par-defaut-sur-mac.png\" sizes=\"auto, \" srcset=\"\" alt=\"standaard-spreadsheet-apps-in-mac\" width=\"293\" height=\"128\"><\/figure><\/div><p> En er is \u00e9\u00e9n ding dat u moet weten: de Numbers-app heeft zijn eigen bestandsindeling en het is niet mogelijk om een spreadsheetbestand te openen dat is opgeslagen in de app-indeling &#8220;Numbers&#8221;. Wanneer u getallen in Excel-bestanden voor Number bewerkt, wordt u in een dialoogvenster gevraagd of u dit wilt openen. <\/p><div class=\"wp-block-image\"><figure class=\"aligncenter size-full is-resized\"><img loading=\"lazy\" decoding=\"async\" class=\"wp-image-74934\" src=\"https:\/\/exceladvisor.org\/wp-content\/uploads\/2023\/08\/8-boite-de-dialogue-sur-mac.png\" sizes=\"auto, \" srcset=\"\" alt=\"dialoogvenster in mac\" width=\"329\" height=\"348\"><\/figure><\/div><p> Maar als u op \u201cJa\u201d klikt, wordt aangegeven dat dit bestand beschadigd is. <\/p><div class=\"wp-block-image\"><figure class=\"aligncenter size-full is-resized\"><img loading=\"lazy\" decoding=\"async\" class=\"wp-image-74935\" src=\"https:\/\/exceladvisor.org\/wp-content\/uploads\/2023\/08\/9-le-fichier-est-corrompu.png\" sizes=\"auto, \" srcset=\"\" alt=\"het bestand is beschadigd\" width=\"311\" height=\"320\"><\/figure><\/div><div class=\"gb-container gb-container-4db6181c gb-container-mt\"> <a class=\"gb-button gb-button-c5897111 gb-button-text gb-button-mt-button\" href=\"https:\/\/exceladvisor.org\/nl\/excel-vooruitgang\/\">Geavanceerde Excel-zelfstudies<\/a><h2 class=\"gb-headline gb-headline-665e5f6b gb-headline-text gb-headline-mt-heading\"> Gerelateerde tutorials <\/h2><div class=\"gb-grid-wrapper gb-grid-wrapper-a20baf7c gb-grid-wrapper-mt-grid\"><div class=\"gb-grid-column gb-grid-column-65ddf67e\"><div class=\"gb-container gb-container-65ddf67e\"><ul><li> <a href=\"https:\/\/exceladvisor.org\/nl\/camera-hulpmiddel\/\">Excel-cameratool<\/a><\/li><li> <a href=\"https:\/\/exceladvisor.org\/nl\/doel-zoeken\/\">Doelzoeker in Excel<\/a><\/li><li> <a href=\"https:\/\/exceladvisor.org\/nl\/kijk-raam\/\">Kijkvenster in Excel<\/a><\/li><li> <a href=\"https:\/\/exceladvisor.org\/nl\/excel-snijder\/\">Excel Slicer (volledige handleiding)<\/a><\/li><li> <a href=\"https:\/\/exceladvisor.org\/nl\/excel-veilige-modus\/\">Open Excel in de veilige modus<\/a><\/li><\/ul><\/div><\/div><\/div><\/div>","protected":false},"excerpt":{"rendered":"","protected":false},"author":1,"featured_media":0,"parent":0,"menu_order":0,"comment_status":"open","ping_status":"closed","template":"","meta":{"ub_ctt_via":"","footnotes":""},"class_list":["post-1906","page","type-page","status-publish","hentry"],"featured_image_src":null,"yoast_head":"<!-- This site is optimized with the Yoast SEO plugin v25.4 - https:\/\/yoast.com\/wordpress\/plugins\/seo\/ -->\n<title>Hoe maak ik Excel standaard op Mac?<\/title>\n<meta name=\"description\" content=\"Op Mac is er een app genaamd Numbers voor het maken van spreadsheets, maar we gaan leren hoe je Excel als standaard kunt instellen.\" \/>\n<meta name=\"robots\" content=\"index, follow, max-snippet:-1, max-image-preview:large, max-video-preview:-1\" \/>\n<link rel=\"canonical\" href=\"https:\/\/exceladvisor.org\/nl\/excel-standaard-op-mac\/\" \/>\n<meta property=\"og:locale\" content=\"nl_NL\" \/>\n<meta property=\"og:type\" content=\"article\" \/>\n<meta property=\"og:title\" content=\"Hoe maak ik Excel standaard op Mac?\" \/>\n<meta property=\"og:description\" content=\"Op Mac is er een app genaamd Numbers voor het maken van spreadsheets, maar we gaan leren hoe je Excel als standaard kunt instellen.\" \/>\n<meta property=\"og:url\" content=\"https:\/\/exceladvisor.org\/nl\/excel-standaard-op-mac\/\" \/>\n<meta property=\"og:site_name\" content=\"Excel Advisor\" \/>\n<meta property=\"article:modified_time\" content=\"2023-12-06T05:49:55+00:00\" \/>\n<meta property=\"og:image\" content=\"https:\/\/exceladvisor.org\/wp-content\/uploads\/2023\/08\/1-excel-en-xlsx.png\" \/>\n<meta name=\"twitter:card\" content=\"summary_large_image\" \/>\n<meta name=\"twitter:label1\" content=\"Geschatte leestijd\" \/>\n\t<meta name=\"twitter:data1\" content=\"2 minuten\" \/>\n<script type=\"application\/ld+json\" class=\"yoast-schema-graph\">{\"@context\":\"https:\/\/schema.org\",\"@graph\":[{\"@type\":\"WebPage\",\"@id\":\"https:\/\/exceladvisor.org\/nl\/excel-standaard-op-mac\/\",\"url\":\"https:\/\/exceladvisor.org\/nl\/excel-standaard-op-mac\/\",\"name\":\"Hoe maak ik Excel standaard op Mac?\",\"isPartOf\":{\"@id\":\"https:\/\/exceladvisor.org\/nl\/#website\"},\"primaryImageOfPage\":{\"@id\":\"https:\/\/exceladvisor.org\/nl\/excel-standaard-op-mac\/#primaryimage\"},\"image\":{\"@id\":\"https:\/\/exceladvisor.org\/nl\/excel-standaard-op-mac\/#primaryimage\"},\"thumbnailUrl\":\"https:\/\/exceladvisor.org\/wp-content\/uploads\/2023\/08\/1-excel-en-xlsx.png\",\"datePublished\":\"2023-10-29T06:05:26+00:00\",\"dateModified\":\"2023-12-06T05:49:55+00:00\",\"description\":\"Op Mac is er een app genaamd Numbers voor het maken van spreadsheets, maar we gaan leren hoe je Excel als standaard kunt instellen.\",\"breadcrumb\":{\"@id\":\"https:\/\/exceladvisor.org\/nl\/excel-standaard-op-mac\/#breadcrumb\"},\"inLanguage\":\"nl-NL\",\"potentialAction\":[{\"@type\":\"ReadAction\",\"target\":[\"https:\/\/exceladvisor.org\/nl\/excel-standaard-op-mac\/\"]}]},{\"@type\":\"ImageObject\",\"inLanguage\":\"nl-NL\",\"@id\":\"https:\/\/exceladvisor.org\/nl\/excel-standaard-op-mac\/#primaryimage\",\"url\":\"https:\/\/exceladvisor.org\/wp-content\/uploads\/2023\/08\/1-excel-en-xlsx.png\",\"contentUrl\":\"https:\/\/exceladvisor.org\/wp-content\/uploads\/2023\/08\/1-excel-en-xlsx.png\"},{\"@type\":\"BreadcrumbList\",\"@id\":\"https:\/\/exceladvisor.org\/nl\/excel-standaard-op-mac\/#breadcrumb\",\"itemListElement\":[{\"@type\":\"ListItem\",\"position\":1,\"name\":\"Thuis\",\"item\":\"https:\/\/exceladvisor.org\/nl\/\"},{\"@type\":\"ListItem\",\"position\":2,\"name\":\"Hoe maak ik excel standaard op mac?\"}]},{\"@type\":\"WebSite\",\"@id\":\"https:\/\/exceladvisor.org\/nl\/#website\",\"url\":\"https:\/\/exceladvisor.org\/nl\/\",\"name\":\"Excel Advisor\",\"description\":\"Uw gids voor datadominantie\",\"publisher\":{\"@id\":\"https:\/\/exceladvisor.org\/nl\/#organization\"},\"potentialAction\":[{\"@type\":\"SearchAction\",\"target\":{\"@type\":\"EntryPoint\",\"urlTemplate\":\"https:\/\/exceladvisor.org\/nl\/?s={search_term_string}\"},\"query-input\":{\"@type\":\"PropertyValueSpecification\",\"valueRequired\":true,\"valueName\":\"search_term_string\"}}],\"inLanguage\":\"nl-NL\"},{\"@type\":\"Organization\",\"@id\":\"https:\/\/exceladvisor.org\/nl\/#organization\",\"name\":\"Excel Advisor\",\"url\":\"https:\/\/exceladvisor.org\/nl\/\",\"logo\":{\"@type\":\"ImageObject\",\"inLanguage\":\"nl-NL\",\"@id\":\"https:\/\/exceladvisor.org\/nl\/#\/schema\/logo\/image\/\",\"url\":\"https:\/\/exceladvisor.org\/nl\/wp-content\/uploads\/2023\/12\/exceladvisor.org_.png\",\"contentUrl\":\"https:\/\/exceladvisor.org\/nl\/wp-content\/uploads\/2023\/12\/exceladvisor.org_.png\",\"width\":105,\"height\":36,\"caption\":\"Excel Advisor\"},\"image\":{\"@id\":\"https:\/\/exceladvisor.org\/nl\/#\/schema\/logo\/image\/\"}}]}<\/script>\n<!-- \/ Yoast SEO plugin. -->","yoast_head_json":{"title":"Hoe maak ik Excel standaard op Mac?","description":"Op Mac is er een app genaamd Numbers voor het maken van spreadsheets, maar we gaan leren hoe je Excel als standaard kunt instellen.","robots":{"index":"index","follow":"follow","max-snippet":"max-snippet:-1","max-image-preview":"max-image-preview:large","max-video-preview":"max-video-preview:-1"},"canonical":"https:\/\/exceladvisor.org\/nl\/excel-standaard-op-mac\/","og_locale":"nl_NL","og_type":"article","og_title":"Hoe maak ik Excel standaard op Mac?","og_description":"Op Mac is er een app genaamd Numbers voor het maken van spreadsheets, maar we gaan leren hoe je Excel als standaard kunt instellen.","og_url":"https:\/\/exceladvisor.org\/nl\/excel-standaard-op-mac\/","og_site_name":"Excel Advisor","article_modified_time":"2023-12-06T05:49:55+00:00","og_image":[{"url":"https:\/\/exceladvisor.org\/wp-content\/uploads\/2023\/08\/1-excel-en-xlsx.png","type":"","width":"","height":""}],"twitter_card":"summary_large_image","twitter_misc":{"Geschatte leestijd":"2 minuten"},"schema":{"@context":"https:\/\/schema.org","@graph":[{"@type":"WebPage","@id":"https:\/\/exceladvisor.org\/nl\/excel-standaard-op-mac\/","url":"https:\/\/exceladvisor.org\/nl\/excel-standaard-op-mac\/","name":"Hoe maak ik Excel standaard op Mac?","isPartOf":{"@id":"https:\/\/exceladvisor.org\/nl\/#website"},"primaryImageOfPage":{"@id":"https:\/\/exceladvisor.org\/nl\/excel-standaard-op-mac\/#primaryimage"},"image":{"@id":"https:\/\/exceladvisor.org\/nl\/excel-standaard-op-mac\/#primaryimage"},"thumbnailUrl":"https:\/\/exceladvisor.org\/wp-content\/uploads\/2023\/08\/1-excel-en-xlsx.png","datePublished":"2023-10-29T06:05:26+00:00","dateModified":"2023-12-06T05:49:55+00:00","description":"Op Mac is er een app genaamd Numbers voor het maken van spreadsheets, maar we gaan leren hoe je Excel als standaard kunt instellen.","breadcrumb":{"@id":"https:\/\/exceladvisor.org\/nl\/excel-standaard-op-mac\/#breadcrumb"},"inLanguage":"nl-NL","potentialAction":[{"@type":"ReadAction","target":["https:\/\/exceladvisor.org\/nl\/excel-standaard-op-mac\/"]}]},{"@type":"ImageObject","inLanguage":"nl-NL","@id":"https:\/\/exceladvisor.org\/nl\/excel-standaard-op-mac\/#primaryimage","url":"https:\/\/exceladvisor.org\/wp-content\/uploads\/2023\/08\/1-excel-en-xlsx.png","contentUrl":"https:\/\/exceladvisor.org\/wp-content\/uploads\/2023\/08\/1-excel-en-xlsx.png"},{"@type":"BreadcrumbList","@id":"https:\/\/exceladvisor.org\/nl\/excel-standaard-op-mac\/#breadcrumb","itemListElement":[{"@type":"ListItem","position":1,"name":"Thuis","item":"https:\/\/exceladvisor.org\/nl\/"},{"@type":"ListItem","position":2,"name":"Hoe maak ik excel standaard op mac?"}]},{"@type":"WebSite","@id":"https:\/\/exceladvisor.org\/nl\/#website","url":"https:\/\/exceladvisor.org\/nl\/","name":"Excel Advisor","description":"Uw gids voor datadominantie","publisher":{"@id":"https:\/\/exceladvisor.org\/nl\/#organization"},"potentialAction":[{"@type":"SearchAction","target":{"@type":"EntryPoint","urlTemplate":"https:\/\/exceladvisor.org\/nl\/?s={search_term_string}"},"query-input":{"@type":"PropertyValueSpecification","valueRequired":true,"valueName":"search_term_string"}}],"inLanguage":"nl-NL"},{"@type":"Organization","@id":"https:\/\/exceladvisor.org\/nl\/#organization","name":"Excel Advisor","url":"https:\/\/exceladvisor.org\/nl\/","logo":{"@type":"ImageObject","inLanguage":"nl-NL","@id":"https:\/\/exceladvisor.org\/nl\/#\/schema\/logo\/image\/","url":"https:\/\/exceladvisor.org\/nl\/wp-content\/uploads\/2023\/12\/exceladvisor.org_.png","contentUrl":"https:\/\/exceladvisor.org\/nl\/wp-content\/uploads\/2023\/12\/exceladvisor.org_.png","width":105,"height":36,"caption":"Excel Advisor"},"image":{"@id":"https:\/\/exceladvisor.org\/nl\/#\/schema\/logo\/image\/"}}]}},"yoast_meta":{"yoast_wpseo_title":"","yoast_wpseo_metadesc":"","yoast_wpseo_canonical":""},"_links":{"self":[{"href":"https:\/\/exceladvisor.org\/nl\/wp-json\/wp\/v2\/pages\/1906","targetHints":{"allow":["GET"]}}],"collection":[{"href":"https:\/\/exceladvisor.org\/nl\/wp-json\/wp\/v2\/pages"}],"about":[{"href":"https:\/\/exceladvisor.org\/nl\/wp-json\/wp\/v2\/types\/page"}],"author":[{"embeddable":true,"href":"https:\/\/exceladvisor.org\/nl\/wp-json\/wp\/v2\/users\/1"}],"replies":[{"embeddable":true,"href":"https:\/\/exceladvisor.org\/nl\/wp-json\/wp\/v2\/comments?post=1906"}],"version-history":[{"count":1,"href":"https:\/\/exceladvisor.org\/nl\/wp-json\/wp\/v2\/pages\/1906\/revisions"}],"predecessor-version":[{"id":2659,"href":"https:\/\/exceladvisor.org\/nl\/wp-json\/wp\/v2\/pages\/1906\/revisions\/2659"}],"wp:attachment":[{"href":"https:\/\/exceladvisor.org\/nl\/wp-json\/wp\/v2\/media?parent=1906"}],"curies":[{"name":"wp","href":"https:\/\/api.w.org\/{rel}","templated":true}]}}