{"id":1907,"date":"2023-10-29T05:45:34","date_gmt":"2023-10-29T05:45:34","guid":{"rendered":"https:\/\/exceladvisor.org\/nl\/filter-op-kleur\/"},"modified":"2023-12-06T05:58:09","modified_gmt":"2023-12-06T05:58:09","slug":"filter-op-kleur","status":"publish","type":"page","link":"https:\/\/exceladvisor.org\/nl\/filter-op-kleur\/","title":{"rendered":"Hoe filter ik op kleur in excel?"},"content":{"rendered":"<div class=\"excel-voor-de-inhoud\" id=\"excel-2536721936\"><script type=\"text\/javascript\">\r\n\tatOptions = {\r\n\t\t'key' : 'c1158f160081d6540a8409e6925dab94',\r\n\t\t'format' : 'iframe',\r\n\t\t'height' : 250,\r\n\t\t'width' : 300,\r\n\t\t'params' : {}\r\n\t};\r\n<\/script>\r\n<script type=\"text\/javascript\" src=\"\/\/www.highperformanceformat.com\/c1158f160081d6540a8409e6925dab94\/invoke.js\"><\/script><\/div> <p>Wanneer u in Excel een filter op een kolom toepast, heeft u de mogelijkheid om de waarden te filteren op basis van de <a href=\"https:\/\/exceladvisor.org\/nl\/cel-kleur\/\">tekstkleur en achtergrondkleur van de cel<\/a> . Deze optie is al beschikbaar in het filter, u hoeft er niets voor in te schakelen zodra u een filter toepast. <\/p><div class=\"wp-block-image\"><figure class=\"aligncenter size-full is-resized\"><img loading=\"lazy\" decoding=\"async\" class=\"wp-image-74956\" src=\"https:\/\/exceladvisor.org\/wp-content\/uploads\/2023\/08\/1-filtre-par-couleur.png\" sizes=\"auto, \" srcset=\"\" alt=\"filter op kleur\" width=\"584\" height=\"485\"><\/figure><\/div><h2 class=\"wp-block-heading\"> Stappen om een kolom op kleur te filteren in Excel<\/h2><ol type=\"1\"><li> Pas eerst het filter op de kolom toe.<\/li><li> Klik daarna op het vervolgkeuzemenu Filter.<\/li><li> Ga vervolgens naar de optie \u201cFilteren op kleur\u201d.<\/li><li> Kies aan het einde de kleur die u wilt kiezen om het filter toe te passen.<\/li><\/ol><p> Zoals ik al zei, kun je kleur op twee manieren gebruiken om waarden te filteren:<\/p><ul><li> Op celkleur<\/li><li> Op lettertypekleur<\/li><\/ul><p> In het volgende voorbeeld hebben we de rode tekstkleur gebruikt om het filter toe te passen. En het heeft filterwaarden met rood als letterkleur. <\/p><div class=\"wp-block-image\"><figure class=\"aligncenter size-full is-resized\"><img loading=\"lazy\" decoding=\"async\" class=\"wp-image-74957\" src=\"https:\/\/exceladvisor.org\/wp-content\/uploads\/2023\/08\/2-polices-rouges-utilisees-pour-le-filtre.png\" sizes=\"auto, \" srcset=\"\" alt=\"rood-lettertype-gebruikt-voor-het-filter\" width=\"590\" height=\"471\"><\/figure><\/div><p> Op dezelfde manier kunt u filteren op basis van celkleur. En in het onderstaande voorbeeld hebben we de gele celkleur gebruikt om de waarden te filteren. <\/p><div class=\"wp-block-image\"><figure class=\"aligncenter size-full is-resized\"><img loading=\"lazy\" decoding=\"async\" class=\"wp-image-74958\" src=\"https:\/\/exceladvisor.org\/wp-content\/uploads\/2023\/08\/3-filtres-bases-sur-la-couleur-des-cellules.png\" sizes=\"auto, \" srcset=\"\" alt=\"filter op basis van celkleur\" width=\"604\" height=\"465\"><\/figure><\/div><p> Wanneer u \u201cFilteren op kleur\u201d opent, heeft u de mogelijkheid om cellen te filteren waarin u geen celkleur of letterkleur heeft. <\/p><div class=\"wp-block-image\"><figure class=\"aligncenter size-full is-resized\"><img loading=\"lazy\" decoding=\"async\" class=\"wp-image-74959\" src=\"https:\/\/exceladvisor.org\/wp-content\/uploads\/2023\/08\/4-filtrer-les-cellules-sans-couleur.png\" sizes=\"auto, \" srcset=\"\" alt=\"filter-kleurloze-cellen\" width=\"153\" height=\"267\"><\/figure><\/div><h2 class=\"wp-block-heading\"> Filter op kleur vanuit het contextmenu<\/h2><p> Stel dat u alle cellen wilt filteren op basis van de celkleur van de geselecteerde cel. <\/p><div class=\"wp-block-image\"><figure class=\"aligncenter size-full is-resized\"><img loading=\"lazy\" decoding=\"async\" class=\"wp-image-74960\" src=\"https:\/\/exceladvisor.org\/wp-content\/uploads\/2023\/08\/5-filtrer-par-menu-clic-droit.png\" sizes=\"auto, \" srcset=\"\" alt=\"filtermenu door met de rechtermuisknop te klikken\" width=\"617\" height=\"457\"><\/figure><\/div><ol type=\"1\"><li> Selecteer de cel.<\/li><li> Klik er met de rechtermuisknop op.<\/li><li> Ga naar de filteroptie.<\/li><li> Klik op \u201cFilteren op kleur van geselecteerde cel\u201d. <\/li><\/ol><div class=\"wp-block-image\"><figure class=\"aligncenter size-full is-resized\"><img loading=\"lazy\" decoding=\"async\" class=\"wp-image-74961\" src=\"https:\/\/exceladvisor.org\/wp-content\/uploads\/2023\/08\/6-filtrer-par-couleur-selectionnee.png\" sizes=\"auto, \" srcset=\"\" alt=\"filter op geselecteerde kleur\" width=\"357\" height=\"161\"><\/figure><\/div><p> Op dezelfde manier kunt u cellen filteren op basis van de tekstkleur van de cel. <\/p><div class=\"wp-block-image\"><figure class=\"aligncenter size-full is-resized\"><img loading=\"lazy\" decoding=\"async\" class=\"wp-image-74962\" src=\"https:\/\/exceladvisor.org\/wp-content\/uploads\/2023\/08\/7-filtres-bases-sur-la-couleur-de-la-police.png\" sizes=\"auto, \" srcset=\"\" alt=\"filter op basis van de kleur van het lettertype\" width=\"627\" height=\"414\"><\/figure><\/div><p> Gebruik de optie &#8220;Filteren op letterkleur van geselecteerde cel&#8221;. <\/p><div class=\"wp-block-image\"><figure class=\"aligncenter size-full is-resized\"><img loading=\"lazy\" decoding=\"async\" class=\"wp-image-74963\" src=\"https:\/\/exceladvisor.org\/wp-content\/uploads\/2023\/08\/8-filtrer-par-couleur-de-police-selectionnee.png\" sizes=\"auto, \" srcset=\"\" alt=\"filter op geselecteerde letterkleur\" width=\"318\" height=\"120\"><\/figure><\/div><h2 class=\"wp-block-heading\"> Opmerkingen<\/h2><ul><li> U kunt op \u00e9\u00e9n kleur niet tegelijkertijd een filter toepassen dat is gebaseerd op celkleur en tekstkleur. Er kan slechts \u00e9\u00e9n type filter tegelijk worden gebruikt.<\/li><li> U kunt een filter op meerdere kolommen toepassen op basis van lettertype en celkleur. U kunt bijvoorbeeld \u00e9\u00e9n kolom filteren op basis van de rode tekstkleur en de tweede kolom filteren op basis van de gele celkleur.<\/li><\/ul><div class=\"gb-container gb-container-4db6181c gb-container-mt\"> <a class=\"gb-button gb-button-c5897111 gb-button-text gb-button-mt-button\" href=\"https:\/\/exceladvisor.org\/nl\/excel-vooruitgang\/\">Geavanceerde Excel-zelfstudies<\/a><h2 class=\"gb-headline gb-headline-665e5f6b gb-headline-text gb-headline-mt-heading\"> Gerelateerde tutorials <\/h2><div class=\"gb-grid-wrapper gb-grid-wrapper-a20baf7c gb-grid-wrapper-mt-grid\"><div class=\"gb-grid-column gb-grid-column-65ddf67e\"><div class=\"gb-container gb-container-65ddf67e\"><ul><li> <a href=\"https:\/\/exceladvisor.org\/nl\/selectievakje\/\">Voeg een selectievakje in Excel in<\/a><\/li><li> <a href=\"https:\/\/exceladvisor.org\/nl\/cellen-samenvoegen-zonder-gegevensverlies\/\">Voeg cellen samen zonder gegevens te verliezen in Excel<\/a><\/li><li> <a href=\"https:\/\/exceladvisor.org\/nl\/plak-speciaal-vermenigvuldigen\/\">Vermenigvuldig in Excel met Plakken speciaal<\/a><\/li><li> <a href=\"https:\/\/exceladvisor.org\/nl\/voeg-een-streepjescode-toe\/\" data-wpil=\"url\">Voeg een streepjescode toe in Excel<\/a><\/li><li> <a href=\"https:\/\/exceladvisor.org\/nl\/standaardlettertype\/\">Wijzig het standaardlettertype in Excel<\/a><\/li><\/ul><\/div><\/div><\/div><\/div>","protected":false},"excerpt":{"rendered":"","protected":false},"author":1,"featured_media":0,"parent":0,"menu_order":0,"comment_status":"open","ping_status":"closed","template":"","meta":{"ub_ctt_via":"","footnotes":""},"class_list":["post-1907","page","type-page","status-publish","hentry"],"featured_image_src":null,"yoast_head":"<!-- This site is optimized with the Yoast SEO plugin v25.4 - https:\/\/yoast.com\/wordpress\/plugins\/seo\/ -->\n<title>Hoe filter ik op kleur in Excel? (Tutorial 2023)<\/title>\n<meta name=\"description\" content=\"We onderzoeken een manier om de waarden in de kolom te filteren met behulp van de letterkleur of celkleur.\" \/>\n<meta name=\"robots\" content=\"index, follow, max-snippet:-1, max-image-preview:large, max-video-preview:-1\" \/>\n<link rel=\"canonical\" href=\"https:\/\/exceladvisor.org\/nl\/filter-op-kleur\/\" \/>\n<meta property=\"og:locale\" content=\"nl_NL\" \/>\n<meta property=\"og:type\" content=\"article\" \/>\n<meta property=\"og:title\" content=\"Hoe filter ik op kleur in Excel? (Tutorial 2023)\" \/>\n<meta property=\"og:description\" content=\"We onderzoeken een manier om de waarden in de kolom te filteren met behulp van de letterkleur of celkleur.\" \/>\n<meta property=\"og:url\" content=\"https:\/\/exceladvisor.org\/nl\/filter-op-kleur\/\" \/>\n<meta property=\"og:site_name\" content=\"Excel Advisor\" \/>\n<meta property=\"article:modified_time\" content=\"2023-12-06T05:58:09+00:00\" \/>\n<meta property=\"og:image\" content=\"https:\/\/exceladvisor.org\/wp-content\/uploads\/2023\/08\/1-filtre-par-couleur.png\" \/>\n<meta name=\"twitter:card\" content=\"summary_large_image\" \/>\n<meta name=\"twitter:label1\" content=\"Geschatte leestijd\" \/>\n\t<meta name=\"twitter:data1\" content=\"2 minuten\" \/>\n<script type=\"application\/ld+json\" class=\"yoast-schema-graph\">{\"@context\":\"https:\/\/schema.org\",\"@graph\":[{\"@type\":\"WebPage\",\"@id\":\"https:\/\/exceladvisor.org\/nl\/filter-op-kleur\/\",\"url\":\"https:\/\/exceladvisor.org\/nl\/filter-op-kleur\/\",\"name\":\"Hoe filter ik op kleur in Excel? (Tutorial 2023)\",\"isPartOf\":{\"@id\":\"https:\/\/exceladvisor.org\/nl\/#website\"},\"primaryImageOfPage\":{\"@id\":\"https:\/\/exceladvisor.org\/nl\/filter-op-kleur\/#primaryimage\"},\"image\":{\"@id\":\"https:\/\/exceladvisor.org\/nl\/filter-op-kleur\/#primaryimage\"},\"thumbnailUrl\":\"https:\/\/exceladvisor.org\/wp-content\/uploads\/2023\/08\/1-filtre-par-couleur.png\",\"datePublished\":\"2023-10-29T05:45:34+00:00\",\"dateModified\":\"2023-12-06T05:58:09+00:00\",\"description\":\"We onderzoeken een manier om de waarden in de kolom te filteren met behulp van de letterkleur of celkleur.\",\"breadcrumb\":{\"@id\":\"https:\/\/exceladvisor.org\/nl\/filter-op-kleur\/#breadcrumb\"},\"inLanguage\":\"nl-NL\",\"potentialAction\":[{\"@type\":\"ReadAction\",\"target\":[\"https:\/\/exceladvisor.org\/nl\/filter-op-kleur\/\"]}]},{\"@type\":\"ImageObject\",\"inLanguage\":\"nl-NL\",\"@id\":\"https:\/\/exceladvisor.org\/nl\/filter-op-kleur\/#primaryimage\",\"url\":\"https:\/\/exceladvisor.org\/wp-content\/uploads\/2023\/08\/1-filtre-par-couleur.png\",\"contentUrl\":\"https:\/\/exceladvisor.org\/wp-content\/uploads\/2023\/08\/1-filtre-par-couleur.png\"},{\"@type\":\"BreadcrumbList\",\"@id\":\"https:\/\/exceladvisor.org\/nl\/filter-op-kleur\/#breadcrumb\",\"itemListElement\":[{\"@type\":\"ListItem\",\"position\":1,\"name\":\"Thuis\",\"item\":\"https:\/\/exceladvisor.org\/nl\/\"},{\"@type\":\"ListItem\",\"position\":2,\"name\":\"Hoe filter ik op kleur in excel?\"}]},{\"@type\":\"WebSite\",\"@id\":\"https:\/\/exceladvisor.org\/nl\/#website\",\"url\":\"https:\/\/exceladvisor.org\/nl\/\",\"name\":\"Excel Advisor\",\"description\":\"Uw gids voor datadominantie\",\"publisher\":{\"@id\":\"https:\/\/exceladvisor.org\/nl\/#organization\"},\"potentialAction\":[{\"@type\":\"SearchAction\",\"target\":{\"@type\":\"EntryPoint\",\"urlTemplate\":\"https:\/\/exceladvisor.org\/nl\/?s={search_term_string}\"},\"query-input\":{\"@type\":\"PropertyValueSpecification\",\"valueRequired\":true,\"valueName\":\"search_term_string\"}}],\"inLanguage\":\"nl-NL\"},{\"@type\":\"Organization\",\"@id\":\"https:\/\/exceladvisor.org\/nl\/#organization\",\"name\":\"Excel Advisor\",\"url\":\"https:\/\/exceladvisor.org\/nl\/\",\"logo\":{\"@type\":\"ImageObject\",\"inLanguage\":\"nl-NL\",\"@id\":\"https:\/\/exceladvisor.org\/nl\/#\/schema\/logo\/image\/\",\"url\":\"https:\/\/exceladvisor.org\/nl\/wp-content\/uploads\/2023\/12\/exceladvisor.org_.png\",\"contentUrl\":\"https:\/\/exceladvisor.org\/nl\/wp-content\/uploads\/2023\/12\/exceladvisor.org_.png\",\"width\":105,\"height\":36,\"caption\":\"Excel Advisor\"},\"image\":{\"@id\":\"https:\/\/exceladvisor.org\/nl\/#\/schema\/logo\/image\/\"}}]}<\/script>\n<!-- \/ Yoast SEO plugin. -->","yoast_head_json":{"title":"Hoe filter ik op kleur in Excel? (Tutorial 2023)","description":"We onderzoeken een manier om de waarden in de kolom te filteren met behulp van de letterkleur of celkleur.","robots":{"index":"index","follow":"follow","max-snippet":"max-snippet:-1","max-image-preview":"max-image-preview:large","max-video-preview":"max-video-preview:-1"},"canonical":"https:\/\/exceladvisor.org\/nl\/filter-op-kleur\/","og_locale":"nl_NL","og_type":"article","og_title":"Hoe filter ik op kleur in Excel? (Tutorial 2023)","og_description":"We onderzoeken een manier om de waarden in de kolom te filteren met behulp van de letterkleur of celkleur.","og_url":"https:\/\/exceladvisor.org\/nl\/filter-op-kleur\/","og_site_name":"Excel Advisor","article_modified_time":"2023-12-06T05:58:09+00:00","og_image":[{"url":"https:\/\/exceladvisor.org\/wp-content\/uploads\/2023\/08\/1-filtre-par-couleur.png","type":"","width":"","height":""}],"twitter_card":"summary_large_image","twitter_misc":{"Geschatte leestijd":"2 minuten"},"schema":{"@context":"https:\/\/schema.org","@graph":[{"@type":"WebPage","@id":"https:\/\/exceladvisor.org\/nl\/filter-op-kleur\/","url":"https:\/\/exceladvisor.org\/nl\/filter-op-kleur\/","name":"Hoe filter ik op kleur in Excel? (Tutorial 2023)","isPartOf":{"@id":"https:\/\/exceladvisor.org\/nl\/#website"},"primaryImageOfPage":{"@id":"https:\/\/exceladvisor.org\/nl\/filter-op-kleur\/#primaryimage"},"image":{"@id":"https:\/\/exceladvisor.org\/nl\/filter-op-kleur\/#primaryimage"},"thumbnailUrl":"https:\/\/exceladvisor.org\/wp-content\/uploads\/2023\/08\/1-filtre-par-couleur.png","datePublished":"2023-10-29T05:45:34+00:00","dateModified":"2023-12-06T05:58:09+00:00","description":"We onderzoeken een manier om de waarden in de kolom te filteren met behulp van de letterkleur of celkleur.","breadcrumb":{"@id":"https:\/\/exceladvisor.org\/nl\/filter-op-kleur\/#breadcrumb"},"inLanguage":"nl-NL","potentialAction":[{"@type":"ReadAction","target":["https:\/\/exceladvisor.org\/nl\/filter-op-kleur\/"]}]},{"@type":"ImageObject","inLanguage":"nl-NL","@id":"https:\/\/exceladvisor.org\/nl\/filter-op-kleur\/#primaryimage","url":"https:\/\/exceladvisor.org\/wp-content\/uploads\/2023\/08\/1-filtre-par-couleur.png","contentUrl":"https:\/\/exceladvisor.org\/wp-content\/uploads\/2023\/08\/1-filtre-par-couleur.png"},{"@type":"BreadcrumbList","@id":"https:\/\/exceladvisor.org\/nl\/filter-op-kleur\/#breadcrumb","itemListElement":[{"@type":"ListItem","position":1,"name":"Thuis","item":"https:\/\/exceladvisor.org\/nl\/"},{"@type":"ListItem","position":2,"name":"Hoe filter ik op kleur in excel?"}]},{"@type":"WebSite","@id":"https:\/\/exceladvisor.org\/nl\/#website","url":"https:\/\/exceladvisor.org\/nl\/","name":"Excel Advisor","description":"Uw gids voor datadominantie","publisher":{"@id":"https:\/\/exceladvisor.org\/nl\/#organization"},"potentialAction":[{"@type":"SearchAction","target":{"@type":"EntryPoint","urlTemplate":"https:\/\/exceladvisor.org\/nl\/?s={search_term_string}"},"query-input":{"@type":"PropertyValueSpecification","valueRequired":true,"valueName":"search_term_string"}}],"inLanguage":"nl-NL"},{"@type":"Organization","@id":"https:\/\/exceladvisor.org\/nl\/#organization","name":"Excel Advisor","url":"https:\/\/exceladvisor.org\/nl\/","logo":{"@type":"ImageObject","inLanguage":"nl-NL","@id":"https:\/\/exceladvisor.org\/nl\/#\/schema\/logo\/image\/","url":"https:\/\/exceladvisor.org\/nl\/wp-content\/uploads\/2023\/12\/exceladvisor.org_.png","contentUrl":"https:\/\/exceladvisor.org\/nl\/wp-content\/uploads\/2023\/12\/exceladvisor.org_.png","width":105,"height":36,"caption":"Excel Advisor"},"image":{"@id":"https:\/\/exceladvisor.org\/nl\/#\/schema\/logo\/image\/"}}]}},"yoast_meta":{"yoast_wpseo_title":"","yoast_wpseo_metadesc":"","yoast_wpseo_canonical":""},"_links":{"self":[{"href":"https:\/\/exceladvisor.org\/nl\/wp-json\/wp\/v2\/pages\/1907","targetHints":{"allow":["GET"]}}],"collection":[{"href":"https:\/\/exceladvisor.org\/nl\/wp-json\/wp\/v2\/pages"}],"about":[{"href":"https:\/\/exceladvisor.org\/nl\/wp-json\/wp\/v2\/types\/page"}],"author":[{"embeddable":true,"href":"https:\/\/exceladvisor.org\/nl\/wp-json\/wp\/v2\/users\/1"}],"replies":[{"embeddable":true,"href":"https:\/\/exceladvisor.org\/nl\/wp-json\/wp\/v2\/comments?post=1907"}],"version-history":[{"count":1,"href":"https:\/\/exceladvisor.org\/nl\/wp-json\/wp\/v2\/pages\/1907\/revisions"}],"predecessor-version":[{"id":2425,"href":"https:\/\/exceladvisor.org\/nl\/wp-json\/wp\/v2\/pages\/1907\/revisions\/2425"}],"wp:attachment":[{"href":"https:\/\/exceladvisor.org\/nl\/wp-json\/wp\/v2\/media?parent=1907"}],"curies":[{"name":"wp","href":"https:\/\/api.w.org\/{rel}","templated":true}]}}