{"id":1932,"date":"2023-10-27T16:38:30","date_gmt":"2023-10-27T16:38:30","guid":{"rendered":"https:\/\/exceladvisor.org\/nl\/pictogram\/"},"modified":"2023-12-06T05:50:12","modified_gmt":"2023-12-06T05:50:12","slug":"pictogram","status":"publish","type":"page","link":"https:\/\/exceladvisor.org\/nl\/pictogram\/","title":{"rendered":"Hoe maak je een pictogram in excel?"},"content":{"rendered":"<div class=\"excel-voor-de-inhoud\" id=\"excel-1559258408\"><script type=\"text\/javascript\">\r\n\tatOptions = {\r\n\t\t'key' : 'c1158f160081d6540a8409e6925dab94',\r\n\t\t'format' : 'iframe',\r\n\t\t'height' : 250,\r\n\t\t'width' : 300,\r\n\t\t'params' : {}\r\n\t};\r\n<\/script>\r\n<script type=\"text\/javascript\" src=\"\/\/www.highperformanceformat.com\/c1158f160081d6540a8409e6925dab94\/invoke.js\"><\/script><\/div> <p>Als je data op een begrijpelijke en effectieve manier weet te presenteren, kun je jouw boodschap krachtig overbrengen. Voor dit doel is een van mijn favoriete dingen een PICTOGRAAF. En in Excel is het maken van een pictogram vrij eenvoudig en gemakkelijk. <\/p><div class=\"wp-block-image\"><figure class=\"aligncenter\"><img decoding=\"async\" src=\"https:\/\/exceladvisor.org\/wp-content\/uploads\/2023\/08\/comment-faire-un-pictogramme-dans-excel-en-utilisant-un-graphique-a-barres-1.png\" sizes=\"\" srcset=\"\" alt=\"Hoe maak je een pictogram in Excel met behulp van een staafdiagram\"><\/figure><\/div><p> Vandaag wil ik in dit artikel een eenvoudig stapsgewijs proces met u delen om een pictogram in Excel te maken. Mijn idee is hier om het aantal werknemers van verschillende leeftijdsgroepen in een bedrijf weer te geven.<\/p><p> Laten we nu, zonder verder oponthoud, aan de slag gaan.<\/p><h2 class=\"wp-block-heading\"> Eenvoudige stappen om een pictogram in Excel te maken<\/h2><p> Voor deze grafiek hebben wij onderstaande gegevens nodig, <a style=\"outline: none;\" href=\"https:\/\/exceladvisor.org\/wp-content\/uploads\/2023\/08\/pictogramme-de-fichiers.zip\" rel=\"nofollow\"><span style=\"color: #0000ee;\">deze kunt u hier downloaden<\/span><\/a> <span style=\"color: #0000ee;\">&nbsp;<\/span> wordt vervolgd. Zoals ik al zei, dit is het totale aantal werknemers in een bedrijf op basis van leeftijd en we hoeven deze groepen niet in deze tabel weer te geven. <\/p><div class=\"wp-block-image\"><figure class=\"aligncenter\"><img decoding=\"async\" src=\"https:\/\/exceladvisor.org\/wp-content\/uploads\/2023\/08\/donnees-pour-creer-un-pictogramme-simple-dans-excel.png\" sizes=\"\" srcset=\"\" alt=\"gegevens om een eenvoudig pictogram in Excel te maken\"><\/figure><\/div><p> Maar voordat we beginnen, hebben we een pictogram nodig om op dit bord te gebruiken en u kunt <a href=\"https:\/\/www.iconfinder.com\/icons\/2530821\/business_man_employee_general_human_member_office_tie_icon#size=256\" target=\"_blank\" rel=\"noreferrer noopener nofollow\">het downloaden van een gratis pictogramsite<\/a> .<\/p><ul><li> Selecteer eerst eenvoudig uw gegevens om een staafdiagram te maken. Ga hiervoor naar Invoegen \u279c Grafieken \u279c 2D-geclusterd staafdiagram. <br><img decoding=\"async\" title=\"voeg een gegroepeerd staafdiagram in om een pictogram in Excel te maken\" src=\"https:\/\/exceladvisor.org\/wp-content\/uploads\/2023\/08\/inserer-un-graphique-a-barres-groupees-pour-creer-un-pictogramme-dans-Excel.png\" sizes=\"\" srcset=\"\" alt=\"insert a clustered bar chart to create a pictograph in excel\"><\/li><li> Selecteer daarna de gegevensbalken in het diagram en ga naar de optie Klik met de rechtermuisknop \u279c Gegevensreeks opmaken. <br><img decoding=\"async\" title=\"ga naar de datareeksoptie om een pictograpgh in Excel te maken\" src=\"https:\/\/exceladvisor.org\/wp-content\/uploads\/2023\/08\/aller-a-loption-de-serie-de-donnees-pour-creer-un-pictogramme-dans-Excel.png\" sizes=\"\" srcset=\"\" alt=\"go to data series option to create a pictograph in excel\"><\/li><li> Van daaruit gaat u naar het gedeelte &#8220;Vullen&#8221; en selecteert u de optie &#8220;Afbeelding of textuurvulling&#8221;. Zodra u dat doet, krijgt u de optie voor het invoegen van een afbeelding. <br><img decoding=\"async\" title=\"ga-invullen-sectie-om-afbeelding-aan-een-pictogram-in-Excel-toe te voegen\" src=\"https:\/\/exceladvisor.org\/wp-content\/uploads\/2023\/08\/aller-remplir-la-section-pour-ajouter-une-image-a-un-pictogramme-dans-Excel.png\" sizes=\"\" srcset=\"\" alt=\"go fill section to add picture to a pictograph in excel\"><\/li><li> Nu is het tijd om de afbeelding in te voegen en we hebben hiervoor drie opties. Klik op de optie &#8220;Bestand&#8221; en upload de <a href=\"https:\/\/www.iconfinder.com\/icons\/2530821\/business_man_employee_general_human_member_office_tie_icon#size=256\" target=\"_blank\" rel=\"noopener noreferrer\">afbeelding die u hebt gedownload<\/a> .<\/li><li> Nadat u de afbeelding hebt ingevoegd, heeft u nog drie andere opties om die afbeelding in het diagram weer te geven. [ <strong>Selecteer de derde optie<\/strong> ]<\/li><\/ul><ol><li> Uitrekken \u2013 Een enkele afbeelding wordt uitgerekt in de databalk.<\/li><li> Stapel \u2013 U krijgt afbeeldingen gestapeld in de gegevensbalk.<\/li><li> Stapelen en schalen met \u2013 Afbeeldingen worden weergegeven op basis van de gegevens.<\/li><\/ol><p> <strong><span style=\"color: #000000; background-color: #ffff00;\">Boom!<\/span><\/strong> onze tafel is klaar om te rocken. <\/p><div class=\"wp-block-image\"><figure class=\"aligncenter\"><img decoding=\"async\" src=\"https:\/\/exceladvisor.org\/wp-content\/uploads\/2023\/08\/pictogramme-simple-pret-a-lemploi-dans-excel.png\" sizes=\"\" srcset=\"\" alt=\"eenvoudig pictogram klaar voor gebruik in Excel\"><\/figure><\/div><p class=\"qt-tip\"> <strong>Opmerking:<\/strong> Er is een optie om een eenheid\/frame voor het diagram op te geven. Je kunt het gebruiken als de waarden per staaf in je diagram groot zijn (meer dan 20). Het punt is dat afbeeldingspictogrammen kleiner worden met meer cijfers en deze optie helpt in dit geval. <\/p><div class=\"wp-block-image\"><figure class=\"aligncenter\"><img decoding=\"async\" src=\"https:\/\/exceladvisor.org\/wp-content\/uploads\/2023\/08\/utiliser-lunite-par-image-pour-diffuser-limage-de-la-ligne-dans-le-pictogramme-Excel-1.png\" sizes=\"\" srcset=\"\" alt=\"gebruik eenheid per afbeelding om het lijnbeeld in het Excel-pictogram te verspreiden\"><\/figure><\/div><p> Je kunt ook een andere afbeelding gebruiken voor verschillende balken, zoals ik in de onderstaande tabel heb gebruikt. <\/p><div class=\"wp-block-image\"><figure class=\"aligncenter\"><img decoding=\"async\" src=\"https:\/\/exceladvisor.org\/wp-content\/uploads\/2023\/08\/utiliser-differentes-images-en-pictogramme-dans-excel-1.png\" sizes=\"\" srcset=\"\" alt=\"gebruik verschillende afbeeldingen als pictogrammen in Excel\"><\/figure><\/div><p> Selecteer elke gegevensbalk afzonderlijk en voeg \u00e9\u00e9n voor \u00e9\u00e9n een afbeelding in voor alle balken.<\/p><h2 id=\"tab-con-1\" class=\"wp-block-heading\"> Dynamisch pictogram in Excel<\/h2><p> Ik vind het altijd leuk <a href=\"https:\/\/exceladvisor.org\/nl\/interactieve-afbeeldingen\/\">om interactieve grafieken te maken<\/a> en deze keer wil ik deze PICTOGRAAF omzetten in een grafiek waarin we de gegevens dynamisch kunnen gebruiken. Net als hieronder. <\/p><div class=\"wp-block-image\"><figure class=\"aligncenter\"><img decoding=\"async\" src=\"https:\/\/exceladvisor.org\/wp-content\/uploads\/2023\/08\/notre-pictogramme-dynamique-pret-a-lemploi-dans-excel-1.gif\" sizes=\"\" srcset=\"\" alt=\"ons dynamisch pictogram klaar voor gebruik in Excel\"><\/figure><\/div><p> Kijk naar de onderstaande gegevens waar we de gegevens hebben van werknemers van hetzelfde bedrijf, maar dan per afdeling, en we moeten hier een dynamisch diagram maken dat we kunnen gebruiken met de optieknop. <\/p><div class=\"wp-block-image\"><figure class=\"aligncenter\"><img decoding=\"async\" src=\"https:\/\/exceladvisor.org\/wp-content\/uploads\/2023\/08\/donnees-pour-creer-un-pictogramme-dynamique-dans-excel-1.png\" sizes=\"\" srcset=\"\" alt=\"gegevens om een dynamisch pictogram in Excel te maken\"><\/figure><\/div><p> U kunt <a href=\"https:\/\/exceladvisor.org\/wp-content\/uploads\/2023\/08\/pictogramme-de-fichiers.zip\" rel=\"nofollow\"><span style=\"color: #0000ee;\">dit bestand hier downloaden<\/span><\/a> <span style=\"color: #0000ee;\">&nbsp;<\/span> te volgen en gebruik nu onderstaande stappen om een dynamisch pictogram te maken.<\/p><ul><li> Maak <strong>eerst<\/strong> een andere tabel met twee kolommen, zoals ik hieronder heb gedaan. <br><img decoding=\"async\" title=\"maak-een-nieuw-klein-tabel-om-een-dynamisch-pictogram-in-Excel te maken\" src=\"https:\/\/exceladvisor.org\/wp-content\/uploads\/2023\/08\/creer-un-nouveau-petit-tableau-pour-creer-un-pictogramme-dynamique-dans-excel-1.png\" sizes=\"\" srcset=\"\" alt=\"create a new small table to create a dynamic pictograph in excel\"><\/li><li> Voeg nu vier optieknoppen in uw spreadsheet in. Ga hiervoor naar <a href=\"https:\/\/exceladvisor.org\/nl\/voeg-een-ontwikkelaarstabblad-toe\/\">het tabblad Ontwikkelaars<\/a> \u279c Besturingselementen \u279c Invoegen \u279c Optieknop.<\/li><li> Verbind daarna deze optieknoppen met een cel. In mijn geval verbind ik ze met cel A8. <br><img decoding=\"async\" title=\"connect-optieknoppen-met-een-cel-om-dynamisch-pictogram te besturen\" src=\"https:\/\/exceladvisor.org\/wp-content\/uploads\/2023\/08\/connectez-les-boutons-doption-avec-une-cellule-pour-controler-le-pictogramme-dynamique-1.png\" sizes=\"\" srcset=\"\" alt=\"connect option buttons with a cell to control dynamic pictograph\"><\/li><li> Omdat we de gegevens (per afdeling) moeten beheren met keuzerondjes, moet u ervoor zorgen dat u alle knoppen een naam geeft op basis van de afdelingsnaam.<\/li><li> Van daaruit voegt u de onderstaande formule in de eerste cel (kop) in de laatste cel van de tweede kolom van de nieuwe tabel.<\/li><\/ul><p style=\"padding-left: 40px;\"> =<a href=\"https:\/\/exceladvisor.org\/nl\/excel-zoekfuncties\/\" target=\"_blank\" rel=\"noopener noreferrer\">VERZOEKEN<\/a> (A9,A1:E6,$A$8+1,0) <\/p><p style=\"padding-left: 80px;\"><br><img decoding=\"async\" style=\"display: block; margin-left: auto; margin-right: auto;\" title=\"voeg-formule-om-een-dynamische-tabel-voor-pictogram te maken\" src=\"https:\/\/exceladvisor.org\/wp-content\/uploads\/2023\/08\/inserer-une-formule-pour-creer-un-tableau-dynamique-pour-le-pictogramme-1.png\" sizes=\"\" srcset=\"\" alt=\"insert formula to create a dynamic table for pictograph\"><\/p><ul><li> Op dit punt hebben we een dynamische tabel waarin we gegevens kunnen verkrijgen met behulp van keuzerondjes. <br><img decoding=\"async\" title=\"nu-dynamische-tabel-is-klaar-om-een-pictogram-in-excel.gif te maken\" src=\"https:\/\/exceladvisor.org\/wp-content\/uploads\/2023\/08\/le-tableau-dynamique-est-maintenant-pret-a-creer-un-pictogramme-dans-Excel-1.gif\" sizes=\"\" srcset=\"\" alt=\"now dynamic table is ready to create a pictograph in excel\"><\/li><li> Selecteer aan het einde deze tabel, voeg een staafdiagram in en converteer deze naar een pictogram door de stappen te volgen die u hebt geleerd.<\/li><\/ul><p> <span style=\"color: #000000; background-color: #ffff00;\"><strong>Haast!<\/strong><\/span> ons dynamische pictogram is er. <\/p><div class=\"wp-block-image\"><figure class=\"aligncenter\"><img decoding=\"async\" src=\"https:\/\/exceladvisor.org\/wp-content\/uploads\/2023\/08\/notre-pictogramme-dynamique-pret-a-lemploi-dans-excel-1.gif\" sizes=\"\" srcset=\"\" alt=\"ons dynamisch pictogram klaar voor gebruik in Excel\"><\/figure><\/div><p> <a href=\"https:\/\/exceladvisor.org\/wp-content\/uploads\/2023\/08\/pictogramme-de-fichiers.zip\" rel=\"nofollow\"><span style=\"color: #0000ee;\"><strong>voorbeeldbestand<\/strong><\/span><\/a><\/p><div class=\"gb-container gb-container-a61970aa gb-container-mt\"> <a class=\"gb-button gb-button-b4293c6c gb-button-text gb-button-mt-button\" href=\"https:\/\/exceladvisor.org\/nl\/excel-grafieken\/\">Soorten Excel-grafieken<\/a><h2 class=\"gb-headline gb-headline-5bf2e581 gb-headline-text gb-headline-mt-heading\"> Gerelateerde tutorials <\/h2><div class=\"gb-grid-wrapper gb-grid-wrapper-9b70abf1 gb-grid-wrapper-mt-grid\"><div class=\"gb-grid-column gb-grid-column-97a95c29\"><div class=\"gb-container gb-container-97a95c29\"><ul><li> <a href=\"https:\/\/exceladvisor.org\/nl\/wafel-grafisch\/\">RELI\u00cbFBORD<\/a><\/li><li> <a href=\"https:\/\/exceladvisor.org\/nl\/trechterdiagram\/\">Trechterdiagram<\/a><\/li><li> <a href=\"https:\/\/exceladvisor.org\/nl\/gantt-diagram\/\">Gantt-diagram<\/a><\/li><li> <a href=\"https:\/\/exceladvisor.org\/nl\/prikbord\/\">Opsommingsteken<\/a><\/li><li> <a href=\"https:\/\/exceladvisor.org\/nl\/hittekaart\/\">Warmtekaart<\/a><\/li><\/ul><\/div><\/div><\/div><\/div>","protected":false},"excerpt":{"rendered":"","protected":false},"author":1,"featured_media":0,"parent":0,"menu_order":0,"comment_status":"open","ping_status":"closed","template":"","meta":{"ub_ctt_via":"","footnotes":""},"class_list":["post-1932","page","type-page","status-publish","hentry"],"featured_image_src":null,"yoast_head":"<!-- This site is optimized with the Yoast SEO plugin v25.4 - https:\/\/yoast.com\/wordpress\/plugins\/seo\/ -->\n<title>Hoe maak je een pictogram in Excel? (5 eenvoudige stappen)<\/title>\n<meta name=\"description\" content=\"In deze tutorial leren we in 5 eenvoudige stappen hoe u een pictogram in Excel kunt maken.\" \/>\n<meta name=\"robots\" content=\"index, follow, max-snippet:-1, max-image-preview:large, max-video-preview:-1\" \/>\n<link rel=\"canonical\" href=\"https:\/\/exceladvisor.org\/nl\/pictogram\/\" \/>\n<meta property=\"og:locale\" content=\"nl_NL\" \/>\n<meta property=\"og:type\" content=\"article\" \/>\n<meta property=\"og:title\" content=\"Hoe maak je een pictogram in Excel? (5 eenvoudige stappen)\" \/>\n<meta property=\"og:description\" content=\"In deze tutorial leren we in 5 eenvoudige stappen hoe u een pictogram in Excel kunt maken.\" \/>\n<meta property=\"og:url\" content=\"https:\/\/exceladvisor.org\/nl\/pictogram\/\" \/>\n<meta property=\"og:site_name\" content=\"Excel Advisor\" \/>\n<meta property=\"article:modified_time\" content=\"2023-12-06T05:50:12+00:00\" \/>\n<meta property=\"og:image\" content=\"https:\/\/exceladvisor.org\/wp-content\/uploads\/2023\/08\/comment-faire-un-pictogramme-dans-excel-en-utilisant-un-graphique-a-barres-1.png\" \/>\n<meta name=\"twitter:card\" content=\"summary_large_image\" \/>\n<meta name=\"twitter:label1\" content=\"Geschatte leestijd\" \/>\n\t<meta name=\"twitter:data1\" content=\"3 minuten\" \/>\n<script type=\"application\/ld+json\" class=\"yoast-schema-graph\">{\"@context\":\"https:\/\/schema.org\",\"@graph\":[{\"@type\":\"WebPage\",\"@id\":\"https:\/\/exceladvisor.org\/nl\/pictogram\/\",\"url\":\"https:\/\/exceladvisor.org\/nl\/pictogram\/\",\"name\":\"Hoe maak je een pictogram in Excel? (5 eenvoudige stappen)\",\"isPartOf\":{\"@id\":\"https:\/\/exceladvisor.org\/nl\/#website\"},\"primaryImageOfPage\":{\"@id\":\"https:\/\/exceladvisor.org\/nl\/pictogram\/#primaryimage\"},\"image\":{\"@id\":\"https:\/\/exceladvisor.org\/nl\/pictogram\/#primaryimage\"},\"thumbnailUrl\":\"https:\/\/exceladvisor.org\/wp-content\/uploads\/2023\/08\/comment-faire-un-pictogramme-dans-excel-en-utilisant-un-graphique-a-barres-1.png\",\"datePublished\":\"2023-10-27T16:38:30+00:00\",\"dateModified\":\"2023-12-06T05:50:12+00:00\",\"description\":\"In deze tutorial leren we in 5 eenvoudige stappen hoe u een pictogram in Excel kunt maken.\",\"breadcrumb\":{\"@id\":\"https:\/\/exceladvisor.org\/nl\/pictogram\/#breadcrumb\"},\"inLanguage\":\"nl-NL\",\"potentialAction\":[{\"@type\":\"ReadAction\",\"target\":[\"https:\/\/exceladvisor.org\/nl\/pictogram\/\"]}]},{\"@type\":\"ImageObject\",\"inLanguage\":\"nl-NL\",\"@id\":\"https:\/\/exceladvisor.org\/nl\/pictogram\/#primaryimage\",\"url\":\"https:\/\/exceladvisor.org\/wp-content\/uploads\/2023\/08\/comment-faire-un-pictogramme-dans-excel-en-utilisant-un-graphique-a-barres-1.png\",\"contentUrl\":\"https:\/\/exceladvisor.org\/wp-content\/uploads\/2023\/08\/comment-faire-un-pictogramme-dans-excel-en-utilisant-un-graphique-a-barres-1.png\"},{\"@type\":\"BreadcrumbList\",\"@id\":\"https:\/\/exceladvisor.org\/nl\/pictogram\/#breadcrumb\",\"itemListElement\":[{\"@type\":\"ListItem\",\"position\":1,\"name\":\"Thuis\",\"item\":\"https:\/\/exceladvisor.org\/nl\/\"},{\"@type\":\"ListItem\",\"position\":2,\"name\":\"Hoe maak je een pictogram in excel?\"}]},{\"@type\":\"WebSite\",\"@id\":\"https:\/\/exceladvisor.org\/nl\/#website\",\"url\":\"https:\/\/exceladvisor.org\/nl\/\",\"name\":\"Excel Advisor\",\"description\":\"Uw gids voor datadominantie\",\"publisher\":{\"@id\":\"https:\/\/exceladvisor.org\/nl\/#organization\"},\"potentialAction\":[{\"@type\":\"SearchAction\",\"target\":{\"@type\":\"EntryPoint\",\"urlTemplate\":\"https:\/\/exceladvisor.org\/nl\/?s={search_term_string}\"},\"query-input\":{\"@type\":\"PropertyValueSpecification\",\"valueRequired\":true,\"valueName\":\"search_term_string\"}}],\"inLanguage\":\"nl-NL\"},{\"@type\":\"Organization\",\"@id\":\"https:\/\/exceladvisor.org\/nl\/#organization\",\"name\":\"Excel Advisor\",\"url\":\"https:\/\/exceladvisor.org\/nl\/\",\"logo\":{\"@type\":\"ImageObject\",\"inLanguage\":\"nl-NL\",\"@id\":\"https:\/\/exceladvisor.org\/nl\/#\/schema\/logo\/image\/\",\"url\":\"https:\/\/exceladvisor.org\/nl\/wp-content\/uploads\/2023\/12\/exceladvisor.org_.png\",\"contentUrl\":\"https:\/\/exceladvisor.org\/nl\/wp-content\/uploads\/2023\/12\/exceladvisor.org_.png\",\"width\":105,\"height\":36,\"caption\":\"Excel Advisor\"},\"image\":{\"@id\":\"https:\/\/exceladvisor.org\/nl\/#\/schema\/logo\/image\/\"}}]}<\/script>\n<!-- \/ Yoast SEO plugin. -->","yoast_head_json":{"title":"Hoe maak je een pictogram in Excel? (5 eenvoudige stappen)","description":"In deze tutorial leren we in 5 eenvoudige stappen hoe u een pictogram in Excel kunt maken.","robots":{"index":"index","follow":"follow","max-snippet":"max-snippet:-1","max-image-preview":"max-image-preview:large","max-video-preview":"max-video-preview:-1"},"canonical":"https:\/\/exceladvisor.org\/nl\/pictogram\/","og_locale":"nl_NL","og_type":"article","og_title":"Hoe maak je een pictogram in Excel? (5 eenvoudige stappen)","og_description":"In deze tutorial leren we in 5 eenvoudige stappen hoe u een pictogram in Excel kunt maken.","og_url":"https:\/\/exceladvisor.org\/nl\/pictogram\/","og_site_name":"Excel Advisor","article_modified_time":"2023-12-06T05:50:12+00:00","og_image":[{"url":"https:\/\/exceladvisor.org\/wp-content\/uploads\/2023\/08\/comment-faire-un-pictogramme-dans-excel-en-utilisant-un-graphique-a-barres-1.png","type":"","width":"","height":""}],"twitter_card":"summary_large_image","twitter_misc":{"Geschatte leestijd":"3 minuten"},"schema":{"@context":"https:\/\/schema.org","@graph":[{"@type":"WebPage","@id":"https:\/\/exceladvisor.org\/nl\/pictogram\/","url":"https:\/\/exceladvisor.org\/nl\/pictogram\/","name":"Hoe maak je een pictogram in Excel? (5 eenvoudige stappen)","isPartOf":{"@id":"https:\/\/exceladvisor.org\/nl\/#website"},"primaryImageOfPage":{"@id":"https:\/\/exceladvisor.org\/nl\/pictogram\/#primaryimage"},"image":{"@id":"https:\/\/exceladvisor.org\/nl\/pictogram\/#primaryimage"},"thumbnailUrl":"https:\/\/exceladvisor.org\/wp-content\/uploads\/2023\/08\/comment-faire-un-pictogramme-dans-excel-en-utilisant-un-graphique-a-barres-1.png","datePublished":"2023-10-27T16:38:30+00:00","dateModified":"2023-12-06T05:50:12+00:00","description":"In deze tutorial leren we in 5 eenvoudige stappen hoe u een pictogram in Excel kunt maken.","breadcrumb":{"@id":"https:\/\/exceladvisor.org\/nl\/pictogram\/#breadcrumb"},"inLanguage":"nl-NL","potentialAction":[{"@type":"ReadAction","target":["https:\/\/exceladvisor.org\/nl\/pictogram\/"]}]},{"@type":"ImageObject","inLanguage":"nl-NL","@id":"https:\/\/exceladvisor.org\/nl\/pictogram\/#primaryimage","url":"https:\/\/exceladvisor.org\/wp-content\/uploads\/2023\/08\/comment-faire-un-pictogramme-dans-excel-en-utilisant-un-graphique-a-barres-1.png","contentUrl":"https:\/\/exceladvisor.org\/wp-content\/uploads\/2023\/08\/comment-faire-un-pictogramme-dans-excel-en-utilisant-un-graphique-a-barres-1.png"},{"@type":"BreadcrumbList","@id":"https:\/\/exceladvisor.org\/nl\/pictogram\/#breadcrumb","itemListElement":[{"@type":"ListItem","position":1,"name":"Thuis","item":"https:\/\/exceladvisor.org\/nl\/"},{"@type":"ListItem","position":2,"name":"Hoe maak je een pictogram in excel?"}]},{"@type":"WebSite","@id":"https:\/\/exceladvisor.org\/nl\/#website","url":"https:\/\/exceladvisor.org\/nl\/","name":"Excel Advisor","description":"Uw gids voor datadominantie","publisher":{"@id":"https:\/\/exceladvisor.org\/nl\/#organization"},"potentialAction":[{"@type":"SearchAction","target":{"@type":"EntryPoint","urlTemplate":"https:\/\/exceladvisor.org\/nl\/?s={search_term_string}"},"query-input":{"@type":"PropertyValueSpecification","valueRequired":true,"valueName":"search_term_string"}}],"inLanguage":"nl-NL"},{"@type":"Organization","@id":"https:\/\/exceladvisor.org\/nl\/#organization","name":"Excel Advisor","url":"https:\/\/exceladvisor.org\/nl\/","logo":{"@type":"ImageObject","inLanguage":"nl-NL","@id":"https:\/\/exceladvisor.org\/nl\/#\/schema\/logo\/image\/","url":"https:\/\/exceladvisor.org\/nl\/wp-content\/uploads\/2023\/12\/exceladvisor.org_.png","contentUrl":"https:\/\/exceladvisor.org\/nl\/wp-content\/uploads\/2023\/12\/exceladvisor.org_.png","width":105,"height":36,"caption":"Excel Advisor"},"image":{"@id":"https:\/\/exceladvisor.org\/nl\/#\/schema\/logo\/image\/"}}]}},"yoast_meta":{"yoast_wpseo_title":"","yoast_wpseo_metadesc":"","yoast_wpseo_canonical":""},"_links":{"self":[{"href":"https:\/\/exceladvisor.org\/nl\/wp-json\/wp\/v2\/pages\/1932","targetHints":{"allow":["GET"]}}],"collection":[{"href":"https:\/\/exceladvisor.org\/nl\/wp-json\/wp\/v2\/pages"}],"about":[{"href":"https:\/\/exceladvisor.org\/nl\/wp-json\/wp\/v2\/types\/page"}],"author":[{"embeddable":true,"href":"https:\/\/exceladvisor.org\/nl\/wp-json\/wp\/v2\/users\/1"}],"replies":[{"embeddable":true,"href":"https:\/\/exceladvisor.org\/nl\/wp-json\/wp\/v2\/comments?post=1932"}],"version-history":[{"count":1,"href":"https:\/\/exceladvisor.org\/nl\/wp-json\/wp\/v2\/pages\/1932\/revisions"}],"predecessor-version":[{"id":2688,"href":"https:\/\/exceladvisor.org\/nl\/wp-json\/wp\/v2\/pages\/1932\/revisions\/2688"}],"wp:attachment":[{"href":"https:\/\/exceladvisor.org\/nl\/wp-json\/wp\/v2\/media?parent=1932"}],"curies":[{"name":"wp","href":"https:\/\/api.w.org\/{rel}","templated":true}]}}