{"id":1933,"date":"2023-10-27T15:36:20","date_gmt":"2023-10-27T15:36:20","guid":{"rendered":"https:\/\/exceladvisor.org\/nl\/kopieer-het-kaartformaat\/"},"modified":"2023-12-06T05:57:34","modified_gmt":"2023-12-06T05:57:34","slug":"kopieer-het-kaartformaat","status":"publish","type":"page","link":"https:\/\/exceladvisor.org\/nl\/kopieer-het-kaartformaat\/","title":{"rendered":"Hoe diagramformaten kopi\u00ebren en plakken?"},"content":{"rendered":"<div class=\"excel-voor-de-inhoud\" id=\"excel-1809171963\"><script type=\"text\/javascript\">\r\n\tatOptions = {\r\n\t\t'key' : 'c1158f160081d6540a8409e6925dab94',\r\n\t\t'format' : 'iframe',\r\n\t\t'height' : 250,\r\n\t\t'width' : 300,\r\n\t\t'params' : {}\r\n\t};\r\n<\/script>\r\n<script type=\"text\/javascript\" src=\"\/\/www.highperformanceformat.com\/c1158f160081d6540a8409e6925dab94\/invoke.js\"><\/script><\/div> <p>Laten we zeggen dat u met uw extreme inspanningen een diagram hebt opgemaakt en dat u zich realiseert dat u nog meer diagrammen moet opmaken. Het toepassen van dezelfde opmaak op alle diagrammen is een vervelende taak, steeds weer hetzelfde. Het is lastig.<\/p><p> Het goede nieuws is dat er een supersnelle oplossing voor uw pijn bestaat. Het enige dat u nodig heeft, zijn een paar klikken met uw muis. Ja het is waar. Met de speciale optie voor plakken kunt u de opmaak van het ene diagram naar het andere kopi\u00ebren, net zoals u dat met eenvoudig kopi\u00ebren en plakken zou doen. Laten we deze truc leren, en WOW iedereen.<\/p><h2 class=\"wp-block-heading\"> Stappen om de opmaak van het ene diagram naar het andere te kopi\u00ebren <\/h2><div class=\"wp-block-image\"><figure class=\"aligncenter\"><img decoding=\"async\" src=\"https:\/\/exceladvisor.org\/wp-content\/uploads\/2023\/08\/copier-la-mise-en-forme-du-graphique-dun-graphique-a-un-autre-en-utilisant-le-collage-special.gif\" sizes=\"\" srcset=\"\" alt=\"kopieer de diagramopmaak van het ene diagram naar het andere met behulp van plakken speciaal.\"><\/figure><\/div><ol><li> Klik eerst met de rechtermuisknop op het diagram waarvan u de diagramopmaak wilt kopi\u00ebren.<\/li><li> En klik vervolgens op kopi\u00ebren.<\/li><li> Klik daarna met de rechtermuisknop op het andere diagram waarop u de opmaak wilt toepassen\/plakken.<\/li><li> Ga nu naar het tabblad Start -&gt; Klembord -&gt; Plakken -&gt; Plakken speciaal.<\/li><li> Hier heb je een pop-upvenster.<\/li><li> Selecteer de formaten en klik op OK.<\/li><\/ol><h2 class=\"wp-block-heading\"> Snelkoppeling om de diagramopmaak te kopi\u00ebren<\/h2><p> Ja, u kunt hiervoor een sneltoets gebruiken. Klik eenvoudig op het diagram dat u wilt kopi\u00ebren en gebruik Ctrl + C om te kopi\u00ebren, en selecteer vervolgens het andere diagram. Gebruik aan het einde de sneltoets Alt + E + S om de opmaak te plakken\/toe te passen.<\/p><h2 class=\"wp-block-heading\"> Dingen om te onthouden<\/h2><ol><li> U kunt de grootte van het ene diagram niet op een ander diagram toepassen.<\/li><li><u><\/u> U moet de opmaak \u00e9\u00e9n voor \u00e9\u00e9n op elk diagram toepassen; u kunt de opmaak niet tegelijkertijd op meerdere diagrammen toepassen.<\/li><li> Als u de opmaak van het ene diagram (bijvoorbeeld een staafdiagram) probeert toe te passen op een ander diagramtype (bijvoorbeeld een lijndiagram), wordt hierdoor ook het doeldiagramtype gewijzigd.<\/li><\/ol><p> Nu hoeft u zich geen zorgen meer te maken over het opmaken van meerdere diagrammen. U beschikt over een zeer snelle manier om diagramopmaak naar een ander Excel-diagram te kopi\u00ebren. Ik hoop dat je deze tip nuttig vond. <strong>Wat denk je?<\/strong> Deel uw mening met mij in het opmerkingengedeelte, ik hoor graag van u.<\/p><p> <strong>Moet grafische tutorials lezen<\/strong><\/p><ol><li> <a href=\"https:\/\/exceladvisor.org\/nl\/voeg-een-horizontale-lijn-toe\/\">Hoe u een horizontale lijn aan een diagram toevoegt<\/a><\/li><li> <a href=\"https:\/\/exceladvisor.org\/nl\/voeg-een-verticale-lijn-toe\/\">Hoe u een verticale lijn aan een diagram toevoegt<\/a><\/li><li> <a href=\"https:\/\/exceladvisor.org\/nl\/dynamisch-kaartbereik\/\">Hoe u een dynamisch grafiekbereik maakt in Excel<\/a><\/li><li> <a href=\"https:\/\/exceladvisor.org\/nl\/dynamische-grafiektitel\/\">Hoe u een dynamische grafiektitel maakt in Excel<\/a><\/li><li> <a href=\"https:\/\/exceladvisor.org\/nl\/geavanceerde-grafische-afbeeldingen\/\">Top 10 geavanceerde Excel-grafieken die u moet leren<\/a><\/li><\/ol>","protected":false},"excerpt":{"rendered":"","protected":false},"author":1,"featured_media":0,"parent":0,"menu_order":0,"comment_status":"open","ping_status":"closed","template":"","meta":{"ub_ctt_via":"","footnotes":""},"class_list":["post-1933","page","type-page","status-publish","hentry"],"featured_image_src":null,"yoast_head":"<!-- This site is optimized with the Yoast SEO plugin v25.4 - https:\/\/yoast.com\/wordpress\/plugins\/seo\/ -->\n<title>Hoe diagramformaten kopi\u00ebren en plakken in Excel?<\/title>\n<meta name=\"description\" content=\"Heeft u veel afbeeldingen die u wilt formatteren? Afrekentip om de diagramopmaak naar een ander Excel-diagram te kopi\u00ebren.\" \/>\n<meta name=\"robots\" content=\"index, follow, max-snippet:-1, max-image-preview:large, max-video-preview:-1\" \/>\n<link rel=\"canonical\" href=\"https:\/\/exceladvisor.org\/nl\/kopieer-het-kaartformaat\/\" \/>\n<meta property=\"og:locale\" content=\"nl_NL\" \/>\n<meta property=\"og:type\" content=\"article\" \/>\n<meta property=\"og:title\" content=\"Hoe diagramformaten kopi\u00ebren en plakken in Excel?\" \/>\n<meta property=\"og:description\" content=\"Heeft u veel afbeeldingen die u wilt formatteren? Afrekentip om de diagramopmaak naar een ander Excel-diagram te kopi\u00ebren.\" \/>\n<meta property=\"og:url\" content=\"https:\/\/exceladvisor.org\/nl\/kopieer-het-kaartformaat\/\" \/>\n<meta property=\"og:site_name\" content=\"Excel Advisor\" \/>\n<meta property=\"article:modified_time\" content=\"2023-12-06T05:57:34+00:00\" \/>\n<meta property=\"og:image\" content=\"https:\/\/exceladvisor.org\/wp-content\/uploads\/2023\/08\/copier-la-mise-en-forme-du-graphique-dun-graphique-a-un-autre-en-utilisant-le-collage-special.gif\" \/>\n<meta name=\"twitter:card\" content=\"summary_large_image\" \/>\n<meta name=\"twitter:label1\" content=\"Geschatte leestijd\" \/>\n\t<meta name=\"twitter:data1\" content=\"2 minuten\" \/>\n<script type=\"application\/ld+json\" class=\"yoast-schema-graph\">{\"@context\":\"https:\/\/schema.org\",\"@graph\":[{\"@type\":\"WebPage\",\"@id\":\"https:\/\/exceladvisor.org\/nl\/kopieer-het-kaartformaat\/\",\"url\":\"https:\/\/exceladvisor.org\/nl\/kopieer-het-kaartformaat\/\",\"name\":\"Hoe diagramformaten kopi\u00ebren en plakken in Excel?\",\"isPartOf\":{\"@id\":\"https:\/\/exceladvisor.org\/nl\/#website\"},\"primaryImageOfPage\":{\"@id\":\"https:\/\/exceladvisor.org\/nl\/kopieer-het-kaartformaat\/#primaryimage\"},\"image\":{\"@id\":\"https:\/\/exceladvisor.org\/nl\/kopieer-het-kaartformaat\/#primaryimage\"},\"thumbnailUrl\":\"https:\/\/exceladvisor.org\/wp-content\/uploads\/2023\/08\/copier-la-mise-en-forme-du-graphique-dun-graphique-a-un-autre-en-utilisant-le-collage-special.gif\",\"datePublished\":\"2023-10-27T15:36:20+00:00\",\"dateModified\":\"2023-12-06T05:57:34+00:00\",\"description\":\"Heeft u veel afbeeldingen die u wilt formatteren? Afrekentip om de diagramopmaak naar een ander Excel-diagram te kopi\u00ebren.\",\"breadcrumb\":{\"@id\":\"https:\/\/exceladvisor.org\/nl\/kopieer-het-kaartformaat\/#breadcrumb\"},\"inLanguage\":\"nl-NL\",\"potentialAction\":[{\"@type\":\"ReadAction\",\"target\":[\"https:\/\/exceladvisor.org\/nl\/kopieer-het-kaartformaat\/\"]}]},{\"@type\":\"ImageObject\",\"inLanguage\":\"nl-NL\",\"@id\":\"https:\/\/exceladvisor.org\/nl\/kopieer-het-kaartformaat\/#primaryimage\",\"url\":\"https:\/\/exceladvisor.org\/wp-content\/uploads\/2023\/08\/copier-la-mise-en-forme-du-graphique-dun-graphique-a-un-autre-en-utilisant-le-collage-special.gif\",\"contentUrl\":\"https:\/\/exceladvisor.org\/wp-content\/uploads\/2023\/08\/copier-la-mise-en-forme-du-graphique-dun-graphique-a-un-autre-en-utilisant-le-collage-special.gif\"},{\"@type\":\"BreadcrumbList\",\"@id\":\"https:\/\/exceladvisor.org\/nl\/kopieer-het-kaartformaat\/#breadcrumb\",\"itemListElement\":[{\"@type\":\"ListItem\",\"position\":1,\"name\":\"Thuis\",\"item\":\"https:\/\/exceladvisor.org\/nl\/\"},{\"@type\":\"ListItem\",\"position\":2,\"name\":\"Hoe diagramformaten kopi\u00ebren en plakken?\"}]},{\"@type\":\"WebSite\",\"@id\":\"https:\/\/exceladvisor.org\/nl\/#website\",\"url\":\"https:\/\/exceladvisor.org\/nl\/\",\"name\":\"Excel Advisor\",\"description\":\"Uw gids voor datadominantie\",\"publisher\":{\"@id\":\"https:\/\/exceladvisor.org\/nl\/#organization\"},\"potentialAction\":[{\"@type\":\"SearchAction\",\"target\":{\"@type\":\"EntryPoint\",\"urlTemplate\":\"https:\/\/exceladvisor.org\/nl\/?s={search_term_string}\"},\"query-input\":{\"@type\":\"PropertyValueSpecification\",\"valueRequired\":true,\"valueName\":\"search_term_string\"}}],\"inLanguage\":\"nl-NL\"},{\"@type\":\"Organization\",\"@id\":\"https:\/\/exceladvisor.org\/nl\/#organization\",\"name\":\"Excel Advisor\",\"url\":\"https:\/\/exceladvisor.org\/nl\/\",\"logo\":{\"@type\":\"ImageObject\",\"inLanguage\":\"nl-NL\",\"@id\":\"https:\/\/exceladvisor.org\/nl\/#\/schema\/logo\/image\/\",\"url\":\"https:\/\/exceladvisor.org\/nl\/wp-content\/uploads\/2023\/12\/exceladvisor.org_.png\",\"contentUrl\":\"https:\/\/exceladvisor.org\/nl\/wp-content\/uploads\/2023\/12\/exceladvisor.org_.png\",\"width\":105,\"height\":36,\"caption\":\"Excel Advisor\"},\"image\":{\"@id\":\"https:\/\/exceladvisor.org\/nl\/#\/schema\/logo\/image\/\"}}]}<\/script>\n<!-- \/ Yoast SEO plugin. -->","yoast_head_json":{"title":"Hoe diagramformaten kopi\u00ebren en plakken in Excel?","description":"Heeft u veel afbeeldingen die u wilt formatteren? Afrekentip om de diagramopmaak naar een ander Excel-diagram te kopi\u00ebren.","robots":{"index":"index","follow":"follow","max-snippet":"max-snippet:-1","max-image-preview":"max-image-preview:large","max-video-preview":"max-video-preview:-1"},"canonical":"https:\/\/exceladvisor.org\/nl\/kopieer-het-kaartformaat\/","og_locale":"nl_NL","og_type":"article","og_title":"Hoe diagramformaten kopi\u00ebren en plakken in Excel?","og_description":"Heeft u veel afbeeldingen die u wilt formatteren? Afrekentip om de diagramopmaak naar een ander Excel-diagram te kopi\u00ebren.","og_url":"https:\/\/exceladvisor.org\/nl\/kopieer-het-kaartformaat\/","og_site_name":"Excel Advisor","article_modified_time":"2023-12-06T05:57:34+00:00","og_image":[{"url":"https:\/\/exceladvisor.org\/wp-content\/uploads\/2023\/08\/copier-la-mise-en-forme-du-graphique-dun-graphique-a-un-autre-en-utilisant-le-collage-special.gif","type":"","width":"","height":""}],"twitter_card":"summary_large_image","twitter_misc":{"Geschatte leestijd":"2 minuten"},"schema":{"@context":"https:\/\/schema.org","@graph":[{"@type":"WebPage","@id":"https:\/\/exceladvisor.org\/nl\/kopieer-het-kaartformaat\/","url":"https:\/\/exceladvisor.org\/nl\/kopieer-het-kaartformaat\/","name":"Hoe diagramformaten kopi\u00ebren en plakken in Excel?","isPartOf":{"@id":"https:\/\/exceladvisor.org\/nl\/#website"},"primaryImageOfPage":{"@id":"https:\/\/exceladvisor.org\/nl\/kopieer-het-kaartformaat\/#primaryimage"},"image":{"@id":"https:\/\/exceladvisor.org\/nl\/kopieer-het-kaartformaat\/#primaryimage"},"thumbnailUrl":"https:\/\/exceladvisor.org\/wp-content\/uploads\/2023\/08\/copier-la-mise-en-forme-du-graphique-dun-graphique-a-un-autre-en-utilisant-le-collage-special.gif","datePublished":"2023-10-27T15:36:20+00:00","dateModified":"2023-12-06T05:57:34+00:00","description":"Heeft u veel afbeeldingen die u wilt formatteren? Afrekentip om de diagramopmaak naar een ander Excel-diagram te kopi\u00ebren.","breadcrumb":{"@id":"https:\/\/exceladvisor.org\/nl\/kopieer-het-kaartformaat\/#breadcrumb"},"inLanguage":"nl-NL","potentialAction":[{"@type":"ReadAction","target":["https:\/\/exceladvisor.org\/nl\/kopieer-het-kaartformaat\/"]}]},{"@type":"ImageObject","inLanguage":"nl-NL","@id":"https:\/\/exceladvisor.org\/nl\/kopieer-het-kaartformaat\/#primaryimage","url":"https:\/\/exceladvisor.org\/wp-content\/uploads\/2023\/08\/copier-la-mise-en-forme-du-graphique-dun-graphique-a-un-autre-en-utilisant-le-collage-special.gif","contentUrl":"https:\/\/exceladvisor.org\/wp-content\/uploads\/2023\/08\/copier-la-mise-en-forme-du-graphique-dun-graphique-a-un-autre-en-utilisant-le-collage-special.gif"},{"@type":"BreadcrumbList","@id":"https:\/\/exceladvisor.org\/nl\/kopieer-het-kaartformaat\/#breadcrumb","itemListElement":[{"@type":"ListItem","position":1,"name":"Thuis","item":"https:\/\/exceladvisor.org\/nl\/"},{"@type":"ListItem","position":2,"name":"Hoe diagramformaten kopi\u00ebren en plakken?"}]},{"@type":"WebSite","@id":"https:\/\/exceladvisor.org\/nl\/#website","url":"https:\/\/exceladvisor.org\/nl\/","name":"Excel Advisor","description":"Uw gids voor datadominantie","publisher":{"@id":"https:\/\/exceladvisor.org\/nl\/#organization"},"potentialAction":[{"@type":"SearchAction","target":{"@type":"EntryPoint","urlTemplate":"https:\/\/exceladvisor.org\/nl\/?s={search_term_string}"},"query-input":{"@type":"PropertyValueSpecification","valueRequired":true,"valueName":"search_term_string"}}],"inLanguage":"nl-NL"},{"@type":"Organization","@id":"https:\/\/exceladvisor.org\/nl\/#organization","name":"Excel Advisor","url":"https:\/\/exceladvisor.org\/nl\/","logo":{"@type":"ImageObject","inLanguage":"nl-NL","@id":"https:\/\/exceladvisor.org\/nl\/#\/schema\/logo\/image\/","url":"https:\/\/exceladvisor.org\/nl\/wp-content\/uploads\/2023\/12\/exceladvisor.org_.png","contentUrl":"https:\/\/exceladvisor.org\/nl\/wp-content\/uploads\/2023\/12\/exceladvisor.org_.png","width":105,"height":36,"caption":"Excel Advisor"},"image":{"@id":"https:\/\/exceladvisor.org\/nl\/#\/schema\/logo\/image\/"}}]}},"yoast_meta":{"yoast_wpseo_title":"","yoast_wpseo_metadesc":"","yoast_wpseo_canonical":""},"_links":{"self":[{"href":"https:\/\/exceladvisor.org\/nl\/wp-json\/wp\/v2\/pages\/1933","targetHints":{"allow":["GET"]}}],"collection":[{"href":"https:\/\/exceladvisor.org\/nl\/wp-json\/wp\/v2\/pages"}],"about":[{"href":"https:\/\/exceladvisor.org\/nl\/wp-json\/wp\/v2\/types\/page"}],"author":[{"embeddable":true,"href":"https:\/\/exceladvisor.org\/nl\/wp-json\/wp\/v2\/users\/1"}],"replies":[{"embeddable":true,"href":"https:\/\/exceladvisor.org\/nl\/wp-json\/wp\/v2\/comments?post=1933"}],"version-history":[{"count":1,"href":"https:\/\/exceladvisor.org\/nl\/wp-json\/wp\/v2\/pages\/1933\/revisions"}],"predecessor-version":[{"id":2389,"href":"https:\/\/exceladvisor.org\/nl\/wp-json\/wp\/v2\/pages\/1933\/revisions\/2389"}],"wp:attachment":[{"href":"https:\/\/exceladvisor.org\/nl\/wp-json\/wp\/v2\/media?parent=1933"}],"curies":[{"name":"wp","href":"https:\/\/api.w.org\/{rel}","templated":true}]}}