{"id":1945,"date":"2023-10-27T00:10:45","date_gmt":"2023-10-27T00:10:45","guid":{"rendered":"https:\/\/exceladvisor.org\/nl\/pdf-in-excel\/"},"modified":"2023-12-06T05:57:56","modified_gmt":"2023-12-06T05:57:56","slug":"pdf-in-excel","status":"publish","type":"page","link":"https:\/\/exceladvisor.org\/nl\/pdf-in-excel\/","title":{"rendered":"Hoe een pdf in excel invoegen?"},"content":{"rendered":"<div class=\"excel-voor-de-inhoud\" id=\"excel-3939268503\"><script type=\"text\/javascript\">\r\n\tatOptions = {\r\n\t\t'key' : 'c1158f160081d6540a8409e6925dab94',\r\n\t\t'format' : 'iframe',\r\n\t\t'height' : 250,\r\n\t\t'width' : 300,\r\n\t\t'params' : {}\r\n\t};\r\n<\/script>\r\n<script type=\"text\/javascript\" src=\"\/\/www.highperformanceformat.com\/c1158f160081d6540a8409e6925dab94\/invoke.js\"><\/script><\/div> <p>Microsoft Excel kan PDF-documenten in het spreadsheet invoegen zonder de gegevensset te be\u00efnvloeden. Gebruikers kunnen PDF-documenten in de spreadsheet invoegen of insluiten wanneer ze dat PDF-document met de spreadsheet willen delen en ernaar willen verwijzen.<\/p><p> Deze zelfstudie laat zien hoe u snel PDF-bestanden in een spreadsheet kunt invoegen.<\/p><h2 class=\"wp-block-heading\"> Voeg PDF als object in Excel in<\/h2><p> U kunt het PDF-document als object in het werkblad invoegen.<\/p><p> En eenmaal toegevoegd, krijgt die gebruiker dit ingesloten PDF- en Excel-bestand wanneer u dit Excel-bestand deelt of naar een gebruiker verzendt en kan deze deze PDF openen en opslaan.<\/p><ol><li> <span data-preserver-spaces=\"true\">Open eerst een werkmap waarin u het PDF-document als bijlage wilt invoegen.<\/span><\/li><li> Ga daarna naar het tabblad &#8220;Invoegen&#8221; en klik op het pictogram &#8220;Tekst&#8221; en klik vervolgens op de optie &#8220;Object&#8221;. <br><img loading=\"lazy\" decoding=\"async\" title=\"1-tekst-icoon-in-lint\" src=\"https:\/\/exceladvisor.org\/wp-content\/uploads\/2023\/08\/1-icone-de-texte-dans-le-ruban.png\" sizes=\"auto, \" srcset=\"\" alt=\"text-icon-in-ribbon\" width=\"652\" height=\"354\"><\/li><li> Klik hier in het dialoogvenster &#8220;Object&#8221; op het tabblad &#8220;Maken vanuit bestand&#8221; en vervolgens op de knop &#8220;Bladeren&#8221; om het PDF-bestand van uw systeem te kiezen. <br><img loading=\"lazy\" decoding=\"async\" title=\"tabblad 2-maken-van-bestand\" src=\"https:\/\/exceladvisor.org\/wp-content\/uploads\/2023\/08\/2-creer-a-partir-de-longlet-fichier.png\" sizes=\"auto, \" srcset=\"\" alt=\"create-from-file-tab\" width=\"506\" height=\"439\"><\/li><li> Nadat u het bestand hebt geselecteerd, selecteert u de optie \u201cWeergeven als pictogram\u201d, zodat het bestand als object wordt ingesloten en klikt u op OK.<\/li><li> Als u de wijzigingen in de ingesloten PDF wilt synchroniseren, wat u in het originele PDF-document zult doen, selecteert u tegelijkertijd ook &#8220;Koppeling naar bestand&#8221;. <br><img loading=\"lazy\" decoding=\"async\" title=\"3-selecteer-toon-als-pictogram\" src=\"https:\/\/exceladvisor.org\/wp-content\/uploads\/2023\/08\/3-selectionner-laffichage-sous-forme-dicone.png\" sizes=\"auto, \" srcset=\"\" alt=\"select-display-as-icon\" width=\"507\" height=\"443\"><\/li><li> Nadat u de PDF hebt ingesloten, kunt u deze aanpassen aan de celgrootte door de muiscursor over een ronde rand te bewegen en deze vervolgens te slepen en te verkleinen zodat deze in een cel past. <br><img loading=\"lazy\" decoding=\"async\" title=\"4-document-pdf-ingesloten\" src=\"https:\/\/exceladvisor.org\/wp-content\/uploads\/2023\/08\/4-documents-pdf-integres.png\" sizes=\"auto, \" srcset=\"\" alt=\"embedded-pdf-document\" width=\"373\" height=\"188\"><\/li><li> Om het ingebedde PDF-documentpictogram in de cel te vergrendelen, klikt u er met de rechtermuisknop op en klikt u op de optie &#8220;Object opmaken&#8221;. <br><img loading=\"lazy\" decoding=\"async\" title=\"5-lock-the-pdf-embeds\" src=\"https:\/\/exceladvisor.org\/wp-content\/uploads\/2023\/08\/5-verrouiller-le-pdf-integre.png\" sizes=\"auto, \" srcset=\"\" alt=\"lock-the-embedded-pdf\" width=\"505\" height=\"308\"><\/li><li> Ga aan het einde in het dialoogvenster &#8220;Object opmaken&#8221; naar het tabblad &#8220;Eigenschappen&#8221; en selecteer vervolgens de optie &#8220;Verplaatsen en grootte met cellen&#8221;, zodat het pictogram vergrendeld is en alleen binnen de cel beweegt. Klik vervolgens op OK. <br><img loading=\"lazy\" decoding=\"async\" title=\"6-selecteer-verplaatsen-en-grootte-met-cellen\" src=\"https:\/\/exceladvisor.org\/wp-content\/uploads\/2023\/08\/6-selectionner-le-deplacement-et-la-taille-avec-les-cellules.png\" sizes=\"auto, \" srcset=\"\" alt=\"select-move-and-size-with-cells\" width=\"479\" height=\"459\"><\/li><\/ol><h2 class=\"wp-block-heading\"> Andere manieren om een PDF in Excel in te voegen.<\/h2><ol><li> Als u slechts \u00e9\u00e9n PDF-document van \u00e9\u00e9n pagina heeft, kunt u dit converteren naar een afbeelding (jpg, png) en die <strong>afbeelding toevoegen aan Excel<\/strong> .<\/li><li> Als u een gegevenstabel in het PDF-document hebt en deze gegevenstabel in Excel wilt invoegen, converteert u de PDF naar Excel-indeling met behulp van de converter.<\/li><\/ol><div class=\"gb-container gb-container-4db6181c gb-container-mt\"> <a class=\"gb-button gb-button-c5897111 gb-button-text gb-button-mt-button\" href=\"https:\/\/exceladvisor.org\/nl\/excel-vooruitgang\/\">Geavanceerde Excel-zelfstudies<\/a><h2 class=\"gb-headline gb-headline-665e5f6b gb-headline-text gb-headline-mt-heading\"> Gerelateerde tutorials <\/h2><div class=\"gb-grid-wrapper gb-grid-wrapper-a20baf7c gb-grid-wrapper-mt-grid\"><div class=\"gb-grid-column gb-grid-column-65ddf67e\"><div class=\"gb-container gb-container-65ddf67e\"><ul><li> <a href=\"https:\/\/exceladvisor.org\/nl\/camera-hulpmiddel\/\">Excel-cameratool<\/a><\/li><li> <a href=\"https:\/\/exceladvisor.org\/nl\/doel-zoeken\/\">Doelzoeker in Excel<\/a><\/li><li> <a href=\"https:\/\/exceladvisor.org\/nl\/kijk-raam\/\">Kijkvenster in Excel<\/a><\/li><li> <a href=\"https:\/\/exceladvisor.org\/nl\/excel-snijder\/\">Excel Slicer (volledige handleiding)<\/a><\/li><li> <a href=\"https:\/\/exceladvisor.org\/nl\/excel-standaard-op-mac\/\">Maak Excel standaard op Mac<\/a><\/li><\/ul><\/div><\/div><\/div><\/div>","protected":false},"excerpt":{"rendered":"","protected":false},"author":1,"featured_media":0,"parent":0,"menu_order":0,"comment_status":"open","ping_status":"closed","template":"","meta":{"ub_ctt_via":"","footnotes":""},"class_list":["post-1945","page","type-page","status-publish","hentry"],"featured_image_src":null,"yoast_head":"<!-- This site is optimized with the Yoast SEO plugin v25.4 - https:\/\/yoast.com\/wordpress\/plugins\/seo\/ -->\n<title>Hoe een PDF in Excel invoegen? (Tutorial 2023)<\/title>\n<meta name=\"description\" content=\"Met deze korte handleiding kunt u een PDF in Excel invoegen. We zullen het in eenvoudig te volgen stappen bespreken.\" \/>\n<meta name=\"robots\" content=\"index, follow, max-snippet:-1, max-image-preview:large, max-video-preview:-1\" \/>\n<link rel=\"canonical\" href=\"https:\/\/exceladvisor.org\/nl\/pdf-in-excel\/\" \/>\n<meta property=\"og:locale\" content=\"nl_NL\" \/>\n<meta property=\"og:type\" content=\"article\" \/>\n<meta property=\"og:title\" content=\"Hoe een PDF in Excel invoegen? (Tutorial 2023)\" \/>\n<meta property=\"og:description\" content=\"Met deze korte handleiding kunt u een PDF in Excel invoegen. We zullen het in eenvoudig te volgen stappen bespreken.\" \/>\n<meta property=\"og:url\" content=\"https:\/\/exceladvisor.org\/nl\/pdf-in-excel\/\" \/>\n<meta property=\"og:site_name\" content=\"Excel Advisor\" \/>\n<meta property=\"article:modified_time\" content=\"2023-12-06T05:57:56+00:00\" \/>\n<meta property=\"og:image\" content=\"https:\/\/exceladvisor.org\/wp-content\/uploads\/2023\/08\/1-icone-de-texte-dans-le-ruban.png\" \/>\n<meta name=\"twitter:card\" content=\"summary_large_image\" \/>\n<meta name=\"twitter:label1\" content=\"Geschatte leestijd\" \/>\n\t<meta name=\"twitter:data1\" content=\"2 minuten\" \/>\n<script type=\"application\/ld+json\" class=\"yoast-schema-graph\">{\"@context\":\"https:\/\/schema.org\",\"@graph\":[{\"@type\":\"WebPage\",\"@id\":\"https:\/\/exceladvisor.org\/nl\/pdf-in-excel\/\",\"url\":\"https:\/\/exceladvisor.org\/nl\/pdf-in-excel\/\",\"name\":\"Hoe een PDF in Excel invoegen? (Tutorial 2023)\",\"isPartOf\":{\"@id\":\"https:\/\/exceladvisor.org\/nl\/#website\"},\"primaryImageOfPage\":{\"@id\":\"https:\/\/exceladvisor.org\/nl\/pdf-in-excel\/#primaryimage\"},\"image\":{\"@id\":\"https:\/\/exceladvisor.org\/nl\/pdf-in-excel\/#primaryimage\"},\"thumbnailUrl\":\"https:\/\/exceladvisor.org\/wp-content\/uploads\/2023\/08\/1-icone-de-texte-dans-le-ruban.png\",\"datePublished\":\"2023-10-27T00:10:45+00:00\",\"dateModified\":\"2023-12-06T05:57:56+00:00\",\"description\":\"Met deze korte handleiding kunt u een PDF in Excel invoegen. We zullen het in eenvoudig te volgen stappen bespreken.\",\"breadcrumb\":{\"@id\":\"https:\/\/exceladvisor.org\/nl\/pdf-in-excel\/#breadcrumb\"},\"inLanguage\":\"nl-NL\",\"potentialAction\":[{\"@type\":\"ReadAction\",\"target\":[\"https:\/\/exceladvisor.org\/nl\/pdf-in-excel\/\"]}]},{\"@type\":\"ImageObject\",\"inLanguage\":\"nl-NL\",\"@id\":\"https:\/\/exceladvisor.org\/nl\/pdf-in-excel\/#primaryimage\",\"url\":\"https:\/\/exceladvisor.org\/wp-content\/uploads\/2023\/08\/1-icone-de-texte-dans-le-ruban.png\",\"contentUrl\":\"https:\/\/exceladvisor.org\/wp-content\/uploads\/2023\/08\/1-icone-de-texte-dans-le-ruban.png\"},{\"@type\":\"BreadcrumbList\",\"@id\":\"https:\/\/exceladvisor.org\/nl\/pdf-in-excel\/#breadcrumb\",\"itemListElement\":[{\"@type\":\"ListItem\",\"position\":1,\"name\":\"Thuis\",\"item\":\"https:\/\/exceladvisor.org\/nl\/\"},{\"@type\":\"ListItem\",\"position\":2,\"name\":\"Hoe een pdf in excel invoegen?\"}]},{\"@type\":\"WebSite\",\"@id\":\"https:\/\/exceladvisor.org\/nl\/#website\",\"url\":\"https:\/\/exceladvisor.org\/nl\/\",\"name\":\"Excel Advisor\",\"description\":\"Uw gids voor datadominantie\",\"publisher\":{\"@id\":\"https:\/\/exceladvisor.org\/nl\/#organization\"},\"potentialAction\":[{\"@type\":\"SearchAction\",\"target\":{\"@type\":\"EntryPoint\",\"urlTemplate\":\"https:\/\/exceladvisor.org\/nl\/?s={search_term_string}\"},\"query-input\":{\"@type\":\"PropertyValueSpecification\",\"valueRequired\":true,\"valueName\":\"search_term_string\"}}],\"inLanguage\":\"nl-NL\"},{\"@type\":\"Organization\",\"@id\":\"https:\/\/exceladvisor.org\/nl\/#organization\",\"name\":\"Excel Advisor\",\"url\":\"https:\/\/exceladvisor.org\/nl\/\",\"logo\":{\"@type\":\"ImageObject\",\"inLanguage\":\"nl-NL\",\"@id\":\"https:\/\/exceladvisor.org\/nl\/#\/schema\/logo\/image\/\",\"url\":\"https:\/\/exceladvisor.org\/nl\/wp-content\/uploads\/2023\/12\/exceladvisor.org_.png\",\"contentUrl\":\"https:\/\/exceladvisor.org\/nl\/wp-content\/uploads\/2023\/12\/exceladvisor.org_.png\",\"width\":105,\"height\":36,\"caption\":\"Excel Advisor\"},\"image\":{\"@id\":\"https:\/\/exceladvisor.org\/nl\/#\/schema\/logo\/image\/\"}}]}<\/script>\n<!-- \/ Yoast SEO plugin. -->","yoast_head_json":{"title":"Hoe een PDF in Excel invoegen? (Tutorial 2023)","description":"Met deze korte handleiding kunt u een PDF in Excel invoegen. We zullen het in eenvoudig te volgen stappen bespreken.","robots":{"index":"index","follow":"follow","max-snippet":"max-snippet:-1","max-image-preview":"max-image-preview:large","max-video-preview":"max-video-preview:-1"},"canonical":"https:\/\/exceladvisor.org\/nl\/pdf-in-excel\/","og_locale":"nl_NL","og_type":"article","og_title":"Hoe een PDF in Excel invoegen? (Tutorial 2023)","og_description":"Met deze korte handleiding kunt u een PDF in Excel invoegen. We zullen het in eenvoudig te volgen stappen bespreken.","og_url":"https:\/\/exceladvisor.org\/nl\/pdf-in-excel\/","og_site_name":"Excel Advisor","article_modified_time":"2023-12-06T05:57:56+00:00","og_image":[{"url":"https:\/\/exceladvisor.org\/wp-content\/uploads\/2023\/08\/1-icone-de-texte-dans-le-ruban.png","type":"","width":"","height":""}],"twitter_card":"summary_large_image","twitter_misc":{"Geschatte leestijd":"2 minuten"},"schema":{"@context":"https:\/\/schema.org","@graph":[{"@type":"WebPage","@id":"https:\/\/exceladvisor.org\/nl\/pdf-in-excel\/","url":"https:\/\/exceladvisor.org\/nl\/pdf-in-excel\/","name":"Hoe een PDF in Excel invoegen? (Tutorial 2023)","isPartOf":{"@id":"https:\/\/exceladvisor.org\/nl\/#website"},"primaryImageOfPage":{"@id":"https:\/\/exceladvisor.org\/nl\/pdf-in-excel\/#primaryimage"},"image":{"@id":"https:\/\/exceladvisor.org\/nl\/pdf-in-excel\/#primaryimage"},"thumbnailUrl":"https:\/\/exceladvisor.org\/wp-content\/uploads\/2023\/08\/1-icone-de-texte-dans-le-ruban.png","datePublished":"2023-10-27T00:10:45+00:00","dateModified":"2023-12-06T05:57:56+00:00","description":"Met deze korte handleiding kunt u een PDF in Excel invoegen. We zullen het in eenvoudig te volgen stappen bespreken.","breadcrumb":{"@id":"https:\/\/exceladvisor.org\/nl\/pdf-in-excel\/#breadcrumb"},"inLanguage":"nl-NL","potentialAction":[{"@type":"ReadAction","target":["https:\/\/exceladvisor.org\/nl\/pdf-in-excel\/"]}]},{"@type":"ImageObject","inLanguage":"nl-NL","@id":"https:\/\/exceladvisor.org\/nl\/pdf-in-excel\/#primaryimage","url":"https:\/\/exceladvisor.org\/wp-content\/uploads\/2023\/08\/1-icone-de-texte-dans-le-ruban.png","contentUrl":"https:\/\/exceladvisor.org\/wp-content\/uploads\/2023\/08\/1-icone-de-texte-dans-le-ruban.png"},{"@type":"BreadcrumbList","@id":"https:\/\/exceladvisor.org\/nl\/pdf-in-excel\/#breadcrumb","itemListElement":[{"@type":"ListItem","position":1,"name":"Thuis","item":"https:\/\/exceladvisor.org\/nl\/"},{"@type":"ListItem","position":2,"name":"Hoe een pdf in excel invoegen?"}]},{"@type":"WebSite","@id":"https:\/\/exceladvisor.org\/nl\/#website","url":"https:\/\/exceladvisor.org\/nl\/","name":"Excel Advisor","description":"Uw gids voor datadominantie","publisher":{"@id":"https:\/\/exceladvisor.org\/nl\/#organization"},"potentialAction":[{"@type":"SearchAction","target":{"@type":"EntryPoint","urlTemplate":"https:\/\/exceladvisor.org\/nl\/?s={search_term_string}"},"query-input":{"@type":"PropertyValueSpecification","valueRequired":true,"valueName":"search_term_string"}}],"inLanguage":"nl-NL"},{"@type":"Organization","@id":"https:\/\/exceladvisor.org\/nl\/#organization","name":"Excel Advisor","url":"https:\/\/exceladvisor.org\/nl\/","logo":{"@type":"ImageObject","inLanguage":"nl-NL","@id":"https:\/\/exceladvisor.org\/nl\/#\/schema\/logo\/image\/","url":"https:\/\/exceladvisor.org\/nl\/wp-content\/uploads\/2023\/12\/exceladvisor.org_.png","contentUrl":"https:\/\/exceladvisor.org\/nl\/wp-content\/uploads\/2023\/12\/exceladvisor.org_.png","width":105,"height":36,"caption":"Excel Advisor"},"image":{"@id":"https:\/\/exceladvisor.org\/nl\/#\/schema\/logo\/image\/"}}]}},"yoast_meta":{"yoast_wpseo_title":"","yoast_wpseo_metadesc":"","yoast_wpseo_canonical":""},"_links":{"self":[{"href":"https:\/\/exceladvisor.org\/nl\/wp-json\/wp\/v2\/pages\/1945","targetHints":{"allow":["GET"]}}],"collection":[{"href":"https:\/\/exceladvisor.org\/nl\/wp-json\/wp\/v2\/pages"}],"about":[{"href":"https:\/\/exceladvisor.org\/nl\/wp-json\/wp\/v2\/types\/page"}],"author":[{"embeddable":true,"href":"https:\/\/exceladvisor.org\/nl\/wp-json\/wp\/v2\/users\/1"}],"replies":[{"embeddable":true,"href":"https:\/\/exceladvisor.org\/nl\/wp-json\/wp\/v2\/comments?post=1945"}],"version-history":[{"count":1,"href":"https:\/\/exceladvisor.org\/nl\/wp-json\/wp\/v2\/pages\/1945\/revisions"}],"predecessor-version":[{"id":2412,"href":"https:\/\/exceladvisor.org\/nl\/wp-json\/wp\/v2\/pages\/1945\/revisions\/2412"}],"wp:attachment":[{"href":"https:\/\/exceladvisor.org\/nl\/wp-json\/wp\/v2\/media?parent=1945"}],"curies":[{"name":"wp","href":"https:\/\/api.w.org\/{rel}","templated":true}]}}