{"id":1979,"date":"2023-10-25T07:13:21","date_gmt":"2023-10-25T07:13:21","guid":{"rendered":"https:\/\/exceladvisor.org\/nl\/irr\/"},"modified":"2023-12-06T05:46:15","modified_gmt":"2023-12-06T05:46:15","slug":"irr","status":"publish","type":"page","link":"https:\/\/exceladvisor.org\/nl\/irr\/","title":{"rendered":"Hoe gebruik ik de vba irr-functie?"},"content":{"rendered":"<div class=\"excel-voor-de-inhoud\" id=\"excel-3194956829\"><script type=\"text\/javascript\">\r\n\tatOptions = {\r\n\t\t'key' : 'c1158f160081d6540a8409e6925dab94',\r\n\t\t'format' : 'iframe',\r\n\t\t'height' : 250,\r\n\t\t'width' : 300,\r\n\t\t'params' : {}\r\n\t};\r\n<\/script>\r\n<script type=\"text\/javascript\" src=\"\/\/www.highperformanceformat.com\/c1158f160081d6540a8409e6925dab94\/invoke.js\"><\/script><\/div> <p>De VBA IRR-functie wordt vermeld in de financi\u00eble categorie van VBA-functies. Wanneer u het in VBA-code gebruikt, <strong>berekent het het interne rendement (dat wil zeggen een reeks betalingen en rendementen) voor een investering<\/strong> . De IRR-berekening is een maatstaf voor het rendement op een investering.<\/p><h2 class=\"wp-block-heading\"> Syntaxis<\/h2><p> <strong>IRR(WaardeMatrix, [Gissen])<\/strong><\/p><h2 class=\"wp-block-heading\"> Argumenten<\/h2><ul><li> <strong>ValueArray<\/strong> : een cashflowtabel die betalingen en inkomsten vertegenwoordigt. Betalingen zouden negatieve waarden hebben en inkomsten zouden positieve waarden hebben [Het moet minstens \u00e9\u00e9n negatieve waarde en minstens \u00e9\u00e9n positieve waarde bevatten].<\/li><li> <strong>[Guess]<\/strong> : een initi\u00eble schatting (schatting) van wat de IRR zal zijn [Dit is een optioneel argument en als dit wordt weggelaten, neemt VBA standaard 10% (=0,1)].<\/li><\/ul><h2 class=\"wp-block-heading\"> Voorbeeld<\/h2><p> Om praktisch te begrijpen hoe u de VBA IRR-functie kunt gebruiken, moet u het onderstaande voorbeeld doorlopen waarin we er een vba-code mee hebben geschreven: <\/p><figure class=\"wp-block-image is-resized\"><img loading=\"lazy\" decoding=\"async\" title=\"voorbeeld-vba-irr-functie\" src=\"https:\/\/exceladvisor.org\/wp-content\/uploads\/2023\/08\/exemple-de-fonction-vba-irr.png\" sizes=\"auto, \" srcset=\"\" alt=\"example-vba-irr-function\" width=\"841\" height=\"670\"><\/figure><pre class=\"wp-block-code\"> <code class=\"language-visual-basic\" lang=\"visual-basic\">Sub example_IRR() Dim cF(0 To 9) As Double cF(0) = -1000 cF(1) = 213.6 cF(2) = 259.22 cF(3) = 314.6 cF(4) = 381.79 cF(5) = 463.34 cF(6) = 562.31 cF(7) = 682.42 cF(8) = 828.19 cF(9) = 1005.09 Range(\"A1\").Value = IRR(cF) End Sub<\/code><\/pre><p> In de bovenstaande code hebben we IRR gebruikt om het renterendement uit een tabel (cF) te halen waarin we een initi\u00eble investering van -1000 hebben en vervolgens alle contante rendementen over de komende 9 jaar. Dus toen we deze code uitvoerden, retourneerde het 34% in het resultaat.<\/p><h2 class=\"wp-block-heading\"> Opmerkingen<\/h2><ul><li> De eerste waarde in de tabellen moet een negatieve waarde zijn, omdat dit het initi\u00eble bedrag is dat voor de investering is betaald.<\/li><li> Als de door ons geleverde array geen negatieve waarde en een positieve waarde heeft of na 20 iteraties geen resultaten kan vinden, retourneert VBA een runtimefout 5. <\/li><\/ul><div class=\"wp-block-group more-tutorials is-layout-flow\"><div class=\"wp-block-group__inner-container\"><h2 class=\"wp-block-heading\"> Meer tutorials <\/h2><div class=\"wp-block-columns is-layout-flex wp-container-224\"><div class=\"wp-block-column is-layout-flow\"><ul><li> <a href=\"https:\/\/exceladvisor.org\/nl\/db\/\">VBA DDB<\/a><\/li><li> <a href=\"https:\/\/exceladvisor.org\/nl\/fv-2\/\">VBA-VF<\/a><\/li><li> <a href=\"https:\/\/exceladvisor.org\/nl\/ipmt\/\">IPMT VBA<\/a><\/li><li> <a href=\"https:\/\/exceladvisor.org\/nl\/spiegel\/\">VBA MIRR<\/a><\/li><li> <a href=\"https:\/\/exceladvisor.org\/nl\/aantal\/\">VBA NPER<\/a><\/li><\/ul><\/div><\/div><\/div><\/div>","protected":false},"excerpt":{"rendered":"","protected":false},"author":1,"featured_media":0,"parent":0,"menu_order":0,"comment_status":"open","ping_status":"closed","template":"","meta":{"ub_ctt_via":"","footnotes":""},"class_list":["post-1979","page","type-page","status-publish","hentry"],"featured_image_src":null,"yoast_head":"<!-- This site is optimized with the Yoast SEO plugin v25.4 - https:\/\/yoast.com\/wordpress\/plugins\/seo\/ -->\n<title>Hoe gebruik ik de VBA IRR-functie? (Syntaxis + voorbeeld)<\/title>\n<meta name=\"description\" content=\"Leer hoe u de VBA IRR-functie gebruikt met syntaxis, argumenten en voorbeelden met voorbeeldcode.\" \/>\n<meta name=\"robots\" content=\"index, follow, max-snippet:-1, max-image-preview:large, max-video-preview:-1\" \/>\n<link rel=\"canonical\" href=\"https:\/\/exceladvisor.org\/nl\/irr\/\" \/>\n<meta property=\"og:locale\" content=\"nl_NL\" \/>\n<meta property=\"og:type\" content=\"article\" \/>\n<meta property=\"og:title\" content=\"Hoe gebruik ik de VBA IRR-functie? (Syntaxis + voorbeeld)\" \/>\n<meta property=\"og:description\" content=\"Leer hoe u de VBA IRR-functie gebruikt met syntaxis, argumenten en voorbeelden met voorbeeldcode.\" \/>\n<meta property=\"og:url\" content=\"https:\/\/exceladvisor.org\/nl\/irr\/\" \/>\n<meta property=\"og:site_name\" content=\"Excel Advisor\" \/>\n<meta property=\"article:modified_time\" content=\"2023-12-06T05:46:15+00:00\" \/>\n<meta property=\"og:image\" content=\"https:\/\/exceladvisor.org\/wp-content\/uploads\/2023\/08\/exemple-de-fonction-vba-irr.png\" \/>\n<meta name=\"twitter:card\" content=\"summary_large_image\" \/>\n<meta name=\"twitter:label1\" content=\"Geschatte leestijd\" \/>\n\t<meta name=\"twitter:data1\" content=\"1 minuut\" \/>\n<script type=\"application\/ld+json\" class=\"yoast-schema-graph\">{\"@context\":\"https:\/\/schema.org\",\"@graph\":[{\"@type\":\"WebPage\",\"@id\":\"https:\/\/exceladvisor.org\/nl\/irr\/\",\"url\":\"https:\/\/exceladvisor.org\/nl\/irr\/\",\"name\":\"Hoe gebruik ik de VBA IRR-functie? (Syntaxis + voorbeeld)\",\"isPartOf\":{\"@id\":\"https:\/\/exceladvisor.org\/nl\/#website\"},\"primaryImageOfPage\":{\"@id\":\"https:\/\/exceladvisor.org\/nl\/irr\/#primaryimage\"},\"image\":{\"@id\":\"https:\/\/exceladvisor.org\/nl\/irr\/#primaryimage\"},\"thumbnailUrl\":\"https:\/\/exceladvisor.org\/wp-content\/uploads\/2023\/08\/exemple-de-fonction-vba-irr.png\",\"datePublished\":\"2023-10-25T07:13:21+00:00\",\"dateModified\":\"2023-12-06T05:46:15+00:00\",\"description\":\"Leer hoe u de VBA IRR-functie gebruikt met syntaxis, argumenten en voorbeelden met voorbeeldcode.\",\"breadcrumb\":{\"@id\":\"https:\/\/exceladvisor.org\/nl\/irr\/#breadcrumb\"},\"inLanguage\":\"nl-NL\",\"potentialAction\":[{\"@type\":\"ReadAction\",\"target\":[\"https:\/\/exceladvisor.org\/nl\/irr\/\"]}]},{\"@type\":\"ImageObject\",\"inLanguage\":\"nl-NL\",\"@id\":\"https:\/\/exceladvisor.org\/nl\/irr\/#primaryimage\",\"url\":\"https:\/\/exceladvisor.org\/wp-content\/uploads\/2023\/08\/exemple-de-fonction-vba-irr.png\",\"contentUrl\":\"https:\/\/exceladvisor.org\/wp-content\/uploads\/2023\/08\/exemple-de-fonction-vba-irr.png\"},{\"@type\":\"BreadcrumbList\",\"@id\":\"https:\/\/exceladvisor.org\/nl\/irr\/#breadcrumb\",\"itemListElement\":[{\"@type\":\"ListItem\",\"position\":1,\"name\":\"Thuis\",\"item\":\"https:\/\/exceladvisor.org\/nl\/\"},{\"@type\":\"ListItem\",\"position\":2,\"name\":\"Hoe gebruik ik de vba irr-functie?\"}]},{\"@type\":\"WebSite\",\"@id\":\"https:\/\/exceladvisor.org\/nl\/#website\",\"url\":\"https:\/\/exceladvisor.org\/nl\/\",\"name\":\"Excel Advisor\",\"description\":\"Uw gids voor datadominantie\",\"publisher\":{\"@id\":\"https:\/\/exceladvisor.org\/nl\/#organization\"},\"potentialAction\":[{\"@type\":\"SearchAction\",\"target\":{\"@type\":\"EntryPoint\",\"urlTemplate\":\"https:\/\/exceladvisor.org\/nl\/?s={search_term_string}\"},\"query-input\":{\"@type\":\"PropertyValueSpecification\",\"valueRequired\":true,\"valueName\":\"search_term_string\"}}],\"inLanguage\":\"nl-NL\"},{\"@type\":\"Organization\",\"@id\":\"https:\/\/exceladvisor.org\/nl\/#organization\",\"name\":\"Excel Advisor\",\"url\":\"https:\/\/exceladvisor.org\/nl\/\",\"logo\":{\"@type\":\"ImageObject\",\"inLanguage\":\"nl-NL\",\"@id\":\"https:\/\/exceladvisor.org\/nl\/#\/schema\/logo\/image\/\",\"url\":\"https:\/\/exceladvisor.org\/nl\/wp-content\/uploads\/2023\/12\/exceladvisor.org_.png\",\"contentUrl\":\"https:\/\/exceladvisor.org\/nl\/wp-content\/uploads\/2023\/12\/exceladvisor.org_.png\",\"width\":105,\"height\":36,\"caption\":\"Excel Advisor\"},\"image\":{\"@id\":\"https:\/\/exceladvisor.org\/nl\/#\/schema\/logo\/image\/\"}}]}<\/script>\n<!-- \/ Yoast SEO plugin. -->","yoast_head_json":{"title":"Hoe gebruik ik de VBA IRR-functie? (Syntaxis + voorbeeld)","description":"Leer hoe u de VBA IRR-functie gebruikt met syntaxis, argumenten en voorbeelden met voorbeeldcode.","robots":{"index":"index","follow":"follow","max-snippet":"max-snippet:-1","max-image-preview":"max-image-preview:large","max-video-preview":"max-video-preview:-1"},"canonical":"https:\/\/exceladvisor.org\/nl\/irr\/","og_locale":"nl_NL","og_type":"article","og_title":"Hoe gebruik ik de VBA IRR-functie? (Syntaxis + voorbeeld)","og_description":"Leer hoe u de VBA IRR-functie gebruikt met syntaxis, argumenten en voorbeelden met voorbeeldcode.","og_url":"https:\/\/exceladvisor.org\/nl\/irr\/","og_site_name":"Excel Advisor","article_modified_time":"2023-12-06T05:46:15+00:00","og_image":[{"url":"https:\/\/exceladvisor.org\/wp-content\/uploads\/2023\/08\/exemple-de-fonction-vba-irr.png","type":"","width":"","height":""}],"twitter_card":"summary_large_image","twitter_misc":{"Geschatte leestijd":"1 minuut"},"schema":{"@context":"https:\/\/schema.org","@graph":[{"@type":"WebPage","@id":"https:\/\/exceladvisor.org\/nl\/irr\/","url":"https:\/\/exceladvisor.org\/nl\/irr\/","name":"Hoe gebruik ik de VBA IRR-functie? (Syntaxis + voorbeeld)","isPartOf":{"@id":"https:\/\/exceladvisor.org\/nl\/#website"},"primaryImageOfPage":{"@id":"https:\/\/exceladvisor.org\/nl\/irr\/#primaryimage"},"image":{"@id":"https:\/\/exceladvisor.org\/nl\/irr\/#primaryimage"},"thumbnailUrl":"https:\/\/exceladvisor.org\/wp-content\/uploads\/2023\/08\/exemple-de-fonction-vba-irr.png","datePublished":"2023-10-25T07:13:21+00:00","dateModified":"2023-12-06T05:46:15+00:00","description":"Leer hoe u de VBA IRR-functie gebruikt met syntaxis, argumenten en voorbeelden met voorbeeldcode.","breadcrumb":{"@id":"https:\/\/exceladvisor.org\/nl\/irr\/#breadcrumb"},"inLanguage":"nl-NL","potentialAction":[{"@type":"ReadAction","target":["https:\/\/exceladvisor.org\/nl\/irr\/"]}]},{"@type":"ImageObject","inLanguage":"nl-NL","@id":"https:\/\/exceladvisor.org\/nl\/irr\/#primaryimage","url":"https:\/\/exceladvisor.org\/wp-content\/uploads\/2023\/08\/exemple-de-fonction-vba-irr.png","contentUrl":"https:\/\/exceladvisor.org\/wp-content\/uploads\/2023\/08\/exemple-de-fonction-vba-irr.png"},{"@type":"BreadcrumbList","@id":"https:\/\/exceladvisor.org\/nl\/irr\/#breadcrumb","itemListElement":[{"@type":"ListItem","position":1,"name":"Thuis","item":"https:\/\/exceladvisor.org\/nl\/"},{"@type":"ListItem","position":2,"name":"Hoe gebruik ik de vba irr-functie?"}]},{"@type":"WebSite","@id":"https:\/\/exceladvisor.org\/nl\/#website","url":"https:\/\/exceladvisor.org\/nl\/","name":"Excel Advisor","description":"Uw gids voor datadominantie","publisher":{"@id":"https:\/\/exceladvisor.org\/nl\/#organization"},"potentialAction":[{"@type":"SearchAction","target":{"@type":"EntryPoint","urlTemplate":"https:\/\/exceladvisor.org\/nl\/?s={search_term_string}"},"query-input":{"@type":"PropertyValueSpecification","valueRequired":true,"valueName":"search_term_string"}}],"inLanguage":"nl-NL"},{"@type":"Organization","@id":"https:\/\/exceladvisor.org\/nl\/#organization","name":"Excel Advisor","url":"https:\/\/exceladvisor.org\/nl\/","logo":{"@type":"ImageObject","inLanguage":"nl-NL","@id":"https:\/\/exceladvisor.org\/nl\/#\/schema\/logo\/image\/","url":"https:\/\/exceladvisor.org\/nl\/wp-content\/uploads\/2023\/12\/exceladvisor.org_.png","contentUrl":"https:\/\/exceladvisor.org\/nl\/wp-content\/uploads\/2023\/12\/exceladvisor.org_.png","width":105,"height":36,"caption":"Excel Advisor"},"image":{"@id":"https:\/\/exceladvisor.org\/nl\/#\/schema\/logo\/image\/"}}]}},"yoast_meta":{"yoast_wpseo_title":"","yoast_wpseo_metadesc":"","yoast_wpseo_canonical":""},"_links":{"self":[{"href":"https:\/\/exceladvisor.org\/nl\/wp-json\/wp\/v2\/pages\/1979","targetHints":{"allow":["GET"]}}],"collection":[{"href":"https:\/\/exceladvisor.org\/nl\/wp-json\/wp\/v2\/pages"}],"about":[{"href":"https:\/\/exceladvisor.org\/nl\/wp-json\/wp\/v2\/types\/page"}],"author":[{"embeddable":true,"href":"https:\/\/exceladvisor.org\/nl\/wp-json\/wp\/v2\/users\/1"}],"replies":[{"embeddable":true,"href":"https:\/\/exceladvisor.org\/nl\/wp-json\/wp\/v2\/comments?post=1979"}],"version-history":[{"count":1,"href":"https:\/\/exceladvisor.org\/nl\/wp-json\/wp\/v2\/pages\/1979\/revisions"}],"predecessor-version":[{"id":2482,"href":"https:\/\/exceladvisor.org\/nl\/wp-json\/wp\/v2\/pages\/1979\/revisions\/2482"}],"wp:attachment":[{"href":"https:\/\/exceladvisor.org\/nl\/wp-json\/wp\/v2\/media?parent=1979"}],"curies":[{"name":"wp","href":"https:\/\/api.w.org\/{rel}","templated":true}]}}