{"id":2040,"date":"2023-10-23T16:38:56","date_gmt":"2023-10-23T16:38:56","guid":{"rendered":"https:\/\/exceladvisor.org\/nl\/een-reeks-cellen-aaneenschakelen\/"},"modified":"2023-12-06T05:57:47","modified_gmt":"2023-12-06T05:57:47","slug":"een-reeks-cellen-aaneenschakelen","status":"publish","type":"page","link":"https:\/\/exceladvisor.org\/nl\/een-reeks-cellen-aaneenschakelen\/","title":{"rendered":"Hoe een cellenbereik samenvoegen in excel?"},"content":{"rendered":"<div class=\"excel-voor-de-inhoud\" id=\"excel-2872069348\"><script type=\"text\/javascript\">\r\n\tatOptions = {\r\n\t\t'key' : 'c1158f160081d6540a8409e6925dab94',\r\n\t\t'format' : 'iframe',\r\n\t\t'height' : 250,\r\n\t\t'width' : 300,\r\n\t\t'params' : {}\r\n\t};\r\n<\/script>\r\n<script type=\"text\/javascript\" src=\"\/\/www.highperformanceformat.com\/c1158f160081d6540a8409e6925dab94\/invoke.js\"><\/script><\/div> <p>Waarden combineren met CONCATENATE is de beste manier, maar met deze functie is het niet mogelijk om naar een heel bereik te verwijzen. U moet alle cellen in een bereik \u00e9\u00e9n voor \u00e9\u00e9n selecteren, en als u naar een heel bereik probeert te verwijzen, wordt de tekst uit de eerste cel geretourneerd.<\/p><p> In deze situatie hebt u een methode nodig om naar een heel celbereik te verwijzen en deze in \u00e9\u00e9n cel te combineren. Vandaag wil ik in dit artikel vijf verschillende manieren met u delen om bereiktekst in \u00e9\u00e9n cel te combineren.<\/p><h2 id=\"tab-con-9\" class=\"wp-block-heading\"> [CONCATENATE + TRANSPOSE] om waarden te combineren<\/h2><p> De beste manier om tekst uit verschillende cellen in \u00e9\u00e9n cel te combineren, is door <strong><span style=\"color: #000000;\">de transponeerfunctie samen met de samenvoegfunctie te gebruiken<\/span><\/strong> .<\/p><p> Kijk naar het cellenbereik hieronder waar je wat tekst hebt, maar elk woord staat in een andere cel en je wilt het allemaal in \u00e9\u00e9n cel plaatsen. Hieronder staan de stappen om de waarden uit dit celbereik te combineren tot \u00e9\u00e9n cel.<\/p><ol><li> Voer in de B8 ( <a href=\"https:\/\/exceladvisor.org\/nl\/cel-bewerken\/\">cel bewerken met F2<\/a> ) de volgende formule in en druk niet op Enter.<ul><li> =SAMENVOEGEN(TRANSPOSE(A1:A5)&amp; \u00bb \u00ab )<\/li><\/ul><\/li><li> Selecteer nu het volledige binnenste deel van de aaneenschakelingsfunctie en druk op F9. Het zal het naar een array converteren.<\/li><li> Verwijder daarna de beugels aan het begin en einde van de tafel.<\/li><li> Druk aan het einde op Enter. <\/li><\/ol><div class=\"wp-block-image\"><figure class=\"aligncenter\"><img decoding=\"async\" src=\"https:\/\/exceladvisor.org\/wp-content\/uploads\/2023\/08\/1.gif\" sizes=\"\" srcset=\"\" alt=\"een reeks cellen aaneenschakelen met een aaneengeschakelde transpositie\"><\/figure><\/div><p> Dat is alles.<\/p><h3 class=\"wp-block-heading\"> Hoe werkt deze formule?<\/h3><p> In deze formule gebruikte je TRANSPOSE en spatie in CONCATENATE. Wanneer u <a href=\"https:\/\/exceladvisor.org\/nl\/formule-om-te-waarderen\/\" data-wpil=\"url\">deze verwijzing naar harde waarden converteert,<\/a> retourneert deze een array. In deze tabel heb je de tekst van elke cel en een spatie ertussen, en als je op Enter drukt, worden ze allemaal gecombineerd.<\/p><h2 id=\"tab-con-1\" class=\"wp-block-heading\"> Combineer tekst met de optie Uitgevulde vulling<\/h2><p> <a href=\"https:\/\/exceladvisor.org\/nl\/voeg-een-watermerk-toe\/\">Invulrechtvaardiging<\/a> is een van de ongebruikte maar krachtigste tools in Excel. En wanneer u tekst uit verschillende cellen wilt combineren, kunt u deze gebruiken. Het beste is dat <strong><span style=\"color: #000000;\">u slechts \u00e9\u00e9n klik nodig heeft om tekst samen te voegen<\/span><\/strong> . Bekijk de onderstaande gegevens en volg de stappen. <\/p><div class=\"wp-block-image\"><figure class=\"aligncenter\"><img decoding=\"async\" src=\"https:\/\/exceladvisor.org\/wp-content\/uploads\/2023\/08\/2-concatener-une-plage-de-cellules-avec-justification-de-remplissage-1.gif\" sizes=\"\" srcset=\"\" alt=\"2 voeg een reeks cellen samen met opvullingsgerechtigheid\"><\/figure><\/div><ol><li> Zorg er eerst voor dat u de breedte van de kolom met tekst vergroot.<\/li><li> Selecteer daarna alle cellen.<\/li><li> Ga aan het einde naar het tabblad Start \u279c Bewerken \u279c Vullen \u279c Uitvullen.<\/li><\/ol><p> Hierdoor wordt de tekst uit alle cellen samengevoegd in de eerste cel van de selectie.<\/p><h2 id=\"tab-con-10\" class=\"wp-block-heading\"> TEXTJOIN-functie voor CONCATENATE-waarden<\/h2><p> Als u <a href=\"https:\/\/support.office.com\/en-us\/article\/Download-and-install-or-reinstall-Office-365-or-Office-2016-on-a-PC-or-Mac-4414EAAF-0478-48BE-9C42-23ADC4716658?ui=en-US&amp;rs=en-US&amp;ad=US&amp;fromAR=1\" target=\"_blank\" rel=\"noreferrer noopener nofollow\">Excel 2016 (Office 365)<\/a> gebruikt, is er een functie genaamd &#8220;TextJoin&#8221;. Hierdoor kunt u eenvoudig tekst uit verschillende cellen combineren in \u00e9\u00e9n cel.<\/p><h3 id=\"tab-con-6\" class=\"wp-block-heading\"> Syntaxis:<\/h3><p> <span style=\"font-family: Courier New,Courier,monospace;\">TEXTJOIN(scheidingsteken, negeer_leeg, tekst1, [tekst2], \u2026)<\/span><\/p><ol><li> <strong>begrens<\/strong> een teksttekenreeks die als scheidingsteken moet worden gebruikt.<\/li><li> <strong>negeer_empty<\/strong> true om de lege cel te negeren, false om dit niet te doen.<\/li><li> <strong>tekst1<\/strong> tekst om te combineren.<\/li><li> <strong>[text2]<\/strong> te combineren tekst optioneel.<\/li><\/ol><h3 id=\"tab-con-8\" class=\"wp-block-heading\"> hoe te gebruiken<\/h3><p> Om de onderstaande lijst met waarden te combineren, kunt u de formule gebruiken: <\/p><pre class=\"wp-block-code\"> <code class=\"language-excel-formula\" lang=\"excel-formula\">=TEXTJOIN(\" \",TRUE,A1:A5)<\/code><\/pre><div class=\"wp-block-image\"><figure class=\"aligncenter\"><img decoding=\"async\" src=\"https:\/\/exceladvisor.org\/wp-content\/uploads\/2023\/08\/3-concatener-une-plage-de-cellules-avec-une-jointure-de-texte-min-1.png\" sizes=\"\" srcset=\"\" alt=\"3 Voeg een reeks cellen samen met een minimale tekstverbinding\"><\/figure><\/div><p> Hier gebruikte je spatie als scheidingsteken, TRUE om lege cellen en het hele bereik in \u00e9\u00e9n argument te negeren. Druk aan het einde op Enter en je krijgt alle tekst in \u00e9\u00e9n cel.<\/p><h2 id=\"tab-con-3\" class=\"wp-block-heading\"> Combineer tekst met Power Query<\/h2><p> Power Query is een fantastisch hulpmiddel en ik ben er dol op. Zorg ervoor dat u dit eens bekijkt ( <strong><a style=\"outline: none;\" href=\"https:\/\/exceladvisor.org\/nl\/stroom-verzoek\/\">Excel Power Query-zelfstudie<\/a><\/strong> ). Je kunt het ook gebruiken om tekst uit een lijst in \u00e9\u00e9n cel te combineren. Hieronder staan de stappen.<\/p><ol><li> Selecteer het celbereik en klik op &#8216;Uit tabel&#8217; op het tabblad Gegevens. <br><img decoding=\"async\" title=\"4-samenvoeg-een-bereik-van-cellen-met-power-query-van-tabel-min\" src=\"https:\/\/exceladvisor.org\/wp-content\/uploads\/2023\/08\/4-concatener-une-plage-de-cellules-avec-une-requete-de-puissance-a-partir-de-la-table-min-1.png\" sizes=\"\" srcset=\"\" alt=\"4 concatenate a range of cells with power query from table min\"><\/li><li> Als u uw gegevens bewerkt in de Power Query-editor. <br><img decoding=\"async\" title=\"5-samenvoeg-een-bereik-van-cellen-met-power-query-editor-min\" src=\"https:\/\/exceladvisor.org\/wp-content\/uploads\/2023\/08\/5-concatener-une-plage-de-cellules-avec-un-editeur-de-requete-puissant-min-1.png\" sizes=\"\" srcset=\"\" alt=\"5 concatenate a range of cells with power query editor min\"><\/li><li> Selecteer nu vanaf hier de kolom en ga naar &#8220;Tabblad Transformeren&#8221;.<\/li><li> Ga op het tabblad \u201cTransformeren\u201d naar Tabel en klik op \u201cTransponeren\u201d. <br><img decoding=\"async\" title=\"6-een-reeks-cellen-aaneenschakelen-met-power-query-transponeren-min\" src=\"https:\/\/exceladvisor.org\/wp-content\/uploads\/2023\/08\/6-concatener-une-plage-de-cellules-avec-power-query-transpose-min-1.png\" sizes=\"\" srcset=\"\" alt=\"7-concatenate-a-range-of-cells-with-power-query-horizontal-min\"><\/li><li> Om dit te doen, selecteert u alle kolommen (selecteer de eerste kolom, houd Shift ingedrukt, klik op de laatste kolom) en druk op de rechtermuisknop en selecteer vervolgens &#8220;Samenvoegen&#8221;. <br><img decoding=\"async\" title=\"8-samenvoeg-een-bereik-van-cellen-met-power-query-cellen-samenvoegen-min\" src=\"https:\/\/exceladvisor.org\/wp-content\/uploads\/2023\/08\/8-concatener-une-plage-de-cellules-avec-power-query-fusionner-des-cellules-min-1.png\" sizes=\"\" srcset=\"\" alt=\"8 concatenate a range of cells with power query merge cells min\"><\/li><li> Selecteer daarna in het samenvoegvenster spatie als scheidingsteken en geef de kolom een naam. <br><img decoding=\"async\" title=\"9-een-reeks-cellen-aaneenschakelen-met-power-query-nieuwe-kolomnaam-min\" src=\"https:\/\/exceladvisor.org\/wp-content\/uploads\/2023\/08\/9-concatener-une-plage-de-cellules-avec-power-query-nouveau-nom-de-colonne-min-1.png\" sizes=\"\" srcset=\"\" alt=\"9 concatenate a range of cells with power query new column name min\"><\/li><li> Klik aan het einde op OK en klik op &#8220;Sluiten en laden&#8221;.<\/li><\/ol><p> U hebt nu een nieuw werkblad in uw werkmap met alle tekst in \u00e9\u00e9n cel. Het beste aan het gebruik van Power Query is dat u deze configuratie niet steeds opnieuw hoeft uit te voeren.<\/p><p> Wanneer u de oude lijst bijwerkt met een nieuwe waarde, moet u uw zoekopdracht vernieuwen en wordt deze nieuwe waarde aan de cel toegevoegd.<\/p><h2 id=\"tab-con-7\" class=\"wp-block-heading\"> VBA-code om waarden te combineren<\/h2><p> Als je macrocode wilt gebruiken om tekst uit verschillende cellen te combineren, heb ik iets voor je. Met deze code combineer je in een handomdraai tekst. Het enige dat u hoeft te doen, is het celbereik selecteren waar u de tekst heeft en deze code uitvoeren.<\/p><pre class=\"wp-block-code\"><code class=\"language-visual-basic line-numbers\" lang=\"visual-basic\"> Sub combineText() Dim rng As Range Dim i As String For Each rng In Selection i = i &amp; rng &amp; \" \" Next rng Range(\"B1\").Value = Trim(i) End Sub<\/code><\/pre><p> Zorg ervoor dat u de gewenste locatie in de code specificeert waar u de tekst wilt combineren.<\/p><h2 class=\"wp-block-heading\"> Aan het einde,<\/h2><p> Er kunnen verschillende situaties voor u zijn waarin u een reeks cellen moet samenvoegen tot \u00e9\u00e9n cel. En daarom hebben we deze verschillende methoden.<\/p><p> Alle methoden zijn snel en eenvoudig, u moet de juiste methode selecteren op basis van uw behoeften. Ik moet zeggen dat je alle methoden een keer probeert en me vertelt:<\/p><p> <strong>Welke is jouw favoriet en heeft voor jou gewerkt?<\/strong><\/p><p> Deel uw mening met mij in het opmerkingengedeelte. Ik hoor graag van je, en vergeet alsjeblieft niet om dit bericht met je vrienden te delen, ik weet zeker dat ze het op prijs zullen stellen.<\/p><div class=\"gb-container gb-container-0df56012 gb-container-mt\"> <a class=\"gb-button gb-button-f9f432f4 gb-button-text gb-button-mt-button\" href=\"https:\/\/exceladvisor.org\/nl\/formules\/\">Lijst met Excel-formules<\/a><h2 class=\"gb-headline gb-headline-233444e8 gb-headline-text gb-headline-mt-heading\"> Gerelateerde formules <\/h2><div class=\"gb-grid-wrapper gb-grid-wrapper-a16fa65c gb-grid-wrapper-mt-grid\"><div class=\"gb-grid-column gb-grid-column-50d07e0d\"><div class=\"gb-container gb-container-50d07e0d\"><ul><li> <a href=\"https:\/\/exceladvisor.org\/nl\/nieuwe-regel-in-cel\/\">Een nieuwe regel toevoegen aan een cel in Excel (regeleinde)<\/a><\/li><li> <a href=\"https:\/\/exceladvisor.org\/nl\/voorloopnullen\/\">Voeg voorloopnullen toe in Excel<\/a><\/li><li> <a href=\"https:\/\/exceladvisor.org\/nl\/cellen-samenvoegen-met-een-komma\/\">Voeg cellen samen met een komma in Excel<\/a><\/li><li> <a href=\"https:\/\/exceladvisor.org\/nl\/een-regeleinde-aaneenschakelen\/\">Samenvoegen met regeleinde in Excel<\/a><\/li><\/ul><\/div><\/div><\/div><\/div>","protected":false},"excerpt":{"rendered":"","protected":false},"author":1,"featured_media":0,"parent":0,"menu_order":0,"comment_status":"open","ping_status":"closed","template":"","meta":{"ub_ctt_via":"","footnotes":""},"class_list":["post-2040","page","type-page","status-publish","hentry"],"featured_image_src":null,"yoast_head":"<!-- This site is optimized with the Yoast SEO plugin v25.4 - https:\/\/yoast.com\/wordpress\/plugins\/seo\/ -->\n<title>Hoe een cellenbereik samenvoegen in Excel?<\/title>\n<meta name=\"description\" content=\"Hier volgen de vijf methoden om een reeks cellen samen te voegen tot \u00e9\u00e9n cel die u in verschillende situaties kunt gebruiken.\" \/>\n<meta name=\"robots\" content=\"index, follow, max-snippet:-1, max-image-preview:large, max-video-preview:-1\" \/>\n<link rel=\"canonical\" href=\"https:\/\/exceladvisor.org\/nl\/een-reeks-cellen-aaneenschakelen\/\" \/>\n<meta property=\"og:locale\" content=\"nl_NL\" \/>\n<meta property=\"og:type\" content=\"article\" \/>\n<meta property=\"og:title\" content=\"Hoe een cellenbereik samenvoegen in Excel?\" \/>\n<meta property=\"og:description\" content=\"Hier volgen de vijf methoden om een reeks cellen samen te voegen tot \u00e9\u00e9n cel die u in verschillende situaties kunt gebruiken.\" \/>\n<meta property=\"og:url\" content=\"https:\/\/exceladvisor.org\/nl\/een-reeks-cellen-aaneenschakelen\/\" \/>\n<meta property=\"og:site_name\" content=\"Excel Advisor\" \/>\n<meta property=\"article:modified_time\" content=\"2023-12-06T05:57:47+00:00\" \/>\n<meta property=\"og:image\" content=\"https:\/\/exceladvisor.org\/wp-content\/uploads\/2023\/08\/1.gif\" \/>\n<meta name=\"twitter:card\" content=\"summary_large_image\" \/>\n<meta name=\"twitter:label1\" content=\"Geschatte leestijd\" \/>\n\t<meta name=\"twitter:data1\" content=\"5 minuten\" \/>\n<script type=\"application\/ld+json\" class=\"yoast-schema-graph\">{\"@context\":\"https:\/\/schema.org\",\"@graph\":[{\"@type\":\"WebPage\",\"@id\":\"https:\/\/exceladvisor.org\/nl\/een-reeks-cellen-aaneenschakelen\/\",\"url\":\"https:\/\/exceladvisor.org\/nl\/een-reeks-cellen-aaneenschakelen\/\",\"name\":\"Hoe een cellenbereik samenvoegen in Excel?\",\"isPartOf\":{\"@id\":\"https:\/\/exceladvisor.org\/nl\/#website\"},\"primaryImageOfPage\":{\"@id\":\"https:\/\/exceladvisor.org\/nl\/een-reeks-cellen-aaneenschakelen\/#primaryimage\"},\"image\":{\"@id\":\"https:\/\/exceladvisor.org\/nl\/een-reeks-cellen-aaneenschakelen\/#primaryimage\"},\"thumbnailUrl\":\"https:\/\/exceladvisor.org\/wp-content\/uploads\/2023\/08\/1.gif\",\"datePublished\":\"2023-10-23T16:38:56+00:00\",\"dateModified\":\"2023-12-06T05:57:47+00:00\",\"description\":\"Hier volgen de vijf methoden om een reeks cellen samen te voegen tot \u00e9\u00e9n cel die u in verschillende situaties kunt gebruiken.\",\"breadcrumb\":{\"@id\":\"https:\/\/exceladvisor.org\/nl\/een-reeks-cellen-aaneenschakelen\/#breadcrumb\"},\"inLanguage\":\"nl-NL\",\"potentialAction\":[{\"@type\":\"ReadAction\",\"target\":[\"https:\/\/exceladvisor.org\/nl\/een-reeks-cellen-aaneenschakelen\/\"]}]},{\"@type\":\"ImageObject\",\"inLanguage\":\"nl-NL\",\"@id\":\"https:\/\/exceladvisor.org\/nl\/een-reeks-cellen-aaneenschakelen\/#primaryimage\",\"url\":\"https:\/\/exceladvisor.org\/wp-content\/uploads\/2023\/08\/1.gif\",\"contentUrl\":\"https:\/\/exceladvisor.org\/wp-content\/uploads\/2023\/08\/1.gif\"},{\"@type\":\"BreadcrumbList\",\"@id\":\"https:\/\/exceladvisor.org\/nl\/een-reeks-cellen-aaneenschakelen\/#breadcrumb\",\"itemListElement\":[{\"@type\":\"ListItem\",\"position\":1,\"name\":\"Thuis\",\"item\":\"https:\/\/exceladvisor.org\/nl\/\"},{\"@type\":\"ListItem\",\"position\":2,\"name\":\"Hoe een cellenbereik samenvoegen in excel?\"}]},{\"@type\":\"WebSite\",\"@id\":\"https:\/\/exceladvisor.org\/nl\/#website\",\"url\":\"https:\/\/exceladvisor.org\/nl\/\",\"name\":\"Excel Advisor\",\"description\":\"Uw gids voor datadominantie\",\"publisher\":{\"@id\":\"https:\/\/exceladvisor.org\/nl\/#organization\"},\"potentialAction\":[{\"@type\":\"SearchAction\",\"target\":{\"@type\":\"EntryPoint\",\"urlTemplate\":\"https:\/\/exceladvisor.org\/nl\/?s={search_term_string}\"},\"query-input\":{\"@type\":\"PropertyValueSpecification\",\"valueRequired\":true,\"valueName\":\"search_term_string\"}}],\"inLanguage\":\"nl-NL\"},{\"@type\":\"Organization\",\"@id\":\"https:\/\/exceladvisor.org\/nl\/#organization\",\"name\":\"Excel Advisor\",\"url\":\"https:\/\/exceladvisor.org\/nl\/\",\"logo\":{\"@type\":\"ImageObject\",\"inLanguage\":\"nl-NL\",\"@id\":\"https:\/\/exceladvisor.org\/nl\/#\/schema\/logo\/image\/\",\"url\":\"https:\/\/exceladvisor.org\/nl\/wp-content\/uploads\/2023\/12\/exceladvisor.org_.png\",\"contentUrl\":\"https:\/\/exceladvisor.org\/nl\/wp-content\/uploads\/2023\/12\/exceladvisor.org_.png\",\"width\":105,\"height\":36,\"caption\":\"Excel Advisor\"},\"image\":{\"@id\":\"https:\/\/exceladvisor.org\/nl\/#\/schema\/logo\/image\/\"}}]}<\/script>\n<!-- \/ Yoast SEO plugin. -->","yoast_head_json":{"title":"Hoe een cellenbereik samenvoegen in Excel?","description":"Hier volgen de vijf methoden om een reeks cellen samen te voegen tot \u00e9\u00e9n cel die u in verschillende situaties kunt gebruiken.","robots":{"index":"index","follow":"follow","max-snippet":"max-snippet:-1","max-image-preview":"max-image-preview:large","max-video-preview":"max-video-preview:-1"},"canonical":"https:\/\/exceladvisor.org\/nl\/een-reeks-cellen-aaneenschakelen\/","og_locale":"nl_NL","og_type":"article","og_title":"Hoe een cellenbereik samenvoegen in Excel?","og_description":"Hier volgen de vijf methoden om een reeks cellen samen te voegen tot \u00e9\u00e9n cel die u in verschillende situaties kunt gebruiken.","og_url":"https:\/\/exceladvisor.org\/nl\/een-reeks-cellen-aaneenschakelen\/","og_site_name":"Excel Advisor","article_modified_time":"2023-12-06T05:57:47+00:00","og_image":[{"url":"https:\/\/exceladvisor.org\/wp-content\/uploads\/2023\/08\/1.gif","type":"","width":"","height":""}],"twitter_card":"summary_large_image","twitter_misc":{"Geschatte leestijd":"5 minuten"},"schema":{"@context":"https:\/\/schema.org","@graph":[{"@type":"WebPage","@id":"https:\/\/exceladvisor.org\/nl\/een-reeks-cellen-aaneenschakelen\/","url":"https:\/\/exceladvisor.org\/nl\/een-reeks-cellen-aaneenschakelen\/","name":"Hoe een cellenbereik samenvoegen in Excel?","isPartOf":{"@id":"https:\/\/exceladvisor.org\/nl\/#website"},"primaryImageOfPage":{"@id":"https:\/\/exceladvisor.org\/nl\/een-reeks-cellen-aaneenschakelen\/#primaryimage"},"image":{"@id":"https:\/\/exceladvisor.org\/nl\/een-reeks-cellen-aaneenschakelen\/#primaryimage"},"thumbnailUrl":"https:\/\/exceladvisor.org\/wp-content\/uploads\/2023\/08\/1.gif","datePublished":"2023-10-23T16:38:56+00:00","dateModified":"2023-12-06T05:57:47+00:00","description":"Hier volgen de vijf methoden om een reeks cellen samen te voegen tot \u00e9\u00e9n cel die u in verschillende situaties kunt gebruiken.","breadcrumb":{"@id":"https:\/\/exceladvisor.org\/nl\/een-reeks-cellen-aaneenschakelen\/#breadcrumb"},"inLanguage":"nl-NL","potentialAction":[{"@type":"ReadAction","target":["https:\/\/exceladvisor.org\/nl\/een-reeks-cellen-aaneenschakelen\/"]}]},{"@type":"ImageObject","inLanguage":"nl-NL","@id":"https:\/\/exceladvisor.org\/nl\/een-reeks-cellen-aaneenschakelen\/#primaryimage","url":"https:\/\/exceladvisor.org\/wp-content\/uploads\/2023\/08\/1.gif","contentUrl":"https:\/\/exceladvisor.org\/wp-content\/uploads\/2023\/08\/1.gif"},{"@type":"BreadcrumbList","@id":"https:\/\/exceladvisor.org\/nl\/een-reeks-cellen-aaneenschakelen\/#breadcrumb","itemListElement":[{"@type":"ListItem","position":1,"name":"Thuis","item":"https:\/\/exceladvisor.org\/nl\/"},{"@type":"ListItem","position":2,"name":"Hoe een cellenbereik samenvoegen in excel?"}]},{"@type":"WebSite","@id":"https:\/\/exceladvisor.org\/nl\/#website","url":"https:\/\/exceladvisor.org\/nl\/","name":"Excel Advisor","description":"Uw gids voor datadominantie","publisher":{"@id":"https:\/\/exceladvisor.org\/nl\/#organization"},"potentialAction":[{"@type":"SearchAction","target":{"@type":"EntryPoint","urlTemplate":"https:\/\/exceladvisor.org\/nl\/?s={search_term_string}"},"query-input":{"@type":"PropertyValueSpecification","valueRequired":true,"valueName":"search_term_string"}}],"inLanguage":"nl-NL"},{"@type":"Organization","@id":"https:\/\/exceladvisor.org\/nl\/#organization","name":"Excel Advisor","url":"https:\/\/exceladvisor.org\/nl\/","logo":{"@type":"ImageObject","inLanguage":"nl-NL","@id":"https:\/\/exceladvisor.org\/nl\/#\/schema\/logo\/image\/","url":"https:\/\/exceladvisor.org\/nl\/wp-content\/uploads\/2023\/12\/exceladvisor.org_.png","contentUrl":"https:\/\/exceladvisor.org\/nl\/wp-content\/uploads\/2023\/12\/exceladvisor.org_.png","width":105,"height":36,"caption":"Excel Advisor"},"image":{"@id":"https:\/\/exceladvisor.org\/nl\/#\/schema\/logo\/image\/"}}]}},"yoast_meta":{"yoast_wpseo_title":"","yoast_wpseo_metadesc":"","yoast_wpseo_canonical":""},"_links":{"self":[{"href":"https:\/\/exceladvisor.org\/nl\/wp-json\/wp\/v2\/pages\/2040","targetHints":{"allow":["GET"]}}],"collection":[{"href":"https:\/\/exceladvisor.org\/nl\/wp-json\/wp\/v2\/pages"}],"about":[{"href":"https:\/\/exceladvisor.org\/nl\/wp-json\/wp\/v2\/types\/page"}],"author":[{"embeddable":true,"href":"https:\/\/exceladvisor.org\/nl\/wp-json\/wp\/v2\/users\/1"}],"replies":[{"embeddable":true,"href":"https:\/\/exceladvisor.org\/nl\/wp-json\/wp\/v2\/comments?post=2040"}],"version-history":[{"count":1,"href":"https:\/\/exceladvisor.org\/nl\/wp-json\/wp\/v2\/pages\/2040\/revisions"}],"predecessor-version":[{"id":2403,"href":"https:\/\/exceladvisor.org\/nl\/wp-json\/wp\/v2\/pages\/2040\/revisions\/2403"}],"wp:attachment":[{"href":"https:\/\/exceladvisor.org\/nl\/wp-json\/wp\/v2\/media?parent=2040"}],"curies":[{"name":"wp","href":"https:\/\/api.w.org\/{rel}","templated":true}]}}