{"id":2042,"date":"2023-10-23T06:04:06","date_gmt":"2023-10-23T06:04:06","guid":{"rendered":"https:\/\/exceladvisor.org\/nl\/meerdere-waarden-vervangen\/"},"modified":"2023-12-06T05:50:23","modified_gmt":"2023-12-06T05:50:23","slug":"meerdere-waarden-vervangen","status":"publish","type":"page","link":"https:\/\/exceladvisor.org\/nl\/meerdere-waarden-vervangen\/","title":{"rendered":"Hoe meerdere (geneste) waarden in excel vervangen?"},"content":{"rendered":"<div class=\"excel-voor-de-inhoud\" id=\"excel-2508902125\"><script type=\"text\/javascript\">\r\n\tatOptions = {\r\n\t\t'key' : 'c1158f160081d6540a8409e6925dab94',\r\n\t\t'format' : 'iframe',\r\n\t\t'height' : 250,\r\n\t\t'width' : 300,\r\n\t\t'params' : {}\r\n\t};\r\n<\/script>\r\n<script type=\"text\/javascript\" src=\"\/\/www.highperformanceformat.com\/c1158f160081d6540a8409e6925dab94\/invoke.js\"><\/script><\/div> <p>Als u in Excel meerdere waarden uit \u00e9\u00e9n cel wilt vervangen, moet u in dit geval een geneste formule maken met de functie SUBSTITUTE. En in deze tutorial leren we hoe we deze formule kunnen schrijven.<\/p><h2 class=\"wp-block-heading\"> Schrijf een geneste vervangingsformule om meerdere waarden te vervangen<\/h2><p> Hieronder staat de formule waarin we de SUBSTITUTE-functies vijf keer hebben gebruikt om vijf waarden in cel A1 te vervangen. <\/p><div class=\"wp-block-image\"><figure class=\"aligncenter size-full is-resized\"><img loading=\"lazy\" decoding=\"async\" class=\"wp-image-83064\" src=\"https:\/\/exceladvisor.org\/wp-content\/uploads\/2023\/08\/1-remplacer-plusieurs-valeurs.png\" sizes=\"auto, \" srcset=\"\" alt=\"vervang meerdere waarden\" width=\"707\" height=\"233\"><\/figure><\/div><pre class=\"wp-block-preformatted\"> =SUBSTITUTE(SUBSTITUTE(SUBSTITUTE(SUBSTITUTE(SUBSTITUTE(A1,\"One\",\"1\"),\"Two\",\"2\"),\"Three\",\"3\"),\"Four\",\"4\"),\" Five\",\"5\")<\/pre><p> Deze formule is een geneste formule waarbij de functie VERVANGEN vijf keer wordt gebruikt om vijf waarden in de cel te vervangen. En om u te helpen deze formule te begrijpen, heb ik deze als volgt gestructureerd: <\/p><div class=\"wp-block-image\"><figure class=\"aligncenter size-full is-resized\"><img loading=\"lazy\" decoding=\"async\" class=\"wp-image-83065\" src=\"https:\/\/exceladvisor.org\/wp-content\/uploads\/2023\/08\/2-formules-imbriquees-avec-fonction-de-substitution.png\" sizes=\"auto, \" srcset=\"\" alt=\"geneste-formule-met-substitutie-functie\" width=\"691\" height=\"211\"><\/figure><\/div><p> Deze formule vervangt:<\/p><ul><li> E\u00e9n \u21e2 1<\/li><li> Twee \u21e2 2<\/li><li> Drie \u21e2 3<\/li><li> Oven \u21e2 4<\/li><li> Vijf \u21e2 5<\/li><\/ul><p> Omdat dit een geneste formule is, gebruikt de tweede functie de waarde die door de eerste is geretourneerd, de derde functie gebruikt de waarden die door de tweede zijn geretourneerd, enzovoort. <\/p><div class=\"wp-block-image\"><figure class=\"aligncenter size-full is-resized\"><img loading=\"lazy\" decoding=\"async\" class=\"wp-image-83066\" src=\"https:\/\/exceladvisor.org\/wp-content\/uploads\/2023\/08\/3-deuxieme-fonction-utilise-la-valeur-renvoyee-par-first1.png\" sizes=\"auto, \" srcset=\"\" alt=\"de tweede-functie-gebruikt-de-waarde-teruggegeven-door-de-eerste\" width=\"700\" height=\"213\"><\/figure><\/div><h2 class=\"wp-block-heading\"> Geneste vervanging met celverwijzing<\/h2><p> In de bovenstaande formule hebben we de waarden \u00e9\u00e9n voor \u00e9\u00e9n rechtstreeks in de formule ingevoerd. Maar u kunt ook voor alle waarden een celverwijzing maken. <\/p><div class=\"wp-block-image\"><figure class=\"aligncenter size-full is-resized\"><img loading=\"lazy\" decoding=\"async\" class=\"wp-image-83067\" src=\"https:\/\/exceladvisor.org\/wp-content\/uploads\/2023\/08\/4-substituts-imbriques-avec-reference-de-cellule.png\" sizes=\"auto, \" srcset=\"\" alt=\"geneste vervanging-met-celreferentie\" width=\"648\" height=\"338\"><\/figure><\/div><pre class=\"wp-block-preformatted\"> =SUBSTITUTE(SUBSTITUTE(SUBSTITUTE(SUBSTITUTE(SUBSTITUTE(A1,INDEX(D1:D5,1),INDEX(E1:E5,1)),INDEX(D1:D5,2),INDEX(E1:E5,2)) ,INDEX(D1:D5,3),INDEX(E1:E5,3)),INDEX(D1:D5,4),INDEX(E1:E5,4)),INDEX(D1:D5,5),INDEX( E1:E5,5)) <\/pre><div class=\"wp-block-image\"><figure class=\"aligncenter size-full is-resized\"><img loading=\"lazy\" decoding=\"async\" class=\"wp-image-83069\" src=\"https:\/\/exceladvisor.org\/wp-content\/uploads\/2023\/08\/5-deux-fonctions-dindex-imbriquees-dans-la-formule.png\" sizes=\"auto, \" srcset=\"\" alt=\"twee-index-geneste-functies-in-formule\" width=\"678\" height=\"219\"><\/figure><\/div><p> In elke functie in de formule heb je twee INDEX-functies. De eerste INDEX-functie retourneert de waarde die u wilt vervangen in het bereik E1:E5, en de tweede INDEX haalt de nieuwe waarde op die u wilt vervangen in het bereik F1:F5. <\/p><div class=\"gb-container gb-container-52dfcee1 gb-container-sample-file\"><h2 class=\"gb-headline gb-headline-e289c143 gb-headline-text gb-headline-4f7959c2\"> Haal het Excel-bestand op<\/h2> <a class=\"gb-button gb-button-e88d6bee gb-button-text gb-button-button1\" href=\"https:\/\/exceladvisor.org\/nl\/a\/\" rel=\"nofollow\">Downloaden<\/a><\/div><div class=\"gb-container gb-container-0df56012 gb-container-mt\"> <a class=\"gb-button gb-button-f9f432f4 gb-button-text gb-button-mt-button\" href=\"https:\/\/exceladvisor.org\/nl\/formules\/\">Lijst met Excel-formules<\/a><h2 class=\"gb-headline gb-headline-233444e8 gb-headline-text gb-headline-mt-heading\"> Gerelateerde formules <\/h2><div class=\"gb-grid-wrapper gb-grid-wrapper-a16fa65c gb-grid-wrapper-mt-grid\"><div class=\"gb-grid-column gb-grid-column-50d07e0d\"><div class=\"gb-container gb-container-50d07e0d\"><ul><li> <a href=\"https:\/\/exceladvisor.org\/nl\/nieuwe-regel-in-cel\/\">Een nieuwe regel toevoegen aan een cel in Excel (regeleinde)<\/a><\/li><li> <a href=\"https:\/\/exceladvisor.org\/nl\/voorloopnullen\/\">Voeg voorloopnullen toe in Excel<\/a><\/li><li> <a href=\"https:\/\/exceladvisor.org\/nl\/cellen-samenvoegen-met-een-komma\/\">Voeg cellen samen met een komma in Excel<\/a><\/li><li> <a href=\"https:\/\/exceladvisor.org\/nl\/een-reeks-cellen-aaneenschakelen\/\">Voeg een reeks cellen samen in Excel<\/a><\/li><li> <a href=\"https:\/\/exceladvisor.org\/nl\/een-regeleinde-aaneenschakelen\/\">Samenvoegen met regeleinde in Excel<\/a><\/li><\/ul><\/div><\/div><\/div><\/div>","protected":false},"excerpt":{"rendered":"","protected":false},"author":1,"featured_media":0,"parent":0,"menu_order":0,"comment_status":"open","ping_status":"closed","template":"","meta":{"ub_ctt_via":"","footnotes":""},"class_list":["post-2042","page","type-page","status-publish","hentry"],"featured_image_src":null,"yoast_head":"<!-- This site is optimized with the Yoast SEO plugin v25.4 - https:\/\/yoast.com\/wordpress\/plugins\/seo\/ -->\n<title>Hoe meerdere (geneste) waarden in Excel vervangen?<\/title>\n<meta name=\"description\" content=\"In deze tutorial leert u hoe u een Excel-formule schrijft om meerdere waarden uit een tekenreeks te vervangen. Laten we dit controleren...\" \/>\n<meta name=\"robots\" content=\"index, follow, max-snippet:-1, max-image-preview:large, max-video-preview:-1\" \/>\n<link rel=\"canonical\" href=\"https:\/\/exceladvisor.org\/nl\/meerdere-waarden-vervangen\/\" \/>\n<meta property=\"og:locale\" content=\"nl_NL\" \/>\n<meta property=\"og:type\" content=\"article\" \/>\n<meta property=\"og:title\" content=\"Hoe meerdere (geneste) waarden in Excel vervangen?\" \/>\n<meta property=\"og:description\" content=\"In deze tutorial leert u hoe u een Excel-formule schrijft om meerdere waarden uit een tekenreeks te vervangen. Laten we dit controleren...\" \/>\n<meta property=\"og:url\" content=\"https:\/\/exceladvisor.org\/nl\/meerdere-waarden-vervangen\/\" \/>\n<meta property=\"og:site_name\" content=\"Excel Advisor\" \/>\n<meta property=\"article:modified_time\" content=\"2023-12-06T05:50:23+00:00\" \/>\n<meta property=\"og:image\" content=\"https:\/\/exceladvisor.org\/wp-content\/uploads\/2023\/08\/1-remplacer-plusieurs-valeurs.png\" \/>\n<meta name=\"twitter:card\" content=\"summary_large_image\" \/>\n<meta name=\"twitter:label1\" content=\"Geschatte leestijd\" \/>\n\t<meta name=\"twitter:data1\" content=\"2 minuten\" \/>\n<script type=\"application\/ld+json\" class=\"yoast-schema-graph\">{\"@context\":\"https:\/\/schema.org\",\"@graph\":[{\"@type\":\"WebPage\",\"@id\":\"https:\/\/exceladvisor.org\/nl\/meerdere-waarden-vervangen\/\",\"url\":\"https:\/\/exceladvisor.org\/nl\/meerdere-waarden-vervangen\/\",\"name\":\"Hoe meerdere (geneste) waarden in Excel vervangen?\",\"isPartOf\":{\"@id\":\"https:\/\/exceladvisor.org\/nl\/#website\"},\"primaryImageOfPage\":{\"@id\":\"https:\/\/exceladvisor.org\/nl\/meerdere-waarden-vervangen\/#primaryimage\"},\"image\":{\"@id\":\"https:\/\/exceladvisor.org\/nl\/meerdere-waarden-vervangen\/#primaryimage\"},\"thumbnailUrl\":\"https:\/\/exceladvisor.org\/wp-content\/uploads\/2023\/08\/1-remplacer-plusieurs-valeurs.png\",\"datePublished\":\"2023-10-23T06:04:06+00:00\",\"dateModified\":\"2023-12-06T05:50:23+00:00\",\"description\":\"In deze tutorial leert u hoe u een Excel-formule schrijft om meerdere waarden uit een tekenreeks te vervangen. Laten we dit controleren...\",\"breadcrumb\":{\"@id\":\"https:\/\/exceladvisor.org\/nl\/meerdere-waarden-vervangen\/#breadcrumb\"},\"inLanguage\":\"nl-NL\",\"potentialAction\":[{\"@type\":\"ReadAction\",\"target\":[\"https:\/\/exceladvisor.org\/nl\/meerdere-waarden-vervangen\/\"]}]},{\"@type\":\"ImageObject\",\"inLanguage\":\"nl-NL\",\"@id\":\"https:\/\/exceladvisor.org\/nl\/meerdere-waarden-vervangen\/#primaryimage\",\"url\":\"https:\/\/exceladvisor.org\/wp-content\/uploads\/2023\/08\/1-remplacer-plusieurs-valeurs.png\",\"contentUrl\":\"https:\/\/exceladvisor.org\/wp-content\/uploads\/2023\/08\/1-remplacer-plusieurs-valeurs.png\"},{\"@type\":\"BreadcrumbList\",\"@id\":\"https:\/\/exceladvisor.org\/nl\/meerdere-waarden-vervangen\/#breadcrumb\",\"itemListElement\":[{\"@type\":\"ListItem\",\"position\":1,\"name\":\"Thuis\",\"item\":\"https:\/\/exceladvisor.org\/nl\/\"},{\"@type\":\"ListItem\",\"position\":2,\"name\":\"Hoe meerdere (geneste) waarden in excel vervangen?\"}]},{\"@type\":\"WebSite\",\"@id\":\"https:\/\/exceladvisor.org\/nl\/#website\",\"url\":\"https:\/\/exceladvisor.org\/nl\/\",\"name\":\"Excel Advisor\",\"description\":\"Uw gids voor datadominantie\",\"publisher\":{\"@id\":\"https:\/\/exceladvisor.org\/nl\/#organization\"},\"potentialAction\":[{\"@type\":\"SearchAction\",\"target\":{\"@type\":\"EntryPoint\",\"urlTemplate\":\"https:\/\/exceladvisor.org\/nl\/?s={search_term_string}\"},\"query-input\":{\"@type\":\"PropertyValueSpecification\",\"valueRequired\":true,\"valueName\":\"search_term_string\"}}],\"inLanguage\":\"nl-NL\"},{\"@type\":\"Organization\",\"@id\":\"https:\/\/exceladvisor.org\/nl\/#organization\",\"name\":\"Excel Advisor\",\"url\":\"https:\/\/exceladvisor.org\/nl\/\",\"logo\":{\"@type\":\"ImageObject\",\"inLanguage\":\"nl-NL\",\"@id\":\"https:\/\/exceladvisor.org\/nl\/#\/schema\/logo\/image\/\",\"url\":\"https:\/\/exceladvisor.org\/nl\/wp-content\/uploads\/2023\/12\/exceladvisor.org_.png\",\"contentUrl\":\"https:\/\/exceladvisor.org\/nl\/wp-content\/uploads\/2023\/12\/exceladvisor.org_.png\",\"width\":105,\"height\":36,\"caption\":\"Excel Advisor\"},\"image\":{\"@id\":\"https:\/\/exceladvisor.org\/nl\/#\/schema\/logo\/image\/\"}}]}<\/script>\n<!-- \/ Yoast SEO plugin. -->","yoast_head_json":{"title":"Hoe meerdere (geneste) waarden in Excel vervangen?","description":"In deze tutorial leert u hoe u een Excel-formule schrijft om meerdere waarden uit een tekenreeks te vervangen. Laten we dit controleren...","robots":{"index":"index","follow":"follow","max-snippet":"max-snippet:-1","max-image-preview":"max-image-preview:large","max-video-preview":"max-video-preview:-1"},"canonical":"https:\/\/exceladvisor.org\/nl\/meerdere-waarden-vervangen\/","og_locale":"nl_NL","og_type":"article","og_title":"Hoe meerdere (geneste) waarden in Excel vervangen?","og_description":"In deze tutorial leert u hoe u een Excel-formule schrijft om meerdere waarden uit een tekenreeks te vervangen. Laten we dit controleren...","og_url":"https:\/\/exceladvisor.org\/nl\/meerdere-waarden-vervangen\/","og_site_name":"Excel Advisor","article_modified_time":"2023-12-06T05:50:23+00:00","og_image":[{"url":"https:\/\/exceladvisor.org\/wp-content\/uploads\/2023\/08\/1-remplacer-plusieurs-valeurs.png","type":"","width":"","height":""}],"twitter_card":"summary_large_image","twitter_misc":{"Geschatte leestijd":"2 minuten"},"schema":{"@context":"https:\/\/schema.org","@graph":[{"@type":"WebPage","@id":"https:\/\/exceladvisor.org\/nl\/meerdere-waarden-vervangen\/","url":"https:\/\/exceladvisor.org\/nl\/meerdere-waarden-vervangen\/","name":"Hoe meerdere (geneste) waarden in Excel vervangen?","isPartOf":{"@id":"https:\/\/exceladvisor.org\/nl\/#website"},"primaryImageOfPage":{"@id":"https:\/\/exceladvisor.org\/nl\/meerdere-waarden-vervangen\/#primaryimage"},"image":{"@id":"https:\/\/exceladvisor.org\/nl\/meerdere-waarden-vervangen\/#primaryimage"},"thumbnailUrl":"https:\/\/exceladvisor.org\/wp-content\/uploads\/2023\/08\/1-remplacer-plusieurs-valeurs.png","datePublished":"2023-10-23T06:04:06+00:00","dateModified":"2023-12-06T05:50:23+00:00","description":"In deze tutorial leert u hoe u een Excel-formule schrijft om meerdere waarden uit een tekenreeks te vervangen. Laten we dit controleren...","breadcrumb":{"@id":"https:\/\/exceladvisor.org\/nl\/meerdere-waarden-vervangen\/#breadcrumb"},"inLanguage":"nl-NL","potentialAction":[{"@type":"ReadAction","target":["https:\/\/exceladvisor.org\/nl\/meerdere-waarden-vervangen\/"]}]},{"@type":"ImageObject","inLanguage":"nl-NL","@id":"https:\/\/exceladvisor.org\/nl\/meerdere-waarden-vervangen\/#primaryimage","url":"https:\/\/exceladvisor.org\/wp-content\/uploads\/2023\/08\/1-remplacer-plusieurs-valeurs.png","contentUrl":"https:\/\/exceladvisor.org\/wp-content\/uploads\/2023\/08\/1-remplacer-plusieurs-valeurs.png"},{"@type":"BreadcrumbList","@id":"https:\/\/exceladvisor.org\/nl\/meerdere-waarden-vervangen\/#breadcrumb","itemListElement":[{"@type":"ListItem","position":1,"name":"Thuis","item":"https:\/\/exceladvisor.org\/nl\/"},{"@type":"ListItem","position":2,"name":"Hoe meerdere (geneste) waarden in excel vervangen?"}]},{"@type":"WebSite","@id":"https:\/\/exceladvisor.org\/nl\/#website","url":"https:\/\/exceladvisor.org\/nl\/","name":"Excel Advisor","description":"Uw gids voor datadominantie","publisher":{"@id":"https:\/\/exceladvisor.org\/nl\/#organization"},"potentialAction":[{"@type":"SearchAction","target":{"@type":"EntryPoint","urlTemplate":"https:\/\/exceladvisor.org\/nl\/?s={search_term_string}"},"query-input":{"@type":"PropertyValueSpecification","valueRequired":true,"valueName":"search_term_string"}}],"inLanguage":"nl-NL"},{"@type":"Organization","@id":"https:\/\/exceladvisor.org\/nl\/#organization","name":"Excel Advisor","url":"https:\/\/exceladvisor.org\/nl\/","logo":{"@type":"ImageObject","inLanguage":"nl-NL","@id":"https:\/\/exceladvisor.org\/nl\/#\/schema\/logo\/image\/","url":"https:\/\/exceladvisor.org\/nl\/wp-content\/uploads\/2023\/12\/exceladvisor.org_.png","contentUrl":"https:\/\/exceladvisor.org\/nl\/wp-content\/uploads\/2023\/12\/exceladvisor.org_.png","width":105,"height":36,"caption":"Excel Advisor"},"image":{"@id":"https:\/\/exceladvisor.org\/nl\/#\/schema\/logo\/image\/"}}]}},"yoast_meta":{"yoast_wpseo_title":"","yoast_wpseo_metadesc":"","yoast_wpseo_canonical":""},"_links":{"self":[{"href":"https:\/\/exceladvisor.org\/nl\/wp-json\/wp\/v2\/pages\/2042","targetHints":{"allow":["GET"]}}],"collection":[{"href":"https:\/\/exceladvisor.org\/nl\/wp-json\/wp\/v2\/pages"}],"about":[{"href":"https:\/\/exceladvisor.org\/nl\/wp-json\/wp\/v2\/types\/page"}],"author":[{"embeddable":true,"href":"https:\/\/exceladvisor.org\/nl\/wp-json\/wp\/v2\/users\/1"}],"replies":[{"embeddable":true,"href":"https:\/\/exceladvisor.org\/nl\/wp-json\/wp\/v2\/comments?post=2042"}],"version-history":[{"count":1,"href":"https:\/\/exceladvisor.org\/nl\/wp-json\/wp\/v2\/pages\/2042\/revisions"}],"predecessor-version":[{"id":2720,"href":"https:\/\/exceladvisor.org\/nl\/wp-json\/wp\/v2\/pages\/2042\/revisions\/2720"}],"wp:attachment":[{"href":"https:\/\/exceladvisor.org\/nl\/wp-json\/wp\/v2\/media?parent=2042"}],"curies":[{"name":"wp","href":"https:\/\/api.w.org\/{rel}","templated":true}]}}