{"id":2054,"date":"2023-10-22T14:25:42","date_gmt":"2023-10-22T14:25:42","guid":{"rendered":"https:\/\/exceladvisor.org\/nl\/werkmap-opslaan\/"},"modified":"2023-12-06T05:55:18","modified_gmt":"2023-12-06T05:55:18","slug":"werkmap-opslaan","status":"publish","type":"page","link":"https:\/\/exceladvisor.org\/nl\/werkmap-opslaan\/","title":{"rendered":"5 manieren om een werkmap in excel op te slaan"},"content":{"rendered":"<div class=\"excel-voor-de-inhoud\" id=\"excel-968930069\"><script type=\"text\/javascript\">\r\n\tatOptions = {\r\n\t\t'key' : 'c1158f160081d6540a8409e6925dab94',\r\n\t\t'format' : 'iframe',\r\n\t\t'height' : 250,\r\n\t\t'width' : 300,\r\n\t\t'params' : {}\r\n\t};\r\n<\/script>\r\n<script type=\"text\/javascript\" src=\"\/\/www.highperformanceformat.com\/c1158f160081d6540a8409e6925dab94\/invoke.js\"><\/script><\/div> <p>Als u een Excel-werkmap wilt opslaan met VBA, moet u de SAVE-methode gebruiken om een macro te schrijven. En in deze macro moet u de werkmap opgeven die u wilt opslaan en vervolgens de SAVE-methode gebruiken. Wanneer u deze code uitvoert, werkt deze als de sneltoets (Ctrl + S). <\/p><div class=\"wp-block-image\"><figure class=\"aligncenter size-large is-resized\"><img loading=\"lazy\" decoding=\"async\" class=\"wp-image-53053\" src=\"https:\/\/exceladvisor.org\/wp-content\/uploads\/2023\/08\/1-specifiez-le-classeur-que-vous-souhaitez-enregistrer.png\" sizes=\"auto, \" srcset=\"\" alt=\"geef de werkmap op die u wilt opslaan\" width=\"468\" height=\"315\"><\/figure><\/div><ol type=\"1\"><li> Geef de werkmaphoed op die u wilt opslaan.<\/li><li> Typ een periode om een lijst met alle eigenschappen en methoden te krijgen.<\/li><li> Selecteer hieruit de methode \u201cOpslaan\u201d of tik op \u201cOpslaan\u201d<\/li><li> Voer aan het einde de code uit om de werkmap op te slaan.<\/li><\/ol><p> In deze zelfstudie bekijken we verschillende manieren om een werkmap op te slaan. Zorg er dus voor dat u de VBA-editor opent vanaf het tabblad Ontwikkelaars om de code uit deze zelfstudie te gebruiken.<\/p><h2 class=\"wp-block-heading\"> Actieve werkmap opslaan<\/h2><p> Als u in dit geval de actieve werkmap wilt opslaan, kunt u een code zoals de volgende code gebruiken, in plaats van de werkmap bij naam op te geven.<\/p><pre class=\"wp-block-code\"> <code class=\"language-visual-basic\" lang=\"visual-basic\">ActiveWorkbook.Save<\/code><\/pre><p> Wanneer u ActiveWorkbook als werkmap gebruikt, verwijst VBA altijd naar de werkmap die actief is, ongeacht het bestand waarin u de code schrijft.<\/p><h2 class=\"wp-block-heading\"> Sla de werkmap op waarin u code schrijft<\/h2><p> Als u het bestand waarin u de code schrijft, wilt opslaan, moet u &#8220;ThisWorkbook&#8221; gebruiken in plaats van de naam van de werkmap.<\/p><pre class=\"wp-block-code\"> <code class=\"language-visual-basic\" lang=\"visual-basic\">ThisWorkbook.Save<\/code><\/pre><h2 class=\"wp-block-heading\"> Bewaar alle geopende werkmappen<\/h2><p> Hier kunnen we een lus gebruiken om alle geopende werkmappen te doorlopen en ze \u00e9\u00e9n voor \u00e9\u00e9n op te slaan. Kijk naar de onderstaande code.<\/p><pre class=\"wp-block-code\"> <code class=\"language-visual-basic\" lang=\"visual-basic\">Sub vba_save_workbook() 'variable to use as a workbook Dim wb As Workbook 'For each to loop through each open workbook and save it For Each wb In Workbooks wb.Save Next wb End Sub<\/code><\/pre><p> De bovenstaande code gebruikt FOR EACH-lus in elke werkmap en gebruikt de SAVE-methode voor elk bestand \u00e9\u00e9n voor \u00e9\u00e9n.<\/p><p class=\"qt-tip\"> <strong>Opmerking:<\/strong> als u een werkmap probeert op te slaan met de SAVE-methode die nog niet is opgeslagen, geeft Excel een dialoogvenster weer waarin u om toestemming wordt gevraagd om dit bestand op te slaan. Vervolgens moet u kiezen of u dit bestand op de standaardlocatie wilt opslaan. in standaardformaat.<\/p><p> <strong>Dit is het punt:<\/strong> aangezien u een macro gebruikt om de werkmap op te slaan, moet dit bestand worden opgeslagen in het macro-compatibele formaat en de beste manier om met deze situatie om te gaan is door de SAVE AS-methode te gebruiken (we zullen zien in het volgende gedeelte van deze tutorial).<\/p><h2 class=\"wp-block-heading\"> Opslaan als Excel-bestand<\/h2><p> Om een bestand dat nog niet is opgeslagen, op te slaan met VBA, moet u de SAVE AS-methode gebruiken. Bij deze methode kunt u de bestandsnaam en het pad instellen waar u het bestand wilt opslaan, en daarnaast zijn er nog tien andere argumenten die u kunt instellen.<\/p><pre class=\"wp-block-code\"> <code class=\"language-visual-basic\" lang=\"visual-basic\">expression.SaveAs (FileName, FileFormat, Password, WriteResPassword, ReadOnlyRecommended, CreateBackup, AccessMode, ConflictResolution, AddToMru, TextCodepage, TextVisualLayout, Local)<\/code><\/pre><p> In de volgende code heb je geen argumenten met de methode &#8216;SAVE AS&#8217;. <\/p><div class=\"wp-block-image\"><figure class=\"aligncenter size-large is-resized\"><img loading=\"lazy\" decoding=\"async\" class=\"wp-image-53054\" src=\"https:\/\/exceladvisor.org\/wp-content\/uploads\/2023\/08\/2-enregistrer-en-tant-que-fichier-excel.png\" sizes=\"auto, \" srcset=\"\" alt=\"opslaan als Excel-bestand\" width=\"404\" height=\"223\"><\/figure><\/div><p> Wanneer u deze code uitvoert, wordt u een aantal dingen gevraagd, zoals welk formaat u wilt gebruiken om het bestand op te slaan, of wilt u het bestaande bestand dat al met dezelfde naam is opgeslagen, overschrijven. Het is dus beter om het gebruik van sommige argumenten te defini\u00ebren.<\/p><h2 class=\"wp-block-heading\"> Opslaan als bestand op de huidige locatie<\/h2><p> Standaard gebruikt VBA de huidige locatie om het bestand op te slaan. Wanneer u code schrijft met de SAVE AS-methode en alleen de naam opgeeft, gaat dit bestand rechtstreeks naar de huidige map. U kunt in de volgende code zien waar u de actieve werkmap hebt opgeslagen. <\/p><div class=\"wp-block-image\"><figure class=\"aligncenter size-large is-resized\"><img loading=\"lazy\" decoding=\"async\" class=\"wp-image-53055\" src=\"https:\/\/exceladvisor.org\/wp-content\/uploads\/2023\/08\/3-enregistrer-en-tant-que-fichier-a-lemplacement-actuel.png\" sizes=\"auto, \" srcset=\"\" alt=\"opslaan als bestand op de huidige locatie\" width=\"603\" height=\"138\"><\/figure><\/div><pre class=\"wp-block-code\"> <code class=\"language-visual-basic\" lang=\"visual-basic\">Sub save_as_file() ActiveWorkbook.SaveAs Filename:=\"myNewWorkbook\" End Sub<\/code><\/pre><h2 class=\"wp-block-heading\"> Opslaan als bestand op een specifieke locatie<\/h2><p> Met het argument bestandsnaam kunt u ook het pad gebruiken als u een andere locatie wilt gebruiken om het bestand op te slaan. <\/p><div class=\"wp-block-image\"><figure class=\"aligncenter size-large is-resized\"><img loading=\"lazy\" decoding=\"async\" class=\"wp-image-53056\" src=\"https:\/\/exceladvisor.org\/wp-content\/uploads\/2023\/08\/4-enregistrer-en-tant-que-fichier-a-un-emplacement-specifique.png\" sizes=\"auto, \" srcset=\"\" alt=\"opslaan als een bestand op een specifieke locatie\" width=\"639\" height=\"316\"><\/figure><\/div><pre class=\"wp-block-code\"> <code class=\"language-visual-basic\" lang=\"visual-basic\">Sub save_as_file() ActiveWorkbook.SaveAs _ Filename:=\"C:UsersDellDesktopmyNewBook\" End Sub<\/code><\/pre><p> In de bovenstaande code heb je het pad in het argument Bestandsnaam en VBA gebruikt dat pad naar het bestand.<\/p><p class=\"qt-tip\"> <strong>Opmerking:<\/strong> u kunt deze methode ook gebruiken om te controleren of een werkmap in een map bestaat of niet voordat u de SAVE AS-methode gebruikt om deze op een bepaalde locatie op te slaan. U kunt hier meer leren over de SAVE AS-methode.<\/p><div class=\"gb-container gb-container-4db6181c gb-container-mt\"> <a class=\"gb-button gb-button-c5897111 gb-button-text gb-button-mt-button\" href=\"https:\/\/exceladvisor.org\/nl\/vba\/\">Wat is VBA<\/a><h2 class=\"gb-headline gb-headline-665e5f6b gb-headline-text gb-headline-mt-heading\"> Gerelateerde tutorials <\/h2><div class=\"gb-grid-wrapper gb-grid-wrapper-a20baf7c gb-grid-wrapper-mt-grid\"><div class=\"gb-grid-column gb-grid-column-50067b57\"><div class=\"gb-container gb-container-50067b57\"><ul><li> <a href=\"https:\/\/exceladvisor.org\/nl\/dit-notitieboekje\/\">VBA ThisWorkbook (huidig Excel-bestand)<\/a><\/li><li> <a href=\"https:\/\/exceladvisor.org\/nl\/bindmiddel\/\">VBA-werkmap &#8211; Een handleiding voor het werken met werkmappen in VBA<\/a><\/li><li> <a href=\"https:\/\/exceladvisor.org\/nl\/controleer-of-de-werkmap-bestaat\/\">VBA Controleer of er een werkmap in een map bestaat (Excel-bestand)<\/a><\/li><li> <a href=\"https:\/\/exceladvisor.org\/nl\/controleer-geopende-werkmap\/\">VBA Controleer of een werkmap geopend is (Excel-bestand)<\/a><\/li><li> <a href=\"https:\/\/exceladvisor.org\/nl\/actieve-werkmap-per-macro\/\">Een Excel-werkmap met macro&#8217;s opslaan (bestandstype .xlsm)<\/a><\/li><\/ul><\/div><\/div><\/div><\/div>","protected":false},"excerpt":{"rendered":"","protected":false},"author":1,"featured_media":0,"parent":0,"menu_order":0,"comment_status":"open","ping_status":"closed","template":"","meta":{"ub_ctt_via":"","footnotes":""},"class_list":["post-2054","page","type-page","status-publish","hentry"],"featured_image_src":null,"yoast_head":"<!-- This site is optimized with the Yoast SEO plugin v25.4 - https:\/\/yoast.com\/wordpress\/plugins\/seo\/ -->\n<title>\u25b7 5 manieren om een werkmap in Excel op te slaan (Tutorial 2023)<\/title>\n<meta name=\"description\" content=\"Leer verschillende manieren om een werkmap op te slaan. Hoe u ook opslaan en opslaan als methode-argumenten kunt gebruiken die u nodig hebt\" \/>\n<meta name=\"robots\" content=\"index, follow, max-snippet:-1, max-image-preview:large, max-video-preview:-1\" \/>\n<link rel=\"canonical\" href=\"https:\/\/exceladvisor.org\/nl\/werkmap-opslaan\/\" \/>\n<meta property=\"og:locale\" content=\"nl_NL\" \/>\n<meta property=\"og:type\" content=\"article\" \/>\n<meta property=\"og:title\" content=\"\u25b7 5 manieren om een werkmap in Excel op te slaan (Tutorial 2023)\" \/>\n<meta property=\"og:description\" content=\"Leer verschillende manieren om een werkmap op te slaan. Hoe u ook opslaan en opslaan als methode-argumenten kunt gebruiken die u nodig hebt\" \/>\n<meta property=\"og:url\" content=\"https:\/\/exceladvisor.org\/nl\/werkmap-opslaan\/\" \/>\n<meta property=\"og:site_name\" content=\"Excel Advisor\" \/>\n<meta property=\"article:modified_time\" content=\"2023-12-06T05:55:18+00:00\" \/>\n<meta property=\"og:image\" content=\"https:\/\/exceladvisor.org\/wp-content\/uploads\/2023\/08\/1-specifiez-le-classeur-que-vous-souhaitez-enregistrer.png\" \/>\n<meta name=\"twitter:card\" content=\"summary_large_image\" \/>\n<meta name=\"twitter:label1\" content=\"Geschatte leestijd\" \/>\n\t<meta name=\"twitter:data1\" content=\"4 minuten\" \/>\n<script type=\"application\/ld+json\" class=\"yoast-schema-graph\">{\"@context\":\"https:\/\/schema.org\",\"@graph\":[{\"@type\":\"WebPage\",\"@id\":\"https:\/\/exceladvisor.org\/nl\/werkmap-opslaan\/\",\"url\":\"https:\/\/exceladvisor.org\/nl\/werkmap-opslaan\/\",\"name\":\"\u25b7 5 manieren om een werkmap in Excel op te slaan (Tutorial 2023)\",\"isPartOf\":{\"@id\":\"https:\/\/exceladvisor.org\/nl\/#website\"},\"primaryImageOfPage\":{\"@id\":\"https:\/\/exceladvisor.org\/nl\/werkmap-opslaan\/#primaryimage\"},\"image\":{\"@id\":\"https:\/\/exceladvisor.org\/nl\/werkmap-opslaan\/#primaryimage\"},\"thumbnailUrl\":\"https:\/\/exceladvisor.org\/wp-content\/uploads\/2023\/08\/1-specifiez-le-classeur-que-vous-souhaitez-enregistrer.png\",\"datePublished\":\"2023-10-22T14:25:42+00:00\",\"dateModified\":\"2023-12-06T05:55:18+00:00\",\"description\":\"Leer verschillende manieren om een werkmap op te slaan. Hoe u ook opslaan en opslaan als methode-argumenten kunt gebruiken die u nodig hebt\",\"breadcrumb\":{\"@id\":\"https:\/\/exceladvisor.org\/nl\/werkmap-opslaan\/#breadcrumb\"},\"inLanguage\":\"nl-NL\",\"potentialAction\":[{\"@type\":\"ReadAction\",\"target\":[\"https:\/\/exceladvisor.org\/nl\/werkmap-opslaan\/\"]}]},{\"@type\":\"ImageObject\",\"inLanguage\":\"nl-NL\",\"@id\":\"https:\/\/exceladvisor.org\/nl\/werkmap-opslaan\/#primaryimage\",\"url\":\"https:\/\/exceladvisor.org\/wp-content\/uploads\/2023\/08\/1-specifiez-le-classeur-que-vous-souhaitez-enregistrer.png\",\"contentUrl\":\"https:\/\/exceladvisor.org\/wp-content\/uploads\/2023\/08\/1-specifiez-le-classeur-que-vous-souhaitez-enregistrer.png\"},{\"@type\":\"BreadcrumbList\",\"@id\":\"https:\/\/exceladvisor.org\/nl\/werkmap-opslaan\/#breadcrumb\",\"itemListElement\":[{\"@type\":\"ListItem\",\"position\":1,\"name\":\"Thuis\",\"item\":\"https:\/\/exceladvisor.org\/nl\/\"},{\"@type\":\"ListItem\",\"position\":2,\"name\":\"5 manieren om een werkmap in excel op te slaan\"}]},{\"@type\":\"WebSite\",\"@id\":\"https:\/\/exceladvisor.org\/nl\/#website\",\"url\":\"https:\/\/exceladvisor.org\/nl\/\",\"name\":\"Excel Advisor\",\"description\":\"Uw gids voor datadominantie\",\"publisher\":{\"@id\":\"https:\/\/exceladvisor.org\/nl\/#organization\"},\"potentialAction\":[{\"@type\":\"SearchAction\",\"target\":{\"@type\":\"EntryPoint\",\"urlTemplate\":\"https:\/\/exceladvisor.org\/nl\/?s={search_term_string}\"},\"query-input\":{\"@type\":\"PropertyValueSpecification\",\"valueRequired\":true,\"valueName\":\"search_term_string\"}}],\"inLanguage\":\"nl-NL\"},{\"@type\":\"Organization\",\"@id\":\"https:\/\/exceladvisor.org\/nl\/#organization\",\"name\":\"Excel Advisor\",\"url\":\"https:\/\/exceladvisor.org\/nl\/\",\"logo\":{\"@type\":\"ImageObject\",\"inLanguage\":\"nl-NL\",\"@id\":\"https:\/\/exceladvisor.org\/nl\/#\/schema\/logo\/image\/\",\"url\":\"https:\/\/exceladvisor.org\/nl\/wp-content\/uploads\/2023\/12\/exceladvisor.org_.png\",\"contentUrl\":\"https:\/\/exceladvisor.org\/nl\/wp-content\/uploads\/2023\/12\/exceladvisor.org_.png\",\"width\":105,\"height\":36,\"caption\":\"Excel Advisor\"},\"image\":{\"@id\":\"https:\/\/exceladvisor.org\/nl\/#\/schema\/logo\/image\/\"}}]}<\/script>\n<!-- \/ Yoast SEO plugin. -->","yoast_head_json":{"title":"\u25b7 5 manieren om een werkmap in Excel op te slaan (Tutorial 2023)","description":"Leer verschillende manieren om een werkmap op te slaan. Hoe u ook opslaan en opslaan als methode-argumenten kunt gebruiken die u nodig hebt","robots":{"index":"index","follow":"follow","max-snippet":"max-snippet:-1","max-image-preview":"max-image-preview:large","max-video-preview":"max-video-preview:-1"},"canonical":"https:\/\/exceladvisor.org\/nl\/werkmap-opslaan\/","og_locale":"nl_NL","og_type":"article","og_title":"\u25b7 5 manieren om een werkmap in Excel op te slaan (Tutorial 2023)","og_description":"Leer verschillende manieren om een werkmap op te slaan. Hoe u ook opslaan en opslaan als methode-argumenten kunt gebruiken die u nodig hebt","og_url":"https:\/\/exceladvisor.org\/nl\/werkmap-opslaan\/","og_site_name":"Excel Advisor","article_modified_time":"2023-12-06T05:55:18+00:00","og_image":[{"url":"https:\/\/exceladvisor.org\/wp-content\/uploads\/2023\/08\/1-specifiez-le-classeur-que-vous-souhaitez-enregistrer.png","type":"","width":"","height":""}],"twitter_card":"summary_large_image","twitter_misc":{"Geschatte leestijd":"4 minuten"},"schema":{"@context":"https:\/\/schema.org","@graph":[{"@type":"WebPage","@id":"https:\/\/exceladvisor.org\/nl\/werkmap-opslaan\/","url":"https:\/\/exceladvisor.org\/nl\/werkmap-opslaan\/","name":"\u25b7 5 manieren om een werkmap in Excel op te slaan (Tutorial 2023)","isPartOf":{"@id":"https:\/\/exceladvisor.org\/nl\/#website"},"primaryImageOfPage":{"@id":"https:\/\/exceladvisor.org\/nl\/werkmap-opslaan\/#primaryimage"},"image":{"@id":"https:\/\/exceladvisor.org\/nl\/werkmap-opslaan\/#primaryimage"},"thumbnailUrl":"https:\/\/exceladvisor.org\/wp-content\/uploads\/2023\/08\/1-specifiez-le-classeur-que-vous-souhaitez-enregistrer.png","datePublished":"2023-10-22T14:25:42+00:00","dateModified":"2023-12-06T05:55:18+00:00","description":"Leer verschillende manieren om een werkmap op te slaan. Hoe u ook opslaan en opslaan als methode-argumenten kunt gebruiken die u nodig hebt","breadcrumb":{"@id":"https:\/\/exceladvisor.org\/nl\/werkmap-opslaan\/#breadcrumb"},"inLanguage":"nl-NL","potentialAction":[{"@type":"ReadAction","target":["https:\/\/exceladvisor.org\/nl\/werkmap-opslaan\/"]}]},{"@type":"ImageObject","inLanguage":"nl-NL","@id":"https:\/\/exceladvisor.org\/nl\/werkmap-opslaan\/#primaryimage","url":"https:\/\/exceladvisor.org\/wp-content\/uploads\/2023\/08\/1-specifiez-le-classeur-que-vous-souhaitez-enregistrer.png","contentUrl":"https:\/\/exceladvisor.org\/wp-content\/uploads\/2023\/08\/1-specifiez-le-classeur-que-vous-souhaitez-enregistrer.png"},{"@type":"BreadcrumbList","@id":"https:\/\/exceladvisor.org\/nl\/werkmap-opslaan\/#breadcrumb","itemListElement":[{"@type":"ListItem","position":1,"name":"Thuis","item":"https:\/\/exceladvisor.org\/nl\/"},{"@type":"ListItem","position":2,"name":"5 manieren om een werkmap in excel op te slaan"}]},{"@type":"WebSite","@id":"https:\/\/exceladvisor.org\/nl\/#website","url":"https:\/\/exceladvisor.org\/nl\/","name":"Excel Advisor","description":"Uw gids voor datadominantie","publisher":{"@id":"https:\/\/exceladvisor.org\/nl\/#organization"},"potentialAction":[{"@type":"SearchAction","target":{"@type":"EntryPoint","urlTemplate":"https:\/\/exceladvisor.org\/nl\/?s={search_term_string}"},"query-input":{"@type":"PropertyValueSpecification","valueRequired":true,"valueName":"search_term_string"}}],"inLanguage":"nl-NL"},{"@type":"Organization","@id":"https:\/\/exceladvisor.org\/nl\/#organization","name":"Excel Advisor","url":"https:\/\/exceladvisor.org\/nl\/","logo":{"@type":"ImageObject","inLanguage":"nl-NL","@id":"https:\/\/exceladvisor.org\/nl\/#\/schema\/logo\/image\/","url":"https:\/\/exceladvisor.org\/nl\/wp-content\/uploads\/2023\/12\/exceladvisor.org_.png","contentUrl":"https:\/\/exceladvisor.org\/nl\/wp-content\/uploads\/2023\/12\/exceladvisor.org_.png","width":105,"height":36,"caption":"Excel Advisor"},"image":{"@id":"https:\/\/exceladvisor.org\/nl\/#\/schema\/logo\/image\/"}}]}},"yoast_meta":{"yoast_wpseo_title":"","yoast_wpseo_metadesc":"","yoast_wpseo_canonical":""},"_links":{"self":[{"href":"https:\/\/exceladvisor.org\/nl\/wp-json\/wp\/v2\/pages\/2054","targetHints":{"allow":["GET"]}}],"collection":[{"href":"https:\/\/exceladvisor.org\/nl\/wp-json\/wp\/v2\/pages"}],"about":[{"href":"https:\/\/exceladvisor.org\/nl\/wp-json\/wp\/v2\/types\/page"}],"author":[{"embeddable":true,"href":"https:\/\/exceladvisor.org\/nl\/wp-json\/wp\/v2\/users\/1"}],"replies":[{"embeddable":true,"href":"https:\/\/exceladvisor.org\/nl\/wp-json\/wp\/v2\/comments?post=2054"}],"version-history":[{"count":2,"href":"https:\/\/exceladvisor.org\/nl\/wp-json\/wp\/v2\/pages\/2054\/revisions"}],"predecessor-version":[{"id":2974,"href":"https:\/\/exceladvisor.org\/nl\/wp-json\/wp\/v2\/pages\/2054\/revisions\/2974"}],"wp:attachment":[{"href":"https:\/\/exceladvisor.org\/nl\/wp-json\/wp\/v2\/media?parent=2054"}],"curies":[{"name":"wp","href":"https:\/\/api.w.org\/{rel}","templated":true}]}}