{"id":2085,"date":"2023-10-19T05:57:49","date_gmt":"2023-10-19T05:57:49","guid":{"rendered":"https:\/\/exceladvisor.org\/nl\/koppel-de-slicer-aan-verschillende-draaitabellen\/"},"modified":"2023-12-06T05:49:32","modified_gmt":"2023-12-06T05:49:32","slug":"koppel-de-slicer-aan-verschillende-draaitabellen","status":"publish","type":"page","link":"https:\/\/exceladvisor.org\/nl\/koppel-de-slicer-aan-verschillende-draaitabellen\/","title":{"rendered":"Hoe koppel ik een enkel segment aan meerdere draaitabellen?"},"content":{"rendered":"<div class=\"excel-voor-de-inhoud\" id=\"excel-1969969568\"><script type=\"text\/javascript\">\r\n\tatOptions = {\r\n\t\t'key' : 'c1158f160081d6540a8409e6925dab94',\r\n\t\t'format' : 'iframe',\r\n\t\t'height' : 250,\r\n\t\t'width' : 300,\r\n\t\t'params' : {}\r\n\t};\r\n<\/script>\r\n<script type=\"text\/javascript\" src=\"\/\/www.highperformanceformat.com\/c1158f160081d6540a8409e6925dab94\/invoke.js\"><\/script><\/div> <p>Soms is het gebruik van meer dan \u00e9\u00e9n draaitabel een puinhoop. Maar het is geen verspilling als je alle draaitabellen met \u00e9\u00e9n slicer verbindt. Dus weet jij hoe je een slicer koppelt aan meerdere draaitabellen?<\/p><p> Als je het niet weet, volg dan dit bericht en je leert een geweldige tip voor het maken van interactieve dashboards.<\/p><p> Ja het is waar.<\/p><p> Stel dat u aan een dashboard werkt waarin u meerdere draaitabellen gebruikt. Als je een slicer aan alle draaitabellen kunt koppelen, kun je met \u00e9\u00e9n slicer het hele dashboard besturen. <\/p><div class=\"wp-block-image\"><figure class=\"aligncenter\"><img decoding=\"async\" src=\"https:\/\/exceladvisor.org\/wp-content\/uploads\/2023\/08\/connecter-un-seul-slicer-a-plusieurs-tableaux-croises-dynamiques-1.gif\" sizes=\"\" srcset=\"\" alt=\"verbind een enkele slicer met meerdere draaitabellen\"><\/figure><\/div><p> In het bovenstaande voorbeeld hebben we \u00e9\u00e9n slicer om beide draaitabellen te besturen.<\/p><p class=\"qt-tip\"> OPMERKING: Draaitabellen maken deel uit van <a href=\"https:\/\/exceladvisor.org\/nl\/excel-vaardigheden\/\">INTERMEDIATE EXCEL SKILLS<\/a> .<\/p><h2 class=\"wp-block-heading\"> Stappen om een slicer aan meerdere draaitabellen te koppelen<\/h2><p> Hieronder vindt u de stappen om een meervoudig gekoppeld segment te maken:<\/p><ol><li> <strong>Neem eerst twee of meer draaitabellen<\/strong> om een segment te verbinden. <img decoding=\"async\" src=\"https:\/\/exceladvisor.org\/wp-content\/uploads\/2023\/08\/deux-tableaux-croises-dynamiques-pour-se-connecter-avec-un-seul-slicer-1.png\" sizes=\"\" srcset=\"\"><\/li><li> Selecteer daarna een cel in een van de draaitabellen.<\/li><li> Van daaruit navigeert u naar Analyseren \u2192 Filteren \u2192 Segment invoegen.<\/li><li> Selecteer nu in het dialoogvenster &#8220;Slicer invoegen&#8221; de kolom die u als filter in de slicer wilt gebruiken en klik op OK. <img decoding=\"async\" src=\"https:\/\/exceladvisor.org\/wp-content\/uploads\/2023\/08\/cliquez-sur-len-tete-de-colonne-pour-inserer-un-segment-et-vous-connecter-avec-tous-les-tableaux-croises-dynamiques-1.png\" sizes=\"\" srcset=\"\"><\/li><li> Op dit punt hebt u een slicer in uw werkblad die de draaitabel waarin u deze invoegt, kan filteren.<\/li><li> Vervolgens moet u deze verbinden met de tweede draaitabel.<\/li><li> Van daaruit selecteert u de slicer en navigeert u naar Analyseren \u2192 Slicer \u2192 Rapportverbindingen. <img decoding=\"async\" src=\"https:\/\/exceladvisor.org\/wp-content\/uploads\/2023\/08\/cliquez-sur-rapport-de-connexion-pour-inserer-un-slicer-que-vous-pouvez-connecter-avec-tous-les-tableaux-croises-dynamiques-1.png\" sizes=\"\" srcset=\"\"><\/li><li> U krijgt een nieuw dialoogvenster met de lijst met draaitabellen die zich in uw werkmap bevinden.<\/li><li> Controleer aan het einde gewoon alle draaitabellen en klik op OK. <img decoding=\"async\" src=\"https:\/\/exceladvisor.org\/wp-content\/uploads\/2023\/08\/selectionner-tous-les-pivots-qui-doivent-se-connecter-avec-le-slicer-1.png\" sizes=\"\" srcset=\"\"><\/li><\/ol><p> <strong><span style=\"color: #ea493f;\">Gefeliciteerd!<\/span><\/strong> U hebt de slicer aan twee draaitabellen gekoppeld.<\/p><h2 class=\"wp-block-heading\"> <strong>Meer informatie over draaitabellen<\/strong><\/h2><ul><li> <a style=\"outline: none;\" href=\"https:\/\/exceladvisor.org\/nl\/alles-vernieuwen\/\" data-wpel-link=\"internal\">Vernieuw alle draaitabellen in \u00e9\u00e9n keer<\/a><\/li><li> <a style=\"outline: none;\" href=\"https:\/\/exceladvisor.org\/nl\/groepsdata\/\" data-wpel-link=\"internal\">Groepeer datums in een draaitabel<\/a><\/li><li> <a href=\"https:\/\/exceladvisor.org\/nl\/tijdlijnfilter\/\" data-wpel-link=\"internal\">Draaitabeltijdlijn<\/a><\/li><li> <a style=\"outline: none;\" href=\"https:\/\/exceladvisor.org\/nl\/automatisch-updatebereik\/\" rel=\"external noopener noreferrer\" data-wpel-link=\"external\">Automatisch een draaitabelbereik bijwerken<\/a><\/li><li> <a style=\"outline: none;\" href=\"https:\/\/exceladvisor.org\/nl\/voorwaardelijke-opmaak-toepassen\/\" data-wpel-link=\"internal\">Voorwaardelijke opmaak van een draaitabel<\/a><\/li><\/ul>","protected":false},"excerpt":{"rendered":"","protected":false},"author":1,"featured_media":0,"parent":0,"menu_order":0,"comment_status":"open","ping_status":"closed","template":"","meta":{"ub_ctt_via":"","footnotes":""},"class_list":["post-2085","page","type-page","status-publish","hentry"],"featured_image_src":null,"yoast_head":"<!-- This site is optimized with the Yoast SEO plugin v25.4 - https:\/\/yoast.com\/wordpress\/plugins\/seo\/ -->\n<title>Hoe koppel ik een enkel segment aan meerdere draaitabellen?<\/title>\n<meta name=\"description\" content=\"Als u de slicer aan meerdere draaitabellen koppelt, kunt u alle draaitabellen met \u00e9\u00e9n slicer besturen.\" \/>\n<meta name=\"robots\" content=\"index, follow, max-snippet:-1, max-image-preview:large, max-video-preview:-1\" \/>\n<link rel=\"canonical\" href=\"https:\/\/exceladvisor.org\/nl\/koppel-de-slicer-aan-verschillende-draaitabellen\/\" \/>\n<meta property=\"og:locale\" content=\"nl_NL\" \/>\n<meta property=\"og:type\" content=\"article\" \/>\n<meta property=\"og:title\" content=\"Hoe koppel ik een enkel segment aan meerdere draaitabellen?\" \/>\n<meta property=\"og:description\" content=\"Als u de slicer aan meerdere draaitabellen koppelt, kunt u alle draaitabellen met \u00e9\u00e9n slicer besturen.\" \/>\n<meta property=\"og:url\" content=\"https:\/\/exceladvisor.org\/nl\/koppel-de-slicer-aan-verschillende-draaitabellen\/\" \/>\n<meta property=\"og:site_name\" content=\"Excel Advisor\" \/>\n<meta property=\"article:modified_time\" content=\"2023-12-06T05:49:32+00:00\" \/>\n<meta property=\"og:image\" content=\"https:\/\/exceladvisor.org\/wp-content\/uploads\/2023\/08\/connecter-un-seul-slicer-a-plusieurs-tableaux-croises-dynamiques-1.gif\" \/>\n<meta name=\"twitter:card\" content=\"summary_large_image\" \/>\n<meta name=\"twitter:label1\" content=\"Geschatte leestijd\" \/>\n\t<meta name=\"twitter:data1\" content=\"1 minuut\" \/>\n<script type=\"application\/ld+json\" class=\"yoast-schema-graph\">{\"@context\":\"https:\/\/schema.org\",\"@graph\":[{\"@type\":\"WebPage\",\"@id\":\"https:\/\/exceladvisor.org\/nl\/koppel-de-slicer-aan-verschillende-draaitabellen\/\",\"url\":\"https:\/\/exceladvisor.org\/nl\/koppel-de-slicer-aan-verschillende-draaitabellen\/\",\"name\":\"Hoe koppel ik een enkel segment aan meerdere draaitabellen?\",\"isPartOf\":{\"@id\":\"https:\/\/exceladvisor.org\/nl\/#website\"},\"primaryImageOfPage\":{\"@id\":\"https:\/\/exceladvisor.org\/nl\/koppel-de-slicer-aan-verschillende-draaitabellen\/#primaryimage\"},\"image\":{\"@id\":\"https:\/\/exceladvisor.org\/nl\/koppel-de-slicer-aan-verschillende-draaitabellen\/#primaryimage\"},\"thumbnailUrl\":\"https:\/\/exceladvisor.org\/wp-content\/uploads\/2023\/08\/connecter-un-seul-slicer-a-plusieurs-tableaux-croises-dynamiques-1.gif\",\"datePublished\":\"2023-10-19T05:57:49+00:00\",\"dateModified\":\"2023-12-06T05:49:32+00:00\",\"description\":\"Als u de slicer aan meerdere draaitabellen koppelt, kunt u alle draaitabellen met \u00e9\u00e9n slicer besturen.\",\"breadcrumb\":{\"@id\":\"https:\/\/exceladvisor.org\/nl\/koppel-de-slicer-aan-verschillende-draaitabellen\/#breadcrumb\"},\"inLanguage\":\"nl-NL\",\"potentialAction\":[{\"@type\":\"ReadAction\",\"target\":[\"https:\/\/exceladvisor.org\/nl\/koppel-de-slicer-aan-verschillende-draaitabellen\/\"]}]},{\"@type\":\"ImageObject\",\"inLanguage\":\"nl-NL\",\"@id\":\"https:\/\/exceladvisor.org\/nl\/koppel-de-slicer-aan-verschillende-draaitabellen\/#primaryimage\",\"url\":\"https:\/\/exceladvisor.org\/wp-content\/uploads\/2023\/08\/connecter-un-seul-slicer-a-plusieurs-tableaux-croises-dynamiques-1.gif\",\"contentUrl\":\"https:\/\/exceladvisor.org\/wp-content\/uploads\/2023\/08\/connecter-un-seul-slicer-a-plusieurs-tableaux-croises-dynamiques-1.gif\"},{\"@type\":\"BreadcrumbList\",\"@id\":\"https:\/\/exceladvisor.org\/nl\/koppel-de-slicer-aan-verschillende-draaitabellen\/#breadcrumb\",\"itemListElement\":[{\"@type\":\"ListItem\",\"position\":1,\"name\":\"Thuis\",\"item\":\"https:\/\/exceladvisor.org\/nl\/\"},{\"@type\":\"ListItem\",\"position\":2,\"name\":\"Hoe koppel ik een enkel segment aan meerdere draaitabellen?\"}]},{\"@type\":\"WebSite\",\"@id\":\"https:\/\/exceladvisor.org\/nl\/#website\",\"url\":\"https:\/\/exceladvisor.org\/nl\/\",\"name\":\"Excel Advisor\",\"description\":\"Uw gids voor datadominantie\",\"publisher\":{\"@id\":\"https:\/\/exceladvisor.org\/nl\/#organization\"},\"potentialAction\":[{\"@type\":\"SearchAction\",\"target\":{\"@type\":\"EntryPoint\",\"urlTemplate\":\"https:\/\/exceladvisor.org\/nl\/?s={search_term_string}\"},\"query-input\":{\"@type\":\"PropertyValueSpecification\",\"valueRequired\":true,\"valueName\":\"search_term_string\"}}],\"inLanguage\":\"nl-NL\"},{\"@type\":\"Organization\",\"@id\":\"https:\/\/exceladvisor.org\/nl\/#organization\",\"name\":\"Excel Advisor\",\"url\":\"https:\/\/exceladvisor.org\/nl\/\",\"logo\":{\"@type\":\"ImageObject\",\"inLanguage\":\"nl-NL\",\"@id\":\"https:\/\/exceladvisor.org\/nl\/#\/schema\/logo\/image\/\",\"url\":\"https:\/\/exceladvisor.org\/nl\/wp-content\/uploads\/2023\/12\/exceladvisor.org_.png\",\"contentUrl\":\"https:\/\/exceladvisor.org\/nl\/wp-content\/uploads\/2023\/12\/exceladvisor.org_.png\",\"width\":105,\"height\":36,\"caption\":\"Excel Advisor\"},\"image\":{\"@id\":\"https:\/\/exceladvisor.org\/nl\/#\/schema\/logo\/image\/\"}}]}<\/script>\n<!-- \/ Yoast SEO plugin. -->","yoast_head_json":{"title":"Hoe koppel ik een enkel segment aan meerdere draaitabellen?","description":"Als u de slicer aan meerdere draaitabellen koppelt, kunt u alle draaitabellen met \u00e9\u00e9n slicer besturen.","robots":{"index":"index","follow":"follow","max-snippet":"max-snippet:-1","max-image-preview":"max-image-preview:large","max-video-preview":"max-video-preview:-1"},"canonical":"https:\/\/exceladvisor.org\/nl\/koppel-de-slicer-aan-verschillende-draaitabellen\/","og_locale":"nl_NL","og_type":"article","og_title":"Hoe koppel ik een enkel segment aan meerdere draaitabellen?","og_description":"Als u de slicer aan meerdere draaitabellen koppelt, kunt u alle draaitabellen met \u00e9\u00e9n slicer besturen.","og_url":"https:\/\/exceladvisor.org\/nl\/koppel-de-slicer-aan-verschillende-draaitabellen\/","og_site_name":"Excel Advisor","article_modified_time":"2023-12-06T05:49:32+00:00","og_image":[{"url":"https:\/\/exceladvisor.org\/wp-content\/uploads\/2023\/08\/connecter-un-seul-slicer-a-plusieurs-tableaux-croises-dynamiques-1.gif","type":"","width":"","height":""}],"twitter_card":"summary_large_image","twitter_misc":{"Geschatte leestijd":"1 minuut"},"schema":{"@context":"https:\/\/schema.org","@graph":[{"@type":"WebPage","@id":"https:\/\/exceladvisor.org\/nl\/koppel-de-slicer-aan-verschillende-draaitabellen\/","url":"https:\/\/exceladvisor.org\/nl\/koppel-de-slicer-aan-verschillende-draaitabellen\/","name":"Hoe koppel ik een enkel segment aan meerdere draaitabellen?","isPartOf":{"@id":"https:\/\/exceladvisor.org\/nl\/#website"},"primaryImageOfPage":{"@id":"https:\/\/exceladvisor.org\/nl\/koppel-de-slicer-aan-verschillende-draaitabellen\/#primaryimage"},"image":{"@id":"https:\/\/exceladvisor.org\/nl\/koppel-de-slicer-aan-verschillende-draaitabellen\/#primaryimage"},"thumbnailUrl":"https:\/\/exceladvisor.org\/wp-content\/uploads\/2023\/08\/connecter-un-seul-slicer-a-plusieurs-tableaux-croises-dynamiques-1.gif","datePublished":"2023-10-19T05:57:49+00:00","dateModified":"2023-12-06T05:49:32+00:00","description":"Als u de slicer aan meerdere draaitabellen koppelt, kunt u alle draaitabellen met \u00e9\u00e9n slicer besturen.","breadcrumb":{"@id":"https:\/\/exceladvisor.org\/nl\/koppel-de-slicer-aan-verschillende-draaitabellen\/#breadcrumb"},"inLanguage":"nl-NL","potentialAction":[{"@type":"ReadAction","target":["https:\/\/exceladvisor.org\/nl\/koppel-de-slicer-aan-verschillende-draaitabellen\/"]}]},{"@type":"ImageObject","inLanguage":"nl-NL","@id":"https:\/\/exceladvisor.org\/nl\/koppel-de-slicer-aan-verschillende-draaitabellen\/#primaryimage","url":"https:\/\/exceladvisor.org\/wp-content\/uploads\/2023\/08\/connecter-un-seul-slicer-a-plusieurs-tableaux-croises-dynamiques-1.gif","contentUrl":"https:\/\/exceladvisor.org\/wp-content\/uploads\/2023\/08\/connecter-un-seul-slicer-a-plusieurs-tableaux-croises-dynamiques-1.gif"},{"@type":"BreadcrumbList","@id":"https:\/\/exceladvisor.org\/nl\/koppel-de-slicer-aan-verschillende-draaitabellen\/#breadcrumb","itemListElement":[{"@type":"ListItem","position":1,"name":"Thuis","item":"https:\/\/exceladvisor.org\/nl\/"},{"@type":"ListItem","position":2,"name":"Hoe koppel ik een enkel segment aan meerdere draaitabellen?"}]},{"@type":"WebSite","@id":"https:\/\/exceladvisor.org\/nl\/#website","url":"https:\/\/exceladvisor.org\/nl\/","name":"Excel Advisor","description":"Uw gids voor datadominantie","publisher":{"@id":"https:\/\/exceladvisor.org\/nl\/#organization"},"potentialAction":[{"@type":"SearchAction","target":{"@type":"EntryPoint","urlTemplate":"https:\/\/exceladvisor.org\/nl\/?s={search_term_string}"},"query-input":{"@type":"PropertyValueSpecification","valueRequired":true,"valueName":"search_term_string"}}],"inLanguage":"nl-NL"},{"@type":"Organization","@id":"https:\/\/exceladvisor.org\/nl\/#organization","name":"Excel Advisor","url":"https:\/\/exceladvisor.org\/nl\/","logo":{"@type":"ImageObject","inLanguage":"nl-NL","@id":"https:\/\/exceladvisor.org\/nl\/#\/schema\/logo\/image\/","url":"https:\/\/exceladvisor.org\/nl\/wp-content\/uploads\/2023\/12\/exceladvisor.org_.png","contentUrl":"https:\/\/exceladvisor.org\/nl\/wp-content\/uploads\/2023\/12\/exceladvisor.org_.png","width":105,"height":36,"caption":"Excel Advisor"},"image":{"@id":"https:\/\/exceladvisor.org\/nl\/#\/schema\/logo\/image\/"}}]}},"yoast_meta":{"yoast_wpseo_title":"","yoast_wpseo_metadesc":"","yoast_wpseo_canonical":""},"_links":{"self":[{"href":"https:\/\/exceladvisor.org\/nl\/wp-json\/wp\/v2\/pages\/2085","targetHints":{"allow":["GET"]}}],"collection":[{"href":"https:\/\/exceladvisor.org\/nl\/wp-json\/wp\/v2\/pages"}],"about":[{"href":"https:\/\/exceladvisor.org\/nl\/wp-json\/wp\/v2\/types\/page"}],"author":[{"embeddable":true,"href":"https:\/\/exceladvisor.org\/nl\/wp-json\/wp\/v2\/users\/1"}],"replies":[{"embeddable":true,"href":"https:\/\/exceladvisor.org\/nl\/wp-json\/wp\/v2\/comments?post=2085"}],"version-history":[{"count":1,"href":"https:\/\/exceladvisor.org\/nl\/wp-json\/wp\/v2\/pages\/2085\/revisions"}],"predecessor-version":[{"id":2625,"href":"https:\/\/exceladvisor.org\/nl\/wp-json\/wp\/v2\/pages\/2085\/revisions\/2625"}],"wp:attachment":[{"href":"https:\/\/exceladvisor.org\/nl\/wp-json\/wp\/v2\/media?parent=2085"}],"curies":[{"name":"wp","href":"https:\/\/api.w.org\/{rel}","templated":true}]}}