{"id":2094,"date":"2023-10-18T04:39:54","date_gmt":"2023-10-18T04:39:54","guid":{"rendered":"https:\/\/exceladvisor.org\/nl\/kolom-2\/"},"modified":"2023-12-06T05:53:31","modified_gmt":"2023-12-06T05:53:31","slug":"kolom-2","status":"publish","type":"page","link":"https:\/\/exceladvisor.org\/nl\/kolom-2\/","title":{"rendered":"Wat is een kolom in excel?"},"content":{"rendered":"<div class=\"excel-voor-de-inhoud\" id=\"excel-2659635069\"><script type=\"text\/javascript\">\r\n\tatOptions = {\r\n\t\t'key' : 'c1158f160081d6540a8409e6925dab94',\r\n\t\t'format' : 'iframe',\r\n\t\t'height' : 250,\r\n\t\t'width' : 300,\r\n\t\t'params' : {}\r\n\t};\r\n<\/script>\r\n<script type=\"text\/javascript\" src=\"\/\/www.highperformanceformat.com\/c1158f160081d6540a8409e6925dab94\/invoke.js\"><\/script><\/div> <p>Een kolom in Excel is een verticale uitlijning van cellen. Elke kolom heeft zijn unieke adres, dat is gelabeld als een alfabet (van A tot XFD). En er zijn meer dan een miljoen cellen in \u00e9\u00e9n enkele kolom en er zijn in totaal 16384 kolommen in \u00e9\u00e9n werkblad. <\/p><div class=\"wp-block-image\"><figure class=\"aligncenter size-full is-resized\"><img loading=\"lazy\" decoding=\"async\" class=\"wp-image-77894\" src=\"https:\/\/exceladvisor.org\/wp-content\/uploads\/2023\/08\/1-faisant-reference-a-la-communaute.png\" sizes=\"auto, \" srcset=\"\" alt=\"verwijzing naar kolom\" width=\"641\" height=\"469\"><\/figure><\/div><h2 class=\"wp-block-heading\"> Selecteer een kolom<\/h2><p> Om een kolom te selecteren, hoeft u alleen maar op de kolomkop te klikken waar u het kolomalfabet vindt, en de hele kolom wordt geselecteerd, van de eerste tot de laatste cel. <\/p><div class=\"wp-block-image\"><figure class=\"aligncenter size-full is-resized\"><img loading=\"lazy\" decoding=\"async\" class=\"wp-image-77895\" src=\"https:\/\/exceladvisor.org\/wp-content\/uploads\/2023\/08\/2-se-referant-a-une-seule-colonne.png\" sizes=\"auto, \" srcset=\"\" alt=\"verwijzend naar een enkele kolom\" width=\"478\" height=\"296\"><\/figure><\/div><p> Een andere manier om een hele kolom te selecteren is door de sneltoets te gebruiken. Nadat u een van de cellen in de kolom die u wilt selecteren heeft geselecteerd, houdt u de Control-toets ingedrukt en drukt u vervolgens op de spatiebalk. Hiermee wordt de hele kolom geselecteerd.<\/p><p> <em><strong>Verwant:<\/strong><\/em><mark class=\"has-inline-color\" style=\"background-color: #eafaeb;\"> <strong><em><a href=\"https:\/\/exceladvisor.org\/nl\/toetsenbord-sneltoetsen\/\">Sneltoetsen voor Excel (PDF-spiekbriefje)<\/a><\/em><\/strong><\/mark><\/p><h2 class=\"wp-block-heading\"> Verwijs naar een kolom in Excel<\/h2><p> Zoals ik al zei, en je kunt ook in de bovenstaande momentopname zien, heeft elke kolom zijn unieke naam, die bestaat uit het alfabet. Om nu naar een kolom te verwijzen, moet u de naam ervan gebruiken. Als u naar kolom A wilt verwijzen, moet u het adres ervan gebruiken als A:A. <\/p><div class=\"wp-block-image\"><figure class=\"aligncenter size-full is-resized\"><img loading=\"lazy\" decoding=\"async\" class=\"wp-image-77896\" src=\"https:\/\/exceladvisor.org\/wp-content\/uploads\/2023\/08\/3-se-referant-a-une-colonne-en-utilisant-ladresse.png\" sizes=\"auto, \" srcset=\"\" alt=\"verwijzing-naar-een-kolom-met-een-adres\" width=\"502\" height=\"480\"><\/figure><\/div><p> In het bovenstaande voorbeeld kunt u zien dat we naar kolom A verwijzen met behulp van het adres ervan in de somfunctie. Als u nu naar meerdere kolommen wilt verwijzen, kunt u een adres gebruiken dat naar meerdere kolommen verwijst. <\/p><div class=\"wp-block-image\"><figure class=\"aligncenter size-full is-resized\"><img loading=\"lazy\" decoding=\"async\" class=\"wp-image-77897\" src=\"https:\/\/exceladvisor.org\/wp-content\/uploads\/2023\/08\/4-faisant-reference-a-plusieurs-colonnes-adjacentes.png\" sizes=\"auto, \" srcset=\"\" alt=\"verwijzend naar meerdere aangrenzende kolommen\" width=\"517\" height=\"501\"><\/figure><\/div><p> In het bovenstaande voorbeeld verwijzen we naar de vier kolommen van A tot D en in het adres hebben we A:D gebruikt, wat betekent van kolom A naar kolom D. <\/p><div class=\"wp-block-image\"><figure class=\"aligncenter size-full is-resized\"><img loading=\"lazy\" decoding=\"async\" class=\"wp-image-77898\" src=\"https:\/\/exceladvisor.org\/wp-content\/uploads\/2023\/08\/5-se-referant-a-deux-colonnes-non-continues.png\" sizes=\"auto, \" srcset=\"\" alt=\"niet-continue-twee-koloms-referentie\" width=\"642\" height=\"463\"><\/figure><\/div><p> En in het bovenstaande voorbeeld verwijzen we naar twee kolommen die niet doorlopend zijn en we hebben ze gebruikt door hun adres afzonderlijk te gebruiken met een komma ertussen.<\/p><h2 class=\"wp-block-heading\"> Wat is de laatste kolom in Excel<\/h2><p> De laatste kolom in Excel is de XFD-kolom. In \u00e9\u00e9n spreadsheet zijn er 16384 kolommen. Dit aantal staat vast, u kunt niet meer kolommen aan \u00e9\u00e9n werkblad toevoegen en als u meer gegevens wilt toevoegen, moet u <a href=\"https:\/\/exceladvisor.org\/nl\/toevoegen\/\" data-wpil=\"url\">een nieuw werkblad invoegen<\/a> dat bovendien 16384 kolommen bevat. <\/p><div class=\"wp-block-image\"><figure class=\"aligncenter size-full is-resized\"><img loading=\"lazy\" decoding=\"async\" class=\"wp-image-77899\" src=\"https:\/\/exceladvisor.org\/wp-content\/uploads\/2023\/08\/6-total-16384-colonnes.png\" sizes=\"auto, \" srcset=\"\" alt=\"totaal-16384-kolommen\" width=\"359\" height=\"209\"><\/figure><\/div><h2 class=\"wp-block-heading\"> Kan ik de kolomnaam als een getal krijgen?<\/h2><p> Ja, u kunt een kolomnaam als getal gebruiken in plaats van als alfabet. Om dit te doen, moet u de referentiestijl wijzigen in R1C1. <\/p><div class=\"wp-block-image\"><figure class=\"aligncenter size-full is-resized\"><img loading=\"lazy\" decoding=\"async\" class=\"wp-image-77900\" src=\"https:\/\/exceladvisor.org\/wp-content\/uploads\/2023\/08\/7-nom-de-colonne-sous-forme-de-nombre.png\" sizes=\"auto, \" srcset=\"\" alt=\"kolomnaam-als-nummer\" width=\"451\" height=\"266\"><\/figure><\/div><p> Met R1C1 kunt u de kolomverwijzing wijzigen, waardoor u met een nummer naar een kolom kunt verwijzen. Ga hiervoor naar het tabblad Bestand \u279c <a href=\"https:\/\/exceladvisor.org\/nl\/opties\/\">Opties<\/a> \u279c Werken met formules. Vink dan \u201cReferentiestijl R1C1\u201d aan. <\/p><div class=\"wp-block-image\"><figure class=\"aligncenter size-full is-resized\"><img loading=\"lazy\" decoding=\"async\" class=\"wp-image-77901\" src=\"https:\/\/exceladvisor.org\/wp-content\/uploads\/2023\/08\/8-changer-la-reference-de-la-colonne.png\" sizes=\"auto, \" srcset=\"\" alt=\"wijziging-kolom-referentie\" width=\"580\" height=\"448\"><\/figure><\/div><p> Maar voordat u verdergaat met deze <a href=\"https:\/\/exceladvisor.org\/nl\/r1c1\/\">, zorg ervoor dat u erover leest<\/a> .<\/p><div class=\"gb-container gb-container-4db6181c gb-container-mt\"> <a class=\"gb-button gb-button-c5897111 gb-button-text gb-button-mt-button\" href=\"https:\/\/exceladvisor.org\/nl\/excel-basisbeginselen\/\">Basiskennis van Microsoft Excel (componenten, onderdelen en kennisnotities)<\/a><h2 class=\"gb-headline gb-headline-665e5f6b gb-headline-text gb-headline-mt-heading\"> Gerelateerde tutorials <\/h2><div class=\"gb-grid-wrapper gb-grid-wrapper-a20baf7c gb-grid-wrapper-mt-grid\"><div class=\"gb-grid-column gb-grid-column-50067b57\"><div class=\"gb-container gb-container-50067b57\"><ul><li> <a href=\"https:\/\/exceladvisor.org\/nl\/lijn-2\/\">Rij in Excel<\/a><\/li><li> <a href=\"https:\/\/exceladvisor.org\/nl\/lijnen-tonen\/\">Toon rijen in Excel<\/a><\/li><li> <a href=\"https:\/\/exceladvisor.org\/nl\/bereik\/\">Bereik in Excel<\/a><\/li><li> <a href=\"https:\/\/exceladvisor.org\/nl\/selecteer-het-bereik\/\">Selecteer bereik in Excel<\/a><\/li><li> <a href=\"https:\/\/exceladvisor.org\/nl\/actieve-cel\/\">Activeer cel in Excel<\/a><\/li><\/ul><\/div><\/div><\/div><\/div>","protected":false},"excerpt":{"rendered":"","protected":false},"author":1,"featured_media":0,"parent":0,"menu_order":0,"comment_status":"open","ping_status":"closed","template":"","meta":{"ub_ctt_via":"","footnotes":""},"class_list":["post-2094","page","type-page","status-publish","hentry"],"featured_image_src":null,"yoast_head":"<!-- This site is optimized with the Yoast SEO plugin v25.4 - https:\/\/yoast.com\/wordpress\/plugins\/seo\/ -->\n<title>Wat is een kolom in Excel? \u2013 Excel-adviseur<\/title>\n<meta name=\"description\" content=\"Als u net bent begonnen met het leren van Excel, zal deze tutorial u helpen enkele belangrijke dingen over kolommen te begrijpen...\" \/>\n<meta name=\"robots\" content=\"index, follow, max-snippet:-1, max-image-preview:large, max-video-preview:-1\" \/>\n<link rel=\"canonical\" href=\"https:\/\/exceladvisor.org\/nl\/kolom-2\/\" \/>\n<meta property=\"og:locale\" content=\"nl_NL\" \/>\n<meta property=\"og:type\" content=\"article\" \/>\n<meta property=\"og:title\" content=\"Wat is een kolom in Excel? \u2013 Excel-adviseur\" \/>\n<meta property=\"og:description\" content=\"Als u net bent begonnen met het leren van Excel, zal deze tutorial u helpen enkele belangrijke dingen over kolommen te begrijpen...\" \/>\n<meta property=\"og:url\" content=\"https:\/\/exceladvisor.org\/nl\/kolom-2\/\" \/>\n<meta property=\"og:site_name\" content=\"Excel Advisor\" \/>\n<meta property=\"article:modified_time\" content=\"2023-12-06T05:53:31+00:00\" \/>\n<meta property=\"og:image\" content=\"https:\/\/exceladvisor.org\/wp-content\/uploads\/2023\/08\/1-faisant-reference-a-la-communaute.png\" \/>\n<meta name=\"twitter:card\" content=\"summary_large_image\" \/>\n<meta name=\"twitter:label1\" content=\"Geschatte leestijd\" \/>\n\t<meta name=\"twitter:data1\" content=\"2 minuten\" \/>\n<script type=\"application\/ld+json\" class=\"yoast-schema-graph\">{\"@context\":\"https:\/\/schema.org\",\"@graph\":[{\"@type\":\"WebPage\",\"@id\":\"https:\/\/exceladvisor.org\/nl\/kolom-2\/\",\"url\":\"https:\/\/exceladvisor.org\/nl\/kolom-2\/\",\"name\":\"Wat is een kolom in Excel? \u2013 Excel-adviseur\",\"isPartOf\":{\"@id\":\"https:\/\/exceladvisor.org\/nl\/#website\"},\"primaryImageOfPage\":{\"@id\":\"https:\/\/exceladvisor.org\/nl\/kolom-2\/#primaryimage\"},\"image\":{\"@id\":\"https:\/\/exceladvisor.org\/nl\/kolom-2\/#primaryimage\"},\"thumbnailUrl\":\"https:\/\/exceladvisor.org\/wp-content\/uploads\/2023\/08\/1-faisant-reference-a-la-communaute.png\",\"datePublished\":\"2023-10-18T04:39:54+00:00\",\"dateModified\":\"2023-12-06T05:53:31+00:00\",\"description\":\"Als u net bent begonnen met het leren van Excel, zal deze tutorial u helpen enkele belangrijke dingen over kolommen te begrijpen...\",\"breadcrumb\":{\"@id\":\"https:\/\/exceladvisor.org\/nl\/kolom-2\/#breadcrumb\"},\"inLanguage\":\"nl-NL\",\"potentialAction\":[{\"@type\":\"ReadAction\",\"target\":[\"https:\/\/exceladvisor.org\/nl\/kolom-2\/\"]}]},{\"@type\":\"ImageObject\",\"inLanguage\":\"nl-NL\",\"@id\":\"https:\/\/exceladvisor.org\/nl\/kolom-2\/#primaryimage\",\"url\":\"https:\/\/exceladvisor.org\/wp-content\/uploads\/2023\/08\/1-faisant-reference-a-la-communaute.png\",\"contentUrl\":\"https:\/\/exceladvisor.org\/wp-content\/uploads\/2023\/08\/1-faisant-reference-a-la-communaute.png\"},{\"@type\":\"BreadcrumbList\",\"@id\":\"https:\/\/exceladvisor.org\/nl\/kolom-2\/#breadcrumb\",\"itemListElement\":[{\"@type\":\"ListItem\",\"position\":1,\"name\":\"Thuis\",\"item\":\"https:\/\/exceladvisor.org\/nl\/\"},{\"@type\":\"ListItem\",\"position\":2,\"name\":\"Wat is een kolom in excel?\"}]},{\"@type\":\"WebSite\",\"@id\":\"https:\/\/exceladvisor.org\/nl\/#website\",\"url\":\"https:\/\/exceladvisor.org\/nl\/\",\"name\":\"Excel Advisor\",\"description\":\"Uw gids voor datadominantie\",\"publisher\":{\"@id\":\"https:\/\/exceladvisor.org\/nl\/#organization\"},\"potentialAction\":[{\"@type\":\"SearchAction\",\"target\":{\"@type\":\"EntryPoint\",\"urlTemplate\":\"https:\/\/exceladvisor.org\/nl\/?s={search_term_string}\"},\"query-input\":{\"@type\":\"PropertyValueSpecification\",\"valueRequired\":true,\"valueName\":\"search_term_string\"}}],\"inLanguage\":\"nl-NL\"},{\"@type\":\"Organization\",\"@id\":\"https:\/\/exceladvisor.org\/nl\/#organization\",\"name\":\"Excel Advisor\",\"url\":\"https:\/\/exceladvisor.org\/nl\/\",\"logo\":{\"@type\":\"ImageObject\",\"inLanguage\":\"nl-NL\",\"@id\":\"https:\/\/exceladvisor.org\/nl\/#\/schema\/logo\/image\/\",\"url\":\"https:\/\/exceladvisor.org\/nl\/wp-content\/uploads\/2023\/12\/exceladvisor.org_.png\",\"contentUrl\":\"https:\/\/exceladvisor.org\/nl\/wp-content\/uploads\/2023\/12\/exceladvisor.org_.png\",\"width\":105,\"height\":36,\"caption\":\"Excel Advisor\"},\"image\":{\"@id\":\"https:\/\/exceladvisor.org\/nl\/#\/schema\/logo\/image\/\"}}]}<\/script>\n<!-- \/ Yoast SEO plugin. -->","yoast_head_json":{"title":"Wat is een kolom in Excel? \u2013 Excel-adviseur","description":"Als u net bent begonnen met het leren van Excel, zal deze tutorial u helpen enkele belangrijke dingen over kolommen te begrijpen...","robots":{"index":"index","follow":"follow","max-snippet":"max-snippet:-1","max-image-preview":"max-image-preview:large","max-video-preview":"max-video-preview:-1"},"canonical":"https:\/\/exceladvisor.org\/nl\/kolom-2\/","og_locale":"nl_NL","og_type":"article","og_title":"Wat is een kolom in Excel? \u2013 Excel-adviseur","og_description":"Als u net bent begonnen met het leren van Excel, zal deze tutorial u helpen enkele belangrijke dingen over kolommen te begrijpen...","og_url":"https:\/\/exceladvisor.org\/nl\/kolom-2\/","og_site_name":"Excel Advisor","article_modified_time":"2023-12-06T05:53:31+00:00","og_image":[{"url":"https:\/\/exceladvisor.org\/wp-content\/uploads\/2023\/08\/1-faisant-reference-a-la-communaute.png","type":"","width":"","height":""}],"twitter_card":"summary_large_image","twitter_misc":{"Geschatte leestijd":"2 minuten"},"schema":{"@context":"https:\/\/schema.org","@graph":[{"@type":"WebPage","@id":"https:\/\/exceladvisor.org\/nl\/kolom-2\/","url":"https:\/\/exceladvisor.org\/nl\/kolom-2\/","name":"Wat is een kolom in Excel? \u2013 Excel-adviseur","isPartOf":{"@id":"https:\/\/exceladvisor.org\/nl\/#website"},"primaryImageOfPage":{"@id":"https:\/\/exceladvisor.org\/nl\/kolom-2\/#primaryimage"},"image":{"@id":"https:\/\/exceladvisor.org\/nl\/kolom-2\/#primaryimage"},"thumbnailUrl":"https:\/\/exceladvisor.org\/wp-content\/uploads\/2023\/08\/1-faisant-reference-a-la-communaute.png","datePublished":"2023-10-18T04:39:54+00:00","dateModified":"2023-12-06T05:53:31+00:00","description":"Als u net bent begonnen met het leren van Excel, zal deze tutorial u helpen enkele belangrijke dingen over kolommen te begrijpen...","breadcrumb":{"@id":"https:\/\/exceladvisor.org\/nl\/kolom-2\/#breadcrumb"},"inLanguage":"nl-NL","potentialAction":[{"@type":"ReadAction","target":["https:\/\/exceladvisor.org\/nl\/kolom-2\/"]}]},{"@type":"ImageObject","inLanguage":"nl-NL","@id":"https:\/\/exceladvisor.org\/nl\/kolom-2\/#primaryimage","url":"https:\/\/exceladvisor.org\/wp-content\/uploads\/2023\/08\/1-faisant-reference-a-la-communaute.png","contentUrl":"https:\/\/exceladvisor.org\/wp-content\/uploads\/2023\/08\/1-faisant-reference-a-la-communaute.png"},{"@type":"BreadcrumbList","@id":"https:\/\/exceladvisor.org\/nl\/kolom-2\/#breadcrumb","itemListElement":[{"@type":"ListItem","position":1,"name":"Thuis","item":"https:\/\/exceladvisor.org\/nl\/"},{"@type":"ListItem","position":2,"name":"Wat is een kolom in excel?"}]},{"@type":"WebSite","@id":"https:\/\/exceladvisor.org\/nl\/#website","url":"https:\/\/exceladvisor.org\/nl\/","name":"Excel Advisor","description":"Uw gids voor datadominantie","publisher":{"@id":"https:\/\/exceladvisor.org\/nl\/#organization"},"potentialAction":[{"@type":"SearchAction","target":{"@type":"EntryPoint","urlTemplate":"https:\/\/exceladvisor.org\/nl\/?s={search_term_string}"},"query-input":{"@type":"PropertyValueSpecification","valueRequired":true,"valueName":"search_term_string"}}],"inLanguage":"nl-NL"},{"@type":"Organization","@id":"https:\/\/exceladvisor.org\/nl\/#organization","name":"Excel Advisor","url":"https:\/\/exceladvisor.org\/nl\/","logo":{"@type":"ImageObject","inLanguage":"nl-NL","@id":"https:\/\/exceladvisor.org\/nl\/#\/schema\/logo\/image\/","url":"https:\/\/exceladvisor.org\/nl\/wp-content\/uploads\/2023\/12\/exceladvisor.org_.png","contentUrl":"https:\/\/exceladvisor.org\/nl\/wp-content\/uploads\/2023\/12\/exceladvisor.org_.png","width":105,"height":36,"caption":"Excel Advisor"},"image":{"@id":"https:\/\/exceladvisor.org\/nl\/#\/schema\/logo\/image\/"}}]}},"yoast_meta":{"yoast_wpseo_title":"","yoast_wpseo_metadesc":"","yoast_wpseo_canonical":""},"_links":{"self":[{"href":"https:\/\/exceladvisor.org\/nl\/wp-json\/wp\/v2\/pages\/2094","targetHints":{"allow":["GET"]}}],"collection":[{"href":"https:\/\/exceladvisor.org\/nl\/wp-json\/wp\/v2\/pages"}],"about":[{"href":"https:\/\/exceladvisor.org\/nl\/wp-json\/wp\/v2\/types\/page"}],"author":[{"embeddable":true,"href":"https:\/\/exceladvisor.org\/nl\/wp-json\/wp\/v2\/users\/1"}],"replies":[{"embeddable":true,"href":"https:\/\/exceladvisor.org\/nl\/wp-json\/wp\/v2\/comments?post=2094"}],"version-history":[{"count":1,"href":"https:\/\/exceladvisor.org\/nl\/wp-json\/wp\/v2\/pages\/2094\/revisions"}],"predecessor-version":[{"id":2977,"href":"https:\/\/exceladvisor.org\/nl\/wp-json\/wp\/v2\/pages\/2094\/revisions\/2977"}],"wp:attachment":[{"href":"https:\/\/exceladvisor.org\/nl\/wp-json\/wp\/v2\/media?parent=2094"}],"curies":[{"name":"wp","href":"https:\/\/api.w.org\/{rel}","templated":true}]}}