{"id":2096,"date":"2023-10-18T02:34:04","date_gmt":"2023-10-18T02:34:04","guid":{"rendered":"https:\/\/exceladvisor.org\/nl\/lijn-2\/"},"modified":"2023-12-06T05:53:32","modified_gmt":"2023-12-06T05:53:32","slug":"lijn-2","status":"publish","type":"page","link":"https:\/\/exceladvisor.org\/nl\/lijn-2\/","title":{"rendered":"Wat is een rij in excel?"},"content":{"rendered":"<div class=\"excel-voor-de-inhoud\" id=\"excel-2017978992\"><script type=\"text\/javascript\">\r\n\tatOptions = {\r\n\t\t'key' : 'c1158f160081d6540a8409e6925dab94',\r\n\t\t'format' : 'iframe',\r\n\t\t'height' : 250,\r\n\t\t'width' : 300,\r\n\t\t'params' : {}\r\n\t};\r\n<\/script>\r\n<script type=\"text\/javascript\" src=\"\/\/www.highperformanceformat.com\/c1158f160081d6540a8409e6925dab94\/invoke.js\"><\/script><\/div> <h2 class=\"wp-block-heading\">Rij in Excel<\/h2><p> Een rij in Excel is een horizontale uitlijning van cellen en strekt zich uit van links naar rechts op het werkblad. Elke lijn wordt ge\u00efdentificeerd door het unieke nummer aan de linkerkant van waar deze begon. Het totale aantal rijen op \u00e9\u00e9n blad is 1.048.576. <\/p><div class=\"wp-block-image\"><figure class=\"aligncenter size-full is-resized\"><img loading=\"lazy\" decoding=\"async\" class=\"wp-image-78175\" src=\"https:\/\/exceladvisor.org\/wp-content\/uploads\/2023\/08\/1-ligne1-dans-excel.png\" sizes=\"auto, \" srcset=\"\" alt=\"rij1 in Excel\" width=\"637\" height=\"269\"><\/figure><\/div><h2 class=\"wp-block-heading\"> Selecteer een lijn<\/h2><p> Om een rij te selecteren, klikt u eenvoudig op de rijkop waar u een numerieke waarde hebt. Vervolgens selecteert het de hele rij, van de eerste tot de laatste cel. <\/p><div class=\"wp-block-image\"><figure class=\"aligncenter size-full is-resized\"><img loading=\"lazy\" decoding=\"async\" class=\"wp-image-78176\" src=\"https:\/\/exceladvisor.org\/wp-content\/uploads\/2023\/08\/2-selectionnez-la-ligne-de-len-tete.png\" sizes=\"auto, \" srcset=\"\" alt=\"selecteer-kop-rij\" width=\"608\" height=\"287\"><\/figure><\/div><p> Een andere manier om de hele kolom te selecteren is door de sneltoets te gebruiken. Selecteer eerst een van de cellen in de rij die u wilt selecteren. Houd vervolgens Shift ingedrukt en druk op de spatiebalk. Hiermee wordt nu de hele rij geselecteerd.<\/p><h2 class=\"wp-block-heading\"> Verwijs naar een rij in Excel<\/h2><p> Zoals je in de bovenstaande momentopname kunt zien, heeft elke rij een uniek nummer, dat begint met 1. En om naar een rij te verwijzen, moet je het nummer ervan gebruiken. Dus als u naar regel 1 wilt verwijzen, moet u dit adres in de verhouding 2:2 gebruiken. <\/p><div class=\"wp-block-image\"><figure class=\"aligncenter size-full is-resized\"><img loading=\"lazy\" decoding=\"async\" class=\"wp-image-78177\" src=\"https:\/\/exceladvisor.org\/wp-content\/uploads\/2023\/08\/3-referents-simple-rangee.png\" sizes=\"auto, \" srcset=\"\" alt=\"verwijst naar een enkele lijn\" width=\"440\" height=\"364\"><\/figure><\/div><p> In het bovenstaande voorbeeld kunt u zien dat we naar regel 1 verwijzen met behulp van het adres in de somfunctie. Als u nu naar meerdere regels wilt verwijzen, moet u een adres gebruiken dat naar meerdere regels verwijst. <\/p><div class=\"wp-block-image\"><figure class=\"aligncenter size-full is-resized\"><img loading=\"lazy\" decoding=\"async\" class=\"wp-image-78178\" src=\"https:\/\/exceladvisor.org\/wp-content\/uploads\/2023\/08\/4-se-referant-a-plusieurs-lignes-continues.png\" sizes=\"auto, \" srcset=\"\" alt=\"referentie-meerdere-doorlopende-lijnen\" width=\"453\" height=\"392\"><\/figure><\/div><p> In het bovenstaande voorbeeld verwijzen we naar de drie regels van 2 naar 4 en in het adres hebben we de somfunctie (2:4) gebruikt, wat betekent van regel 2 naar regel 4. <\/p><div class=\"wp-block-image\"><figure class=\"aligncenter size-full is-resized\"><img loading=\"lazy\" decoding=\"async\" class=\"wp-image-78179\" src=\"https:\/\/exceladvisor.org\/wp-content\/uploads\/2023\/08\/5-lignes-non-continues-referentes.png\" sizes=\"auto, \" srcset=\"\" alt=\"niet-doorlopende lijnen-referentie\" width=\"462\" height=\"403\"><\/figure><\/div><p> Ten slotte verwijzen we naar drie niet-doorlopende regels en om naar deze regels te verwijzen, hebben we hun adres afzonderlijk gebruikt door er een komma tussen te plaatsen.<\/p><h2 class=\"wp-block-heading\"> Wat is de laatste rij in Excel<\/h2><p> In \u00e9\u00e9n spreadsheet zijn er in totaal 1.048.576 rijen. En het laatste rijnummer in Excel is 1.048.576. Dit aantal staat vast en u kunt niet meer rijen aan een blad toevoegen. Als u meer gegevens wilt toevoegen, moet u een nieuw werkblad invoegen dat ook hetzelfde aantal rijen zal hebben. <\/p><div class=\"wp-block-image\"><figure class=\"aligncenter size-full is-resized\"><img loading=\"lazy\" decoding=\"async\" class=\"wp-image-78180\" src=\"https:\/\/exceladvisor.org\/wp-content\/uploads\/2023\/08\/6-derniere-ligne-dans-excel.png\" sizes=\"auto, \" srcset=\"\" alt=\"laatste rij in Excel-spreadsheet\" width=\"443\" height=\"191\"><\/figure><\/div><div class=\"gb-container gb-container-4db6181c gb-container-mt\"> <a class=\"gb-button gb-button-c5897111 gb-button-text gb-button-mt-button\" href=\"https:\/\/exceladvisor.org\/nl\/excel-basisbeginselen\/\">Basiskennis van Microsoft Excel (componenten, onderdelen en kennisnotities)<\/a><h2 class=\"gb-headline gb-headline-665e5f6b gb-headline-text gb-headline-mt-heading\"> Gerelateerde tutorials <\/h2><div class=\"gb-grid-wrapper gb-grid-wrapper-a20baf7c gb-grid-wrapper-mt-grid\"><div class=\"gb-grid-column gb-grid-column-50067b57\"><div class=\"gb-container gb-container-50067b57\"><ul><li> <a href=\"https:\/\/exceladvisor.org\/nl\/kolom-2\/\">Wat is een kolom in Excel<\/a><\/li><li> <a href=\"https:\/\/exceladvisor.org\/nl\/lijnen-tonen\/\">Toon rijen in Excel<\/a><\/li><li> <a href=\"https:\/\/exceladvisor.org\/nl\/bereik\/\">Bereik in Excel<\/a><\/li><li> <a href=\"https:\/\/exceladvisor.org\/nl\/selecteer-het-bereik\/\">Selecteer bereik in Excel<\/a><\/li><li> <a href=\"https:\/\/exceladvisor.org\/nl\/actieve-cel\/\">Activeer cel in Excel<\/a><\/li><\/ul><\/div><\/div><\/div><\/div>","protected":false},"excerpt":{"rendered":"","protected":false},"author":1,"featured_media":0,"parent":0,"menu_order":0,"comment_status":"open","ping_status":"closed","template":"","meta":{"ub_ctt_via":"","footnotes":""},"class_list":["post-2096","page","type-page","status-publish","hentry"],"featured_image_src":null,"yoast_head":"<!-- This site is optimized with the Yoast SEO plugin v25.4 - https:\/\/yoast.com\/wordpress\/plugins\/seo\/ -->\n<title>Wat is een rij in Excel? \u2013 Excel-adviseur<\/title>\n<meta name=\"description\" content=\"In deze zelfstudie leren we over een rij in Excel, wat het is en hoe we naar een rij in een functie kunnen verwijzen.\" \/>\n<meta name=\"robots\" content=\"index, follow, max-snippet:-1, max-image-preview:large, max-video-preview:-1\" \/>\n<link rel=\"canonical\" href=\"https:\/\/exceladvisor.org\/nl\/lijn-2\/\" \/>\n<meta property=\"og:locale\" content=\"nl_NL\" \/>\n<meta property=\"og:type\" content=\"article\" \/>\n<meta property=\"og:title\" content=\"Wat is een rij in Excel? \u2013 Excel-adviseur\" \/>\n<meta property=\"og:description\" content=\"In deze zelfstudie leren we over een rij in Excel, wat het is en hoe we naar een rij in een functie kunnen verwijzen.\" \/>\n<meta property=\"og:url\" content=\"https:\/\/exceladvisor.org\/nl\/lijn-2\/\" \/>\n<meta property=\"og:site_name\" content=\"Excel Advisor\" \/>\n<meta property=\"article:modified_time\" content=\"2023-12-06T05:53:32+00:00\" \/>\n<meta property=\"og:image\" content=\"https:\/\/exceladvisor.org\/wp-content\/uploads\/2023\/08\/1-ligne1-dans-excel.png\" \/>\n<meta name=\"twitter:card\" content=\"summary_large_image\" \/>\n<meta name=\"twitter:label1\" content=\"Geschatte leestijd\" \/>\n\t<meta name=\"twitter:data1\" content=\"2 minuten\" \/>\n<script type=\"application\/ld+json\" class=\"yoast-schema-graph\">{\"@context\":\"https:\/\/schema.org\",\"@graph\":[{\"@type\":\"WebPage\",\"@id\":\"https:\/\/exceladvisor.org\/nl\/lijn-2\/\",\"url\":\"https:\/\/exceladvisor.org\/nl\/lijn-2\/\",\"name\":\"Wat is een rij in Excel? \u2013 Excel-adviseur\",\"isPartOf\":{\"@id\":\"https:\/\/exceladvisor.org\/nl\/#website\"},\"primaryImageOfPage\":{\"@id\":\"https:\/\/exceladvisor.org\/nl\/lijn-2\/#primaryimage\"},\"image\":{\"@id\":\"https:\/\/exceladvisor.org\/nl\/lijn-2\/#primaryimage\"},\"thumbnailUrl\":\"https:\/\/exceladvisor.org\/wp-content\/uploads\/2023\/08\/1-ligne1-dans-excel.png\",\"datePublished\":\"2023-10-18T02:34:04+00:00\",\"dateModified\":\"2023-12-06T05:53:32+00:00\",\"description\":\"In deze zelfstudie leren we over een rij in Excel, wat het is en hoe we naar een rij in een functie kunnen verwijzen.\",\"breadcrumb\":{\"@id\":\"https:\/\/exceladvisor.org\/nl\/lijn-2\/#breadcrumb\"},\"inLanguage\":\"nl-NL\",\"potentialAction\":[{\"@type\":\"ReadAction\",\"target\":[\"https:\/\/exceladvisor.org\/nl\/lijn-2\/\"]}]},{\"@type\":\"ImageObject\",\"inLanguage\":\"nl-NL\",\"@id\":\"https:\/\/exceladvisor.org\/nl\/lijn-2\/#primaryimage\",\"url\":\"https:\/\/exceladvisor.org\/wp-content\/uploads\/2023\/08\/1-ligne1-dans-excel.png\",\"contentUrl\":\"https:\/\/exceladvisor.org\/wp-content\/uploads\/2023\/08\/1-ligne1-dans-excel.png\"},{\"@type\":\"BreadcrumbList\",\"@id\":\"https:\/\/exceladvisor.org\/nl\/lijn-2\/#breadcrumb\",\"itemListElement\":[{\"@type\":\"ListItem\",\"position\":1,\"name\":\"Thuis\",\"item\":\"https:\/\/exceladvisor.org\/nl\/\"},{\"@type\":\"ListItem\",\"position\":2,\"name\":\"Wat is een rij in excel?\"}]},{\"@type\":\"WebSite\",\"@id\":\"https:\/\/exceladvisor.org\/nl\/#website\",\"url\":\"https:\/\/exceladvisor.org\/nl\/\",\"name\":\"Excel Advisor\",\"description\":\"Uw gids voor datadominantie\",\"publisher\":{\"@id\":\"https:\/\/exceladvisor.org\/nl\/#organization\"},\"potentialAction\":[{\"@type\":\"SearchAction\",\"target\":{\"@type\":\"EntryPoint\",\"urlTemplate\":\"https:\/\/exceladvisor.org\/nl\/?s={search_term_string}\"},\"query-input\":{\"@type\":\"PropertyValueSpecification\",\"valueRequired\":true,\"valueName\":\"search_term_string\"}}],\"inLanguage\":\"nl-NL\"},{\"@type\":\"Organization\",\"@id\":\"https:\/\/exceladvisor.org\/nl\/#organization\",\"name\":\"Excel Advisor\",\"url\":\"https:\/\/exceladvisor.org\/nl\/\",\"logo\":{\"@type\":\"ImageObject\",\"inLanguage\":\"nl-NL\",\"@id\":\"https:\/\/exceladvisor.org\/nl\/#\/schema\/logo\/image\/\",\"url\":\"https:\/\/exceladvisor.org\/nl\/wp-content\/uploads\/2023\/12\/exceladvisor.org_.png\",\"contentUrl\":\"https:\/\/exceladvisor.org\/nl\/wp-content\/uploads\/2023\/12\/exceladvisor.org_.png\",\"width\":105,\"height\":36,\"caption\":\"Excel Advisor\"},\"image\":{\"@id\":\"https:\/\/exceladvisor.org\/nl\/#\/schema\/logo\/image\/\"}}]}<\/script>\n<!-- \/ Yoast SEO plugin. -->","yoast_head_json":{"title":"Wat is een rij in Excel? \u2013 Excel-adviseur","description":"In deze zelfstudie leren we over een rij in Excel, wat het is en hoe we naar een rij in een functie kunnen verwijzen.","robots":{"index":"index","follow":"follow","max-snippet":"max-snippet:-1","max-image-preview":"max-image-preview:large","max-video-preview":"max-video-preview:-1"},"canonical":"https:\/\/exceladvisor.org\/nl\/lijn-2\/","og_locale":"nl_NL","og_type":"article","og_title":"Wat is een rij in Excel? \u2013 Excel-adviseur","og_description":"In deze zelfstudie leren we over een rij in Excel, wat het is en hoe we naar een rij in een functie kunnen verwijzen.","og_url":"https:\/\/exceladvisor.org\/nl\/lijn-2\/","og_site_name":"Excel Advisor","article_modified_time":"2023-12-06T05:53:32+00:00","og_image":[{"url":"https:\/\/exceladvisor.org\/wp-content\/uploads\/2023\/08\/1-ligne1-dans-excel.png","type":"","width":"","height":""}],"twitter_card":"summary_large_image","twitter_misc":{"Geschatte leestijd":"2 minuten"},"schema":{"@context":"https:\/\/schema.org","@graph":[{"@type":"WebPage","@id":"https:\/\/exceladvisor.org\/nl\/lijn-2\/","url":"https:\/\/exceladvisor.org\/nl\/lijn-2\/","name":"Wat is een rij in Excel? \u2013 Excel-adviseur","isPartOf":{"@id":"https:\/\/exceladvisor.org\/nl\/#website"},"primaryImageOfPage":{"@id":"https:\/\/exceladvisor.org\/nl\/lijn-2\/#primaryimage"},"image":{"@id":"https:\/\/exceladvisor.org\/nl\/lijn-2\/#primaryimage"},"thumbnailUrl":"https:\/\/exceladvisor.org\/wp-content\/uploads\/2023\/08\/1-ligne1-dans-excel.png","datePublished":"2023-10-18T02:34:04+00:00","dateModified":"2023-12-06T05:53:32+00:00","description":"In deze zelfstudie leren we over een rij in Excel, wat het is en hoe we naar een rij in een functie kunnen verwijzen.","breadcrumb":{"@id":"https:\/\/exceladvisor.org\/nl\/lijn-2\/#breadcrumb"},"inLanguage":"nl-NL","potentialAction":[{"@type":"ReadAction","target":["https:\/\/exceladvisor.org\/nl\/lijn-2\/"]}]},{"@type":"ImageObject","inLanguage":"nl-NL","@id":"https:\/\/exceladvisor.org\/nl\/lijn-2\/#primaryimage","url":"https:\/\/exceladvisor.org\/wp-content\/uploads\/2023\/08\/1-ligne1-dans-excel.png","contentUrl":"https:\/\/exceladvisor.org\/wp-content\/uploads\/2023\/08\/1-ligne1-dans-excel.png"},{"@type":"BreadcrumbList","@id":"https:\/\/exceladvisor.org\/nl\/lijn-2\/#breadcrumb","itemListElement":[{"@type":"ListItem","position":1,"name":"Thuis","item":"https:\/\/exceladvisor.org\/nl\/"},{"@type":"ListItem","position":2,"name":"Wat is een rij in excel?"}]},{"@type":"WebSite","@id":"https:\/\/exceladvisor.org\/nl\/#website","url":"https:\/\/exceladvisor.org\/nl\/","name":"Excel Advisor","description":"Uw gids voor datadominantie","publisher":{"@id":"https:\/\/exceladvisor.org\/nl\/#organization"},"potentialAction":[{"@type":"SearchAction","target":{"@type":"EntryPoint","urlTemplate":"https:\/\/exceladvisor.org\/nl\/?s={search_term_string}"},"query-input":{"@type":"PropertyValueSpecification","valueRequired":true,"valueName":"search_term_string"}}],"inLanguage":"nl-NL"},{"@type":"Organization","@id":"https:\/\/exceladvisor.org\/nl\/#organization","name":"Excel Advisor","url":"https:\/\/exceladvisor.org\/nl\/","logo":{"@type":"ImageObject","inLanguage":"nl-NL","@id":"https:\/\/exceladvisor.org\/nl\/#\/schema\/logo\/image\/","url":"https:\/\/exceladvisor.org\/nl\/wp-content\/uploads\/2023\/12\/exceladvisor.org_.png","contentUrl":"https:\/\/exceladvisor.org\/nl\/wp-content\/uploads\/2023\/12\/exceladvisor.org_.png","width":105,"height":36,"caption":"Excel Advisor"},"image":{"@id":"https:\/\/exceladvisor.org\/nl\/#\/schema\/logo\/image\/"}}]}},"yoast_meta":{"yoast_wpseo_title":"","yoast_wpseo_metadesc":"","yoast_wpseo_canonical":""},"_links":{"self":[{"href":"https:\/\/exceladvisor.org\/nl\/wp-json\/wp\/v2\/pages\/2096","targetHints":{"allow":["GET"]}}],"collection":[{"href":"https:\/\/exceladvisor.org\/nl\/wp-json\/wp\/v2\/pages"}],"about":[{"href":"https:\/\/exceladvisor.org\/nl\/wp-json\/wp\/v2\/types\/page"}],"author":[{"embeddable":true,"href":"https:\/\/exceladvisor.org\/nl\/wp-json\/wp\/v2\/users\/1"}],"replies":[{"embeddable":true,"href":"https:\/\/exceladvisor.org\/nl\/wp-json\/wp\/v2\/comments?post=2096"}],"version-history":[{"count":1,"href":"https:\/\/exceladvisor.org\/nl\/wp-json\/wp\/v2\/pages\/2096\/revisions"}],"predecessor-version":[{"id":2979,"href":"https:\/\/exceladvisor.org\/nl\/wp-json\/wp\/v2\/pages\/2096\/revisions\/2979"}],"wp:attachment":[{"href":"https:\/\/exceladvisor.org\/nl\/wp-json\/wp\/v2\/media?parent=2096"}],"curies":[{"name":"wp","href":"https:\/\/api.w.org\/{rel}","templated":true}]}}