{"id":2097,"date":"2023-10-18T00:33:31","date_gmt":"2023-10-18T00:33:31","guid":{"rendered":"https:\/\/exceladvisor.org\/nl\/lijnen-tonen\/"},"modified":"2023-12-06T05:50:55","modified_gmt":"2023-12-06T05:50:55","slug":"lijnen-tonen","status":"publish","type":"page","link":"https:\/\/exceladvisor.org\/nl\/lijnen-tonen\/","title":{"rendered":"Hoe rijen weergeven in excel?"},"content":{"rendered":"<div class=\"excel-voor-de-inhoud\" id=\"excel-3444857936\"><script type=\"text\/javascript\">\r\n\tatOptions = {\r\n\t\t'key' : 'c1158f160081d6540a8409e6925dab94',\r\n\t\t'format' : 'iframe',\r\n\t\t'height' : 250,\r\n\t\t'width' : 300,\r\n\t\t'params' : {}\r\n\t};\r\n<\/script>\r\n<script type=\"text\/javascript\" src=\"\/\/www.highperformanceformat.com\/c1158f160081d6540a8409e6925dab94\/invoke.js\"><\/script><\/div> <p>In deze zelfstudie leert u hoe u enkele en meerdere regels (doorlopend en niet-doorlopend) in Excel kunt weergeven.<\/p><h2 id=\"h-steps-to-unhide-a-single-row\" class=\"wp-block-heading\"> Stappen om \u00e9\u00e9n enkele rij weer te geven<\/h2><p> U kunt de volgende stappen gebruiken:<\/p><ol type=\"1\"><li> Eerst moet u het ontbrekende rijnummer in de rijkop vinden.<\/li><li> Beweeg daarna uw cursor over het verborgen rijnummer en u ziet het sleepteken.<\/li><li> Klik er vervolgens op en houd de muis ingedrukt.<\/li><li> En terwijl je hem vasthoudt, breid je de verborgen lijn uit. Je zult deze verborgen lijn kunnen zien. <\/li><\/ol><div class=\"wp-block-image\"><figure class=\"aligncenter size-full is-resized\"><img loading=\"lazy\" decoding=\"async\" class=\"wp-image-79053\" src=\"https:\/\/exceladvisor.org\/wp-content\/uploads\/2023\/08\/gif-afficher-une-seule-ligne.gif\" sizes=\"auto, \" srcset=\"\" alt=\"Enkele regel weergeven\" width=\"571\" height=\"371\"><\/figure><\/div><p> U kunt deze lijn echter ook &#8220;zichtbaar maken&#8221; door met de rechtermuisknop op de ruimte tussen de lijnen te klikken. <\/p><div class=\"wp-block-image\"><figure class=\"aligncenter size-full is-resized\"><img loading=\"lazy\" decoding=\"async\" class=\"wp-image-79054\" src=\"https:\/\/exceladvisor.org\/wp-content\/uploads\/2023\/08\/1-clic-droit-dessus-1.png\" sizes=\"auto, \" srcset=\"\" alt=\"klik er met de rechtermuisknop op\" width=\"284\" height=\"292\"><\/figure><\/div><p> En klik vervolgens op de optie \u201cWeergeven\u201d om de verborgen rij weer te geven. <\/p><div class=\"wp-block-image\"><figure class=\"aligncenter size-full is-resized\"><img loading=\"lazy\" decoding=\"async\" class=\"wp-image-79055\" src=\"https:\/\/exceladvisor.org\/wp-content\/uploads\/2023\/08\/2-cliquez-sur-afficher-pour-afficher-la-ligne.png\" sizes=\"auto, \" srcset=\"\" alt=\"klik-show-to-show-regel\" width=\"275\" height=\"480\"><\/figure><\/div><h2 id=\"h-unhide-the-multiple-continues-rows\" class=\"wp-block-heading\"> Toon meerdere ononderbroken lijnen<\/h2><p> Als u meerdere ononderbroken lijnen tegelijk wilt weergeven, volgt u deze stappen:<\/p><ul><li> Nogmaals, de eerste stap is het vinden van het bereik van verborgen rijen in het werkblad. <\/li><\/ul><div class=\"wp-block-image\"><figure class=\"aligncenter size-full is-resized\"><img loading=\"lazy\" decoding=\"async\" class=\"wp-image-79056\" src=\"https:\/\/exceladvisor.org\/wp-content\/uploads\/2023\/08\/3-lignes-multiples-manquantes.png\" sizes=\"auto, \" srcset=\"\" alt=\"meerdere regels ontbreken\" width=\"543\" height=\"204\"><\/figure><\/div><ul><li> Selecteer voortaan de enkele rij boven de verborgen rijen en houd vervolgens Shift ingedrukt om een andere rij onder de verborgen rijen uit de rijkop te selecteren. <\/li><\/ul><div class=\"wp-block-image\"><figure class=\"aligncenter size-full is-resized\"><img loading=\"lazy\" decoding=\"async\" class=\"wp-image-79057\" src=\"https:\/\/exceladvisor.org\/wp-content\/uploads\/2023\/08\/4-au-dessus-et-au-dessous-de-la-ligne.png\" sizes=\"auto, \" srcset=\"\" alt=\"selecteer boven en onder lijn\" width=\"558\" height=\"236\"><\/figure><\/div><ul><li> Klik daarna met de rechtermuisknop op een van de geselecteerde rijen en kies vanaf daar de optie &#8220;Weergeven&#8221;. <\/li><\/ul><div class=\"wp-block-image\"><figure class=\"aligncenter size-full is-resized\"><img loading=\"lazy\" decoding=\"async\" class=\"wp-image-79058\" src=\"https:\/\/exceladvisor.org\/wp-content\/uploads\/2023\/08\/5-clic-droit-et-afficher.png\" sizes=\"auto, \" srcset=\"\" alt=\"rechtermuisknop en weergeven\" width=\"436\" height=\"504\"><\/figure><\/div><ul><li> Nu zijn alle gegevens zichtbaar op het blad wanneer de meerdere verborgen rijen zichtbaar zijn geworden. <\/li><\/ul><div class=\"wp-block-image\"><figure class=\"aligncenter size-full is-resized\"><img loading=\"lazy\" decoding=\"async\" class=\"wp-image-79059\" src=\"https:\/\/exceladvisor.org\/wp-content\/uploads\/2023\/08\/6-toutes-les-lignes-masquees.png\" sizes=\"auto, \" srcset=\"\" alt=\"alle lijnen verborgen\" width=\"553\" height=\"339\"><\/figure><\/div><p class=\"mynote\"> Als u de enige verborgen rij tussen meerdere rijen wilt weergeven, plaatst u de cursor op de verborgen rijkop. Dubbelklik er daarna op en u ziet de enkele rij die eerder verborgen was. Zo kun je de rijen \u00e9\u00e9n voor \u00e9\u00e9n weergeven.<\/p><h2 id=\"h-unhide-all-rows-from-the-worksheet\" class=\"wp-block-heading\"> Toon alle rijen in het werkblad<\/h2><p> Het is best interessant om alle rijen van het hele spreadsheet weer te geven. Omdat het u tijd en moeite bespaart. U kunt de volgende stappen gebruiken:<\/p><ul><li> Scan eerst alle verborgen regels in de koptekst. <\/li><\/ul><div class=\"wp-block-image\"><figure class=\"aligncenter size-full is-resized\"><img loading=\"lazy\" decoding=\"async\" class=\"wp-image-79060\" src=\"https:\/\/exceladvisor.org\/wp-content\/uploads\/2023\/08\/7-toutes-les-lignes-masquees-de-la-feuille.png\" sizes=\"auto, \" srcset=\"\" alt=\"alle verborgen rijen op het blad\" width=\"638\" height=\"213\"><\/figure><\/div><ul><li> Ga daarna naar <a href=\"https:\/\/exceladvisor.org\/nl\/lintje\/\">Excel-lint<\/a> \u21e2 tabblad Start \u21e2 Opmaak. <\/li><\/ul><div class=\"wp-block-image\"><figure class=\"aligncenter size-full is-resized\"><img loading=\"lazy\" decoding=\"async\" class=\"wp-image-79061\" src=\"https:\/\/exceladvisor.org\/wp-content\/uploads\/2023\/08\/8-cliquez-sur-format-selectionner-masquer-afficher.png\" sizes=\"auto, \" srcset=\"\" alt=\"klik-op-formaat-selecteer-verberg-toon\" width=\"772\" height=\"429\"><\/figure><\/div><ul><li> Selecteer vervolgens het hele blad en klik op de optie Rijen weergeven in de vervolgkeuzelijst &#8220;Verbergen en weergeven&#8221;. <\/li><\/ul><div class=\"wp-block-image\"><figure class=\"aligncenter size-full is-resized\"><img loading=\"lazy\" decoding=\"async\" class=\"wp-image-79062\" src=\"https:\/\/exceladvisor.org\/wp-content\/uploads\/2023\/08\/9-selectionnez-la-feuille-entiere-cliquez-sur-afficher-les-lignes.png\" sizes=\"auto, \" srcset=\"\" alt=\"selecteer-hele-blad-klik-toon-rijen\" width=\"356\" height=\"448\"><\/figure><\/div><ul><li> Zodra u erop klikt, herstelt u alle verborgen rijen in het werkblad. <\/li><\/ul><div class=\"wp-block-image\"><figure class=\"aligncenter size-full is-resized\"><img loading=\"lazy\" decoding=\"async\" class=\"wp-image-79063\" src=\"https:\/\/exceladvisor.org\/wp-content\/uploads\/2023\/08\/10-toutes-les-lignes-disponibles.png\" sizes=\"auto, \" srcset=\"\" alt=\"beschikbaar op alle lijnen\" width=\"433\" height=\"306\"><\/figure><\/div><div class=\"gb-container gb-container-4db6181c gb-container-mt\"> <a class=\"gb-button gb-button-c5897111 gb-button-text gb-button-mt-button\" href=\"https:\/\/exceladvisor.org\/nl\/excel-basisbeginselen\/\">Basiskennis van Microsoft Excel (componenten, onderdelen en kennisnotities)<\/a><h2 class=\"gb-headline gb-headline-665e5f6b gb-headline-text gb-headline-mt-heading\"> Gerelateerde tutorials <\/h2><div class=\"gb-grid-wrapper gb-grid-wrapper-a20baf7c gb-grid-wrapper-mt-grid\"><div class=\"gb-grid-column gb-grid-column-50067b57\"><div class=\"gb-container gb-container-50067b57\"><ul><li> <a href=\"https:\/\/exceladvisor.org\/nl\/lijnen-verwijderen\/\">Verwijder een rij of meerdere rijen in Excel<\/a><\/li><li> <a href=\"https:\/\/exceladvisor.org\/nl\/kolom-kopieren\/\">Kopieer en plak een kolom in Excel<\/a><\/li><li> <a href=\"https:\/\/exceladvisor.org\/nl\/rij-kolom-verplaatsen\/\">Verplaats een rij en kolom in Excel<\/a><\/li><li> <a href=\"https:\/\/exceladvisor.org\/nl\/kolombreedte\/\">Hoe u de kolombreedte in Excel kunt wijzigen<\/a><\/li><li> <a href=\"https:\/\/exceladvisor.org\/nl\/verwissel-de-cel\/\">Verwissel snel twee cellen in Excel<\/a><\/li><\/ul><\/div><\/div><\/div><\/div>","protected":false},"excerpt":{"rendered":"","protected":false},"author":1,"featured_media":0,"parent":0,"menu_order":0,"comment_status":"open","ping_status":"closed","template":"","meta":{"ub_ctt_via":"","footnotes":""},"class_list":["post-2097","page","type-page","status-publish","hentry"],"featured_image_src":null,"yoast_head":"<!-- This site is optimized with the Yoast SEO plugin v25.4 - https:\/\/yoast.com\/wordpress\/plugins\/seo\/ -->\n<title>Hoe rijen weergeven in Excel? \u2013 Excel-adviseur<\/title>\n<meta name=\"description\" content=\"Dit is een eenvoudige Microsoft Excel-tutorial om te leren hoe u rijen in een blad kunt weergeven (enkele + alle rijen).\" \/>\n<meta name=\"robots\" content=\"index, follow, max-snippet:-1, max-image-preview:large, max-video-preview:-1\" \/>\n<link rel=\"canonical\" href=\"https:\/\/exceladvisor.org\/nl\/lijnen-tonen\/\" \/>\n<meta property=\"og:locale\" content=\"nl_NL\" \/>\n<meta property=\"og:type\" content=\"article\" \/>\n<meta property=\"og:title\" content=\"Hoe rijen weergeven in Excel? \u2013 Excel-adviseur\" \/>\n<meta property=\"og:description\" content=\"Dit is een eenvoudige Microsoft Excel-tutorial om te leren hoe u rijen in een blad kunt weergeven (enkele + alle rijen).\" \/>\n<meta property=\"og:url\" content=\"https:\/\/exceladvisor.org\/nl\/lijnen-tonen\/\" \/>\n<meta property=\"og:site_name\" content=\"Excel Advisor\" \/>\n<meta property=\"article:modified_time\" content=\"2023-12-06T05:50:55+00:00\" \/>\n<meta property=\"og:image\" content=\"https:\/\/exceladvisor.org\/wp-content\/uploads\/2023\/08\/gif-afficher-une-seule-ligne.gif\" \/>\n<meta name=\"twitter:card\" content=\"summary_large_image\" \/>\n<meta name=\"twitter:label1\" content=\"Geschatte leestijd\" \/>\n\t<meta name=\"twitter:data1\" content=\"2 minuten\" \/>\n<script type=\"application\/ld+json\" class=\"yoast-schema-graph\">{\"@context\":\"https:\/\/schema.org\",\"@graph\":[{\"@type\":\"WebPage\",\"@id\":\"https:\/\/exceladvisor.org\/nl\/lijnen-tonen\/\",\"url\":\"https:\/\/exceladvisor.org\/nl\/lijnen-tonen\/\",\"name\":\"Hoe rijen weergeven in Excel? \u2013 Excel-adviseur\",\"isPartOf\":{\"@id\":\"https:\/\/exceladvisor.org\/nl\/#website\"},\"primaryImageOfPage\":{\"@id\":\"https:\/\/exceladvisor.org\/nl\/lijnen-tonen\/#primaryimage\"},\"image\":{\"@id\":\"https:\/\/exceladvisor.org\/nl\/lijnen-tonen\/#primaryimage\"},\"thumbnailUrl\":\"https:\/\/exceladvisor.org\/wp-content\/uploads\/2023\/08\/gif-afficher-une-seule-ligne.gif\",\"datePublished\":\"2023-10-18T00:33:31+00:00\",\"dateModified\":\"2023-12-06T05:50:55+00:00\",\"description\":\"Dit is een eenvoudige Microsoft Excel-tutorial om te leren hoe u rijen in een blad kunt weergeven (enkele + alle rijen).\",\"breadcrumb\":{\"@id\":\"https:\/\/exceladvisor.org\/nl\/lijnen-tonen\/#breadcrumb\"},\"inLanguage\":\"nl-NL\",\"potentialAction\":[{\"@type\":\"ReadAction\",\"target\":[\"https:\/\/exceladvisor.org\/nl\/lijnen-tonen\/\"]}]},{\"@type\":\"ImageObject\",\"inLanguage\":\"nl-NL\",\"@id\":\"https:\/\/exceladvisor.org\/nl\/lijnen-tonen\/#primaryimage\",\"url\":\"https:\/\/exceladvisor.org\/wp-content\/uploads\/2023\/08\/gif-afficher-une-seule-ligne.gif\",\"contentUrl\":\"https:\/\/exceladvisor.org\/wp-content\/uploads\/2023\/08\/gif-afficher-une-seule-ligne.gif\"},{\"@type\":\"BreadcrumbList\",\"@id\":\"https:\/\/exceladvisor.org\/nl\/lijnen-tonen\/#breadcrumb\",\"itemListElement\":[{\"@type\":\"ListItem\",\"position\":1,\"name\":\"Thuis\",\"item\":\"https:\/\/exceladvisor.org\/nl\/\"},{\"@type\":\"ListItem\",\"position\":2,\"name\":\"Hoe rijen weergeven in excel?\"}]},{\"@type\":\"WebSite\",\"@id\":\"https:\/\/exceladvisor.org\/nl\/#website\",\"url\":\"https:\/\/exceladvisor.org\/nl\/\",\"name\":\"Excel Advisor\",\"description\":\"Uw gids voor datadominantie\",\"publisher\":{\"@id\":\"https:\/\/exceladvisor.org\/nl\/#organization\"},\"potentialAction\":[{\"@type\":\"SearchAction\",\"target\":{\"@type\":\"EntryPoint\",\"urlTemplate\":\"https:\/\/exceladvisor.org\/nl\/?s={search_term_string}\"},\"query-input\":{\"@type\":\"PropertyValueSpecification\",\"valueRequired\":true,\"valueName\":\"search_term_string\"}}],\"inLanguage\":\"nl-NL\"},{\"@type\":\"Organization\",\"@id\":\"https:\/\/exceladvisor.org\/nl\/#organization\",\"name\":\"Excel Advisor\",\"url\":\"https:\/\/exceladvisor.org\/nl\/\",\"logo\":{\"@type\":\"ImageObject\",\"inLanguage\":\"nl-NL\",\"@id\":\"https:\/\/exceladvisor.org\/nl\/#\/schema\/logo\/image\/\",\"url\":\"https:\/\/exceladvisor.org\/nl\/wp-content\/uploads\/2023\/12\/exceladvisor.org_.png\",\"contentUrl\":\"https:\/\/exceladvisor.org\/nl\/wp-content\/uploads\/2023\/12\/exceladvisor.org_.png\",\"width\":105,\"height\":36,\"caption\":\"Excel Advisor\"},\"image\":{\"@id\":\"https:\/\/exceladvisor.org\/nl\/#\/schema\/logo\/image\/\"}}]}<\/script>\n<!-- \/ Yoast SEO plugin. -->","yoast_head_json":{"title":"Hoe rijen weergeven in Excel? \u2013 Excel-adviseur","description":"Dit is een eenvoudige Microsoft Excel-tutorial om te leren hoe u rijen in een blad kunt weergeven (enkele + alle rijen).","robots":{"index":"index","follow":"follow","max-snippet":"max-snippet:-1","max-image-preview":"max-image-preview:large","max-video-preview":"max-video-preview:-1"},"canonical":"https:\/\/exceladvisor.org\/nl\/lijnen-tonen\/","og_locale":"nl_NL","og_type":"article","og_title":"Hoe rijen weergeven in Excel? \u2013 Excel-adviseur","og_description":"Dit is een eenvoudige Microsoft Excel-tutorial om te leren hoe u rijen in een blad kunt weergeven (enkele + alle rijen).","og_url":"https:\/\/exceladvisor.org\/nl\/lijnen-tonen\/","og_site_name":"Excel Advisor","article_modified_time":"2023-12-06T05:50:55+00:00","og_image":[{"url":"https:\/\/exceladvisor.org\/wp-content\/uploads\/2023\/08\/gif-afficher-une-seule-ligne.gif","type":"","width":"","height":""}],"twitter_card":"summary_large_image","twitter_misc":{"Geschatte leestijd":"2 minuten"},"schema":{"@context":"https:\/\/schema.org","@graph":[{"@type":"WebPage","@id":"https:\/\/exceladvisor.org\/nl\/lijnen-tonen\/","url":"https:\/\/exceladvisor.org\/nl\/lijnen-tonen\/","name":"Hoe rijen weergeven in Excel? \u2013 Excel-adviseur","isPartOf":{"@id":"https:\/\/exceladvisor.org\/nl\/#website"},"primaryImageOfPage":{"@id":"https:\/\/exceladvisor.org\/nl\/lijnen-tonen\/#primaryimage"},"image":{"@id":"https:\/\/exceladvisor.org\/nl\/lijnen-tonen\/#primaryimage"},"thumbnailUrl":"https:\/\/exceladvisor.org\/wp-content\/uploads\/2023\/08\/gif-afficher-une-seule-ligne.gif","datePublished":"2023-10-18T00:33:31+00:00","dateModified":"2023-12-06T05:50:55+00:00","description":"Dit is een eenvoudige Microsoft Excel-tutorial om te leren hoe u rijen in een blad kunt weergeven (enkele + alle rijen).","breadcrumb":{"@id":"https:\/\/exceladvisor.org\/nl\/lijnen-tonen\/#breadcrumb"},"inLanguage":"nl-NL","potentialAction":[{"@type":"ReadAction","target":["https:\/\/exceladvisor.org\/nl\/lijnen-tonen\/"]}]},{"@type":"ImageObject","inLanguage":"nl-NL","@id":"https:\/\/exceladvisor.org\/nl\/lijnen-tonen\/#primaryimage","url":"https:\/\/exceladvisor.org\/wp-content\/uploads\/2023\/08\/gif-afficher-une-seule-ligne.gif","contentUrl":"https:\/\/exceladvisor.org\/wp-content\/uploads\/2023\/08\/gif-afficher-une-seule-ligne.gif"},{"@type":"BreadcrumbList","@id":"https:\/\/exceladvisor.org\/nl\/lijnen-tonen\/#breadcrumb","itemListElement":[{"@type":"ListItem","position":1,"name":"Thuis","item":"https:\/\/exceladvisor.org\/nl\/"},{"@type":"ListItem","position":2,"name":"Hoe rijen weergeven in excel?"}]},{"@type":"WebSite","@id":"https:\/\/exceladvisor.org\/nl\/#website","url":"https:\/\/exceladvisor.org\/nl\/","name":"Excel Advisor","description":"Uw gids voor datadominantie","publisher":{"@id":"https:\/\/exceladvisor.org\/nl\/#organization"},"potentialAction":[{"@type":"SearchAction","target":{"@type":"EntryPoint","urlTemplate":"https:\/\/exceladvisor.org\/nl\/?s={search_term_string}"},"query-input":{"@type":"PropertyValueSpecification","valueRequired":true,"valueName":"search_term_string"}}],"inLanguage":"nl-NL"},{"@type":"Organization","@id":"https:\/\/exceladvisor.org\/nl\/#organization","name":"Excel Advisor","url":"https:\/\/exceladvisor.org\/nl\/","logo":{"@type":"ImageObject","inLanguage":"nl-NL","@id":"https:\/\/exceladvisor.org\/nl\/#\/schema\/logo\/image\/","url":"https:\/\/exceladvisor.org\/nl\/wp-content\/uploads\/2023\/12\/exceladvisor.org_.png","contentUrl":"https:\/\/exceladvisor.org\/nl\/wp-content\/uploads\/2023\/12\/exceladvisor.org_.png","width":105,"height":36,"caption":"Excel Advisor"},"image":{"@id":"https:\/\/exceladvisor.org\/nl\/#\/schema\/logo\/image\/"}}]}},"yoast_meta":{"yoast_wpseo_title":"","yoast_wpseo_metadesc":"","yoast_wpseo_canonical":""},"_links":{"self":[{"href":"https:\/\/exceladvisor.org\/nl\/wp-json\/wp\/v2\/pages\/2097","targetHints":{"allow":["GET"]}}],"collection":[{"href":"https:\/\/exceladvisor.org\/nl\/wp-json\/wp\/v2\/pages"}],"about":[{"href":"https:\/\/exceladvisor.org\/nl\/wp-json\/wp\/v2\/types\/page"}],"author":[{"embeddable":true,"href":"https:\/\/exceladvisor.org\/nl\/wp-json\/wp\/v2\/users\/1"}],"replies":[{"embeddable":true,"href":"https:\/\/exceladvisor.org\/nl\/wp-json\/wp\/v2\/comments?post=2097"}],"version-history":[{"count":1,"href":"https:\/\/exceladvisor.org\/nl\/wp-json\/wp\/v2\/pages\/2097\/revisions"}],"predecessor-version":[{"id":2804,"href":"https:\/\/exceladvisor.org\/nl\/wp-json\/wp\/v2\/pages\/2097\/revisions\/2804"}],"wp:attachment":[{"href":"https:\/\/exceladvisor.org\/nl\/wp-json\/wp\/v2\/media?parent=2097"}],"curies":[{"name":"wp","href":"https:\/\/api.w.org\/{rel}","templated":true}]}}