{"id":2107,"date":"2023-10-15T17:12:29","date_gmt":"2023-10-15T17:12:29","guid":{"rendered":"https:\/\/exceladvisor.org\/nl\/functie-formules\/"},"modified":"2023-12-06T05:48:32","modified_gmt":"2023-12-06T05:48:32","slug":"functie-formules","status":"publish","type":"page","link":"https:\/\/exceladvisor.org\/nl\/functie-formules\/","title":{"rendered":"Hoe gebruik ik functies en formules in power query?"},"content":{"rendered":"<div class=\"excel-voor-de-inhoud\" id=\"excel-2703115984\"><script type=\"text\/javascript\">\r\n\tatOptions = {\r\n\t\t'key' : 'c1158f160081d6540a8409e6925dab94',\r\n\t\t'format' : 'iframe',\r\n\t\t'height' : 250,\r\n\t\t'width' : 300,\r\n\t\t'params' : {}\r\n\t};\r\n<\/script>\r\n<script type=\"text\/javascript\" src=\"\/\/www.highperformanceformat.com\/c1158f160081d6540a8409e6925dab94\/invoke.js\"><\/script><\/div> <p>In Power Query kunt u functies en formules gebruiken alsof u ze in een spreadsheet gebruikt. Power Query heeft een lange lijst met functies en u kunt formules schrijven met behulp van verschillende rekenfuncties of operatoren.<\/p><p> En in deze tutorial zullen we functies en formules in detail begrijpen.<\/p><h2 class=\"wp-block-heading\"> Schrijf uw eerste formule in Power Query<\/h2><p> In Power Query moet u, in tegenstelling tot Excel, een nieuwe kolom toevoegen om een formule in te voeren. U kunt het echter in \u00e9\u00e9n cel invoeren. Laten we het begrijpen met een voorbeeld. Hieronder hebben we enkele waarden in de kolommen A en B. <\/p><div class=\"wp-block-image\"><figure class=\"aligncenter size-full is-resized\"><img loading=\"lazy\" decoding=\"async\" class=\"wp-image-88811\" src=\"https:\/\/exceladvisor.org\/wp-content\/uploads\/2023\/08\/1-formule-dans-power-query.png\" sizes=\"auto, \" srcset=\"\" alt=\"formule-in-power-query\" width=\"185\" height=\"306\"><\/figure><\/div><p> En voeg nu een nieuwe kolom in met het totaal van beide kolommen. Om deze te verkrijgen, kunt u de onderstaande stappen volgen:<\/p><ol><li> Laad eerst de gegevens in de krachtige query-editor (tabblad Gegevens &gt; Uit andere bronnen &gt; Uit bereik\/tabel). <br><img decoding=\"async\" style=\"height: 442px; width: 509px;\" title=\"2-load-data-in-power-query\" src=\"https:\/\/exceladvisor.org\/wp-content\/uploads\/2023\/08\/2-charger-les-donnees-dans-la-requete-de-puissance.png\" sizes=\"\" srcset=\"\" alt=\"load-data-into-power-query\"><\/li><li> In de editor gaat u naar het tabblad Kolom toevoegen en klikt u op de knop Aangepaste kolom om het dialoogvenster te openen. <br><img decoding=\"async\" style=\"height: 429px; width: 540px;\" title=\"Kolom-aangepast met 3 knoppen\" src=\"https:\/\/exceladvisor.org\/wp-content\/uploads\/2023\/08\/3-bouton-de-colonne-personnalise.png\" sizes=\"\" srcset=\"\" alt=\"custom-column-button\"><\/li><li> Van daaruit moet u in het dialoogvenster de formule invoeren die u wilt gebruiken. Het gelijkteken staat er al, dus u hoeft het niet te typen. <br><img decoding=\"async\" style=\"height: 304px; width: 797px;\" title=\"4-voer-de-formule-in-het-dialoogvenster in\" src=\"https:\/\/exceladvisor.org\/wp-content\/uploads\/2023\/08\/4-entrez-la-formule-dans-la-boite-de-dialogue.png\" sizes=\"\" srcset=\"\" alt=\"enter-the-formula-in-dialog-box\"><\/li><li> Vervolgens moet je de formule schrijven:<ul><li> Klik op de Jan in de beschikbare kolommen om deze in de formule in te voeren.<\/li><\/ul><ul><li> Voer het plusteken (+) in.<\/li><\/ul><ul><li> Klik op Feb in de beschikbare kolommen om deze in de formule in te voeren.<\/li><\/ul><ul><li> Voer ook een naam in voor de kolom. <\/li><\/ul><p><img decoding=\"async\" style=\"height: 404px; width: 665px;\" title=\"5-schrijfformule-om-in te voeren-met-nieuwe-aangepaste-kolom\" src=\"https:\/\/exceladvisor.org\/wp-content\/uploads\/2023\/08\/5-ecrire-une-formule-a-saisir-avec-une-nouvelle-colonne-personnalisee.png\" sizes=\"\" srcset=\"\" alt=\"write-formula-to-enter-with-new-custom-column\"><\/p><\/li><li> Klik aan het einde op OK om de formule in te voeren met een nieuwe aangepaste kolom.<\/li><\/ol><p> Op het moment dat u op Enter drukt, wordt er een nieuwe kolom ingevoerd met de som van de kolommen A en B (Jan en Feb). <\/p><div class=\"wp-block-image\"><figure class=\"aligncenter size-full is-resized\"><img loading=\"lazy\" decoding=\"async\" class=\"wp-image-88816\" src=\"https:\/\/exceladvisor.org\/wp-content\/uploads\/2023\/08\/6-nouvelle-colonne-avec-les-resultats-de-la-formule.png\" sizes=\"auto, \" srcset=\"\" alt=\"nieuwe-kolom-met-formule-resultaten\" width=\"552\" height=\"306\"><\/figure><\/div><p> Klik aan het einde op de knop Sluiten en laden op het tabblad Start om de gegevens in een nieuw werkblad in Excel te laden. <\/p><div class=\"wp-block-image\"><figure class=\"aligncenter size-full is-resized\"><img loading=\"lazy\" decoding=\"async\" class=\"wp-image-88817\" src=\"https:\/\/exceladvisor.org\/wp-content\/uploads\/2023\/08\/7-cliquez-sur-fermer-et-charger.png\" sizes=\"auto, \" srcset=\"\" alt=\"klik-sluiten-en-laden\" width=\"494\" height=\"156\"><\/figure><\/div><p> En zodra u erop klikt, wordt de krachtige query-editor gesloten en worden de gegevens geladen door een nieuw werkblad in te voegen. <\/p><div class=\"wp-block-image\"><figure class=\"aligncenter size-full is-resized\"><img loading=\"lazy\" decoding=\"async\" class=\"wp-image-88818\" src=\"https:\/\/exceladvisor.org\/wp-content\/uploads\/2023\/08\/8-charge-les-donnees-en-inserant-une-nouvelle-feuille-de-calcul.png\" sizes=\"auto, \" srcset=\"\" alt=\"gegevens laden door nieuw werkblad in te voegen\" width=\"435\" height=\"401\"><\/figure><\/div><p> Als realtime geavanceerde query krijgt u alle nieuwe waarden in deze tabel wanneer u nieuwe waarden in de brongegevens invoert en de nieuwe tabel vernieuwt die u opnieuw hebt geladen vanuit de geavanceerde query-editor. Dus zelfs de berekening van de nieuwe waarden zal ook tijdens het vernieuwen plaatsvinden.<\/p><h2 class=\"wp-block-heading\"> Een formule bewerken<\/h2><p> Nadat u een formule in Power Query heeft geschreven, kunt u deze bewerken.<\/p><ul><li> Selecteer eerst een van de cellen in de nieuwe tabel en navigeer naar het tabblad &#8216;Query&#8217; op het lint.<\/li><li> En klik vervolgens op de knop Bewerken. <\/li><\/ul><div class=\"wp-block-image\"><figure class=\"aligncenter size-full is-resized\"><img loading=\"lazy\" decoding=\"async\" class=\"wp-image-88819\" src=\"https:\/\/exceladvisor.org\/wp-content\/uploads\/2023\/08\/9-modifier-une-formule-dans-power-query.png\" sizes=\"auto, \" srcset=\"\" alt=\"wijzig-een-formule-in-power-query\" width=\"473\" height=\"379\"><\/figure><\/div><p> Zodra u op de knop Bewerken klikt, wordt de Power Query Editor geopend. <\/p><div class=\"wp-block-image\"><figure class=\"aligncenter size-full is-resized\"><img loading=\"lazy\" decoding=\"async\" class=\"wp-image-88820\" src=\"https:\/\/exceladvisor.org\/wp-content\/uploads\/2023\/08\/10-editeur-de-requete-de-puissance-ouvert.png\" sizes=\"auto, \" srcset=\"\" alt=\"power-query-editor-geopend\" width=\"600\" height=\"377\"><\/figure><\/div><p> Vanaf hier moet u naar de rechterkant van het venster gaan waar de &#8220;Toegepaste stappen&#8221; zich bevinden.<\/p><p> En klik vervolgens op &#8220;Aangepast toevoegen&#8221; om het dialoogvenster van de aangepaste kolom te openen waarin u aanvankelijk de formule invoert. <\/p><div class=\"wp-block-image\"><figure class=\"aligncenter size-full is-resized\"><img loading=\"lazy\" decoding=\"async\" class=\"wp-image-88821\" src=\"https:\/\/exceladvisor.org\/wp-content\/uploads\/2023\/08\/11-cliquez-sur-la-coutume-ajoutee.png\" sizes=\"auto, \" srcset=\"\" alt=\"klik op toegevoegd-aangepast\" width=\"242\" height=\"274\"><\/figure><\/div><p> En vanuit het dialoogvenster kunt u de formule die u hebt geschreven bewerken en wijzigen. <\/p><div class=\"wp-block-image\"><figure class=\"aligncenter size-full is-resized\"><img loading=\"lazy\" decoding=\"async\" class=\"wp-image-88822\" src=\"https:\/\/exceladvisor.org\/wp-content\/uploads\/2023\/08\/12-modifier-ou-modifier-la-formule-existante.png\" sizes=\"auto, \" srcset=\"\" alt=\"wijzig-of-wijzig-de-bestaande-formule\" width=\"626\" height=\"238\"><\/figure><\/div><p> Het gebruik van formules in Power Query is vergelijkbaar <a href=\"https:\/\/exceladvisor.org\/nl\/formules\/\">met formules in Excel<\/a> ; u hoeft alleen maar te weten welke functie of operator u moet gebruiken.<\/p><p> In het volgende deel van deze tutorial leren we hoe we een functie kunnen gebruiken om het gewenste resultaat te krijgen of een specifiek resultaat te maken met Power Query.<\/p><h2 class=\"wp-block-heading\"> Functies gebruiken in Power Query<\/h2><p> Net als Excel heeft Power Query een lange lijst met functies die u voor specifieke berekeningen kunt gebruiken.<\/p><p> En verder in deze tutorial gaan we leren hoe we een functie kunnen gebruiken om te begrijpen hoe we deze kunnen invoegen met behulp van een nieuwe aangepaste kolom, en <a href=\"https:\/\/learn.microsoft.com\/en-us\/powerquery-m\/power-query-m-function-reference\" target=\"_blank\" rel=\"noreferrer noopener nofollow\">hier is de lijst<\/a> met Microsoft-functies die u kunt raadplegen om de functie te vinden die u nodig heeft.<\/p><p> In het onderstaande voorbeeld hebben we een lijst met datums en nu moeten we de laatste datum van de maand ophalen waartoe deze dagen behoren. Als een datum bijvoorbeeld in de maand mei valt, moeten we de laatste datum van mei krijgen. <\/p><div class=\"wp-block-image\"><figure class=\"aligncenter size-full is-resized\"><img loading=\"lazy\" decoding=\"async\" class=\"wp-image-88823\" src=\"https:\/\/exceladvisor.org\/wp-content\/uploads\/2023\/08\/13-fonctions-dutilisation-dans-la-requete-de-puissance.png\" sizes=\"auto, \" srcset=\"\" alt=\"gebruik-functies-in-power-query\" width=\"152\" height=\"311\"><\/figure><\/div><p> En hiervoor kunnen we de functie Date.EndOfMonth gebruiken. In deze functie hoeven we slechts \u00e9\u00e9n argument te defini\u00ebren: <strong>dateTime<\/strong> .<\/p><p> Nadat u uw gegevens in de Geavanceerde Query-editor heeft geladen, gaat u naar het tabblad Kolom toevoegen en klikt u op de knop Aangepaste kolom om het dialoogvenster Aangepaste kolom te openen. <\/p><div class=\"wp-block-image\"><figure class=\"aligncenter size-full is-resized\"><img loading=\"lazy\" decoding=\"async\" class=\"wp-image-88824\" src=\"https:\/\/exceladvisor.org\/wp-content\/uploads\/2023\/08\/14-ouvrir-une-boite-de-dialogue-personnalisee.png\" sizes=\"auto, \" srcset=\"\" alt=\"aangepast dialoogvenster openen\" width=\"406\" height=\"150\"><\/figure><\/div><p> Voer in het dialoogvenster de functienaam Date.EndOfMonth in. Intellisense geeft onmiddellijk een lijst met gerelateerde functies weer wanneer u de functienaam begint te typen. <\/p><div class=\"wp-block-image\"><figure class=\"aligncenter size-full is-resized\"><img loading=\"lazy\" decoding=\"async\" class=\"wp-image-88825\" src=\"https:\/\/exceladvisor.org\/wp-content\/uploads\/2023\/08\/15-dans-la-boite-de-dialogue-entrez-le-nom-de-la-fonction.png\" sizes=\"auto, \" srcset=\"\" alt=\"voer-in-het-dialoogvenster-de-functienaam in\" width=\"566\" height=\"311\"><\/figure><\/div><p> U kunt de volledige naam van de functie invoeren of op de naam klikken die u in de lijst heeft. Nadat u de functienaam hebt ingevoerd, moet u een haakje beginnen in te voeren. U krijgt dan de details te zien van de argumenten die u moet opgeven. <\/p><div class=\"wp-block-image\"><figure class=\"aligncenter size-full is-resized\"><img loading=\"lazy\" decoding=\"async\" class=\"wp-image-88826\" src=\"https:\/\/exceladvisor.org\/wp-content\/uploads\/2023\/08\/16-entrez-une-parenthese-ouvrante-apres-le-nom-de-la-formule.png\" sizes=\"auto, \" srcset=\"\" alt=\"voer de beginhaakjes-na-de-formulenaam in\" width=\"591\" height=\"233\"><\/figure><\/div><p> Zoals ik eerder al zei, moeten we het dateTime-argument opgeven, wat een datum of een datetime-waarde kan zijn. En we hebben een lijst met datums in de gegevens die in de powerquery zijn geladen.<\/p><p> U moet dus de kolomnaam invoeren in het functieargument. En sluit vervolgens de functie af met de haakjes sluiten. <\/p><div class=\"wp-block-image\"><figure class=\"aligncenter size-full is-resized\"><img loading=\"lazy\" decoding=\"async\" class=\"wp-image-88827\" src=\"https:\/\/exceladvisor.org\/wp-content\/uploads\/2023\/08\/17-nom-de-colonne-dans-largument-de-la-fonction.png\" sizes=\"auto, \" srcset=\"\" alt=\"kolomnaam-in-functie-argument\" width=\"712\" height=\"257\"><\/figure><\/div><p> Voordat u op OK klikt, voegt u een naam toe voor de nieuwe kolom. <\/p><div class=\"wp-block-image\"><figure class=\"aligncenter size-full is-resized\"><img loading=\"lazy\" decoding=\"async\" class=\"wp-image-88829\" src=\"https:\/\/exceladvisor.org\/wp-content\/uploads\/2023\/08\/18-ajouter-le-nom-de-la-nouvelle-colonne.png\" sizes=\"auto, \" srcset=\"\" alt=\"nieuwe-kolomnaam toevoegen\" width=\"696\" height=\"219\"><\/figure><\/div><p> Klik aan het einde op OK om de kolom in te voegen. En zodra u op OK klikt, wordt er een nieuwe kolom ingevoegd met de Laatste Datum van de maand, gebaseerd op de datum die u in de overeenkomstige kolom heeft staan. <\/p><div class=\"wp-block-image\"><figure class=\"aligncenter size-full is-resized\"><img loading=\"lazy\" decoding=\"async\" class=\"wp-image-88830\" src=\"https:\/\/exceladvisor.org\/wp-content\/uploads\/2023\/08\/19-nouvelles-colonnes-avec-la-derniere-date-du-mois.png\" sizes=\"auto, \" srcset=\"\" alt=\"nieuwe-kolom-met-laatste-datum-van-maand\" width=\"431\" height=\"316\"><\/figure><\/div><p> Deze kolom heeft ook een tijd met de datum, dus u hoeft de kolomopmaak alleen voor de datum te wijzigen. Klik op het vervolgkeuzemenu \u2018Gegevenstype\u2019 en selecteer daarvoor \u2018Datum\u2019. <\/p><div class=\"wp-block-image\"><figure class=\"aligncenter size-full is-resized\"><img loading=\"lazy\" decoding=\"async\" class=\"wp-image-88831\" src=\"https:\/\/exceladvisor.org\/wp-content\/uploads\/2023\/08\/20-a-partir-du-type-de-donnees-selectionner-la-date.png\" sizes=\"auto, \" srcset=\"\" alt=\"van-gegevenstype-selecteer-datum\" width=\"626\" height=\"364\"><\/figure><\/div><p> Hierdoor wordt de notatie van de kolom gewijzigd in Datum. En u kunt zien dat we de laatste datum van de maand hebben, gebaseerd op de maand die u in de eerste kolom heeft. <\/p><div class=\"wp-block-image\"><figure class=\"aligncenter size-full is-resized\"><img loading=\"lazy\" decoding=\"async\" class=\"wp-image-88832\" src=\"https:\/\/exceladvisor.org\/wp-content\/uploads\/2023\/08\/Format-21-colonnes-change-en-date.png\" sizes=\"auto, \" srcset=\"\" alt=\"kolomformaat-gewijzigd-op-datum\" width=\"390\" height=\"286\"><\/figure><\/div><h2 class=\"wp-block-heading\"> Functies gebruiken voor berekeningen<\/h2><p> In het bovenstaande voorbeeld hebben we een eenvoudige functie gebruikt om u de stappen te laten begrijpen waarmee u een functie in Power Query kunt gebruiken.<\/p><p> Zodra u weet welke functie u moet gebruiken voor de berekening die u nodig hebt, kunt u een aangepaste kolom invoegen, de functie invoegen en vervolgens de vereiste argumenten opgeven.<\/p><div class=\"gb-container gb-container-9e2850fe gb-container-mt\"> <a class=\"gb-button gb-button-71636faa gb-button-text gb-button-mt-button\" href=\"https:\/\/exceladvisor.org\/nl\/stroom-verzoek\/\">Power Query in Excel (zelfstudie)<\/a><h2 class=\"gb-headline gb-headline-c566b2ed gb-headline-text gb-headline-mt-heading\"> Gerelateerde tutorials <\/h2><div class=\"gb-grid-wrapper gb-grid-wrapper-b15ed1bf gb-grid-wrapper-mt-grid\"><div class=\"gb-grid-column gb-grid-column-6e9de105\"><div class=\"gb-container gb-container-6e9de105\"><ul><li> Voeg meerdere Excel-BESTANDEN samen in \u00c9\u00c9N NOTITIEBOEK<\/li><li> <a href=\"https:\/\/exceladvisor.org\/nl\/zoekv-2\/\">Voer VERT.ZOEKEN uit in Power Query in Excel<\/a><\/li><li> <a href=\"https:\/\/exceladvisor.org\/nl\/niet-geroteerde-gegevens\/\">Verwijder gegevensdraaipunten in Excel met Power Query<\/a><\/li><li> <a href=\"https:\/\/exceladvisor.org\/nl\/ketting\/\">Power Query: waarden aaneenschakelen (tekst en cijfers)<\/a><\/li><li> <a href=\"https:\/\/exceladvisor.org\/nl\/verschil-in-data\/\">Power Query: Datumverschil<\/a> <\/li><\/ul><\/div><\/div><div class=\"gb-grid-column gb-grid-column-4eaecde3\"><div class=\"gb-container gb-container-4eaecde3\"><\/div><\/div><\/div><\/div>","protected":false},"excerpt":{"rendered":"","protected":false},"author":1,"featured_media":0,"parent":0,"menu_order":0,"comment_status":"open","ping_status":"closed","template":"","meta":{"ub_ctt_via":"","footnotes":""},"class_list":["post-2107","page","type-page","status-publish","hentry"],"featured_image_src":null,"yoast_head":"<!-- This site is optimized with the Yoast SEO plugin v25.4 - https:\/\/yoast.com\/wordpress\/plugins\/seo\/ -->\n<title>Hoe gebruik ik functies en formules in Power Query?<\/title>\n<meta name=\"description\" content=\"In Power Query kunt u functies en formules gebruiken alsof u ze in een spreadsheet gebruikt.\" \/>\n<meta name=\"robots\" content=\"index, follow, max-snippet:-1, max-image-preview:large, max-video-preview:-1\" \/>\n<link rel=\"canonical\" href=\"https:\/\/exceladvisor.org\/nl\/functie-formules\/\" \/>\n<meta property=\"og:locale\" content=\"nl_NL\" \/>\n<meta property=\"og:type\" content=\"article\" \/>\n<meta property=\"og:title\" content=\"Hoe gebruik ik functies en formules in Power Query?\" \/>\n<meta property=\"og:description\" content=\"In Power Query kunt u functies en formules gebruiken alsof u ze in een spreadsheet gebruikt.\" \/>\n<meta property=\"og:url\" content=\"https:\/\/exceladvisor.org\/nl\/functie-formules\/\" \/>\n<meta property=\"og:site_name\" content=\"Excel Advisor\" \/>\n<meta property=\"article:modified_time\" content=\"2023-12-06T05:48:32+00:00\" \/>\n<meta property=\"og:image\" content=\"https:\/\/exceladvisor.org\/wp-content\/uploads\/2023\/08\/1-formule-dans-power-query.png\" \/>\n<meta name=\"twitter:card\" content=\"summary_large_image\" \/>\n<meta name=\"twitter:label1\" content=\"Geschatte leestijd\" \/>\n\t<meta name=\"twitter:data1\" content=\"5 minuten\" \/>\n<script type=\"application\/ld+json\" class=\"yoast-schema-graph\">{\"@context\":\"https:\/\/schema.org\",\"@graph\":[{\"@type\":\"WebPage\",\"@id\":\"https:\/\/exceladvisor.org\/nl\/functie-formules\/\",\"url\":\"https:\/\/exceladvisor.org\/nl\/functie-formules\/\",\"name\":\"Hoe gebruik ik functies en formules in Power Query?\",\"isPartOf\":{\"@id\":\"https:\/\/exceladvisor.org\/nl\/#website\"},\"primaryImageOfPage\":{\"@id\":\"https:\/\/exceladvisor.org\/nl\/functie-formules\/#primaryimage\"},\"image\":{\"@id\":\"https:\/\/exceladvisor.org\/nl\/functie-formules\/#primaryimage\"},\"thumbnailUrl\":\"https:\/\/exceladvisor.org\/wp-content\/uploads\/2023\/08\/1-formule-dans-power-query.png\",\"datePublished\":\"2023-10-15T17:12:29+00:00\",\"dateModified\":\"2023-12-06T05:48:32+00:00\",\"description\":\"In Power Query kunt u functies en formules gebruiken alsof u ze in een spreadsheet gebruikt.\",\"breadcrumb\":{\"@id\":\"https:\/\/exceladvisor.org\/nl\/functie-formules\/#breadcrumb\"},\"inLanguage\":\"nl-NL\",\"potentialAction\":[{\"@type\":\"ReadAction\",\"target\":[\"https:\/\/exceladvisor.org\/nl\/functie-formules\/\"]}]},{\"@type\":\"ImageObject\",\"inLanguage\":\"nl-NL\",\"@id\":\"https:\/\/exceladvisor.org\/nl\/functie-formules\/#primaryimage\",\"url\":\"https:\/\/exceladvisor.org\/wp-content\/uploads\/2023\/08\/1-formule-dans-power-query.png\",\"contentUrl\":\"https:\/\/exceladvisor.org\/wp-content\/uploads\/2023\/08\/1-formule-dans-power-query.png\"},{\"@type\":\"BreadcrumbList\",\"@id\":\"https:\/\/exceladvisor.org\/nl\/functie-formules\/#breadcrumb\",\"itemListElement\":[{\"@type\":\"ListItem\",\"position\":1,\"name\":\"Thuis\",\"item\":\"https:\/\/exceladvisor.org\/nl\/\"},{\"@type\":\"ListItem\",\"position\":2,\"name\":\"Hoe gebruik ik functies en formules in power query?\"}]},{\"@type\":\"WebSite\",\"@id\":\"https:\/\/exceladvisor.org\/nl\/#website\",\"url\":\"https:\/\/exceladvisor.org\/nl\/\",\"name\":\"Excel Advisor\",\"description\":\"Uw gids voor datadominantie\",\"publisher\":{\"@id\":\"https:\/\/exceladvisor.org\/nl\/#organization\"},\"potentialAction\":[{\"@type\":\"SearchAction\",\"target\":{\"@type\":\"EntryPoint\",\"urlTemplate\":\"https:\/\/exceladvisor.org\/nl\/?s={search_term_string}\"},\"query-input\":{\"@type\":\"PropertyValueSpecification\",\"valueRequired\":true,\"valueName\":\"search_term_string\"}}],\"inLanguage\":\"nl-NL\"},{\"@type\":\"Organization\",\"@id\":\"https:\/\/exceladvisor.org\/nl\/#organization\",\"name\":\"Excel Advisor\",\"url\":\"https:\/\/exceladvisor.org\/nl\/\",\"logo\":{\"@type\":\"ImageObject\",\"inLanguage\":\"nl-NL\",\"@id\":\"https:\/\/exceladvisor.org\/nl\/#\/schema\/logo\/image\/\",\"url\":\"https:\/\/exceladvisor.org\/nl\/wp-content\/uploads\/2023\/12\/exceladvisor.org_.png\",\"contentUrl\":\"https:\/\/exceladvisor.org\/nl\/wp-content\/uploads\/2023\/12\/exceladvisor.org_.png\",\"width\":105,\"height\":36,\"caption\":\"Excel Advisor\"},\"image\":{\"@id\":\"https:\/\/exceladvisor.org\/nl\/#\/schema\/logo\/image\/\"}}]}<\/script>\n<!-- \/ Yoast SEO plugin. -->","yoast_head_json":{"title":"Hoe gebruik ik functies en formules in Power Query?","description":"In Power Query kunt u functies en formules gebruiken alsof u ze in een spreadsheet gebruikt.","robots":{"index":"index","follow":"follow","max-snippet":"max-snippet:-1","max-image-preview":"max-image-preview:large","max-video-preview":"max-video-preview:-1"},"canonical":"https:\/\/exceladvisor.org\/nl\/functie-formules\/","og_locale":"nl_NL","og_type":"article","og_title":"Hoe gebruik ik functies en formules in Power Query?","og_description":"In Power Query kunt u functies en formules gebruiken alsof u ze in een spreadsheet gebruikt.","og_url":"https:\/\/exceladvisor.org\/nl\/functie-formules\/","og_site_name":"Excel Advisor","article_modified_time":"2023-12-06T05:48:32+00:00","og_image":[{"url":"https:\/\/exceladvisor.org\/wp-content\/uploads\/2023\/08\/1-formule-dans-power-query.png","type":"","width":"","height":""}],"twitter_card":"summary_large_image","twitter_misc":{"Geschatte leestijd":"5 minuten"},"schema":{"@context":"https:\/\/schema.org","@graph":[{"@type":"WebPage","@id":"https:\/\/exceladvisor.org\/nl\/functie-formules\/","url":"https:\/\/exceladvisor.org\/nl\/functie-formules\/","name":"Hoe gebruik ik functies en formules in Power Query?","isPartOf":{"@id":"https:\/\/exceladvisor.org\/nl\/#website"},"primaryImageOfPage":{"@id":"https:\/\/exceladvisor.org\/nl\/functie-formules\/#primaryimage"},"image":{"@id":"https:\/\/exceladvisor.org\/nl\/functie-formules\/#primaryimage"},"thumbnailUrl":"https:\/\/exceladvisor.org\/wp-content\/uploads\/2023\/08\/1-formule-dans-power-query.png","datePublished":"2023-10-15T17:12:29+00:00","dateModified":"2023-12-06T05:48:32+00:00","description":"In Power Query kunt u functies en formules gebruiken alsof u ze in een spreadsheet gebruikt.","breadcrumb":{"@id":"https:\/\/exceladvisor.org\/nl\/functie-formules\/#breadcrumb"},"inLanguage":"nl-NL","potentialAction":[{"@type":"ReadAction","target":["https:\/\/exceladvisor.org\/nl\/functie-formules\/"]}]},{"@type":"ImageObject","inLanguage":"nl-NL","@id":"https:\/\/exceladvisor.org\/nl\/functie-formules\/#primaryimage","url":"https:\/\/exceladvisor.org\/wp-content\/uploads\/2023\/08\/1-formule-dans-power-query.png","contentUrl":"https:\/\/exceladvisor.org\/wp-content\/uploads\/2023\/08\/1-formule-dans-power-query.png"},{"@type":"BreadcrumbList","@id":"https:\/\/exceladvisor.org\/nl\/functie-formules\/#breadcrumb","itemListElement":[{"@type":"ListItem","position":1,"name":"Thuis","item":"https:\/\/exceladvisor.org\/nl\/"},{"@type":"ListItem","position":2,"name":"Hoe gebruik ik functies en formules in power query?"}]},{"@type":"WebSite","@id":"https:\/\/exceladvisor.org\/nl\/#website","url":"https:\/\/exceladvisor.org\/nl\/","name":"Excel Advisor","description":"Uw gids voor datadominantie","publisher":{"@id":"https:\/\/exceladvisor.org\/nl\/#organization"},"potentialAction":[{"@type":"SearchAction","target":{"@type":"EntryPoint","urlTemplate":"https:\/\/exceladvisor.org\/nl\/?s={search_term_string}"},"query-input":{"@type":"PropertyValueSpecification","valueRequired":true,"valueName":"search_term_string"}}],"inLanguage":"nl-NL"},{"@type":"Organization","@id":"https:\/\/exceladvisor.org\/nl\/#organization","name":"Excel Advisor","url":"https:\/\/exceladvisor.org\/nl\/","logo":{"@type":"ImageObject","inLanguage":"nl-NL","@id":"https:\/\/exceladvisor.org\/nl\/#\/schema\/logo\/image\/","url":"https:\/\/exceladvisor.org\/nl\/wp-content\/uploads\/2023\/12\/exceladvisor.org_.png","contentUrl":"https:\/\/exceladvisor.org\/nl\/wp-content\/uploads\/2023\/12\/exceladvisor.org_.png","width":105,"height":36,"caption":"Excel Advisor"},"image":{"@id":"https:\/\/exceladvisor.org\/nl\/#\/schema\/logo\/image\/"}}]}},"yoast_meta":{"yoast_wpseo_title":"","yoast_wpseo_metadesc":"","yoast_wpseo_canonical":""},"_links":{"self":[{"href":"https:\/\/exceladvisor.org\/nl\/wp-json\/wp\/v2\/pages\/2107","targetHints":{"allow":["GET"]}}],"collection":[{"href":"https:\/\/exceladvisor.org\/nl\/wp-json\/wp\/v2\/pages"}],"about":[{"href":"https:\/\/exceladvisor.org\/nl\/wp-json\/wp\/v2\/types\/page"}],"author":[{"embeddable":true,"href":"https:\/\/exceladvisor.org\/nl\/wp-json\/wp\/v2\/users\/1"}],"replies":[{"embeddable":true,"href":"https:\/\/exceladvisor.org\/nl\/wp-json\/wp\/v2\/comments?post=2107"}],"version-history":[{"count":1,"href":"https:\/\/exceladvisor.org\/nl\/wp-json\/wp\/v2\/pages\/2107\/revisions"}],"predecessor-version":[{"id":2540,"href":"https:\/\/exceladvisor.org\/nl\/wp-json\/wp\/v2\/pages\/2107\/revisions\/2540"}],"wp:attachment":[{"href":"https:\/\/exceladvisor.org\/nl\/wp-json\/wp\/v2\/media?parent=2107"}],"curies":[{"name":"wp","href":"https:\/\/api.w.org\/{rel}","templated":true}]}}