{"id":2120,"date":"2023-10-14T18:35:59","date_gmt":"2023-10-14T18:35:59","guid":{"rendered":"https:\/\/exceladvisor.org\/nl\/gedissocieerde-cellen-samenvoegen\/"},"modified":"2023-12-06T05:50:09","modified_gmt":"2023-12-06T05:50:09","slug":"gedissocieerde-cellen-samenvoegen","status":"publish","type":"page","link":"https:\/\/exceladvisor.org\/nl\/gedissocieerde-cellen-samenvoegen\/","title":{"rendered":"Hoe samen te voegen \u2013 cellen ongedaan maken?"},"content":{"rendered":"<div class=\"excel-voor-de-inhoud\" id=\"excel-1566544468\"><script type=\"text\/javascript\">\r\n\tatOptions = {\r\n\t\t'key' : 'c1158f160081d6540a8409e6925dab94',\r\n\t\t'format' : 'iframe',\r\n\t\t'height' : 250,\r\n\t\t'width' : 300,\r\n\t\t'params' : {}\r\n\t};\r\n<\/script>\r\n<script type=\"text\/javascript\" src=\"\/\/www.highperformanceformat.com\/c1158f160081d6540a8409e6925dab94\/invoke.js\"><\/script><\/div> <p>Het samenvoegen en samenvoegen van cellen tijdens het werken in Excel is een veel voorkomende taak.<\/p><p> Soms wanneer u gegevens krijgt met veel samengevoegde cellen, waarschijnlijk vanwege de aanwezigheid van gerelateerde gegevens in veel cellen en waardoor u gegevens in kolommen niet nauwkeurig kunt filteren en sorteren, deze keer voor Om deze cellen te degroeperen, gebruikt u de degroeperingsfunctie van Excel.<\/p><h2 id=\"merge-the-cells-through-the-ribbon-option\" class=\"wp-block-heading\"> Cellen samenvoegen via lintoptie<\/h2><ol><li> Om cellen samen te voegen, selecteert u eerst de cellen die u wilt samenvoegen.<\/li><li> Ga daarna naar het tabblad Start en hier vindt u de optie \u201cSamenvoegen en centreren\u201d onder de groep \u201cUitlijning\u201d op het lint.<\/li><li> Klik nu gewoon op de optie &#8220;Samenvoegen en centreren&#8221;. <br><img loading=\"lazy\" decoding=\"async\" title=\"1-home-tabblad-uitlijningsgroep\" src=\"https:\/\/exceladvisor.org\/wp-content\/uploads\/2023\/08\/1-groupe-dalignement-de-longlet-daccueil.png\" sizes=\"auto, \" srcset=\"\" alt=\"home-tab-alignment-group\" width=\"511\" height=\"317\"><\/li><li> Op het moment dat u op de optie \u201cSamenvoegen en centreren\u201d klikt, krijgt u de pop-upoptie en klikt u gewoon op \u201cok\u201d. <br><img loading=\"lazy\" decoding=\"async\" title=\"2-fusie-centrum\" src=\"https:\/\/exceladvisor.org\/wp-content\/uploads\/2023\/08\/2-centre-de-fusion.png\" sizes=\"auto, \" srcset=\"\" alt=\"merge-&amp;-center\" width=\"513\" height=\"259\"><\/li><li> Op dit punt wordt uw geselecteerde celbereik samengevoegd. <br><img loading=\"lazy\" decoding=\"async\" title=\"Bereik van 3 gefuseerde cellen\" src=\"https:\/\/exceladvisor.org\/wp-content\/uploads\/2023\/08\/3-plages-de-cellules-fusionnees.png\" sizes=\"auto, \" srcset=\"\" alt=\"merged-cell-range\" width=\"526\" height=\"185\"><\/li><\/ol><h2 id=\"unmerge-the-cells-through-ribbon-option\" class=\"wp-block-heading\"> Samenvoeging van lintcellen ongedaan maken<\/h2><ol><li> Selecteer eerst een of meer bereiken van samengevoegde cellen waarvan u de groepering wilt opheffen.<\/li><li> Ga daarna naar het tabblad Start en hier vindt u de optie \u201cSamenvoegen en centreren\u201d gemarkeerd.<\/li><li> Klik nu gewoon op deze optie &#8220;Samenvoegen en centreren&#8221;. <br><img loading=\"lazy\" decoding=\"async\" title=\"4-unmerge-cellen-door-lint\" src=\"https:\/\/exceladvisor.org\/wp-content\/uploads\/2023\/08\/4-cellules-non-fusionnees-a-travers-le-ruban.png\" sizes=\"auto, \" srcset=\"\" alt=\"unmerge-cells-through-ribbon\" width=\"505\" height=\"314\"><\/li><li> Op dit punt worden uw geselecteerde samengevoegde celbereiken niet langer samengevoegd. <br><img loading=\"lazy\" decoding=\"async\" title=\"5-niet-gefuseerde cellen\" src=\"https:\/\/exceladvisor.org\/wp-content\/uploads\/2023\/08\/5-cellules-non-fusionnees.png\" sizes=\"auto, \" srcset=\"\" alt=\"unmerged-cells\" width=\"519\" height=\"180\"><\/li><\/ol><h2 id=\"merge-unmerge-the-cells-using-keyboard-shortcut\" class=\"wp-block-heading\"> Voeg cellen samen en degroepeer ze met een <a href=\"https:\/\/exceladvisor.org\/nl\/samenvoegen-en-dissocieren-van-cellen-1\/\">sneltoets<\/a><\/h2><p> Om tijd te besparen, kunt u cellen samenvoegen en degroeperen met behulp van de sneltoets.<\/p><ol><li> Om cellen samen te voegen, selecteert u het celbereik dat u wilt samenvoegen.<\/li><li> Druk daarna \u00e9\u00e9n voor \u00e9\u00e9n op \u201cAlt+H+M+C\u201d of \u201cAlt+H+M+M\u201d en klik op \u201cok\u201d in de pop-upoptie. <br><img loading=\"lazy\" decoding=\"async\" title=\"6-samenvoegen met behulp van een eyboard-snelkoppeling\" src=\"https:\/\/exceladvisor.org\/wp-content\/uploads\/2023\/08\/6-fusionner-en-utilisant-le-raccourci-clavier.png\" sizes=\"auto, \" srcset=\"\" alt=\"merge-using-keyboard-shortcut\" width=\"522\" height=\"324\"><br><img loading=\"lazy\" decoding=\"async\" title=\"7-ok-om samen te voegen\" src=\"https:\/\/exceladvisor.org\/wp-content\/uploads\/2023\/08\/7-ok-pour-fusionner.png\" sizes=\"auto, \" srcset=\"\" alt=\"ok-to-merge\" width=\"478\" height=\"261\"><\/li><li> Op dit punt wordt uw geselecteerde celbereik samengevoegd. <br><img loading=\"lazy\" decoding=\"async\" title=\"8 samengevoegde cellen\" src=\"https:\/\/exceladvisor.org\/wp-content\/uploads\/2023\/08\/8-cellules-fusionnees.png\" sizes=\"auto, \" srcset=\"\" alt=\"merged-cells\" width=\"522\" height=\"184\"><\/li><li> Om de samengevoegde cellen te degroeperen, selecteert u het bereik van de samengevoegde cellen waarvan u de groepering wilt opheffen.<\/li><li> Druk daarna \u00e9\u00e9n voor \u00e9\u00e9n op &#8220;Alt + H + M + C&#8221;. <br><img loading=\"lazy\" decoding=\"async\" title=\"9-samenvoegen-met-sneltoets\" src=\"https:\/\/exceladvisor.org\/wp-content\/uploads\/2023\/08\/9-dissocier-a-laide-du-raccourci-clavier.png\" sizes=\"auto, \" srcset=\"\" alt=\"unmerge-using-keyboard-shortcut\" width=\"489\" height=\"305\"><\/li><li> Op dit punt wordt uw geselecteerde bereik van samengevoegde cellen opgeheven. <br><img loading=\"lazy\" decoding=\"async\" title=\"Bereik van 10 niet-gefuseerde cellen\" src=\"https:\/\/exceladvisor.org\/wp-content\/uploads\/2023\/08\/10-plages-de-cellules-non-fusionnees.png\" sizes=\"auto, \" srcset=\"\" alt=\"unmerged-cells-range\" width=\"506\" height=\"179\"><\/li><\/ol><p> Vaak kunt u het blad met meerdere samengevoegde cellen vinden en om alle cellen in \u00e9\u00e9n keer te degroeperen, hoeft u alleen maar het werkblad te selecteren door op &#8220;Ctrl+A&#8221; te drukken.<\/p><p> Of door op het hoekvak in de linkerbovenhoek van het blad te klikken en uw hele blad wordt geselecteerd. Klik daarna gewoon op de optie &#8220;Samenvoegen en centreren&#8221; in het lint en alle samengevoegde cellen worden niet langer in \u00e9\u00e9n keer in het blad samengevoegd. <\/p><div class=\"wp-block-image\"><figure class=\"aligncenter size-full is-resized\"><img loading=\"lazy\" decoding=\"async\" class=\"wp-image-63920\" src=\"https:\/\/exceladvisor.org\/wp-content\/uploads\/2023\/08\/11-multiples-cellules-fusionnees.png\" sizes=\"auto, \" srcset=\"\" alt=\"meerdere cellen samengevoegd\" width=\"567\" height=\"350\"><\/figure><\/div><div class=\"wp-block-image\"><figure class=\"aligncenter size-full is-resized\"><img loading=\"lazy\" decoding=\"async\" class=\"wp-image-63921\" src=\"https:\/\/exceladvisor.org\/wp-content\/uploads\/2023\/08\/12-feuille-de-calcul-non-fusionnee.png\" sizes=\"auto, \" srcset=\"\" alt=\"niet-samengevoegde spreadsheet\" width=\"570\" height=\"198\"><\/figure><\/div><h2 id=\"unmerge-and-fill-the-unmerged-cells-with-the-original-value\" class=\"wp-block-heading\">Ontkoppel en vul niet-samengevoegde cellen met de oorspronkelijke waarde<\/h2><p> De uitdaging die zich altijd voordoet bij het samenvoegen van cellen is het invullen van de oorspronkelijke waarde in alle niet-samengevoegde cellen. Wanneer u een celbereik samenvoegt, wijst Excel alleen de bovenste celwaarde of de linkercelwaarde in dit samengevoegde bereik toe op basis van uw selectie van het celbereik.<\/p><p> Dus wanneer u deze samengevoegde cellen opheft, vindt u nog steeds de waarde in de bovenste niet-samengevoegde cel en worden andere niet-samengevoegde cellen in dat geselecteerde bereik leeg.<\/p><ol><li> Begin met het degroeperen van het samengevoegde celbereik. <br><img loading=\"lazy\" decoding=\"async\" title=\"13 niet-samengevoegde cellen\" src=\"https:\/\/exceladvisor.org\/wp-content\/uploads\/2023\/08\/13-cellules-fusionnees-non-fusionnees.png\" sizes=\"auto, \" srcset=\"\" alt=\"unmerge-merged-cells\" width=\"523\" height=\"182\"><\/li><li> Selecteer daarna de niet-samengevoegde cellen, inclusief lege cellen of de volledige gegevensset\/tabel.<\/li><li> Ga nu naar het tabblad &#8216;Start&#8217; en klik onder de groep &#8216;Bewerken&#8217; op &#8216;Zoeken en selecteren&#8217; en klik vervolgens op &#8216;Ga naar speciaal&#8217;. <br><img loading=\"lazy\" decoding=\"async\" title=\"14-go-to-special\" src=\"https:\/\/exceladvisor.org\/wp-content\/uploads\/2023\/08\/14-aller-au-special.png\" sizes=\"auto, \" srcset=\"\" alt=\"go-to-special\" width=\"638\" height=\"339\"><br><img loading=\"lazy\" decoding=\"async\" title=\"15-select-data-go-to-speciaal\" src=\"https:\/\/exceladvisor.org\/wp-content\/uploads\/2023\/08\/15-donnees-selectionnees-aller-a-special.png\" sizes=\"auto, \" srcset=\"\" alt=\"select-data-go-to-special\" width=\"633\" height=\"338\"><\/li><li> Zodra u op \u201cGa naar Speciaal\u201d klikt, wordt er een pop-upoptie geopend waarin u \u201cBlanco\u201d selecteert en op OK klikt. <br><img loading=\"lazy\" decoding=\"async\" title=\"16-selecteer-optie-leeg\" src=\"https:\/\/exceladvisor.org\/wp-content\/uploads\/2023\/08\/16-selectionnez-loption-vide.png\" sizes=\"auto, \" srcset=\"\" alt=\"select-blank-option\" width=\"574\" height=\"300\"><\/li><li> Nu vindt u alle geselecteerde lege cellen en voert u gewoon het gelijkteken (=) in, drukt u vervolgens op de pijl-omhoog op het toetsenbord en drukt u op de knop Ctrl + Enter. De formule wordt naar alle lege cellen gekopieerd. <br><img loading=\"lazy\" decoding=\"async\" title=\"17 lege cellen geselecteerd\" src=\"https:\/\/exceladvisor.org\/wp-content\/uploads\/2023\/08\/17-toutes-les-cellules-vides-selectionnees.png\" sizes=\"auto, \" srcset=\"\" alt=\"all-blank-cells-selected\" width=\"545\" height=\"191\"><\/li><li> Op dit punt worden uw lege cellen gevuld met de oorspronkelijke waarde die u had in het samengevoegde celbereik. <br><img loading=\"lazy\" decoding=\"async\" title=\"18 lege cellen gevuld\" src=\"https:\/\/exceladvisor.org\/wp-content\/uploads\/2023\/08\/18-cellules-vides-remplies.png\" sizes=\"auto, \" srcset=\"\" alt=\"blank-cells-filled\" width=\"542\" height=\"193\"><\/li><\/ol><h2 id=\"how-to-find-the-merged-cells\" class=\"wp-block-heading\"> Hoe samengevoegde cellen te vinden<\/h2><p> Vaak krijgt u een Excel-bestand met een enorme gegevensset en weet u niet of het samengevoegde cellen bevat of niet. Om de samengevoegde cellen in de gegevens te vinden, kunt u ze allemaal vinden door de onderstaande stappen te volgen.<\/p><ol><li> Klik eerst ergens in de gegevens en ga naar het tabblad &#8220;Home&#8221; en klik onder de groep &#8220;Bewerken&#8221; op &#8220;Zoeken en selecteren&#8221; en klik vervolgens op de optie &#8220;Zoeken&#8221; of druk gewoon op Ctrl + F op uw toetsenbord. <br><img loading=\"lazy\" decoding=\"async\" title=\"19-zoek-samenvoeg-cellen\" src=\"https:\/\/exceladvisor.org\/wp-content\/uploads\/2023\/08\/19-trouver-des-cellules-fusionnees.png\" sizes=\"auto, \" srcset=\"\" alt=\"find-merged-cells\" width=\"588\" height=\"308\"><\/li><li> Zodra u op de optie &#8220;Zoeken&#8221; klikt of op Ctrl+F drukt, krijgt u het menu &#8220;Zoeken en vervangen&#8221; en klikt u gewoon op &#8220;Formaat&#8221;. <br><img loading=\"lazy\" decoding=\"async\" title=\"20-vind-vervang-menu\" src=\"https:\/\/exceladvisor.org\/wp-content\/uploads\/2023\/08\/20-rechercher-remplacer-le-menu.png\" sizes=\"auto, \" srcset=\"\" alt=\"find-&amp;-replace-menu\" width=\"436\" height=\"234\"><\/li><li> Selecteer nu \u201cUitlijning\u201d en vink \u201cCellen samenvoegen\u201d aan en klik op OK. <br><img loading=\"lazy\" decoding=\"async\" title=\"21-selecteer-uitlijning-tabblad\" src=\"https:\/\/exceladvisor.org\/wp-content\/uploads\/2023\/08\/21-selectionner-longlet-dalignement.png\" sizes=\"auto, \" srcset=\"\" alt=\"select-alignment-tab\" width=\"451\" height=\"447\"><\/li><li> Selecteer aan het einde \u201cAlles zoeken\u201d en u krijgt een lijst met alle samengevoegde cellen in de gegevens.<\/li><li> Om de samengevoegde cellen \u00e9\u00e9n voor \u00e9\u00e9n te bekijken, drukt u gewoon op \u201cVolgende zoeken\u201d en elke keer gaat u naar de volgende samengevoegde cellen en worden de samengevoegde cellen gemarkeerd. U kunt dit ook doen door op de lijst met samengevoegde cellen te klikken. <br><img loading=\"lazy\" decoding=\"async\" title=\"22-selecteer-vind-alles\" src=\"https:\/\/exceladvisor.org\/wp-content\/uploads\/2023\/08\/22-selectionner-le-trouver-tout.png\" sizes=\"auto, \" srcset=\"\" alt=\"select-the-find-all\" width=\"662\" height=\"323\"><\/li><\/ol><div class=\"gb-container gb-container-4db6181c gb-container-mt\"> <a class=\"gb-button gb-button-c5897111 gb-button-text gb-button-mt-button\" href=\"https:\/\/exceladvisor.org\/nl\/excel-basisbeginselen\/\">Basiskennis van Microsoft Excel (componenten, onderdelen en kennisnotities)<\/a><h2 class=\"gb-headline gb-headline-665e5f6b gb-headline-text gb-headline-mt-heading\"> Gerelateerde tutorials <\/h2><div class=\"gb-grid-wrapper gb-grid-wrapper-a20baf7c gb-grid-wrapper-mt-grid\"><div class=\"gb-grid-column gb-grid-column-65ddf67e\"><div class=\"gb-container gb-container-65ddf67e\"><ul><li> <a href=\"https:\/\/exceladvisor.org\/nl\/teken-een-lijn\/\">Teken een lijn in Excel<\/a><\/li><li> <a href=\"https:\/\/exceladvisor.org\/nl\/voeg-een-knop-toe\/\">Voeg een knop toe in Excel<\/a><\/li><li> <a href=\"https:\/\/exceladvisor.org\/nl\/spellingscontrole\/\">Spellingcontrole in Excel<\/a><\/li><li> <a href=\"https:\/\/exceladvisor.org\/nl\/opname\/\">Inspringing vergroten en verkleinen in Excel<\/a><\/li><li> <a href=\"https:\/\/exceladvisor.org\/nl\/tekst-draaien\/\">Tekst roteren in Excel (tekstrichting)<\/a> <\/li><\/ul><\/div><\/div><div class=\"gb-grid-column gb-grid-column-50067b57\"><div class=\"gb-container gb-container-50067b57\"><\/div><\/div><\/div><\/div>","protected":false},"excerpt":{"rendered":"","protected":false},"author":1,"featured_media":0,"parent":0,"menu_order":0,"comment_status":"open","ping_status":"closed","template":"","meta":{"ub_ctt_via":"","footnotes":""},"class_list":["post-2120","page","type-page","status-publish","hentry"],"featured_image_src":null,"yoast_head":"<!-- This site is optimized with the Yoast SEO plugin v25.4 - https:\/\/yoast.com\/wordpress\/plugins\/seo\/ -->\n<title>\u25b7 Hoe samenvoegen \u2013 Cellen ongedaan maken?<\/title>\n<meta name=\"description\" content=\"In deze zelfstudie leert u hoe u cellen kunt samenvoegen en weer opheffen. Soms als u gegevens krijgt die bevatten\" \/>\n<meta name=\"robots\" content=\"index, follow, max-snippet:-1, max-image-preview:large, max-video-preview:-1\" \/>\n<link rel=\"canonical\" href=\"https:\/\/exceladvisor.org\/nl\/gedissocieerde-cellen-samenvoegen\/\" \/>\n<meta property=\"og:locale\" content=\"nl_NL\" \/>\n<meta property=\"og:type\" content=\"article\" \/>\n<meta property=\"og:title\" content=\"\u25b7 Hoe samenvoegen \u2013 Cellen ongedaan maken?\" \/>\n<meta property=\"og:description\" content=\"In deze zelfstudie leert u hoe u cellen kunt samenvoegen en weer opheffen. Soms als u gegevens krijgt die bevatten\" \/>\n<meta property=\"og:url\" content=\"https:\/\/exceladvisor.org\/nl\/gedissocieerde-cellen-samenvoegen\/\" \/>\n<meta property=\"og:site_name\" content=\"Excel Advisor\" \/>\n<meta property=\"article:modified_time\" content=\"2023-12-06T05:50:09+00:00\" \/>\n<meta property=\"og:image\" content=\"https:\/\/exceladvisor.org\/wp-content\/uploads\/2023\/08\/1-groupe-dalignement-de-longlet-daccueil.png\" \/>\n<meta name=\"twitter:card\" content=\"summary_large_image\" \/>\n<meta name=\"twitter:label1\" content=\"Geschatte leestijd\" \/>\n\t<meta name=\"twitter:data1\" content=\"4 minuten\" \/>\n<script type=\"application\/ld+json\" class=\"yoast-schema-graph\">{\"@context\":\"https:\/\/schema.org\",\"@graph\":[{\"@type\":\"WebPage\",\"@id\":\"https:\/\/exceladvisor.org\/nl\/gedissocieerde-cellen-samenvoegen\/\",\"url\":\"https:\/\/exceladvisor.org\/nl\/gedissocieerde-cellen-samenvoegen\/\",\"name\":\"\u25b7 Hoe samenvoegen \u2013 Cellen ongedaan maken?\",\"isPartOf\":{\"@id\":\"https:\/\/exceladvisor.org\/nl\/#website\"},\"primaryImageOfPage\":{\"@id\":\"https:\/\/exceladvisor.org\/nl\/gedissocieerde-cellen-samenvoegen\/#primaryimage\"},\"image\":{\"@id\":\"https:\/\/exceladvisor.org\/nl\/gedissocieerde-cellen-samenvoegen\/#primaryimage\"},\"thumbnailUrl\":\"https:\/\/exceladvisor.org\/wp-content\/uploads\/2023\/08\/1-groupe-dalignement-de-longlet-daccueil.png\",\"datePublished\":\"2023-10-14T18:35:59+00:00\",\"dateModified\":\"2023-12-06T05:50:09+00:00\",\"description\":\"In deze zelfstudie leert u hoe u cellen kunt samenvoegen en weer opheffen. Soms als u gegevens krijgt die bevatten\",\"breadcrumb\":{\"@id\":\"https:\/\/exceladvisor.org\/nl\/gedissocieerde-cellen-samenvoegen\/#breadcrumb\"},\"inLanguage\":\"nl-NL\",\"potentialAction\":[{\"@type\":\"ReadAction\",\"target\":[\"https:\/\/exceladvisor.org\/nl\/gedissocieerde-cellen-samenvoegen\/\"]}]},{\"@type\":\"ImageObject\",\"inLanguage\":\"nl-NL\",\"@id\":\"https:\/\/exceladvisor.org\/nl\/gedissocieerde-cellen-samenvoegen\/#primaryimage\",\"url\":\"https:\/\/exceladvisor.org\/wp-content\/uploads\/2023\/08\/1-groupe-dalignement-de-longlet-daccueil.png\",\"contentUrl\":\"https:\/\/exceladvisor.org\/wp-content\/uploads\/2023\/08\/1-groupe-dalignement-de-longlet-daccueil.png\"},{\"@type\":\"BreadcrumbList\",\"@id\":\"https:\/\/exceladvisor.org\/nl\/gedissocieerde-cellen-samenvoegen\/#breadcrumb\",\"itemListElement\":[{\"@type\":\"ListItem\",\"position\":1,\"name\":\"Thuis\",\"item\":\"https:\/\/exceladvisor.org\/nl\/\"},{\"@type\":\"ListItem\",\"position\":2,\"name\":\"Hoe samen te voegen \u2013 cellen ongedaan maken?\"}]},{\"@type\":\"WebSite\",\"@id\":\"https:\/\/exceladvisor.org\/nl\/#website\",\"url\":\"https:\/\/exceladvisor.org\/nl\/\",\"name\":\"Excel Advisor\",\"description\":\"Uw gids voor datadominantie\",\"publisher\":{\"@id\":\"https:\/\/exceladvisor.org\/nl\/#organization\"},\"potentialAction\":[{\"@type\":\"SearchAction\",\"target\":{\"@type\":\"EntryPoint\",\"urlTemplate\":\"https:\/\/exceladvisor.org\/nl\/?s={search_term_string}\"},\"query-input\":{\"@type\":\"PropertyValueSpecification\",\"valueRequired\":true,\"valueName\":\"search_term_string\"}}],\"inLanguage\":\"nl-NL\"},{\"@type\":\"Organization\",\"@id\":\"https:\/\/exceladvisor.org\/nl\/#organization\",\"name\":\"Excel Advisor\",\"url\":\"https:\/\/exceladvisor.org\/nl\/\",\"logo\":{\"@type\":\"ImageObject\",\"inLanguage\":\"nl-NL\",\"@id\":\"https:\/\/exceladvisor.org\/nl\/#\/schema\/logo\/image\/\",\"url\":\"https:\/\/exceladvisor.org\/nl\/wp-content\/uploads\/2023\/12\/exceladvisor.org_.png\",\"contentUrl\":\"https:\/\/exceladvisor.org\/nl\/wp-content\/uploads\/2023\/12\/exceladvisor.org_.png\",\"width\":105,\"height\":36,\"caption\":\"Excel Advisor\"},\"image\":{\"@id\":\"https:\/\/exceladvisor.org\/nl\/#\/schema\/logo\/image\/\"}}]}<\/script>\n<!-- \/ Yoast SEO plugin. -->","yoast_head_json":{"title":"\u25b7 Hoe samenvoegen \u2013 Cellen ongedaan maken?","description":"In deze zelfstudie leert u hoe u cellen kunt samenvoegen en weer opheffen. Soms als u gegevens krijgt die bevatten","robots":{"index":"index","follow":"follow","max-snippet":"max-snippet:-1","max-image-preview":"max-image-preview:large","max-video-preview":"max-video-preview:-1"},"canonical":"https:\/\/exceladvisor.org\/nl\/gedissocieerde-cellen-samenvoegen\/","og_locale":"nl_NL","og_type":"article","og_title":"\u25b7 Hoe samenvoegen \u2013 Cellen ongedaan maken?","og_description":"In deze zelfstudie leert u hoe u cellen kunt samenvoegen en weer opheffen. Soms als u gegevens krijgt die bevatten","og_url":"https:\/\/exceladvisor.org\/nl\/gedissocieerde-cellen-samenvoegen\/","og_site_name":"Excel Advisor","article_modified_time":"2023-12-06T05:50:09+00:00","og_image":[{"url":"https:\/\/exceladvisor.org\/wp-content\/uploads\/2023\/08\/1-groupe-dalignement-de-longlet-daccueil.png","type":"","width":"","height":""}],"twitter_card":"summary_large_image","twitter_misc":{"Geschatte leestijd":"4 minuten"},"schema":{"@context":"https:\/\/schema.org","@graph":[{"@type":"WebPage","@id":"https:\/\/exceladvisor.org\/nl\/gedissocieerde-cellen-samenvoegen\/","url":"https:\/\/exceladvisor.org\/nl\/gedissocieerde-cellen-samenvoegen\/","name":"\u25b7 Hoe samenvoegen \u2013 Cellen ongedaan maken?","isPartOf":{"@id":"https:\/\/exceladvisor.org\/nl\/#website"},"primaryImageOfPage":{"@id":"https:\/\/exceladvisor.org\/nl\/gedissocieerde-cellen-samenvoegen\/#primaryimage"},"image":{"@id":"https:\/\/exceladvisor.org\/nl\/gedissocieerde-cellen-samenvoegen\/#primaryimage"},"thumbnailUrl":"https:\/\/exceladvisor.org\/wp-content\/uploads\/2023\/08\/1-groupe-dalignement-de-longlet-daccueil.png","datePublished":"2023-10-14T18:35:59+00:00","dateModified":"2023-12-06T05:50:09+00:00","description":"In deze zelfstudie leert u hoe u cellen kunt samenvoegen en weer opheffen. Soms als u gegevens krijgt die bevatten","breadcrumb":{"@id":"https:\/\/exceladvisor.org\/nl\/gedissocieerde-cellen-samenvoegen\/#breadcrumb"},"inLanguage":"nl-NL","potentialAction":[{"@type":"ReadAction","target":["https:\/\/exceladvisor.org\/nl\/gedissocieerde-cellen-samenvoegen\/"]}]},{"@type":"ImageObject","inLanguage":"nl-NL","@id":"https:\/\/exceladvisor.org\/nl\/gedissocieerde-cellen-samenvoegen\/#primaryimage","url":"https:\/\/exceladvisor.org\/wp-content\/uploads\/2023\/08\/1-groupe-dalignement-de-longlet-daccueil.png","contentUrl":"https:\/\/exceladvisor.org\/wp-content\/uploads\/2023\/08\/1-groupe-dalignement-de-longlet-daccueil.png"},{"@type":"BreadcrumbList","@id":"https:\/\/exceladvisor.org\/nl\/gedissocieerde-cellen-samenvoegen\/#breadcrumb","itemListElement":[{"@type":"ListItem","position":1,"name":"Thuis","item":"https:\/\/exceladvisor.org\/nl\/"},{"@type":"ListItem","position":2,"name":"Hoe samen te voegen \u2013 cellen ongedaan maken?"}]},{"@type":"WebSite","@id":"https:\/\/exceladvisor.org\/nl\/#website","url":"https:\/\/exceladvisor.org\/nl\/","name":"Excel Advisor","description":"Uw gids voor datadominantie","publisher":{"@id":"https:\/\/exceladvisor.org\/nl\/#organization"},"potentialAction":[{"@type":"SearchAction","target":{"@type":"EntryPoint","urlTemplate":"https:\/\/exceladvisor.org\/nl\/?s={search_term_string}"},"query-input":{"@type":"PropertyValueSpecification","valueRequired":true,"valueName":"search_term_string"}}],"inLanguage":"nl-NL"},{"@type":"Organization","@id":"https:\/\/exceladvisor.org\/nl\/#organization","name":"Excel Advisor","url":"https:\/\/exceladvisor.org\/nl\/","logo":{"@type":"ImageObject","inLanguage":"nl-NL","@id":"https:\/\/exceladvisor.org\/nl\/#\/schema\/logo\/image\/","url":"https:\/\/exceladvisor.org\/nl\/wp-content\/uploads\/2023\/12\/exceladvisor.org_.png","contentUrl":"https:\/\/exceladvisor.org\/nl\/wp-content\/uploads\/2023\/12\/exceladvisor.org_.png","width":105,"height":36,"caption":"Excel Advisor"},"image":{"@id":"https:\/\/exceladvisor.org\/nl\/#\/schema\/logo\/image\/"}}]}},"yoast_meta":{"yoast_wpseo_title":"","yoast_wpseo_metadesc":"","yoast_wpseo_canonical":""},"_links":{"self":[{"href":"https:\/\/exceladvisor.org\/nl\/wp-json\/wp\/v2\/pages\/2120","targetHints":{"allow":["GET"]}}],"collection":[{"href":"https:\/\/exceladvisor.org\/nl\/wp-json\/wp\/v2\/pages"}],"about":[{"href":"https:\/\/exceladvisor.org\/nl\/wp-json\/wp\/v2\/types\/page"}],"author":[{"embeddable":true,"href":"https:\/\/exceladvisor.org\/nl\/wp-json\/wp\/v2\/users\/1"}],"replies":[{"embeddable":true,"href":"https:\/\/exceladvisor.org\/nl\/wp-json\/wp\/v2\/comments?post=2120"}],"version-history":[{"count":1,"href":"https:\/\/exceladvisor.org\/nl\/wp-json\/wp\/v2\/pages\/2120\/revisions"}],"predecessor-version":[{"id":2679,"href":"https:\/\/exceladvisor.org\/nl\/wp-json\/wp\/v2\/pages\/2120\/revisions\/2679"}],"wp:attachment":[{"href":"https:\/\/exceladvisor.org\/nl\/wp-json\/wp\/v2\/media?parent=2120"}],"curies":[{"name":"wp","href":"https:\/\/api.w.org\/{rel}","templated":true}]}}