{"id":2134,"date":"2023-09-30T00:09:48","date_gmt":"2023-09-30T00:09:48","guid":{"rendered":"https:\/\/exceladvisor.org\/nl\/tekstbestanden\/"},"modified":"2023-12-06T05:50:15","modified_gmt":"2023-12-06T05:50:15","slug":"tekstbestanden","status":"publish","type":"page","link":"https:\/\/exceladvisor.org\/nl\/tekstbestanden\/","title":{"rendered":"Hoe maak je een tekstbestand en schrijf je ernaar met vba?"},"content":{"rendered":"<div class=\"excel-voor-de-inhoud\" id=\"excel-159090860\"><script type=\"text\/javascript\">\r\n\tatOptions = {\r\n\t\t'key' : 'c1158f160081d6540a8409e6925dab94',\r\n\t\t'format' : 'iframe',\r\n\t\t'height' : 250,\r\n\t\t'width' : 300,\r\n\t\t'params' : {}\r\n\t};\r\n<\/script>\r\n<script type=\"text\/javascript\" src=\"\/\/www.highperformanceformat.com\/c1158f160081d6540a8409e6925dab94\/invoke.js\"><\/script><\/div> <p>Als u tekst wilt maken met VBA-code, moet u de CreateTextFile-methode gebruiken. Met deze methode kunt u een locatie instellen waar u deze wilt maken. Deze methode heeft een syntaxis waarin u kunt opgeven of u het bestand op de locatie wilt overschrijven en kunt opgeven of het bestand wordt gemaakt als Unicode- of ASCII-bestand.<\/p><h2 class=\"wp-block-heading\"> Maak een tekstbestand met VBA<\/h2><p> Gebruik de volgende stappen:<\/p><ol><li> Eerst moet u een FileSystemObject- of Folder-object gebruiken om met de methode te gebruiken. <br><img loading=\"lazy\" decoding=\"async\" title=\"1-maak-een-tekstbestand-met-vba\" src=\"https:\/\/exceladvisor.org\/wp-content\/uploads\/2023\/08\/1-creer-un-fichier-texte-en-utilisant-vba.png\" sizes=\"auto, \" srcset=\"\" alt=\"create-a-text-fie-using-vba\" width=\"522\" height=\"305\"><\/li><li> Daarna moet u een ander object maken met behulp van de CreateTextFile-methode. <br><img loading=\"lazy\" decoding=\"async\" title=\"2-methode voor het maken van een tekstbestand\" src=\"https:\/\/exceladvisor.org\/wp-content\/uploads\/2023\/08\/2-Creer-une-methode-de-fichier-texte.png\" sizes=\"auto, \" srcset=\"\" alt=\"create-text-file-method\" width=\"779\" height=\"321\"><\/li><li> In deze code hebben we TRUE gebruikt om te overschrijven als er al een bestand met dezelfde naam in de map staat.<\/li><li> Aan het einde, wanneer u deze macro uitvoert, maakt u als volgt een nieuw tekstbestand in de map.<\/li><\/ol><pre class=\"wp-block-code\"> <code class=\"language-visual-basic\" lang=\"visual-basic\">Sub create_text_file() 'object to use as folder Dim fld As Object Set fld = CreateObject(\"Scripting.FileSystemObject\") 'using create text file method Dim myFile As Object Set myFile = fld.CreateTextFile(\"C:UsersDellDesktopmyFoldermyTextFile.txt\", True) End Sub<\/code><\/pre><h2 class=\"wp-block-heading\"> Syntaxis van de CreateTextFile-methode<\/h2><pre class=\"wp-block-code\"> <code class=\"language-visual-basic\" lang=\"visual-basic\">CreateTextFile (filename, [ overwrite, [ unicode ]])<\/code><\/pre><ul><li> <strong>bestandsnaam:<\/strong> Pad en naam van het bestand dat u wilt maken.<\/li><li> <strong>overschrijven:<\/strong> Booleaanse waarde om te defini\u00ebren of u het bestand wilt overschrijven (als het al bestaat) (optioneel).<\/li><li> <strong>unicode:<\/strong> boolean om te defini\u00ebren of het bestand is gemaakt als Unicode- of ASCII-bestand (optioneel).<\/li><\/ul><h2 class=\"wp-block-heading\"> Schrijf naar een tekstbestand met VBA<\/h2><p> U kunt twee instructies gebruiken om gegevens naar een tekstbestand te schrijven:<\/p><ol><li> <strong data-rich-text-format-boundary=\"true\">Schrijven:<\/strong> Met deze instructie kunt u gegevens naar een tekstbestand schrijven, waar u komma&#8217;s tussen waarden, aanhalingstekens rond tekenreeksen en #-tekens rond datums zult plaatsen. <br><img loading=\"lazy\" decoding=\"async\" title=\"3-schrijfinstructie\" src=\"https:\/\/exceladvisor.org\/wp-content\/uploads\/2023\/08\/3-ecrire-une-declaration.png\" sizes=\"auto, \" srcset=\"\" alt=\"write-statement\" width=\"496\" height=\"291\"><\/li><li> <strong data-rich-text-format-boundary=\"true\">Afdrukken:<\/strong> Met deze verklaring kunt u gegevens naar een tekstbestand schrijven met de exacte weergave die u in het Excel-spreadsheet heeft. <br><img loading=\"lazy\" decoding=\"async\" title=\"Verklaring in 4 karakters\" src=\"https:\/\/exceladvisor.org\/wp-content\/uploads\/2023\/08\/4-declaration-dimpression.png\" sizes=\"auto, \" srcset=\"\" alt=\"print-statement\" width=\"650\" height=\"344\"><\/li><\/ol><p> Nu zullen we voorbeelden voor beide uitspraken bekijken en begrijpen hoe we volledige code kunnen schrijven om naar een tekstbestand te schrijven. Maar daarvoor moet u <strong>enkele terminologie\u00ebn<\/strong> begrijpen om de code te schrijven zoals u dat wilt.<\/p><ul><li> <strong>Voor uitvoer:<\/strong> U kunt deze opdracht gebruiken als u gegevens wilt schrijven of gegevens in een tekstbestand wilt wijzigen.<\/li><li> <strong>Ter invoer:<\/strong> met dit commando kunt u gegevens uit een tekst halen, maar u kunt geen gegevens wijzigen en aan het bestand toevoegen.<\/li><li> <strong>Toevoegen: Met<\/strong> deze opdracht kunt u nieuwe gegevens onderaan het tekstbestand toevoegen.<\/li><li> <strong>FreeFile:<\/strong> Hiermee kunt u een bestandsnummer instellen dat niet wordt gebruikt voor het tekstbestand dat u wilt gebruiken, zodat u ernaar kunt verwijzen.<\/li><\/ul><p> Laten we nu een code schrijven om gegevens in een tekstbestand in te voeren.<\/p><ol><li> Eerst moet u de variabelen declareren die u in de code wilt gebruiken. <br><img loading=\"lazy\" decoding=\"async\" title=\"5-declareren-variabelen\" src=\"https:\/\/exceladvisor.org\/wp-content\/uploads\/2023\/08\/5-declarer-des-variables.png\" sizes=\"auto, \" srcset=\"\" alt=\"declare-variables\" width=\"381\" height=\"337\"><\/li><li> Daarna moet u het bereik defini\u00ebren dat u naar het tekstbestand moet schrijven. En gebruik het aantal cellen in het bereik als teller voor de lus door deze op een variabele in te stellen. <br><img loading=\"lazy\" decoding=\"async\" title=\"6-definieer-het-bereik\" src=\"https:\/\/exceladvisor.org\/wp-content\/uploads\/2023\/08\/6-definir-la-gamme.png\" sizes=\"auto, \" srcset=\"\" alt=\"define-the-range\" width=\"416\" height=\"114\"><\/li><li> Vervolgens moet u het adres instellen van het tekstbestand waaraan u gegevens wilt toevoegen. <br><img loading=\"lazy\" decoding=\"async\" title=\"7-set-tekstbestand-adres\" src=\"https:\/\/exceladvisor.org\/wp-content\/uploads\/2023\/08\/7-definir-ladresse-du-fichier-texte.png\" sizes=\"auto, \" srcset=\"\" alt=\"define-the-address-of-the-text-file\" width=\"575\" height=\"99\"><\/li><li> Van daaruit moet u de opdracht &#8220;FreeFile&#8221; declareren bij een variabele om het bestandsnummer te verkrijgen. <br><img loading=\"lazy\" decoding=\"async\" title=\"8-freefile-opdracht\" src=\"https:\/\/exceladvisor.org\/wp-content\/uploads\/2023\/08\/8-commande-de-fichier-libre.png\" sizes=\"auto, \" srcset=\"\" alt=\"freefile-command\" width=\"452\" height=\"80\"><\/li><li> Nu moet u een creatie maken met de opdracht &#8220;Uitvoer&#8221;, omdat u gegevens aan het bestand moet toevoegen. <br><img loading=\"lazy\" decoding=\"async\" title=\"9 uitgangscontrole\" src=\"https:\/\/exceladvisor.org\/wp-content\/uploads\/2023\/08\/9-sortie-de-commande.png\" sizes=\"auto, \" srcset=\"\" alt=\"output-command\" width=\"580\" height=\"80\"><\/li><li> Ten slotte moet u de \u201cFor Next\u201d-lus gebruiken om de bereikwaarden \u00e9\u00e9n voor \u00e9\u00e9n op te halen en deze aan het bestand toe te voegen. <br><img loading=\"lazy\" decoding=\"async\" title=\"10-voor-volgende-lus-om-waarden op te halen\" src=\"https:\/\/exceladvisor.org\/wp-content\/uploads\/2023\/08\/10-pour-la-prochaine-boucle-pour-obtenir-des-valeurs.png\" sizes=\"auto, \" srcset=\"\" alt=\"for-next-loop-to-get-values\" width=\"436\" height=\"201\"><\/li><li> Bovendien moet u de opdracht close gebruiken om het tekstbestand te sluiten nadat de gegevens eraan zijn toegevoegd. <br><img loading=\"lazy\" decoding=\"async\" title=\"11-sluitingscommando\" src=\"https:\/\/exceladvisor.org\/wp-content\/uploads\/2023\/08\/11-commande-de-fermeture.png\" sizes=\"auto, \" srcset=\"\" alt=\"close-command\" width=\"549\" height=\"86\"><\/li><li> Wanneer u deze macro uitvoert, worden uiteindelijk gegevens uit het bereik A1:A13 toegevoegd aan het tekstbestand dat u hebt opgeslagen in het door u genoemde pad. <br><img loading=\"lazy\" decoding=\"async\" title=\"12-run-de-macro\" src=\"https:\/\/exceladvisor.org\/wp-content\/uploads\/2023\/08\/12-executer-la-macro.png\" sizes=\"auto, \" srcset=\"\" alt=\"run-the-macro\" width=\"464\" height=\"404\"><\/li><\/ol><p class=\"qt-tip\"> <strong>Opmerking:<\/strong> Zorg ervoor dat u het pad van het tekstbestand van de code wijzigt volgens het pad dat u in uw systeem heeft.<\/p><pre class=\"wp-block-code\"> <code class=\"language-visual-basic\" lang=\"visual-basic\">Option Explicit Sub data_to_text_file() 'variables that you need to use in the code Dim TextFile As Integer Dim iCol As Integer Dim myRange As Range Dim cVal As Range Dim i As Integer Dim myFile As String 'define the range that you want to write Set myRange = Range(\"A1:A13\") iCol = myRange.Count 'path to the text file <strong>(MAKE SURE TO CHANGE IT)<\/strong> myFile = \"C:UsersDellDesktopNewFoldertextfile.txt\" 'define FreeFile to the variable file number TextFile = FreeFile 'using append command to add text to the end of the file Open myFile For Output As TextFile 'loop to add data to the text file For i = 1 To iCol Print #TextFile, Cells(i, 1), Print #TextFile, Cells(i, 2) Next i 'close command to close the text file after adding data Close #TextFile End Sub<\/code><\/pre><div class=\"gb-container gb-container-4db6181c gb-container-mt\"> <a class=\"gb-button gb-button-c5897111 gb-button-text gb-button-mt-button\" href=\"https:\/\/exceladvisor.org\/nl\/vba\/\">Wat is VBA<\/a><h2 class=\"gb-headline gb-headline-665e5f6b gb-headline-text gb-headline-mt-heading\"> Gerelateerde tutorials <\/h2><div class=\"gb-grid-wrapper gb-grid-wrapper-a20baf7c gb-grid-wrapper-mt-grid\"><div class=\"gb-grid-column gb-grid-column-65ddf67e\"><div class=\"gb-container gb-container-65ddf67e\"><ul><li> <a href=\"https:\/\/exceladvisor.org\/nl\/markeer-dubbele-waarden\/\">Markeer dubbele waarden met VBA<\/a><\/li><li> <a href=\"https:\/\/exceladvisor.org\/nl\/hyperlink-uitpakken\/\">Extraheer hyperlinkadres (URL) VBA<\/a><\/li><li> <a href=\"https:\/\/exceladvisor.org\/nl\/invoerveld\/\">Invoervak in VBA<\/a><\/li><li> <a href=\"https:\/\/exceladvisor.org\/nl\/scherm-bijwerken\/\">VBA-schermupdate<\/a><\/li><li> <a href=\"https:\/\/exceladvisor.org\/nl\/statusbalk-1\/\">VBA-statusbalk (verbergen, tonen en voortgang)<\/a> <\/li><\/ul><\/div><\/div><div class=\"gb-grid-column gb-grid-column-50067b57\"><div class=\"gb-container gb-container-50067b57\"><\/div><\/div><\/div><\/div>","protected":false},"excerpt":{"rendered":"","protected":false},"author":1,"featured_media":0,"parent":0,"menu_order":0,"comment_status":"open","ping_status":"closed","template":"","meta":{"ub_ctt_via":"","footnotes":""},"class_list":["post-2134","page","type-page","status-publish","hentry"],"featured_image_src":null,"yoast_head":"<!-- This site is optimized with the Yoast SEO plugin v25.4 - https:\/\/yoast.com\/wordpress\/plugins\/seo\/ -->\n<title>\u25b7 Hoe maak je een tekstbestand en schrijf je ernaar via VBA?<\/title>\n<meta name=\"description\" content=\"In deze zelfstudie leert u hoe u een tekstbestand kunt maken en er vervolgens op twee verschillende manieren naartoe kunt schrijven (afdrukken en schrijven).\" \/>\n<meta name=\"robots\" content=\"index, follow, max-snippet:-1, max-image-preview:large, max-video-preview:-1\" \/>\n<link rel=\"canonical\" href=\"https:\/\/exceladvisor.org\/nl\/tekstbestanden\/\" \/>\n<meta property=\"og:locale\" content=\"nl_NL\" \/>\n<meta property=\"og:type\" content=\"article\" \/>\n<meta property=\"og:title\" content=\"\u25b7 Hoe maak je een tekstbestand en schrijf je ernaar via VBA?\" \/>\n<meta property=\"og:description\" content=\"In deze zelfstudie leert u hoe u een tekstbestand kunt maken en er vervolgens op twee verschillende manieren naartoe kunt schrijven (afdrukken en schrijven).\" \/>\n<meta property=\"og:url\" content=\"https:\/\/exceladvisor.org\/nl\/tekstbestanden\/\" \/>\n<meta property=\"og:site_name\" content=\"Excel Advisor\" \/>\n<meta property=\"article:modified_time\" content=\"2023-12-06T05:50:15+00:00\" \/>\n<meta property=\"og:image\" content=\"https:\/\/exceladvisor.org\/wp-content\/uploads\/2023\/08\/1-creer-un-fichier-texte-en-utilisant-vba.png\" \/>\n<meta name=\"twitter:card\" content=\"summary_large_image\" \/>\n<meta name=\"twitter:label1\" content=\"Geschatte leestijd\" \/>\n\t<meta name=\"twitter:data1\" content=\"4 minuten\" \/>\n<script type=\"application\/ld+json\" class=\"yoast-schema-graph\">{\"@context\":\"https:\/\/schema.org\",\"@graph\":[{\"@type\":\"WebPage\",\"@id\":\"https:\/\/exceladvisor.org\/nl\/tekstbestanden\/\",\"url\":\"https:\/\/exceladvisor.org\/nl\/tekstbestanden\/\",\"name\":\"\u25b7 Hoe maak je een tekstbestand en schrijf je ernaar via VBA?\",\"isPartOf\":{\"@id\":\"https:\/\/exceladvisor.org\/nl\/#website\"},\"primaryImageOfPage\":{\"@id\":\"https:\/\/exceladvisor.org\/nl\/tekstbestanden\/#primaryimage\"},\"image\":{\"@id\":\"https:\/\/exceladvisor.org\/nl\/tekstbestanden\/#primaryimage\"},\"thumbnailUrl\":\"https:\/\/exceladvisor.org\/wp-content\/uploads\/2023\/08\/1-creer-un-fichier-texte-en-utilisant-vba.png\",\"datePublished\":\"2023-09-30T00:09:48+00:00\",\"dateModified\":\"2023-12-06T05:50:15+00:00\",\"description\":\"In deze zelfstudie leert u hoe u een tekstbestand kunt maken en er vervolgens op twee verschillende manieren naartoe kunt schrijven (afdrukken en schrijven).\",\"breadcrumb\":{\"@id\":\"https:\/\/exceladvisor.org\/nl\/tekstbestanden\/#breadcrumb\"},\"inLanguage\":\"nl-NL\",\"potentialAction\":[{\"@type\":\"ReadAction\",\"target\":[\"https:\/\/exceladvisor.org\/nl\/tekstbestanden\/\"]}]},{\"@type\":\"ImageObject\",\"inLanguage\":\"nl-NL\",\"@id\":\"https:\/\/exceladvisor.org\/nl\/tekstbestanden\/#primaryimage\",\"url\":\"https:\/\/exceladvisor.org\/wp-content\/uploads\/2023\/08\/1-creer-un-fichier-texte-en-utilisant-vba.png\",\"contentUrl\":\"https:\/\/exceladvisor.org\/wp-content\/uploads\/2023\/08\/1-creer-un-fichier-texte-en-utilisant-vba.png\"},{\"@type\":\"BreadcrumbList\",\"@id\":\"https:\/\/exceladvisor.org\/nl\/tekstbestanden\/#breadcrumb\",\"itemListElement\":[{\"@type\":\"ListItem\",\"position\":1,\"name\":\"Thuis\",\"item\":\"https:\/\/exceladvisor.org\/nl\/\"},{\"@type\":\"ListItem\",\"position\":2,\"name\":\"Hoe maak je een tekstbestand en schrijf je ernaar met vba?\"}]},{\"@type\":\"WebSite\",\"@id\":\"https:\/\/exceladvisor.org\/nl\/#website\",\"url\":\"https:\/\/exceladvisor.org\/nl\/\",\"name\":\"Excel Advisor\",\"description\":\"Uw gids voor datadominantie\",\"publisher\":{\"@id\":\"https:\/\/exceladvisor.org\/nl\/#organization\"},\"potentialAction\":[{\"@type\":\"SearchAction\",\"target\":{\"@type\":\"EntryPoint\",\"urlTemplate\":\"https:\/\/exceladvisor.org\/nl\/?s={search_term_string}\"},\"query-input\":{\"@type\":\"PropertyValueSpecification\",\"valueRequired\":true,\"valueName\":\"search_term_string\"}}],\"inLanguage\":\"nl-NL\"},{\"@type\":\"Organization\",\"@id\":\"https:\/\/exceladvisor.org\/nl\/#organization\",\"name\":\"Excel Advisor\",\"url\":\"https:\/\/exceladvisor.org\/nl\/\",\"logo\":{\"@type\":\"ImageObject\",\"inLanguage\":\"nl-NL\",\"@id\":\"https:\/\/exceladvisor.org\/nl\/#\/schema\/logo\/image\/\",\"url\":\"https:\/\/exceladvisor.org\/nl\/wp-content\/uploads\/2023\/12\/exceladvisor.org_.png\",\"contentUrl\":\"https:\/\/exceladvisor.org\/nl\/wp-content\/uploads\/2023\/12\/exceladvisor.org_.png\",\"width\":105,\"height\":36,\"caption\":\"Excel Advisor\"},\"image\":{\"@id\":\"https:\/\/exceladvisor.org\/nl\/#\/schema\/logo\/image\/\"}}]}<\/script>\n<!-- \/ Yoast SEO plugin. -->","yoast_head_json":{"title":"\u25b7 Hoe maak je een tekstbestand en schrijf je ernaar via VBA?","description":"In deze zelfstudie leert u hoe u een tekstbestand kunt maken en er vervolgens op twee verschillende manieren naartoe kunt schrijven (afdrukken en schrijven).","robots":{"index":"index","follow":"follow","max-snippet":"max-snippet:-1","max-image-preview":"max-image-preview:large","max-video-preview":"max-video-preview:-1"},"canonical":"https:\/\/exceladvisor.org\/nl\/tekstbestanden\/","og_locale":"nl_NL","og_type":"article","og_title":"\u25b7 Hoe maak je een tekstbestand en schrijf je ernaar via VBA?","og_description":"In deze zelfstudie leert u hoe u een tekstbestand kunt maken en er vervolgens op twee verschillende manieren naartoe kunt schrijven (afdrukken en schrijven).","og_url":"https:\/\/exceladvisor.org\/nl\/tekstbestanden\/","og_site_name":"Excel Advisor","article_modified_time":"2023-12-06T05:50:15+00:00","og_image":[{"url":"https:\/\/exceladvisor.org\/wp-content\/uploads\/2023\/08\/1-creer-un-fichier-texte-en-utilisant-vba.png","type":"","width":"","height":""}],"twitter_card":"summary_large_image","twitter_misc":{"Geschatte leestijd":"4 minuten"},"schema":{"@context":"https:\/\/schema.org","@graph":[{"@type":"WebPage","@id":"https:\/\/exceladvisor.org\/nl\/tekstbestanden\/","url":"https:\/\/exceladvisor.org\/nl\/tekstbestanden\/","name":"\u25b7 Hoe maak je een tekstbestand en schrijf je ernaar via VBA?","isPartOf":{"@id":"https:\/\/exceladvisor.org\/nl\/#website"},"primaryImageOfPage":{"@id":"https:\/\/exceladvisor.org\/nl\/tekstbestanden\/#primaryimage"},"image":{"@id":"https:\/\/exceladvisor.org\/nl\/tekstbestanden\/#primaryimage"},"thumbnailUrl":"https:\/\/exceladvisor.org\/wp-content\/uploads\/2023\/08\/1-creer-un-fichier-texte-en-utilisant-vba.png","datePublished":"2023-09-30T00:09:48+00:00","dateModified":"2023-12-06T05:50:15+00:00","description":"In deze zelfstudie leert u hoe u een tekstbestand kunt maken en er vervolgens op twee verschillende manieren naartoe kunt schrijven (afdrukken en schrijven).","breadcrumb":{"@id":"https:\/\/exceladvisor.org\/nl\/tekstbestanden\/#breadcrumb"},"inLanguage":"nl-NL","potentialAction":[{"@type":"ReadAction","target":["https:\/\/exceladvisor.org\/nl\/tekstbestanden\/"]}]},{"@type":"ImageObject","inLanguage":"nl-NL","@id":"https:\/\/exceladvisor.org\/nl\/tekstbestanden\/#primaryimage","url":"https:\/\/exceladvisor.org\/wp-content\/uploads\/2023\/08\/1-creer-un-fichier-texte-en-utilisant-vba.png","contentUrl":"https:\/\/exceladvisor.org\/wp-content\/uploads\/2023\/08\/1-creer-un-fichier-texte-en-utilisant-vba.png"},{"@type":"BreadcrumbList","@id":"https:\/\/exceladvisor.org\/nl\/tekstbestanden\/#breadcrumb","itemListElement":[{"@type":"ListItem","position":1,"name":"Thuis","item":"https:\/\/exceladvisor.org\/nl\/"},{"@type":"ListItem","position":2,"name":"Hoe maak je een tekstbestand en schrijf je ernaar met vba?"}]},{"@type":"WebSite","@id":"https:\/\/exceladvisor.org\/nl\/#website","url":"https:\/\/exceladvisor.org\/nl\/","name":"Excel Advisor","description":"Uw gids voor datadominantie","publisher":{"@id":"https:\/\/exceladvisor.org\/nl\/#organization"},"potentialAction":[{"@type":"SearchAction","target":{"@type":"EntryPoint","urlTemplate":"https:\/\/exceladvisor.org\/nl\/?s={search_term_string}"},"query-input":{"@type":"PropertyValueSpecification","valueRequired":true,"valueName":"search_term_string"}}],"inLanguage":"nl-NL"},{"@type":"Organization","@id":"https:\/\/exceladvisor.org\/nl\/#organization","name":"Excel Advisor","url":"https:\/\/exceladvisor.org\/nl\/","logo":{"@type":"ImageObject","inLanguage":"nl-NL","@id":"https:\/\/exceladvisor.org\/nl\/#\/schema\/logo\/image\/","url":"https:\/\/exceladvisor.org\/nl\/wp-content\/uploads\/2023\/12\/exceladvisor.org_.png","contentUrl":"https:\/\/exceladvisor.org\/nl\/wp-content\/uploads\/2023\/12\/exceladvisor.org_.png","width":105,"height":36,"caption":"Excel Advisor"},"image":{"@id":"https:\/\/exceladvisor.org\/nl\/#\/schema\/logo\/image\/"}}]}},"yoast_meta":{"yoast_wpseo_title":"","yoast_wpseo_metadesc":"","yoast_wpseo_canonical":""},"_links":{"self":[{"href":"https:\/\/exceladvisor.org\/nl\/wp-json\/wp\/v2\/pages\/2134","targetHints":{"allow":["GET"]}}],"collection":[{"href":"https:\/\/exceladvisor.org\/nl\/wp-json\/wp\/v2\/pages"}],"about":[{"href":"https:\/\/exceladvisor.org\/nl\/wp-json\/wp\/v2\/types\/page"}],"author":[{"embeddable":true,"href":"https:\/\/exceladvisor.org\/nl\/wp-json\/wp\/v2\/users\/1"}],"replies":[{"embeddable":true,"href":"https:\/\/exceladvisor.org\/nl\/wp-json\/wp\/v2\/comments?post=2134"}],"version-history":[{"count":1,"href":"https:\/\/exceladvisor.org\/nl\/wp-json\/wp\/v2\/pages\/2134\/revisions"}],"predecessor-version":[{"id":2698,"href":"https:\/\/exceladvisor.org\/nl\/wp-json\/wp\/v2\/pages\/2134\/revisions\/2698"}],"wp:attachment":[{"href":"https:\/\/exceladvisor.org\/nl\/wp-json\/wp\/v2\/media?parent=2134"}],"curies":[{"name":"wp","href":"https:\/\/api.w.org\/{rel}","templated":true}]}}