{"id":2142,"date":"2023-09-29T00:37:26","date_gmt":"2023-09-29T00:37:26","guid":{"rendered":"https:\/\/exceladvisor.org\/nl\/constanten\/"},"modified":"2023-12-06T05:53:26","modified_gmt":"2023-12-06T05:53:26","slug":"constanten","status":"publish","type":"page","link":"https:\/\/exceladvisor.org\/nl\/constanten\/","title":{"rendered":"Wat is een constante in vba?"},"content":{"rendered":"<div class=\"excel-voor-de-inhoud\" id=\"excel-2273722865\"><script type=\"text\/javascript\">\r\n\tatOptions = {\r\n\t\t'key' : 'c1158f160081d6540a8409e6925dab94',\r\n\t\t'format' : 'iframe',\r\n\t\t'height' : 250,\r\n\t\t'width' : 300,\r\n\t\t'params' : {}\r\n\t};\r\n<\/script>\r\n<script type=\"text\/javascript\" src=\"\/\/www.highperformanceformat.com\/c1158f160081d6540a8409e6925dab94\/invoke.js\"><\/script><\/div> <p>In VBA is een constante een opslagbox die zelf in uw systeem wordt opgeslagen en daar een waarde voor u kan opslaan, maar de waarde die u eraan toekent kan niet worden gewijzigd wanneer de code wordt uitgevoerd. In VBA zijn er twee verschillende soorten constanten die u kunt gebruiken:<\/p><ul><li> Intrinsieke constanten<\/li><li> Door de gebruiker gedefinieerde constanten<\/li><\/ul><p> <strong>Intrinsieke constanten<\/strong> zijn de constanten die in de VBA-taal zelf zijn ingebouwd (bijvoorbeeld de ingebouwde constante vbOKCancel die u in het <a href=\"https:\/\/exceladvisor.org\/nl\/vba-berichtbox\/\">berichtvenster<\/a> gebruikt), en aan de andere kant zijn <strong>door de gebruiker gedefinieerde constanten<\/strong> de constanten die u kunt maken door een waarde eraan.<\/p><h2 class=\"wp-block-heading\"> Declareer een constante in VBA<\/h2><ol type=\"1\"><li> Gebruik het trefwoord \u201cConst\u201d.<\/li><li> Geef een naam op voor de constante.<\/li><li> Gebruik het trefwoord \u201cAs\u201d achter de naam.<\/li><li> Geef het \u201cGegevenstype\u201d op voor de constante op basis van de waarde die u eraan wilt toewijzen.<\/li><li> Gelijk aan het teken \u201c=\u201d.<\/li><li> Uiteindelijk de waarde die je eraan wilt toekennen. <\/li><\/ol><div class=\"wp-block-image\"><figure class=\"aligncenter size-large is-resized\"><img loading=\"lazy\" decoding=\"async\" class=\"wp-image-60175\" src=\"https:\/\/exceladvisor.org\/wp-content\/uploads\/2023\/08\/1-declarer-une-constante-en-vba.png\" sizes=\"auto, \" srcset=\"\" alt=\"declareer-een-constante-in-vba\" width=\"483\" height=\"267\"><\/figure><\/div><p> Hierboven staat een constante die een geboortedatum opslaat. Als u nu denkt dat een geboortedatum iets is dat vast moet zijn, en voor dit soort waarden kunt u een constante gebruiken.<\/p><h2 class=\"wp-block-heading\"> Reikwijdte van een constante<\/h2><p> Constante heeft dezelfde reikwijdte als <a href=\"https:\/\/exceladvisor.org\/nl\/variabelen\/\">variabelen<\/a> . Wanneer u een constante declareert, heeft deze een bereik op procedureniveau, wat betekent dat u deze overal in de procedure kunt gebruiken. Maar u kunt een constante declareren met een priv\u00e9- of openbaar bereik.<\/p><p> Een priv\u00e9constante is alleen beschikbaar voor de procedure waarin deze als constante wordt gedeclareerd. Om een priv\u00e9constante te declareren, moet u de trefwoorden &#8216;Priv\u00e9&#8217; gebruiken, zoals in het volgende voorbeeld.<\/p><pre class=\"wp-block-code\"> <code class=\"language-visual-basic\" lang=\"visual-basic\">Private Const iName As String = \u201cPuneet\u201d<\/code><\/pre><p> En op dezelfde manier moet u het trefwoord \u2018Public\u2019 gebruiken als u een constante als openbaar wilt declareren.<\/p><pre class=\"wp-block-code\"> <code class=\"language-visual-basic\" lang=\"visual-basic\">Public Const iPrice As String = \u201c$3.99\u201d<\/code><\/pre><div class=\"gb-container gb-container-4db6181c gb-container-mt\"> <a class=\"gb-button gb-button-c5897111 gb-button-text gb-button-mt-button\" href=\"https:\/\/exceladvisor.org\/nl\/vba\/\">Wat is VBA<\/a><h2 class=\"gb-headline gb-headline-665e5f6b gb-headline-text gb-headline-mt-heading\"> Gerelateerde tutorials <\/h2><div class=\"gb-grid-wrapper gb-grid-wrapper-a20baf7c gb-grid-wrapper-mt-grid\"><div class=\"gb-grid-column gb-grid-column-65ddf67e\"><div class=\"gb-container gb-container-65ddf67e\"><ul><li> <a href=\"https:\/\/exceladvisor.org\/nl\/globale-variabele\/\">Declareer een globale (openbare) variabele in VBA<\/a><\/li><li> <a href=\"https:\/\/exceladvisor.org\/nl\/variabel-bereik\/\">Gebruik een bereik of cel als variabele in VBA<\/a><\/li><li> <a href=\"https:\/\/exceladvisor.org\/nl\/expliciete-optie-2\/\">Expliciete optieverklaring in VBA<\/a><\/li><li> <a href=\"https:\/\/exceladvisor.org\/nl\/variabel-berichtenvenster\/\">Variabele in een berichtvenster<\/a><\/li><li> <a href=\"https:\/\/exceladvisor.org\/nl\/variabelen\/\">VBA-variabelen (declareren, gegevenstypen en bereik)<\/a> <\/li><\/ul><\/div><\/div><div class=\"gb-grid-column gb-grid-column-50067b57\"><div class=\"gb-container gb-container-50067b57\"><\/div><\/div><\/div><\/div>","protected":false},"excerpt":{"rendered":"","protected":false},"author":1,"featured_media":0,"parent":0,"menu_order":0,"comment_status":"open","ping_status":"closed","template":"","meta":{"ub_ctt_via":"","footnotes":""},"class_list":["post-2142","page","type-page","status-publish","hentry"],"featured_image_src":null,"yoast_head":"<!-- This site is optimized with the Yoast SEO plugin v25.4 - https:\/\/yoast.com\/wordpress\/plugins\/seo\/ -->\n<title>\u25b7 VBA-constanten: bereik en verklaring (tutorial 2023)<\/title>\n<meta name=\"description\" content=\"In VBA is een constante een opslagbox die zelf in uw systeem wordt opgeslagen en die daar een waarde voor u kan opslaan\" \/>\n<meta name=\"robots\" content=\"index, follow, max-snippet:-1, max-image-preview:large, max-video-preview:-1\" \/>\n<link rel=\"canonical\" href=\"https:\/\/exceladvisor.org\/nl\/constanten\/\" \/>\n<meta property=\"og:locale\" content=\"nl_NL\" \/>\n<meta property=\"og:type\" content=\"article\" \/>\n<meta property=\"og:title\" content=\"\u25b7 VBA-constanten: bereik en verklaring (tutorial 2023)\" \/>\n<meta property=\"og:description\" content=\"In VBA is een constante een opslagbox die zelf in uw systeem wordt opgeslagen en die daar een waarde voor u kan opslaan\" \/>\n<meta property=\"og:url\" content=\"https:\/\/exceladvisor.org\/nl\/constanten\/\" \/>\n<meta property=\"og:site_name\" content=\"Excel Advisor\" \/>\n<meta property=\"article:modified_time\" content=\"2023-12-06T05:53:26+00:00\" \/>\n<meta property=\"og:image\" content=\"https:\/\/exceladvisor.org\/wp-content\/uploads\/2023\/08\/1-declarer-une-constante-en-vba.png\" \/>\n<meta name=\"twitter:card\" content=\"summary_large_image\" \/>\n<meta name=\"twitter:label1\" content=\"Geschatte leestijd\" \/>\n\t<meta name=\"twitter:data1\" content=\"2 minuten\" \/>\n<script type=\"application\/ld+json\" class=\"yoast-schema-graph\">{\"@context\":\"https:\/\/schema.org\",\"@graph\":[{\"@type\":\"WebPage\",\"@id\":\"https:\/\/exceladvisor.org\/nl\/constanten\/\",\"url\":\"https:\/\/exceladvisor.org\/nl\/constanten\/\",\"name\":\"\u25b7 VBA-constanten: bereik en verklaring (tutorial 2023)\",\"isPartOf\":{\"@id\":\"https:\/\/exceladvisor.org\/nl\/#website\"},\"primaryImageOfPage\":{\"@id\":\"https:\/\/exceladvisor.org\/nl\/constanten\/#primaryimage\"},\"image\":{\"@id\":\"https:\/\/exceladvisor.org\/nl\/constanten\/#primaryimage\"},\"thumbnailUrl\":\"https:\/\/exceladvisor.org\/wp-content\/uploads\/2023\/08\/1-declarer-une-constante-en-vba.png\",\"datePublished\":\"2023-09-29T00:37:26+00:00\",\"dateModified\":\"2023-12-06T05:53:26+00:00\",\"description\":\"In VBA is een constante een opslagbox die zelf in uw systeem wordt opgeslagen en die daar een waarde voor u kan opslaan\",\"breadcrumb\":{\"@id\":\"https:\/\/exceladvisor.org\/nl\/constanten\/#breadcrumb\"},\"inLanguage\":\"nl-NL\",\"potentialAction\":[{\"@type\":\"ReadAction\",\"target\":[\"https:\/\/exceladvisor.org\/nl\/constanten\/\"]}]},{\"@type\":\"ImageObject\",\"inLanguage\":\"nl-NL\",\"@id\":\"https:\/\/exceladvisor.org\/nl\/constanten\/#primaryimage\",\"url\":\"https:\/\/exceladvisor.org\/wp-content\/uploads\/2023\/08\/1-declarer-une-constante-en-vba.png\",\"contentUrl\":\"https:\/\/exceladvisor.org\/wp-content\/uploads\/2023\/08\/1-declarer-une-constante-en-vba.png\"},{\"@type\":\"BreadcrumbList\",\"@id\":\"https:\/\/exceladvisor.org\/nl\/constanten\/#breadcrumb\",\"itemListElement\":[{\"@type\":\"ListItem\",\"position\":1,\"name\":\"Thuis\",\"item\":\"https:\/\/exceladvisor.org\/nl\/\"},{\"@type\":\"ListItem\",\"position\":2,\"name\":\"Wat is een constante in vba?\"}]},{\"@type\":\"WebSite\",\"@id\":\"https:\/\/exceladvisor.org\/nl\/#website\",\"url\":\"https:\/\/exceladvisor.org\/nl\/\",\"name\":\"Excel Advisor\",\"description\":\"Uw gids voor datadominantie\",\"publisher\":{\"@id\":\"https:\/\/exceladvisor.org\/nl\/#organization\"},\"potentialAction\":[{\"@type\":\"SearchAction\",\"target\":{\"@type\":\"EntryPoint\",\"urlTemplate\":\"https:\/\/exceladvisor.org\/nl\/?s={search_term_string}\"},\"query-input\":{\"@type\":\"PropertyValueSpecification\",\"valueRequired\":true,\"valueName\":\"search_term_string\"}}],\"inLanguage\":\"nl-NL\"},{\"@type\":\"Organization\",\"@id\":\"https:\/\/exceladvisor.org\/nl\/#organization\",\"name\":\"Excel Advisor\",\"url\":\"https:\/\/exceladvisor.org\/nl\/\",\"logo\":{\"@type\":\"ImageObject\",\"inLanguage\":\"nl-NL\",\"@id\":\"https:\/\/exceladvisor.org\/nl\/#\/schema\/logo\/image\/\",\"url\":\"https:\/\/exceladvisor.org\/nl\/wp-content\/uploads\/2023\/12\/exceladvisor.org_.png\",\"contentUrl\":\"https:\/\/exceladvisor.org\/nl\/wp-content\/uploads\/2023\/12\/exceladvisor.org_.png\",\"width\":105,\"height\":36,\"caption\":\"Excel Advisor\"},\"image\":{\"@id\":\"https:\/\/exceladvisor.org\/nl\/#\/schema\/logo\/image\/\"}}]}<\/script>\n<!-- \/ Yoast SEO plugin. -->","yoast_head_json":{"title":"\u25b7 VBA-constanten: bereik en verklaring (tutorial 2023)","description":"In VBA is een constante een opslagbox die zelf in uw systeem wordt opgeslagen en die daar een waarde voor u kan opslaan","robots":{"index":"index","follow":"follow","max-snippet":"max-snippet:-1","max-image-preview":"max-image-preview:large","max-video-preview":"max-video-preview:-1"},"canonical":"https:\/\/exceladvisor.org\/nl\/constanten\/","og_locale":"nl_NL","og_type":"article","og_title":"\u25b7 VBA-constanten: bereik en verklaring (tutorial 2023)","og_description":"In VBA is een constante een opslagbox die zelf in uw systeem wordt opgeslagen en die daar een waarde voor u kan opslaan","og_url":"https:\/\/exceladvisor.org\/nl\/constanten\/","og_site_name":"Excel Advisor","article_modified_time":"2023-12-06T05:53:26+00:00","og_image":[{"url":"https:\/\/exceladvisor.org\/wp-content\/uploads\/2023\/08\/1-declarer-une-constante-en-vba.png","type":"","width":"","height":""}],"twitter_card":"summary_large_image","twitter_misc":{"Geschatte leestijd":"2 minuten"},"schema":{"@context":"https:\/\/schema.org","@graph":[{"@type":"WebPage","@id":"https:\/\/exceladvisor.org\/nl\/constanten\/","url":"https:\/\/exceladvisor.org\/nl\/constanten\/","name":"\u25b7 VBA-constanten: bereik en verklaring (tutorial 2023)","isPartOf":{"@id":"https:\/\/exceladvisor.org\/nl\/#website"},"primaryImageOfPage":{"@id":"https:\/\/exceladvisor.org\/nl\/constanten\/#primaryimage"},"image":{"@id":"https:\/\/exceladvisor.org\/nl\/constanten\/#primaryimage"},"thumbnailUrl":"https:\/\/exceladvisor.org\/wp-content\/uploads\/2023\/08\/1-declarer-une-constante-en-vba.png","datePublished":"2023-09-29T00:37:26+00:00","dateModified":"2023-12-06T05:53:26+00:00","description":"In VBA is een constante een opslagbox die zelf in uw systeem wordt opgeslagen en die daar een waarde voor u kan opslaan","breadcrumb":{"@id":"https:\/\/exceladvisor.org\/nl\/constanten\/#breadcrumb"},"inLanguage":"nl-NL","potentialAction":[{"@type":"ReadAction","target":["https:\/\/exceladvisor.org\/nl\/constanten\/"]}]},{"@type":"ImageObject","inLanguage":"nl-NL","@id":"https:\/\/exceladvisor.org\/nl\/constanten\/#primaryimage","url":"https:\/\/exceladvisor.org\/wp-content\/uploads\/2023\/08\/1-declarer-une-constante-en-vba.png","contentUrl":"https:\/\/exceladvisor.org\/wp-content\/uploads\/2023\/08\/1-declarer-une-constante-en-vba.png"},{"@type":"BreadcrumbList","@id":"https:\/\/exceladvisor.org\/nl\/constanten\/#breadcrumb","itemListElement":[{"@type":"ListItem","position":1,"name":"Thuis","item":"https:\/\/exceladvisor.org\/nl\/"},{"@type":"ListItem","position":2,"name":"Wat is een constante in vba?"}]},{"@type":"WebSite","@id":"https:\/\/exceladvisor.org\/nl\/#website","url":"https:\/\/exceladvisor.org\/nl\/","name":"Excel Advisor","description":"Uw gids voor datadominantie","publisher":{"@id":"https:\/\/exceladvisor.org\/nl\/#organization"},"potentialAction":[{"@type":"SearchAction","target":{"@type":"EntryPoint","urlTemplate":"https:\/\/exceladvisor.org\/nl\/?s={search_term_string}"},"query-input":{"@type":"PropertyValueSpecification","valueRequired":true,"valueName":"search_term_string"}}],"inLanguage":"nl-NL"},{"@type":"Organization","@id":"https:\/\/exceladvisor.org\/nl\/#organization","name":"Excel Advisor","url":"https:\/\/exceladvisor.org\/nl\/","logo":{"@type":"ImageObject","inLanguage":"nl-NL","@id":"https:\/\/exceladvisor.org\/nl\/#\/schema\/logo\/image\/","url":"https:\/\/exceladvisor.org\/nl\/wp-content\/uploads\/2023\/12\/exceladvisor.org_.png","contentUrl":"https:\/\/exceladvisor.org\/nl\/wp-content\/uploads\/2023\/12\/exceladvisor.org_.png","width":105,"height":36,"caption":"Excel Advisor"},"image":{"@id":"https:\/\/exceladvisor.org\/nl\/#\/schema\/logo\/image\/"}}]}},"yoast_meta":{"yoast_wpseo_title":"","yoast_wpseo_metadesc":"","yoast_wpseo_canonical":""},"_links":{"self":[{"href":"https:\/\/exceladvisor.org\/nl\/wp-json\/wp\/v2\/pages\/2142","targetHints":{"allow":["GET"]}}],"collection":[{"href":"https:\/\/exceladvisor.org\/nl\/wp-json\/wp\/v2\/pages"}],"about":[{"href":"https:\/\/exceladvisor.org\/nl\/wp-json\/wp\/v2\/types\/page"}],"author":[{"embeddable":true,"href":"https:\/\/exceladvisor.org\/nl\/wp-json\/wp\/v2\/users\/1"}],"replies":[{"embeddable":true,"href":"https:\/\/exceladvisor.org\/nl\/wp-json\/wp\/v2\/comments?post=2142"}],"version-history":[{"count":1,"href":"https:\/\/exceladvisor.org\/nl\/wp-json\/wp\/v2\/pages\/2142\/revisions"}],"predecessor-version":[{"id":2967,"href":"https:\/\/exceladvisor.org\/nl\/wp-json\/wp\/v2\/pages\/2142\/revisions\/2967"}],"wp:attachment":[{"href":"https:\/\/exceladvisor.org\/nl\/wp-json\/wp\/v2\/media?parent=2142"}],"curies":[{"name":"wp","href":"https:\/\/api.w.org\/{rel}","templated":true}]}}