{"id":2151,"date":"2023-09-28T20:04:28","date_gmt":"2023-09-28T20:04:28","guid":{"rendered":"https:\/\/exceladvisor.org\/nl\/markeer-dubbele-waarden\/"},"modified":"2023-12-06T05:57:37","modified_gmt":"2023-12-06T05:57:37","slug":"markeer-dubbele-waarden","status":"publish","type":"page","link":"https:\/\/exceladvisor.org\/nl\/markeer-dubbele-waarden\/","title":{"rendered":"Hoe dubbele waarden markeren met vba?"},"content":{"rendered":"<div class=\"excel-voor-de-inhoud\" id=\"excel-2342934788\"><script type=\"text\/javascript\">\r\n\tatOptions = {\r\n\t\t'key' : 'c1158f160081d6540a8409e6925dab94',\r\n\t\t'format' : 'iframe',\r\n\t\t'height' : 250,\r\n\t\t'width' : 300,\r\n\t\t'params' : {}\r\n\t};\r\n<\/script>\r\n<script type=\"text\/javascript\" src=\"\/\/www.highperformanceformat.com\/c1158f160081d6540a8409e6925dab94\/invoke.js\"><\/script><\/div> <p>Bij het werken met grote data zijn dubbele waarden altijd een probleem. Meestal gebruik ik de optie duplicaten verwijderen om al deze waarden te verwijderen. En ik weet zeker dat jij hetzelfde doet.<\/p><p> Maar het verwijderen van deze dubbele waarden of het simpelweg tellen ervan lost het probleem nooit op. Het belangrijkste is om alle dubbele waarden te onderzoeken voordat u ze verwijdert.<\/p><p> Ja het is waar. Nadat u al deze waarden heeft gemarkeerd, kunt u ze controleren en vervolgens verwijderen. Vandaag wil ik in dit artikel 4 verschillende VBA-codes met u delen om dubbele waarden te markeren.<\/p><p> En het punt is dat deze codes cellen op verschillende manieren kunnen markeren. U kunt ze eenvoudig kopi\u00ebren en in uw VBA-editor plakken en gebruiken.<\/p><h2 id=\"tab-con-4\" class=\"wp-block-heading\"> 1. In elke regel<\/h2><p> Deze VBA-code controleert alle cellen op een rij en markeert alle cellen die op een rij worden gedupliceerd. Simpel gezegd: als een rij tweemaal de waarde &#8220;522&#8221; heeft, wordt deze als een duplicaat beschouwd. Maar als de andere 522 in een andere rij staat, wordt deze als uniek beschouwd. <\/p><div class=\"wp-block-image\"><figure class=\"aligncenter\"><img decoding=\"async\" src=\"https:\/\/exceladvisor.org\/wp-content\/uploads\/2023\/08\/mettre-en-surbrillance-les-valeurs-en-double-de-chaque-ligne-a-laide-du-code-VBA.gif\" sizes=\"\" srcset=\"\" alt=\"markeer dubbele waarden van elke rij met behulp van VBA-code\"><\/figure><\/div><pre class=\"wp-block-code\"> <code class=\"language-visual-basic\" lang=\"visual-basic\">Sub DuplicateValuesFromRow() 'Declare All Variables. Dim myCell As Range Dim myRow As Integer Dim myRange As Range Dim myCol As Integer Dim i As Integer 'Count Number of Rows and Columns myRow = Range(Cells(1, 1), Cells(1, 1).End(xlDown)).Count myCol = Range(Cells(1, 1), Cells(1, 1).End(xlToRight)).Count 'Loop Each Row To Check Duplicate Values and Highlight cells. For i = 2 To myRow Set myRange = Range(Cells(i, 2), Cells(i, myCol)) For Each myCell In myRange If WorksheetFunction.CountIf(myRange, myCell.Value) &gt; 1 Then myCell.Interior.ColorIndex = 3 End If Next Next End Sub<\/code><\/pre><p> Als je door deze macro kijkt, zie je dat we een lus hebben gebruikt om elke rij te controleren op dubbele waarden en deze met een kleur te markeren.<\/p><h3 class=\"wp-block-heading\"> Belangrijke punten<\/h3><ol><li> Uw gegevens mogen geen lege rij of kolom bevatten, anders wordt die cel genegeerd.<\/li><li> De startcel voor uw gegevens moet cel \u201cA1\u201d zijn. En als je het startpunt wilt aanpassen, moet je de code aanpassen.<\/li><li> De eerste rij en eerste kolom van uw gegevensblad moeten een koptekst zijn.<\/li><\/ol><h2 id=\"tab-con-2\" class=\"wp-block-heading\"> 2. In elke kolom<\/h2><p> Deze VBA-code controleert alle cellen in een kolom en markeert alle cellen die in elke kolom zijn gedupliceerd. Simpel gezegd: als een kolom twee keer de waarde \u2018231\u2019 heeft, wordt deze als duplicaat beschouwd. Maar als een andere \u201c231\u201d in een andere kolom staat, wordt deze als uniek beschouwd. <\/p><div class=\"wp-block-image\"><figure class=\"aligncenter\"><img decoding=\"async\" src=\"https:\/\/exceladvisor.org\/wp-content\/uploads\/2023\/08\/mettre-en-surbrillance-les-valeurs-en-double-de-chaque-colonne-a-laide-du-code-VBA.gif\" sizes=\"\" srcset=\"\" alt=\"markeer dubbele waarden van elke kolom met behulp van VBA-code\"><\/figure><\/div><pre class=\"wp-block-code\"> <code class=\"language-visual-basic\" lang=\"visual-basic\">Sub DuplicateValuesFromColumns() 'Declare All Variables Dim myCell As Range Dim myRow As Integer Dim myRange As Range Dim myCol As Integer Dim i As Integer 'Count number of rows &amp; column myRow = Range(Cells(1, 1), Cells(1, 1).End(xlDown)).Count myCol = Range(Cells(1, 1), Cells(1, 1).End(xlToRight)).Count 'Loop each column to check duplicate values &amp; highlight them. For i = 2 To myRow Set myRange = Range(Cells(2, i), Cells(myRow, i)) For Each myCell In myRange If WorksheetFunction.CountIf(myRange, myCell.Value) &gt; 1 Then myCell.Interior.ColorIndex = 3 End If Next Next End Sub<\/code><\/pre><h2 id=\"tab-con-1\" class=\"wp-block-heading\"> 3. In de selectie<\/h2><p> Stel dat u alleen cellen met dubbele waarden uit de selectie wilt markeren, dan kan deze code u helpen. Om deze code te gebruiken, selecteert u eenvoudig een celbereik en voert u deze code uit. Het controleert elke cel met de selectie en markeert deze in rood als een cel een dubbele waarde heeft. <\/p><div class=\"wp-block-image\"><figure class=\"aligncenter\"><img decoding=\"async\" src=\"https:\/\/exceladvisor.org\/wp-content\/uploads\/2023\/08\/mettre-en-surbrillance-les-valeurs-en-double-de-la-selection-a-laide-du-code-VBA.gif\" sizes=\"\" srcset=\"\" alt=\"markeer dubbele waarden uit selectie met behulp van VBA-code\"><\/figure><\/div><pre class=\"wp-block-code\"> <code class=\"language-visual-basic\" lang=\"visual-basic\">Sub DuplicateValuesFromSelection() Dim myRange As Range Dim i As Integer Dim j As Integer Dim myCell As Range Set myRange = Selection For Each myCell In myRange If WorksheetFunction.CountIf(myRange, myCell.Value) &gt; 1 Then myCell.Interior.ColorIndex = 3 End If Next End Sub<\/code><\/pre><h2 id=\"tab-con-0\" class=\"wp-block-heading\"> 4. Gehele gegevens<\/h2><p> Als u een grote dataset heeft, kunt u deze macrocode gebruiken om de volledigheid van de gegevens te verifi\u00ebren en dubbele waarden te markeren. Deze code doorloopt elke cel \u00e9\u00e9n voor \u00e9\u00e9n en past de rode kleur toe op alle cellen die duplicaten zijn.<\/p><pre class=\"wp-block-code\"> <code class=\"language-visual-basic\" lang=\"visual-basic\">Sub DuplicateValuesFromTable() Dim myRange As Range Dim i As Integer Dim j As Integer Dim myCell As Range Set myRange = Range(\u201cTable1\u201d) For Each myCell In myRange If WorksheetFunction.CountIf(myRange, myCell.Value) &gt; 1 Then myCell.Interior.ColorIndex = 3 End If Next End Sub<\/code><\/pre><p class=\"qt-tip\"> <span style=\"color: #ea493f;\"><strong>Belangrijke opmerking:<\/strong><\/span> in de bovenstaande code hebben we de tabelnaam &#8216;Tabel1&#8217; gebruikt. U kunt deze naam uit de code wijzigen. Als u nu een bereik heeft, kunt u gewoon de bereiknaam gebruiken.<\/p><h2 class=\"wp-block-heading\"> [Bonustip] Tel dubbele waarden<\/h2><p> Met deze code kunt u het aantal dubbele waarden uit de selectie tellen. Wanneer u deze code uitvoert, wordt er een berichtvenster weergegeven waarin het nummer wordt weergegeven.<\/p><pre class=\"wp-block-code\"> <code class=\"language-visual-basic\" lang=\"visual-basic\">Sub CountDuplicates() Dim i As Integer Dim j As Integer Dim myCell As Range Dim myRange As Integer myRange = Range(\"Table1\").Count j = 0 For Each myCell In Range(\"Table1\") If WorksheetFunction.CountIf(Range(\"Table1\"), myCell.Value) &gt; 1 Then j = j + 1 End If Next MsgBox j End Sub<\/code><\/pre><p> Ook in de bovenstaande code hebben we een tabelnaam gebruikt en verander of vervang je deze door een bereik.<\/p><h2 class=\"wp-block-heading\"> Voorbeeld bestand<\/h2><p> <a href=\"https:\/\/exceladvisor.org\/wp-content\/uploads\/2023\/11\/mettre-en-evidence-les-valeurs-en-double.zip\">Download dit voorbeeldbestand hier<\/a> voor meer informatie.<\/p><h2 class=\"wp-block-heading\"> Conclusie<\/h2><p> In verschillende situaties moeten we op verschillende manieren controleren op dubbele waarden. En alle bovenstaande codes kunnen in dit opzicht nuttig voor u zijn. Als u wilt, kunt u de markeringskleur van de codes wijzigen met behulp van het kleurindexnummer.<\/p><p> Help me nu met \u00e9\u00e9n ding.<\/p><p> <strong>Waar kunnen we deze codes verbeteren?<\/strong><\/p><p> Deel uw mening met mij in het opmerkingengedeelte, ik hoor graag van u. En vergeet deze tip niet met je vrienden te delen.<\/p><div class=\"gb-container gb-container-4db6181c gb-container-mt\"> <a class=\"gb-button gb-button-c5897111 gb-button-text gb-button-mt-button\" href=\"https:\/\/exceladvisor.org\/nl\/vba\/\">Wat is VBA<\/a><h2 class=\"gb-headline gb-headline-665e5f6b gb-headline-text gb-headline-mt-heading\"> Gerelateerde tutorials <\/h2><div class=\"gb-grid-wrapper gb-grid-wrapper-a20baf7c gb-grid-wrapper-mt-grid\"><div class=\"gb-grid-column gb-grid-column-65ddf67e\"><div class=\"gb-container gb-container-65ddf67e\"><ul><li> <a href=\"https:\/\/exceladvisor.org\/nl\/hyperlink-uitpakken\/\">Extraheer hyperlinkadres (URL) VBA<\/a><\/li><li> <a href=\"https:\/\/exceladvisor.org\/nl\/invoerveld\/\">Invoervak in VBA<\/a><\/li><li> <a href=\"https:\/\/exceladvisor.org\/nl\/tekstbestanden\/\">VBA maken en schrijven naar een tekstbestand<\/a><\/li><li> <a href=\"https:\/\/exceladvisor.org\/nl\/scherm-bijwerken\/\">VBA-schermupdate<\/a><\/li><li> <a href=\"https:\/\/exceladvisor.org\/nl\/statusbalk-1\/\">VBA-statusbalk (verbergen, tonen en voortgang)<\/a> <\/li><\/ul><\/div><\/div><div class=\"gb-grid-column gb-grid-column-50067b57\"><div class=\"gb-container gb-container-50067b57\"><\/div><\/div><\/div><\/div>","protected":false},"excerpt":{"rendered":"","protected":false},"author":1,"featured_media":0,"parent":0,"menu_order":0,"comment_status":"open","ping_status":"closed","template":"","meta":{"ub_ctt_via":"","footnotes":""},"class_list":["post-2151","page","type-page","status-publish","hentry"],"featured_image_src":null,"yoast_head":"<!-- This site is optimized with the Yoast SEO plugin v25.4 - https:\/\/yoast.com\/wordpress\/plugins\/seo\/ -->\n<title>Hoe dubbele waarden markeren met VBA?<\/title>\n<meta name=\"description\" content=\"Dit zijn de vier VBA-codes om dubbele waarden in Excel op verschillende manieren te markeren. Je kan zetten\" \/>\n<meta name=\"robots\" content=\"index, follow, max-snippet:-1, max-image-preview:large, max-video-preview:-1\" \/>\n<link rel=\"canonical\" href=\"https:\/\/exceladvisor.org\/nl\/markeer-dubbele-waarden\/\" \/>\n<meta property=\"og:locale\" content=\"nl_NL\" \/>\n<meta property=\"og:type\" content=\"article\" \/>\n<meta property=\"og:title\" content=\"Hoe dubbele waarden markeren met VBA?\" \/>\n<meta property=\"og:description\" content=\"Dit zijn de vier VBA-codes om dubbele waarden in Excel op verschillende manieren te markeren. Je kan zetten\" \/>\n<meta property=\"og:url\" content=\"https:\/\/exceladvisor.org\/nl\/markeer-dubbele-waarden\/\" \/>\n<meta property=\"og:site_name\" content=\"Excel Advisor\" \/>\n<meta property=\"article:modified_time\" content=\"2023-12-06T05:57:37+00:00\" \/>\n<meta property=\"og:image\" content=\"https:\/\/exceladvisor.org\/wp-content\/uploads\/2023\/08\/mettre-en-surbrillance-les-valeurs-en-double-de-chaque-ligne-a-laide-du-code-VBA.gif\" \/>\n<meta name=\"twitter:card\" content=\"summary_large_image\" \/>\n<meta name=\"twitter:label1\" content=\"Geschatte leestijd\" \/>\n\t<meta name=\"twitter:data1\" content=\"5 minuten\" \/>\n<script type=\"application\/ld+json\" class=\"yoast-schema-graph\">{\"@context\":\"https:\/\/schema.org\",\"@graph\":[{\"@type\":\"WebPage\",\"@id\":\"https:\/\/exceladvisor.org\/nl\/markeer-dubbele-waarden\/\",\"url\":\"https:\/\/exceladvisor.org\/nl\/markeer-dubbele-waarden\/\",\"name\":\"Hoe dubbele waarden markeren met VBA?\",\"isPartOf\":{\"@id\":\"https:\/\/exceladvisor.org\/nl\/#website\"},\"primaryImageOfPage\":{\"@id\":\"https:\/\/exceladvisor.org\/nl\/markeer-dubbele-waarden\/#primaryimage\"},\"image\":{\"@id\":\"https:\/\/exceladvisor.org\/nl\/markeer-dubbele-waarden\/#primaryimage\"},\"thumbnailUrl\":\"https:\/\/exceladvisor.org\/wp-content\/uploads\/2023\/08\/mettre-en-surbrillance-les-valeurs-en-double-de-chaque-ligne-a-laide-du-code-VBA.gif\",\"datePublished\":\"2023-09-28T20:04:28+00:00\",\"dateModified\":\"2023-12-06T05:57:37+00:00\",\"description\":\"Dit zijn de vier VBA-codes om dubbele waarden in Excel op verschillende manieren te markeren. Je kan zetten\",\"breadcrumb\":{\"@id\":\"https:\/\/exceladvisor.org\/nl\/markeer-dubbele-waarden\/#breadcrumb\"},\"inLanguage\":\"nl-NL\",\"potentialAction\":[{\"@type\":\"ReadAction\",\"target\":[\"https:\/\/exceladvisor.org\/nl\/markeer-dubbele-waarden\/\"]}]},{\"@type\":\"ImageObject\",\"inLanguage\":\"nl-NL\",\"@id\":\"https:\/\/exceladvisor.org\/nl\/markeer-dubbele-waarden\/#primaryimage\",\"url\":\"https:\/\/exceladvisor.org\/wp-content\/uploads\/2023\/08\/mettre-en-surbrillance-les-valeurs-en-double-de-chaque-ligne-a-laide-du-code-VBA.gif\",\"contentUrl\":\"https:\/\/exceladvisor.org\/wp-content\/uploads\/2023\/08\/mettre-en-surbrillance-les-valeurs-en-double-de-chaque-ligne-a-laide-du-code-VBA.gif\"},{\"@type\":\"BreadcrumbList\",\"@id\":\"https:\/\/exceladvisor.org\/nl\/markeer-dubbele-waarden\/#breadcrumb\",\"itemListElement\":[{\"@type\":\"ListItem\",\"position\":1,\"name\":\"Thuis\",\"item\":\"https:\/\/exceladvisor.org\/nl\/\"},{\"@type\":\"ListItem\",\"position\":2,\"name\":\"Hoe dubbele waarden markeren met vba?\"}]},{\"@type\":\"WebSite\",\"@id\":\"https:\/\/exceladvisor.org\/nl\/#website\",\"url\":\"https:\/\/exceladvisor.org\/nl\/\",\"name\":\"Excel Advisor\",\"description\":\"Uw gids voor datadominantie\",\"publisher\":{\"@id\":\"https:\/\/exceladvisor.org\/nl\/#organization\"},\"potentialAction\":[{\"@type\":\"SearchAction\",\"target\":{\"@type\":\"EntryPoint\",\"urlTemplate\":\"https:\/\/exceladvisor.org\/nl\/?s={search_term_string}\"},\"query-input\":{\"@type\":\"PropertyValueSpecification\",\"valueRequired\":true,\"valueName\":\"search_term_string\"}}],\"inLanguage\":\"nl-NL\"},{\"@type\":\"Organization\",\"@id\":\"https:\/\/exceladvisor.org\/nl\/#organization\",\"name\":\"Excel Advisor\",\"url\":\"https:\/\/exceladvisor.org\/nl\/\",\"logo\":{\"@type\":\"ImageObject\",\"inLanguage\":\"nl-NL\",\"@id\":\"https:\/\/exceladvisor.org\/nl\/#\/schema\/logo\/image\/\",\"url\":\"https:\/\/exceladvisor.org\/nl\/wp-content\/uploads\/2023\/12\/exceladvisor.org_.png\",\"contentUrl\":\"https:\/\/exceladvisor.org\/nl\/wp-content\/uploads\/2023\/12\/exceladvisor.org_.png\",\"width\":105,\"height\":36,\"caption\":\"Excel Advisor\"},\"image\":{\"@id\":\"https:\/\/exceladvisor.org\/nl\/#\/schema\/logo\/image\/\"}}]}<\/script>\n<!-- \/ Yoast SEO plugin. -->","yoast_head_json":{"title":"Hoe dubbele waarden markeren met VBA?","description":"Dit zijn de vier VBA-codes om dubbele waarden in Excel op verschillende manieren te markeren. Je kan zetten","robots":{"index":"index","follow":"follow","max-snippet":"max-snippet:-1","max-image-preview":"max-image-preview:large","max-video-preview":"max-video-preview:-1"},"canonical":"https:\/\/exceladvisor.org\/nl\/markeer-dubbele-waarden\/","og_locale":"nl_NL","og_type":"article","og_title":"Hoe dubbele waarden markeren met VBA?","og_description":"Dit zijn de vier VBA-codes om dubbele waarden in Excel op verschillende manieren te markeren. Je kan zetten","og_url":"https:\/\/exceladvisor.org\/nl\/markeer-dubbele-waarden\/","og_site_name":"Excel Advisor","article_modified_time":"2023-12-06T05:57:37+00:00","og_image":[{"url":"https:\/\/exceladvisor.org\/wp-content\/uploads\/2023\/08\/mettre-en-surbrillance-les-valeurs-en-double-de-chaque-ligne-a-laide-du-code-VBA.gif","type":"","width":"","height":""}],"twitter_card":"summary_large_image","twitter_misc":{"Geschatte leestijd":"5 minuten"},"schema":{"@context":"https:\/\/schema.org","@graph":[{"@type":"WebPage","@id":"https:\/\/exceladvisor.org\/nl\/markeer-dubbele-waarden\/","url":"https:\/\/exceladvisor.org\/nl\/markeer-dubbele-waarden\/","name":"Hoe dubbele waarden markeren met VBA?","isPartOf":{"@id":"https:\/\/exceladvisor.org\/nl\/#website"},"primaryImageOfPage":{"@id":"https:\/\/exceladvisor.org\/nl\/markeer-dubbele-waarden\/#primaryimage"},"image":{"@id":"https:\/\/exceladvisor.org\/nl\/markeer-dubbele-waarden\/#primaryimage"},"thumbnailUrl":"https:\/\/exceladvisor.org\/wp-content\/uploads\/2023\/08\/mettre-en-surbrillance-les-valeurs-en-double-de-chaque-ligne-a-laide-du-code-VBA.gif","datePublished":"2023-09-28T20:04:28+00:00","dateModified":"2023-12-06T05:57:37+00:00","description":"Dit zijn de vier VBA-codes om dubbele waarden in Excel op verschillende manieren te markeren. Je kan zetten","breadcrumb":{"@id":"https:\/\/exceladvisor.org\/nl\/markeer-dubbele-waarden\/#breadcrumb"},"inLanguage":"nl-NL","potentialAction":[{"@type":"ReadAction","target":["https:\/\/exceladvisor.org\/nl\/markeer-dubbele-waarden\/"]}]},{"@type":"ImageObject","inLanguage":"nl-NL","@id":"https:\/\/exceladvisor.org\/nl\/markeer-dubbele-waarden\/#primaryimage","url":"https:\/\/exceladvisor.org\/wp-content\/uploads\/2023\/08\/mettre-en-surbrillance-les-valeurs-en-double-de-chaque-ligne-a-laide-du-code-VBA.gif","contentUrl":"https:\/\/exceladvisor.org\/wp-content\/uploads\/2023\/08\/mettre-en-surbrillance-les-valeurs-en-double-de-chaque-ligne-a-laide-du-code-VBA.gif"},{"@type":"BreadcrumbList","@id":"https:\/\/exceladvisor.org\/nl\/markeer-dubbele-waarden\/#breadcrumb","itemListElement":[{"@type":"ListItem","position":1,"name":"Thuis","item":"https:\/\/exceladvisor.org\/nl\/"},{"@type":"ListItem","position":2,"name":"Hoe dubbele waarden markeren met vba?"}]},{"@type":"WebSite","@id":"https:\/\/exceladvisor.org\/nl\/#website","url":"https:\/\/exceladvisor.org\/nl\/","name":"Excel Advisor","description":"Uw gids voor datadominantie","publisher":{"@id":"https:\/\/exceladvisor.org\/nl\/#organization"},"potentialAction":[{"@type":"SearchAction","target":{"@type":"EntryPoint","urlTemplate":"https:\/\/exceladvisor.org\/nl\/?s={search_term_string}"},"query-input":{"@type":"PropertyValueSpecification","valueRequired":true,"valueName":"search_term_string"}}],"inLanguage":"nl-NL"},{"@type":"Organization","@id":"https:\/\/exceladvisor.org\/nl\/#organization","name":"Excel Advisor","url":"https:\/\/exceladvisor.org\/nl\/","logo":{"@type":"ImageObject","inLanguage":"nl-NL","@id":"https:\/\/exceladvisor.org\/nl\/#\/schema\/logo\/image\/","url":"https:\/\/exceladvisor.org\/nl\/wp-content\/uploads\/2023\/12\/exceladvisor.org_.png","contentUrl":"https:\/\/exceladvisor.org\/nl\/wp-content\/uploads\/2023\/12\/exceladvisor.org_.png","width":105,"height":36,"caption":"Excel Advisor"},"image":{"@id":"https:\/\/exceladvisor.org\/nl\/#\/schema\/logo\/image\/"}}]}},"yoast_meta":{"yoast_wpseo_title":"","yoast_wpseo_metadesc":"","yoast_wpseo_canonical":""},"_links":{"self":[{"href":"https:\/\/exceladvisor.org\/nl\/wp-json\/wp\/v2\/pages\/2151","targetHints":{"allow":["GET"]}}],"collection":[{"href":"https:\/\/exceladvisor.org\/nl\/wp-json\/wp\/v2\/pages"}],"about":[{"href":"https:\/\/exceladvisor.org\/nl\/wp-json\/wp\/v2\/types\/page"}],"author":[{"embeddable":true,"href":"https:\/\/exceladvisor.org\/nl\/wp-json\/wp\/v2\/users\/1"}],"replies":[{"embeddable":true,"href":"https:\/\/exceladvisor.org\/nl\/wp-json\/wp\/v2\/comments?post=2151"}],"version-history":[{"count":1,"href":"https:\/\/exceladvisor.org\/nl\/wp-json\/wp\/v2\/pages\/2151\/revisions"}],"predecessor-version":[{"id":2393,"href":"https:\/\/exceladvisor.org\/nl\/wp-json\/wp\/v2\/pages\/2151\/revisions\/2393"}],"wp:attachment":[{"href":"https:\/\/exceladvisor.org\/nl\/wp-json\/wp\/v2\/media?parent=2151"}],"curies":[{"name":"wp","href":"https:\/\/api.w.org\/{rel}","templated":true}]}}