{"id":2157,"date":"2023-09-28T17:33:35","date_gmt":"2023-09-28T17:33:35","guid":{"rendered":"https:\/\/exceladvisor.org\/nl\/met\/"},"modified":"2023-12-06T05:48:55","modified_gmt":"2023-12-06T05:48:55","slug":"met","status":"publish","type":"page","link":"https:\/\/exceladvisor.org\/nl\/met\/","title":{"rendered":"Hoe geneste vba with-instructie te gebruiken?"},"content":{"rendered":"<div class=\"excel-voor-de-inhoud\" id=\"excel-3381573006\"><script type=\"text\/javascript\">\r\n\tatOptions = {\r\n\t\t'key' : 'c1158f160081d6540a8409e6925dab94',\r\n\t\t'format' : 'iframe',\r\n\t\t'height' : 250,\r\n\t\t'width' : 300,\r\n\t\t'params' : {}\r\n\t};\r\n<\/script>\r\n<script type=\"text\/javascript\" src=\"\/\/www.highperformanceformat.com\/c1158f160081d6540a8409e6925dab94\/invoke.js\"><\/script><\/div> <p class=\"wp-block-heading\"><strong>Belangrijkste punten<\/strong><\/p><ul><li> <em>Gebruik de VBA With-instructie om de code te minimaliseren.<\/em><\/li><li> <em>U kunt slechts \u00e9\u00e9n object tegelijk gebruiken als u de With-instructie gebruikt.<\/em><\/li><\/ul><h2 class=\"wp-block-heading\"> Wat is VBA met declaratie<\/h2><p> VBA With is een instructie waarmee u een object \u00e9\u00e9n keer kunt opgeven en er vervolgens meerdere instructies voor kunt uitvoeren. In eenvoudige bewoordingen: gebruik de \u201cWITH\u201d-instructie om een object te specificeren, en daarna heb je in \u00e9\u00e9n keer toegang tot alle eigenschappen en methoden. Het begint met \u201cMet\u201d en eindigt met \u201cEinde met\u201d.<\/p><h2 class=\"wp-block-heading\"> Syntaxis van VBA met instructie<\/h2><p> Hier is de syntaxis die u moet gebruiken om de With-instructie in VBA te gebruiken: <\/p><pre class=\"wp-block-code\"> <code class=\"language-visual-basic\" lang=\"visual-basic\">With [OBJECT] [Statement] End With<\/code><\/pre><div class=\"wp-block-image\"><figure class=\"aligncenter size-large is-resized\"><img loading=\"lazy\" decoding=\"async\" class=\"wp-image-51528\" src=\"https:\/\/exceladvisor.org\/wp-content\/uploads\/2023\/08\/1-syntaxe-de-vba-avec-instruction.png\" sizes=\"auto, \" srcset=\"\" alt=\"vba-syntaxis-met-instructie\" width=\"340\" height=\"257\"><\/figure><\/div><ol><li> <strong>With<\/strong> : Dit is het startsleutelwoord van de instructie die VBA vertelt dat u het genoemde object specificeert.<\/li><li> <strong>Object<\/strong> : Hier moet u het object opgeven dat u wilt gebruiken.<\/li><li> <strong>Verklaring<\/strong> : een of meer instructies die u met het opgegeven object wilt uitvoeren.<\/li><li> <strong>Eindig met<\/strong> : Dit is het eindsleutelwoord van de verklaring.<\/li><\/ol><h2 class=\"wp-block-heading\"> Voorbeeld om VBA met verklaring te begrijpen<\/h2><p> Laten we een voorbeeld nemen om de diepgaande verklaring te begrijpen. Stel dat u de kleur, de grootte en de naam van cel A1 wilt wijzigen. Om deze drie dingen te doen, hebt u toegang nodig tot drie verschillende <a href=\"https:\/\/exceladvisor.org\/nl\/karakter-lettertype\/\">VBA-lettertype-<\/a> eigenschappen en de code zou zijn:<\/p><pre class=\"wp-block-code\"> <code class=\"language-visual-basic\" lang=\"visual-basic\">Range(\"A1\").Font.Color = RGB(0, 0, 255) Range(\"A1\").Font.Size = 16 Range(\"A1\").Font.Name = \"Consolas\"<\/code><\/pre><p> Maar hier gaan we de With-instructie gebruiken in plaats van de bovenstaande code. Om de VBA With-instructie te gebruiken, kunt u de volgende stappen volgen:<\/p><ol><li> Typ eerst het toetsenbord &#8220;Met&#8221;.<\/li><li> Gebruik daarna het VBA-bereik om cel A1 op te geven met behulp van het lettertypeobject om het lettertypeobject op te geven. <br><img loading=\"lazy\" decoding=\"async\" title=\"2-use-vba-bereik\" src=\"https:\/\/exceladvisor.org\/wp-content\/uploads\/2023\/08\/2-utiliser-la-gamme-vba.png\" sizes=\"auto, \" srcset=\"\" alt=\"use-the-vba-range\" width=\"336\" height=\"202\"><\/li><li> Vervolgens moet u de code invoeren voor de drie eigenschappen en de waarden die u wilt toepassen. <br><img loading=\"lazy\" decoding=\"async\" title=\"3-code-voor-de-drie-eigenschappen\" src=\"https:\/\/exceladvisor.org\/wp-content\/uploads\/2023\/08\/3-code-pour-les-trois-proprietes.png\" sizes=\"auto, \" srcset=\"\" alt=\"code-for-all-three-properties\" width=\"337\" height=\"209\"><\/li><li> Gebruik aan het einde het trefwoord &#8216;Einde met&#8217; om de verklaring af te sluiten. <br><img loading=\"lazy\" decoding=\"async\" title=\"4-eindig-met-om-de-verklaring te be\u00ebindigen\" src=\"https:\/\/exceladvisor.org\/wp-content\/uploads\/2023\/08\/4-fin-avec-pour-terminer-linstruction.png\" sizes=\"auto, \" srcset=\"\" alt=\"end-with-to-end-the-statement\" width=\"331\" height=\"258\"><\/li><\/ol><p> Hier is de code die je zojuist hebt geschreven.<\/p><pre class=\"wp-block-code\"> <code class=\"language-visual-basic\" lang=\"visual-basic\">Sub MyMacro() With Range(\"A1\").Font .Color = RGB(0, 0, 255) .Size = 16 .Name = \"Consolas\" End With End Sub<\/code><\/pre><p> Laten we nu naar beide codes kijken en proberen te begrijpen wat het verschil is dat we hebben met de instructie &#8220;With&#8221;. <\/p><div class=\"wp-block-image\"><figure class=\"aligncenter size-large is-resized\"><img loading=\"lazy\" decoding=\"async\" class=\"wp-image-51532\" src=\"https:\/\/exceladvisor.org\/wp-content\/uploads\/2023\/08\/5-regardez-les-deux-codes.png\" sizes=\"auto, \" srcset=\"\" alt=\"kijk-naar-de-twee-codes\" width=\"596\" height=\"404\"><\/figure><\/div><p> In de eerste code hebt u het font-object drie keer gebruikt en vervolgens de eigenschap gebruikt waartoe u toegang wilt krijgen en waar u wijzigingen in wilt aanbrengen.<\/p><p> Maar in de tweede code gebruikte je de With-instructie en specificeerde je onmiddellijk het font-object. En dan drie regels code in de instructie &#8220;With&#8221; om toegang te krijgen tot de drie eigenschappen.<\/p><p> Wanneer u de instructie &#8220;With&#8221; gebruikt en een object opgeeft, vertelt het VBA dat alle instructies die u hebt geschreven, met het genoemde object moeten worden uitgevoerd. Dit geeft je niet alleen gestructureerde code, maar versnelt ook de uitvoering van een macro en zorgt voor meer effici\u00ebntie.<\/p><h2 class=\"wp-block-heading\"> Genest met verklaring<\/h2><p> Ik heb je in het begin verteld dat je slechts \u00e9\u00e9n object kunt opgeven om de With-instructie te gebruiken. Maar er is een manier om er meer dan \u00e9\u00e9n of zelfs meerdere items mee te gebruiken. Dit gebruikt <a href=\"https:\/\/exceladvisor.org\/nl\/lussen\/\">VBA LOOPS<\/a> en we gaan FOR EACH LOOP gebruiken om door meerdere objecten te lopen en de &#8220;With&#8221; te gebruiken.<\/p><p> Laat me je een voorbeeld geven; u moet alle werkbladen doorlopen en de volgende zaken op alle cellen in elk werkblad toepassen.<\/p><ul><li> <strong>Lettergrootte: 16<\/strong><\/li><li> <strong>Lettertype: Verdena<\/strong><\/li><\/ul><p> En in de werkmap hebt u vijf werkbladen, zoals in het volgende voorbeeld: <\/p><div class=\"wp-block-image\"><figure class=\"aligncenter size-large is-resized\"><img loading=\"lazy\" decoding=\"async\" class=\"wp-image-51533\" src=\"https:\/\/exceladvisor.org\/wp-content\/uploads\/2023\/08\/6-imbriques-avec-declaration.png\" sizes=\"auto, \" srcset=\"\" alt=\"genest-met-verklaring\" width=\"515\" height=\"198\"><\/figure><\/div><p> <strong>Gebruik de volgende stappen om een geneste &#8216;With&#8217;-instructie te schrijven.<\/strong><\/p><ol><li> Eerst moet u een variabele declareren om een werkbladobject te kunnen gebruiken. <br><img loading=\"lazy\" decoding=\"async\" title=\"7 stappen om genest te schrijven\" src=\"https:\/\/exceladvisor.org\/wp-content\/uploads\/2023\/08\/7-etapes-pour-ecrire-imbrique.png\" sizes=\"auto, \" srcset=\"\" alt=\"steps-to-write-nested\" width=\"327\" height=\"212\"><\/li><li> Daarna moet je, zoals ik al zei, <a href=\"https:\/\/exceladvisor.org\/nl\/voor-de-lus\/\">For Each Loop<\/a> gebruiken. U moet dus een code schrijven met de lus die <a href=\"https:\/\/exceladvisor.org\/nl\/lus-bladeren\/\">door alle werkbladen kan lopen<\/a> . <br><img loading=\"lazy\" decoding=\"async\" title=\"8-schrijfcode-met-de-lus\" src=\"https:\/\/exceladvisor.org\/wp-content\/uploads\/2023\/08\/8-ecrire-du-code-avec-la-boucle.png\" sizes=\"auto, \" srcset=\"\" alt=\"write-code-with-the-loop\" width=\"400\" height=\"238\"><\/li><li> Voer nu de with-instructie in die de <a href=\"https:\/\/exceladvisor.org\/nl\/karakter-lettertype\/\">lettertype-<\/a> instelling kan toepassen die we hierboven hebben besproken. Om <a href=\"https:\/\/exceladvisor.org\/nl\/selecteer-alles\/\">naar alle cellen in het werkblad te verwijzen<\/a> , kunt u \u201cCellen\u201d gebruiken terwijl u het onderwerp opgeeft. <br><img loading=\"lazy\" decoding=\"async\" title=\"9-gebruik-cellen-terwijl-het-object specificeert\" src=\"https:\/\/exceladvisor.org\/wp-content\/uploads\/2023\/08\/9-utiliser-des-cellules-tout-en-specifiant-lobjet.png\" sizes=\"auto, \" srcset=\"\" alt=\"use-cells-while-specifing-the-object\" width=\"383\" height=\"304\"><\/li><\/ol><p> Hier is de volledige code die u zojuist hebt geschreven.<\/p><pre class=\"wp-block-code\"> <code class=\"language-visual-basic\" lang=\"visual-basic\">Sub MyMacro() Dim ws As Worksheet For Each ws In ActiveWorkbook.Worksheets With Cells .Font.Size = 16 .Font.Name = \"Verdena\" End With Next ws End Sub<\/code><\/pre><div class=\"gb-container gb-container-4db6181c gb-container-mt\"> <a class=\"gb-button gb-button-c5897111 gb-button-text gb-button-mt-button\" href=\"https:\/\/exceladvisor.org\/nl\/vba\/\">Wat is VBA<\/a><h2 class=\"gb-headline gb-headline-665e5f6b gb-headline-text gb-headline-mt-heading\"> Gerelateerde tutorials <\/h2><div class=\"gb-grid-wrapper gb-grid-wrapper-a20baf7c gb-grid-wrapper-mt-grid\"><div class=\"gb-grid-column gb-grid-column-65ddf67e\"><div class=\"gb-container gb-container-65ddf67e\"><ul><li> <a href=\"https:\/\/exceladvisor.org\/nl\/interview-vragen\/\">VBA-interviewvragen<\/a><\/li><li> <a href=\"https:\/\/exceladvisor.org\/nl\/opmerking\/\">Voeg een opmerking toe in VBA-code<\/a><\/li><li> <a href=\"https:\/\/exceladvisor.org\/nl\/regeleinde\/\">Voeg een regeleinde toe in VBA-code<\/a><\/li><li> <a href=\"https:\/\/exceladvisor.org\/nl\/nieuwe-lijn\/\">Voeg een nieuwe regel (carriage return) toe aan een string in VBA<\/a><\/li><li> <a href=\"https:\/\/exceladvisor.org\/nl\/voer-een-macro-uit-2\/\">Voer een macro uit in Excel (Voer VBA-code uit)<\/a><\/li><\/ul><\/div><\/div><\/div><\/div>","protected":false},"excerpt":{"rendered":"","protected":false},"author":1,"featured_media":0,"parent":0,"menu_order":0,"comment_status":"open","ping_status":"closed","template":"","meta":{"ub_ctt_via":"","footnotes":""},"class_list":["post-2157","page","type-page","status-publish","hentry"],"featured_image_src":null,"yoast_head":"<!-- This site is optimized with the Yoast SEO plugin v25.4 - https:\/\/yoast.com\/wordpress\/plugins\/seo\/ -->\n<title>\u25b7 Hoe geneste VBA WITH-instructie gebruiken?<\/title>\n<meta name=\"description\" content=\"U kunt de instructie &quot;With&quot; gebruiken om een object \u00e9\u00e9n keer op te geven en er vervolgens meerdere instructies voor uit te voeren. Het kan\" \/>\n<meta name=\"robots\" content=\"index, follow, max-snippet:-1, max-image-preview:large, max-video-preview:-1\" \/>\n<link rel=\"canonical\" href=\"https:\/\/exceladvisor.org\/nl\/met\/\" \/>\n<meta property=\"og:locale\" content=\"nl_NL\" \/>\n<meta property=\"og:type\" content=\"article\" \/>\n<meta property=\"og:title\" content=\"\u25b7 Hoe geneste VBA WITH-instructie gebruiken?\" \/>\n<meta property=\"og:description\" content=\"U kunt de instructie &quot;With&quot; gebruiken om een object \u00e9\u00e9n keer op te geven en er vervolgens meerdere instructies voor uit te voeren. Het kan\" \/>\n<meta property=\"og:url\" content=\"https:\/\/exceladvisor.org\/nl\/met\/\" \/>\n<meta property=\"og:site_name\" content=\"Excel Advisor\" \/>\n<meta property=\"article:modified_time\" content=\"2023-12-06T05:48:55+00:00\" \/>\n<meta property=\"og:image\" content=\"https:\/\/exceladvisor.org\/wp-content\/uploads\/2023\/08\/1-syntaxe-de-vba-avec-instruction.png\" \/>\n<meta name=\"twitter:card\" content=\"summary_large_image\" \/>\n<meta name=\"twitter:label1\" content=\"Geschatte leestijd\" \/>\n\t<meta name=\"twitter:data1\" content=\"4 minuten\" \/>\n<script type=\"application\/ld+json\" class=\"yoast-schema-graph\">{\"@context\":\"https:\/\/schema.org\",\"@graph\":[{\"@type\":\"WebPage\",\"@id\":\"https:\/\/exceladvisor.org\/nl\/met\/\",\"url\":\"https:\/\/exceladvisor.org\/nl\/met\/\",\"name\":\"\u25b7 Hoe geneste VBA WITH-instructie gebruiken?\",\"isPartOf\":{\"@id\":\"https:\/\/exceladvisor.org\/nl\/#website\"},\"primaryImageOfPage\":{\"@id\":\"https:\/\/exceladvisor.org\/nl\/met\/#primaryimage\"},\"image\":{\"@id\":\"https:\/\/exceladvisor.org\/nl\/met\/#primaryimage\"},\"thumbnailUrl\":\"https:\/\/exceladvisor.org\/wp-content\/uploads\/2023\/08\/1-syntaxe-de-vba-avec-instruction.png\",\"datePublished\":\"2023-09-28T17:33:35+00:00\",\"dateModified\":\"2023-12-06T05:48:55+00:00\",\"description\":\"U kunt de instructie &quot;With&quot; gebruiken om een object \u00e9\u00e9n keer op te geven en er vervolgens meerdere instructies voor uit te voeren. Het kan\",\"breadcrumb\":{\"@id\":\"https:\/\/exceladvisor.org\/nl\/met\/#breadcrumb\"},\"inLanguage\":\"nl-NL\",\"potentialAction\":[{\"@type\":\"ReadAction\",\"target\":[\"https:\/\/exceladvisor.org\/nl\/met\/\"]}]},{\"@type\":\"ImageObject\",\"inLanguage\":\"nl-NL\",\"@id\":\"https:\/\/exceladvisor.org\/nl\/met\/#primaryimage\",\"url\":\"https:\/\/exceladvisor.org\/wp-content\/uploads\/2023\/08\/1-syntaxe-de-vba-avec-instruction.png\",\"contentUrl\":\"https:\/\/exceladvisor.org\/wp-content\/uploads\/2023\/08\/1-syntaxe-de-vba-avec-instruction.png\"},{\"@type\":\"BreadcrumbList\",\"@id\":\"https:\/\/exceladvisor.org\/nl\/met\/#breadcrumb\",\"itemListElement\":[{\"@type\":\"ListItem\",\"position\":1,\"name\":\"Thuis\",\"item\":\"https:\/\/exceladvisor.org\/nl\/\"},{\"@type\":\"ListItem\",\"position\":2,\"name\":\"Hoe geneste vba with-instructie te gebruiken?\"}]},{\"@type\":\"WebSite\",\"@id\":\"https:\/\/exceladvisor.org\/nl\/#website\",\"url\":\"https:\/\/exceladvisor.org\/nl\/\",\"name\":\"Excel Advisor\",\"description\":\"Uw gids voor datadominantie\",\"publisher\":{\"@id\":\"https:\/\/exceladvisor.org\/nl\/#organization\"},\"potentialAction\":[{\"@type\":\"SearchAction\",\"target\":{\"@type\":\"EntryPoint\",\"urlTemplate\":\"https:\/\/exceladvisor.org\/nl\/?s={search_term_string}\"},\"query-input\":{\"@type\":\"PropertyValueSpecification\",\"valueRequired\":true,\"valueName\":\"search_term_string\"}}],\"inLanguage\":\"nl-NL\"},{\"@type\":\"Organization\",\"@id\":\"https:\/\/exceladvisor.org\/nl\/#organization\",\"name\":\"Excel Advisor\",\"url\":\"https:\/\/exceladvisor.org\/nl\/\",\"logo\":{\"@type\":\"ImageObject\",\"inLanguage\":\"nl-NL\",\"@id\":\"https:\/\/exceladvisor.org\/nl\/#\/schema\/logo\/image\/\",\"url\":\"https:\/\/exceladvisor.org\/nl\/wp-content\/uploads\/2023\/12\/exceladvisor.org_.png\",\"contentUrl\":\"https:\/\/exceladvisor.org\/nl\/wp-content\/uploads\/2023\/12\/exceladvisor.org_.png\",\"width\":105,\"height\":36,\"caption\":\"Excel Advisor\"},\"image\":{\"@id\":\"https:\/\/exceladvisor.org\/nl\/#\/schema\/logo\/image\/\"}}]}<\/script>\n<!-- \/ Yoast SEO plugin. -->","yoast_head_json":{"title":"\u25b7 Hoe geneste VBA WITH-instructie gebruiken?","description":"U kunt de instructie &quot;With&quot; gebruiken om een object \u00e9\u00e9n keer op te geven en er vervolgens meerdere instructies voor uit te voeren. Het kan","robots":{"index":"index","follow":"follow","max-snippet":"max-snippet:-1","max-image-preview":"max-image-preview:large","max-video-preview":"max-video-preview:-1"},"canonical":"https:\/\/exceladvisor.org\/nl\/met\/","og_locale":"nl_NL","og_type":"article","og_title":"\u25b7 Hoe geneste VBA WITH-instructie gebruiken?","og_description":"U kunt de instructie &quot;With&quot; gebruiken om een object \u00e9\u00e9n keer op te geven en er vervolgens meerdere instructies voor uit te voeren. Het kan","og_url":"https:\/\/exceladvisor.org\/nl\/met\/","og_site_name":"Excel Advisor","article_modified_time":"2023-12-06T05:48:55+00:00","og_image":[{"url":"https:\/\/exceladvisor.org\/wp-content\/uploads\/2023\/08\/1-syntaxe-de-vba-avec-instruction.png","type":"","width":"","height":""}],"twitter_card":"summary_large_image","twitter_misc":{"Geschatte leestijd":"4 minuten"},"schema":{"@context":"https:\/\/schema.org","@graph":[{"@type":"WebPage","@id":"https:\/\/exceladvisor.org\/nl\/met\/","url":"https:\/\/exceladvisor.org\/nl\/met\/","name":"\u25b7 Hoe geneste VBA WITH-instructie gebruiken?","isPartOf":{"@id":"https:\/\/exceladvisor.org\/nl\/#website"},"primaryImageOfPage":{"@id":"https:\/\/exceladvisor.org\/nl\/met\/#primaryimage"},"image":{"@id":"https:\/\/exceladvisor.org\/nl\/met\/#primaryimage"},"thumbnailUrl":"https:\/\/exceladvisor.org\/wp-content\/uploads\/2023\/08\/1-syntaxe-de-vba-avec-instruction.png","datePublished":"2023-09-28T17:33:35+00:00","dateModified":"2023-12-06T05:48:55+00:00","description":"U kunt de instructie &quot;With&quot; gebruiken om een object \u00e9\u00e9n keer op te geven en er vervolgens meerdere instructies voor uit te voeren. Het kan","breadcrumb":{"@id":"https:\/\/exceladvisor.org\/nl\/met\/#breadcrumb"},"inLanguage":"nl-NL","potentialAction":[{"@type":"ReadAction","target":["https:\/\/exceladvisor.org\/nl\/met\/"]}]},{"@type":"ImageObject","inLanguage":"nl-NL","@id":"https:\/\/exceladvisor.org\/nl\/met\/#primaryimage","url":"https:\/\/exceladvisor.org\/wp-content\/uploads\/2023\/08\/1-syntaxe-de-vba-avec-instruction.png","contentUrl":"https:\/\/exceladvisor.org\/wp-content\/uploads\/2023\/08\/1-syntaxe-de-vba-avec-instruction.png"},{"@type":"BreadcrumbList","@id":"https:\/\/exceladvisor.org\/nl\/met\/#breadcrumb","itemListElement":[{"@type":"ListItem","position":1,"name":"Thuis","item":"https:\/\/exceladvisor.org\/nl\/"},{"@type":"ListItem","position":2,"name":"Hoe geneste vba with-instructie te gebruiken?"}]},{"@type":"WebSite","@id":"https:\/\/exceladvisor.org\/nl\/#website","url":"https:\/\/exceladvisor.org\/nl\/","name":"Excel Advisor","description":"Uw gids voor datadominantie","publisher":{"@id":"https:\/\/exceladvisor.org\/nl\/#organization"},"potentialAction":[{"@type":"SearchAction","target":{"@type":"EntryPoint","urlTemplate":"https:\/\/exceladvisor.org\/nl\/?s={search_term_string}"},"query-input":{"@type":"PropertyValueSpecification","valueRequired":true,"valueName":"search_term_string"}}],"inLanguage":"nl-NL"},{"@type":"Organization","@id":"https:\/\/exceladvisor.org\/nl\/#organization","name":"Excel Advisor","url":"https:\/\/exceladvisor.org\/nl\/","logo":{"@type":"ImageObject","inLanguage":"nl-NL","@id":"https:\/\/exceladvisor.org\/nl\/#\/schema\/logo\/image\/","url":"https:\/\/exceladvisor.org\/nl\/wp-content\/uploads\/2023\/12\/exceladvisor.org_.png","contentUrl":"https:\/\/exceladvisor.org\/nl\/wp-content\/uploads\/2023\/12\/exceladvisor.org_.png","width":105,"height":36,"caption":"Excel Advisor"},"image":{"@id":"https:\/\/exceladvisor.org\/nl\/#\/schema\/logo\/image\/"}}]}},"yoast_meta":{"yoast_wpseo_title":"","yoast_wpseo_metadesc":"","yoast_wpseo_canonical":""},"_links":{"self":[{"href":"https:\/\/exceladvisor.org\/nl\/wp-json\/wp\/v2\/pages\/2157","targetHints":{"allow":["GET"]}}],"collection":[{"href":"https:\/\/exceladvisor.org\/nl\/wp-json\/wp\/v2\/pages"}],"about":[{"href":"https:\/\/exceladvisor.org\/nl\/wp-json\/wp\/v2\/types\/page"}],"author":[{"embeddable":true,"href":"https:\/\/exceladvisor.org\/nl\/wp-json\/wp\/v2\/users\/1"}],"replies":[{"embeddable":true,"href":"https:\/\/exceladvisor.org\/nl\/wp-json\/wp\/v2\/comments?post=2157"}],"version-history":[{"count":1,"href":"https:\/\/exceladvisor.org\/nl\/wp-json\/wp\/v2\/pages\/2157\/revisions"}],"predecessor-version":[{"id":2573,"href":"https:\/\/exceladvisor.org\/nl\/wp-json\/wp\/v2\/pages\/2157\/revisions\/2573"}],"wp:attachment":[{"href":"https:\/\/exceladvisor.org\/nl\/wp-json\/wp\/v2\/media?parent=2157"}],"curies":[{"name":"wp","href":"https:\/\/api.w.org\/{rel}","templated":true}]}}