{"id":2204,"date":"2023-09-25T02:20:43","date_gmt":"2023-09-25T02:20:43","guid":{"rendered":"https:\/\/exceladvisor.org\/nl\/ongedaan-maken-opnieuw\/"},"modified":"2023-12-06T05:50:35","modified_gmt":"2023-12-06T05:50:35","slug":"ongedaan-maken-opnieuw","status":"publish","type":"page","link":"https:\/\/exceladvisor.org\/nl\/ongedaan-maken-opnieuw\/","title":{"rendered":"Hoe ongedaan maken en opnieuw uitvoeren met de excel-snelkoppeling?"},"content":{"rendered":"<div class=\"excel-voor-de-inhoud\" id=\"excel-4002411257\"><script type=\"text\/javascript\">\r\n\tatOptions = {\r\n\t\t'key' : 'c1158f160081d6540a8409e6925dab94',\r\n\t\t'format' : 'iframe',\r\n\t\t'height' : 250,\r\n\t\t'width' : 300,\r\n\t\t'params' : {}\r\n\t};\r\n<\/script>\r\n<script type=\"text\/javascript\" src=\"\/\/www.highperformanceformat.com\/c1158f160081d6540a8409e6925dab94\/invoke.js\"><\/script><\/div> <p>Ongedaan maken wordt gebruikt om de laatste acties die de gebruiker in Excel heeft uitgevoerd ongedaan te maken. Excel slaat standaard de laatste 100 acties op, dus met behulp van de optie Ongedaan maken kan de gebruiker zijn acties tot 100 keer ongedaan maken en de zaken herstellen zoals ze waren. Een annuleringsactie kan ook worden uitgevoerd, zelfs als het bestand is opgeslagen.<\/p><p> Opnieuw doet het tegenovergestelde van Ongedaan maken. Stel dat de gebruiker een aantal laatste acties ongedaan heeft gemaakt, maar nu wil de gebruiker enkele van de ongedaan gemaakte acties herstellen, zodat hij de ongedaan gemaakte acties kan herhalen met behulp van de optie Opnieuw die de ongedaan gemaakte acties herstelt.<\/p><h2 class=\"wp-block-heading\"> Sneltoets om ongedaan te maken \u2013 opnieuw uit te voeren in Excel<\/h2><p> Ongedaan maken: <kbd>Ctrl<\/kbd> + <kbd>Z<\/kbd> <\/p><div class=\"wp-block-image\"><figure class=\"aligncenter size-full is-resized\"><img loading=\"lazy\" decoding=\"async\" class=\"wp-image-67565\" src=\"https:\/\/exceladvisor.org\/wp-content\/uploads\/2023\/08\/1-touches-de-raccourci-dannulation.png\" sizes=\"auto, \" srcset=\"\" alt=\"Annuleer-sneltoetsen\" width=\"897\" height=\"351\"><\/figure><\/div><p> Opnieuw: <kbd>Ctrl<\/kbd> + <kbd>Y<\/kbd> <\/p><div class=\"wp-block-image\"><figure class=\"aligncenter size-full is-resized\"><img loading=\"lazy\" decoding=\"async\" class=\"wp-image-67566\" src=\"https:\/\/exceladvisor.org\/wp-content\/uploads\/2023\/08\/2-touches-de-raccourci-de-retablissement.png\" sizes=\"auto, \" srcset=\"\" alt=\"opnieuw-sneltoetsen\" width=\"899\" height=\"352\"><\/figure><\/div><h2 class=\"wp-block-heading\"> Stappen om Ongedaan maken te gebruiken \u2013 Opnieuw uitvoeren met behulp van de sneltoets<\/h2><ol><li> Druk eenvoudig \u00e9\u00e9n keer op de sneltoets Ctrl+Z als u \u00e9\u00e9n laatste stap ongedaan wilt maken, of druk herhaaldelijk op tot het aantal stappen dat u wilt terugdraaien.<\/li><li> Om de ongedaan gemaakte stappen te herstellen, drukt u eenvoudig meerdere keren op de sneltoets Ctrl + Y totdat u het punt bereikt waarop u de ongedaan gemaakte acties wilt herstellen. <\/li><\/ol><div class=\"wp-block-group more-tutorials is-layout-flow\"><div class=\"wp-block-group__inner-container\"><h2 class=\"wp-block-heading\"> Meer tutorials <\/h2><div class=\"wp-block-columns is-layout-flex wp-container-31\"><div class=\"wp-block-column is-layout-flow\"><ul><li> <a href=\"https:\/\/exceladvisor.org\/nl\/dichtbij\/\">Dichtbij<\/a><\/li><li> <a href=\"https:\/\/exceladvisor.org\/nl\/volledig-scherm\/\">Volledig scherm<\/a><\/li><li> <a href=\"https:\/\/exceladvisor.org\/nl\/band\/\">Band<\/a><\/li><li> <a href=\"https:\/\/exceladvisor.org\/nl\/afdrukvoorbeeld-1\/\">Voorbeeld voordat u afdrukt<\/a><\/li><li> <a href=\"https:\/\/exceladvisor.org\/nl\/opslaan-als\/\">Opslaan als<\/a><\/li><\/ul><\/div><div class=\"wp-block-column is-layout-flow\"><\/div><\/div><p> \u21e0 Terug naar <a href=\"https:\/\/exceladvisor.org\/nl\/toetsenbord-sneltoetsen\/\">Excel-snelkoppelingen (PDF-spiekbriefje)<\/a><\/p><\/div><\/div>","protected":false},"excerpt":{"rendered":"","protected":false},"author":1,"featured_media":0,"parent":0,"menu_order":0,"comment_status":"open","ping_status":"closed","template":"","meta":{"ub_ctt_via":"","footnotes":""},"class_list":["post-2204","page","type-page","status-publish","hentry"],"featured_image_src":null,"yoast_head":"<!-- This site is optimized with the Yoast SEO plugin v25.4 - https:\/\/yoast.com\/wordpress\/plugins\/seo\/ -->\n<title>\u25b7 Hoe ongedaan maken en opnieuw uitvoeren met de Excel-snelkoppeling?<\/title>\n<meta name=\"description\" content=\"In deze zelfstudie leren we hoe u een sneltoets kunt gebruiken om ongedaan te maken en opnieuw uit te voeren in een werkblad in Excel.\" \/>\n<meta name=\"robots\" content=\"index, follow, max-snippet:-1, max-image-preview:large, max-video-preview:-1\" \/>\n<link rel=\"canonical\" href=\"https:\/\/exceladvisor.org\/nl\/ongedaan-maken-opnieuw\/\" \/>\n<meta property=\"og:locale\" content=\"nl_NL\" \/>\n<meta property=\"og:type\" content=\"article\" \/>\n<meta property=\"og:title\" content=\"\u25b7 Hoe ongedaan maken en opnieuw uitvoeren met de Excel-snelkoppeling?\" \/>\n<meta property=\"og:description\" content=\"In deze zelfstudie leren we hoe u een sneltoets kunt gebruiken om ongedaan te maken en opnieuw uit te voeren in een werkblad in Excel.\" \/>\n<meta property=\"og:url\" content=\"https:\/\/exceladvisor.org\/nl\/ongedaan-maken-opnieuw\/\" \/>\n<meta property=\"og:site_name\" content=\"Excel Advisor\" \/>\n<meta property=\"article:modified_time\" content=\"2023-12-06T05:50:35+00:00\" \/>\n<meta property=\"og:image\" content=\"https:\/\/exceladvisor.org\/wp-content\/uploads\/2023\/08\/1-touches-de-raccourci-dannulation.png\" \/>\n<meta name=\"twitter:card\" content=\"summary_large_image\" \/>\n<meta name=\"twitter:label1\" content=\"Geschatte leestijd\" \/>\n\t<meta name=\"twitter:data1\" content=\"1 minuut\" \/>\n<script type=\"application\/ld+json\" class=\"yoast-schema-graph\">{\"@context\":\"https:\/\/schema.org\",\"@graph\":[{\"@type\":\"WebPage\",\"@id\":\"https:\/\/exceladvisor.org\/nl\/ongedaan-maken-opnieuw\/\",\"url\":\"https:\/\/exceladvisor.org\/nl\/ongedaan-maken-opnieuw\/\",\"name\":\"\u25b7 Hoe ongedaan maken en opnieuw uitvoeren met de Excel-snelkoppeling?\",\"isPartOf\":{\"@id\":\"https:\/\/exceladvisor.org\/nl\/#website\"},\"primaryImageOfPage\":{\"@id\":\"https:\/\/exceladvisor.org\/nl\/ongedaan-maken-opnieuw\/#primaryimage\"},\"image\":{\"@id\":\"https:\/\/exceladvisor.org\/nl\/ongedaan-maken-opnieuw\/#primaryimage\"},\"thumbnailUrl\":\"https:\/\/exceladvisor.org\/wp-content\/uploads\/2023\/08\/1-touches-de-raccourci-dannulation.png\",\"datePublished\":\"2023-09-25T02:20:43+00:00\",\"dateModified\":\"2023-12-06T05:50:35+00:00\",\"description\":\"In deze zelfstudie leren we hoe u een sneltoets kunt gebruiken om ongedaan te maken en opnieuw uit te voeren in een werkblad in Excel.\",\"breadcrumb\":{\"@id\":\"https:\/\/exceladvisor.org\/nl\/ongedaan-maken-opnieuw\/#breadcrumb\"},\"inLanguage\":\"nl-NL\",\"potentialAction\":[{\"@type\":\"ReadAction\",\"target\":[\"https:\/\/exceladvisor.org\/nl\/ongedaan-maken-opnieuw\/\"]}]},{\"@type\":\"ImageObject\",\"inLanguage\":\"nl-NL\",\"@id\":\"https:\/\/exceladvisor.org\/nl\/ongedaan-maken-opnieuw\/#primaryimage\",\"url\":\"https:\/\/exceladvisor.org\/wp-content\/uploads\/2023\/08\/1-touches-de-raccourci-dannulation.png\",\"contentUrl\":\"https:\/\/exceladvisor.org\/wp-content\/uploads\/2023\/08\/1-touches-de-raccourci-dannulation.png\"},{\"@type\":\"BreadcrumbList\",\"@id\":\"https:\/\/exceladvisor.org\/nl\/ongedaan-maken-opnieuw\/#breadcrumb\",\"itemListElement\":[{\"@type\":\"ListItem\",\"position\":1,\"name\":\"Thuis\",\"item\":\"https:\/\/exceladvisor.org\/nl\/\"},{\"@type\":\"ListItem\",\"position\":2,\"name\":\"Hoe ongedaan maken en opnieuw uitvoeren met de excel-snelkoppeling?\"}]},{\"@type\":\"WebSite\",\"@id\":\"https:\/\/exceladvisor.org\/nl\/#website\",\"url\":\"https:\/\/exceladvisor.org\/nl\/\",\"name\":\"Excel Advisor\",\"description\":\"Uw gids voor datadominantie\",\"publisher\":{\"@id\":\"https:\/\/exceladvisor.org\/nl\/#organization\"},\"potentialAction\":[{\"@type\":\"SearchAction\",\"target\":{\"@type\":\"EntryPoint\",\"urlTemplate\":\"https:\/\/exceladvisor.org\/nl\/?s={search_term_string}\"},\"query-input\":{\"@type\":\"PropertyValueSpecification\",\"valueRequired\":true,\"valueName\":\"search_term_string\"}}],\"inLanguage\":\"nl-NL\"},{\"@type\":\"Organization\",\"@id\":\"https:\/\/exceladvisor.org\/nl\/#organization\",\"name\":\"Excel Advisor\",\"url\":\"https:\/\/exceladvisor.org\/nl\/\",\"logo\":{\"@type\":\"ImageObject\",\"inLanguage\":\"nl-NL\",\"@id\":\"https:\/\/exceladvisor.org\/nl\/#\/schema\/logo\/image\/\",\"url\":\"https:\/\/exceladvisor.org\/nl\/wp-content\/uploads\/2023\/12\/exceladvisor.org_.png\",\"contentUrl\":\"https:\/\/exceladvisor.org\/nl\/wp-content\/uploads\/2023\/12\/exceladvisor.org_.png\",\"width\":105,\"height\":36,\"caption\":\"Excel Advisor\"},\"image\":{\"@id\":\"https:\/\/exceladvisor.org\/nl\/#\/schema\/logo\/image\/\"}}]}<\/script>\n<!-- \/ Yoast SEO plugin. -->","yoast_head_json":{"title":"\u25b7 Hoe ongedaan maken en opnieuw uitvoeren met de Excel-snelkoppeling?","description":"In deze zelfstudie leren we hoe u een sneltoets kunt gebruiken om ongedaan te maken en opnieuw uit te voeren in een werkblad in Excel.","robots":{"index":"index","follow":"follow","max-snippet":"max-snippet:-1","max-image-preview":"max-image-preview:large","max-video-preview":"max-video-preview:-1"},"canonical":"https:\/\/exceladvisor.org\/nl\/ongedaan-maken-opnieuw\/","og_locale":"nl_NL","og_type":"article","og_title":"\u25b7 Hoe ongedaan maken en opnieuw uitvoeren met de Excel-snelkoppeling?","og_description":"In deze zelfstudie leren we hoe u een sneltoets kunt gebruiken om ongedaan te maken en opnieuw uit te voeren in een werkblad in Excel.","og_url":"https:\/\/exceladvisor.org\/nl\/ongedaan-maken-opnieuw\/","og_site_name":"Excel Advisor","article_modified_time":"2023-12-06T05:50:35+00:00","og_image":[{"url":"https:\/\/exceladvisor.org\/wp-content\/uploads\/2023\/08\/1-touches-de-raccourci-dannulation.png","type":"","width":"","height":""}],"twitter_card":"summary_large_image","twitter_misc":{"Geschatte leestijd":"1 minuut"},"schema":{"@context":"https:\/\/schema.org","@graph":[{"@type":"WebPage","@id":"https:\/\/exceladvisor.org\/nl\/ongedaan-maken-opnieuw\/","url":"https:\/\/exceladvisor.org\/nl\/ongedaan-maken-opnieuw\/","name":"\u25b7 Hoe ongedaan maken en opnieuw uitvoeren met de Excel-snelkoppeling?","isPartOf":{"@id":"https:\/\/exceladvisor.org\/nl\/#website"},"primaryImageOfPage":{"@id":"https:\/\/exceladvisor.org\/nl\/ongedaan-maken-opnieuw\/#primaryimage"},"image":{"@id":"https:\/\/exceladvisor.org\/nl\/ongedaan-maken-opnieuw\/#primaryimage"},"thumbnailUrl":"https:\/\/exceladvisor.org\/wp-content\/uploads\/2023\/08\/1-touches-de-raccourci-dannulation.png","datePublished":"2023-09-25T02:20:43+00:00","dateModified":"2023-12-06T05:50:35+00:00","description":"In deze zelfstudie leren we hoe u een sneltoets kunt gebruiken om ongedaan te maken en opnieuw uit te voeren in een werkblad in Excel.","breadcrumb":{"@id":"https:\/\/exceladvisor.org\/nl\/ongedaan-maken-opnieuw\/#breadcrumb"},"inLanguage":"nl-NL","potentialAction":[{"@type":"ReadAction","target":["https:\/\/exceladvisor.org\/nl\/ongedaan-maken-opnieuw\/"]}]},{"@type":"ImageObject","inLanguage":"nl-NL","@id":"https:\/\/exceladvisor.org\/nl\/ongedaan-maken-opnieuw\/#primaryimage","url":"https:\/\/exceladvisor.org\/wp-content\/uploads\/2023\/08\/1-touches-de-raccourci-dannulation.png","contentUrl":"https:\/\/exceladvisor.org\/wp-content\/uploads\/2023\/08\/1-touches-de-raccourci-dannulation.png"},{"@type":"BreadcrumbList","@id":"https:\/\/exceladvisor.org\/nl\/ongedaan-maken-opnieuw\/#breadcrumb","itemListElement":[{"@type":"ListItem","position":1,"name":"Thuis","item":"https:\/\/exceladvisor.org\/nl\/"},{"@type":"ListItem","position":2,"name":"Hoe ongedaan maken en opnieuw uitvoeren met de excel-snelkoppeling?"}]},{"@type":"WebSite","@id":"https:\/\/exceladvisor.org\/nl\/#website","url":"https:\/\/exceladvisor.org\/nl\/","name":"Excel Advisor","description":"Uw gids voor datadominantie","publisher":{"@id":"https:\/\/exceladvisor.org\/nl\/#organization"},"potentialAction":[{"@type":"SearchAction","target":{"@type":"EntryPoint","urlTemplate":"https:\/\/exceladvisor.org\/nl\/?s={search_term_string}"},"query-input":{"@type":"PropertyValueSpecification","valueRequired":true,"valueName":"search_term_string"}}],"inLanguage":"nl-NL"},{"@type":"Organization","@id":"https:\/\/exceladvisor.org\/nl\/#organization","name":"Excel Advisor","url":"https:\/\/exceladvisor.org\/nl\/","logo":{"@type":"ImageObject","inLanguage":"nl-NL","@id":"https:\/\/exceladvisor.org\/nl\/#\/schema\/logo\/image\/","url":"https:\/\/exceladvisor.org\/nl\/wp-content\/uploads\/2023\/12\/exceladvisor.org_.png","contentUrl":"https:\/\/exceladvisor.org\/nl\/wp-content\/uploads\/2023\/12\/exceladvisor.org_.png","width":105,"height":36,"caption":"Excel Advisor"},"image":{"@id":"https:\/\/exceladvisor.org\/nl\/#\/schema\/logo\/image\/"}}]}},"yoast_meta":{"yoast_wpseo_title":"","yoast_wpseo_metadesc":"","yoast_wpseo_canonical":""},"_links":{"self":[{"href":"https:\/\/exceladvisor.org\/nl\/wp-json\/wp\/v2\/pages\/2204","targetHints":{"allow":["GET"]}}],"collection":[{"href":"https:\/\/exceladvisor.org\/nl\/wp-json\/wp\/v2\/pages"}],"about":[{"href":"https:\/\/exceladvisor.org\/nl\/wp-json\/wp\/v2\/types\/page"}],"author":[{"embeddable":true,"href":"https:\/\/exceladvisor.org\/nl\/wp-json\/wp\/v2\/users\/1"}],"replies":[{"embeddable":true,"href":"https:\/\/exceladvisor.org\/nl\/wp-json\/wp\/v2\/comments?post=2204"}],"version-history":[{"count":1,"href":"https:\/\/exceladvisor.org\/nl\/wp-json\/wp\/v2\/pages\/2204\/revisions"}],"predecessor-version":[{"id":2754,"href":"https:\/\/exceladvisor.org\/nl\/wp-json\/wp\/v2\/pages\/2204\/revisions\/2754"}],"wp:attachment":[{"href":"https:\/\/exceladvisor.org\/nl\/wp-json\/wp\/v2\/media?parent=2204"}],"curies":[{"name":"wp","href":"https:\/\/api.w.org\/{rel}","templated":true}]}}