{"id":2212,"date":"2023-09-01T07:18:23","date_gmt":"2023-09-01T07:18:23","guid":{"rendered":"https:\/\/exceladvisor.org\/nl\/grenzen\/"},"modified":"2023-12-06T05:50:48","modified_gmt":"2023-12-06T05:50:48","slug":"grenzen","status":"publish","type":"page","link":"https:\/\/exceladvisor.org\/nl\/grenzen\/","title":{"rendered":"Hoe randen aan een cel toepassen?"},"content":{"rendered":"<div class=\"excel-voor-de-inhoud\" id=\"excel-1840736689\"><script type=\"text\/javascript\">\r\n\tatOptions = {\r\n\t\t'key' : 'c1158f160081d6540a8409e6925dab94',\r\n\t\t'format' : 'iframe',\r\n\t\t'height' : 250,\r\n\t\t'width' : 300,\r\n\t\t'params' : {}\r\n\t};\r\n<\/script>\r\n<script type=\"text\/javascript\" src=\"\/\/www.highperformanceformat.com\/c1158f160081d6540a8409e6925dab94\/invoke.js\"><\/script><\/div> <p>Als u randen op een cel wilt toepassen met VBA in Excel, kunt u twee verschillende methoden gebruiken. De eerste is de eigenschap \u201cBorders\u201d en de tweede is de \u201cBorderAround\u201d -methode. Het enige verschil tussen deze twee methoden zit in de eigenschap &#8220;Borders&#8221;, u kunt de rand zelfs op \u00e9\u00e9n zijde van de cel toepassen en de rand eromheen is volledig op de cel van toepassing.<\/p><p> In deze tutorial zullen we beide manieren verkennen en bekijken wat de verschillende manieren zijn om de rand toe te voegen.<\/p><h2 class=\"wp-block-heading\"> VBA-grenseigenschap<\/h2><ol><li> Eerst moet u het bereik of de cel opgeven waarop u de rand wilt toepassen met behulp van het bereikobject. <br><img loading=\"lazy\" decoding=\"async\" title=\"1-specificeer-bereik-of-cel\" src=\"https:\/\/exceladvisor.org\/wp-content\/uploads\/2023\/08\/1-specifier-la-plage-ou-la-cellule.png\" sizes=\"auto, \" srcset=\"\" alt=\"specify the range or cell\" width=\"371\" height=\"247\"><\/li><li> Typ daarna een punt (.) en selecteer vervolgens de eigenschap \u201cBorders\u201d uit de lijst met eigenschappen en methoden. <br><img loading=\"lazy\" decoding=\"async\" title=\"2-type-een-punt-en-selecteer-rand\" src=\"https:\/\/exceladvisor.org\/wp-content\/uploads\/2023\/08\/2-tapez-un-point-puis-selectionnez-la-bordure.png\" sizes=\"auto, \" srcset=\"\" alt=\"type a dot and then select the border\" width=\"384\" height=\"315\"><\/li><li> Specificeer vervolgens de grensindex uit de beschikbare inhoud. Hier gebruik ik &#8220;xlEdgeBottom&#8221; om de rand alleen op de onderkant van de cel toe te passen. <br><img loading=\"lazy\" decoding=\"async\" title=\"3-specificeer-index-rand\" src=\"https:\/\/exceladvisor.org\/wp-content\/uploads\/2023\/08\/3-specifier-lindex-de-bordure.png\" sizes=\"auto, \" srcset=\"\" alt=\"specify the border index\" width=\"408\" height=\"265\"><\/li><li> Geef vanaf daar de lijnstijl op met behulp van &#8220;LineStyle&#8221;. Ik gebruik &#8220;xlContinuonus&#8221; als lijnstijl. <br><img loading=\"lazy\" decoding=\"async\" title=\"4-specificeer-lijnstijl\" src=\"https:\/\/exceladvisor.org\/wp-content\/uploads\/2023\/08\/4-specifier-le-style-de-ligne.png\" sizes=\"auto, \" srcset=\"\" alt=\"specify th line style\" width=\"532\" height=\"201\"><\/li><\/ol><pre class=\"wp-block-code\"> <code class=\"language-visual-basic\" lang=\"visual-basic\">Sub vba_borders() Range(\"A1\") _ .Borders(xlEdgeBottom) _ .LineStyle = XlLineStyle.xlContinuous End Sub<\/code><\/pre><p> Wanneer u deze code nu uitvoert, wordt er een rand toegevoegd aan de onderkant van cel A1. <\/p><div class=\"wp-block-image\"><figure class=\"aligncenter size-large is-resized\"><img loading=\"lazy\" decoding=\"async\" class=\"wp-image-54776\" src=\"https:\/\/exceladvisor.org\/wp-content\/uploads\/2023\/08\/5-il-ajoutera-une-bordure-en-bas.png\" sizes=\"auto, \" srcset=\"\" alt=\"Hierdoor wordt onderaan een rand toegevoegd\" width=\"544\" height=\"238\"><\/figure><\/div><h2 class=\"wp-block-heading\"> Verschillende kleuren gebruiken met kleurindex\/kleur<\/h2><p> Net zoals je normaal gesproken de randkleur kiest als je dit handmatig doet. In de border-eigenschap kunt u ook de kleurindex en de kleur-eigenschap gebruiken om een andere kleur dan de standaardkleur te gebruiken.<\/p><p> Beschouw de onderstaande code.<\/p><pre class=\"wp-block-code\"> <code class=\"language-visual-basic\" lang=\"visual-basic\">With Range(\"A1\").Borders(xlEdgeBottom) .LineStyle = XlLineStyle.xlContinuous .Color = RGB(255, 0, 0) End With<\/code><\/pre><p> Wanneer u deze macro uitvoert, wordt er een rode rand aan de onderkant van de cel toegevoegd. <\/p><div class=\"wp-block-image\"><figure class=\"aligncenter size-large is-resized\"><img loading=\"lazy\" decoding=\"async\" class=\"wp-image-54777\" src=\"https:\/\/exceladvisor.org\/wp-content\/uploads\/2023\/08\/6-en-utilisant-differentes-couleurs-avec-index-de-couleur.png\" sizes=\"auto, \" srcset=\"\" alt=\"gebruik van verschillende kleuren met kleurindex\" width=\"534\" height=\"225\"><\/figure><\/div><p> Of als u de eigenschap colorindex wilt gebruiken, zou de code er als volgt uitzien. <\/p><pre class=\"wp-block-code\"> <code class=\"language-visual-basic\" lang=\"visual-basic\">With Range(\"A1\").Borders(xlEdgeBottom) .LineStyle = XlLineStyle.xlContinuous .ColorIndex = 7 End With<\/code><\/pre><div class=\"wp-block-image\"><figure class=\"aligncenter size-large is-resized\"><img loading=\"lazy\" decoding=\"async\" class=\"wp-image-54835\" src=\"https:\/\/exceladvisor.org\/wp-content\/uploads\/2023\/08\/Propriete-dindex-de-7-couleurs.png\" sizes=\"auto, \" srcset=\"\" alt=\"kleurindex-eigenschap\" width=\"502\" height=\"220\"><\/figure><\/div><p class=\"content-box-green\"> <strong>Gerelateerd:<\/strong> <a href=\"https:\/\/exceladvisor.org\/nl\/met\/\">VBA met verklaring<\/a><\/p><h2 class=\"wp-block-heading\"> Voeg een rand toe binnen een cel<\/h2><p> Als u een rand binnen een cel wilt toepassen, moet u in dit geval &#8220;xlDiagonalUp&#8221; en &#8220;xlDiagonalDown&#8221; gebruiken als xlBorderIndex. <\/p><pre class=\"wp-block-code\"> <code class=\"language-visual-basic\" lang=\"visual-basic\">With Range(\"A1\").Borders(xlDiagonalUp) .LineStyle = XlLineStyle.xlDashDotDot .Color = RGB(255, 0, 0) End With With Range(\"A1\").Borders(xlDiagonalDown) .LineStyle = XlLineStyle.xlDashDotDot .Color = RGB(255, 0, 0) End With<\/code><\/pre><div class=\"wp-block-image\"><figure class=\"aligncenter size-large is-resized\"><img loading=\"lazy\" decoding=\"async\" class=\"wp-image-54778\" src=\"https:\/\/exceladvisor.org\/wp-content\/uploads\/2023\/08\/7-ajouter-une-bordure-a-linterieur-dune-cellule.png\" sizes=\"auto, \" srcset=\"\" alt=\"voeg een rand toe binnen een cel\" width=\"462\" height=\"306\"><\/figure><\/div><p> Wanneer u de bovenstaande code uitvoert, wordt er een rand op en neer in de cel toegevoegd.<\/p><h2 class=\"wp-block-heading\"> VBA BorderAround-methode<\/h2><p> In de eigenschap BorderAround van VBA hebt u vijf optionele argumenten, maar er moeten er twee worden opgegeven om de rand correct op een cel toe te passen. <\/p><div class=\"wp-block-image\"><figure class=\"aligncenter size-large is-resized\"><img loading=\"lazy\" decoding=\"async\" class=\"wp-image-54779\" src=\"https:\/\/exceladvisor.org\/wp-content\/uploads\/2023\/08\/8-methode-de-bordure-vba.png\" sizes=\"auto, \" srcset=\"\" alt=\"vba borderaround-methode\" width=\"589\" height=\"134\"><\/figure><\/div><p> Met de volgende code wordt de rand rond het bereik A1:A3 toegepast wanneer u de macro uitvoert. <\/p><pre class=\"wp-block-code\"> <code class=\"language-visual-basic\" lang=\"visual-basic\">Range(\"A1:A3\").BorderAround _ LineStyle:=xlContinuous, _ Weight:=xlThin<\/code><\/pre><div class=\"wp-block-image\"><figure class=\"aligncenter size-large is-resized\"><img loading=\"lazy\" decoding=\"async\" class=\"wp-image-54780\" src=\"https:\/\/exceladvisor.org\/wp-content\/uploads\/2023\/08\/9-specifier-dappliquer-la-bordure-a-une-cellule-de-la-bonne-maniere.png\" sizes=\"auto, \" srcset=\"\" alt=\"Geef op of u de rand op de juiste manier op een cel wilt toepassen\" width=\"487\" height=\"254\"><\/figure><\/div><h2 class=\"wp-block-heading\"> Voeg een rand toe aan elke cel in het bereik<\/h2><p> De volgende code loopt door alle cellen in het bereik en past de rand \u00e9\u00e9n voor \u00e9\u00e9n toe op elke cel. <\/p><pre class=\"wp-block-code\"> <code class=\"language-visual-basic\" lang=\"visual-basic\">Sub vba_borders() Dim iRange As Range Dim iCells As Range Set iRange = Range(\"A1:A10\") For Each iCells In iRange iCells.BorderAround _ LineStyle:=xlContinuous, _ Weight:=xlThin Next iCells End Sub<\/code><\/pre><div class=\"wp-block-image\"><figure class=\"aligncenter size-large is-resized\"><img loading=\"lazy\" decoding=\"async\" class=\"wp-image-54781\" src=\"https:\/\/exceladvisor.org\/wp-content\/uploads\/2023\/08\/10-ajouter-une-bordure-a-chaque-cellule-de-la-plage.png\" sizes=\"auto, \" srcset=\"\" alt=\"Voeg een rand toe aan elke cel in het bereik\" width=\"414\" height=\"383\"><\/figure><\/div><h2 class=\"wp-block-heading\"> Rand toepassen op alle cellen met tekst<\/h2><p> De volgende code gebruikt FOR LOOP, USED RANGE, IFEMPTY en IF STATEMENT om alleen randen toe te passen op de cellen waarin u een waarde hebt.<\/p><pre class=\"wp-block-code\"> <code class=\"language-visual-basic\" lang=\"visual-basic\">Dim iRange As Range Dim iCells As Range Set iRange = ThisWorkbook.ActiveSheet.UsedRange For Each iCells In iRange If Not IsEmpty(iCells) Then iCells.BorderAround _ LineStyle:=xlContinuous, _ Weight:=xlThin End If Next iCells<\/code><\/pre><h2 class=\"wp-block-heading\"> Randen verwijderen<\/h2><p> Gebruik gewoon de lijnstijl &#8220;xlNone&#8221;.<\/p><pre class=\"wp-block-code\"> <code class=\"language-visual-basic\" lang=\"visual-basic\">Range(\"A1\").Borders(xlDiagonalDown).LineStyle = xlNone<\/code><\/pre><p> En als u de rand wilt verwijderen van alle cellen in een werkblad waar u een waarde hebt, overweeg dan de volgende code.<\/p><pre class=\"wp-block-code\"> <code class=\"language-visual-basic\" lang=\"visual-basic\">Dim iRange As Range Dim iCells As Range Set iRange = ThisWorkbook.ActiveSheet.UsedRange For Each iCells In iRange If Not IsEmpty(iCells) Then iCells.Borders(xlDiagonalDown).LineStyle = xlNone End If Next iCells<\/code><\/pre><div class=\"gb-container gb-container-4db6181c gb-container-mt\"> <a class=\"gb-button gb-button-c5897111 gb-button-text gb-button-mt-button\" href=\"https:\/\/exceladvisor.org\/nl\/vba\/\">Wat is VBA<\/a><h2 class=\"gb-headline gb-headline-665e5f6b gb-headline-text gb-headline-mt-heading\"> Gerelateerde tutorials <\/h2><div class=\"gb-grid-wrapper gb-grid-wrapper-a20baf7c gb-grid-wrapper-mt-grid\"><div class=\"gb-grid-column gb-grid-column-65ddf67e\"><div class=\"gb-container gb-container-65ddf67e\"><ul><li> <a href=\"https:\/\/exceladvisor.org\/nl\/voeg-een-regel-in-1\/\">Voeg een rij in met VBA in Excel<\/a><\/li><li> <a href=\"https:\/\/exceladvisor.org\/nl\/samenvoegen\/\">Voeg cellen in Excel samen met VBA-code<\/a><\/li><li> Selecteer een bereik\/cel met VBA in Excel<\/li><li> <a href=\"https:\/\/exceladvisor.org\/nl\/selecteer-alles\/\">SELECTEER ALLE cellen in een werkblad met VBA<\/a><\/li><li> <a href=\"https:\/\/exceladvisor.org\/nl\/actieve-cel-1\/\">ActiveCell in VBA in Excel<\/a> <\/li><\/ul><\/div><\/div><div class=\"gb-grid-column gb-grid-column-50067b57\"><div class=\"gb-container gb-container-50067b57\"><\/div><\/div><\/div><\/div>","protected":false},"excerpt":{"rendered":"","protected":false},"author":1,"featured_media":0,"parent":0,"menu_order":0,"comment_status":"open","ping_status":"closed","template":"","meta":{"ub_ctt_via":"","footnotes":""},"class_list":["post-2212","page","type-page","status-publish","hentry"],"featured_image_src":null,"yoast_head":"<!-- This site is optimized with the Yoast SEO plugin v25.4 - https:\/\/yoast.com\/wordpress\/plugins\/seo\/ -->\n<title>\u25b7 Hoe kan ik randen aan een cel toepassen via VBA?<\/title>\n<meta name=\"description\" content=\"Er zijn twee verschillende manieren om randen op een cel toe te passen met behulp van VBA-code. Border- en BorderAround-methode. Voor gebruik\" \/>\n<meta name=\"robots\" content=\"index, follow, max-snippet:-1, max-image-preview:large, max-video-preview:-1\" \/>\n<link rel=\"canonical\" href=\"https:\/\/exceladvisor.org\/nl\/grenzen\/\" \/>\n<meta property=\"og:locale\" content=\"nl_NL\" \/>\n<meta property=\"og:type\" content=\"article\" \/>\n<meta property=\"og:title\" content=\"\u25b7 Hoe kan ik randen aan een cel toepassen via VBA?\" \/>\n<meta property=\"og:description\" content=\"Er zijn twee verschillende manieren om randen op een cel toe te passen met behulp van VBA-code. Border- en BorderAround-methode. Voor gebruik\" \/>\n<meta property=\"og:url\" content=\"https:\/\/exceladvisor.org\/nl\/grenzen\/\" \/>\n<meta property=\"og:site_name\" content=\"Excel Advisor\" \/>\n<meta property=\"article:modified_time\" content=\"2023-12-06T05:50:48+00:00\" \/>\n<meta property=\"og:image\" content=\"https:\/\/exceladvisor.org\/wp-content\/uploads\/2023\/08\/1-specifier-la-plage-ou-la-cellule.png\" \/>\n<meta name=\"twitter:card\" content=\"summary_large_image\" \/>\n<meta name=\"twitter:label1\" content=\"Geschatte leestijd\" \/>\n\t<meta name=\"twitter:data1\" content=\"3 minuten\" \/>\n<script type=\"application\/ld+json\" class=\"yoast-schema-graph\">{\"@context\":\"https:\/\/schema.org\",\"@graph\":[{\"@type\":\"WebPage\",\"@id\":\"https:\/\/exceladvisor.org\/nl\/grenzen\/\",\"url\":\"https:\/\/exceladvisor.org\/nl\/grenzen\/\",\"name\":\"\u25b7 Hoe kan ik randen aan een cel toepassen via VBA?\",\"isPartOf\":{\"@id\":\"https:\/\/exceladvisor.org\/nl\/#website\"},\"primaryImageOfPage\":{\"@id\":\"https:\/\/exceladvisor.org\/nl\/grenzen\/#primaryimage\"},\"image\":{\"@id\":\"https:\/\/exceladvisor.org\/nl\/grenzen\/#primaryimage\"},\"thumbnailUrl\":\"https:\/\/exceladvisor.org\/wp-content\/uploads\/2023\/08\/1-specifier-la-plage-ou-la-cellule.png\",\"datePublished\":\"2023-09-01T07:18:23+00:00\",\"dateModified\":\"2023-12-06T05:50:48+00:00\",\"description\":\"Er zijn twee verschillende manieren om randen op een cel toe te passen met behulp van VBA-code. Border- en BorderAround-methode. Voor gebruik\",\"breadcrumb\":{\"@id\":\"https:\/\/exceladvisor.org\/nl\/grenzen\/#breadcrumb\"},\"inLanguage\":\"nl-NL\",\"potentialAction\":[{\"@type\":\"ReadAction\",\"target\":[\"https:\/\/exceladvisor.org\/nl\/grenzen\/\"]}]},{\"@type\":\"ImageObject\",\"inLanguage\":\"nl-NL\",\"@id\":\"https:\/\/exceladvisor.org\/nl\/grenzen\/#primaryimage\",\"url\":\"https:\/\/exceladvisor.org\/wp-content\/uploads\/2023\/08\/1-specifier-la-plage-ou-la-cellule.png\",\"contentUrl\":\"https:\/\/exceladvisor.org\/wp-content\/uploads\/2023\/08\/1-specifier-la-plage-ou-la-cellule.png\"},{\"@type\":\"BreadcrumbList\",\"@id\":\"https:\/\/exceladvisor.org\/nl\/grenzen\/#breadcrumb\",\"itemListElement\":[{\"@type\":\"ListItem\",\"position\":1,\"name\":\"Thuis\",\"item\":\"https:\/\/exceladvisor.org\/nl\/\"},{\"@type\":\"ListItem\",\"position\":2,\"name\":\"Hoe randen aan een cel toepassen?\"}]},{\"@type\":\"WebSite\",\"@id\":\"https:\/\/exceladvisor.org\/nl\/#website\",\"url\":\"https:\/\/exceladvisor.org\/nl\/\",\"name\":\"Excel Advisor\",\"description\":\"Uw gids voor datadominantie\",\"publisher\":{\"@id\":\"https:\/\/exceladvisor.org\/nl\/#organization\"},\"potentialAction\":[{\"@type\":\"SearchAction\",\"target\":{\"@type\":\"EntryPoint\",\"urlTemplate\":\"https:\/\/exceladvisor.org\/nl\/?s={search_term_string}\"},\"query-input\":{\"@type\":\"PropertyValueSpecification\",\"valueRequired\":true,\"valueName\":\"search_term_string\"}}],\"inLanguage\":\"nl-NL\"},{\"@type\":\"Organization\",\"@id\":\"https:\/\/exceladvisor.org\/nl\/#organization\",\"name\":\"Excel Advisor\",\"url\":\"https:\/\/exceladvisor.org\/nl\/\",\"logo\":{\"@type\":\"ImageObject\",\"inLanguage\":\"nl-NL\",\"@id\":\"https:\/\/exceladvisor.org\/nl\/#\/schema\/logo\/image\/\",\"url\":\"https:\/\/exceladvisor.org\/nl\/wp-content\/uploads\/2023\/12\/exceladvisor.org_.png\",\"contentUrl\":\"https:\/\/exceladvisor.org\/nl\/wp-content\/uploads\/2023\/12\/exceladvisor.org_.png\",\"width\":105,\"height\":36,\"caption\":\"Excel Advisor\"},\"image\":{\"@id\":\"https:\/\/exceladvisor.org\/nl\/#\/schema\/logo\/image\/\"}}]}<\/script>\n<!-- \/ Yoast SEO plugin. -->","yoast_head_json":{"title":"\u25b7 Hoe kan ik randen aan een cel toepassen via VBA?","description":"Er zijn twee verschillende manieren om randen op een cel toe te passen met behulp van VBA-code. Border- en BorderAround-methode. Voor gebruik","robots":{"index":"index","follow":"follow","max-snippet":"max-snippet:-1","max-image-preview":"max-image-preview:large","max-video-preview":"max-video-preview:-1"},"canonical":"https:\/\/exceladvisor.org\/nl\/grenzen\/","og_locale":"nl_NL","og_type":"article","og_title":"\u25b7 Hoe kan ik randen aan een cel toepassen via VBA?","og_description":"Er zijn twee verschillende manieren om randen op een cel toe te passen met behulp van VBA-code. Border- en BorderAround-methode. Voor gebruik","og_url":"https:\/\/exceladvisor.org\/nl\/grenzen\/","og_site_name":"Excel Advisor","article_modified_time":"2023-12-06T05:50:48+00:00","og_image":[{"url":"https:\/\/exceladvisor.org\/wp-content\/uploads\/2023\/08\/1-specifier-la-plage-ou-la-cellule.png","type":"","width":"","height":""}],"twitter_card":"summary_large_image","twitter_misc":{"Geschatte leestijd":"3 minuten"},"schema":{"@context":"https:\/\/schema.org","@graph":[{"@type":"WebPage","@id":"https:\/\/exceladvisor.org\/nl\/grenzen\/","url":"https:\/\/exceladvisor.org\/nl\/grenzen\/","name":"\u25b7 Hoe kan ik randen aan een cel toepassen via VBA?","isPartOf":{"@id":"https:\/\/exceladvisor.org\/nl\/#website"},"primaryImageOfPage":{"@id":"https:\/\/exceladvisor.org\/nl\/grenzen\/#primaryimage"},"image":{"@id":"https:\/\/exceladvisor.org\/nl\/grenzen\/#primaryimage"},"thumbnailUrl":"https:\/\/exceladvisor.org\/wp-content\/uploads\/2023\/08\/1-specifier-la-plage-ou-la-cellule.png","datePublished":"2023-09-01T07:18:23+00:00","dateModified":"2023-12-06T05:50:48+00:00","description":"Er zijn twee verschillende manieren om randen op een cel toe te passen met behulp van VBA-code. Border- en BorderAround-methode. Voor gebruik","breadcrumb":{"@id":"https:\/\/exceladvisor.org\/nl\/grenzen\/#breadcrumb"},"inLanguage":"nl-NL","potentialAction":[{"@type":"ReadAction","target":["https:\/\/exceladvisor.org\/nl\/grenzen\/"]}]},{"@type":"ImageObject","inLanguage":"nl-NL","@id":"https:\/\/exceladvisor.org\/nl\/grenzen\/#primaryimage","url":"https:\/\/exceladvisor.org\/wp-content\/uploads\/2023\/08\/1-specifier-la-plage-ou-la-cellule.png","contentUrl":"https:\/\/exceladvisor.org\/wp-content\/uploads\/2023\/08\/1-specifier-la-plage-ou-la-cellule.png"},{"@type":"BreadcrumbList","@id":"https:\/\/exceladvisor.org\/nl\/grenzen\/#breadcrumb","itemListElement":[{"@type":"ListItem","position":1,"name":"Thuis","item":"https:\/\/exceladvisor.org\/nl\/"},{"@type":"ListItem","position":2,"name":"Hoe randen aan een cel toepassen?"}]},{"@type":"WebSite","@id":"https:\/\/exceladvisor.org\/nl\/#website","url":"https:\/\/exceladvisor.org\/nl\/","name":"Excel Advisor","description":"Uw gids voor datadominantie","publisher":{"@id":"https:\/\/exceladvisor.org\/nl\/#organization"},"potentialAction":[{"@type":"SearchAction","target":{"@type":"EntryPoint","urlTemplate":"https:\/\/exceladvisor.org\/nl\/?s={search_term_string}"},"query-input":{"@type":"PropertyValueSpecification","valueRequired":true,"valueName":"search_term_string"}}],"inLanguage":"nl-NL"},{"@type":"Organization","@id":"https:\/\/exceladvisor.org\/nl\/#organization","name":"Excel Advisor","url":"https:\/\/exceladvisor.org\/nl\/","logo":{"@type":"ImageObject","inLanguage":"nl-NL","@id":"https:\/\/exceladvisor.org\/nl\/#\/schema\/logo\/image\/","url":"https:\/\/exceladvisor.org\/nl\/wp-content\/uploads\/2023\/12\/exceladvisor.org_.png","contentUrl":"https:\/\/exceladvisor.org\/nl\/wp-content\/uploads\/2023\/12\/exceladvisor.org_.png","width":105,"height":36,"caption":"Excel Advisor"},"image":{"@id":"https:\/\/exceladvisor.org\/nl\/#\/schema\/logo\/image\/"}}]}},"yoast_meta":{"yoast_wpseo_title":"","yoast_wpseo_metadesc":"","yoast_wpseo_canonical":""},"_links":{"self":[{"href":"https:\/\/exceladvisor.org\/nl\/wp-json\/wp\/v2\/pages\/2212","targetHints":{"allow":["GET"]}}],"collection":[{"href":"https:\/\/exceladvisor.org\/nl\/wp-json\/wp\/v2\/pages"}],"about":[{"href":"https:\/\/exceladvisor.org\/nl\/wp-json\/wp\/v2\/types\/page"}],"author":[{"embeddable":true,"href":"https:\/\/exceladvisor.org\/nl\/wp-json\/wp\/v2\/users\/1"}],"replies":[{"embeddable":true,"href":"https:\/\/exceladvisor.org\/nl\/wp-json\/wp\/v2\/comments?post=2212"}],"version-history":[{"count":1,"href":"https:\/\/exceladvisor.org\/nl\/wp-json\/wp\/v2\/pages\/2212\/revisions"}],"predecessor-version":[{"id":2790,"href":"https:\/\/exceladvisor.org\/nl\/wp-json\/wp\/v2\/pages\/2212\/revisions\/2790"}],"wp:attachment":[{"href":"https:\/\/exceladvisor.org\/nl\/wp-json\/wp\/v2\/media?parent=2212"}],"curies":[{"name":"wp","href":"https:\/\/api.w.org\/{rel}","templated":true}]}}