{"id":100,"date":"2023-11-16T12:50:00","date_gmt":"2023-11-16T12:50:00","guid":{"rendered":"https:\/\/exceladvisor.org\/pt\/conta-maior-que-zero\/"},"modified":"2023-12-06T11:50:36","modified_gmt":"2023-12-06T11:50:36","slug":"conta-maior-que-zero","status":"publish","type":"page","link":"https:\/\/exceladvisor.org\/pt\/conta-maior-que-zero\/","title":{"rendered":"Contando valores maiores que zero no excel?"},"content":{"rendered":"<div class=\"excel-before-content-2\" id=\"excel-2976632482\"><script type=\"text\/javascript\">\r\n\tatOptions = {\r\n\t\t'key' : 'c1158f160081d6540a8409e6925dab94',\r\n\t\t'format' : 'iframe',\r\n\t\t'height' : 250,\r\n\t\t'width' : 300,\r\n\t\t'params' : {}\r\n\t};\r\n<\/script>\r\n<script type=\"text\/javascript\" src=\"\/\/www.highperformanceformat.com\/c1158f160081d6540a8409e6925dab94\/invoke.js\"><\/script><\/div><div class=\"excel-before-content\" id=\"excel-2976994080\"><script type=\"text\/javascript\">\r\n\tatOptions = {\r\n\t\t'key' : 'c1158f160081d6540a8409e6925dab94',\r\n\t\t'format' : 'iframe',\r\n\t\t'height' : 250,\r\n\t\t'width' : 300,\r\n\t\t'params' : {}\r\n\t};\r\n<\/script>\r\n<script type=\"text\/javascript\" src=\"\/\/www.highperformanceformat.com\/c1158f160081d6540a8409e6925dab94\/invoke.js\"><\/script><\/div> <p>Para contar valores maiores que zero (0) de uma lista de valores ou intervalo de c\u00e9lulas, voc\u00ea pode simplesmente usar a fun\u00e7\u00e3o CONT.SE do Excel usando crit\u00e9rios maiores que zero. NB.IF faz parte das <a href=\"https:\/\/exceladvisor.org\/pt\/funcoes-estatisticas-do-excel\/\">fun\u00e7\u00f5es estat\u00edsticas<\/a> . <\/p><div class=\"wp-block-image\"><figure class=\"aligncenter size-full is-resized\"><img loading=\"lazy\" decoding=\"async\" class=\"wp-image-68886\" src=\"https:\/\/exceladvisor.org\/wp-content\/uploads\/2023\/08\/1-nombre-excel-superieur-a-zero-liste-de-nombres.png\" sizes=\"auto, \" srcset=\"\" alt=\"excel-contagem-maior-que-zero-lista-de-n\u00fameros\" width=\"181\" height=\"404\"><\/figure><\/div><p> Aqui temos uma lista de n\u00fameros que variam de -10 a 10 e voc\u00ea precisa contar os n\u00fameros maiores que zero nesta lista.<\/p><ol><li> Primeiro, digite \u201c=COUNTIF\u201d e coloque os par\u00eanteses na c\u00e9lula C1 onde obteremos o resultado. <br><img loading=\"lazy\" decoding=\"async\" title=\"2-contagem-excel-maior-que-zero-insira-fun\u00e7\u00e3o-na-c\u00e9lula\" src=\"https:\/\/exceladvisor.org\/wp-content\/uploads\/2023\/08\/2-nombre-excel-superieur-a-zero-entrez-la-fonction-dans-la-cellule.png\" sizes=\"auto, \" srcset=\"\" alt=\"excel-count-greater-than-zero-enter-function-in-cell\" width=\"414\" height=\"442\"><\/li><li> Em seguida, no argumento intervalo, especifique o intervalo (A2:A19) a partir do qual voc\u00ea deseja contar os n\u00fameros. <br><img loading=\"lazy\" decoding=\"async\" title=\"Faixa de sele\u00e7\u00e3o de 3 contas do Excel maior que zero\" src=\"https:\/\/exceladvisor.org\/wp-content\/uploads\/2023\/08\/3-nombre-excel-superieur-a-zero-selectionner-la-plage.png\" sizes=\"auto, \" srcset=\"\" alt=\"excel-count-greater-than-zero-select-range\" width=\"410\" height=\"476\"><\/li><li> Depois disso, digite um comando para passar para o pr\u00f3ximo argumento.<\/li><li> No final, insira \u201c&gt;0\u201d no argumento dos crit\u00e9rios e feche os par\u00eanteses. <br><img loading=\"lazy\" decoding=\"async\" title=\"Crit\u00e9rios de inser\u00e7\u00e3o de 4 contagens do Excel maiores que zero\" src=\"https:\/\/exceladvisor.org\/wp-content\/uploads\/2023\/08\/4-nombre-excel-superieur-a-zero-entrer-des-criteres.png\" sizes=\"auto, \" srcset=\"\" alt=\"excel-count-greater-than-zero-enter-criteria\" width=\"410\" height=\"481\"><\/li><\/ol><p> Ao pressionar Enter, voc\u00ea obter\u00e1 o resultado na c\u00e9lula C1. E aqui esta f\u00f3rmula retorna 11 no resultado. <\/p><div class=\"wp-block-image\"><figure class=\"aligncenter size-full is-resized\"><img loading=\"lazy\" decoding=\"async\" class=\"wp-image-68890\" src=\"https:\/\/exceladvisor.org\/wp-content\/uploads\/2023\/08\/5-excel-compte-superieur-a-zero-appuyez-sur-entrez-1.png\" sizes=\"auto, \" srcset=\"\" alt=\"Excel-contagem-maior-que-zero-pressione-enter-1\" width=\"503\" height=\"519\"><\/figure><\/div><h2 class=\"wp-block-heading\"> COUNTIFS para contar maior que zero e menor que 10<\/h2><p> E se quiser contar n\u00fameros maiores que zero ou menores que 10 ou qualquer outro n\u00famero, voc\u00ea precisa usar a fun\u00e7\u00e3o COUNTIFS. Abaixo est\u00e1 a f\u00f3rmula que voc\u00ea pode usar: <\/p><pre class=\"wp-block-code\"> <code class=\"language-excel-formula\" lang=\"excel-formula\">=COUNTIFS(A2:A19,\"&gt;0\",A2:A19,\"&lt;10\")<\/code><\/pre><div class=\"wp-block-image\"><figure class=\"aligncenter size-full is-resized\"><img loading=\"lazy\" decoding=\"async\" class=\"wp-image-68882\" src=\"https:\/\/exceladvisor.org\/wp-content\/uploads\/2023\/08\/6-nombre-excel-superieur-a-zero-inferieur-a.png\" sizes=\"auto, \" srcset=\"\" alt=\"excel-contagem-maior-que-zero-menos-que\" width=\"442\" height=\"515\"><\/figure><\/div><p> Na f\u00f3rmula acima, como eu disse, voc\u00ea tem a fun\u00e7\u00e3o COUNTIFS que permite fazer refer\u00eancia a v\u00e1rios intervalos e especificar v\u00e1rios crit\u00e9rios. <\/p><div class=\"gb-container gb-container-52dfcee1 gb-container-sample-file\"><h2 class=\"gb-headline gb-headline-e289c143 gb-headline-text gb-headline-4f7959c2\"> Obtenha o arquivo Excel<\/h2> <a class=\"gb-button gb-button-e88d6bee gb-button-text gb-button-button1\" href=\"https:\/\/exceladvisor.org\/wp-content\/uploads\/2023\/08\/compte-superieur-a-zero-2.xlsx\" rel=\"nofollow\">Download<\/a><\/div><div class=\"gb-container gb-container-0df56012 gb-container-mt\"> <a class=\"gb-button gb-button-f9f432f4 gb-button-text gb-button-mt-button\" href=\"https:\/\/exceladvisor.org\/pt\/formulas\/\">Lista de f\u00f3rmulas do Excel<\/a><h2 class=\"gb-headline gb-headline-233444e8 gb-headline-text gb-headline-mt-heading\"> F\u00f3rmulas relacionadas <\/h2><div class=\"gb-grid-wrapper gb-grid-wrapper-a16fa65c gb-grid-wrapper-mt-grid\"><div class=\"gb-grid-column gb-grid-column-50d07e0d\"><div class=\"gb-container gb-container-50d07e0d\"><ul><li> <a href=\"https:\/\/exceladvisor.org\/pt\/contar-entre-dois-numeros\/\">Conte entre dois n\u00fameros (COUNTIFS) no Excel<\/a><\/li><li> <a href=\"https:\/\/exceladvisor.org\/pt\/numero-de-celulas-vazias\/\">Conte c\u00e9lulas em branco (em branco) usando CONT.SE no Excel<\/a><\/li><li> <a href=\"https:\/\/exceladvisor.org\/pt\/conte-se-for-menor-que\/\">Contar c\u00e9lulas menores que um valor espec\u00edfico (CONT.SE) no Excel<\/a><\/li><li> <a href=\"https:\/\/exceladvisor.org\/pt\/contar-celulas-diferentes-de\/\">Contar c\u00e9lulas diferentes do Excel (COUNTIF)<\/a><\/li><li> <a href=\"https:\/\/exceladvisor.org\/pt\/contar-celulas-nao-vazias\/\">Contar c\u00e9lulas que n\u00e3o est\u00e3o vazias no Excel<\/a> <\/li><\/ul><\/div><\/div><div class=\"gb-grid-column gb-grid-column-5b4a0cf9\"><div class=\"gb-container gb-container-5b4a0cf9\"><\/div><\/div><\/div><\/div>","protected":false},"excerpt":{"rendered":"","protected":false},"author":1,"featured_media":0,"parent":0,"menu_order":0,"comment_status":"open","ping_status":"closed","template":"","meta":{"ub_ctt_via":"","footnotes":""},"class_list":["post-100","page","type-page","status-publish","hentry"],"featured_image_src":null,"yoast_head":"<!-- This site is optimized with the Yoast SEO plugin v25.4 - https:\/\/yoast.com\/wordpress\/plugins\/seo\/ -->\n<title>\u25b7 Contar valores maiores que zero no Excel?<\/title>\n<meta name=\"description\" content=\"Para contar valores maiores que zero (0) de uma lista de valores ou intervalo de c\u00e9lulas, voc\u00ea pode simplesmente usar\" \/>\n<meta name=\"robots\" content=\"index, follow, max-snippet:-1, max-image-preview:large, max-video-preview:-1\" \/>\n<link rel=\"canonical\" href=\"https:\/\/exceladvisor.org\/pt\/conta-maior-que-zero\/\" \/>\n<meta property=\"og:locale\" content=\"pt_PT\" \/>\n<meta property=\"og:type\" content=\"article\" \/>\n<meta property=\"og:title\" content=\"\u25b7 Contar valores maiores que zero no Excel?\" \/>\n<meta property=\"og:description\" content=\"Para contar valores maiores que zero (0) de uma lista de valores ou intervalo de c\u00e9lulas, voc\u00ea pode simplesmente usar\" \/>\n<meta property=\"og:url\" content=\"https:\/\/exceladvisor.org\/pt\/conta-maior-que-zero\/\" \/>\n<meta property=\"og:site_name\" content=\"Excel Advisor\" \/>\n<meta property=\"article:modified_time\" content=\"2023-12-06T11:50:36+00:00\" \/>\n<meta property=\"og:image\" content=\"https:\/\/exceladvisor.org\/wp-content\/uploads\/2023\/08\/1-nombre-excel-superieur-a-zero-liste-de-nombres.png\" \/>\n<meta name=\"twitter:card\" content=\"summary_large_image\" \/>\n<meta name=\"twitter:label1\" content=\"Tempo estimado de leitura\" \/>\n\t<meta name=\"twitter:data1\" content=\"1 minuto\" \/>\n<script type=\"application\/ld+json\" class=\"yoast-schema-graph\">{\"@context\":\"https:\/\/schema.org\",\"@graph\":[{\"@type\":\"WebPage\",\"@id\":\"https:\/\/exceladvisor.org\/pt\/conta-maior-que-zero\/\",\"url\":\"https:\/\/exceladvisor.org\/pt\/conta-maior-que-zero\/\",\"name\":\"\u25b7 Contar valores maiores que zero no Excel?\",\"isPartOf\":{\"@id\":\"https:\/\/exceladvisor.org\/pt\/#website\"},\"primaryImageOfPage\":{\"@id\":\"https:\/\/exceladvisor.org\/pt\/conta-maior-que-zero\/#primaryimage\"},\"image\":{\"@id\":\"https:\/\/exceladvisor.org\/pt\/conta-maior-que-zero\/#primaryimage\"},\"thumbnailUrl\":\"https:\/\/exceladvisor.org\/wp-content\/uploads\/2023\/08\/1-nombre-excel-superieur-a-zero-liste-de-nombres.png\",\"datePublished\":\"2023-11-16T12:50:00+00:00\",\"dateModified\":\"2023-12-06T11:50:36+00:00\",\"description\":\"Para contar valores maiores que zero (0) de uma lista de valores ou intervalo de c\u00e9lulas, voc\u00ea pode simplesmente usar\",\"breadcrumb\":{\"@id\":\"https:\/\/exceladvisor.org\/pt\/conta-maior-que-zero\/#breadcrumb\"},\"inLanguage\":\"pt-PT\",\"potentialAction\":[{\"@type\":\"ReadAction\",\"target\":[\"https:\/\/exceladvisor.org\/pt\/conta-maior-que-zero\/\"]}]},{\"@type\":\"ImageObject\",\"inLanguage\":\"pt-PT\",\"@id\":\"https:\/\/exceladvisor.org\/pt\/conta-maior-que-zero\/#primaryimage\",\"url\":\"https:\/\/exceladvisor.org\/wp-content\/uploads\/2023\/08\/1-nombre-excel-superieur-a-zero-liste-de-nombres.png\",\"contentUrl\":\"https:\/\/exceladvisor.org\/wp-content\/uploads\/2023\/08\/1-nombre-excel-superieur-a-zero-liste-de-nombres.png\"},{\"@type\":\"BreadcrumbList\",\"@id\":\"https:\/\/exceladvisor.org\/pt\/conta-maior-que-zero\/#breadcrumb\",\"itemListElement\":[{\"@type\":\"ListItem\",\"position\":1,\"name\":\"Lar\",\"item\":\"https:\/\/exceladvisor.org\/pt\/\"},{\"@type\":\"ListItem\",\"position\":2,\"name\":\"Contando valores maiores que zero no excel?\"}]},{\"@type\":\"WebSite\",\"@id\":\"https:\/\/exceladvisor.org\/pt\/#website\",\"url\":\"https:\/\/exceladvisor.org\/pt\/\",\"name\":\"Excel Advisor\",\"description\":\"O seu guia definitivo para dominar os dados!\",\"publisher\":{\"@id\":\"https:\/\/exceladvisor.org\/pt\/#organization\"},\"potentialAction\":[{\"@type\":\"SearchAction\",\"target\":{\"@type\":\"EntryPoint\",\"urlTemplate\":\"https:\/\/exceladvisor.org\/pt\/?s={search_term_string}\"},\"query-input\":{\"@type\":\"PropertyValueSpecification\",\"valueRequired\":true,\"valueName\":\"search_term_string\"}}],\"inLanguage\":\"pt-PT\"},{\"@type\":\"Organization\",\"@id\":\"https:\/\/exceladvisor.org\/pt\/#organization\",\"name\":\"Excel Advisor\",\"url\":\"https:\/\/exceladvisor.org\/pt\/\",\"logo\":{\"@type\":\"ImageObject\",\"inLanguage\":\"pt-PT\",\"@id\":\"https:\/\/exceladvisor.org\/pt\/#\/schema\/logo\/image\/\",\"url\":\"https:\/\/exceladvisor.org\/pt\/wp-content\/uploads\/2023\/12\/exceladvisor.org_.png\",\"contentUrl\":\"https:\/\/exceladvisor.org\/pt\/wp-content\/uploads\/2023\/12\/exceladvisor.org_.png\",\"width\":105,\"height\":36,\"caption\":\"Excel Advisor\"},\"image\":{\"@id\":\"https:\/\/exceladvisor.org\/pt\/#\/schema\/logo\/image\/\"}}]}<\/script>\n<!-- \/ Yoast SEO plugin. -->","yoast_head_json":{"title":"\u25b7 Contar valores maiores que zero no Excel?","description":"Para contar valores maiores que zero (0) de uma lista de valores ou intervalo de c\u00e9lulas, voc\u00ea pode simplesmente usar","robots":{"index":"index","follow":"follow","max-snippet":"max-snippet:-1","max-image-preview":"max-image-preview:large","max-video-preview":"max-video-preview:-1"},"canonical":"https:\/\/exceladvisor.org\/pt\/conta-maior-que-zero\/","og_locale":"pt_PT","og_type":"article","og_title":"\u25b7 Contar valores maiores que zero no Excel?","og_description":"Para contar valores maiores que zero (0) de uma lista de valores ou intervalo de c\u00e9lulas, voc\u00ea pode simplesmente usar","og_url":"https:\/\/exceladvisor.org\/pt\/conta-maior-que-zero\/","og_site_name":"Excel Advisor","article_modified_time":"2023-12-06T11:50:36+00:00","og_image":[{"url":"https:\/\/exceladvisor.org\/wp-content\/uploads\/2023\/08\/1-nombre-excel-superieur-a-zero-liste-de-nombres.png","type":"","width":"","height":""}],"twitter_card":"summary_large_image","twitter_misc":{"Tempo estimado de leitura":"1 minuto"},"schema":{"@context":"https:\/\/schema.org","@graph":[{"@type":"WebPage","@id":"https:\/\/exceladvisor.org\/pt\/conta-maior-que-zero\/","url":"https:\/\/exceladvisor.org\/pt\/conta-maior-que-zero\/","name":"\u25b7 Contar valores maiores que zero no Excel?","isPartOf":{"@id":"https:\/\/exceladvisor.org\/pt\/#website"},"primaryImageOfPage":{"@id":"https:\/\/exceladvisor.org\/pt\/conta-maior-que-zero\/#primaryimage"},"image":{"@id":"https:\/\/exceladvisor.org\/pt\/conta-maior-que-zero\/#primaryimage"},"thumbnailUrl":"https:\/\/exceladvisor.org\/wp-content\/uploads\/2023\/08\/1-nombre-excel-superieur-a-zero-liste-de-nombres.png","datePublished":"2023-11-16T12:50:00+00:00","dateModified":"2023-12-06T11:50:36+00:00","description":"Para contar valores maiores que zero (0) de uma lista de valores ou intervalo de c\u00e9lulas, voc\u00ea pode simplesmente usar","breadcrumb":{"@id":"https:\/\/exceladvisor.org\/pt\/conta-maior-que-zero\/#breadcrumb"},"inLanguage":"pt-PT","potentialAction":[{"@type":"ReadAction","target":["https:\/\/exceladvisor.org\/pt\/conta-maior-que-zero\/"]}]},{"@type":"ImageObject","inLanguage":"pt-PT","@id":"https:\/\/exceladvisor.org\/pt\/conta-maior-que-zero\/#primaryimage","url":"https:\/\/exceladvisor.org\/wp-content\/uploads\/2023\/08\/1-nombre-excel-superieur-a-zero-liste-de-nombres.png","contentUrl":"https:\/\/exceladvisor.org\/wp-content\/uploads\/2023\/08\/1-nombre-excel-superieur-a-zero-liste-de-nombres.png"},{"@type":"BreadcrumbList","@id":"https:\/\/exceladvisor.org\/pt\/conta-maior-que-zero\/#breadcrumb","itemListElement":[{"@type":"ListItem","position":1,"name":"Lar","item":"https:\/\/exceladvisor.org\/pt\/"},{"@type":"ListItem","position":2,"name":"Contando valores maiores que zero no excel?"}]},{"@type":"WebSite","@id":"https:\/\/exceladvisor.org\/pt\/#website","url":"https:\/\/exceladvisor.org\/pt\/","name":"Excel Advisor","description":"O seu guia definitivo para dominar os dados!","publisher":{"@id":"https:\/\/exceladvisor.org\/pt\/#organization"},"potentialAction":[{"@type":"SearchAction","target":{"@type":"EntryPoint","urlTemplate":"https:\/\/exceladvisor.org\/pt\/?s={search_term_string}"},"query-input":{"@type":"PropertyValueSpecification","valueRequired":true,"valueName":"search_term_string"}}],"inLanguage":"pt-PT"},{"@type":"Organization","@id":"https:\/\/exceladvisor.org\/pt\/#organization","name":"Excel Advisor","url":"https:\/\/exceladvisor.org\/pt\/","logo":{"@type":"ImageObject","inLanguage":"pt-PT","@id":"https:\/\/exceladvisor.org\/pt\/#\/schema\/logo\/image\/","url":"https:\/\/exceladvisor.org\/pt\/wp-content\/uploads\/2023\/12\/exceladvisor.org_.png","contentUrl":"https:\/\/exceladvisor.org\/pt\/wp-content\/uploads\/2023\/12\/exceladvisor.org_.png","width":105,"height":36,"caption":"Excel Advisor"},"image":{"@id":"https:\/\/exceladvisor.org\/pt\/#\/schema\/logo\/image\/"}}]}},"yoast_meta":{"yoast_wpseo_title":"","yoast_wpseo_metadesc":"","yoast_wpseo_canonical":""},"_links":{"self":[{"href":"https:\/\/exceladvisor.org\/pt\/wp-json\/wp\/v2\/pages\/100","targetHints":{"allow":["GET"]}}],"collection":[{"href":"https:\/\/exceladvisor.org\/pt\/wp-json\/wp\/v2\/pages"}],"about":[{"href":"https:\/\/exceladvisor.org\/pt\/wp-json\/wp\/v2\/types\/page"}],"author":[{"embeddable":true,"href":"https:\/\/exceladvisor.org\/pt\/wp-json\/wp\/v2\/users\/1"}],"replies":[{"embeddable":true,"href":"https:\/\/exceladvisor.org\/pt\/wp-json\/wp\/v2\/comments?post=100"}],"version-history":[{"count":1,"href":"https:\/\/exceladvisor.org\/pt\/wp-json\/wp\/v2\/pages\/100\/revisions"}],"predecessor-version":[{"id":1405,"href":"https:\/\/exceladvisor.org\/pt\/wp-json\/wp\/v2\/pages\/100\/revisions\/1405"}],"wp:attachment":[{"href":"https:\/\/exceladvisor.org\/pt\/wp-json\/wp\/v2\/media?parent=100"}],"curies":[{"name":"wp","href":"https:\/\/api.w.org\/{rel}","templated":true}]}}